{"id":1130536,"date":"2026-05-05T18:19:05","date_gmt":"2026-05-05T16:19:05","guid":{"rendered":"https:\/\/wein-werte.com\/product\/diel-goldloch-riesling-auslese-2023-750ml\/"},"modified":"2026-04-27T11:46:02","modified_gmt":"2026-04-27T09:46:02","slug":"diel-goldloch-riesling-auslese-2023-750ml","status":"publish","type":"product","link":"https:\/\/wein-werte.com\/de\/produkt\/diel-goldloch-riesling-auslese-2023-750ml\/","title":{"rendered":"Diel | Nahe | Goldloch Riesling Auslese Grosse Lage | 2023 | 750ml"},"content":{"rendered":"<p>Produktbeschreibung f\u00fcr Diel Goldloch Riesling Auslese Grosse Lage 2023 <\/p>\n<h5>Info zum Wein<\/h5>\n<p> Im GOLDLOCH wachsen die Trauben f\u00fcr saftige Rieslinge auf von Kies dominierten Urgensteinb\u00f6den aus der Permzeit. Das Gel\u00e4nde mit den traditionellen Terrassen und einem Gef\u00e4lle von 45-55 % ist eine besondere Herausforderung f\u00fcr die Bewirtschaftung. Nach schonender Kelterung fand die Verg\u00e4rung und Lagerung im Stahltank statt. <\/p>\n<h5>Farbe<\/h5>\n<p> Strahlendes Helles Goldgelb mit gr\u00fcnen Reflexen. \u00a0 <\/p>\n<h5>Nase<\/h5>\n<p> Ein berauschender Duft str\u00f6mt aus dem Glas hervor, kandierte Zitrone trifft auf pure Mineralit\u00e4t und Eisbonbon. Das Ganze vereint sich wundersch\u00f6n mit Aprikose, Ingwer, Bl\u00fcten und Bl\u00fctenhonig. Ein s\u00fc\u00dfes und zugleich \u00fcberaus elegantes Meisterwerk k\u00fcndigt sich an. \u00a0 <\/p>\n<h5>Gaumen<\/h5>\n<p> Auf der Zunge treffen S\u00fc\u00dfe und S\u00e4ure der 2023er Riesling Auslese aus dem Goldloch aufeinander und es entsteht ein wahres Feuerwerk. Die \u00fcberaus saftige Pfirsich- und Ananas Frucht tanzen den Reigen ummantelt von salziger und pr\u00e4gnanter Mineralit\u00e4t. Ein fantastisch animierender S\u00fc\u00dfwein voller Finesse und mit langem und feinw\u00fcrzigem Nachhall.<\/p>\n<p>Copyright Vinaturel 2025<\/p>\n<p>Keywords: <a href=\"https:\/\/wein-werte.com\/de\/shop\/?swoof=1&#038;pa_producer=Diel\">Diel<\/a> <a href=\"https:\/\/wein-werte.com\/de\/shop\/?swoof=1&#038;woof_text=Goldloch Riesling Auslese Grosse Lage\">Goldloch Riesling Auslese Grosse Lage<\/a> 2023  <a href=\"https:\/\/wein-werte.com\/de\/shop\/?swoof=1&#038;pa_region=Nahe\">Nahe<\/a> <a href=\"https:\/\/wein-werte.com\/de\/shop\/?swoof=1&#038;pa_country=Deutschland\">Deutschland<\/a><\/p>\n<h3>Wine Advocate<\/h3>\n<p>Punkte: 94+<\/p>\n<p>Die Riesling Goldloch Auslese 2023 besticht durch ihre tiefe und intensive Honignote, die zugleich rein und blumig oder grasig ist. Am Gaumen rund, \u00fcppig und s\u00fc\u00df, ist sie eine reichhaltige, dichte und konzentrierte sowie pikante Auslese mit einem langen, anregenden Abgang. 8 % Alkoholgehalt. Naturkorken. Verkostung im Februar 2025 auf dem Weingut Burg Layen.<br \/>Stephan Reinhardt<\/p>\n<h3>Vinous<\/h3>\n<p>Punkte: 95<\/p>\n<p>Der Riesling Dorsheimer Goldloch Auslese 2023 stammt aus permischen Quarzit- und Kieselkonglomeratb\u00f6den. Er pr\u00e4sentiert sich mit exquisitem Pfirsich, einem Hauch Honig und Bitterorangenmarmelade. Caroline Diel weist darauf hin, dass dieser Jahrgang einen betr\u00e4chtlichen Anteil an botrytisiertem Obst aufweist. Am klaren und reinen Gaumen pr\u00e4sentiert er exquisites Pfirsichkompott mit ausgepr\u00e4gter, goldener Saftigkeit und ruhiger Frische. Dies ergibt eine sch\u00f6ne und klassische Balance. Der Abgang ist lang und k\u00f6stlich, ohne zu s\u00fc\u00df zu sein, genau auf dem richtigen Niveau. (S\u00fc\u00df) \u2013 Anne Krebiehl MW<br \/>Trinkfenster: 2034\u20132070<br \/>Testdatum: September 2024<\/p>\n<p>Internetseite des Weinguts: <a href=\"https:\/\/diel.eu\/\" target=\"_blank\">https:\/\/diel.eu\/<\/a><\/p>\n","protected":false},"excerpt":{"rendered":"<p>Lieferzeit: 1 bis 2 Arbeitstage (DE), 2 bis 5 Arbeitstage (EU and CH)<\/p>\n","protected":false},"featured_media":1141656,"template":"","meta":[],"product_brand":[],"product_cat":[19],"product_tag":[],"class_list":{"0":"post-1130536","1":"product","2":"type-product","3":"status-publish","4":"has-post-thumbnail","6":"product_cat-unkategorisiert","7":"pa_alcohol-for-filter-12904","8":"pa_certified-biodynamic-nein-de","9":"pa_certified-organic-nein-de","10":"pa_colour-weiss","11":"pa_country-deutschland","12":"pa_grape-riesling","13":"pa_parker-points-for-filter-94-de-2","14":"pa_price-for-filter-10626","15":"pa_producer-diel","16":"pa_region-nahe","17":"pa_size-ml-6584","18":"pa_sweetness-suess-de","19":"pa_type-2-still-de","20":"pa_vinous-points-for-filter-20035","21":"pa_vintage-2023-de","22":"entry","23":"has-media","25":"first","26":"instock","27":"taxable","28":"shipping-taxable","29":"purchasable","30":"product-type-simple"},"yoast_head":"<!-- This site is optimized with the Yoast SEO plugin v27.5 - https:\/\/yoast.com\/product\/yoast-seo-wordpress\/ -->\n<title>Diel Goldloch Riesling Auslese 2023<\/title>\n<meta name=\"description\" content=\"Kaufe Diel Goldloch Riesling Auslese 2023 (Riesling, s\u00fc\u00df aus Nahe, Deutschland) bei Wein Werte, Ihrem nachhaltigen Onlineshop.\" \/>\n<meta name=\"robots\" content=\"index, follow, max-snippet:-1, max-image-preview:large, max-video-preview:-1\" \/>\n<link rel=\"canonical\" href=\"https:\/\/wein-werte.com\/de\/produkt\/diel-goldloch-riesling-auslese-2023-750ml\/\" \/>\n<meta property=\"og:locale\" content=\"de_DE\" \/>\n<meta property=\"og:type\" content=\"article\" \/>\n<meta property=\"og:title\" content=\"Diel Goldloch Riesling Auslese 2023\" \/>\n<meta property=\"og:description\" content=\"Kaufe Diel Goldloch Riesling Auslese 2023 (Riesling, s\u00fc\u00df aus Nahe, Deutschland) bei Wein Werte, Ihrem nachhaltigen Onlineshop.\" \/>\n<meta property=\"og:url\" content=\"https:\/\/wein-werte.com\/de\/produkt\/diel-goldloch-riesling-auslese-2023-750ml\/\" \/>\n<meta property=\"og:site_name\" content=\"Wein Werte\" \/>\n<meta property=\"og:image\" content=\"https:\/\/wein-werte.com\/wp-content\/uploads\/2026\/04\/Diel-Goldloch-Riesling-Auslese-2023-750ml.png\" \/>\n\t<meta property=\"og:image:width\" content=\"264\" \/>\n\t<meta property=\"og:image:height\" content=\"1200\" \/>\n\t<meta property=\"og:image:type\" content=\"image\/png\" \/>\n<meta name=\"twitter:card\" content=\"summary_large_image\" \/>\n<meta name=\"twitter:label1\" content=\"Gesch\u00e4tzte Lesezeit\" \/>\n\t<meta name=\"twitter:data1\" content=\"2\u00a0Minuten\" \/>\n<script type=\"application\/ld+json\" class=\"yoast-schema-graph\">{\"@context\":\"https:\\\/\\\/schema.org\",\"@graph\":[{\"@type\":\"WebPage\",\"@id\":\"https:\\\/\\\/wein-werte.com\\\/de\\\/produkt\\\/diel-goldloch-riesling-auslese-2023-750ml\\\/\",\"url\":\"https:\\\/\\\/wein-werte.com\\\/de\\\/produkt\\\/diel-goldloch-riesling-auslese-2023-750ml\\\/\",\"name\":\"Diel Goldloch Riesling Auslese 2023\",\"isPartOf\":{\"@id\":\"https:\\\/\\\/wein-werte.com\\\/de\\\/#website\"},\"primaryImageOfPage\":{\"@id\":\"https:\\\/\\\/wein-werte.com\\\/de\\\/produkt\\\/diel-goldloch-riesling-auslese-2023-750ml\\\/#primaryimage\"},\"image\":{\"@id\":\"https:\\\/\\\/wein-werte.com\\\/de\\\/produkt\\\/diel-goldloch-riesling-auslese-2023-750ml\\\/#primaryimage\"},\"thumbnailUrl\":\"https:\\\/\\\/wein-werte.com\\\/wp-content\\\/uploads\\\/2026\\\/04\\\/Diel-Goldloch-Riesling-Auslese-2023-750ml.png\",\"datePublished\":\"2026-05-05T16:19:05+00:00\",\"description\":\"Kaufe Diel Goldloch Riesling Auslese 2023 (Riesling, s\u00fc\u00df aus Nahe, Deutschland) bei Wein Werte, Ihrem nachhaltigen Onlineshop.\",\"breadcrumb\":{\"@id\":\"https:\\\/\\\/wein-werte.com\\\/de\\\/produkt\\\/diel-goldloch-riesling-auslese-2023-750ml\\\/#breadcrumb\"},\"inLanguage\":\"de\",\"potentialAction\":[{\"@type\":\"ReadAction\",\"target\":[\"https:\\\/\\\/wein-werte.com\\\/de\\\/produkt\\\/diel-goldloch-riesling-auslese-2023-750ml\\\/\"]}]},{\"@type\":\"ImageObject\",\"inLanguage\":\"de\",\"@id\":\"https:\\\/\\\/wein-werte.com\\\/de\\\/produkt\\\/diel-goldloch-riesling-auslese-2023-750ml\\\/#primaryimage\",\"url\":\"https:\\\/\\\/wein-werte.com\\\/wp-content\\\/uploads\\\/2026\\\/04\\\/Diel-Goldloch-Riesling-Auslese-2023-750ml.png\",\"contentUrl\":\"https:\\\/\\\/wein-werte.com\\\/wp-content\\\/uploads\\\/2026\\\/04\\\/Diel-Goldloch-Riesling-Auslese-2023-750ml.png\",\"width\":264,\"height\":1200,\"caption\":\"Diel Goldloch Riesling Auslese Grosse Lage 2023 750ml\"},{\"@type\":\"BreadcrumbList\",\"@id\":\"https:\\\/\\\/wein-werte.com\\\/de\\\/produkt\\\/diel-goldloch-riesling-auslese-2023-750ml\\\/#breadcrumb\",\"itemListElement\":[{\"@type\":\"ListItem\",\"position\":1,\"name\":\"Home\",\"item\":\"https:\\\/\\\/wein-werte.com\\\/de\\\/\"},{\"@type\":\"ListItem\",\"position\":2,\"name\":\"Shop\",\"item\":\"https:\\\/\\\/wein-werte.com\\\/de\\\/shop\\\/\"},{\"@type\":\"ListItem\",\"position\":3,\"name\":\"Diel | Nahe | Goldloch Riesling Auslese Grosse Lage | 2023 | 750ml\"}]},{\"@type\":\"WebSite\",\"@id\":\"https:\\\/\\\/wein-werte.com\\\/de\\\/#website\",\"url\":\"https:\\\/\\\/wein-werte.com\\\/de\\\/\",\"name\":\"Wein Werte\",\"description\":\"\",\"publisher\":{\"@id\":\"https:\\\/\\\/wein-werte.com\\\/de\\\/#organization\"},\"potentialAction\":[{\"@type\":\"SearchAction\",\"target\":{\"@type\":\"EntryPoint\",\"urlTemplate\":\"https:\\\/\\\/wein-werte.com\\\/de\\\/?s={search_term_string}\"},\"query-input\":{\"@type\":\"PropertyValueSpecification\",\"valueRequired\":true,\"valueName\":\"search_term_string\"}}],\"inLanguage\":\"de\"},{\"@type\":\"Organization\",\"@id\":\"https:\\\/\\\/wein-werte.com\\\/de\\\/#organization\",\"name\":\"Vins Fins Thorrold\",\"url\":\"https:\\\/\\\/wein-werte.com\\\/de\\\/\",\"logo\":{\"@type\":\"ImageObject\",\"inLanguage\":\"de\",\"@id\":\"https:\\\/\\\/wein-werte.com\\\/de\\\/#\\\/schema\\\/logo\\\/image\\\/\",\"url\":\"https:\\\/\\\/wein-werte.com\\\/wp-content\\\/uploads\\\/2023\\\/07\\\/Wein_werte_Logo700-1.png\",\"contentUrl\":\"https:\\\/\\\/wein-werte.com\\\/wp-content\\\/uploads\\\/2023\\\/07\\\/Wein_werte_Logo700-1.png\",\"width\":700,\"height\":272,\"caption\":\"Vins Fins Thorrold\"},\"image\":{\"@id\":\"https:\\\/\\\/wein-werte.com\\\/de\\\/#\\\/schema\\\/logo\\\/image\\\/\"}}]}<\/script>\n<!-- \/ Yoast SEO plugin. -->","yoast_head_json":{"title":"Diel Goldloch Riesling Auslese 2023","description":"Kaufe Diel Goldloch Riesling Auslese 2023 (Riesling, s\u00fc\u00df aus Nahe, Deutschland) bei Wein Werte, Ihrem nachhaltigen Onlineshop.","robots":{"index":"index","follow":"follow","max-snippet":"max-snippet:-1","max-image-preview":"max-image-preview:large","max-video-preview":"max-video-preview:-1"},"canonical":"https:\/\/wein-werte.com\/de\/produkt\/diel-goldloch-riesling-auslese-2023-750ml\/","og_locale":"de_DE","og_type":"article","og_title":"Diel Goldloch Riesling Auslese 2023","og_description":"Kaufe Diel Goldloch Riesling Auslese 2023 (Riesling, s\u00fc\u00df aus Nahe, Deutschland) bei Wein Werte, Ihrem nachhaltigen Onlineshop.","og_url":"https:\/\/wein-werte.com\/de\/produkt\/diel-goldloch-riesling-auslese-2023-750ml\/","og_site_name":"Wein Werte","og_image":[{"width":264,"height":1200,"url":"https:\/\/wein-werte.com\/wp-content\/uploads\/2026\/04\/Diel-Goldloch-Riesling-Auslese-2023-750ml.png","type":"image\/png"}],"twitter_card":"summary_large_image","twitter_misc":{"Gesch\u00e4tzte Lesezeit":"2\u00a0Minuten"},"schema":{"@context":"https:\/\/schema.org","@graph":[{"@type":"WebPage","@id":"https:\/\/wein-werte.com\/de\/produkt\/diel-goldloch-riesling-auslese-2023-750ml\/","url":"https:\/\/wein-werte.com\/de\/produkt\/diel-goldloch-riesling-auslese-2023-750ml\/","name":"Diel Goldloch Riesling Auslese 2023","isPartOf":{"@id":"https:\/\/wein-werte.com\/de\/#website"},"primaryImageOfPage":{"@id":"https:\/\/wein-werte.com\/de\/produkt\/diel-goldloch-riesling-auslese-2023-750ml\/#primaryimage"},"image":{"@id":"https:\/\/wein-werte.com\/de\/produkt\/diel-goldloch-riesling-auslese-2023-750ml\/#primaryimage"},"thumbnailUrl":"https:\/\/wein-werte.com\/wp-content\/uploads\/2026\/04\/Diel-Goldloch-Riesling-Auslese-2023-750ml.png","datePublished":"2026-05-05T16:19:05+00:00","description":"Kaufe Diel Goldloch Riesling Auslese 2023 (Riesling, s\u00fc\u00df aus Nahe, Deutschland) bei Wein Werte, Ihrem nachhaltigen Onlineshop.","breadcrumb":{"@id":"https:\/\/wein-werte.com\/de\/produkt\/diel-goldloch-riesling-auslese-2023-750ml\/#breadcrumb"},"inLanguage":"de","potentialAction":[{"@type":"ReadAction","target":["https:\/\/wein-werte.com\/de\/produkt\/diel-goldloch-riesling-auslese-2023-750ml\/"]}]},{"@type":"ImageObject","inLanguage":"de","@id":"https:\/\/wein-werte.com\/de\/produkt\/diel-goldloch-riesling-auslese-2023-750ml\/#primaryimage","url":"https:\/\/wein-werte.com\/wp-content\/uploads\/2026\/04\/Diel-Goldloch-Riesling-Auslese-2023-750ml.png","contentUrl":"https:\/\/wein-werte.com\/wp-content\/uploads\/2026\/04\/Diel-Goldloch-Riesling-Auslese-2023-750ml.png","width":264,"height":1200,"caption":"Diel Goldloch Riesling Auslese Grosse Lage 2023 750ml"},{"@type":"BreadcrumbList","@id":"https:\/\/wein-werte.com\/de\/produkt\/diel-goldloch-riesling-auslese-2023-750ml\/#breadcrumb","itemListElement":[{"@type":"ListItem","position":1,"name":"Home","item":"https:\/\/wein-werte.com\/de\/"},{"@type":"ListItem","position":2,"name":"Shop","item":"https:\/\/wein-werte.com\/de\/shop\/"},{"@type":"ListItem","position":3,"name":"Diel | Nahe | Goldloch Riesling Auslese Grosse Lage | 2023 | 750ml"}]},{"@type":"WebSite","@id":"https:\/\/wein-werte.com\/de\/#website","url":"https:\/\/wein-werte.com\/de\/","name":"Wein Werte","description":"","publisher":{"@id":"https:\/\/wein-werte.com\/de\/#organization"},"potentialAction":[{"@type":"SearchAction","target":{"@type":"EntryPoint","urlTemplate":"https:\/\/wein-werte.com\/de\/?s={search_term_string}"},"query-input":{"@type":"PropertyValueSpecification","valueRequired":true,"valueName":"search_term_string"}}],"inLanguage":"de"},{"@type":"Organization","@id":"https:\/\/wein-werte.com\/de\/#organization","name":"Vins Fins Thorrold","url":"https:\/\/wein-werte.com\/de\/","logo":{"@type":"ImageObject","inLanguage":"de","@id":"https:\/\/wein-werte.com\/de\/#\/schema\/logo\/image\/","url":"https:\/\/wein-werte.com\/wp-content\/uploads\/2023\/07\/Wein_werte_Logo700-1.png","contentUrl":"https:\/\/wein-werte.com\/wp-content\/uploads\/2023\/07\/Wein_werte_Logo700-1.png","width":700,"height":272,"caption":"Vins Fins Thorrold"},"image":{"@id":"https:\/\/wein-werte.com\/de\/#\/schema\/logo\/image\/"}}]}},"_links":{"self":[{"href":"https:\/\/wein-werte.com\/de\/wp-json\/wp\/v2\/product\/1130536","targetHints":{"allow":["GET"]}}],"collection":[{"href":"https:\/\/wein-werte.com\/de\/wp-json\/wp\/v2\/product"}],"about":[{"href":"https:\/\/wein-werte.com\/de\/wp-json\/wp\/v2\/types\/product"}],"wp:featuredmedia":[{"embeddable":true,"href":"https:\/\/wein-werte.com\/de\/wp-json\/wp\/v2\/media\/1141656"}],"wp:attachment":[{"href":"https:\/\/wein-werte.com\/de\/wp-json\/wp\/v2\/media?parent=1130536"}],"wp:term":[{"taxonomy":"product_brand","embeddable":true,"href":"https:\/\/wein-werte.com\/de\/wp-json\/wp\/v2\/product_brand?post=1130536"},{"taxonomy":"product_cat","embeddable":true,"href":"https:\/\/wein-werte.com\/de\/wp-json\/wp\/v2\/product_cat?post=1130536"},{"taxonomy":"product_tag","embeddable":true,"href":"https:\/\/wein-werte.com\/de\/wp-json\/wp\/v2\/product_tag?post=1130536"}],"curies":[{"name":"wp","href":"https:\/\/api.w.org\/{rel}","templated":true}]}}