{"id":1130531,"date":"2026-05-08T20:02:01","date_gmt":"2026-05-08T18:02:01","guid":{"rendered":"https:\/\/wein-werte.com\/product\/diel-riesling-burgberg-gg-2022-750ml\/"},"modified":"2026-04-27T11:46:01","modified_gmt":"2026-04-27T09:46:01","slug":"diel-riesling-burgberg-gg-2022-750ml","status":"publish","type":"product","link":"https:\/\/wein-werte.com\/de\/produkt\/diel-riesling-burgberg-gg-2022-750ml\/","title":{"rendered":"Diel | Nahe | Riesling Burgberg GG | 2022 | 750ml"},"content":{"rendered":"<p>Produktbeschreibung f\u00fcr Diel Riesling Burgberg GG 2022 <\/p>\n<h5>Info zum Wein<\/h5>\n<p> Der hohe Anteil an Quarzit auf Urgestein des Rotliegendem vermittelt der VDP.Grossen Lage BURGBERG ausgesprochene W\u00fcrze, Rauchigkeit und tiefe Mineralik im Abgang. Ihre von Felsen der Permzeit umrahmte Kesselform erinnert an den Aufbau eines Amphitheaters. Schonende Kelterung der Trauben. Verg\u00e4rung und lange Lagerung mit Naturhefen in mehrj\u00e4hrigen St\u00fcckf\u00e4ssern aus heimischen Eichenw\u00e4ldern. \u00a0 <\/p>\n<h5>Farbe\/Aussehen<\/h5>\n<p> Helles Goldgelb mit deutlichen gr\u00fcnen Reflexen. \u00a0 <\/p>\n<h5>Nase<\/h5>\n<p> Der 2012er Riesling Burgberg Gro\u00dfes Gew\u00e4chs vom Schlossgut Diel zeigt ich als wundersch\u00f6ner Purist. Aromen von k\u00fchlem Stein und Graphit machen den Auftakt und erst nach l\u00e4ngerem Sauerstoffkontakt gesellen sich fruchtige Nuancen von Limette, Waldhimbeere und Clavaillon Melonenschale hinzu. Ein Wein, der in sich ruht und gefasst wirkt. \u00a0 <\/p>\n<h5>Gaumen<\/h5>\n<p> Kraft und Finesse geben sich die Hand, mit pikanter Note und betonter S\u00e4ure attackiert er angenehm den Gaumen. Seine L\u00e4nge und pr\u00e4zise S\u00e4ure und W\u00fcrze zeigen sich beeindruckend. Ein Wein mit \u201ek\u00fchler\u201c Finesse, der ein gro\u00dfartiges Entwicklungspotential in sich birgt. Gerichte mit Fisch, Muscheln und Meeresfr\u00fcchten sind hier Trumpf.<\/p>\n<p>Copyright Vinaturel 2025<\/p>\n<p>Keywords: <a href=\"https:\/\/wein-werte.com\/de\/shop\/?swoof=1&#038;pa_producer=Diel\">Diel<\/a> <a href=\"https:\/\/wein-werte.com\/de\/shop\/?swoof=1&#038;woof_text=Riesling Burgberg GG\">Riesling Burgberg GG<\/a> 2022  <a href=\"https:\/\/wein-werte.com\/de\/shop\/?swoof=1&#038;pa_region=Nahe\">Nahe<\/a> <a href=\"https:\/\/wein-werte.com\/de\/shop\/?swoof=1&#038;pa_country=Deutschland\">Deutschland<\/a><\/p>\n<h3>Wine Advocate<\/h3>\n<p>Punkte: 95<\/p>\n<p>Der Riesling Burgberg GG 2022 pr\u00e4sentiert sich tiefgr\u00fcndig und intensiv in der Nase und zeigt reife und \u00fcberreife, stark konzentrierte, zitronige und kr\u00e4uterig-blumige Noten von Zitrone und rosa Rieslingfr\u00fcchten. Ein Jahr im St\u00fcck und ein weiteres Jahr im Edelstahltank gereift, ist dieser Riesling im Vergleich zu den anderen GGs des Jahrgangs chez Diel ein dichter und w\u00fcrziger, recht fester und dennoch recht tanninhaltiger, langer und anregender, bitterer Abgang. Der Wein ist gro\u00dfz\u00fcgig strukturiert, salzig und voller Grip und mineralischer Spannung. 12,5 % Alkoholgehalt. Naturkorken. Verkostet im Februar 2025 auf dem Weingut in Burg Layen.<br \/>Stephan Reinhardt<\/p>\n<h3>Vinous<\/h3>\n<p>Punkte: 94<\/p>\n<p>Der Riesling Dorsheimer Burgberg Grosses Gew\u00e4chs 2022 er\u00f6ffnet mit reifen, saftigen gelben Birnen und getrocknetem Birnenfleisch und entwickelt sp\u00e4ter eine minzige Note. Am Gaumen bleibt die hefige Note mit einem zitronigen Kern. Die Herznote besteht aus Zitrone, Schale und Mark, was ihm Frische und Struktur verleiht. Dieser Wein braucht Zeit, um sich zu entfalten. (Knochentrocken) \u2013 Anne Krebiehl MW<br \/>Trinkfenster: 2028\u20132050<br \/>Testdatum: September 2024<\/p>\n<p>Internetseite des Weinguts: <a href=\"https:\/\/diel.eu\/\" target=\"_blank\">https:\/\/diel.eu\/<\/a><\/p>\n","protected":false},"excerpt":{"rendered":"<p>Lieferzeit: 1 bis 2 Arbeitstage (DE), 2 bis 5 Arbeitstage (EU and CH)<\/p>\n","protected":false},"featured_media":1141652,"template":"","meta":[],"product_brand":[],"product_cat":[19],"product_tag":[],"class_list":{"0":"post-1130531","1":"product","2":"type-product","3":"status-publish","4":"has-post-thumbnail","6":"product_cat-unkategorisiert","7":"pa_alcohol-for-filter-12-5","8":"pa_certified-biodynamic-nein-de","9":"pa_certified-organic-nein-de","10":"pa_colour-weiss","11":"pa_country-deutschland","12":"pa_grape-riesling","13":"pa_parker-points-for-filter-95-de","14":"pa_price-for-filter-10688","15":"pa_producer-diel","16":"pa_region-nahe","17":"pa_size-ml-6584","18":"pa_sweetness-trocken-de","19":"pa_type-2-still-de","20":"pa_vinous-points-for-filter-20033","21":"pa_vintage-2022-de","22":"entry","23":"has-media","25":"first","26":"instock","27":"taxable","28":"shipping-taxable","29":"purchasable","30":"product-type-simple"},"yoast_head":"<!-- This site is optimized with the Yoast SEO plugin v27.5 - https:\/\/yoast.com\/product\/yoast-seo-wordpress\/ -->\n<title>Diel Riesling Burgberg GG 2022<\/title>\n<meta name=\"description\" content=\"Kaufe Diel Riesling Burgberg GG 2022 (Riesling, trocken aus Nahe, Deutschland) bei Wein Werte, Ihrem nachhaltigen Onlineshop.\" \/>\n<meta name=\"robots\" content=\"index, follow, max-snippet:-1, max-image-preview:large, max-video-preview:-1\" \/>\n<link rel=\"canonical\" href=\"https:\/\/wein-werte.com\/de\/produkt\/diel-riesling-burgberg-gg-2022-750ml\/\" \/>\n<meta property=\"og:locale\" content=\"de_DE\" \/>\n<meta property=\"og:type\" content=\"article\" \/>\n<meta property=\"og:title\" content=\"Diel Riesling Burgberg GG 2022\" \/>\n<meta property=\"og:description\" content=\"Kaufe Diel Riesling Burgberg GG 2022 (Riesling, trocken aus Nahe, Deutschland) bei Wein Werte, Ihrem nachhaltigen Onlineshop.\" \/>\n<meta property=\"og:url\" content=\"https:\/\/wein-werte.com\/de\/produkt\/diel-riesling-burgberg-gg-2022-750ml\/\" \/>\n<meta property=\"og:site_name\" content=\"Wein Werte\" \/>\n<meta property=\"og:image\" content=\"https:\/\/wein-werte.com\/wp-content\/uploads\/2026\/04\/Diel-Riesling-Burgberg-GG-2022-750ml.png\" \/>\n\t<meta property=\"og:image:width\" content=\"277\" \/>\n\t<meta property=\"og:image:height\" content=\"1200\" \/>\n\t<meta property=\"og:image:type\" content=\"image\/png\" \/>\n<meta name=\"twitter:card\" content=\"summary_large_image\" \/>\n<meta name=\"twitter:label1\" content=\"Gesch\u00e4tzte Lesezeit\" \/>\n\t<meta name=\"twitter:data1\" content=\"2\u00a0Minuten\" \/>\n<script type=\"application\/ld+json\" class=\"yoast-schema-graph\">{\"@context\":\"https:\\\/\\\/schema.org\",\"@graph\":[{\"@type\":\"WebPage\",\"@id\":\"https:\\\/\\\/wein-werte.com\\\/de\\\/produkt\\\/diel-riesling-burgberg-gg-2022-750ml\\\/\",\"url\":\"https:\\\/\\\/wein-werte.com\\\/de\\\/produkt\\\/diel-riesling-burgberg-gg-2022-750ml\\\/\",\"name\":\"Diel Riesling Burgberg GG 2022\",\"isPartOf\":{\"@id\":\"https:\\\/\\\/wein-werte.com\\\/de\\\/#website\"},\"primaryImageOfPage\":{\"@id\":\"https:\\\/\\\/wein-werte.com\\\/de\\\/produkt\\\/diel-riesling-burgberg-gg-2022-750ml\\\/#primaryimage\"},\"image\":{\"@id\":\"https:\\\/\\\/wein-werte.com\\\/de\\\/produkt\\\/diel-riesling-burgberg-gg-2022-750ml\\\/#primaryimage\"},\"thumbnailUrl\":\"https:\\\/\\\/wein-werte.com\\\/wp-content\\\/uploads\\\/2026\\\/04\\\/Diel-Riesling-Burgberg-GG-2022-750ml.png\",\"datePublished\":\"2026-05-08T18:02:01+00:00\",\"description\":\"Kaufe Diel Riesling Burgberg GG 2022 (Riesling, trocken aus Nahe, Deutschland) bei Wein Werte, Ihrem nachhaltigen Onlineshop.\",\"breadcrumb\":{\"@id\":\"https:\\\/\\\/wein-werte.com\\\/de\\\/produkt\\\/diel-riesling-burgberg-gg-2022-750ml\\\/#breadcrumb\"},\"inLanguage\":\"de\",\"potentialAction\":[{\"@type\":\"ReadAction\",\"target\":[\"https:\\\/\\\/wein-werte.com\\\/de\\\/produkt\\\/diel-riesling-burgberg-gg-2022-750ml\\\/\"]}]},{\"@type\":\"ImageObject\",\"inLanguage\":\"de\",\"@id\":\"https:\\\/\\\/wein-werte.com\\\/de\\\/produkt\\\/diel-riesling-burgberg-gg-2022-750ml\\\/#primaryimage\",\"url\":\"https:\\\/\\\/wein-werte.com\\\/wp-content\\\/uploads\\\/2026\\\/04\\\/Diel-Riesling-Burgberg-GG-2022-750ml.png\",\"contentUrl\":\"https:\\\/\\\/wein-werte.com\\\/wp-content\\\/uploads\\\/2026\\\/04\\\/Diel-Riesling-Burgberg-GG-2022-750ml.png\",\"width\":277,\"height\":1200,\"caption\":\"Diel Riesling Burgberg GG 2022 750ml\"},{\"@type\":\"BreadcrumbList\",\"@id\":\"https:\\\/\\\/wein-werte.com\\\/de\\\/produkt\\\/diel-riesling-burgberg-gg-2022-750ml\\\/#breadcrumb\",\"itemListElement\":[{\"@type\":\"ListItem\",\"position\":1,\"name\":\"Home\",\"item\":\"https:\\\/\\\/wein-werte.com\\\/de\\\/\"},{\"@type\":\"ListItem\",\"position\":2,\"name\":\"Shop\",\"item\":\"https:\\\/\\\/wein-werte.com\\\/de\\\/shop\\\/\"},{\"@type\":\"ListItem\",\"position\":3,\"name\":\"Diel | Nahe | Riesling Burgberg GG | 2022 | 750ml\"}]},{\"@type\":\"WebSite\",\"@id\":\"https:\\\/\\\/wein-werte.com\\\/de\\\/#website\",\"url\":\"https:\\\/\\\/wein-werte.com\\\/de\\\/\",\"name\":\"Wein Werte\",\"description\":\"\",\"publisher\":{\"@id\":\"https:\\\/\\\/wein-werte.com\\\/de\\\/#organization\"},\"potentialAction\":[{\"@type\":\"SearchAction\",\"target\":{\"@type\":\"EntryPoint\",\"urlTemplate\":\"https:\\\/\\\/wein-werte.com\\\/de\\\/?s={search_term_string}\"},\"query-input\":{\"@type\":\"PropertyValueSpecification\",\"valueRequired\":true,\"valueName\":\"search_term_string\"}}],\"inLanguage\":\"de\"},{\"@type\":\"Organization\",\"@id\":\"https:\\\/\\\/wein-werte.com\\\/de\\\/#organization\",\"name\":\"Vins Fins Thorrold\",\"url\":\"https:\\\/\\\/wein-werte.com\\\/de\\\/\",\"logo\":{\"@type\":\"ImageObject\",\"inLanguage\":\"de\",\"@id\":\"https:\\\/\\\/wein-werte.com\\\/de\\\/#\\\/schema\\\/logo\\\/image\\\/\",\"url\":\"https:\\\/\\\/wein-werte.com\\\/wp-content\\\/uploads\\\/2023\\\/07\\\/Wein_werte_Logo700-1.png\",\"contentUrl\":\"https:\\\/\\\/wein-werte.com\\\/wp-content\\\/uploads\\\/2023\\\/07\\\/Wein_werte_Logo700-1.png\",\"width\":700,\"height\":272,\"caption\":\"Vins Fins Thorrold\"},\"image\":{\"@id\":\"https:\\\/\\\/wein-werte.com\\\/de\\\/#\\\/schema\\\/logo\\\/image\\\/\"}}]}<\/script>\n<!-- \/ Yoast SEO plugin. -->","yoast_head_json":{"title":"Diel Riesling Burgberg GG 2022","description":"Kaufe Diel Riesling Burgberg GG 2022 (Riesling, trocken aus Nahe, Deutschland) bei Wein Werte, Ihrem nachhaltigen Onlineshop.","robots":{"index":"index","follow":"follow","max-snippet":"max-snippet:-1","max-image-preview":"max-image-preview:large","max-video-preview":"max-video-preview:-1"},"canonical":"https:\/\/wein-werte.com\/de\/produkt\/diel-riesling-burgberg-gg-2022-750ml\/","og_locale":"de_DE","og_type":"article","og_title":"Diel Riesling Burgberg GG 2022","og_description":"Kaufe Diel Riesling Burgberg GG 2022 (Riesling, trocken aus Nahe, Deutschland) bei Wein Werte, Ihrem nachhaltigen Onlineshop.","og_url":"https:\/\/wein-werte.com\/de\/produkt\/diel-riesling-burgberg-gg-2022-750ml\/","og_site_name":"Wein Werte","og_image":[{"width":277,"height":1200,"url":"https:\/\/wein-werte.com\/wp-content\/uploads\/2026\/04\/Diel-Riesling-Burgberg-GG-2022-750ml.png","type":"image\/png"}],"twitter_card":"summary_large_image","twitter_misc":{"Gesch\u00e4tzte Lesezeit":"2\u00a0Minuten"},"schema":{"@context":"https:\/\/schema.org","@graph":[{"@type":"WebPage","@id":"https:\/\/wein-werte.com\/de\/produkt\/diel-riesling-burgberg-gg-2022-750ml\/","url":"https:\/\/wein-werte.com\/de\/produkt\/diel-riesling-burgberg-gg-2022-750ml\/","name":"Diel Riesling Burgberg GG 2022","isPartOf":{"@id":"https:\/\/wein-werte.com\/de\/#website"},"primaryImageOfPage":{"@id":"https:\/\/wein-werte.com\/de\/produkt\/diel-riesling-burgberg-gg-2022-750ml\/#primaryimage"},"image":{"@id":"https:\/\/wein-werte.com\/de\/produkt\/diel-riesling-burgberg-gg-2022-750ml\/#primaryimage"},"thumbnailUrl":"https:\/\/wein-werte.com\/wp-content\/uploads\/2026\/04\/Diel-Riesling-Burgberg-GG-2022-750ml.png","datePublished":"2026-05-08T18:02:01+00:00","description":"Kaufe Diel Riesling Burgberg GG 2022 (Riesling, trocken aus Nahe, Deutschland) bei Wein Werte, Ihrem nachhaltigen Onlineshop.","breadcrumb":{"@id":"https:\/\/wein-werte.com\/de\/produkt\/diel-riesling-burgberg-gg-2022-750ml\/#breadcrumb"},"inLanguage":"de","potentialAction":[{"@type":"ReadAction","target":["https:\/\/wein-werte.com\/de\/produkt\/diel-riesling-burgberg-gg-2022-750ml\/"]}]},{"@type":"ImageObject","inLanguage":"de","@id":"https:\/\/wein-werte.com\/de\/produkt\/diel-riesling-burgberg-gg-2022-750ml\/#primaryimage","url":"https:\/\/wein-werte.com\/wp-content\/uploads\/2026\/04\/Diel-Riesling-Burgberg-GG-2022-750ml.png","contentUrl":"https:\/\/wein-werte.com\/wp-content\/uploads\/2026\/04\/Diel-Riesling-Burgberg-GG-2022-750ml.png","width":277,"height":1200,"caption":"Diel Riesling Burgberg GG 2022 750ml"},{"@type":"BreadcrumbList","@id":"https:\/\/wein-werte.com\/de\/produkt\/diel-riesling-burgberg-gg-2022-750ml\/#breadcrumb","itemListElement":[{"@type":"ListItem","position":1,"name":"Home","item":"https:\/\/wein-werte.com\/de\/"},{"@type":"ListItem","position":2,"name":"Shop","item":"https:\/\/wein-werte.com\/de\/shop\/"},{"@type":"ListItem","position":3,"name":"Diel | Nahe | Riesling Burgberg GG | 2022 | 750ml"}]},{"@type":"WebSite","@id":"https:\/\/wein-werte.com\/de\/#website","url":"https:\/\/wein-werte.com\/de\/","name":"Wein Werte","description":"","publisher":{"@id":"https:\/\/wein-werte.com\/de\/#organization"},"potentialAction":[{"@type":"SearchAction","target":{"@type":"EntryPoint","urlTemplate":"https:\/\/wein-werte.com\/de\/?s={search_term_string}"},"query-input":{"@type":"PropertyValueSpecification","valueRequired":true,"valueName":"search_term_string"}}],"inLanguage":"de"},{"@type":"Organization","@id":"https:\/\/wein-werte.com\/de\/#organization","name":"Vins Fins Thorrold","url":"https:\/\/wein-werte.com\/de\/","logo":{"@type":"ImageObject","inLanguage":"de","@id":"https:\/\/wein-werte.com\/de\/#\/schema\/logo\/image\/","url":"https:\/\/wein-werte.com\/wp-content\/uploads\/2023\/07\/Wein_werte_Logo700-1.png","contentUrl":"https:\/\/wein-werte.com\/wp-content\/uploads\/2023\/07\/Wein_werte_Logo700-1.png","width":700,"height":272,"caption":"Vins Fins Thorrold"},"image":{"@id":"https:\/\/wein-werte.com\/de\/#\/schema\/logo\/image\/"}}]}},"_links":{"self":[{"href":"https:\/\/wein-werte.com\/de\/wp-json\/wp\/v2\/product\/1130531","targetHints":{"allow":["GET"]}}],"collection":[{"href":"https:\/\/wein-werte.com\/de\/wp-json\/wp\/v2\/product"}],"about":[{"href":"https:\/\/wein-werte.com\/de\/wp-json\/wp\/v2\/types\/product"}],"wp:featuredmedia":[{"embeddable":true,"href":"https:\/\/wein-werte.com\/de\/wp-json\/wp\/v2\/media\/1141652"}],"wp:attachment":[{"href":"https:\/\/wein-werte.com\/de\/wp-json\/wp\/v2\/media?parent=1130531"}],"wp:term":[{"taxonomy":"product_brand","embeddable":true,"href":"https:\/\/wein-werte.com\/de\/wp-json\/wp\/v2\/product_brand?post=1130531"},{"taxonomy":"product_cat","embeddable":true,"href":"https:\/\/wein-werte.com\/de\/wp-json\/wp\/v2\/product_cat?post=1130531"},{"taxonomy":"product_tag","embeddable":true,"href":"https:\/\/wein-werte.com\/de\/wp-json\/wp\/v2\/product_tag?post=1130531"}],"curies":[{"name":"wp","href":"https:\/\/api.w.org\/{rel}","templated":true}]}}