{"id":1130521,"date":"2026-05-12T15:46:02","date_gmt":"2026-05-12T13:46:02","guid":{"rendered":"https:\/\/wein-werte.com\/product\/diel-burg-layer-riesling-schlossberg-2023-750ml\/"},"modified":"2026-05-12T19:56:03","modified_gmt":"2026-05-12T17:56:03","slug":"diel-burg-layer-riesling-schlossberg-2023-750ml","status":"publish","type":"product","link":"https:\/\/wein-werte.com\/de\/produkt\/diel-burg-layer-riesling-schlossberg-2023-750ml\/","title":{"rendered":"Diel | Nahe | Burg Layer Riesling Schlossberg 1G | 2023 | 750ml"},"content":{"rendered":"<p>Produktbeschreibung f\u00fcr Diel Burg Layer Riesling Schlossberg 1G 2023 <\/p>\n<h5>Info zum Wein<\/h5>\n<p> Die 1,3 Hektar gro\u00dfe VDP. Erste Lage Burg Layer Schlossberg zeichnet sich durch einen Boden von stark verwittertem rotem Schiefer aus. Schonende Kelterung der Trauben. Verg\u00e4rung und Lagerung mit Naturhefen in mehrj\u00e4hrigen St\u00fcckf\u00e4ssern aus heimischen Eichenw\u00e4ldern. <\/p>\n<h5>Farbe\/Aussehen<\/h5>\n<p> Helles Goldgelb mit deutlichen gr\u00fcnen Reflexen. \u00a0 <\/p>\n<h5>Nase<\/h5>\n<p> Der 2023er Riesling Burg Layer Schlossberg Erstes Gew\u00e4chs zeigt sich \u00fcberaus filigran und elegant in der Nase. Deutlich dringen k\u00fchle Schiefernoten, rauchige Ankl\u00e4nge, sowie Limette und gr\u00fcner Apfel aus dem Glas hervor. Mit dem n\u00f6tigen Sauerstoff treten duftige Bl\u00fctennoten und kr\u00e4utrige Nuancen hinzu. \u00a0 <\/p>\n<h5>Gaumen<\/h5>\n<p> Am Gaumen provoziert er in seinem jugendlichen Stadium angenehm mit seiner S\u00e4ure und frischer Zitrus- und Apfelfrucht. Riesling pur und ein echter Langstreckenl\u00e4ufer befindet sich hier im Glas, dem eine weitere Flaschenreife gut zu Gesicht steht, dann wird er sich ganz wunderbar auff\u00e4chern. Gehaltvolle Klassiker aus der K\u00fcche sind hier Trumpf!<\/p>\n<p>Copyright Vinaturel 2025<\/p>\n<p>Keywords: <a href=\"https:\/\/wein-werte.com\/de\/shop\/?swoof=1&#038;pa_producer=Diel\">Diel<\/a> <a href=\"https:\/\/wein-werte.com\/de\/shop\/?swoof=1&#038;woof_text=Burg Layer Riesling Schlossberg 1G\">Burg Layer Riesling Schlossberg 1G<\/a> 2023  <a href=\"https:\/\/wein-werte.com\/de\/shop\/?swoof=1&#038;pa_region=Nahe\">Nahe<\/a> <a href=\"https:\/\/wein-werte.com\/de\/shop\/?swoof=1&#038;pa_country=Deutschland\">Deutschland<\/a><\/p>\n<h3>Wine Advocate<\/h3>\n<p>Punkte: 94<\/p>\n<p>Der Riesling Burg Layen 2023 Schlossberg 1G aus verwitterten roten Schieferb\u00f6den er\u00f6ffnet mit einem intensiven, hefigen Bouquet von reifen Rieslingbeeren, Rumrosinen und w\u00fcrzigen Schieferaromen. Am Gaumen pr\u00e4sentiert er sich als gro\u00dfz\u00fcgiger, aber w\u00fcrziger und eleganter, salziger und lebhafter trockener Riesling mit kristalliner S\u00e4ure und einem w\u00fcrzigen, knackigen und fein griffigen Abgang, der von den verwitterten Schieferb\u00f6den des Terroirs und den perfekt reifen Fr\u00fcchten gepr\u00e4gt ist. 12,5 % Alkoholgehalt. Naturkorken. Verkostet im Februar 2025 auf dem Weingut Burg Layen.<br \/>Stephan Reinhardt<\/p>\n<h3>Vinous<\/h3>\n<p>Punkte: 93<\/p>\n<p>Der Riesling Burg Layer Schlossberg 2023 gl\u00e4nzt mit getrockneten Schafgarben- und Kamillenbl\u00fctennoten in der Nase, begleitet von Zitrusnoten und einer feuersteinartigen Note. Diese kr\u00e4uterige und steinige Note setzt sich bis zum Gaumen fort, wo eine exquisite, straffe, pikante Intensit\u00e4t f\u00fcr einen schlanken und zugleich kraftvollen Reiz sorgt. Ein wundersch\u00f6ner Riesling. \u2013 Anne Krebiehl MW<br \/>Trinkfenster: 2025\u20132040<br \/>Testdatum: September 2024<\/p>\n<p>Internetseite des Weinguts: <a href=\"https:\/\/diel.eu\/\" target=\"_blank\">https:\/\/diel.eu\/<\/a><\/p>\n","protected":false},"excerpt":{"rendered":"<div style=\"font-size: 14px;\">\n<p>Lieferzeit: 1 bis 2 Arbeitstage (DE), 2 bis 5 Arbeitstage (EU und CH)<\/p>\n<p>Ungef\u00e4hrer Energiegehalt pro 125-ml-Glas: 100 kcal<\/p>\n<\/p><\/div>\n","protected":false},"featured_media":1141644,"template":"","meta":[],"product_brand":[],"product_cat":[19],"product_tag":[],"class_list":{"0":"post-1130521","1":"product","2":"type-product","3":"status-publish","4":"has-post-thumbnail","6":"product_cat-unkategorisiert","7":"pa_alcohol-for-filter-12-5","8":"pa_certified-biodynamic-nein-de","9":"pa_certified-organic-nein-de","10":"pa_colour-weiss","11":"pa_country-deutschland","12":"pa_grape-riesling","13":"pa_parker-points-for-filter-94-de-2","14":"pa_price-for-filter-10601","15":"pa_producer-diel","16":"pa_region-nahe","17":"pa_size-ml-6584","18":"pa_sweetness-trocken-de","19":"pa_type-2-still-de","20":"pa_vinous-points-for-filter-20031","21":"pa_vintage-2023-de","22":"entry","23":"has-media","25":"first","26":"instock","27":"taxable","28":"shipping-taxable","29":"purchasable","30":"product-type-simple"},"yoast_head":"<!-- This site is optimized with the Yoast SEO plugin v27.6 - https:\/\/yoast.com\/product\/yoast-seo-wordpress\/ -->\n<title>Diel Burg Layer Riesling Schlossberg 2023<\/title>\n<meta name=\"description\" content=\"Kaufe Diel Burg Layer Riesling Schlossberg 2023 (Riesling, trocken aus Nahe, Deutschland) bei Wein Werte, Ihrem nachhaltigen Onlineshop.\" \/>\n<meta name=\"robots\" content=\"index, follow, max-snippet:-1, max-image-preview:large, max-video-preview:-1\" \/>\n<link rel=\"canonical\" href=\"https:\/\/wein-werte.com\/de\/produkt\/diel-burg-layer-riesling-schlossberg-2023-750ml\/\" \/>\n<meta property=\"og:locale\" content=\"de_DE\" \/>\n<meta property=\"og:type\" content=\"article\" \/>\n<meta property=\"og:title\" content=\"Diel Burg Layer Riesling Schlossberg 2023\" \/>\n<meta property=\"og:description\" content=\"Kaufe Diel Burg Layer Riesling Schlossberg 2023 (Riesling, trocken aus Nahe, Deutschland) bei Wein Werte, Ihrem nachhaltigen Onlineshop.\" \/>\n<meta property=\"og:url\" content=\"https:\/\/wein-werte.com\/de\/produkt\/diel-burg-layer-riesling-schlossberg-2023-750ml\/\" \/>\n<meta property=\"og:site_name\" content=\"Wein Werte\" \/>\n<meta property=\"article:modified_time\" content=\"2026-05-12T17:56:03+00:00\" \/>\n<meta property=\"og:image\" content=\"https:\/\/wein-werte.com\/wp-content\/uploads\/2026\/04\/Diel-Burg-Layer-Riesling-Schlossberg-2023-750ml.png\" \/>\n\t<meta property=\"og:image:width\" content=\"271\" \/>\n\t<meta property=\"og:image:height\" content=\"1200\" \/>\n\t<meta property=\"og:image:type\" content=\"image\/png\" \/>\n<meta name=\"twitter:card\" content=\"summary_large_image\" \/>\n<meta name=\"twitter:label1\" content=\"Gesch\u00e4tzte Lesezeit\" \/>\n\t<meta name=\"twitter:data1\" content=\"2\u00a0Minuten\" \/>\n<script type=\"application\/ld+json\" class=\"yoast-schema-graph\">{\"@context\":\"https:\\\/\\\/schema.org\",\"@graph\":[{\"@type\":\"WebPage\",\"@id\":\"https:\\\/\\\/wein-werte.com\\\/de\\\/produkt\\\/diel-burg-layer-riesling-schlossberg-2023-750ml\\\/\",\"url\":\"https:\\\/\\\/wein-werte.com\\\/de\\\/produkt\\\/diel-burg-layer-riesling-schlossberg-2023-750ml\\\/\",\"name\":\"Diel Burg Layer Riesling Schlossberg 2023\",\"isPartOf\":{\"@id\":\"https:\\\/\\\/wein-werte.com\\\/de\\\/#website\"},\"primaryImageOfPage\":{\"@id\":\"https:\\\/\\\/wein-werte.com\\\/de\\\/produkt\\\/diel-burg-layer-riesling-schlossberg-2023-750ml\\\/#primaryimage\"},\"image\":{\"@id\":\"https:\\\/\\\/wein-werte.com\\\/de\\\/produkt\\\/diel-burg-layer-riesling-schlossberg-2023-750ml\\\/#primaryimage\"},\"thumbnailUrl\":\"https:\\\/\\\/wein-werte.com\\\/wp-content\\\/uploads\\\/2026\\\/04\\\/Diel-Burg-Layer-Riesling-Schlossberg-2023-750ml.png\",\"datePublished\":\"2026-05-12T13:46:02+00:00\",\"dateModified\":\"2026-05-12T17:56:03+00:00\",\"description\":\"Kaufe Diel Burg Layer Riesling Schlossberg 2023 (Riesling, trocken aus Nahe, Deutschland) bei Wein Werte, Ihrem nachhaltigen Onlineshop.\",\"breadcrumb\":{\"@id\":\"https:\\\/\\\/wein-werte.com\\\/de\\\/produkt\\\/diel-burg-layer-riesling-schlossberg-2023-750ml\\\/#breadcrumb\"},\"inLanguage\":\"de\",\"potentialAction\":[{\"@type\":\"ReadAction\",\"target\":[\"https:\\\/\\\/wein-werte.com\\\/de\\\/produkt\\\/diel-burg-layer-riesling-schlossberg-2023-750ml\\\/\"]}]},{\"@type\":\"ImageObject\",\"inLanguage\":\"de\",\"@id\":\"https:\\\/\\\/wein-werte.com\\\/de\\\/produkt\\\/diel-burg-layer-riesling-schlossberg-2023-750ml\\\/#primaryimage\",\"url\":\"https:\\\/\\\/wein-werte.com\\\/wp-content\\\/uploads\\\/2026\\\/04\\\/Diel-Burg-Layer-Riesling-Schlossberg-2023-750ml.png\",\"contentUrl\":\"https:\\\/\\\/wein-werte.com\\\/wp-content\\\/uploads\\\/2026\\\/04\\\/Diel-Burg-Layer-Riesling-Schlossberg-2023-750ml.png\",\"width\":271,\"height\":1200,\"caption\":\"Diel Burg Layer Riesling Schlossberg 1G 2023 750ml\"},{\"@type\":\"BreadcrumbList\",\"@id\":\"https:\\\/\\\/wein-werte.com\\\/de\\\/produkt\\\/diel-burg-layer-riesling-schlossberg-2023-750ml\\\/#breadcrumb\",\"itemListElement\":[{\"@type\":\"ListItem\",\"position\":1,\"name\":\"Home\",\"item\":\"https:\\\/\\\/wein-werte.com\\\/de\\\/\"},{\"@type\":\"ListItem\",\"position\":2,\"name\":\"Shop\",\"item\":\"https:\\\/\\\/wein-werte.com\\\/de\\\/shop\\\/\"},{\"@type\":\"ListItem\",\"position\":3,\"name\":\"Diel | Nahe | Burg Layer Riesling Schlossberg 1G | 2023 | 750ml\"}]},{\"@type\":\"WebSite\",\"@id\":\"https:\\\/\\\/wein-werte.com\\\/de\\\/#website\",\"url\":\"https:\\\/\\\/wein-werte.com\\\/de\\\/\",\"name\":\"Wein Werte\",\"description\":\"\",\"publisher\":{\"@id\":\"https:\\\/\\\/wein-werte.com\\\/de\\\/#organization\"},\"potentialAction\":[{\"@type\":\"SearchAction\",\"target\":{\"@type\":\"EntryPoint\",\"urlTemplate\":\"https:\\\/\\\/wein-werte.com\\\/de\\\/?s={search_term_string}\"},\"query-input\":{\"@type\":\"PropertyValueSpecification\",\"valueRequired\":true,\"valueName\":\"search_term_string\"}}],\"inLanguage\":\"de\"},{\"@type\":\"Organization\",\"@id\":\"https:\\\/\\\/wein-werte.com\\\/de\\\/#organization\",\"name\":\"Vins Fins Thorrold\",\"url\":\"https:\\\/\\\/wein-werte.com\\\/de\\\/\",\"logo\":{\"@type\":\"ImageObject\",\"inLanguage\":\"de\",\"@id\":\"https:\\\/\\\/wein-werte.com\\\/de\\\/#\\\/schema\\\/logo\\\/image\\\/\",\"url\":\"https:\\\/\\\/wein-werte.com\\\/wp-content\\\/uploads\\\/2023\\\/07\\\/Wein_werte_Logo700-1.png\",\"contentUrl\":\"https:\\\/\\\/wein-werte.com\\\/wp-content\\\/uploads\\\/2023\\\/07\\\/Wein_werte_Logo700-1.png\",\"width\":700,\"height\":272,\"caption\":\"Vins Fins Thorrold\"},\"image\":{\"@id\":\"https:\\\/\\\/wein-werte.com\\\/de\\\/#\\\/schema\\\/logo\\\/image\\\/\"}}]}<\/script>\n<!-- \/ Yoast SEO plugin. -->","yoast_head_json":{"title":"Diel Burg Layer Riesling Schlossberg 2023","description":"Kaufe Diel Burg Layer Riesling Schlossberg 2023 (Riesling, trocken aus Nahe, Deutschland) bei Wein Werte, Ihrem nachhaltigen Onlineshop.","robots":{"index":"index","follow":"follow","max-snippet":"max-snippet:-1","max-image-preview":"max-image-preview:large","max-video-preview":"max-video-preview:-1"},"canonical":"https:\/\/wein-werte.com\/de\/produkt\/diel-burg-layer-riesling-schlossberg-2023-750ml\/","og_locale":"de_DE","og_type":"article","og_title":"Diel Burg Layer Riesling Schlossberg 2023","og_description":"Kaufe Diel Burg Layer Riesling Schlossberg 2023 (Riesling, trocken aus Nahe, Deutschland) bei Wein Werte, Ihrem nachhaltigen Onlineshop.","og_url":"https:\/\/wein-werte.com\/de\/produkt\/diel-burg-layer-riesling-schlossberg-2023-750ml\/","og_site_name":"Wein Werte","article_modified_time":"2026-05-12T17:56:03+00:00","og_image":[{"width":271,"height":1200,"url":"https:\/\/wein-werte.com\/wp-content\/uploads\/2026\/04\/Diel-Burg-Layer-Riesling-Schlossberg-2023-750ml.png","type":"image\/png"}],"twitter_card":"summary_large_image","twitter_misc":{"Gesch\u00e4tzte Lesezeit":"2\u00a0Minuten"},"schema":{"@context":"https:\/\/schema.org","@graph":[{"@type":"WebPage","@id":"https:\/\/wein-werte.com\/de\/produkt\/diel-burg-layer-riesling-schlossberg-2023-750ml\/","url":"https:\/\/wein-werte.com\/de\/produkt\/diel-burg-layer-riesling-schlossberg-2023-750ml\/","name":"Diel Burg Layer Riesling Schlossberg 2023","isPartOf":{"@id":"https:\/\/wein-werte.com\/de\/#website"},"primaryImageOfPage":{"@id":"https:\/\/wein-werte.com\/de\/produkt\/diel-burg-layer-riesling-schlossberg-2023-750ml\/#primaryimage"},"image":{"@id":"https:\/\/wein-werte.com\/de\/produkt\/diel-burg-layer-riesling-schlossberg-2023-750ml\/#primaryimage"},"thumbnailUrl":"https:\/\/wein-werte.com\/wp-content\/uploads\/2026\/04\/Diel-Burg-Layer-Riesling-Schlossberg-2023-750ml.png","datePublished":"2026-05-12T13:46:02+00:00","dateModified":"2026-05-12T17:56:03+00:00","description":"Kaufe Diel Burg Layer Riesling Schlossberg 2023 (Riesling, trocken aus Nahe, Deutschland) bei Wein Werte, Ihrem nachhaltigen Onlineshop.","breadcrumb":{"@id":"https:\/\/wein-werte.com\/de\/produkt\/diel-burg-layer-riesling-schlossberg-2023-750ml\/#breadcrumb"},"inLanguage":"de","potentialAction":[{"@type":"ReadAction","target":["https:\/\/wein-werte.com\/de\/produkt\/diel-burg-layer-riesling-schlossberg-2023-750ml\/"]}]},{"@type":"ImageObject","inLanguage":"de","@id":"https:\/\/wein-werte.com\/de\/produkt\/diel-burg-layer-riesling-schlossberg-2023-750ml\/#primaryimage","url":"https:\/\/wein-werte.com\/wp-content\/uploads\/2026\/04\/Diel-Burg-Layer-Riesling-Schlossberg-2023-750ml.png","contentUrl":"https:\/\/wein-werte.com\/wp-content\/uploads\/2026\/04\/Diel-Burg-Layer-Riesling-Schlossberg-2023-750ml.png","width":271,"height":1200,"caption":"Diel Burg Layer Riesling Schlossberg 1G 2023 750ml"},{"@type":"BreadcrumbList","@id":"https:\/\/wein-werte.com\/de\/produkt\/diel-burg-layer-riesling-schlossberg-2023-750ml\/#breadcrumb","itemListElement":[{"@type":"ListItem","position":1,"name":"Home","item":"https:\/\/wein-werte.com\/de\/"},{"@type":"ListItem","position":2,"name":"Shop","item":"https:\/\/wein-werte.com\/de\/shop\/"},{"@type":"ListItem","position":3,"name":"Diel | Nahe | Burg Layer Riesling Schlossberg 1G | 2023 | 750ml"}]},{"@type":"WebSite","@id":"https:\/\/wein-werte.com\/de\/#website","url":"https:\/\/wein-werte.com\/de\/","name":"Wein Werte","description":"","publisher":{"@id":"https:\/\/wein-werte.com\/de\/#organization"},"potentialAction":[{"@type":"SearchAction","target":{"@type":"EntryPoint","urlTemplate":"https:\/\/wein-werte.com\/de\/?s={search_term_string}"},"query-input":{"@type":"PropertyValueSpecification","valueRequired":true,"valueName":"search_term_string"}}],"inLanguage":"de"},{"@type":"Organization","@id":"https:\/\/wein-werte.com\/de\/#organization","name":"Vins Fins Thorrold","url":"https:\/\/wein-werte.com\/de\/","logo":{"@type":"ImageObject","inLanguage":"de","@id":"https:\/\/wein-werte.com\/de\/#\/schema\/logo\/image\/","url":"https:\/\/wein-werte.com\/wp-content\/uploads\/2023\/07\/Wein_werte_Logo700-1.png","contentUrl":"https:\/\/wein-werte.com\/wp-content\/uploads\/2023\/07\/Wein_werte_Logo700-1.png","width":700,"height":272,"caption":"Vins Fins Thorrold"},"image":{"@id":"https:\/\/wein-werte.com\/de\/#\/schema\/logo\/image\/"}}]}},"_links":{"self":[{"href":"https:\/\/wein-werte.com\/de\/wp-json\/wp\/v2\/product\/1130521","targetHints":{"allow":["GET"]}}],"collection":[{"href":"https:\/\/wein-werte.com\/de\/wp-json\/wp\/v2\/product"}],"about":[{"href":"https:\/\/wein-werte.com\/de\/wp-json\/wp\/v2\/types\/product"}],"wp:featuredmedia":[{"embeddable":true,"href":"https:\/\/wein-werte.com\/de\/wp-json\/wp\/v2\/media\/1141644"}],"wp:attachment":[{"href":"https:\/\/wein-werte.com\/de\/wp-json\/wp\/v2\/media?parent=1130521"}],"wp:term":[{"taxonomy":"product_brand","embeddable":true,"href":"https:\/\/wein-werte.com\/de\/wp-json\/wp\/v2\/product_brand?post=1130521"},{"taxonomy":"product_cat","embeddable":true,"href":"https:\/\/wein-werte.com\/de\/wp-json\/wp\/v2\/product_cat?post=1130521"},{"taxonomy":"product_tag","embeddable":true,"href":"https:\/\/wein-werte.com\/de\/wp-json\/wp\/v2\/product_tag?post=1130521"}],"curies":[{"name":"wp","href":"https:\/\/api.w.org\/{rel}","templated":true}]}}