{"id":1130506,"date":"2026-05-12T15:46:02","date_gmt":"2026-05-12T13:46:02","guid":{"rendered":"https:\/\/wein-werte.com\/product\/diel-nahesteiner-weissburgunder-2023-750ml\/"},"modified":"2026-05-12T19:56:02","modified_gmt":"2026-05-12T17:56:02","slug":"diel-nahesteiner-weissburgunder-2023-750ml","status":"publish","type":"product","link":"https:\/\/wein-werte.com\/de\/produkt\/diel-nahesteiner-weissburgunder-2023-750ml\/","title":{"rendered":"Diel | Nahe | Nahesteiner Weissburgunder | 2023 | 750ml"},"content":{"rendered":"<p>Produktbeschreibung f\u00fcr Diel Nahesteiner Weissburgunder 2023  <\/p>\n<h5>Info zum Wein<\/h5>\n<p> Schonende Kelterung der Trauben. Verg\u00e4rung und Lagerung in Edelstahltanks und Holzf\u00e4ssern aus heimischen Eichenw\u00e4ldern. <\/p>\n<h5>Farbe<\/h5>\n<p> Funkelndes helles Goldgelb. <\/p>\n<h5>Nase<\/h5>\n<p> Der 2023er Weissburgunder Nahesteiner vom Schlossgut Diel duftet wundersch\u00f6n nach \u00c4pfeln, Birne, Quitte und einer Sommerwiese in voller Bl\u00fcte. Noten von Mandeln, getoastetem Baguette, Anis und Fenchelkraut. Ein Wein, der sich bereits im Aroma als sehr guter Speisenbegleiter ank\u00fcndigt. <\/p>\n<h5>Gaumen<\/h5>\n<p> Im Geschmack zeigt er sich saftig mit feiner mineralischer Spur, gekonntem Holzeinsatz und w\u00fcrziger L\u00e4nge. Ein Wein, den man vielseitig einsetzen kann am besten zu Gerichten mit erdigen und nussigen Einfl\u00fcssen. <\/p>\n<p>Copyright Vinaturel 2025<\/p>\n<p>Keywords: <a href=\"https:\/\/wein-werte.com\/de\/shop\/?swoof=1&#038;pa_producer=Diel\">Diel<\/a> <a href=\"https:\/\/wein-werte.com\/de\/shop\/?swoof=1&#038;woof_text=Nahesteiner Weissburgunder\">Nahesteiner Weissburgunder<\/a> 2023  <a href=\"https:\/\/wein-werte.com\/de\/shop\/?swoof=1&#038;pa_region=Nahe\">Nahe<\/a> <a href=\"https:\/\/wein-werte.com\/de\/shop\/?swoof=1&#038;pa_country=Deutschland\">Deutschland<\/a><\/p>\n<h3>Vinous<\/h3>\n<p>Punkte: 88<\/p>\n<p>Der Wei\u00dfburgunder Nahesteiner 2023 wurde in Dorsheim und Burg Layen geerntet und in Holzf\u00e4ssern verschiedener Gr\u00f6\u00dfen sowie Edelstahlf\u00e4ssern ausgebaut. Leicht reduktive Rauchnoten verbinden sich mit Aromen gr\u00fcner Birne und m\u00fcnden in sanfter, saftiger Frische. Er ist hell und fl\u00fcssig mit einer angenehm hefigen Textur. Sehr erfrischend. (Knochentrocken) \u2013 Anne Krebiehl MW<br \/>Trinkfenster: 2024\u20132028<br \/>Review-Datum: September 2024<\/p>\n<p>Internetseite des Weinguts: <a href=\"https:\/\/diel.eu\/\" target=\"_blank\">https:\/\/diel.eu\/<\/a><\/p>\n","protected":false},"excerpt":{"rendered":"<div style=\"font-size: 14px;\">\n<p>Lieferzeit: 1 bis 2 Arbeitstage (DE), 2 bis 5 Arbeitstage (EU und CH)<\/p>\n<p>Ungef\u00e4hrer Energiegehalt pro 125-ml-Glas: 100 kcal  (<a href=\"https:\/\/s.imero.io\/p\/68ac063e98af6b381c62f79e\/e-label\/68ac063e98af6b381c62f799\"target=\"_blank\">vollst\u00e4ndige N\u00e4hrwertangaben<\/a>)<\/p>\n<\/p><\/div>\n","protected":false},"featured_media":1141636,"template":"","meta":[],"product_brand":[],"product_cat":[19],"product_tag":[],"class_list":{"0":"post-1130506","1":"product","2":"type-product","3":"status-publish","4":"has-post-thumbnail","6":"product_cat-unkategorisiert","7":"pa_alcohol-for-filter-12-5","8":"pa_certified-biodynamic-nein-de","9":"pa_certified-organic-nein-de","10":"pa_colour-weiss","11":"pa_country-deutschland","12":"pa_grape-weisburgunder-pinot-blanc","13":"pa_price-for-filter-10631","14":"pa_producer-diel","15":"pa_region-nahe","16":"pa_size-ml-6584","17":"pa_sweetness-trocken-de","18":"pa_type-2-still-de","19":"pa_vinous-points-for-filter-20021","20":"pa_vintage-2023-de","21":"entry","22":"has-media","24":"first","25":"instock","26":"taxable","27":"shipping-taxable","28":"purchasable","29":"product-type-simple"},"yoast_head":"<!-- This site is optimized with the Yoast SEO plugin v27.6 - https:\/\/yoast.com\/product\/yoast-seo-wordpress\/ -->\n<title>Diel Nahesteiner Weissburgunder 2023<\/title>\n<meta name=\"description\" content=\"Kaufe Diel Nahesteiner Weissburgunder 2023 (Wei\u00dfburgunder, trocken aus Nahe, Deutschland) bei Wein Werte, Ihrem nachhaltigen Onlineshop.\" \/>\n<meta name=\"robots\" content=\"index, follow, max-snippet:-1, max-image-preview:large, max-video-preview:-1\" \/>\n<link rel=\"canonical\" href=\"https:\/\/wein-werte.com\/de\/produkt\/diel-nahesteiner-weissburgunder-2023-750ml\/\" \/>\n<meta property=\"og:locale\" content=\"de_DE\" \/>\n<meta property=\"og:type\" content=\"article\" \/>\n<meta property=\"og:title\" content=\"Diel Nahesteiner Weissburgunder 2023\" \/>\n<meta property=\"og:description\" content=\"Kaufe Diel Nahesteiner Weissburgunder 2023 (Wei\u00dfburgunder, trocken aus Nahe, Deutschland) bei Wein Werte, Ihrem nachhaltigen Onlineshop.\" \/>\n<meta property=\"og:url\" content=\"https:\/\/wein-werte.com\/de\/produkt\/diel-nahesteiner-weissburgunder-2023-750ml\/\" \/>\n<meta property=\"og:site_name\" content=\"Wein Werte\" \/>\n<meta property=\"article:modified_time\" content=\"2026-05-12T17:56:02+00:00\" \/>\n<meta property=\"og:image\" content=\"https:\/\/wein-werte.com\/wp-content\/uploads\/2026\/04\/Diel-Nahesteiner-Weissburgunder-2023-750ml.png\" \/>\n\t<meta property=\"og:image:width\" content=\"318\" \/>\n\t<meta property=\"og:image:height\" content=\"1200\" \/>\n\t<meta property=\"og:image:type\" content=\"image\/png\" \/>\n<meta name=\"twitter:card\" content=\"summary_large_image\" \/>\n<meta name=\"twitter:label1\" content=\"Gesch\u00e4tzte Lesezeit\" \/>\n\t<meta name=\"twitter:data1\" content=\"1\u00a0Minute\" \/>\n<script type=\"application\/ld+json\" class=\"yoast-schema-graph\">{\"@context\":\"https:\\\/\\\/schema.org\",\"@graph\":[{\"@type\":\"WebPage\",\"@id\":\"https:\\\/\\\/wein-werte.com\\\/de\\\/produkt\\\/diel-nahesteiner-weissburgunder-2023-750ml\\\/\",\"url\":\"https:\\\/\\\/wein-werte.com\\\/de\\\/produkt\\\/diel-nahesteiner-weissburgunder-2023-750ml\\\/\",\"name\":\"Diel Nahesteiner Weissburgunder 2023\",\"isPartOf\":{\"@id\":\"https:\\\/\\\/wein-werte.com\\\/de\\\/#website\"},\"primaryImageOfPage\":{\"@id\":\"https:\\\/\\\/wein-werte.com\\\/de\\\/produkt\\\/diel-nahesteiner-weissburgunder-2023-750ml\\\/#primaryimage\"},\"image\":{\"@id\":\"https:\\\/\\\/wein-werte.com\\\/de\\\/produkt\\\/diel-nahesteiner-weissburgunder-2023-750ml\\\/#primaryimage\"},\"thumbnailUrl\":\"https:\\\/\\\/wein-werte.com\\\/wp-content\\\/uploads\\\/2026\\\/04\\\/Diel-Nahesteiner-Weissburgunder-2023-750ml.png\",\"datePublished\":\"2026-05-12T13:46:02+00:00\",\"dateModified\":\"2026-05-12T17:56:02+00:00\",\"description\":\"Kaufe Diel Nahesteiner Weissburgunder 2023 (Wei\u00dfburgunder, trocken aus Nahe, Deutschland) bei Wein Werte, Ihrem nachhaltigen Onlineshop.\",\"breadcrumb\":{\"@id\":\"https:\\\/\\\/wein-werte.com\\\/de\\\/produkt\\\/diel-nahesteiner-weissburgunder-2023-750ml\\\/#breadcrumb\"},\"inLanguage\":\"de\",\"potentialAction\":[{\"@type\":\"ReadAction\",\"target\":[\"https:\\\/\\\/wein-werte.com\\\/de\\\/produkt\\\/diel-nahesteiner-weissburgunder-2023-750ml\\\/\"]}]},{\"@type\":\"ImageObject\",\"inLanguage\":\"de\",\"@id\":\"https:\\\/\\\/wein-werte.com\\\/de\\\/produkt\\\/diel-nahesteiner-weissburgunder-2023-750ml\\\/#primaryimage\",\"url\":\"https:\\\/\\\/wein-werte.com\\\/wp-content\\\/uploads\\\/2026\\\/04\\\/Diel-Nahesteiner-Weissburgunder-2023-750ml.png\",\"contentUrl\":\"https:\\\/\\\/wein-werte.com\\\/wp-content\\\/uploads\\\/2026\\\/04\\\/Diel-Nahesteiner-Weissburgunder-2023-750ml.png\",\"width\":318,\"height\":1200,\"caption\":\"Diel Nahesteiner Weissburgunder 2023 750ml\"},{\"@type\":\"BreadcrumbList\",\"@id\":\"https:\\\/\\\/wein-werte.com\\\/de\\\/produkt\\\/diel-nahesteiner-weissburgunder-2023-750ml\\\/#breadcrumb\",\"itemListElement\":[{\"@type\":\"ListItem\",\"position\":1,\"name\":\"Home\",\"item\":\"https:\\\/\\\/wein-werte.com\\\/de\\\/\"},{\"@type\":\"ListItem\",\"position\":2,\"name\":\"Shop\",\"item\":\"https:\\\/\\\/wein-werte.com\\\/de\\\/shop\\\/\"},{\"@type\":\"ListItem\",\"position\":3,\"name\":\"Diel | Nahe | Nahesteiner Weissburgunder | 2023 | 750ml\"}]},{\"@type\":\"WebSite\",\"@id\":\"https:\\\/\\\/wein-werte.com\\\/de\\\/#website\",\"url\":\"https:\\\/\\\/wein-werte.com\\\/de\\\/\",\"name\":\"Wein Werte\",\"description\":\"\",\"publisher\":{\"@id\":\"https:\\\/\\\/wein-werte.com\\\/de\\\/#organization\"},\"potentialAction\":[{\"@type\":\"SearchAction\",\"target\":{\"@type\":\"EntryPoint\",\"urlTemplate\":\"https:\\\/\\\/wein-werte.com\\\/de\\\/?s={search_term_string}\"},\"query-input\":{\"@type\":\"PropertyValueSpecification\",\"valueRequired\":true,\"valueName\":\"search_term_string\"}}],\"inLanguage\":\"de\"},{\"@type\":\"Organization\",\"@id\":\"https:\\\/\\\/wein-werte.com\\\/de\\\/#organization\",\"name\":\"Vins Fins Thorrold\",\"url\":\"https:\\\/\\\/wein-werte.com\\\/de\\\/\",\"logo\":{\"@type\":\"ImageObject\",\"inLanguage\":\"de\",\"@id\":\"https:\\\/\\\/wein-werte.com\\\/de\\\/#\\\/schema\\\/logo\\\/image\\\/\",\"url\":\"https:\\\/\\\/wein-werte.com\\\/wp-content\\\/uploads\\\/2023\\\/07\\\/Wein_werte_Logo700-1.png\",\"contentUrl\":\"https:\\\/\\\/wein-werte.com\\\/wp-content\\\/uploads\\\/2023\\\/07\\\/Wein_werte_Logo700-1.png\",\"width\":700,\"height\":272,\"caption\":\"Vins Fins Thorrold\"},\"image\":{\"@id\":\"https:\\\/\\\/wein-werte.com\\\/de\\\/#\\\/schema\\\/logo\\\/image\\\/\"}}]}<\/script>\n<!-- \/ Yoast SEO plugin. -->","yoast_head_json":{"title":"Diel Nahesteiner Weissburgunder 2023","description":"Kaufe Diel Nahesteiner Weissburgunder 2023 (Wei\u00dfburgunder, trocken aus Nahe, Deutschland) bei Wein Werte, Ihrem nachhaltigen Onlineshop.","robots":{"index":"index","follow":"follow","max-snippet":"max-snippet:-1","max-image-preview":"max-image-preview:large","max-video-preview":"max-video-preview:-1"},"canonical":"https:\/\/wein-werte.com\/de\/produkt\/diel-nahesteiner-weissburgunder-2023-750ml\/","og_locale":"de_DE","og_type":"article","og_title":"Diel Nahesteiner Weissburgunder 2023","og_description":"Kaufe Diel Nahesteiner Weissburgunder 2023 (Wei\u00dfburgunder, trocken aus Nahe, Deutschland) bei Wein Werte, Ihrem nachhaltigen Onlineshop.","og_url":"https:\/\/wein-werte.com\/de\/produkt\/diel-nahesteiner-weissburgunder-2023-750ml\/","og_site_name":"Wein Werte","article_modified_time":"2026-05-12T17:56:02+00:00","og_image":[{"width":318,"height":1200,"url":"https:\/\/wein-werte.com\/wp-content\/uploads\/2026\/04\/Diel-Nahesteiner-Weissburgunder-2023-750ml.png","type":"image\/png"}],"twitter_card":"summary_large_image","twitter_misc":{"Gesch\u00e4tzte Lesezeit":"1\u00a0Minute"},"schema":{"@context":"https:\/\/schema.org","@graph":[{"@type":"WebPage","@id":"https:\/\/wein-werte.com\/de\/produkt\/diel-nahesteiner-weissburgunder-2023-750ml\/","url":"https:\/\/wein-werte.com\/de\/produkt\/diel-nahesteiner-weissburgunder-2023-750ml\/","name":"Diel Nahesteiner Weissburgunder 2023","isPartOf":{"@id":"https:\/\/wein-werte.com\/de\/#website"},"primaryImageOfPage":{"@id":"https:\/\/wein-werte.com\/de\/produkt\/diel-nahesteiner-weissburgunder-2023-750ml\/#primaryimage"},"image":{"@id":"https:\/\/wein-werte.com\/de\/produkt\/diel-nahesteiner-weissburgunder-2023-750ml\/#primaryimage"},"thumbnailUrl":"https:\/\/wein-werte.com\/wp-content\/uploads\/2026\/04\/Diel-Nahesteiner-Weissburgunder-2023-750ml.png","datePublished":"2026-05-12T13:46:02+00:00","dateModified":"2026-05-12T17:56:02+00:00","description":"Kaufe Diel Nahesteiner Weissburgunder 2023 (Wei\u00dfburgunder, trocken aus Nahe, Deutschland) bei Wein Werte, Ihrem nachhaltigen Onlineshop.","breadcrumb":{"@id":"https:\/\/wein-werte.com\/de\/produkt\/diel-nahesteiner-weissburgunder-2023-750ml\/#breadcrumb"},"inLanguage":"de","potentialAction":[{"@type":"ReadAction","target":["https:\/\/wein-werte.com\/de\/produkt\/diel-nahesteiner-weissburgunder-2023-750ml\/"]}]},{"@type":"ImageObject","inLanguage":"de","@id":"https:\/\/wein-werte.com\/de\/produkt\/diel-nahesteiner-weissburgunder-2023-750ml\/#primaryimage","url":"https:\/\/wein-werte.com\/wp-content\/uploads\/2026\/04\/Diel-Nahesteiner-Weissburgunder-2023-750ml.png","contentUrl":"https:\/\/wein-werte.com\/wp-content\/uploads\/2026\/04\/Diel-Nahesteiner-Weissburgunder-2023-750ml.png","width":318,"height":1200,"caption":"Diel Nahesteiner Weissburgunder 2023 750ml"},{"@type":"BreadcrumbList","@id":"https:\/\/wein-werte.com\/de\/produkt\/diel-nahesteiner-weissburgunder-2023-750ml\/#breadcrumb","itemListElement":[{"@type":"ListItem","position":1,"name":"Home","item":"https:\/\/wein-werte.com\/de\/"},{"@type":"ListItem","position":2,"name":"Shop","item":"https:\/\/wein-werte.com\/de\/shop\/"},{"@type":"ListItem","position":3,"name":"Diel | Nahe | Nahesteiner Weissburgunder | 2023 | 750ml"}]},{"@type":"WebSite","@id":"https:\/\/wein-werte.com\/de\/#website","url":"https:\/\/wein-werte.com\/de\/","name":"Wein Werte","description":"","publisher":{"@id":"https:\/\/wein-werte.com\/de\/#organization"},"potentialAction":[{"@type":"SearchAction","target":{"@type":"EntryPoint","urlTemplate":"https:\/\/wein-werte.com\/de\/?s={search_term_string}"},"query-input":{"@type":"PropertyValueSpecification","valueRequired":true,"valueName":"search_term_string"}}],"inLanguage":"de"},{"@type":"Organization","@id":"https:\/\/wein-werte.com\/de\/#organization","name":"Vins Fins Thorrold","url":"https:\/\/wein-werte.com\/de\/","logo":{"@type":"ImageObject","inLanguage":"de","@id":"https:\/\/wein-werte.com\/de\/#\/schema\/logo\/image\/","url":"https:\/\/wein-werte.com\/wp-content\/uploads\/2023\/07\/Wein_werte_Logo700-1.png","contentUrl":"https:\/\/wein-werte.com\/wp-content\/uploads\/2023\/07\/Wein_werte_Logo700-1.png","width":700,"height":272,"caption":"Vins Fins Thorrold"},"image":{"@id":"https:\/\/wein-werte.com\/de\/#\/schema\/logo\/image\/"}}]}},"_links":{"self":[{"href":"https:\/\/wein-werte.com\/de\/wp-json\/wp\/v2\/product\/1130506","targetHints":{"allow":["GET"]}}],"collection":[{"href":"https:\/\/wein-werte.com\/de\/wp-json\/wp\/v2\/product"}],"about":[{"href":"https:\/\/wein-werte.com\/de\/wp-json\/wp\/v2\/types\/product"}],"wp:featuredmedia":[{"embeddable":true,"href":"https:\/\/wein-werte.com\/de\/wp-json\/wp\/v2\/media\/1141636"}],"wp:attachment":[{"href":"https:\/\/wein-werte.com\/de\/wp-json\/wp\/v2\/media?parent=1130506"}],"wp:term":[{"taxonomy":"product_brand","embeddable":true,"href":"https:\/\/wein-werte.com\/de\/wp-json\/wp\/v2\/product_brand?post=1130506"},{"taxonomy":"product_cat","embeddable":true,"href":"https:\/\/wein-werte.com\/de\/wp-json\/wp\/v2\/product_cat?post=1130506"},{"taxonomy":"product_tag","embeddable":true,"href":"https:\/\/wein-werte.com\/de\/wp-json\/wp\/v2\/product_tag?post=1130506"}],"curies":[{"name":"wp","href":"https:\/\/api.w.org\/{rel}","templated":true}]}}