{"id":1130429,"date":"2026-05-05T18:18:58","date_gmt":"2026-05-05T16:18:58","guid":{"rendered":"https:\/\/wein-werte.com\/product\/bertram-baltes-dernauer-spatburgunder-2022-750ml\/"},"modified":"2026-04-27T11:45:53","modified_gmt":"2026-04-27T09:45:53","slug":"bertram-baltes-dernauer-spatburgunder-2022-750ml","status":"publish","type":"product","link":"https:\/\/wein-werte.com\/de\/produkt\/bertram-baltes-dernauer-spatburgunder-2022-750ml\/","title":{"rendered":"Bertram-Baltes | Ahr | Dernauer Sp\u00e4tburgunder | 2022 | 750ml"},"content":{"rendered":"<p>Produktbeschreibung f\u00fcr Bertram-Baltes Dernauer Sp\u00e4tburgunder 2022  <\/p>\n<h5>Info zum Wein<\/h5>\n<p> Die handgelesenen Trauben wurden spontan in F\u00e4ssern aus heimischer Eiche vergoren und anschlie\u00dfend ungesch\u00f6nt und unfiltriert abgef\u00fcllt. <\/p>\n<h5>Farbe<\/h5>\n<p> Gedecktes Preiselbeer Rot mit purpurnen Aufhellungen zum Rand hin. <\/p>\n<h5>Nase<\/h5>\n<p> Pure Frische und Saftigkeit steigt aus dem Glas heraus, wilde Himbeeren, Sauerkirschen und Granatapfel vereinen sich mit Fr\u00fcchtedrops und k\u00fchler Mineralit\u00e4t zu einem bet\u00f6renden Ganzem. Feine Noten von Unterholz, Erde und feinen Pilzen deuten sich mit Sauerstoffkontakt ebenfalls sehr sch\u00f6n an. <\/p>\n<h5>Gaumen<\/h5>\n<p> Auf der Zunge tanzt der 2022er Dernauer Sp\u00e4tburgunder mit seiner erfrischenden Frucht, seiner feinen Mineralit\u00e4t und dem moderaten Alkohol von nur 11,5 Vol%. Seine S\u00e4ure und Tannin Struktur wirken \u00e4u\u00dferst geschliffen und elegant abgerundet. Gerichte mit fruchtigen Einschl\u00e4gen sind hier Trumpf. Leicht gek\u00fchlt aus Burgundergl\u00e4sern genie\u00dfen.<\/p>\n<p>Copyright Vinaturel 2025<\/p>\n<p>Keywords: <a href=\"https:\/\/wein-werte.com\/de\/shop\/?swoof=1&#038;pa_producer=Bertram-Baltes\">Bertram-Baltes<\/a> <a href=\"https:\/\/wein-werte.com\/de\/shop\/?swoof=1&#038;woof_text=Dernauer Sp\u00e4tburgunder\">Dernauer Sp\u00e4tburgunder<\/a> 2022  <a href=\"https:\/\/wein-werte.com\/de\/shop\/?swoof=1&#038;pa_region=Ahr\">Ahr<\/a> <a href=\"https:\/\/wein-werte.com\/de\/shop\/?swoof=1&#038;pa_country=Deutschland\">Deutschland<\/a><\/p>\n<p>Internetseite des Weinguts: <a href=\"https:\/\/www.bertram-baltes.de\/\" target=\"_blank\">https:\/\/www.bertram-baltes.de\/<\/a><\/p>\n","protected":false},"excerpt":{"rendered":"<p>Lieferzeit: 1 bis 2 Arbeitstage (DE), 2 bis 5 Arbeitstage (EU and CH)<\/p>\n","protected":false},"featured_media":1141578,"template":"","meta":[],"product_brand":[],"product_cat":[19],"product_tag":[],"class_list":{"0":"post-1130429","1":"product","2":"type-product","3":"status-publish","4":"has-post-thumbnail","6":"product_cat-unkategorisiert","7":"pa_alcohol-for-filter-11-5","8":"pa_certified-biodynamic-nein-de","9":"pa_certified-organic-nein-de","10":"pa_colour-rot","11":"pa_country-deutschland","12":"pa_grape-pinot-noir-spatburgunder","13":"pa_price-for-filter-10648","14":"pa_producer-bertram-baltes","15":"pa_region-ahr","16":"pa_size-ml-6584","17":"pa_sweetness-trocken-de","18":"pa_type-2-still-de","19":"pa_vintage-2022-de","20":"entry","21":"has-media","23":"first","24":"instock","25":"taxable","26":"shipping-taxable","27":"purchasable","28":"product-type-simple"},"yoast_head":"<!-- This site is optimized with the Yoast SEO plugin v27.5 - https:\/\/yoast.com\/product\/yoast-seo-wordpress\/ -->\n<title>Bertram-Baltes Dernauer Sp\u00e4tburgunder 2022<\/title>\n<meta name=\"description\" content=\"Kaufe Bertram-Baltes Dernauer Sp\u00e4tburgunder 2022 (Pinot Noir, trocken aus Ahr, Deutschland) bei Wein Werte, Ihrem nachhaltigen Onlineshop.\" \/>\n<meta name=\"robots\" content=\"index, follow, max-snippet:-1, max-image-preview:large, max-video-preview:-1\" \/>\n<link rel=\"canonical\" href=\"https:\/\/wein-werte.com\/de\/produkt\/bertram-baltes-dernauer-spatburgunder-2022-750ml\/\" \/>\n<meta property=\"og:locale\" content=\"de_DE\" \/>\n<meta property=\"og:type\" content=\"article\" \/>\n<meta property=\"og:title\" content=\"Bertram-Baltes Dernauer Sp\u00e4tburgunder 2022\" \/>\n<meta property=\"og:description\" content=\"Kaufe Bertram-Baltes Dernauer Sp\u00e4tburgunder 2022 (Pinot Noir, trocken aus Ahr, Deutschland) bei Wein Werte, Ihrem nachhaltigen Onlineshop.\" \/>\n<meta property=\"og:url\" content=\"https:\/\/wein-werte.com\/de\/produkt\/bertram-baltes-dernauer-spatburgunder-2022-750ml\/\" \/>\n<meta property=\"og:site_name\" content=\"Wein Werte\" \/>\n<meta property=\"og:image\" content=\"https:\/\/wein-werte.com\/wp-content\/uploads\/2026\/04\/Bertram-Baltes-Dernauer-Spatburgunder-2022-750ml.png\" \/>\n\t<meta property=\"og:image:width\" content=\"326\" \/>\n\t<meta property=\"og:image:height\" content=\"1200\" \/>\n\t<meta property=\"og:image:type\" content=\"image\/png\" \/>\n<meta name=\"twitter:card\" content=\"summary_large_image\" \/>\n<meta name=\"twitter:label1\" content=\"Gesch\u00e4tzte Lesezeit\" \/>\n\t<meta name=\"twitter:data1\" content=\"1\u00a0Minute\" \/>\n<script type=\"application\/ld+json\" class=\"yoast-schema-graph\">{\"@context\":\"https:\\\/\\\/schema.org\",\"@graph\":[{\"@type\":\"WebPage\",\"@id\":\"https:\\\/\\\/wein-werte.com\\\/de\\\/produkt\\\/bertram-baltes-dernauer-spatburgunder-2022-750ml\\\/\",\"url\":\"https:\\\/\\\/wein-werte.com\\\/de\\\/produkt\\\/bertram-baltes-dernauer-spatburgunder-2022-750ml\\\/\",\"name\":\"Bertram-Baltes Dernauer Sp\u00e4tburgunder 2022\",\"isPartOf\":{\"@id\":\"https:\\\/\\\/wein-werte.com\\\/de\\\/#website\"},\"primaryImageOfPage\":{\"@id\":\"https:\\\/\\\/wein-werte.com\\\/de\\\/produkt\\\/bertram-baltes-dernauer-spatburgunder-2022-750ml\\\/#primaryimage\"},\"image\":{\"@id\":\"https:\\\/\\\/wein-werte.com\\\/de\\\/produkt\\\/bertram-baltes-dernauer-spatburgunder-2022-750ml\\\/#primaryimage\"},\"thumbnailUrl\":\"https:\\\/\\\/wein-werte.com\\\/wp-content\\\/uploads\\\/2026\\\/04\\\/Bertram-Baltes-Dernauer-Spatburgunder-2022-750ml.png\",\"datePublished\":\"2026-05-05T16:18:58+00:00\",\"description\":\"Kaufe Bertram-Baltes Dernauer Sp\u00e4tburgunder 2022 (Pinot Noir, trocken aus Ahr, Deutschland) bei Wein Werte, Ihrem nachhaltigen Onlineshop.\",\"breadcrumb\":{\"@id\":\"https:\\\/\\\/wein-werte.com\\\/de\\\/produkt\\\/bertram-baltes-dernauer-spatburgunder-2022-750ml\\\/#breadcrumb\"},\"inLanguage\":\"de\",\"potentialAction\":[{\"@type\":\"ReadAction\",\"target\":[\"https:\\\/\\\/wein-werte.com\\\/de\\\/produkt\\\/bertram-baltes-dernauer-spatburgunder-2022-750ml\\\/\"]}]},{\"@type\":\"ImageObject\",\"inLanguage\":\"de\",\"@id\":\"https:\\\/\\\/wein-werte.com\\\/de\\\/produkt\\\/bertram-baltes-dernauer-spatburgunder-2022-750ml\\\/#primaryimage\",\"url\":\"https:\\\/\\\/wein-werte.com\\\/wp-content\\\/uploads\\\/2026\\\/04\\\/Bertram-Baltes-Dernauer-Spatburgunder-2022-750ml.png\",\"contentUrl\":\"https:\\\/\\\/wein-werte.com\\\/wp-content\\\/uploads\\\/2026\\\/04\\\/Bertram-Baltes-Dernauer-Spatburgunder-2022-750ml.png\",\"width\":326,\"height\":1200,\"caption\":\"Bertram-Baltes Dernauer Sp\u00e4tburgunder 2022 750ml\"},{\"@type\":\"BreadcrumbList\",\"@id\":\"https:\\\/\\\/wein-werte.com\\\/de\\\/produkt\\\/bertram-baltes-dernauer-spatburgunder-2022-750ml\\\/#breadcrumb\",\"itemListElement\":[{\"@type\":\"ListItem\",\"position\":1,\"name\":\"Home\",\"item\":\"https:\\\/\\\/wein-werte.com\\\/de\\\/\"},{\"@type\":\"ListItem\",\"position\":2,\"name\":\"Shop\",\"item\":\"https:\\\/\\\/wein-werte.com\\\/de\\\/shop\\\/\"},{\"@type\":\"ListItem\",\"position\":3,\"name\":\"Bertram-Baltes | Ahr | Dernauer Sp\u00e4tburgunder | 2022 | 750ml\"}]},{\"@type\":\"WebSite\",\"@id\":\"https:\\\/\\\/wein-werte.com\\\/de\\\/#website\",\"url\":\"https:\\\/\\\/wein-werte.com\\\/de\\\/\",\"name\":\"Wein Werte\",\"description\":\"\",\"publisher\":{\"@id\":\"https:\\\/\\\/wein-werte.com\\\/de\\\/#organization\"},\"potentialAction\":[{\"@type\":\"SearchAction\",\"target\":{\"@type\":\"EntryPoint\",\"urlTemplate\":\"https:\\\/\\\/wein-werte.com\\\/de\\\/?s={search_term_string}\"},\"query-input\":{\"@type\":\"PropertyValueSpecification\",\"valueRequired\":true,\"valueName\":\"search_term_string\"}}],\"inLanguage\":\"de\"},{\"@type\":\"Organization\",\"@id\":\"https:\\\/\\\/wein-werte.com\\\/de\\\/#organization\",\"name\":\"Vins Fins Thorrold\",\"url\":\"https:\\\/\\\/wein-werte.com\\\/de\\\/\",\"logo\":{\"@type\":\"ImageObject\",\"inLanguage\":\"de\",\"@id\":\"https:\\\/\\\/wein-werte.com\\\/de\\\/#\\\/schema\\\/logo\\\/image\\\/\",\"url\":\"https:\\\/\\\/wein-werte.com\\\/wp-content\\\/uploads\\\/2023\\\/07\\\/Wein_werte_Logo700-1.png\",\"contentUrl\":\"https:\\\/\\\/wein-werte.com\\\/wp-content\\\/uploads\\\/2023\\\/07\\\/Wein_werte_Logo700-1.png\",\"width\":700,\"height\":272,\"caption\":\"Vins Fins Thorrold\"},\"image\":{\"@id\":\"https:\\\/\\\/wein-werte.com\\\/de\\\/#\\\/schema\\\/logo\\\/image\\\/\"}}]}<\/script>\n<!-- \/ Yoast SEO plugin. -->","yoast_head_json":{"title":"Bertram-Baltes Dernauer Sp\u00e4tburgunder 2022","description":"Kaufe Bertram-Baltes Dernauer Sp\u00e4tburgunder 2022 (Pinot Noir, trocken aus Ahr, Deutschland) bei Wein Werte, Ihrem nachhaltigen Onlineshop.","robots":{"index":"index","follow":"follow","max-snippet":"max-snippet:-1","max-image-preview":"max-image-preview:large","max-video-preview":"max-video-preview:-1"},"canonical":"https:\/\/wein-werte.com\/de\/produkt\/bertram-baltes-dernauer-spatburgunder-2022-750ml\/","og_locale":"de_DE","og_type":"article","og_title":"Bertram-Baltes Dernauer Sp\u00e4tburgunder 2022","og_description":"Kaufe Bertram-Baltes Dernauer Sp\u00e4tburgunder 2022 (Pinot Noir, trocken aus Ahr, Deutschland) bei Wein Werte, Ihrem nachhaltigen Onlineshop.","og_url":"https:\/\/wein-werte.com\/de\/produkt\/bertram-baltes-dernauer-spatburgunder-2022-750ml\/","og_site_name":"Wein Werte","og_image":[{"width":326,"height":1200,"url":"https:\/\/wein-werte.com\/wp-content\/uploads\/2026\/04\/Bertram-Baltes-Dernauer-Spatburgunder-2022-750ml.png","type":"image\/png"}],"twitter_card":"summary_large_image","twitter_misc":{"Gesch\u00e4tzte Lesezeit":"1\u00a0Minute"},"schema":{"@context":"https:\/\/schema.org","@graph":[{"@type":"WebPage","@id":"https:\/\/wein-werte.com\/de\/produkt\/bertram-baltes-dernauer-spatburgunder-2022-750ml\/","url":"https:\/\/wein-werte.com\/de\/produkt\/bertram-baltes-dernauer-spatburgunder-2022-750ml\/","name":"Bertram-Baltes Dernauer Sp\u00e4tburgunder 2022","isPartOf":{"@id":"https:\/\/wein-werte.com\/de\/#website"},"primaryImageOfPage":{"@id":"https:\/\/wein-werte.com\/de\/produkt\/bertram-baltes-dernauer-spatburgunder-2022-750ml\/#primaryimage"},"image":{"@id":"https:\/\/wein-werte.com\/de\/produkt\/bertram-baltes-dernauer-spatburgunder-2022-750ml\/#primaryimage"},"thumbnailUrl":"https:\/\/wein-werte.com\/wp-content\/uploads\/2026\/04\/Bertram-Baltes-Dernauer-Spatburgunder-2022-750ml.png","datePublished":"2026-05-05T16:18:58+00:00","description":"Kaufe Bertram-Baltes Dernauer Sp\u00e4tburgunder 2022 (Pinot Noir, trocken aus Ahr, Deutschland) bei Wein Werte, Ihrem nachhaltigen Onlineshop.","breadcrumb":{"@id":"https:\/\/wein-werte.com\/de\/produkt\/bertram-baltes-dernauer-spatburgunder-2022-750ml\/#breadcrumb"},"inLanguage":"de","potentialAction":[{"@type":"ReadAction","target":["https:\/\/wein-werte.com\/de\/produkt\/bertram-baltes-dernauer-spatburgunder-2022-750ml\/"]}]},{"@type":"ImageObject","inLanguage":"de","@id":"https:\/\/wein-werte.com\/de\/produkt\/bertram-baltes-dernauer-spatburgunder-2022-750ml\/#primaryimage","url":"https:\/\/wein-werte.com\/wp-content\/uploads\/2026\/04\/Bertram-Baltes-Dernauer-Spatburgunder-2022-750ml.png","contentUrl":"https:\/\/wein-werte.com\/wp-content\/uploads\/2026\/04\/Bertram-Baltes-Dernauer-Spatburgunder-2022-750ml.png","width":326,"height":1200,"caption":"Bertram-Baltes Dernauer Sp\u00e4tburgunder 2022 750ml"},{"@type":"BreadcrumbList","@id":"https:\/\/wein-werte.com\/de\/produkt\/bertram-baltes-dernauer-spatburgunder-2022-750ml\/#breadcrumb","itemListElement":[{"@type":"ListItem","position":1,"name":"Home","item":"https:\/\/wein-werte.com\/de\/"},{"@type":"ListItem","position":2,"name":"Shop","item":"https:\/\/wein-werte.com\/de\/shop\/"},{"@type":"ListItem","position":3,"name":"Bertram-Baltes | Ahr | Dernauer Sp\u00e4tburgunder | 2022 | 750ml"}]},{"@type":"WebSite","@id":"https:\/\/wein-werte.com\/de\/#website","url":"https:\/\/wein-werte.com\/de\/","name":"Wein Werte","description":"","publisher":{"@id":"https:\/\/wein-werte.com\/de\/#organization"},"potentialAction":[{"@type":"SearchAction","target":{"@type":"EntryPoint","urlTemplate":"https:\/\/wein-werte.com\/de\/?s={search_term_string}"},"query-input":{"@type":"PropertyValueSpecification","valueRequired":true,"valueName":"search_term_string"}}],"inLanguage":"de"},{"@type":"Organization","@id":"https:\/\/wein-werte.com\/de\/#organization","name":"Vins Fins Thorrold","url":"https:\/\/wein-werte.com\/de\/","logo":{"@type":"ImageObject","inLanguage":"de","@id":"https:\/\/wein-werte.com\/de\/#\/schema\/logo\/image\/","url":"https:\/\/wein-werte.com\/wp-content\/uploads\/2023\/07\/Wein_werte_Logo700-1.png","contentUrl":"https:\/\/wein-werte.com\/wp-content\/uploads\/2023\/07\/Wein_werte_Logo700-1.png","width":700,"height":272,"caption":"Vins Fins Thorrold"},"image":{"@id":"https:\/\/wein-werte.com\/de\/#\/schema\/logo\/image\/"}}]}},"_links":{"self":[{"href":"https:\/\/wein-werte.com\/de\/wp-json\/wp\/v2\/product\/1130429","targetHints":{"allow":["GET"]}}],"collection":[{"href":"https:\/\/wein-werte.com\/de\/wp-json\/wp\/v2\/product"}],"about":[{"href":"https:\/\/wein-werte.com\/de\/wp-json\/wp\/v2\/types\/product"}],"wp:featuredmedia":[{"embeddable":true,"href":"https:\/\/wein-werte.com\/de\/wp-json\/wp\/v2\/media\/1141578"}],"wp:attachment":[{"href":"https:\/\/wein-werte.com\/de\/wp-json\/wp\/v2\/media?parent=1130429"}],"wp:term":[{"taxonomy":"product_brand","embeddable":true,"href":"https:\/\/wein-werte.com\/de\/wp-json\/wp\/v2\/product_brand?post=1130429"},{"taxonomy":"product_cat","embeddable":true,"href":"https:\/\/wein-werte.com\/de\/wp-json\/wp\/v2\/product_cat?post=1130429"},{"taxonomy":"product_tag","embeddable":true,"href":"https:\/\/wein-werte.com\/de\/wp-json\/wp\/v2\/product_tag?post=1130429"}],"curies":[{"name":"wp","href":"https:\/\/api.w.org\/{rel}","templated":true}]}}