{"id":1130418,"date":"2026-05-08T20:01:55","date_gmt":"2026-05-08T18:01:55","guid":{"rendered":"https:\/\/wein-werte.com\/product\/bertram-baltes-blanc-de-noir-sekt-brut-nature-2019-750ml\/"},"modified":"2026-04-27T11:45:51","modified_gmt":"2026-04-27T09:45:51","slug":"bertram-baltes-blanc-de-noir-sekt-brut-nature-2019-750ml","status":"publish","type":"product","link":"https:\/\/wein-werte.com\/de\/produkt\/bertram-baltes-blanc-de-noir-sekt-brut-nature-2019-750ml\/","title":{"rendered":"Bertram-Baltes | Ahr | Blanc de Noir Sekt Brut Nature | 2019 | 750ml"},"content":{"rendered":"<p>Produktbeschreibung f\u00fcr Bertram-Baltes Blanc de Noir Sekt Brut Nature 2019  <\/p>\n<h5>Info<\/h5>\n<p> Die Sp\u00e4tburgunder-Reben stammen aus Vorlesen innerhalb der gro\u00dfen Lagen. In der Korbpresse werden diese unmittelbar nach der Ernte abgepresst und spontan vergoren. Der Ausbau des Grundweins erfolgt in gebrauchten 500l-F\u00e4ssern deutscher Eiche f\u00fcr ein Jahr. 36 Monate darf er nach der zweiten G\u00e4rung auf der Hefe reifen. Das Degorgement dieser Charge erfolgte im November 2023. <\/p>\n<h5>Farbe<\/h5>\n<p> Strahlendes Strohgelb, helle bis gr\u00fcne Reflexe, kleinperlige und zur\u00fcckhaltend feine Perlage bei rasch abklingendem Mousseux <\/p>\n<h5>Nase<\/h5>\n<p> Ein total subtiler Auftakt. Man merkt ihm die k\u00fchle Finesse an, die ein pr\u00e4gendes Merkmal der Weine von Julia Bertram und Benny Baltes ist. Zun\u00e4chst zur\u00fcckhaltend in der Frucht l\u00e4sst er Platz f\u00fcr reichlich nasse Steine nach einem lauen Sommerregen und getrocknete Kr\u00e4uter. Oregano, Salbei, ein Hauch Minze, daf\u00fcr umso deutlicher Sauerampfer und Melisse machen sich im Glas breit. \u00dcbrigens auch in dieser Reihenfolge der steigenden Intensit\u00e4t. Spuren von sauren Himbeeren sowie roter und wei\u00dfer Johannisbeere sorgen f\u00fcr einen angenehm kompakten Fruchtauftritt. Saatgut von Fenchel und Koriander verleihen ihm neben wei\u00dfem Pfeffer eine ordentliche W\u00fcrze. Eine feine rauchige Note sorgt noch f\u00fcr einen abschlie\u00dfenden Akzent. <\/p>\n<h5>Gaumen<\/h5>\n<p> Markant und kernig tritt er am Gaumen auf. Die Frucht spiel tauch hier eine sehr untergeordnete Rolle. Machart und Herkunft sind sein Credo. Zu Anfang zeigt er seine charmante Seite und lebt von dem Schmelz der drei Jahre auf der Hefe. Die feien Kr\u00e4uterw\u00fcrze kann sich in diesem Moment mit Kontrasten bew\u00e4hren. Dann setzt die S\u00e4ure knallhart ein und r\u00e4umt auf. B\u00fchne frei f\u00fcr diesen konsequenten, erdigen und mineralischen Schluck Schaumwein. Die angenehme, aber dominierende S\u00e4urestruktur gruppiert sich mit dem salzigen Finish. Im Abgang kommt dann auch sch\u00fcchtern wieder die s\u00e4uerliche Frucht zur Geltung. Die Aromen der Kr\u00e4uter setzen aber lautere Akzente.<\/p>\n<p>Copyright Vinaturel 2025<\/p>\n<p>Keywords: <a href=\"https:\/\/wein-werte.com\/de\/shop\/?swoof=1&#038;pa_producer=Bertram-Baltes\">Bertram-Baltes<\/a> <a href=\"https:\/\/wein-werte.com\/de\/shop\/?swoof=1&#038;woof_text=Blanc de Noir Sekt Brut Nature\">Blanc de Noir Sekt Brut Nature<\/a> 2019  <a href=\"https:\/\/wein-werte.com\/de\/shop\/?swoof=1&#038;pa_region=Ahr\">Ahr<\/a> <a href=\"https:\/\/wein-werte.com\/de\/shop\/?swoof=1&#038;pa_country=Deutschland\">Deutschland<\/a><\/p>\n<p>Internetseite des Weinguts: <a href=\"https:\/\/www.bertram-baltes.de\/\" target=\"_blank\">https:\/\/www.bertram-baltes.de\/<\/a><\/p>\n","protected":false},"excerpt":{"rendered":"<p>Lieferzeit: 1 bis 2 Arbeitstage (DE), 2 bis 5 Arbeitstage (EU and CH)<\/p>\n","protected":false},"featured_media":1141570,"template":"","meta":[],"product_brand":[],"product_cat":[19],"product_tag":[],"class_list":{"0":"post-1130418","1":"product","2":"type-product","3":"status-publish","4":"has-post-thumbnail","6":"product_cat-unkategorisiert","7":"pa_alcohol-for-filter-11-5","8":"pa_certified-biodynamic-nein-de","9":"pa_certified-organic-nein-de","10":"pa_colour-weiss","11":"pa_country-deutschland","12":"pa_grape-pinot-noir-spatburgunder","13":"pa_price-for-filter-10648","14":"pa_producer-bertram-baltes","15":"pa_region-ahr","16":"pa_size-ml-6584","17":"pa_sweetness-trocken-de","18":"pa_type-2-sekt-de","19":"pa_vintage-2019-de","20":"entry","21":"has-media","23":"first","24":"instock","25":"taxable","26":"shipping-taxable","27":"purchasable","28":"product-type-simple"},"yoast_head":"<!-- This site is optimized with the Yoast SEO plugin v27.5 - https:\/\/yoast.com\/product\/yoast-seo-wordpress\/ -->\n<title>Bertram-Baltes blanc de Noir Sekt Brut Nature 2019<\/title>\n<meta name=\"description\" content=\"Kaufe Bertram-Baltes blanc de Noir Sekt Brut Nature 2019 (Pinot Noir, trocken Schaumwein aus Ahr, Deutschland) bei Wein Werte, Ihrem nachhaltigen Onlineshop.\" \/>\n<meta name=\"robots\" content=\"index, follow, max-snippet:-1, max-image-preview:large, max-video-preview:-1\" \/>\n<link rel=\"canonical\" href=\"https:\/\/wein-werte.com\/de\/produkt\/bertram-baltes-blanc-de-noir-sekt-brut-nature-2019-750ml\/\" \/>\n<meta property=\"og:locale\" content=\"de_DE\" \/>\n<meta property=\"og:type\" content=\"article\" \/>\n<meta property=\"og:title\" content=\"Bertram-Baltes blanc de Noir Sekt Brut Nature 2019\" \/>\n<meta property=\"og:description\" content=\"Kaufe Bertram-Baltes blanc de Noir Sekt Brut Nature 2019 (Pinot Noir, trocken Schaumwein aus Ahr, Deutschland) bei Wein Werte, Ihrem nachhaltigen Onlineshop.\" \/>\n<meta property=\"og:url\" content=\"https:\/\/wein-werte.com\/de\/produkt\/bertram-baltes-blanc-de-noir-sekt-brut-nature-2019-750ml\/\" \/>\n<meta property=\"og:site_name\" content=\"Wein Werte\" \/>\n<meta property=\"og:image\" content=\"https:\/\/wein-werte.com\/wp-content\/uploads\/2026\/04\/Bertram-Baltes-blanc-de-Noir-Sekt-Brut-Nature-2019-750ml.png\" \/>\n\t<meta property=\"og:image:width\" content=\"400\" \/>\n\t<meta property=\"og:image:height\" content=\"1024\" \/>\n\t<meta property=\"og:image:type\" content=\"image\/png\" \/>\n<meta name=\"twitter:card\" content=\"summary_large_image\" \/>\n<meta name=\"twitter:label1\" content=\"Gesch\u00e4tzte Lesezeit\" \/>\n\t<meta name=\"twitter:data1\" content=\"2\u00a0Minuten\" \/>\n<script type=\"application\/ld+json\" class=\"yoast-schema-graph\">{\"@context\":\"https:\\\/\\\/schema.org\",\"@graph\":[{\"@type\":\"WebPage\",\"@id\":\"https:\\\/\\\/wein-werte.com\\\/de\\\/produkt\\\/bertram-baltes-blanc-de-noir-sekt-brut-nature-2019-750ml\\\/\",\"url\":\"https:\\\/\\\/wein-werte.com\\\/de\\\/produkt\\\/bertram-baltes-blanc-de-noir-sekt-brut-nature-2019-750ml\\\/\",\"name\":\"Bertram-Baltes blanc de Noir Sekt Brut Nature 2019\",\"isPartOf\":{\"@id\":\"https:\\\/\\\/wein-werte.com\\\/de\\\/#website\"},\"primaryImageOfPage\":{\"@id\":\"https:\\\/\\\/wein-werte.com\\\/de\\\/produkt\\\/bertram-baltes-blanc-de-noir-sekt-brut-nature-2019-750ml\\\/#primaryimage\"},\"image\":{\"@id\":\"https:\\\/\\\/wein-werte.com\\\/de\\\/produkt\\\/bertram-baltes-blanc-de-noir-sekt-brut-nature-2019-750ml\\\/#primaryimage\"},\"thumbnailUrl\":\"https:\\\/\\\/wein-werte.com\\\/wp-content\\\/uploads\\\/2026\\\/04\\\/Bertram-Baltes-blanc-de-Noir-Sekt-Brut-Nature-2019-750ml.png\",\"datePublished\":\"2026-05-08T18:01:55+00:00\",\"description\":\"Kaufe Bertram-Baltes blanc de Noir Sekt Brut Nature 2019 (Pinot Noir, trocken Schaumwein aus Ahr, Deutschland) bei Wein Werte, Ihrem nachhaltigen Onlineshop.\",\"breadcrumb\":{\"@id\":\"https:\\\/\\\/wein-werte.com\\\/de\\\/produkt\\\/bertram-baltes-blanc-de-noir-sekt-brut-nature-2019-750ml\\\/#breadcrumb\"},\"inLanguage\":\"de\",\"potentialAction\":[{\"@type\":\"ReadAction\",\"target\":[\"https:\\\/\\\/wein-werte.com\\\/de\\\/produkt\\\/bertram-baltes-blanc-de-noir-sekt-brut-nature-2019-750ml\\\/\"]}]},{\"@type\":\"ImageObject\",\"inLanguage\":\"de\",\"@id\":\"https:\\\/\\\/wein-werte.com\\\/de\\\/produkt\\\/bertram-baltes-blanc-de-noir-sekt-brut-nature-2019-750ml\\\/#primaryimage\",\"url\":\"https:\\\/\\\/wein-werte.com\\\/wp-content\\\/uploads\\\/2026\\\/04\\\/Bertram-Baltes-blanc-de-Noir-Sekt-Brut-Nature-2019-750ml.png\",\"contentUrl\":\"https:\\\/\\\/wein-werte.com\\\/wp-content\\\/uploads\\\/2026\\\/04\\\/Bertram-Baltes-blanc-de-Noir-Sekt-Brut-Nature-2019-750ml.png\",\"width\":400,\"height\":1024,\"caption\":\"Bertram-Baltes Blanc de Noir Sekt Brut Nature 2019 750ml\"},{\"@type\":\"BreadcrumbList\",\"@id\":\"https:\\\/\\\/wein-werte.com\\\/de\\\/produkt\\\/bertram-baltes-blanc-de-noir-sekt-brut-nature-2019-750ml\\\/#breadcrumb\",\"itemListElement\":[{\"@type\":\"ListItem\",\"position\":1,\"name\":\"Home\",\"item\":\"https:\\\/\\\/wein-werte.com\\\/de\\\/\"},{\"@type\":\"ListItem\",\"position\":2,\"name\":\"Shop\",\"item\":\"https:\\\/\\\/wein-werte.com\\\/de\\\/shop\\\/\"},{\"@type\":\"ListItem\",\"position\":3,\"name\":\"Bertram-Baltes | Ahr | Blanc de Noir Sekt Brut Nature | 2019 | 750ml\"}]},{\"@type\":\"WebSite\",\"@id\":\"https:\\\/\\\/wein-werte.com\\\/de\\\/#website\",\"url\":\"https:\\\/\\\/wein-werte.com\\\/de\\\/\",\"name\":\"Wein Werte\",\"description\":\"\",\"publisher\":{\"@id\":\"https:\\\/\\\/wein-werte.com\\\/de\\\/#organization\"},\"potentialAction\":[{\"@type\":\"SearchAction\",\"target\":{\"@type\":\"EntryPoint\",\"urlTemplate\":\"https:\\\/\\\/wein-werte.com\\\/de\\\/?s={search_term_string}\"},\"query-input\":{\"@type\":\"PropertyValueSpecification\",\"valueRequired\":true,\"valueName\":\"search_term_string\"}}],\"inLanguage\":\"de\"},{\"@type\":\"Organization\",\"@id\":\"https:\\\/\\\/wein-werte.com\\\/de\\\/#organization\",\"name\":\"Vins Fins Thorrold\",\"url\":\"https:\\\/\\\/wein-werte.com\\\/de\\\/\",\"logo\":{\"@type\":\"ImageObject\",\"inLanguage\":\"de\",\"@id\":\"https:\\\/\\\/wein-werte.com\\\/de\\\/#\\\/schema\\\/logo\\\/image\\\/\",\"url\":\"https:\\\/\\\/wein-werte.com\\\/wp-content\\\/uploads\\\/2023\\\/07\\\/Wein_werte_Logo700-1.png\",\"contentUrl\":\"https:\\\/\\\/wein-werte.com\\\/wp-content\\\/uploads\\\/2023\\\/07\\\/Wein_werte_Logo700-1.png\",\"width\":700,\"height\":272,\"caption\":\"Vins Fins Thorrold\"},\"image\":{\"@id\":\"https:\\\/\\\/wein-werte.com\\\/de\\\/#\\\/schema\\\/logo\\\/image\\\/\"}}]}<\/script>\n<!-- \/ Yoast SEO plugin. -->","yoast_head_json":{"title":"Bertram-Baltes blanc de Noir Sekt Brut Nature 2019","description":"Kaufe Bertram-Baltes blanc de Noir Sekt Brut Nature 2019 (Pinot Noir, trocken Schaumwein aus Ahr, Deutschland) bei Wein Werte, Ihrem nachhaltigen Onlineshop.","robots":{"index":"index","follow":"follow","max-snippet":"max-snippet:-1","max-image-preview":"max-image-preview:large","max-video-preview":"max-video-preview:-1"},"canonical":"https:\/\/wein-werte.com\/de\/produkt\/bertram-baltes-blanc-de-noir-sekt-brut-nature-2019-750ml\/","og_locale":"de_DE","og_type":"article","og_title":"Bertram-Baltes blanc de Noir Sekt Brut Nature 2019","og_description":"Kaufe Bertram-Baltes blanc de Noir Sekt Brut Nature 2019 (Pinot Noir, trocken Schaumwein aus Ahr, Deutschland) bei Wein Werte, Ihrem nachhaltigen Onlineshop.","og_url":"https:\/\/wein-werte.com\/de\/produkt\/bertram-baltes-blanc-de-noir-sekt-brut-nature-2019-750ml\/","og_site_name":"Wein Werte","og_image":[{"width":400,"height":1024,"url":"https:\/\/wein-werte.com\/wp-content\/uploads\/2026\/04\/Bertram-Baltes-blanc-de-Noir-Sekt-Brut-Nature-2019-750ml.png","type":"image\/png"}],"twitter_card":"summary_large_image","twitter_misc":{"Gesch\u00e4tzte Lesezeit":"2\u00a0Minuten"},"schema":{"@context":"https:\/\/schema.org","@graph":[{"@type":"WebPage","@id":"https:\/\/wein-werte.com\/de\/produkt\/bertram-baltes-blanc-de-noir-sekt-brut-nature-2019-750ml\/","url":"https:\/\/wein-werte.com\/de\/produkt\/bertram-baltes-blanc-de-noir-sekt-brut-nature-2019-750ml\/","name":"Bertram-Baltes blanc de Noir Sekt Brut Nature 2019","isPartOf":{"@id":"https:\/\/wein-werte.com\/de\/#website"},"primaryImageOfPage":{"@id":"https:\/\/wein-werte.com\/de\/produkt\/bertram-baltes-blanc-de-noir-sekt-brut-nature-2019-750ml\/#primaryimage"},"image":{"@id":"https:\/\/wein-werte.com\/de\/produkt\/bertram-baltes-blanc-de-noir-sekt-brut-nature-2019-750ml\/#primaryimage"},"thumbnailUrl":"https:\/\/wein-werte.com\/wp-content\/uploads\/2026\/04\/Bertram-Baltes-blanc-de-Noir-Sekt-Brut-Nature-2019-750ml.png","datePublished":"2026-05-08T18:01:55+00:00","description":"Kaufe Bertram-Baltes blanc de Noir Sekt Brut Nature 2019 (Pinot Noir, trocken Schaumwein aus Ahr, Deutschland) bei Wein Werte, Ihrem nachhaltigen Onlineshop.","breadcrumb":{"@id":"https:\/\/wein-werte.com\/de\/produkt\/bertram-baltes-blanc-de-noir-sekt-brut-nature-2019-750ml\/#breadcrumb"},"inLanguage":"de","potentialAction":[{"@type":"ReadAction","target":["https:\/\/wein-werte.com\/de\/produkt\/bertram-baltes-blanc-de-noir-sekt-brut-nature-2019-750ml\/"]}]},{"@type":"ImageObject","inLanguage":"de","@id":"https:\/\/wein-werte.com\/de\/produkt\/bertram-baltes-blanc-de-noir-sekt-brut-nature-2019-750ml\/#primaryimage","url":"https:\/\/wein-werte.com\/wp-content\/uploads\/2026\/04\/Bertram-Baltes-blanc-de-Noir-Sekt-Brut-Nature-2019-750ml.png","contentUrl":"https:\/\/wein-werte.com\/wp-content\/uploads\/2026\/04\/Bertram-Baltes-blanc-de-Noir-Sekt-Brut-Nature-2019-750ml.png","width":400,"height":1024,"caption":"Bertram-Baltes Blanc de Noir Sekt Brut Nature 2019 750ml"},{"@type":"BreadcrumbList","@id":"https:\/\/wein-werte.com\/de\/produkt\/bertram-baltes-blanc-de-noir-sekt-brut-nature-2019-750ml\/#breadcrumb","itemListElement":[{"@type":"ListItem","position":1,"name":"Home","item":"https:\/\/wein-werte.com\/de\/"},{"@type":"ListItem","position":2,"name":"Shop","item":"https:\/\/wein-werte.com\/de\/shop\/"},{"@type":"ListItem","position":3,"name":"Bertram-Baltes | Ahr | Blanc de Noir Sekt Brut Nature | 2019 | 750ml"}]},{"@type":"WebSite","@id":"https:\/\/wein-werte.com\/de\/#website","url":"https:\/\/wein-werte.com\/de\/","name":"Wein Werte","description":"","publisher":{"@id":"https:\/\/wein-werte.com\/de\/#organization"},"potentialAction":[{"@type":"SearchAction","target":{"@type":"EntryPoint","urlTemplate":"https:\/\/wein-werte.com\/de\/?s={search_term_string}"},"query-input":{"@type":"PropertyValueSpecification","valueRequired":true,"valueName":"search_term_string"}}],"inLanguage":"de"},{"@type":"Organization","@id":"https:\/\/wein-werte.com\/de\/#organization","name":"Vins Fins Thorrold","url":"https:\/\/wein-werte.com\/de\/","logo":{"@type":"ImageObject","inLanguage":"de","@id":"https:\/\/wein-werte.com\/de\/#\/schema\/logo\/image\/","url":"https:\/\/wein-werte.com\/wp-content\/uploads\/2023\/07\/Wein_werte_Logo700-1.png","contentUrl":"https:\/\/wein-werte.com\/wp-content\/uploads\/2023\/07\/Wein_werte_Logo700-1.png","width":700,"height":272,"caption":"Vins Fins Thorrold"},"image":{"@id":"https:\/\/wein-werte.com\/de\/#\/schema\/logo\/image\/"}}]}},"_links":{"self":[{"href":"https:\/\/wein-werte.com\/de\/wp-json\/wp\/v2\/product\/1130418","targetHints":{"allow":["GET"]}}],"collection":[{"href":"https:\/\/wein-werte.com\/de\/wp-json\/wp\/v2\/product"}],"about":[{"href":"https:\/\/wein-werte.com\/de\/wp-json\/wp\/v2\/types\/product"}],"wp:featuredmedia":[{"embeddable":true,"href":"https:\/\/wein-werte.com\/de\/wp-json\/wp\/v2\/media\/1141570"}],"wp:attachment":[{"href":"https:\/\/wein-werte.com\/de\/wp-json\/wp\/v2\/media?parent=1130418"}],"wp:term":[{"taxonomy":"product_brand","embeddable":true,"href":"https:\/\/wein-werte.com\/de\/wp-json\/wp\/v2\/product_brand?post=1130418"},{"taxonomy":"product_cat","embeddable":true,"href":"https:\/\/wein-werte.com\/de\/wp-json\/wp\/v2\/product_cat?post=1130418"},{"taxonomy":"product_tag","embeddable":true,"href":"https:\/\/wein-werte.com\/de\/wp-json\/wp\/v2\/product_tag?post=1130418"}],"curies":[{"name":"wp","href":"https:\/\/api.w.org\/{rel}","templated":true}]}}