{"id":1130394,"date":"2026-05-05T18:18:57","date_gmt":"2026-05-05T16:18:57","guid":{"rendered":"https:\/\/wein-werte.com\/product\/karthauserhof-karthauserhof-brut-traditionelle-flaschengarung-750ml\/"},"modified":"2026-04-27T11:45:51","modified_gmt":"2026-04-27T09:45:51","slug":"karthauserhof-karthauserhof-brut-traditionelle-flaschengarung-750ml","status":"publish","type":"product","link":"https:\/\/wein-werte.com\/de\/produkt\/karthauserhof-karthauserhof-brut-traditionelle-flaschengarung-750ml\/","title":{"rendered":"Karth\u00e4userhof | Mosel | Karth\u00e4userhof Brut, traditionelle Flascheng\u00e4rung | NV | 750ml"},"content":{"rendered":"<p>Produktbeschreibung f\u00fcr Karth\u00e4userhof Karth\u00e4userhof Brut, traditionelle Flascheng\u00e4rung NV  <\/p>\n<h5>Info zum Sekt<\/h5>\n<p> 80% Riesling und 20% Wei\u00dfburgunder. <\/p>\n<h5>Info zum Ausbau<\/h5>\n<p> 36 Monate Hefelagerung und 1,5g Dosage. <\/p>\n<h5>Farbe\/Aussehen<\/h5>\n<p> Helles Gelb mit deutlichen silbrigen Reflexen\/Ultrafeine, breitgestreute P\u00e9rlage. <\/p>\n<h5>Nase<\/h5>\n<p> Der 1\/24 Kart\u00e4userhof Brut verspr\u00fcht eine wunderbare Finesse, Zitrus, gr\u00fcner Apfel, kalkige Noten und eine deutliche Kr\u00e4uterw\u00fcrze machen den Auftakt. Ein Top Sekt der Sauerstoff vertr\u00e4gt, es gesellen sich dann feinste Briochenoten, Austernschale, Meeresbrise, gr\u00fcner Tee und Grapefruit hinzu, alles wunderbar ineinander verwoben. <\/p>\n<h5>Gaumen<\/h5>\n<p> Das Mathieu Kaufmann als talentierter Sektmacher hinter diesem Produkt steht l\u00e4sst sich nicht verleugnen. Gestochen scharf und mundw\u00e4ssernd flie\u00dft dieser edle und k\u00fchle Schaumwein \u00fcber den Gaumen und regt s\u00e4mtliche Geschmackspapillen aufs feinste an. Man m\u00f6chte \u00fcberhaupt nicht mehr von ihm lassen, feinnervig und zugleich cremig ist dieser Sekt nicht nur der perfekte Ap\u00e9ritif, sondern dieses Meisterst\u00fcck kann man ganz vortrefflich zu feinen Speisen kombinieren. Wir sto\u00dfen an auf die deutsche Sektkultur mit franz\u00f6sischem Esprit. Gro\u00dfartiges Preis-Werte Verh\u00e4ltnis. <\/p>\n<p>Copyright Vinaturel 2025<\/p>\n<p>Keywords: <a href=\"https:\/\/wein-werte.com\/de\/shop\/?swoof=1&#038;pa_producer=Karth\u00e4userhof\">Karth\u00e4userhof<\/a> <a href=\"https:\/\/wein-werte.com\/de\/shop\/?swoof=1&#038;woof_text=Karth\u00e4userhof Brut, traditionelle Flascheng\u00e4rung\">Karth\u00e4userhof Brut, traditionelle Flascheng\u00e4rung<\/a> NV  <a href=\"https:\/\/wein-werte.com\/de\/shop\/?swoof=1&#038;pa_region=Mosel\">Mosel<\/a> <a href=\"https:\/\/wein-werte.com\/de\/shop\/?swoof=1&#038;pa_country=Deutschland\">Deutschland<\/a><\/p>\n<p>Internetseite des Weinguts: <a href=\"https:\/\/www.karthaeuserhof.com\/en\/\" target=\"_blank\">https:\/\/www.karthaeuserhof.com\/en\/<\/a><\/p>\n","protected":false},"excerpt":{"rendered":"<p>Lieferzeit: 1 bis 2 Arbeitstage (DE), 2 bis 5 Arbeitstage (EU and CH)<\/p>\n","protected":false},"featured_media":1141554,"template":"","meta":[],"product_brand":[],"product_cat":[19],"product_tag":[],"class_list":{"0":"post-1130394","1":"product","2":"type-product","3":"status-publish","4":"has-post-thumbnail","6":"product_cat-unkategorisiert","7":"pa_alcohol-for-filter-12893","8":"pa_certified-biodynamic-nein-de","9":"pa_certified-organic-nein-de","10":"pa_colour-weiss","11":"pa_country-deutschland","12":"pa_grape-riesling-cuvee","13":"pa_price-for-filter-10628","14":"pa_producer-karthauserhof","15":"pa_region-mosel","16":"pa_size-ml-6584","17":"pa_sweetness-trocken-de","18":"pa_type-2-sekt-de","19":"pa_vintage-nv-de","20":"entry","21":"has-media","23":"first","24":"instock","25":"taxable","26":"shipping-taxable","27":"purchasable","28":"product-type-simple"},"yoast_head":"<!-- This site is optimized with the Yoast SEO plugin v27.5 - https:\/\/yoast.com\/product\/yoast-seo-wordpress\/ -->\n<title>Karth\u00e4userhof Karth\u00e4userhof Brut traditionelle Flascheng\u00e4rung<\/title>\n<meta name=\"description\" content=\"Kaufe Karth\u00e4userhof Karth\u00e4userhof Brut traditionelle Flascheng\u00e4rung (Riesling Cuv\u00e9e, trocken Schaumwein aus Mosel, Deutschland) bei Wein Werte, Ihrem nachhaltigen Onlineshop.\" \/>\n<meta name=\"robots\" content=\"index, follow, max-snippet:-1, max-image-preview:large, max-video-preview:-1\" \/>\n<link rel=\"canonical\" href=\"https:\/\/wein-werte.com\/de\/produkt\/karthauserhof-karthauserhof-brut-traditionelle-flaschengarung-750ml\/\" \/>\n<meta property=\"og:locale\" content=\"de_DE\" \/>\n<meta property=\"og:type\" content=\"article\" \/>\n<meta property=\"og:title\" content=\"Karth\u00e4userhof Karth\u00e4userhof Brut traditionelle Flascheng\u00e4rung\" \/>\n<meta property=\"og:description\" content=\"Kaufe Karth\u00e4userhof Karth\u00e4userhof Brut traditionelle Flascheng\u00e4rung (Riesling Cuv\u00e9e, trocken Schaumwein aus Mosel, Deutschland) bei Wein Werte, Ihrem nachhaltigen Onlineshop.\" \/>\n<meta property=\"og:url\" content=\"https:\/\/wein-werte.com\/de\/produkt\/karthauserhof-karthauserhof-brut-traditionelle-flaschengarung-750ml\/\" \/>\n<meta property=\"og:site_name\" content=\"Wein Werte\" \/>\n<meta property=\"og:image\" content=\"https:\/\/wein-werte.com\/wp-content\/uploads\/2026\/04\/Karthauserhof-Karthauserhof-Brut-traditionelle-Flaschengarung-750ml.png\" \/>\n\t<meta property=\"og:image:width\" content=\"316\" \/>\n\t<meta property=\"og:image:height\" content=\"1200\" \/>\n\t<meta property=\"og:image:type\" content=\"image\/png\" \/>\n<meta name=\"twitter:card\" content=\"summary_large_image\" \/>\n<meta name=\"twitter:label1\" content=\"Gesch\u00e4tzte Lesezeit\" \/>\n\t<meta name=\"twitter:data1\" content=\"1\u00a0Minute\" \/>\n<script type=\"application\/ld+json\" class=\"yoast-schema-graph\">{\"@context\":\"https:\\\/\\\/schema.org\",\"@graph\":[{\"@type\":\"WebPage\",\"@id\":\"https:\\\/\\\/wein-werte.com\\\/de\\\/produkt\\\/karthauserhof-karthauserhof-brut-traditionelle-flaschengarung-750ml\\\/\",\"url\":\"https:\\\/\\\/wein-werte.com\\\/de\\\/produkt\\\/karthauserhof-karthauserhof-brut-traditionelle-flaschengarung-750ml\\\/\",\"name\":\"Karth\u00e4userhof Karth\u00e4userhof Brut traditionelle Flascheng\u00e4rung\",\"isPartOf\":{\"@id\":\"https:\\\/\\\/wein-werte.com\\\/de\\\/#website\"},\"primaryImageOfPage\":{\"@id\":\"https:\\\/\\\/wein-werte.com\\\/de\\\/produkt\\\/karthauserhof-karthauserhof-brut-traditionelle-flaschengarung-750ml\\\/#primaryimage\"},\"image\":{\"@id\":\"https:\\\/\\\/wein-werte.com\\\/de\\\/produkt\\\/karthauserhof-karthauserhof-brut-traditionelle-flaschengarung-750ml\\\/#primaryimage\"},\"thumbnailUrl\":\"https:\\\/\\\/wein-werte.com\\\/wp-content\\\/uploads\\\/2026\\\/04\\\/Karthauserhof-Karthauserhof-Brut-traditionelle-Flaschengarung-750ml.png\",\"datePublished\":\"2026-05-05T16:18:57+00:00\",\"description\":\"Kaufe Karth\u00e4userhof Karth\u00e4userhof Brut traditionelle Flascheng\u00e4rung (Riesling Cuv\u00e9e, trocken Schaumwein aus Mosel, Deutschland) bei Wein Werte, Ihrem nachhaltigen Onlineshop.\",\"breadcrumb\":{\"@id\":\"https:\\\/\\\/wein-werte.com\\\/de\\\/produkt\\\/karthauserhof-karthauserhof-brut-traditionelle-flaschengarung-750ml\\\/#breadcrumb\"},\"inLanguage\":\"de\",\"potentialAction\":[{\"@type\":\"ReadAction\",\"target\":[\"https:\\\/\\\/wein-werte.com\\\/de\\\/produkt\\\/karthauserhof-karthauserhof-brut-traditionelle-flaschengarung-750ml\\\/\"]}]},{\"@type\":\"ImageObject\",\"inLanguage\":\"de\",\"@id\":\"https:\\\/\\\/wein-werte.com\\\/de\\\/produkt\\\/karthauserhof-karthauserhof-brut-traditionelle-flaschengarung-750ml\\\/#primaryimage\",\"url\":\"https:\\\/\\\/wein-werte.com\\\/wp-content\\\/uploads\\\/2026\\\/04\\\/Karthauserhof-Karthauserhof-Brut-traditionelle-Flaschengarung-750ml.png\",\"contentUrl\":\"https:\\\/\\\/wein-werte.com\\\/wp-content\\\/uploads\\\/2026\\\/04\\\/Karthauserhof-Karthauserhof-Brut-traditionelle-Flaschengarung-750ml.png\",\"width\":316,\"height\":1200,\"caption\":\"Karth\u00e4userhof Karth\u00e4userhof Brut, traditionelle Flascheng\u00e4rung NV 750ml\"},{\"@type\":\"BreadcrumbList\",\"@id\":\"https:\\\/\\\/wein-werte.com\\\/de\\\/produkt\\\/karthauserhof-karthauserhof-brut-traditionelle-flaschengarung-750ml\\\/#breadcrumb\",\"itemListElement\":[{\"@type\":\"ListItem\",\"position\":1,\"name\":\"Home\",\"item\":\"https:\\\/\\\/wein-werte.com\\\/de\\\/\"},{\"@type\":\"ListItem\",\"position\":2,\"name\":\"Shop\",\"item\":\"https:\\\/\\\/wein-werte.com\\\/de\\\/shop\\\/\"},{\"@type\":\"ListItem\",\"position\":3,\"name\":\"Karth\u00e4userhof | Mosel | Karth\u00e4userhof Brut, traditionelle Flascheng\u00e4rung | NV | 750ml\"}]},{\"@type\":\"WebSite\",\"@id\":\"https:\\\/\\\/wein-werte.com\\\/de\\\/#website\",\"url\":\"https:\\\/\\\/wein-werte.com\\\/de\\\/\",\"name\":\"Wein Werte\",\"description\":\"\",\"publisher\":{\"@id\":\"https:\\\/\\\/wein-werte.com\\\/de\\\/#organization\"},\"potentialAction\":[{\"@type\":\"SearchAction\",\"target\":{\"@type\":\"EntryPoint\",\"urlTemplate\":\"https:\\\/\\\/wein-werte.com\\\/de\\\/?s={search_term_string}\"},\"query-input\":{\"@type\":\"PropertyValueSpecification\",\"valueRequired\":true,\"valueName\":\"search_term_string\"}}],\"inLanguage\":\"de\"},{\"@type\":\"Organization\",\"@id\":\"https:\\\/\\\/wein-werte.com\\\/de\\\/#organization\",\"name\":\"Vins Fins Thorrold\",\"url\":\"https:\\\/\\\/wein-werte.com\\\/de\\\/\",\"logo\":{\"@type\":\"ImageObject\",\"inLanguage\":\"de\",\"@id\":\"https:\\\/\\\/wein-werte.com\\\/de\\\/#\\\/schema\\\/logo\\\/image\\\/\",\"url\":\"https:\\\/\\\/wein-werte.com\\\/wp-content\\\/uploads\\\/2023\\\/07\\\/Wein_werte_Logo700-1.png\",\"contentUrl\":\"https:\\\/\\\/wein-werte.com\\\/wp-content\\\/uploads\\\/2023\\\/07\\\/Wein_werte_Logo700-1.png\",\"width\":700,\"height\":272,\"caption\":\"Vins Fins Thorrold\"},\"image\":{\"@id\":\"https:\\\/\\\/wein-werte.com\\\/de\\\/#\\\/schema\\\/logo\\\/image\\\/\"}}]}<\/script>\n<!-- \/ Yoast SEO plugin. -->","yoast_head_json":{"title":"Karth\u00e4userhof Karth\u00e4userhof Brut traditionelle Flascheng\u00e4rung","description":"Kaufe Karth\u00e4userhof Karth\u00e4userhof Brut traditionelle Flascheng\u00e4rung (Riesling Cuv\u00e9e, trocken Schaumwein aus Mosel, Deutschland) bei Wein Werte, Ihrem nachhaltigen Onlineshop.","robots":{"index":"index","follow":"follow","max-snippet":"max-snippet:-1","max-image-preview":"max-image-preview:large","max-video-preview":"max-video-preview:-1"},"canonical":"https:\/\/wein-werte.com\/de\/produkt\/karthauserhof-karthauserhof-brut-traditionelle-flaschengarung-750ml\/","og_locale":"de_DE","og_type":"article","og_title":"Karth\u00e4userhof Karth\u00e4userhof Brut traditionelle Flascheng\u00e4rung","og_description":"Kaufe Karth\u00e4userhof Karth\u00e4userhof Brut traditionelle Flascheng\u00e4rung (Riesling Cuv\u00e9e, trocken Schaumwein aus Mosel, Deutschland) bei Wein Werte, Ihrem nachhaltigen Onlineshop.","og_url":"https:\/\/wein-werte.com\/de\/produkt\/karthauserhof-karthauserhof-brut-traditionelle-flaschengarung-750ml\/","og_site_name":"Wein Werte","og_image":[{"width":316,"height":1200,"url":"https:\/\/wein-werte.com\/wp-content\/uploads\/2026\/04\/Karthauserhof-Karthauserhof-Brut-traditionelle-Flaschengarung-750ml.png","type":"image\/png"}],"twitter_card":"summary_large_image","twitter_misc":{"Gesch\u00e4tzte Lesezeit":"1\u00a0Minute"},"schema":{"@context":"https:\/\/schema.org","@graph":[{"@type":"WebPage","@id":"https:\/\/wein-werte.com\/de\/produkt\/karthauserhof-karthauserhof-brut-traditionelle-flaschengarung-750ml\/","url":"https:\/\/wein-werte.com\/de\/produkt\/karthauserhof-karthauserhof-brut-traditionelle-flaschengarung-750ml\/","name":"Karth\u00e4userhof Karth\u00e4userhof Brut traditionelle Flascheng\u00e4rung","isPartOf":{"@id":"https:\/\/wein-werte.com\/de\/#website"},"primaryImageOfPage":{"@id":"https:\/\/wein-werte.com\/de\/produkt\/karthauserhof-karthauserhof-brut-traditionelle-flaschengarung-750ml\/#primaryimage"},"image":{"@id":"https:\/\/wein-werte.com\/de\/produkt\/karthauserhof-karthauserhof-brut-traditionelle-flaschengarung-750ml\/#primaryimage"},"thumbnailUrl":"https:\/\/wein-werte.com\/wp-content\/uploads\/2026\/04\/Karthauserhof-Karthauserhof-Brut-traditionelle-Flaschengarung-750ml.png","datePublished":"2026-05-05T16:18:57+00:00","description":"Kaufe Karth\u00e4userhof Karth\u00e4userhof Brut traditionelle Flascheng\u00e4rung (Riesling Cuv\u00e9e, trocken Schaumwein aus Mosel, Deutschland) bei Wein Werte, Ihrem nachhaltigen Onlineshop.","breadcrumb":{"@id":"https:\/\/wein-werte.com\/de\/produkt\/karthauserhof-karthauserhof-brut-traditionelle-flaschengarung-750ml\/#breadcrumb"},"inLanguage":"de","potentialAction":[{"@type":"ReadAction","target":["https:\/\/wein-werte.com\/de\/produkt\/karthauserhof-karthauserhof-brut-traditionelle-flaschengarung-750ml\/"]}]},{"@type":"ImageObject","inLanguage":"de","@id":"https:\/\/wein-werte.com\/de\/produkt\/karthauserhof-karthauserhof-brut-traditionelle-flaschengarung-750ml\/#primaryimage","url":"https:\/\/wein-werte.com\/wp-content\/uploads\/2026\/04\/Karthauserhof-Karthauserhof-Brut-traditionelle-Flaschengarung-750ml.png","contentUrl":"https:\/\/wein-werte.com\/wp-content\/uploads\/2026\/04\/Karthauserhof-Karthauserhof-Brut-traditionelle-Flaschengarung-750ml.png","width":316,"height":1200,"caption":"Karth\u00e4userhof Karth\u00e4userhof Brut, traditionelle Flascheng\u00e4rung NV 750ml"},{"@type":"BreadcrumbList","@id":"https:\/\/wein-werte.com\/de\/produkt\/karthauserhof-karthauserhof-brut-traditionelle-flaschengarung-750ml\/#breadcrumb","itemListElement":[{"@type":"ListItem","position":1,"name":"Home","item":"https:\/\/wein-werte.com\/de\/"},{"@type":"ListItem","position":2,"name":"Shop","item":"https:\/\/wein-werte.com\/de\/shop\/"},{"@type":"ListItem","position":3,"name":"Karth\u00e4userhof | Mosel | Karth\u00e4userhof Brut, traditionelle Flascheng\u00e4rung | NV | 750ml"}]},{"@type":"WebSite","@id":"https:\/\/wein-werte.com\/de\/#website","url":"https:\/\/wein-werte.com\/de\/","name":"Wein Werte","description":"","publisher":{"@id":"https:\/\/wein-werte.com\/de\/#organization"},"potentialAction":[{"@type":"SearchAction","target":{"@type":"EntryPoint","urlTemplate":"https:\/\/wein-werte.com\/de\/?s={search_term_string}"},"query-input":{"@type":"PropertyValueSpecification","valueRequired":true,"valueName":"search_term_string"}}],"inLanguage":"de"},{"@type":"Organization","@id":"https:\/\/wein-werte.com\/de\/#organization","name":"Vins Fins Thorrold","url":"https:\/\/wein-werte.com\/de\/","logo":{"@type":"ImageObject","inLanguage":"de","@id":"https:\/\/wein-werte.com\/de\/#\/schema\/logo\/image\/","url":"https:\/\/wein-werte.com\/wp-content\/uploads\/2023\/07\/Wein_werte_Logo700-1.png","contentUrl":"https:\/\/wein-werte.com\/wp-content\/uploads\/2023\/07\/Wein_werte_Logo700-1.png","width":700,"height":272,"caption":"Vins Fins Thorrold"},"image":{"@id":"https:\/\/wein-werte.com\/de\/#\/schema\/logo\/image\/"}}]}},"_links":{"self":[{"href":"https:\/\/wein-werte.com\/de\/wp-json\/wp\/v2\/product\/1130394","targetHints":{"allow":["GET"]}}],"collection":[{"href":"https:\/\/wein-werte.com\/de\/wp-json\/wp\/v2\/product"}],"about":[{"href":"https:\/\/wein-werte.com\/de\/wp-json\/wp\/v2\/types\/product"}],"wp:featuredmedia":[{"embeddable":true,"href":"https:\/\/wein-werte.com\/de\/wp-json\/wp\/v2\/media\/1141554"}],"wp:attachment":[{"href":"https:\/\/wein-werte.com\/de\/wp-json\/wp\/v2\/media?parent=1130394"}],"wp:term":[{"taxonomy":"product_brand","embeddable":true,"href":"https:\/\/wein-werte.com\/de\/wp-json\/wp\/v2\/product_brand?post=1130394"},{"taxonomy":"product_cat","embeddable":true,"href":"https:\/\/wein-werte.com\/de\/wp-json\/wp\/v2\/product_cat?post=1130394"},{"taxonomy":"product_tag","embeddable":true,"href":"https:\/\/wein-werte.com\/de\/wp-json\/wp\/v2\/product_tag?post=1130394"}],"curies":[{"name":"wp","href":"https:\/\/api.w.org\/{rel}","templated":true}]}}