{"id":1130389,"date":"2026-05-08T20:01:55","date_gmt":"2026-05-08T18:01:55","guid":{"rendered":"https:\/\/wein-werte.com\/product\/karthauserhof-riesling-karthauserhof-grosses-gewachs-2022-750ml\/"},"modified":"2026-04-27T11:45:50","modified_gmt":"2026-04-27T09:45:50","slug":"karthauserhof-riesling-karthauserhof-grosses-gewachs-2022-750ml","status":"publish","type":"product","link":"https:\/\/wein-werte.com\/de\/produkt\/karthauserhof-riesling-karthauserhof-grosses-gewachs-2022-750ml\/","title":{"rendered":"Karth\u00e4userhof | Mosel | Riesling Karth\u00e4userhof Grosses Gew\u00e4chs | 2022 | 750ml"},"content":{"rendered":"<p>Produktbeschreibung f\u00fcr Karth\u00e4userhof Riesling Karth\u00e4userhof Grosses Gew\u00e4chs 2022  <\/p>\n<h5>Farbe<\/h5>\n<p> helles bis mittleres Strohgelb <\/p>\n<h5>Nase<\/h5>\n<p> Das Gro\u00dfe Gew\u00e4chs 2023 aus dem Eitelsbacher Karth\u00e4userhofberg \u00f6ffnet sich mit Noten von Zitronen und und Reineclauden, ein wenig Minze und anderen Gartenkr\u00e4utern. \u00dcber allem liegt ein wenig Gesteinsrauch und vielleicht ein Hauch von Reduktion und etwas S\u00fc\u00dfholz. <\/p>\n<h5>Gaumen<\/h5>\n<p> Am Gaumen ist das GG in angenehmer Weise schlank und dr\u00e4ngend mit einer druckvollen Apfels\u00e4ure und vielen herben Noten. Da ist viel Spannung drin und eine sch\u00f6ne Pr\u00e4zision. Vor allem wirkt der Wein im Finale knalltrocken, ist gepr\u00e4gt von Zitronen, Bergamotten, wiederum Minze und nassem Kiesel. <\/p>\n<p>Copyright Vinaturel 2025<\/p>\n<p>Keywords: <a href=\"https:\/\/wein-werte.com\/de\/shop\/?swoof=1&#038;pa_producer=Karth\u00e4userhof\">Karth\u00e4userhof<\/a> <a href=\"https:\/\/wein-werte.com\/de\/shop\/?swoof=1&#038;woof_text=Riesling Karth\u00e4userhof Grosses Gew\u00e4chs\">Riesling Karth\u00e4userhof Grosses Gew\u00e4chs<\/a> 2022  <a href=\"https:\/\/wein-werte.com\/de\/shop\/?swoof=1&#038;pa_region=Mosel\">Mosel<\/a> <a href=\"https:\/\/wein-werte.com\/de\/shop\/?swoof=1&#038;pa_country=Deutschland\">Deutschland<\/a><\/p>\n<h3>Vinous<\/h3>\n<p>Punkte: 92<\/p>\n<p>Der Riesling Karth\u00e4userhofberg Grosses Gew\u00e4chs 2022 stammt aus der Einzelparzelle Kronenberg am Gipfel des Karth\u00e4userhofbergs. Eine \u00e4therische Zitronennote erscheint vor einer sanften Cremigkeit, und mehr Luft verleiht Heublumennoten. Am Gaumen pr\u00e4sentiert sich bereits eine balsamische Geschmeidigkeit mit leichtem K\u00f6rper, abgerundet von einer leichten Markigkeit, die fast an getrocknete Zitronenschalen erinnert. Der Wein ist sanft und angenehm fl\u00fcssig. \u2013 Anne Krebiehl MW<br \/>Trinkfenster: 2024\u20132050<br \/>Testdatum: Dezember 2024<\/p>\n<p>Internetseite des Weinguts: <a href=\"https:\/\/www.karthaeuserhof.com\/en\/\" target=\"_blank\">https:\/\/www.karthaeuserhof.com\/en\/<\/a><\/p>\n","protected":false},"excerpt":{"rendered":"<p>Lieferzeit: 1 bis 2 Arbeitstage (DE), 2 bis 5 Arbeitstage (EU and CH)<\/p>\n","protected":false},"featured_media":1141550,"template":"","meta":[],"product_brand":[],"product_cat":[19],"product_tag":[],"class_list":{"0":"post-1130389","1":"product","2":"type-product","3":"status-publish","4":"has-post-thumbnail","6":"product_cat-unkategorisiert","7":"pa_alcohol-for-filter-12893","8":"pa_certified-biodynamic-nein-de","9":"pa_certified-organic-nein-de","10":"pa_colour-weiss","11":"pa_country-deutschland","12":"pa_grape-riesling","13":"pa_price-for-filter-10570","14":"pa_producer-karthauserhof","15":"pa_region-mosel","16":"pa_size-ml-6584","17":"pa_sweetness-trocken-de","18":"pa_type-2-still-de","19":"pa_vinous-points-for-filter-20029","20":"pa_vintage-2022-de","21":"entry","22":"has-media","24":"first","25":"instock","26":"taxable","27":"shipping-taxable","28":"purchasable","29":"product-type-simple"},"yoast_head":"<!-- This site is optimized with the Yoast SEO plugin v27.5 - https:\/\/yoast.com\/product\/yoast-seo-wordpress\/ -->\n<title>Karth\u00e4userhof Riesling Karth\u00e4userhof Grosses Gew\u00e4chs 2022<\/title>\n<meta name=\"description\" content=\"Kaufe Karth\u00e4userhof Riesling Karth\u00e4userhof Grosses Gew\u00e4chs 2022 (Riesling, trocken aus Mosel, Deutschland) bei Wein Werte, Ihrem nachhaltigen Onlineshop.\" \/>\n<meta name=\"robots\" content=\"index, follow, max-snippet:-1, max-image-preview:large, max-video-preview:-1\" \/>\n<link rel=\"canonical\" href=\"https:\/\/wein-werte.com\/de\/produkt\/karthauserhof-riesling-karthauserhof-grosses-gewachs-2022-750ml\/\" \/>\n<meta property=\"og:locale\" content=\"de_DE\" \/>\n<meta property=\"og:type\" content=\"article\" \/>\n<meta property=\"og:title\" content=\"Karth\u00e4userhof Riesling Karth\u00e4userhof Grosses Gew\u00e4chs 2022\" \/>\n<meta property=\"og:description\" content=\"Kaufe Karth\u00e4userhof Riesling Karth\u00e4userhof Grosses Gew\u00e4chs 2022 (Riesling, trocken aus Mosel, Deutschland) bei Wein Werte, Ihrem nachhaltigen Onlineshop.\" \/>\n<meta property=\"og:url\" content=\"https:\/\/wein-werte.com\/de\/produkt\/karthauserhof-riesling-karthauserhof-grosses-gewachs-2022-750ml\/\" \/>\n<meta property=\"og:site_name\" content=\"Wein Werte\" \/>\n<meta property=\"og:image\" content=\"https:\/\/wein-werte.com\/wp-content\/uploads\/2026\/04\/Karthauserhof-Riesling-Karthauserhof-Grosses-Gewachs-2022-750ml.png\" \/>\n\t<meta property=\"og:image:width\" content=\"257\" \/>\n\t<meta property=\"og:image:height\" content=\"1200\" \/>\n\t<meta property=\"og:image:type\" content=\"image\/png\" \/>\n<meta name=\"twitter:card\" content=\"summary_large_image\" \/>\n<meta name=\"twitter:label1\" content=\"Gesch\u00e4tzte Lesezeit\" \/>\n\t<meta name=\"twitter:data1\" content=\"1\u00a0Minute\" \/>\n<script type=\"application\/ld+json\" class=\"yoast-schema-graph\">{\"@context\":\"https:\\\/\\\/schema.org\",\"@graph\":[{\"@type\":\"WebPage\",\"@id\":\"https:\\\/\\\/wein-werte.com\\\/de\\\/produkt\\\/karthauserhof-riesling-karthauserhof-grosses-gewachs-2022-750ml\\\/\",\"url\":\"https:\\\/\\\/wein-werte.com\\\/de\\\/produkt\\\/karthauserhof-riesling-karthauserhof-grosses-gewachs-2022-750ml\\\/\",\"name\":\"Karth\u00e4userhof Riesling Karth\u00e4userhof Grosses Gew\u00e4chs 2022\",\"isPartOf\":{\"@id\":\"https:\\\/\\\/wein-werte.com\\\/de\\\/#website\"},\"primaryImageOfPage\":{\"@id\":\"https:\\\/\\\/wein-werte.com\\\/de\\\/produkt\\\/karthauserhof-riesling-karthauserhof-grosses-gewachs-2022-750ml\\\/#primaryimage\"},\"image\":{\"@id\":\"https:\\\/\\\/wein-werte.com\\\/de\\\/produkt\\\/karthauserhof-riesling-karthauserhof-grosses-gewachs-2022-750ml\\\/#primaryimage\"},\"thumbnailUrl\":\"https:\\\/\\\/wein-werte.com\\\/wp-content\\\/uploads\\\/2026\\\/04\\\/Karthauserhof-Riesling-Karthauserhof-Grosses-Gewachs-2022-750ml.png\",\"datePublished\":\"2026-05-08T18:01:55+00:00\",\"description\":\"Kaufe Karth\u00e4userhof Riesling Karth\u00e4userhof Grosses Gew\u00e4chs 2022 (Riesling, trocken aus Mosel, Deutschland) bei Wein Werte, Ihrem nachhaltigen Onlineshop.\",\"breadcrumb\":{\"@id\":\"https:\\\/\\\/wein-werte.com\\\/de\\\/produkt\\\/karthauserhof-riesling-karthauserhof-grosses-gewachs-2022-750ml\\\/#breadcrumb\"},\"inLanguage\":\"de\",\"potentialAction\":[{\"@type\":\"ReadAction\",\"target\":[\"https:\\\/\\\/wein-werte.com\\\/de\\\/produkt\\\/karthauserhof-riesling-karthauserhof-grosses-gewachs-2022-750ml\\\/\"]}]},{\"@type\":\"ImageObject\",\"inLanguage\":\"de\",\"@id\":\"https:\\\/\\\/wein-werte.com\\\/de\\\/produkt\\\/karthauserhof-riesling-karthauserhof-grosses-gewachs-2022-750ml\\\/#primaryimage\",\"url\":\"https:\\\/\\\/wein-werte.com\\\/wp-content\\\/uploads\\\/2026\\\/04\\\/Karthauserhof-Riesling-Karthauserhof-Grosses-Gewachs-2022-750ml.png\",\"contentUrl\":\"https:\\\/\\\/wein-werte.com\\\/wp-content\\\/uploads\\\/2026\\\/04\\\/Karthauserhof-Riesling-Karthauserhof-Grosses-Gewachs-2022-750ml.png\",\"width\":257,\"height\":1200,\"caption\":\"Karth\u00e4userhof Riesling Karth\u00e4userhof Grosses Gew\u00e4chs 2022 750ml\"},{\"@type\":\"BreadcrumbList\",\"@id\":\"https:\\\/\\\/wein-werte.com\\\/de\\\/produkt\\\/karthauserhof-riesling-karthauserhof-grosses-gewachs-2022-750ml\\\/#breadcrumb\",\"itemListElement\":[{\"@type\":\"ListItem\",\"position\":1,\"name\":\"Home\",\"item\":\"https:\\\/\\\/wein-werte.com\\\/de\\\/\"},{\"@type\":\"ListItem\",\"position\":2,\"name\":\"Shop\",\"item\":\"https:\\\/\\\/wein-werte.com\\\/de\\\/shop\\\/\"},{\"@type\":\"ListItem\",\"position\":3,\"name\":\"Karth\u00e4userhof | Mosel | Riesling Karth\u00e4userhof Grosses Gew\u00e4chs | 2022 | 750ml\"}]},{\"@type\":\"WebSite\",\"@id\":\"https:\\\/\\\/wein-werte.com\\\/de\\\/#website\",\"url\":\"https:\\\/\\\/wein-werte.com\\\/de\\\/\",\"name\":\"Wein Werte\",\"description\":\"\",\"publisher\":{\"@id\":\"https:\\\/\\\/wein-werte.com\\\/de\\\/#organization\"},\"potentialAction\":[{\"@type\":\"SearchAction\",\"target\":{\"@type\":\"EntryPoint\",\"urlTemplate\":\"https:\\\/\\\/wein-werte.com\\\/de\\\/?s={search_term_string}\"},\"query-input\":{\"@type\":\"PropertyValueSpecification\",\"valueRequired\":true,\"valueName\":\"search_term_string\"}}],\"inLanguage\":\"de\"},{\"@type\":\"Organization\",\"@id\":\"https:\\\/\\\/wein-werte.com\\\/de\\\/#organization\",\"name\":\"Vins Fins Thorrold\",\"url\":\"https:\\\/\\\/wein-werte.com\\\/de\\\/\",\"logo\":{\"@type\":\"ImageObject\",\"inLanguage\":\"de\",\"@id\":\"https:\\\/\\\/wein-werte.com\\\/de\\\/#\\\/schema\\\/logo\\\/image\\\/\",\"url\":\"https:\\\/\\\/wein-werte.com\\\/wp-content\\\/uploads\\\/2023\\\/07\\\/Wein_werte_Logo700-1.png\",\"contentUrl\":\"https:\\\/\\\/wein-werte.com\\\/wp-content\\\/uploads\\\/2023\\\/07\\\/Wein_werte_Logo700-1.png\",\"width\":700,\"height\":272,\"caption\":\"Vins Fins Thorrold\"},\"image\":{\"@id\":\"https:\\\/\\\/wein-werte.com\\\/de\\\/#\\\/schema\\\/logo\\\/image\\\/\"}}]}<\/script>\n<!-- \/ Yoast SEO plugin. -->","yoast_head_json":{"title":"Karth\u00e4userhof Riesling Karth\u00e4userhof Grosses Gew\u00e4chs 2022","description":"Kaufe Karth\u00e4userhof Riesling Karth\u00e4userhof Grosses Gew\u00e4chs 2022 (Riesling, trocken aus Mosel, Deutschland) bei Wein Werte, Ihrem nachhaltigen Onlineshop.","robots":{"index":"index","follow":"follow","max-snippet":"max-snippet:-1","max-image-preview":"max-image-preview:large","max-video-preview":"max-video-preview:-1"},"canonical":"https:\/\/wein-werte.com\/de\/produkt\/karthauserhof-riesling-karthauserhof-grosses-gewachs-2022-750ml\/","og_locale":"de_DE","og_type":"article","og_title":"Karth\u00e4userhof Riesling Karth\u00e4userhof Grosses Gew\u00e4chs 2022","og_description":"Kaufe Karth\u00e4userhof Riesling Karth\u00e4userhof Grosses Gew\u00e4chs 2022 (Riesling, trocken aus Mosel, Deutschland) bei Wein Werte, Ihrem nachhaltigen Onlineshop.","og_url":"https:\/\/wein-werte.com\/de\/produkt\/karthauserhof-riesling-karthauserhof-grosses-gewachs-2022-750ml\/","og_site_name":"Wein Werte","og_image":[{"width":257,"height":1200,"url":"https:\/\/wein-werte.com\/wp-content\/uploads\/2026\/04\/Karthauserhof-Riesling-Karthauserhof-Grosses-Gewachs-2022-750ml.png","type":"image\/png"}],"twitter_card":"summary_large_image","twitter_misc":{"Gesch\u00e4tzte Lesezeit":"1\u00a0Minute"},"schema":{"@context":"https:\/\/schema.org","@graph":[{"@type":"WebPage","@id":"https:\/\/wein-werte.com\/de\/produkt\/karthauserhof-riesling-karthauserhof-grosses-gewachs-2022-750ml\/","url":"https:\/\/wein-werte.com\/de\/produkt\/karthauserhof-riesling-karthauserhof-grosses-gewachs-2022-750ml\/","name":"Karth\u00e4userhof Riesling Karth\u00e4userhof Grosses Gew\u00e4chs 2022","isPartOf":{"@id":"https:\/\/wein-werte.com\/de\/#website"},"primaryImageOfPage":{"@id":"https:\/\/wein-werte.com\/de\/produkt\/karthauserhof-riesling-karthauserhof-grosses-gewachs-2022-750ml\/#primaryimage"},"image":{"@id":"https:\/\/wein-werte.com\/de\/produkt\/karthauserhof-riesling-karthauserhof-grosses-gewachs-2022-750ml\/#primaryimage"},"thumbnailUrl":"https:\/\/wein-werte.com\/wp-content\/uploads\/2026\/04\/Karthauserhof-Riesling-Karthauserhof-Grosses-Gewachs-2022-750ml.png","datePublished":"2026-05-08T18:01:55+00:00","description":"Kaufe Karth\u00e4userhof Riesling Karth\u00e4userhof Grosses Gew\u00e4chs 2022 (Riesling, trocken aus Mosel, Deutschland) bei Wein Werte, Ihrem nachhaltigen Onlineshop.","breadcrumb":{"@id":"https:\/\/wein-werte.com\/de\/produkt\/karthauserhof-riesling-karthauserhof-grosses-gewachs-2022-750ml\/#breadcrumb"},"inLanguage":"de","potentialAction":[{"@type":"ReadAction","target":["https:\/\/wein-werte.com\/de\/produkt\/karthauserhof-riesling-karthauserhof-grosses-gewachs-2022-750ml\/"]}]},{"@type":"ImageObject","inLanguage":"de","@id":"https:\/\/wein-werte.com\/de\/produkt\/karthauserhof-riesling-karthauserhof-grosses-gewachs-2022-750ml\/#primaryimage","url":"https:\/\/wein-werte.com\/wp-content\/uploads\/2026\/04\/Karthauserhof-Riesling-Karthauserhof-Grosses-Gewachs-2022-750ml.png","contentUrl":"https:\/\/wein-werte.com\/wp-content\/uploads\/2026\/04\/Karthauserhof-Riesling-Karthauserhof-Grosses-Gewachs-2022-750ml.png","width":257,"height":1200,"caption":"Karth\u00e4userhof Riesling Karth\u00e4userhof Grosses Gew\u00e4chs 2022 750ml"},{"@type":"BreadcrumbList","@id":"https:\/\/wein-werte.com\/de\/produkt\/karthauserhof-riesling-karthauserhof-grosses-gewachs-2022-750ml\/#breadcrumb","itemListElement":[{"@type":"ListItem","position":1,"name":"Home","item":"https:\/\/wein-werte.com\/de\/"},{"@type":"ListItem","position":2,"name":"Shop","item":"https:\/\/wein-werte.com\/de\/shop\/"},{"@type":"ListItem","position":3,"name":"Karth\u00e4userhof | Mosel | Riesling Karth\u00e4userhof Grosses Gew\u00e4chs | 2022 | 750ml"}]},{"@type":"WebSite","@id":"https:\/\/wein-werte.com\/de\/#website","url":"https:\/\/wein-werte.com\/de\/","name":"Wein Werte","description":"","publisher":{"@id":"https:\/\/wein-werte.com\/de\/#organization"},"potentialAction":[{"@type":"SearchAction","target":{"@type":"EntryPoint","urlTemplate":"https:\/\/wein-werte.com\/de\/?s={search_term_string}"},"query-input":{"@type":"PropertyValueSpecification","valueRequired":true,"valueName":"search_term_string"}}],"inLanguage":"de"},{"@type":"Organization","@id":"https:\/\/wein-werte.com\/de\/#organization","name":"Vins Fins Thorrold","url":"https:\/\/wein-werte.com\/de\/","logo":{"@type":"ImageObject","inLanguage":"de","@id":"https:\/\/wein-werte.com\/de\/#\/schema\/logo\/image\/","url":"https:\/\/wein-werte.com\/wp-content\/uploads\/2023\/07\/Wein_werte_Logo700-1.png","contentUrl":"https:\/\/wein-werte.com\/wp-content\/uploads\/2023\/07\/Wein_werte_Logo700-1.png","width":700,"height":272,"caption":"Vins Fins Thorrold"},"image":{"@id":"https:\/\/wein-werte.com\/de\/#\/schema\/logo\/image\/"}}]}},"_links":{"self":[{"href":"https:\/\/wein-werte.com\/de\/wp-json\/wp\/v2\/product\/1130389","targetHints":{"allow":["GET"]}}],"collection":[{"href":"https:\/\/wein-werte.com\/de\/wp-json\/wp\/v2\/product"}],"about":[{"href":"https:\/\/wein-werte.com\/de\/wp-json\/wp\/v2\/types\/product"}],"wp:featuredmedia":[{"embeddable":true,"href":"https:\/\/wein-werte.com\/de\/wp-json\/wp\/v2\/media\/1141550"}],"wp:attachment":[{"href":"https:\/\/wein-werte.com\/de\/wp-json\/wp\/v2\/media?parent=1130389"}],"wp:term":[{"taxonomy":"product_brand","embeddable":true,"href":"https:\/\/wein-werte.com\/de\/wp-json\/wp\/v2\/product_brand?post=1130389"},{"taxonomy":"product_cat","embeddable":true,"href":"https:\/\/wein-werte.com\/de\/wp-json\/wp\/v2\/product_cat?post=1130389"},{"taxonomy":"product_tag","embeddable":true,"href":"https:\/\/wein-werte.com\/de\/wp-json\/wp\/v2\/product_tag?post=1130389"}],"curies":[{"name":"wp","href":"https:\/\/api.w.org\/{rel}","templated":true}]}}