{"id":1130309,"date":"2026-05-08T20:01:49","date_gmt":"2026-05-08T18:01:49","guid":{"rendered":"https:\/\/wein-werte.com\/product\/peter-jakob-kuhn-hallgartener-fruhernberg-2022-750ml\/"},"modified":"2026-04-27T11:45:42","modified_gmt":"2026-04-27T09:45:42","slug":"peter-jakob-kuhn-hallgartener-fruhernberg-2022-750ml","status":"publish","type":"product","link":"https:\/\/wein-werte.com\/de\/produkt\/peter-jakob-kuhn-hallgartener-fruhernberg-2022-750ml\/","title":{"rendered":"Peter Jakob K\u00fchn | Rheingau | Hallgartener Fr\u00fchernberg VDP Erste Lage | 2022 | 750ml | bio"},"content":{"rendered":"<p>Produktbeschreibung f\u00fcr Peter Jakob K\u00fchn Hallgartener Fr\u00fchernberg VDP Erste Lage 2022 (bio) <\/p>\n<h5>Information zum Wein<\/h5>\n<p> Die Reben f\u00fcr den Sp\u00e4tburgunder 1G stehen auf etwas leichteren kiesigen B\u00f6den mit fluvialen und maritimen Sedimenten in der Lage Hallgartener Sch\u00f6nhell, dem Gewann Fr\u00fchenberg. Es ist ein Bergr\u00fccken in der Form eines Amphitheaters, das sich nach S\u00fcden hin \u00f6ffnet. Die Reben sind die Selection Massale eines befreundeten Winzers aus dem Burgund, die 2006 gepflanzt wurden. Nach der Handlese wurden 75% per Hand entrappt und die spontane G\u00e4rung mit 25% Ganztrauben durchgef\u00fchrt. Vergoren wurde auf 1,9 Gramm Restzucker bei 5,7 Gramm S\u00e4ure und 13 % vol. Der Ausbau erfolgte f\u00fcr 12 Monate im Barrique mit 50% Neuholzanteil. <\/p>\n<h5>Farbe<\/h5>\n<p> leicht transparentes Rubinrot <\/p>\n<h5>Nase<\/h5>\n<p> Der Fr\u00fchenberg liegt aromatisch eine klare Stufe \u00fcber dem Sp\u00e4tburgunder, auch wenn der schon richtig gut ist. Das Erste Gew\u00e4chs wirkt elegant und intensiv mit viel Kirsche und Waldbeeren, etwas Zimt und Nelke, bestem Holz samt einer feinen, r\u00f6stigen und rauchigen Note, etwas Jod und Veilchen. Das wirkt schon sehr fein und attraktiv. <\/p>\n<h5>Gaumen<\/h5>\n<p> Am Gaumen wirkt der Sp\u00e4tburgunder, der eigentlich ein Pinot Noir ist, seidig und charmant, tief und elegant mit einer k\u00f6stlichen Frucht von Kirschen und blauen Fr\u00fcchten am Anfang ihrer Reife. Das Holz ist erste G\u00fcte, das Tannin zart, aber pr\u00e4sent mit vollendeter Noblesse und Pikanz, Gro\u00dfz\u00fcgigkeit und L\u00e4nge bei klarer Pr\u00e4zision und einer durchaus straffen S\u00e4ure. Ein exzellenter Rheingau-Pinot Noir. <\/p>\n<p>Copyright Vinaturel 2025<\/p>\n<p>Keywords: <a href=\"https:\/\/wein-werte.com\/de\/shop\/?swoof=1&#038;pa_producer=Peter-Jakob-K\u00fchn\">Peter Jakob K\u00fchn<\/a> <a href=\"https:\/\/wein-werte.com\/de\/shop\/?swoof=1&#038;woof_text=Hallgartener Fr\u00fchernberg VDP Erste Lage\">Hallgartener Fr\u00fchernberg VDP Erste Lage<\/a> 2022 bio <a href=\"https:\/\/wein-werte.com\/de\/shop\/?swoof=1&#038;pa_region=Rheingau\">Rheingau<\/a> <a href=\"https:\/\/wein-werte.com\/de\/shop\/?swoof=1&#038;pa_country=Deutschland\">Deutschland<\/a><\/p>\n<h3>Wine Advocate<\/h3>\n<p>Punkte: 94+<\/p>\n<p>Der Hallgartener Fr\u00fchernberg Sp\u00e4tburgunder 1G 2022 er\u00f6ffnet mit einem intensiven und sehr eleganten, geschliffenen und dennoch fein ger\u00f6steten Bouquet von dunklen und leuchtend roten Fr\u00fcchten (Walderdbeeren), vermischt mit floralen Aromen und zarten, steinigen, ja sogar jodigen Noten. Seidig, sehr fein und saftig am Gaumen, ist dieser Pinot mit samtiger Textur und herbem Abgang in diesem Stadium noch etwas streng, obwohl seine Tannine zart und seidig sind, w\u00e4hrend die Frucht perfekt reif und klar, aber weniger fleischig oder hedonistisch ist als beim beeindruckenden Guts-Sp\u00e4tburgunder aus derselben Lage und vom Klosterberg. Er besticht durch bemerkenswerte Noblesse und Eleganz und einen feinen, energetischen und anregend-erfrischenden Abgang. Er ist noch herb, aber mit einer s\u00fc\u00dfen Gro\u00dfz\u00fcgigkeit im Nachhall. 13 % Alkoholgehalt. Naturkorken. Verkostung im August 2024 im Weingut.<br \/>Stephan Reinhardt<\/p>\n<p>Internetseite des Weinguts: <a href=\"https:\/\/www.weingutpjkuehn.de\/en\/home\/\" target=\"_blank\">https:\/\/www.weingutpjkuehn.de\/en\/home\/<\/a><\/p>\n","protected":false},"excerpt":{"rendered":"<p>Lieferzeit: 1 bis 2 Arbeitstage (DE), 2 bis 5 Arbeitstage (EU and CH)<\/p>\n","protected":false},"featured_media":1141498,"template":"","meta":[],"product_brand":[],"product_cat":[19],"product_tag":[],"class_list":{"0":"post-1130309","1":"product","2":"type-product","3":"status-publish","4":"has-post-thumbnail","6":"product_cat-unkategorisiert","7":"pa_alcohol-for-filter-12897","8":"pa_certified-biodynamic-ja-de","9":"pa_certified-organic-ja-de","10":"pa_colour-rot","11":"pa_country-deutschland","12":"pa_grape-pinot-noir-spatburgunder","13":"pa_parker-points-for-filter-94-de-2","14":"pa_price-for-filter-10610","15":"pa_producer-peter-jakob-kuhn","16":"pa_region-rheingau","17":"pa_size-ml-6584","18":"pa_sweetness-trocken-de","19":"pa_type-2-still-de","20":"pa_vintage-2022-de","21":"entry","22":"has-media","24":"first","25":"instock","26":"taxable","27":"shipping-taxable","28":"purchasable","29":"product-type-simple"},"yoast_head":"<!-- This site is optimized with the Yoast SEO plugin v27.5 - https:\/\/yoast.com\/product\/yoast-seo-wordpress\/ -->\n<title>Peter Jakob K\u00fchn Hallgartener Fr\u00fchernberg 2022<\/title>\n<meta name=\"description\" content=\"Kaufe Peter Jakob K\u00fchn Hallgartener Fr\u00fchernberg 2022 (Pinot Noir, trocken aus Rheingau, Deutschland) bei Wein Werte, Ihrem nachhaltigen Onlineshop.\" \/>\n<meta name=\"robots\" content=\"index, follow, max-snippet:-1, max-image-preview:large, max-video-preview:-1\" \/>\n<link rel=\"canonical\" href=\"https:\/\/wein-werte.com\/de\/produkt\/peter-jakob-kuhn-hallgartener-fruhernberg-2022-750ml\/\" \/>\n<meta property=\"og:locale\" content=\"de_DE\" \/>\n<meta property=\"og:type\" content=\"article\" \/>\n<meta property=\"og:title\" content=\"Peter Jakob K\u00fchn Hallgartener Fr\u00fchernberg 2022\" \/>\n<meta property=\"og:description\" content=\"Kaufe Peter Jakob K\u00fchn Hallgartener Fr\u00fchernberg 2022 (Pinot Noir, trocken aus Rheingau, Deutschland) bei Wein Werte, Ihrem nachhaltigen Onlineshop.\" \/>\n<meta property=\"og:url\" content=\"https:\/\/wein-werte.com\/de\/produkt\/peter-jakob-kuhn-hallgartener-fruhernberg-2022-750ml\/\" \/>\n<meta property=\"og:site_name\" content=\"Wein Werte\" \/>\n<meta property=\"og:image\" content=\"https:\/\/wein-werte.com\/wp-content\/uploads\/2026\/04\/Peter-Jakob-Kuhn-Hallgartener-Fruhernberg-2022-750ml.png\" \/>\n\t<meta property=\"og:image:width\" content=\"325\" \/>\n\t<meta property=\"og:image:height\" content=\"1200\" \/>\n\t<meta property=\"og:image:type\" content=\"image\/png\" \/>\n<meta name=\"twitter:card\" content=\"summary_large_image\" \/>\n<meta name=\"twitter:label1\" content=\"Gesch\u00e4tzte Lesezeit\" \/>\n\t<meta name=\"twitter:data1\" content=\"2\u00a0Minuten\" \/>\n<script type=\"application\/ld+json\" class=\"yoast-schema-graph\">{\"@context\":\"https:\\\/\\\/schema.org\",\"@graph\":[{\"@type\":\"WebPage\",\"@id\":\"https:\\\/\\\/wein-werte.com\\\/de\\\/produkt\\\/peter-jakob-kuhn-hallgartener-fruhernberg-2022-750ml\\\/\",\"url\":\"https:\\\/\\\/wein-werte.com\\\/de\\\/produkt\\\/peter-jakob-kuhn-hallgartener-fruhernberg-2022-750ml\\\/\",\"name\":\"Peter Jakob K\u00fchn Hallgartener Fr\u00fchernberg 2022\",\"isPartOf\":{\"@id\":\"https:\\\/\\\/wein-werte.com\\\/de\\\/#website\"},\"primaryImageOfPage\":{\"@id\":\"https:\\\/\\\/wein-werte.com\\\/de\\\/produkt\\\/peter-jakob-kuhn-hallgartener-fruhernberg-2022-750ml\\\/#primaryimage\"},\"image\":{\"@id\":\"https:\\\/\\\/wein-werte.com\\\/de\\\/produkt\\\/peter-jakob-kuhn-hallgartener-fruhernberg-2022-750ml\\\/#primaryimage\"},\"thumbnailUrl\":\"https:\\\/\\\/wein-werte.com\\\/wp-content\\\/uploads\\\/2026\\\/04\\\/Peter-Jakob-Kuhn-Hallgartener-Fruhernberg-2022-750ml.png\",\"datePublished\":\"2026-05-08T18:01:49+00:00\",\"description\":\"Kaufe Peter Jakob K\u00fchn Hallgartener Fr\u00fchernberg 2022 (Pinot Noir, trocken aus Rheingau, Deutschland) bei Wein Werte, Ihrem nachhaltigen Onlineshop.\",\"breadcrumb\":{\"@id\":\"https:\\\/\\\/wein-werte.com\\\/de\\\/produkt\\\/peter-jakob-kuhn-hallgartener-fruhernberg-2022-750ml\\\/#breadcrumb\"},\"inLanguage\":\"de\",\"potentialAction\":[{\"@type\":\"ReadAction\",\"target\":[\"https:\\\/\\\/wein-werte.com\\\/de\\\/produkt\\\/peter-jakob-kuhn-hallgartener-fruhernberg-2022-750ml\\\/\"]}]},{\"@type\":\"ImageObject\",\"inLanguage\":\"de\",\"@id\":\"https:\\\/\\\/wein-werte.com\\\/de\\\/produkt\\\/peter-jakob-kuhn-hallgartener-fruhernberg-2022-750ml\\\/#primaryimage\",\"url\":\"https:\\\/\\\/wein-werte.com\\\/wp-content\\\/uploads\\\/2026\\\/04\\\/Peter-Jakob-Kuhn-Hallgartener-Fruhernberg-2022-750ml.png\",\"contentUrl\":\"https:\\\/\\\/wein-werte.com\\\/wp-content\\\/uploads\\\/2026\\\/04\\\/Peter-Jakob-Kuhn-Hallgartener-Fruhernberg-2022-750ml.png\",\"width\":325,\"height\":1200,\"caption\":\"Peter Jakob K\u00fchn Hallgartener Fr\u00fchernberg VDP Erste Lage 2022 750ml\"},{\"@type\":\"BreadcrumbList\",\"@id\":\"https:\\\/\\\/wein-werte.com\\\/de\\\/produkt\\\/peter-jakob-kuhn-hallgartener-fruhernberg-2022-750ml\\\/#breadcrumb\",\"itemListElement\":[{\"@type\":\"ListItem\",\"position\":1,\"name\":\"Home\",\"item\":\"https:\\\/\\\/wein-werte.com\\\/de\\\/\"},{\"@type\":\"ListItem\",\"position\":2,\"name\":\"Shop\",\"item\":\"https:\\\/\\\/wein-werte.com\\\/de\\\/shop\\\/\"},{\"@type\":\"ListItem\",\"position\":3,\"name\":\"Peter Jakob K\u00fchn | Rheingau | Hallgartener Fr\u00fchernberg VDP Erste Lage | 2022 | 750ml | bio\"}]},{\"@type\":\"WebSite\",\"@id\":\"https:\\\/\\\/wein-werte.com\\\/de\\\/#website\",\"url\":\"https:\\\/\\\/wein-werte.com\\\/de\\\/\",\"name\":\"Wein Werte\",\"description\":\"\",\"publisher\":{\"@id\":\"https:\\\/\\\/wein-werte.com\\\/de\\\/#organization\"},\"potentialAction\":[{\"@type\":\"SearchAction\",\"target\":{\"@type\":\"EntryPoint\",\"urlTemplate\":\"https:\\\/\\\/wein-werte.com\\\/de\\\/?s={search_term_string}\"},\"query-input\":{\"@type\":\"PropertyValueSpecification\",\"valueRequired\":true,\"valueName\":\"search_term_string\"}}],\"inLanguage\":\"de\"},{\"@type\":\"Organization\",\"@id\":\"https:\\\/\\\/wein-werte.com\\\/de\\\/#organization\",\"name\":\"Vins Fins Thorrold\",\"url\":\"https:\\\/\\\/wein-werte.com\\\/de\\\/\",\"logo\":{\"@type\":\"ImageObject\",\"inLanguage\":\"de\",\"@id\":\"https:\\\/\\\/wein-werte.com\\\/de\\\/#\\\/schema\\\/logo\\\/image\\\/\",\"url\":\"https:\\\/\\\/wein-werte.com\\\/wp-content\\\/uploads\\\/2023\\\/07\\\/Wein_werte_Logo700-1.png\",\"contentUrl\":\"https:\\\/\\\/wein-werte.com\\\/wp-content\\\/uploads\\\/2023\\\/07\\\/Wein_werte_Logo700-1.png\",\"width\":700,\"height\":272,\"caption\":\"Vins Fins Thorrold\"},\"image\":{\"@id\":\"https:\\\/\\\/wein-werte.com\\\/de\\\/#\\\/schema\\\/logo\\\/image\\\/\"}}]}<\/script>\n<!-- \/ Yoast SEO plugin. -->","yoast_head_json":{"title":"Peter Jakob K\u00fchn Hallgartener Fr\u00fchernberg 2022","description":"Kaufe Peter Jakob K\u00fchn Hallgartener Fr\u00fchernberg 2022 (Pinot Noir, trocken aus Rheingau, Deutschland) bei Wein Werte, Ihrem nachhaltigen Onlineshop.","robots":{"index":"index","follow":"follow","max-snippet":"max-snippet:-1","max-image-preview":"max-image-preview:large","max-video-preview":"max-video-preview:-1"},"canonical":"https:\/\/wein-werte.com\/de\/produkt\/peter-jakob-kuhn-hallgartener-fruhernberg-2022-750ml\/","og_locale":"de_DE","og_type":"article","og_title":"Peter Jakob K\u00fchn Hallgartener Fr\u00fchernberg 2022","og_description":"Kaufe Peter Jakob K\u00fchn Hallgartener Fr\u00fchernberg 2022 (Pinot Noir, trocken aus Rheingau, Deutschland) bei Wein Werte, Ihrem nachhaltigen Onlineshop.","og_url":"https:\/\/wein-werte.com\/de\/produkt\/peter-jakob-kuhn-hallgartener-fruhernberg-2022-750ml\/","og_site_name":"Wein Werte","og_image":[{"width":325,"height":1200,"url":"https:\/\/wein-werte.com\/wp-content\/uploads\/2026\/04\/Peter-Jakob-Kuhn-Hallgartener-Fruhernberg-2022-750ml.png","type":"image\/png"}],"twitter_card":"summary_large_image","twitter_misc":{"Gesch\u00e4tzte Lesezeit":"2\u00a0Minuten"},"schema":{"@context":"https:\/\/schema.org","@graph":[{"@type":"WebPage","@id":"https:\/\/wein-werte.com\/de\/produkt\/peter-jakob-kuhn-hallgartener-fruhernberg-2022-750ml\/","url":"https:\/\/wein-werte.com\/de\/produkt\/peter-jakob-kuhn-hallgartener-fruhernberg-2022-750ml\/","name":"Peter Jakob K\u00fchn Hallgartener Fr\u00fchernberg 2022","isPartOf":{"@id":"https:\/\/wein-werte.com\/de\/#website"},"primaryImageOfPage":{"@id":"https:\/\/wein-werte.com\/de\/produkt\/peter-jakob-kuhn-hallgartener-fruhernberg-2022-750ml\/#primaryimage"},"image":{"@id":"https:\/\/wein-werte.com\/de\/produkt\/peter-jakob-kuhn-hallgartener-fruhernberg-2022-750ml\/#primaryimage"},"thumbnailUrl":"https:\/\/wein-werte.com\/wp-content\/uploads\/2026\/04\/Peter-Jakob-Kuhn-Hallgartener-Fruhernberg-2022-750ml.png","datePublished":"2026-05-08T18:01:49+00:00","description":"Kaufe Peter Jakob K\u00fchn Hallgartener Fr\u00fchernberg 2022 (Pinot Noir, trocken aus Rheingau, Deutschland) bei Wein Werte, Ihrem nachhaltigen Onlineshop.","breadcrumb":{"@id":"https:\/\/wein-werte.com\/de\/produkt\/peter-jakob-kuhn-hallgartener-fruhernberg-2022-750ml\/#breadcrumb"},"inLanguage":"de","potentialAction":[{"@type":"ReadAction","target":["https:\/\/wein-werte.com\/de\/produkt\/peter-jakob-kuhn-hallgartener-fruhernberg-2022-750ml\/"]}]},{"@type":"ImageObject","inLanguage":"de","@id":"https:\/\/wein-werte.com\/de\/produkt\/peter-jakob-kuhn-hallgartener-fruhernberg-2022-750ml\/#primaryimage","url":"https:\/\/wein-werte.com\/wp-content\/uploads\/2026\/04\/Peter-Jakob-Kuhn-Hallgartener-Fruhernberg-2022-750ml.png","contentUrl":"https:\/\/wein-werte.com\/wp-content\/uploads\/2026\/04\/Peter-Jakob-Kuhn-Hallgartener-Fruhernberg-2022-750ml.png","width":325,"height":1200,"caption":"Peter Jakob K\u00fchn Hallgartener Fr\u00fchernberg VDP Erste Lage 2022 750ml"},{"@type":"BreadcrumbList","@id":"https:\/\/wein-werte.com\/de\/produkt\/peter-jakob-kuhn-hallgartener-fruhernberg-2022-750ml\/#breadcrumb","itemListElement":[{"@type":"ListItem","position":1,"name":"Home","item":"https:\/\/wein-werte.com\/de\/"},{"@type":"ListItem","position":2,"name":"Shop","item":"https:\/\/wein-werte.com\/de\/shop\/"},{"@type":"ListItem","position":3,"name":"Peter Jakob K\u00fchn | Rheingau | Hallgartener Fr\u00fchernberg VDP Erste Lage | 2022 | 750ml | bio"}]},{"@type":"WebSite","@id":"https:\/\/wein-werte.com\/de\/#website","url":"https:\/\/wein-werte.com\/de\/","name":"Wein Werte","description":"","publisher":{"@id":"https:\/\/wein-werte.com\/de\/#organization"},"potentialAction":[{"@type":"SearchAction","target":{"@type":"EntryPoint","urlTemplate":"https:\/\/wein-werte.com\/de\/?s={search_term_string}"},"query-input":{"@type":"PropertyValueSpecification","valueRequired":true,"valueName":"search_term_string"}}],"inLanguage":"de"},{"@type":"Organization","@id":"https:\/\/wein-werte.com\/de\/#organization","name":"Vins Fins Thorrold","url":"https:\/\/wein-werte.com\/de\/","logo":{"@type":"ImageObject","inLanguage":"de","@id":"https:\/\/wein-werte.com\/de\/#\/schema\/logo\/image\/","url":"https:\/\/wein-werte.com\/wp-content\/uploads\/2023\/07\/Wein_werte_Logo700-1.png","contentUrl":"https:\/\/wein-werte.com\/wp-content\/uploads\/2023\/07\/Wein_werte_Logo700-1.png","width":700,"height":272,"caption":"Vins Fins Thorrold"},"image":{"@id":"https:\/\/wein-werte.com\/de\/#\/schema\/logo\/image\/"}}]}},"_links":{"self":[{"href":"https:\/\/wein-werte.com\/de\/wp-json\/wp\/v2\/product\/1130309","targetHints":{"allow":["GET"]}}],"collection":[{"href":"https:\/\/wein-werte.com\/de\/wp-json\/wp\/v2\/product"}],"about":[{"href":"https:\/\/wein-werte.com\/de\/wp-json\/wp\/v2\/types\/product"}],"wp:featuredmedia":[{"embeddable":true,"href":"https:\/\/wein-werte.com\/de\/wp-json\/wp\/v2\/media\/1141498"}],"wp:attachment":[{"href":"https:\/\/wein-werte.com\/de\/wp-json\/wp\/v2\/media?parent=1130309"}],"wp:term":[{"taxonomy":"product_brand","embeddable":true,"href":"https:\/\/wein-werte.com\/de\/wp-json\/wp\/v2\/product_brand?post=1130309"},{"taxonomy":"product_cat","embeddable":true,"href":"https:\/\/wein-werte.com\/de\/wp-json\/wp\/v2\/product_cat?post=1130309"},{"taxonomy":"product_tag","embeddable":true,"href":"https:\/\/wein-werte.com\/de\/wp-json\/wp\/v2\/product_tag?post=1130309"}],"curies":[{"name":"wp","href":"https:\/\/api.w.org\/{rel}","templated":true}]}}