{"id":1130304,"date":"2026-05-05T18:18:54","date_gmt":"2026-05-05T16:18:54","guid":{"rendered":"https:\/\/wein-werte.com\/product\/peter-jakob-kuhn-riesling-landgeflecht-pjk-unikat-2021-1500ml\/"},"modified":"2026-04-27T11:45:41","modified_gmt":"2026-04-27T09:45:41","slug":"peter-jakob-kuhn-riesling-landgeflecht-pjk-unikat-2021-1500ml","status":"publish","type":"product","link":"https:\/\/wein-werte.com\/de\/produkt\/peter-jakob-kuhn-riesling-landgeflecht-pjk-unikat-2021-1500ml\/","title":{"rendered":"Peter Jakob K\u00fchn | Rheingau | Riesling Landgeflecht PJK.Unikat | 2021 | 1500ml | bio"},"content":{"rendered":"<p>Produktbeschreibung f\u00fcr Peter Jakob K\u00fchn Riesling Landgeflecht PJK.Unikat 2021 (bio) <\/p>\n<h5>Informationen zum Wein<\/h5>\n<p> Die Parzelle Landgeflecht liegt im unteren Teil des Doosbergs, die 1978 gepflanzt wurde. Sie ist gepr\u00e4gt von L\u00f6ss- und Lehmb\u00f6den \u00fcber Quarzit. Dieses Landgeflecht ist eine Monopollage aus der Peter Jakob K\u00fchn im Jahr 2006 erstmals einen eigenen Wein erzeugt hat. Nach der Handlese wurden die ganzen Trauben \u00fcber mehrere Stunden hinweg gepresst, der Most spontan vergoren und der Wein, ohne die nat\u00fcrliche Zusammensetzung der Moste zu ver\u00e4ndern, f\u00fcr 24 Monate auf der Vollhefe im traditionellen St\u00fcckfass (1.200 l) ausgebaut und dann weiter auf der Flasche gereift. <\/p>\n<h5>Farbe<\/h5>\n<p> zwischen intensivem Strohgelb und blassem Goldgelb <\/p>\n<h5>Nase<\/h5>\n<p> Das 2021er Landgeflecht bringt die Philosophie der K\u00fchns auf den Punkt. Es ist ein Riesling mit schwebender Intensit\u00e4t, also ein Wein, der gleichzeitig luftig und komplex wirkt. Im Duft erinnert er an ein wenig Rauch und Kr\u00e4uter, an Tabak und Kubebenpfeffer in Verbindung mit Mirabellen und Pfirsich, Mostapfel und Quitte. Es ist ein Wein voller Leben, der trotzdem ruhig und gelassen zu sein scheint. <\/p>\n<h5>Gaumen<\/h5>\n<p> Dieser Eindruck setzt sich am Gaumen fort, wo das Landgeflecht den gleichen unaufgeregten und unangestrengten Eindruck hinterl\u00e4sst, obwohl die Mineralit\u00e4t vibriert und die Energie pulsiert. Es ist ein Wein mit Spannkraft wie bei der Yoga\u00fcbung eines Meisters, der seine innere Ruhe gefunden hat. Der Riesling verbindet helle, florale und hellt\u00f6nig fruchtige Aspekte mit einem dunklen Rauch, den es so nur von Quarzitb\u00f6den gibt. Er verf\u00fcgt \u00fcber einen feinen phenolischen Gripp, \u00fcber eine seidige Textur und eine L\u00e4nge, die sich gewaschen hat. <\/p>\n<p>Copyright Vinaturel 2025<\/p>\n<p>Keywords: <a href=\"https:\/\/wein-werte.com\/de\/shop\/?swoof=1&#038;pa_producer=Peter-Jakob-K\u00fchn\">Peter Jakob K\u00fchn<\/a> <a href=\"https:\/\/wein-werte.com\/de\/shop\/?swoof=1&#038;woof_text=Riesling Landgeflecht PJK.Unikat\">Riesling Landgeflecht PJK.Unikat<\/a> 2021 bio <a href=\"https:\/\/wein-werte.com\/de\/shop\/?swoof=1&#038;pa_region=Rheingau\">Rheingau<\/a> <a href=\"https:\/\/wein-werte.com\/de\/shop\/?swoof=1&#038;pa_country=Deutschland\">Deutschland<\/a><\/p>\n<p>Internetseite des Weinguts: <a href=\"https:\/\/www.weingutpjkuehn.de\/en\/home\/\" target=\"_blank\">https:\/\/www.weingutpjkuehn.de\/en\/home\/<\/a><\/p>\n","protected":false},"excerpt":{"rendered":"<p>Lieferzeit: 1 bis 2 Arbeitstage (DE), 2 bis 5 Arbeitstage (EU and CH)<\/p>\n","protected":false},"featured_media":1141494,"template":"","meta":[],"product_brand":[],"product_cat":[19],"product_tag":[],"class_list":{"0":"post-1130304","1":"product","2":"type-product","3":"status-publish","4":"has-post-thumbnail","6":"product_cat-unkategorisiert","7":"pa_alcohol-for-filter-12893","8":"pa_certified-biodynamic-ja-de","9":"pa_certified-organic-ja-de","10":"pa_colour-weiss","11":"pa_country-deutschland","12":"pa_grape-riesling","13":"pa_price-for-filter-10691","14":"pa_producer-peter-jakob-kuhn","15":"pa_region-rheingau","16":"pa_size-ml-6657","17":"pa_sweetness-trocken-de","18":"pa_type-2-still-de","19":"pa_vintage-2021-de","20":"entry","21":"has-media","23":"first","24":"instock","25":"taxable","26":"shipping-taxable","27":"purchasable","28":"product-type-simple"},"yoast_head":"<!-- This site is optimized with the Yoast SEO plugin v27.5 - https:\/\/yoast.com\/product\/yoast-seo-wordpress\/ -->\n<title>Peter Jakob K\u00fchn Riesling Landgeflecht PJK.Unikat 2021, 1500ml<\/title>\n<meta name=\"description\" content=\"Kaufe Peter Jakob K\u00fchn Riesling Landgeflecht PJK.Unikat 2021 (Riesling, trocken aus Rheingau, Deutschland) bei Wein Werte, Ihrem nachhaltigen Onlineshop.\" \/>\n<meta name=\"robots\" content=\"index, follow, max-snippet:-1, max-image-preview:large, max-video-preview:-1\" \/>\n<link rel=\"canonical\" href=\"https:\/\/wein-werte.com\/de\/produkt\/peter-jakob-kuhn-riesling-landgeflecht-pjk-unikat-2021-1500ml\/\" \/>\n<meta property=\"og:locale\" content=\"de_DE\" \/>\n<meta property=\"og:type\" content=\"article\" \/>\n<meta property=\"og:title\" content=\"Peter Jakob K\u00fchn Riesling Landgeflecht PJK.Unikat 2021, 1500ml\" \/>\n<meta property=\"og:description\" content=\"Kaufe Peter Jakob K\u00fchn Riesling Landgeflecht PJK.Unikat 2021 (Riesling, trocken aus Rheingau, Deutschland) bei Wein Werte, Ihrem nachhaltigen Onlineshop.\" \/>\n<meta property=\"og:url\" content=\"https:\/\/wein-werte.com\/de\/produkt\/peter-jakob-kuhn-riesling-landgeflecht-pjk-unikat-2021-1500ml\/\" \/>\n<meta property=\"og:site_name\" content=\"Wein Werte\" \/>\n<meta property=\"og:image\" content=\"https:\/\/wein-werte.com\/wp-content\/uploads\/2026\/04\/Peter-Jakob-Kuhn-Riesling-Landgeflecht-PJK.Unikat-2021-1500ml.png\" \/>\n\t<meta property=\"og:image:width\" content=\"230\" \/>\n\t<meta property=\"og:image:height\" content=\"1200\" \/>\n\t<meta property=\"og:image:type\" content=\"image\/png\" \/>\n<meta name=\"twitter:card\" content=\"summary_large_image\" \/>\n<meta name=\"twitter:label1\" content=\"Gesch\u00e4tzte Lesezeit\" \/>\n\t<meta name=\"twitter:data1\" content=\"1\u00a0Minute\" \/>\n<script type=\"application\/ld+json\" class=\"yoast-schema-graph\">{\"@context\":\"https:\\\/\\\/schema.org\",\"@graph\":[{\"@type\":\"WebPage\",\"@id\":\"https:\\\/\\\/wein-werte.com\\\/de\\\/produkt\\\/peter-jakob-kuhn-riesling-landgeflecht-pjk-unikat-2021-1500ml\\\/\",\"url\":\"https:\\\/\\\/wein-werte.com\\\/de\\\/produkt\\\/peter-jakob-kuhn-riesling-landgeflecht-pjk-unikat-2021-1500ml\\\/\",\"name\":\"Peter Jakob K\u00fchn Riesling Landgeflecht PJK.Unikat 2021, 1500ml\",\"isPartOf\":{\"@id\":\"https:\\\/\\\/wein-werte.com\\\/de\\\/#website\"},\"primaryImageOfPage\":{\"@id\":\"https:\\\/\\\/wein-werte.com\\\/de\\\/produkt\\\/peter-jakob-kuhn-riesling-landgeflecht-pjk-unikat-2021-1500ml\\\/#primaryimage\"},\"image\":{\"@id\":\"https:\\\/\\\/wein-werte.com\\\/de\\\/produkt\\\/peter-jakob-kuhn-riesling-landgeflecht-pjk-unikat-2021-1500ml\\\/#primaryimage\"},\"thumbnailUrl\":\"https:\\\/\\\/wein-werte.com\\\/wp-content\\\/uploads\\\/2026\\\/04\\\/Peter-Jakob-Kuhn-Riesling-Landgeflecht-PJK.Unikat-2021-1500ml.png\",\"datePublished\":\"2026-05-05T16:18:54+00:00\",\"description\":\"Kaufe Peter Jakob K\u00fchn Riesling Landgeflecht PJK.Unikat 2021 (Riesling, trocken aus Rheingau, Deutschland) bei Wein Werte, Ihrem nachhaltigen Onlineshop.\",\"breadcrumb\":{\"@id\":\"https:\\\/\\\/wein-werte.com\\\/de\\\/produkt\\\/peter-jakob-kuhn-riesling-landgeflecht-pjk-unikat-2021-1500ml\\\/#breadcrumb\"},\"inLanguage\":\"de\",\"potentialAction\":[{\"@type\":\"ReadAction\",\"target\":[\"https:\\\/\\\/wein-werte.com\\\/de\\\/produkt\\\/peter-jakob-kuhn-riesling-landgeflecht-pjk-unikat-2021-1500ml\\\/\"]}]},{\"@type\":\"ImageObject\",\"inLanguage\":\"de\",\"@id\":\"https:\\\/\\\/wein-werte.com\\\/de\\\/produkt\\\/peter-jakob-kuhn-riesling-landgeflecht-pjk-unikat-2021-1500ml\\\/#primaryimage\",\"url\":\"https:\\\/\\\/wein-werte.com\\\/wp-content\\\/uploads\\\/2026\\\/04\\\/Peter-Jakob-Kuhn-Riesling-Landgeflecht-PJK.Unikat-2021-1500ml.png\",\"contentUrl\":\"https:\\\/\\\/wein-werte.com\\\/wp-content\\\/uploads\\\/2026\\\/04\\\/Peter-Jakob-Kuhn-Riesling-Landgeflecht-PJK.Unikat-2021-1500ml.png\",\"width\":230,\"height\":1200,\"caption\":\"Peter Jakob K\u00fchn Riesling Landgeflecht PJK.Unikat 2021 1500ml\"},{\"@type\":\"BreadcrumbList\",\"@id\":\"https:\\\/\\\/wein-werte.com\\\/de\\\/produkt\\\/peter-jakob-kuhn-riesling-landgeflecht-pjk-unikat-2021-1500ml\\\/#breadcrumb\",\"itemListElement\":[{\"@type\":\"ListItem\",\"position\":1,\"name\":\"Home\",\"item\":\"https:\\\/\\\/wein-werte.com\\\/de\\\/\"},{\"@type\":\"ListItem\",\"position\":2,\"name\":\"Shop\",\"item\":\"https:\\\/\\\/wein-werte.com\\\/de\\\/shop\\\/\"},{\"@type\":\"ListItem\",\"position\":3,\"name\":\"Peter Jakob K\u00fchn | Rheingau | Riesling Landgeflecht PJK.Unikat | 2021 | 1500ml | bio\"}]},{\"@type\":\"WebSite\",\"@id\":\"https:\\\/\\\/wein-werte.com\\\/de\\\/#website\",\"url\":\"https:\\\/\\\/wein-werte.com\\\/de\\\/\",\"name\":\"Wein Werte\",\"description\":\"\",\"publisher\":{\"@id\":\"https:\\\/\\\/wein-werte.com\\\/de\\\/#organization\"},\"potentialAction\":[{\"@type\":\"SearchAction\",\"target\":{\"@type\":\"EntryPoint\",\"urlTemplate\":\"https:\\\/\\\/wein-werte.com\\\/de\\\/?s={search_term_string}\"},\"query-input\":{\"@type\":\"PropertyValueSpecification\",\"valueRequired\":true,\"valueName\":\"search_term_string\"}}],\"inLanguage\":\"de\"},{\"@type\":\"Organization\",\"@id\":\"https:\\\/\\\/wein-werte.com\\\/de\\\/#organization\",\"name\":\"Vins Fins Thorrold\",\"url\":\"https:\\\/\\\/wein-werte.com\\\/de\\\/\",\"logo\":{\"@type\":\"ImageObject\",\"inLanguage\":\"de\",\"@id\":\"https:\\\/\\\/wein-werte.com\\\/de\\\/#\\\/schema\\\/logo\\\/image\\\/\",\"url\":\"https:\\\/\\\/wein-werte.com\\\/wp-content\\\/uploads\\\/2023\\\/07\\\/Wein_werte_Logo700-1.png\",\"contentUrl\":\"https:\\\/\\\/wein-werte.com\\\/wp-content\\\/uploads\\\/2023\\\/07\\\/Wein_werte_Logo700-1.png\",\"width\":700,\"height\":272,\"caption\":\"Vins Fins Thorrold\"},\"image\":{\"@id\":\"https:\\\/\\\/wein-werte.com\\\/de\\\/#\\\/schema\\\/logo\\\/image\\\/\"}}]}<\/script>\n<!-- \/ Yoast SEO plugin. -->","yoast_head_json":{"title":"Peter Jakob K\u00fchn Riesling Landgeflecht PJK.Unikat 2021, 1500ml","description":"Kaufe Peter Jakob K\u00fchn Riesling Landgeflecht PJK.Unikat 2021 (Riesling, trocken aus Rheingau, Deutschland) bei Wein Werte, Ihrem nachhaltigen Onlineshop.","robots":{"index":"index","follow":"follow","max-snippet":"max-snippet:-1","max-image-preview":"max-image-preview:large","max-video-preview":"max-video-preview:-1"},"canonical":"https:\/\/wein-werte.com\/de\/produkt\/peter-jakob-kuhn-riesling-landgeflecht-pjk-unikat-2021-1500ml\/","og_locale":"de_DE","og_type":"article","og_title":"Peter Jakob K\u00fchn Riesling Landgeflecht PJK.Unikat 2021, 1500ml","og_description":"Kaufe Peter Jakob K\u00fchn Riesling Landgeflecht PJK.Unikat 2021 (Riesling, trocken aus Rheingau, Deutschland) bei Wein Werte, Ihrem nachhaltigen Onlineshop.","og_url":"https:\/\/wein-werte.com\/de\/produkt\/peter-jakob-kuhn-riesling-landgeflecht-pjk-unikat-2021-1500ml\/","og_site_name":"Wein Werte","og_image":[{"width":230,"height":1200,"url":"https:\/\/wein-werte.com\/wp-content\/uploads\/2026\/04\/Peter-Jakob-Kuhn-Riesling-Landgeflecht-PJK.Unikat-2021-1500ml.png","type":"image\/png"}],"twitter_card":"summary_large_image","twitter_misc":{"Gesch\u00e4tzte Lesezeit":"1\u00a0Minute"},"schema":{"@context":"https:\/\/schema.org","@graph":[{"@type":"WebPage","@id":"https:\/\/wein-werte.com\/de\/produkt\/peter-jakob-kuhn-riesling-landgeflecht-pjk-unikat-2021-1500ml\/","url":"https:\/\/wein-werte.com\/de\/produkt\/peter-jakob-kuhn-riesling-landgeflecht-pjk-unikat-2021-1500ml\/","name":"Peter Jakob K\u00fchn Riesling Landgeflecht PJK.Unikat 2021, 1500ml","isPartOf":{"@id":"https:\/\/wein-werte.com\/de\/#website"},"primaryImageOfPage":{"@id":"https:\/\/wein-werte.com\/de\/produkt\/peter-jakob-kuhn-riesling-landgeflecht-pjk-unikat-2021-1500ml\/#primaryimage"},"image":{"@id":"https:\/\/wein-werte.com\/de\/produkt\/peter-jakob-kuhn-riesling-landgeflecht-pjk-unikat-2021-1500ml\/#primaryimage"},"thumbnailUrl":"https:\/\/wein-werte.com\/wp-content\/uploads\/2026\/04\/Peter-Jakob-Kuhn-Riesling-Landgeflecht-PJK.Unikat-2021-1500ml.png","datePublished":"2026-05-05T16:18:54+00:00","description":"Kaufe Peter Jakob K\u00fchn Riesling Landgeflecht PJK.Unikat 2021 (Riesling, trocken aus Rheingau, Deutschland) bei Wein Werte, Ihrem nachhaltigen Onlineshop.","breadcrumb":{"@id":"https:\/\/wein-werte.com\/de\/produkt\/peter-jakob-kuhn-riesling-landgeflecht-pjk-unikat-2021-1500ml\/#breadcrumb"},"inLanguage":"de","potentialAction":[{"@type":"ReadAction","target":["https:\/\/wein-werte.com\/de\/produkt\/peter-jakob-kuhn-riesling-landgeflecht-pjk-unikat-2021-1500ml\/"]}]},{"@type":"ImageObject","inLanguage":"de","@id":"https:\/\/wein-werte.com\/de\/produkt\/peter-jakob-kuhn-riesling-landgeflecht-pjk-unikat-2021-1500ml\/#primaryimage","url":"https:\/\/wein-werte.com\/wp-content\/uploads\/2026\/04\/Peter-Jakob-Kuhn-Riesling-Landgeflecht-PJK.Unikat-2021-1500ml.png","contentUrl":"https:\/\/wein-werte.com\/wp-content\/uploads\/2026\/04\/Peter-Jakob-Kuhn-Riesling-Landgeflecht-PJK.Unikat-2021-1500ml.png","width":230,"height":1200,"caption":"Peter Jakob K\u00fchn Riesling Landgeflecht PJK.Unikat 2021 1500ml"},{"@type":"BreadcrumbList","@id":"https:\/\/wein-werte.com\/de\/produkt\/peter-jakob-kuhn-riesling-landgeflecht-pjk-unikat-2021-1500ml\/#breadcrumb","itemListElement":[{"@type":"ListItem","position":1,"name":"Home","item":"https:\/\/wein-werte.com\/de\/"},{"@type":"ListItem","position":2,"name":"Shop","item":"https:\/\/wein-werte.com\/de\/shop\/"},{"@type":"ListItem","position":3,"name":"Peter Jakob K\u00fchn | Rheingau | Riesling Landgeflecht PJK.Unikat | 2021 | 1500ml | bio"}]},{"@type":"WebSite","@id":"https:\/\/wein-werte.com\/de\/#website","url":"https:\/\/wein-werte.com\/de\/","name":"Wein Werte","description":"","publisher":{"@id":"https:\/\/wein-werte.com\/de\/#organization"},"potentialAction":[{"@type":"SearchAction","target":{"@type":"EntryPoint","urlTemplate":"https:\/\/wein-werte.com\/de\/?s={search_term_string}"},"query-input":{"@type":"PropertyValueSpecification","valueRequired":true,"valueName":"search_term_string"}}],"inLanguage":"de"},{"@type":"Organization","@id":"https:\/\/wein-werte.com\/de\/#organization","name":"Vins Fins Thorrold","url":"https:\/\/wein-werte.com\/de\/","logo":{"@type":"ImageObject","inLanguage":"de","@id":"https:\/\/wein-werte.com\/de\/#\/schema\/logo\/image\/","url":"https:\/\/wein-werte.com\/wp-content\/uploads\/2023\/07\/Wein_werte_Logo700-1.png","contentUrl":"https:\/\/wein-werte.com\/wp-content\/uploads\/2023\/07\/Wein_werte_Logo700-1.png","width":700,"height":272,"caption":"Vins Fins Thorrold"},"image":{"@id":"https:\/\/wein-werte.com\/de\/#\/schema\/logo\/image\/"}}]}},"_links":{"self":[{"href":"https:\/\/wein-werte.com\/de\/wp-json\/wp\/v2\/product\/1130304","targetHints":{"allow":["GET"]}}],"collection":[{"href":"https:\/\/wein-werte.com\/de\/wp-json\/wp\/v2\/product"}],"about":[{"href":"https:\/\/wein-werte.com\/de\/wp-json\/wp\/v2\/types\/product"}],"wp:featuredmedia":[{"embeddable":true,"href":"https:\/\/wein-werte.com\/de\/wp-json\/wp\/v2\/media\/1141494"}],"wp:attachment":[{"href":"https:\/\/wein-werte.com\/de\/wp-json\/wp\/v2\/media?parent=1130304"}],"wp:term":[{"taxonomy":"product_brand","embeddable":true,"href":"https:\/\/wein-werte.com\/de\/wp-json\/wp\/v2\/product_brand?post=1130304"},{"taxonomy":"product_cat","embeddable":true,"href":"https:\/\/wein-werte.com\/de\/wp-json\/wp\/v2\/product_cat?post=1130304"},{"taxonomy":"product_tag","embeddable":true,"href":"https:\/\/wein-werte.com\/de\/wp-json\/wp\/v2\/product_tag?post=1130304"}],"curies":[{"name":"wp","href":"https:\/\/api.w.org\/{rel}","templated":true}]}}