{"id":1130264,"date":"2026-05-05T18:18:51","date_gmt":"2026-05-05T16:18:51","guid":{"rendered":"https:\/\/wein-werte.com\/product\/peter-jakob-kuhn-riesling-oestricher-klosterberg-2022-750ml\/"},"modified":"2026-04-27T11:45:38","modified_gmt":"2026-04-27T09:45:38","slug":"peter-jakob-kuhn-riesling-oestricher-klosterberg-2022-750ml","status":"publish","type":"product","link":"https:\/\/wein-werte.com\/de\/produkt\/peter-jakob-kuhn-riesling-oestricher-klosterberg-2022-750ml\/","title":{"rendered":"Peter Jakob K\u00fchn | Rheingau | Riesling Oestricher Klosterberg 1G Erste Lage | 2022 | 750ml | bio"},"content":{"rendered":"<p>Produktbeschreibung f\u00fcr Peter Jakob K\u00fchn Riesling Oestricher Klosterberg 1G Erste Lage 2022 (bio) <\/p>\n<h5>Informationen zum Wein<\/h5>\n<p> Der Name Oestricher Klosterberg<\/p>\n<h5> <\/h5>\n<p>leitet sich von der Zugeh\u00f6rigkeit zum ehemaligen Zisterzienserinnen-Kloster Gottesthal ab. Der Boden ist gepr\u00e4gt von kalkhaltigem L\u00f6ss mit Terrassensedimenten, Tonmergel und Quarzkieseln. Der Weinberg liegt auf 160 Metern mit etwa 15 bis 20 % Hangneigung und ist nach S\u00fcds\u00fcdwest exponiert. Nach Handlese, schonender Ganztraubenpressung \u00fcber mehrere Stunden sowie spontaner Verg\u00e4rung wurde der Riesling \u00fcber 16 Monate auf der Vollhefe im traditionellen Doppelst\u00fcckfass (2.440 l) ausgebaut. <\/p>\n<h5>Farbe<\/h5>\n<p> intensives Strohgelb <\/p>\n<h5>Nase<\/h5>\n<p> Der Klosterberg duftet ein wenig reduktiv nach Rauch, etwas Zitrone samt Zesten, nach Holunder und knackigem Kernobst in Verbindung mit einer feinen S\u00e4uerlichkeit, etwas Jod und einem Hauch von Petrol. <\/p>\n<h5>Gaumen<\/h5>\n<p> Am Gaumen wirkt der Wein frisch, seidig und saftig mit einer feinen, nicht so deutlichen, aber im Hintergrund doch klaren und pr\u00e4genden S\u00e4ure. Die sich abwechselnde Gewichtung von leicht reduktiven und leicht oxidativen Aspekten, wie man sie im Jura gerne findet und ebenso hier, sowie das Changieren zwischen einer cremigen Textur und der S\u00e4ure machen den Klosterberg besonders spannend. Zumal der Wein ganz pr\u00e4zise, salzig und lang ausklingt. <\/p>\n<p>Copyright Vinaturel 2025<\/p>\n<p>Keywords: <a href=\"https:\/\/wein-werte.com\/de\/shop\/?swoof=1&#038;pa_producer=Peter-Jakob-K\u00fchn\">Peter Jakob K\u00fchn<\/a> <a href=\"https:\/\/wein-werte.com\/de\/shop\/?swoof=1&#038;woof_text=Riesling Oestricher Klosterberg 1G Erste Lage\">Riesling Oestricher Klosterberg 1G Erste Lage<\/a> 2022 bio <a href=\"https:\/\/wein-werte.com\/de\/shop\/?swoof=1&#038;pa_region=Rheingau\">Rheingau<\/a> <a href=\"https:\/\/wein-werte.com\/de\/shop\/?swoof=1&#038;pa_country=Deutschland\">Deutschland<\/a><\/p>\n<h3>Wine Advocate<\/h3>\n<p>Punkte: 91<\/p>\n<p>Der Oestricher Klosterberg Riesling trocken 1G 2022 stammt aus einem sehr trockenen und warmen Jahrgang und er\u00f6ffnet mit einem intensiven und eleganten, zugleich fein salzigen oder mineralischen Bouquet von hochreifen und ged\u00fcnsteten (roten Beeren) Fruchtaromen, die bereits auf ein gewisses Flaschenalter schlie\u00dfen lassen. Am Gaumen ist der Wein raffiniert und elegant, gut strukturiert und salzig, mit einer f\u00fcr den Jahrgang erstaunlich ausgepr\u00e4gten kristallinen S\u00e4ure und erfrischenden Zitronenaromen, die ihm einen schlanken, feinen und frischen Ausdruck verleihen. Dies ist ein ausgezeichneter, leichter, trockener und geradliniger, mineralischer Riesling aus Oestrich. 11,5 % Alkoholgehalt. Naturkorken. Verkostet im Januar 2025.<br \/>Stephan Reinhardt<\/p>\n<p>Internetseite des Weinguts: <a href=\"https:\/\/www.weingutpjkuehn.de\/en\/home\/\" target=\"_blank\">https:\/\/www.weingutpjkuehn.de\/en\/home\/<\/a><\/p>\n","protected":false},"excerpt":{"rendered":"<p>Lieferzeit: 1 bis 2 Arbeitstage (DE), 2 bis 5 Arbeitstage (EU and CH)<\/p>\n","protected":false},"featured_media":1141462,"template":"","meta":[],"product_brand":[],"product_cat":[19],"product_tag":[],"class_list":{"0":"post-1130264","1":"product","2":"type-product","3":"status-publish","4":"has-post-thumbnail","6":"product_cat-unkategorisiert","7":"pa_alcohol-for-filter-11-5","8":"pa_certified-biodynamic-ja-de","9":"pa_certified-organic-ja-de","10":"pa_colour-weiss","11":"pa_country-deutschland","12":"pa_grape-riesling","13":"pa_parker-points-for-filter-91-de-2","14":"pa_price-for-filter-10611","15":"pa_producer-peter-jakob-kuhn","16":"pa_region-rheingau","17":"pa_size-ml-6584","18":"pa_sweetness-trocken-de","19":"pa_type-2-still-de","20":"pa_vintage-2022-de","21":"entry","22":"has-media","24":"first","25":"instock","26":"taxable","27":"shipping-taxable","28":"purchasable","29":"product-type-simple"},"yoast_head":"<!-- This site is optimized with the Yoast SEO plugin v27.5 - https:\/\/yoast.com\/product\/yoast-seo-wordpress\/ -->\n<title>Peter Jakob K\u00fchn Riesling Oestricher Klosterberg 2022<\/title>\n<meta name=\"description\" content=\"Kaufe Peter Jakob K\u00fchn Riesling Oestricher Klosterberg 2022 (Riesling, trocken aus Rheingau, Deutschland) bei Wein Werte, Ihrem nachhaltigen Onlineshop.\" \/>\n<meta name=\"robots\" content=\"index, follow, max-snippet:-1, max-image-preview:large, max-video-preview:-1\" \/>\n<link rel=\"canonical\" href=\"https:\/\/wein-werte.com\/de\/produkt\/peter-jakob-kuhn-riesling-oestricher-klosterberg-2022-750ml\/\" \/>\n<meta property=\"og:locale\" content=\"de_DE\" \/>\n<meta property=\"og:type\" content=\"article\" \/>\n<meta property=\"og:title\" content=\"Peter Jakob K\u00fchn Riesling Oestricher Klosterberg 2022\" \/>\n<meta property=\"og:description\" content=\"Kaufe Peter Jakob K\u00fchn Riesling Oestricher Klosterberg 2022 (Riesling, trocken aus Rheingau, Deutschland) bei Wein Werte, Ihrem nachhaltigen Onlineshop.\" \/>\n<meta property=\"og:url\" content=\"https:\/\/wein-werte.com\/de\/produkt\/peter-jakob-kuhn-riesling-oestricher-klosterberg-2022-750ml\/\" \/>\n<meta property=\"og:site_name\" content=\"Wein Werte\" \/>\n<meta property=\"og:image\" content=\"https:\/\/wein-werte.com\/wp-content\/uploads\/2026\/04\/Peter-Jakob-Kuhn-Riesling-Oestricher-Klosterberg-2022-750ml.png\" \/>\n\t<meta property=\"og:image:width\" content=\"269\" \/>\n\t<meta property=\"og:image:height\" content=\"1200\" \/>\n\t<meta property=\"og:image:type\" content=\"image\/png\" \/>\n<meta name=\"twitter:card\" content=\"summary_large_image\" \/>\n<meta name=\"twitter:label1\" content=\"Gesch\u00e4tzte Lesezeit\" \/>\n\t<meta name=\"twitter:data1\" content=\"2\u00a0Minuten\" \/>\n<script type=\"application\/ld+json\" class=\"yoast-schema-graph\">{\"@context\":\"https:\\\/\\\/schema.org\",\"@graph\":[{\"@type\":\"WebPage\",\"@id\":\"https:\\\/\\\/wein-werte.com\\\/de\\\/produkt\\\/peter-jakob-kuhn-riesling-oestricher-klosterberg-2022-750ml\\\/\",\"url\":\"https:\\\/\\\/wein-werte.com\\\/de\\\/produkt\\\/peter-jakob-kuhn-riesling-oestricher-klosterberg-2022-750ml\\\/\",\"name\":\"Peter Jakob K\u00fchn Riesling Oestricher Klosterberg 2022\",\"isPartOf\":{\"@id\":\"https:\\\/\\\/wein-werte.com\\\/de\\\/#website\"},\"primaryImageOfPage\":{\"@id\":\"https:\\\/\\\/wein-werte.com\\\/de\\\/produkt\\\/peter-jakob-kuhn-riesling-oestricher-klosterberg-2022-750ml\\\/#primaryimage\"},\"image\":{\"@id\":\"https:\\\/\\\/wein-werte.com\\\/de\\\/produkt\\\/peter-jakob-kuhn-riesling-oestricher-klosterberg-2022-750ml\\\/#primaryimage\"},\"thumbnailUrl\":\"https:\\\/\\\/wein-werte.com\\\/wp-content\\\/uploads\\\/2026\\\/04\\\/Peter-Jakob-Kuhn-Riesling-Oestricher-Klosterberg-2022-750ml.png\",\"datePublished\":\"2026-05-05T16:18:51+00:00\",\"description\":\"Kaufe Peter Jakob K\u00fchn Riesling Oestricher Klosterberg 2022 (Riesling, trocken aus Rheingau, Deutschland) bei Wein Werte, Ihrem nachhaltigen Onlineshop.\",\"breadcrumb\":{\"@id\":\"https:\\\/\\\/wein-werte.com\\\/de\\\/produkt\\\/peter-jakob-kuhn-riesling-oestricher-klosterberg-2022-750ml\\\/#breadcrumb\"},\"inLanguage\":\"de\",\"potentialAction\":[{\"@type\":\"ReadAction\",\"target\":[\"https:\\\/\\\/wein-werte.com\\\/de\\\/produkt\\\/peter-jakob-kuhn-riesling-oestricher-klosterberg-2022-750ml\\\/\"]}]},{\"@type\":\"ImageObject\",\"inLanguage\":\"de\",\"@id\":\"https:\\\/\\\/wein-werte.com\\\/de\\\/produkt\\\/peter-jakob-kuhn-riesling-oestricher-klosterberg-2022-750ml\\\/#primaryimage\",\"url\":\"https:\\\/\\\/wein-werte.com\\\/wp-content\\\/uploads\\\/2026\\\/04\\\/Peter-Jakob-Kuhn-Riesling-Oestricher-Klosterberg-2022-750ml.png\",\"contentUrl\":\"https:\\\/\\\/wein-werte.com\\\/wp-content\\\/uploads\\\/2026\\\/04\\\/Peter-Jakob-Kuhn-Riesling-Oestricher-Klosterberg-2022-750ml.png\",\"width\":269,\"height\":1200,\"caption\":\"Peter Jakob K\u00fchn Riesling Oestricher Klosterberg 1G Erste Lage 2022 750ml\"},{\"@type\":\"BreadcrumbList\",\"@id\":\"https:\\\/\\\/wein-werte.com\\\/de\\\/produkt\\\/peter-jakob-kuhn-riesling-oestricher-klosterberg-2022-750ml\\\/#breadcrumb\",\"itemListElement\":[{\"@type\":\"ListItem\",\"position\":1,\"name\":\"Home\",\"item\":\"https:\\\/\\\/wein-werte.com\\\/de\\\/\"},{\"@type\":\"ListItem\",\"position\":2,\"name\":\"Shop\",\"item\":\"https:\\\/\\\/wein-werte.com\\\/de\\\/shop\\\/\"},{\"@type\":\"ListItem\",\"position\":3,\"name\":\"Peter Jakob K\u00fchn | Rheingau | Riesling Oestricher Klosterberg 1G Erste Lage | 2022 | 750ml | bio\"}]},{\"@type\":\"WebSite\",\"@id\":\"https:\\\/\\\/wein-werte.com\\\/de\\\/#website\",\"url\":\"https:\\\/\\\/wein-werte.com\\\/de\\\/\",\"name\":\"Wein Werte\",\"description\":\"\",\"publisher\":{\"@id\":\"https:\\\/\\\/wein-werte.com\\\/de\\\/#organization\"},\"potentialAction\":[{\"@type\":\"SearchAction\",\"target\":{\"@type\":\"EntryPoint\",\"urlTemplate\":\"https:\\\/\\\/wein-werte.com\\\/de\\\/?s={search_term_string}\"},\"query-input\":{\"@type\":\"PropertyValueSpecification\",\"valueRequired\":true,\"valueName\":\"search_term_string\"}}],\"inLanguage\":\"de\"},{\"@type\":\"Organization\",\"@id\":\"https:\\\/\\\/wein-werte.com\\\/de\\\/#organization\",\"name\":\"Vins Fins Thorrold\",\"url\":\"https:\\\/\\\/wein-werte.com\\\/de\\\/\",\"logo\":{\"@type\":\"ImageObject\",\"inLanguage\":\"de\",\"@id\":\"https:\\\/\\\/wein-werte.com\\\/de\\\/#\\\/schema\\\/logo\\\/image\\\/\",\"url\":\"https:\\\/\\\/wein-werte.com\\\/wp-content\\\/uploads\\\/2023\\\/07\\\/Wein_werte_Logo700-1.png\",\"contentUrl\":\"https:\\\/\\\/wein-werte.com\\\/wp-content\\\/uploads\\\/2023\\\/07\\\/Wein_werte_Logo700-1.png\",\"width\":700,\"height\":272,\"caption\":\"Vins Fins Thorrold\"},\"image\":{\"@id\":\"https:\\\/\\\/wein-werte.com\\\/de\\\/#\\\/schema\\\/logo\\\/image\\\/\"}}]}<\/script>\n<!-- \/ Yoast SEO plugin. -->","yoast_head_json":{"title":"Peter Jakob K\u00fchn Riesling Oestricher Klosterberg 2022","description":"Kaufe Peter Jakob K\u00fchn Riesling Oestricher Klosterberg 2022 (Riesling, trocken aus Rheingau, Deutschland) bei Wein Werte, Ihrem nachhaltigen Onlineshop.","robots":{"index":"index","follow":"follow","max-snippet":"max-snippet:-1","max-image-preview":"max-image-preview:large","max-video-preview":"max-video-preview:-1"},"canonical":"https:\/\/wein-werte.com\/de\/produkt\/peter-jakob-kuhn-riesling-oestricher-klosterberg-2022-750ml\/","og_locale":"de_DE","og_type":"article","og_title":"Peter Jakob K\u00fchn Riesling Oestricher Klosterberg 2022","og_description":"Kaufe Peter Jakob K\u00fchn Riesling Oestricher Klosterberg 2022 (Riesling, trocken aus Rheingau, Deutschland) bei Wein Werte, Ihrem nachhaltigen Onlineshop.","og_url":"https:\/\/wein-werte.com\/de\/produkt\/peter-jakob-kuhn-riesling-oestricher-klosterberg-2022-750ml\/","og_site_name":"Wein Werte","og_image":[{"width":269,"height":1200,"url":"https:\/\/wein-werte.com\/wp-content\/uploads\/2026\/04\/Peter-Jakob-Kuhn-Riesling-Oestricher-Klosterberg-2022-750ml.png","type":"image\/png"}],"twitter_card":"summary_large_image","twitter_misc":{"Gesch\u00e4tzte Lesezeit":"2\u00a0Minuten"},"schema":{"@context":"https:\/\/schema.org","@graph":[{"@type":"WebPage","@id":"https:\/\/wein-werte.com\/de\/produkt\/peter-jakob-kuhn-riesling-oestricher-klosterberg-2022-750ml\/","url":"https:\/\/wein-werte.com\/de\/produkt\/peter-jakob-kuhn-riesling-oestricher-klosterberg-2022-750ml\/","name":"Peter Jakob K\u00fchn Riesling Oestricher Klosterberg 2022","isPartOf":{"@id":"https:\/\/wein-werte.com\/de\/#website"},"primaryImageOfPage":{"@id":"https:\/\/wein-werte.com\/de\/produkt\/peter-jakob-kuhn-riesling-oestricher-klosterberg-2022-750ml\/#primaryimage"},"image":{"@id":"https:\/\/wein-werte.com\/de\/produkt\/peter-jakob-kuhn-riesling-oestricher-klosterberg-2022-750ml\/#primaryimage"},"thumbnailUrl":"https:\/\/wein-werte.com\/wp-content\/uploads\/2026\/04\/Peter-Jakob-Kuhn-Riesling-Oestricher-Klosterberg-2022-750ml.png","datePublished":"2026-05-05T16:18:51+00:00","description":"Kaufe Peter Jakob K\u00fchn Riesling Oestricher Klosterberg 2022 (Riesling, trocken aus Rheingau, Deutschland) bei Wein Werte, Ihrem nachhaltigen Onlineshop.","breadcrumb":{"@id":"https:\/\/wein-werte.com\/de\/produkt\/peter-jakob-kuhn-riesling-oestricher-klosterberg-2022-750ml\/#breadcrumb"},"inLanguage":"de","potentialAction":[{"@type":"ReadAction","target":["https:\/\/wein-werte.com\/de\/produkt\/peter-jakob-kuhn-riesling-oestricher-klosterberg-2022-750ml\/"]}]},{"@type":"ImageObject","inLanguage":"de","@id":"https:\/\/wein-werte.com\/de\/produkt\/peter-jakob-kuhn-riesling-oestricher-klosterberg-2022-750ml\/#primaryimage","url":"https:\/\/wein-werte.com\/wp-content\/uploads\/2026\/04\/Peter-Jakob-Kuhn-Riesling-Oestricher-Klosterberg-2022-750ml.png","contentUrl":"https:\/\/wein-werte.com\/wp-content\/uploads\/2026\/04\/Peter-Jakob-Kuhn-Riesling-Oestricher-Klosterberg-2022-750ml.png","width":269,"height":1200,"caption":"Peter Jakob K\u00fchn Riesling Oestricher Klosterberg 1G Erste Lage 2022 750ml"},{"@type":"BreadcrumbList","@id":"https:\/\/wein-werte.com\/de\/produkt\/peter-jakob-kuhn-riesling-oestricher-klosterberg-2022-750ml\/#breadcrumb","itemListElement":[{"@type":"ListItem","position":1,"name":"Home","item":"https:\/\/wein-werte.com\/de\/"},{"@type":"ListItem","position":2,"name":"Shop","item":"https:\/\/wein-werte.com\/de\/shop\/"},{"@type":"ListItem","position":3,"name":"Peter Jakob K\u00fchn | Rheingau | Riesling Oestricher Klosterberg 1G Erste Lage | 2022 | 750ml | bio"}]},{"@type":"WebSite","@id":"https:\/\/wein-werte.com\/de\/#website","url":"https:\/\/wein-werte.com\/de\/","name":"Wein Werte","description":"","publisher":{"@id":"https:\/\/wein-werte.com\/de\/#organization"},"potentialAction":[{"@type":"SearchAction","target":{"@type":"EntryPoint","urlTemplate":"https:\/\/wein-werte.com\/de\/?s={search_term_string}"},"query-input":{"@type":"PropertyValueSpecification","valueRequired":true,"valueName":"search_term_string"}}],"inLanguage":"de"},{"@type":"Organization","@id":"https:\/\/wein-werte.com\/de\/#organization","name":"Vins Fins Thorrold","url":"https:\/\/wein-werte.com\/de\/","logo":{"@type":"ImageObject","inLanguage":"de","@id":"https:\/\/wein-werte.com\/de\/#\/schema\/logo\/image\/","url":"https:\/\/wein-werte.com\/wp-content\/uploads\/2023\/07\/Wein_werte_Logo700-1.png","contentUrl":"https:\/\/wein-werte.com\/wp-content\/uploads\/2023\/07\/Wein_werte_Logo700-1.png","width":700,"height":272,"caption":"Vins Fins Thorrold"},"image":{"@id":"https:\/\/wein-werte.com\/de\/#\/schema\/logo\/image\/"}}]}},"_links":{"self":[{"href":"https:\/\/wein-werte.com\/de\/wp-json\/wp\/v2\/product\/1130264","targetHints":{"allow":["GET"]}}],"collection":[{"href":"https:\/\/wein-werte.com\/de\/wp-json\/wp\/v2\/product"}],"about":[{"href":"https:\/\/wein-werte.com\/de\/wp-json\/wp\/v2\/types\/product"}],"wp:featuredmedia":[{"embeddable":true,"href":"https:\/\/wein-werte.com\/de\/wp-json\/wp\/v2\/media\/1141462"}],"wp:attachment":[{"href":"https:\/\/wein-werte.com\/de\/wp-json\/wp\/v2\/media?parent=1130264"}],"wp:term":[{"taxonomy":"product_brand","embeddable":true,"href":"https:\/\/wein-werte.com\/de\/wp-json\/wp\/v2\/product_brand?post=1130264"},{"taxonomy":"product_cat","embeddable":true,"href":"https:\/\/wein-werte.com\/de\/wp-json\/wp\/v2\/product_cat?post=1130264"},{"taxonomy":"product_tag","embeddable":true,"href":"https:\/\/wein-werte.com\/de\/wp-json\/wp\/v2\/product_tag?post=1130264"}],"curies":[{"name":"wp","href":"https:\/\/api.w.org\/{rel}","templated":true}]}}