{"id":1130259,"date":"2026-05-05T18:18:51","date_gmt":"2026-05-05T16:18:51","guid":{"rendered":"https:\/\/wein-werte.com\/product\/peter-jakob-kuhn-riesling-schlehdorn-pjk-unikat-2020-1500ml\/"},"modified":"2026-04-27T11:45:37","modified_gmt":"2026-04-27T09:45:37","slug":"peter-jakob-kuhn-riesling-schlehdorn-pjk-unikat-2020-1500ml","status":"publish","type":"product","link":"https:\/\/wein-werte.com\/de\/produkt\/peter-jakob-kuhn-riesling-schlehdorn-pjk-unikat-2020-1500ml\/","title":{"rendered":"Peter Jakob K\u00fchn | Rheingau | Riesling Schlehdorn PJK.Unikat | 2020 | 1500ml | bio"},"content":{"rendered":"<p>Produktbeschreibung f\u00fcr Peter Jakob K\u00fchn Riesling Schlehdorn PJK.Unikat 2020 (bio)<\/p>\n<p> Seit rund 230 Jahren ist das Gut im Familienbesitz. Vor allem in den vergangenen drei Dekaden hat die Wertsch\u00e4tzung dieser alten Tradition mehr und mehr ihr Tun bestimmt. Mit Respekt vor dem Wissen und der Erfahrung seiner Urv\u00e4ter arbeitet Peter Jakob K\u00fchn seit 2004 als zertifiziertes Demeter-Mitglied nach den Grunds\u00e4tzen der Biodynamie. So kommt er im gr\u00f6\u00dftm\u00f6glichen Einklang mit der Natur seiner Idee von beseelten Weinen immer n\u00e4her. Die gro\u00dfe \u00dcberzeugung f\u00fcr seine Zukunft ist der \u00f6kologische und biodynamische Weinbau \u2013 mit vielen gro\u00dfen und kleinen Herausforderungen, aber auch unendlichen Gl\u00fccksmomenten und der zunehmenden Gewissheit, das f\u00fcr ihn einzig Richtige zu tun. <\/p>\n<p>Copyright Vinaturel 2025<\/p>\n<p>Keywords: <a href=\"https:\/\/wein-werte.com\/de\/shop\/?swoof=1&#038;pa_producer=Peter-Jakob-K\u00fchn\">Peter Jakob K\u00fchn<\/a> <a href=\"https:\/\/wein-werte.com\/de\/shop\/?swoof=1&#038;woof_text=Riesling Schlehdorn PJK.Unikat\">Riesling Schlehdorn PJK.Unikat<\/a> 2020 bio <a href=\"https:\/\/wein-werte.com\/de\/shop\/?swoof=1&#038;pa_region=Rheingau\">Rheingau<\/a> <a href=\"https:\/\/wein-werte.com\/de\/shop\/?swoof=1&#038;pa_country=Deutschland\">Deutschland<\/a><\/p>\n<p>Internetseite des Weinguts: <a href=\"https:\/\/www.weingutpjkuehn.de\/en\/home\/\" target=\"_blank\">https:\/\/www.weingutpjkuehn.de\/en\/home\/<\/a><\/p>\n","protected":false},"excerpt":{"rendered":"<p>Lieferzeit: 1 bis 2 Arbeitstage (DE), 2 bis 5 Arbeitstage (EU and CH)<\/p>\n","protected":false},"featured_media":1141458,"template":"","meta":[],"product_brand":[],"product_cat":[19],"product_tag":[],"class_list":{"0":"post-1130259","1":"product","2":"type-product","3":"status-publish","4":"has-post-thumbnail","6":"product_cat-unkategorisiert","7":"pa_alcohol-for-filter-12-5","8":"pa_certified-biodynamic-ja-de","9":"pa_certified-organic-ja-de","10":"pa_colour-weiss","11":"pa_country-deutschland","12":"pa_grape-riesling","13":"pa_price-for-filter-10720","14":"pa_producer-peter-jakob-kuhn","15":"pa_region-rheingau","16":"pa_size-ml-6657","17":"pa_sweetness-trocken-de","18":"pa_type-2-still-de","19":"pa_vintage-2020-de","20":"entry","21":"has-media","23":"first","24":"instock","25":"taxable","26":"shipping-taxable","27":"purchasable","28":"product-type-simple"},"yoast_head":"<!-- This site is optimized with the Yoast SEO plugin v27.5 - https:\/\/yoast.com\/product\/yoast-seo-wordpress\/ -->\n<title>Peter Jakob K\u00fchn Riesling Schlehdorn PJK.Unikat 2020, 1500ml<\/title>\n<meta name=\"description\" content=\"Kaufe Peter Jakob K\u00fchn Riesling Schlehdorn PJK.Unikat 2020 (Riesling, trocken aus Rheingau, Deutschland) bei Wein Werte, Ihrem nachhaltigen Onlineshop.\" \/>\n<meta name=\"robots\" content=\"index, follow, max-snippet:-1, max-image-preview:large, max-video-preview:-1\" \/>\n<link rel=\"canonical\" href=\"https:\/\/wein-werte.com\/de\/produkt\/peter-jakob-kuhn-riesling-schlehdorn-pjk-unikat-2020-1500ml\/\" \/>\n<meta property=\"og:locale\" content=\"de_DE\" \/>\n<meta property=\"og:type\" content=\"article\" \/>\n<meta property=\"og:title\" content=\"Peter Jakob K\u00fchn Riesling Schlehdorn PJK.Unikat 2020, 1500ml\" \/>\n<meta property=\"og:description\" content=\"Kaufe Peter Jakob K\u00fchn Riesling Schlehdorn PJK.Unikat 2020 (Riesling, trocken aus Rheingau, Deutschland) bei Wein Werte, Ihrem nachhaltigen Onlineshop.\" \/>\n<meta property=\"og:url\" content=\"https:\/\/wein-werte.com\/de\/produkt\/peter-jakob-kuhn-riesling-schlehdorn-pjk-unikat-2020-1500ml\/\" \/>\n<meta property=\"og:site_name\" content=\"Wein Werte\" \/>\n<meta property=\"og:image\" content=\"https:\/\/wein-werte.com\/wp-content\/uploads\/2026\/04\/Peter-Jakob-Kuhn-Riesling-Schlehdorn-PJK.Unikat-2020-1500ml.png\" \/>\n\t<meta property=\"og:image:width\" content=\"233\" \/>\n\t<meta property=\"og:image:height\" content=\"1200\" \/>\n\t<meta property=\"og:image:type\" content=\"image\/png\" \/>\n<meta name=\"twitter:card\" content=\"summary_large_image\" \/>\n<meta name=\"twitter:label1\" content=\"Gesch\u00e4tzte Lesezeit\" \/>\n\t<meta name=\"twitter:data1\" content=\"1\u00a0Minute\" \/>\n<script type=\"application\/ld+json\" class=\"yoast-schema-graph\">{\"@context\":\"https:\\\/\\\/schema.org\",\"@graph\":[{\"@type\":\"WebPage\",\"@id\":\"https:\\\/\\\/wein-werte.com\\\/de\\\/produkt\\\/peter-jakob-kuhn-riesling-schlehdorn-pjk-unikat-2020-1500ml\\\/\",\"url\":\"https:\\\/\\\/wein-werte.com\\\/de\\\/produkt\\\/peter-jakob-kuhn-riesling-schlehdorn-pjk-unikat-2020-1500ml\\\/\",\"name\":\"Peter Jakob K\u00fchn Riesling Schlehdorn PJK.Unikat 2020, 1500ml\",\"isPartOf\":{\"@id\":\"https:\\\/\\\/wein-werte.com\\\/de\\\/#website\"},\"primaryImageOfPage\":{\"@id\":\"https:\\\/\\\/wein-werte.com\\\/de\\\/produkt\\\/peter-jakob-kuhn-riesling-schlehdorn-pjk-unikat-2020-1500ml\\\/#primaryimage\"},\"image\":{\"@id\":\"https:\\\/\\\/wein-werte.com\\\/de\\\/produkt\\\/peter-jakob-kuhn-riesling-schlehdorn-pjk-unikat-2020-1500ml\\\/#primaryimage\"},\"thumbnailUrl\":\"https:\\\/\\\/wein-werte.com\\\/wp-content\\\/uploads\\\/2026\\\/04\\\/Peter-Jakob-Kuhn-Riesling-Schlehdorn-PJK.Unikat-2020-1500ml.png\",\"datePublished\":\"2026-05-05T16:18:51+00:00\",\"description\":\"Kaufe Peter Jakob K\u00fchn Riesling Schlehdorn PJK.Unikat 2020 (Riesling, trocken aus Rheingau, Deutschland) bei Wein Werte, Ihrem nachhaltigen Onlineshop.\",\"breadcrumb\":{\"@id\":\"https:\\\/\\\/wein-werte.com\\\/de\\\/produkt\\\/peter-jakob-kuhn-riesling-schlehdorn-pjk-unikat-2020-1500ml\\\/#breadcrumb\"},\"inLanguage\":\"de\",\"potentialAction\":[{\"@type\":\"ReadAction\",\"target\":[\"https:\\\/\\\/wein-werte.com\\\/de\\\/produkt\\\/peter-jakob-kuhn-riesling-schlehdorn-pjk-unikat-2020-1500ml\\\/\"]}]},{\"@type\":\"ImageObject\",\"inLanguage\":\"de\",\"@id\":\"https:\\\/\\\/wein-werte.com\\\/de\\\/produkt\\\/peter-jakob-kuhn-riesling-schlehdorn-pjk-unikat-2020-1500ml\\\/#primaryimage\",\"url\":\"https:\\\/\\\/wein-werte.com\\\/wp-content\\\/uploads\\\/2026\\\/04\\\/Peter-Jakob-Kuhn-Riesling-Schlehdorn-PJK.Unikat-2020-1500ml.png\",\"contentUrl\":\"https:\\\/\\\/wein-werte.com\\\/wp-content\\\/uploads\\\/2026\\\/04\\\/Peter-Jakob-Kuhn-Riesling-Schlehdorn-PJK.Unikat-2020-1500ml.png\",\"width\":233,\"height\":1200,\"caption\":\"Peter Jakob K\u00fchn Riesling Schlehdorn PJK.Unikat 2020 1500ml\"},{\"@type\":\"BreadcrumbList\",\"@id\":\"https:\\\/\\\/wein-werte.com\\\/de\\\/produkt\\\/peter-jakob-kuhn-riesling-schlehdorn-pjk-unikat-2020-1500ml\\\/#breadcrumb\",\"itemListElement\":[{\"@type\":\"ListItem\",\"position\":1,\"name\":\"Home\",\"item\":\"https:\\\/\\\/wein-werte.com\\\/de\\\/\"},{\"@type\":\"ListItem\",\"position\":2,\"name\":\"Shop\",\"item\":\"https:\\\/\\\/wein-werte.com\\\/de\\\/shop\\\/\"},{\"@type\":\"ListItem\",\"position\":3,\"name\":\"Peter Jakob K\u00fchn | Rheingau | Riesling Schlehdorn PJK.Unikat | 2020 | 1500ml | bio\"}]},{\"@type\":\"WebSite\",\"@id\":\"https:\\\/\\\/wein-werte.com\\\/de\\\/#website\",\"url\":\"https:\\\/\\\/wein-werte.com\\\/de\\\/\",\"name\":\"Wein Werte\",\"description\":\"\",\"publisher\":{\"@id\":\"https:\\\/\\\/wein-werte.com\\\/de\\\/#organization\"},\"potentialAction\":[{\"@type\":\"SearchAction\",\"target\":{\"@type\":\"EntryPoint\",\"urlTemplate\":\"https:\\\/\\\/wein-werte.com\\\/de\\\/?s={search_term_string}\"},\"query-input\":{\"@type\":\"PropertyValueSpecification\",\"valueRequired\":true,\"valueName\":\"search_term_string\"}}],\"inLanguage\":\"de\"},{\"@type\":\"Organization\",\"@id\":\"https:\\\/\\\/wein-werte.com\\\/de\\\/#organization\",\"name\":\"Vins Fins Thorrold\",\"url\":\"https:\\\/\\\/wein-werte.com\\\/de\\\/\",\"logo\":{\"@type\":\"ImageObject\",\"inLanguage\":\"de\",\"@id\":\"https:\\\/\\\/wein-werte.com\\\/de\\\/#\\\/schema\\\/logo\\\/image\\\/\",\"url\":\"https:\\\/\\\/wein-werte.com\\\/wp-content\\\/uploads\\\/2023\\\/07\\\/Wein_werte_Logo700-1.png\",\"contentUrl\":\"https:\\\/\\\/wein-werte.com\\\/wp-content\\\/uploads\\\/2023\\\/07\\\/Wein_werte_Logo700-1.png\",\"width\":700,\"height\":272,\"caption\":\"Vins Fins Thorrold\"},\"image\":{\"@id\":\"https:\\\/\\\/wein-werte.com\\\/de\\\/#\\\/schema\\\/logo\\\/image\\\/\"}}]}<\/script>\n<!-- \/ Yoast SEO plugin. -->","yoast_head_json":{"title":"Peter Jakob K\u00fchn Riesling Schlehdorn PJK.Unikat 2020, 1500ml","description":"Kaufe Peter Jakob K\u00fchn Riesling Schlehdorn PJK.Unikat 2020 (Riesling, trocken aus Rheingau, Deutschland) bei Wein Werte, Ihrem nachhaltigen Onlineshop.","robots":{"index":"index","follow":"follow","max-snippet":"max-snippet:-1","max-image-preview":"max-image-preview:large","max-video-preview":"max-video-preview:-1"},"canonical":"https:\/\/wein-werte.com\/de\/produkt\/peter-jakob-kuhn-riesling-schlehdorn-pjk-unikat-2020-1500ml\/","og_locale":"de_DE","og_type":"article","og_title":"Peter Jakob K\u00fchn Riesling Schlehdorn PJK.Unikat 2020, 1500ml","og_description":"Kaufe Peter Jakob K\u00fchn Riesling Schlehdorn PJK.Unikat 2020 (Riesling, trocken aus Rheingau, Deutschland) bei Wein Werte, Ihrem nachhaltigen Onlineshop.","og_url":"https:\/\/wein-werte.com\/de\/produkt\/peter-jakob-kuhn-riesling-schlehdorn-pjk-unikat-2020-1500ml\/","og_site_name":"Wein Werte","og_image":[{"width":233,"height":1200,"url":"https:\/\/wein-werte.com\/wp-content\/uploads\/2026\/04\/Peter-Jakob-Kuhn-Riesling-Schlehdorn-PJK.Unikat-2020-1500ml.png","type":"image\/png"}],"twitter_card":"summary_large_image","twitter_misc":{"Gesch\u00e4tzte Lesezeit":"1\u00a0Minute"},"schema":{"@context":"https:\/\/schema.org","@graph":[{"@type":"WebPage","@id":"https:\/\/wein-werte.com\/de\/produkt\/peter-jakob-kuhn-riesling-schlehdorn-pjk-unikat-2020-1500ml\/","url":"https:\/\/wein-werte.com\/de\/produkt\/peter-jakob-kuhn-riesling-schlehdorn-pjk-unikat-2020-1500ml\/","name":"Peter Jakob K\u00fchn Riesling Schlehdorn PJK.Unikat 2020, 1500ml","isPartOf":{"@id":"https:\/\/wein-werte.com\/de\/#website"},"primaryImageOfPage":{"@id":"https:\/\/wein-werte.com\/de\/produkt\/peter-jakob-kuhn-riesling-schlehdorn-pjk-unikat-2020-1500ml\/#primaryimage"},"image":{"@id":"https:\/\/wein-werte.com\/de\/produkt\/peter-jakob-kuhn-riesling-schlehdorn-pjk-unikat-2020-1500ml\/#primaryimage"},"thumbnailUrl":"https:\/\/wein-werte.com\/wp-content\/uploads\/2026\/04\/Peter-Jakob-Kuhn-Riesling-Schlehdorn-PJK.Unikat-2020-1500ml.png","datePublished":"2026-05-05T16:18:51+00:00","description":"Kaufe Peter Jakob K\u00fchn Riesling Schlehdorn PJK.Unikat 2020 (Riesling, trocken aus Rheingau, Deutschland) bei Wein Werte, Ihrem nachhaltigen Onlineshop.","breadcrumb":{"@id":"https:\/\/wein-werte.com\/de\/produkt\/peter-jakob-kuhn-riesling-schlehdorn-pjk-unikat-2020-1500ml\/#breadcrumb"},"inLanguage":"de","potentialAction":[{"@type":"ReadAction","target":["https:\/\/wein-werte.com\/de\/produkt\/peter-jakob-kuhn-riesling-schlehdorn-pjk-unikat-2020-1500ml\/"]}]},{"@type":"ImageObject","inLanguage":"de","@id":"https:\/\/wein-werte.com\/de\/produkt\/peter-jakob-kuhn-riesling-schlehdorn-pjk-unikat-2020-1500ml\/#primaryimage","url":"https:\/\/wein-werte.com\/wp-content\/uploads\/2026\/04\/Peter-Jakob-Kuhn-Riesling-Schlehdorn-PJK.Unikat-2020-1500ml.png","contentUrl":"https:\/\/wein-werte.com\/wp-content\/uploads\/2026\/04\/Peter-Jakob-Kuhn-Riesling-Schlehdorn-PJK.Unikat-2020-1500ml.png","width":233,"height":1200,"caption":"Peter Jakob K\u00fchn Riesling Schlehdorn PJK.Unikat 2020 1500ml"},{"@type":"BreadcrumbList","@id":"https:\/\/wein-werte.com\/de\/produkt\/peter-jakob-kuhn-riesling-schlehdorn-pjk-unikat-2020-1500ml\/#breadcrumb","itemListElement":[{"@type":"ListItem","position":1,"name":"Home","item":"https:\/\/wein-werte.com\/de\/"},{"@type":"ListItem","position":2,"name":"Shop","item":"https:\/\/wein-werte.com\/de\/shop\/"},{"@type":"ListItem","position":3,"name":"Peter Jakob K\u00fchn | Rheingau | Riesling Schlehdorn PJK.Unikat | 2020 | 1500ml | bio"}]},{"@type":"WebSite","@id":"https:\/\/wein-werte.com\/de\/#website","url":"https:\/\/wein-werte.com\/de\/","name":"Wein Werte","description":"","publisher":{"@id":"https:\/\/wein-werte.com\/de\/#organization"},"potentialAction":[{"@type":"SearchAction","target":{"@type":"EntryPoint","urlTemplate":"https:\/\/wein-werte.com\/de\/?s={search_term_string}"},"query-input":{"@type":"PropertyValueSpecification","valueRequired":true,"valueName":"search_term_string"}}],"inLanguage":"de"},{"@type":"Organization","@id":"https:\/\/wein-werte.com\/de\/#organization","name":"Vins Fins Thorrold","url":"https:\/\/wein-werte.com\/de\/","logo":{"@type":"ImageObject","inLanguage":"de","@id":"https:\/\/wein-werte.com\/de\/#\/schema\/logo\/image\/","url":"https:\/\/wein-werte.com\/wp-content\/uploads\/2023\/07\/Wein_werte_Logo700-1.png","contentUrl":"https:\/\/wein-werte.com\/wp-content\/uploads\/2023\/07\/Wein_werte_Logo700-1.png","width":700,"height":272,"caption":"Vins Fins Thorrold"},"image":{"@id":"https:\/\/wein-werte.com\/de\/#\/schema\/logo\/image\/"}}]}},"_links":{"self":[{"href":"https:\/\/wein-werte.com\/de\/wp-json\/wp\/v2\/product\/1130259","targetHints":{"allow":["GET"]}}],"collection":[{"href":"https:\/\/wein-werte.com\/de\/wp-json\/wp\/v2\/product"}],"about":[{"href":"https:\/\/wein-werte.com\/de\/wp-json\/wp\/v2\/types\/product"}],"wp:featuredmedia":[{"embeddable":true,"href":"https:\/\/wein-werte.com\/de\/wp-json\/wp\/v2\/media\/1141458"}],"wp:attachment":[{"href":"https:\/\/wein-werte.com\/de\/wp-json\/wp\/v2\/media?parent=1130259"}],"wp:term":[{"taxonomy":"product_brand","embeddable":true,"href":"https:\/\/wein-werte.com\/de\/wp-json\/wp\/v2\/product_brand?post=1130259"},{"taxonomy":"product_cat","embeddable":true,"href":"https:\/\/wein-werte.com\/de\/wp-json\/wp\/v2\/product_cat?post=1130259"},{"taxonomy":"product_tag","embeddable":true,"href":"https:\/\/wein-werte.com\/de\/wp-json\/wp\/v2\/product_tag?post=1130259"}],"curies":[{"name":"wp","href":"https:\/\/api.w.org\/{rel}","templated":true}]}}