{"id":1130198,"date":"2026-05-05T18:18:48","date_gmt":"2026-05-05T16:18:48","guid":{"rendered":"https:\/\/wein-werte.com\/product\/peter-jakob-kuhn-riesling-lenchen-beerenauslese-2018-375ml\/"},"modified":"2026-04-27T11:45:30","modified_gmt":"2026-04-27T09:45:30","slug":"peter-jakob-kuhn-riesling-lenchen-beerenauslese-2018-375ml","status":"publish","type":"product","link":"https:\/\/wein-werte.com\/de\/produkt\/peter-jakob-kuhn-riesling-lenchen-beerenauslese-2018-375ml\/","title":{"rendered":"Peter Jakob K\u00fchn | Rheingau | Riesling Lenchen Beerenauslese | 2018 | 375ml | bio"},"content":{"rendered":"<p>Produktbeschreibung f\u00fcr Peter Jakob K\u00fchn Riesling Lenchen Beerenauslese 2018 (bio)<\/p>\n<p> Christoph Raffelt:Am Gaumen ist die Beerenauslese schwebend leicht und doch voller Substanz. Die satte, reife, gelbe Frucht wird gekontert von herber Zitrusaromatik und feiner S\u00e4ure. Eine leichte Salzigkeit f\u00fchrt dazu, dass dieser Wein einen mundw\u00e4ssernden Effekt hat. Cremig gleitet die Beerenauslese aus dem Lendchen \u00fcber die Zunge, kleidet den ganzen Mund aus und selbst, wenn man den Riesling schon lange getrunken hat, bleibt er minutenlang am Gaumen pr\u00e4sent. <\/p>\n<h5>Information zum Wein<\/h5>\n<p> Die sogenannte Le(h)ne des Pfingstbachs gab dem Oestricher Weinberg einst den Namen. Der Weinberg ist definiert durch tonigen L\u00f6ss mit eisenoxidhaltigen Quarzitadern, weshalb er fr\u00fcher auch Eiserberg genannt wurde. Die Fr\u00fchnebel des am Fu\u00dfe des Weinbergs befindlichen flie\u00dfenden Gew\u00e4ssers sorgten stets f\u00fcr Fr\u00fchnebel. Der nun verbreitet die Botrytis, weshalb aus dieser Lage vor allem edels\u00fc\u00dfe Rieslinge entstehen. Der Wein verf\u00fcgt \u00fcber 238,8 Gramm Restzucker bei 8,1 Gramm S\u00e4ure. Der Wein wurde im Edelstahl ausgebaut. <\/p>\n<h5>Farbe<\/h5>\n<p> tiefes Strohgelb <\/p>\n<h5>Nase<\/h5>\n<p> Das Oestricher Lenchen hat den K\u00fchns im Jahr 2018 wunderbare rests\u00fc\u00dfe und edels\u00fc\u00dfe Weine beschert. Die Beerenauslese \u00f6ffnet sich mit einem Potpourri an unterschiedlichsten Aromen. Den Auftakt bilden Kumquats und Grapefruits mit einem Hauch von Rauch, Botrytis, Ananas, Quitte und vielen reifen Steinobstfr\u00fcchten, die sich mit einer ganz feinen, schnell verfliegenden Moschus-Note verbinden. <\/p>\n<h5>Gaumen<\/h5>\n<p> Am Gaumen ist die Beerenauslese schwebend leicht und doch voller Substanz. Die satte, reife, gelbe Frucht wird gekontert von herber Zitrusaromatik und feiner S\u00e4ure. Eine leichte Salzigkeit f\u00fchrt dazu, dass dieser Wein einen mundw\u00e4ssernden Effekt hat. Cremig gleitet die Beerenauslese aus dem Lendchen \u00fcber die Zunge, kleidet den ganzen Mund aus und selbst, wenn man den Riesling schon lange getrunken hat, bleibt er minutenlang am Gaumen pr\u00e4sent.<\/p>\n<p>Copyright Vinaturel 2025<\/p>\n<p>Keywords: <a href=\"https:\/\/wein-werte.com\/de\/shop\/?swoof=1&#038;pa_producer=Peter-Jakob-K\u00fchn\">Peter Jakob K\u00fchn<\/a> <a href=\"https:\/\/wein-werte.com\/de\/shop\/?swoof=1&#038;woof_text=Riesling Lenchen Beerenauslese\">Riesling Lenchen Beerenauslese<\/a> 2018 bio <a href=\"https:\/\/wein-werte.com\/de\/shop\/?swoof=1&#038;pa_region=Rheingau\">Rheingau<\/a> <a href=\"https:\/\/wein-werte.com\/de\/shop\/?swoof=1&#038;pa_country=Deutschland\">Deutschland<\/a><\/p>\n<h3>Wine Advocate<\/h3>\n<p>Punkte: 94<\/p>\n<p>K\u00fchns Lenchen Riesling Beerenauslese 2018 ist hochkonzentriert und feuersteinartig in der Nase, mit perfekten Rosinenaromen und Noten von zersto\u00dfenem Stein und Quarzit. Reduktiv, ja, aber auf ansprechende Weise. Am Gaumen ist er s\u00fc\u00df, gro\u00dfz\u00fcgig und \u00fcppig, aber auch sehr fein und feuersteinartig, mit lebendiger mineralischer Spannung und anhaltender sowie anregender Salzigkeit. Ein fabelhafter S\u00fc\u00dfwein aus 75 % Botrytis-Trauben. Verkostet im Mai 2019.<br \/>Stephan Reinhardt<\/p>\n<h3>Vinous<\/h3>\n<p>Punkte: 92<\/p>\n<p>Der bemerkenswert blasse, gr\u00fcngoldene Farbton dieses Weines deutet auf eine h\u00f6chst reine Edelf\u00e4ule hin, die den weitgehend verschrumpelten Rohstoff durchdrungen hat. Die reine Viskosit\u00e4t verdeutlicht jedoch einen deutlichen Konzentrationssprung gegen\u00fcber der entsprechenden Auslese, w\u00e4hrend die Helligkeit und Saftigkeit dieses Weines erhalten bleiben. Glasierte Ananas, kandierte Zitronenschale, getrocknete Quitte und Mirabelle dominieren die Nase und den cremigen, glyceringetr\u00e4nkten Gaumen. Der Abgang ist beeindruckend langanhaltend, wird aber, zumindest vorerst, von seiner reinen S\u00fc\u00dfe dominiert. Es waren gro\u00dfz\u00fcgige 600 Liter davon. \u201eGeben Sie ihm zehn Jahre\u201c, sagte K\u00fchn. Dem stimme ich zu. \u2013 David Schildknecht<br \/>Trinkfenster: 2025\u20132055<br \/>Bewertungsdatum: April 2021<\/p>\n<p>Internetseite des Weinguts: <a href=\"https:\/\/www.weingutpjkuehn.de\/en\/home\/\" target=\"_blank\">https:\/\/www.weingutpjkuehn.de\/en\/home\/<\/a><\/p>\n","protected":false},"excerpt":{"rendered":"<p>Lieferzeit: 1 bis 2 Arbeitstage (DE), 2 bis 5 Arbeitstage (EU and CH)<\/p>\n","protected":false},"featured_media":1147455,"template":"","meta":[],"product_brand":[],"product_cat":[19],"product_tag":[],"class_list":{"0":"post-1130198","1":"product","2":"type-product","3":"status-publish","4":"has-post-thumbnail","6":"product_cat-unkategorisiert","7":"pa_alcohol-for-filter-12930","8":"pa_certified-biodynamic-ja-de","9":"pa_certified-organic-ja-de","10":"pa_colour-weiss","11":"pa_country-deutschland","12":"pa_grape-riesling","13":"pa_parker-points-for-filter-94-de-2","14":"pa_price-for-filter-10677","15":"pa_producer-peter-jakob-kuhn","16":"pa_region-rheingau","17":"pa_size-ml-6721","18":"pa_sweetness-suess-de","19":"pa_type-2-still-de","20":"pa_vinous-points-for-filter-20029","21":"pa_vintage-2018-de","22":"entry","23":"has-media","25":"first","26":"instock","27":"taxable","28":"shipping-taxable","29":"purchasable","30":"product-type-simple"},"yoast_head":"<!-- This site is optimized with the Yoast SEO plugin v27.5 - https:\/\/yoast.com\/product\/yoast-seo-wordpress\/ -->\n<title>Peter Jakob K\u00fchn Riesling Lenchen Beerenauslese 2018, 375ml<\/title>\n<meta name=\"description\" content=\"Kaufe Peter Jakob K\u00fchn Riesling Lenchen Beerenauslese 2018 (Riesling, s\u00fc\u00df aus Rheingau, Deutschland) bei Wein Werte, Ihrem nachhaltigen Onlineshop.\" \/>\n<meta name=\"robots\" content=\"index, follow, max-snippet:-1, max-image-preview:large, max-video-preview:-1\" \/>\n<link rel=\"canonical\" href=\"https:\/\/wein-werte.com\/de\/produkt\/peter-jakob-kuhn-riesling-lenchen-beerenauslese-2018-375ml\/\" \/>\n<meta property=\"og:locale\" content=\"de_DE\" \/>\n<meta property=\"og:type\" content=\"article\" \/>\n<meta property=\"og:title\" content=\"Peter Jakob K\u00fchn Riesling Lenchen Beerenauslese 2018, 375ml\" \/>\n<meta property=\"og:description\" content=\"Kaufe Peter Jakob K\u00fchn Riesling Lenchen Beerenauslese 2018 (Riesling, s\u00fc\u00df aus Rheingau, Deutschland) bei Wein Werte, Ihrem nachhaltigen Onlineshop.\" \/>\n<meta property=\"og:url\" content=\"https:\/\/wein-werte.com\/de\/produkt\/peter-jakob-kuhn-riesling-lenchen-beerenauslese-2018-375ml\/\" \/>\n<meta property=\"og:site_name\" content=\"Wein Werte\" \/>\n<meta property=\"og:image\" content=\"https:\/\/wein-werte.com\/wp-content\/uploads\/2026\/04\/Peter-Jakob-Kuhn-Riesling-Lenchen-Beerenauslese-2018-375ml-2.png\" \/>\n\t<meta property=\"og:image:width\" content=\"123\" \/>\n\t<meta property=\"og:image:height\" content=\"470\" \/>\n\t<meta property=\"og:image:type\" content=\"image\/png\" \/>\n<meta name=\"twitter:card\" content=\"summary_large_image\" \/>\n<meta name=\"twitter:label1\" content=\"Gesch\u00e4tzte Lesezeit\" \/>\n\t<meta name=\"twitter:data1\" content=\"2\u00a0Minuten\" \/>\n<script type=\"application\/ld+json\" class=\"yoast-schema-graph\">{\"@context\":\"https:\\\/\\\/schema.org\",\"@graph\":[{\"@type\":\"WebPage\",\"@id\":\"https:\\\/\\\/wein-werte.com\\\/de\\\/produkt\\\/peter-jakob-kuhn-riesling-lenchen-beerenauslese-2018-375ml\\\/\",\"url\":\"https:\\\/\\\/wein-werte.com\\\/de\\\/produkt\\\/peter-jakob-kuhn-riesling-lenchen-beerenauslese-2018-375ml\\\/\",\"name\":\"Peter Jakob K\u00fchn Riesling Lenchen Beerenauslese 2018, 375ml\",\"isPartOf\":{\"@id\":\"https:\\\/\\\/wein-werte.com\\\/de\\\/#website\"},\"primaryImageOfPage\":{\"@id\":\"https:\\\/\\\/wein-werte.com\\\/de\\\/produkt\\\/peter-jakob-kuhn-riesling-lenchen-beerenauslese-2018-375ml\\\/#primaryimage\"},\"image\":{\"@id\":\"https:\\\/\\\/wein-werte.com\\\/de\\\/produkt\\\/peter-jakob-kuhn-riesling-lenchen-beerenauslese-2018-375ml\\\/#primaryimage\"},\"thumbnailUrl\":\"https:\\\/\\\/wein-werte.com\\\/wp-content\\\/uploads\\\/2026\\\/04\\\/Peter-Jakob-Kuhn-Riesling-Lenchen-Beerenauslese-2018-375ml-2.png\",\"datePublished\":\"2026-05-05T16:18:48+00:00\",\"description\":\"Kaufe Peter Jakob K\u00fchn Riesling Lenchen Beerenauslese 2018 (Riesling, s\u00fc\u00df aus Rheingau, Deutschland) bei Wein Werte, Ihrem nachhaltigen Onlineshop.\",\"breadcrumb\":{\"@id\":\"https:\\\/\\\/wein-werte.com\\\/de\\\/produkt\\\/peter-jakob-kuhn-riesling-lenchen-beerenauslese-2018-375ml\\\/#breadcrumb\"},\"inLanguage\":\"de\",\"potentialAction\":[{\"@type\":\"ReadAction\",\"target\":[\"https:\\\/\\\/wein-werte.com\\\/de\\\/produkt\\\/peter-jakob-kuhn-riesling-lenchen-beerenauslese-2018-375ml\\\/\"]}]},{\"@type\":\"ImageObject\",\"inLanguage\":\"de\",\"@id\":\"https:\\\/\\\/wein-werte.com\\\/de\\\/produkt\\\/peter-jakob-kuhn-riesling-lenchen-beerenauslese-2018-375ml\\\/#primaryimage\",\"url\":\"https:\\\/\\\/wein-werte.com\\\/wp-content\\\/uploads\\\/2026\\\/04\\\/Peter-Jakob-Kuhn-Riesling-Lenchen-Beerenauslese-2018-375ml-2.png\",\"contentUrl\":\"https:\\\/\\\/wein-werte.com\\\/wp-content\\\/uploads\\\/2026\\\/04\\\/Peter-Jakob-Kuhn-Riesling-Lenchen-Beerenauslese-2018-375ml-2.png\",\"width\":123,\"height\":470},{\"@type\":\"BreadcrumbList\",\"@id\":\"https:\\\/\\\/wein-werte.com\\\/de\\\/produkt\\\/peter-jakob-kuhn-riesling-lenchen-beerenauslese-2018-375ml\\\/#breadcrumb\",\"itemListElement\":[{\"@type\":\"ListItem\",\"position\":1,\"name\":\"Home\",\"item\":\"https:\\\/\\\/wein-werte.com\\\/de\\\/\"},{\"@type\":\"ListItem\",\"position\":2,\"name\":\"Shop\",\"item\":\"https:\\\/\\\/wein-werte.com\\\/de\\\/shop\\\/\"},{\"@type\":\"ListItem\",\"position\":3,\"name\":\"Peter Jakob K\u00fchn | Rheingau | Riesling Lenchen Beerenauslese | 2018 | 375ml | bio\"}]},{\"@type\":\"WebSite\",\"@id\":\"https:\\\/\\\/wein-werte.com\\\/de\\\/#website\",\"url\":\"https:\\\/\\\/wein-werte.com\\\/de\\\/\",\"name\":\"Wein Werte\",\"description\":\"\",\"publisher\":{\"@id\":\"https:\\\/\\\/wein-werte.com\\\/de\\\/#organization\"},\"potentialAction\":[{\"@type\":\"SearchAction\",\"target\":{\"@type\":\"EntryPoint\",\"urlTemplate\":\"https:\\\/\\\/wein-werte.com\\\/de\\\/?s={search_term_string}\"},\"query-input\":{\"@type\":\"PropertyValueSpecification\",\"valueRequired\":true,\"valueName\":\"search_term_string\"}}],\"inLanguage\":\"de\"},{\"@type\":\"Organization\",\"@id\":\"https:\\\/\\\/wein-werte.com\\\/de\\\/#organization\",\"name\":\"Vins Fins Thorrold\",\"url\":\"https:\\\/\\\/wein-werte.com\\\/de\\\/\",\"logo\":{\"@type\":\"ImageObject\",\"inLanguage\":\"de\",\"@id\":\"https:\\\/\\\/wein-werte.com\\\/de\\\/#\\\/schema\\\/logo\\\/image\\\/\",\"url\":\"https:\\\/\\\/wein-werte.com\\\/wp-content\\\/uploads\\\/2023\\\/07\\\/Wein_werte_Logo700-1.png\",\"contentUrl\":\"https:\\\/\\\/wein-werte.com\\\/wp-content\\\/uploads\\\/2023\\\/07\\\/Wein_werte_Logo700-1.png\",\"width\":700,\"height\":272,\"caption\":\"Vins Fins Thorrold\"},\"image\":{\"@id\":\"https:\\\/\\\/wein-werte.com\\\/de\\\/#\\\/schema\\\/logo\\\/image\\\/\"}}]}<\/script>\n<!-- \/ Yoast SEO plugin. -->","yoast_head_json":{"title":"Peter Jakob K\u00fchn Riesling Lenchen Beerenauslese 2018, 375ml","description":"Kaufe Peter Jakob K\u00fchn Riesling Lenchen Beerenauslese 2018 (Riesling, s\u00fc\u00df aus Rheingau, Deutschland) bei Wein Werte, Ihrem nachhaltigen Onlineshop.","robots":{"index":"index","follow":"follow","max-snippet":"max-snippet:-1","max-image-preview":"max-image-preview:large","max-video-preview":"max-video-preview:-1"},"canonical":"https:\/\/wein-werte.com\/de\/produkt\/peter-jakob-kuhn-riesling-lenchen-beerenauslese-2018-375ml\/","og_locale":"de_DE","og_type":"article","og_title":"Peter Jakob K\u00fchn Riesling Lenchen Beerenauslese 2018, 375ml","og_description":"Kaufe Peter Jakob K\u00fchn Riesling Lenchen Beerenauslese 2018 (Riesling, s\u00fc\u00df aus Rheingau, Deutschland) bei Wein Werte, Ihrem nachhaltigen Onlineshop.","og_url":"https:\/\/wein-werte.com\/de\/produkt\/peter-jakob-kuhn-riesling-lenchen-beerenauslese-2018-375ml\/","og_site_name":"Wein Werte","og_image":[{"width":123,"height":470,"url":"https:\/\/wein-werte.com\/wp-content\/uploads\/2026\/04\/Peter-Jakob-Kuhn-Riesling-Lenchen-Beerenauslese-2018-375ml-2.png","type":"image\/png"}],"twitter_card":"summary_large_image","twitter_misc":{"Gesch\u00e4tzte Lesezeit":"2\u00a0Minuten"},"schema":{"@context":"https:\/\/schema.org","@graph":[{"@type":"WebPage","@id":"https:\/\/wein-werte.com\/de\/produkt\/peter-jakob-kuhn-riesling-lenchen-beerenauslese-2018-375ml\/","url":"https:\/\/wein-werte.com\/de\/produkt\/peter-jakob-kuhn-riesling-lenchen-beerenauslese-2018-375ml\/","name":"Peter Jakob K\u00fchn Riesling Lenchen Beerenauslese 2018, 375ml","isPartOf":{"@id":"https:\/\/wein-werte.com\/de\/#website"},"primaryImageOfPage":{"@id":"https:\/\/wein-werte.com\/de\/produkt\/peter-jakob-kuhn-riesling-lenchen-beerenauslese-2018-375ml\/#primaryimage"},"image":{"@id":"https:\/\/wein-werte.com\/de\/produkt\/peter-jakob-kuhn-riesling-lenchen-beerenauslese-2018-375ml\/#primaryimage"},"thumbnailUrl":"https:\/\/wein-werte.com\/wp-content\/uploads\/2026\/04\/Peter-Jakob-Kuhn-Riesling-Lenchen-Beerenauslese-2018-375ml-2.png","datePublished":"2026-05-05T16:18:48+00:00","description":"Kaufe Peter Jakob K\u00fchn Riesling Lenchen Beerenauslese 2018 (Riesling, s\u00fc\u00df aus Rheingau, Deutschland) bei Wein Werte, Ihrem nachhaltigen Onlineshop.","breadcrumb":{"@id":"https:\/\/wein-werte.com\/de\/produkt\/peter-jakob-kuhn-riesling-lenchen-beerenauslese-2018-375ml\/#breadcrumb"},"inLanguage":"de","potentialAction":[{"@type":"ReadAction","target":["https:\/\/wein-werte.com\/de\/produkt\/peter-jakob-kuhn-riesling-lenchen-beerenauslese-2018-375ml\/"]}]},{"@type":"ImageObject","inLanguage":"de","@id":"https:\/\/wein-werte.com\/de\/produkt\/peter-jakob-kuhn-riesling-lenchen-beerenauslese-2018-375ml\/#primaryimage","url":"https:\/\/wein-werte.com\/wp-content\/uploads\/2026\/04\/Peter-Jakob-Kuhn-Riesling-Lenchen-Beerenauslese-2018-375ml-2.png","contentUrl":"https:\/\/wein-werte.com\/wp-content\/uploads\/2026\/04\/Peter-Jakob-Kuhn-Riesling-Lenchen-Beerenauslese-2018-375ml-2.png","width":123,"height":470},{"@type":"BreadcrumbList","@id":"https:\/\/wein-werte.com\/de\/produkt\/peter-jakob-kuhn-riesling-lenchen-beerenauslese-2018-375ml\/#breadcrumb","itemListElement":[{"@type":"ListItem","position":1,"name":"Home","item":"https:\/\/wein-werte.com\/de\/"},{"@type":"ListItem","position":2,"name":"Shop","item":"https:\/\/wein-werte.com\/de\/shop\/"},{"@type":"ListItem","position":3,"name":"Peter Jakob K\u00fchn | Rheingau | Riesling Lenchen Beerenauslese | 2018 | 375ml | bio"}]},{"@type":"WebSite","@id":"https:\/\/wein-werte.com\/de\/#website","url":"https:\/\/wein-werte.com\/de\/","name":"Wein Werte","description":"","publisher":{"@id":"https:\/\/wein-werte.com\/de\/#organization"},"potentialAction":[{"@type":"SearchAction","target":{"@type":"EntryPoint","urlTemplate":"https:\/\/wein-werte.com\/de\/?s={search_term_string}"},"query-input":{"@type":"PropertyValueSpecification","valueRequired":true,"valueName":"search_term_string"}}],"inLanguage":"de"},{"@type":"Organization","@id":"https:\/\/wein-werte.com\/de\/#organization","name":"Vins Fins Thorrold","url":"https:\/\/wein-werte.com\/de\/","logo":{"@type":"ImageObject","inLanguage":"de","@id":"https:\/\/wein-werte.com\/de\/#\/schema\/logo\/image\/","url":"https:\/\/wein-werte.com\/wp-content\/uploads\/2023\/07\/Wein_werte_Logo700-1.png","contentUrl":"https:\/\/wein-werte.com\/wp-content\/uploads\/2023\/07\/Wein_werte_Logo700-1.png","width":700,"height":272,"caption":"Vins Fins Thorrold"},"image":{"@id":"https:\/\/wein-werte.com\/de\/#\/schema\/logo\/image\/"}}]}},"_links":{"self":[{"href":"https:\/\/wein-werte.com\/de\/wp-json\/wp\/v2\/product\/1130198","targetHints":{"allow":["GET"]}}],"collection":[{"href":"https:\/\/wein-werte.com\/de\/wp-json\/wp\/v2\/product"}],"about":[{"href":"https:\/\/wein-werte.com\/de\/wp-json\/wp\/v2\/types\/product"}],"wp:featuredmedia":[{"embeddable":true,"href":"https:\/\/wein-werte.com\/de\/wp-json\/wp\/v2\/media\/1147455"}],"wp:attachment":[{"href":"https:\/\/wein-werte.com\/de\/wp-json\/wp\/v2\/media?parent=1130198"}],"wp:term":[{"taxonomy":"product_brand","embeddable":true,"href":"https:\/\/wein-werte.com\/de\/wp-json\/wp\/v2\/product_brand?post=1130198"},{"taxonomy":"product_cat","embeddable":true,"href":"https:\/\/wein-werte.com\/de\/wp-json\/wp\/v2\/product_cat?post=1130198"},{"taxonomy":"product_tag","embeddable":true,"href":"https:\/\/wein-werte.com\/de\/wp-json\/wp\/v2\/product_tag?post=1130198"}],"curies":[{"name":"wp","href":"https:\/\/api.w.org\/{rel}","templated":true}]}}