{"id":1130128,"date":"2026-05-08T20:01:31","date_gmt":"2026-05-08T18:01:31","guid":{"rendered":"https:\/\/wein-werte.com\/product\/chiara-boschis-e-pira-e-figli-barolo-via-nuova-2021-750ml\/"},"modified":"2026-04-27T11:45:24","modified_gmt":"2026-04-27T09:45:24","slug":"chiara-boschis-e-pira-plus-figli-barolo-via-nuova-2021-750ml","status":"publish","type":"product","link":"https:\/\/wein-werte.com\/de\/produkt\/chiara-boschis-e-pira-plus-figli-barolo-via-nuova-2021-750ml\/","title":{"rendered":"Chiara Boschis, E.Pira &#038; Figli | Piemont | Barolo Via Nuova DOCG | 2021 | 750ml | bio"},"content":{"rendered":"<p>Produktbeschreibung f\u00fcr Chiara Boschis, E.Pira &#038; Figli Barolo Via Nuova DOCG 2021 (bio)<\/p>\n<h5>Informationen zum Wein<\/h5>\n<p>Via Nuova war der Name eines kleinen Weinbergs in der N\u00e4he des Zentrums von Barolo. Sein Name leitet sich von der N\u00e4he der (im letzten Jahrhundert neu angelegten) Stra\u00dfe ab, die Barolo mit Novello verband. Von dieser Stra\u00dfe ist heute nur noch ein Weg durch die Weinberge \u00fcbrig, der zu Fu\u00df begangen werden kann. Jahrelang wurde der Wein in Reinform vinifiziert, bis die Gemeinde Barolo bei der Neuordnung der zus\u00e4tzlichen geografischen Angaben (die 2010 in Kraft trat) beschloss, ihn in eine gr\u00f6\u00dfere Unterzone einzugliedern, die den Namen Terlo tr\u00e4gt. Mit der Abschaffung dieses kleinen Cru hat Chiara Boschis als Hommage an die Tradition der Assemblage begonnen, den <i>Barolo Via Nuova<\/i> mit Trauben aus Terlo und Liste aus der Gemeinde Barolo, Gabutti und Baudana aus der Gemeinde Serralunga d&#8217;Alba, sowie Ravera di Monforte und Mosconi aus der Gemeinde Monforte d&#8217;Alba zu erzeugen. Nebbiolo mit den Varianten Michet und Lampia in einer klassischen Mischung.<\/p>\n<p>Die Lese fand Anfang Oktober statt. Die gesamte Ernte war bis zum 12. Oktober eingebracht. Die Weine wurden in Drehtanks mit zwei Umpumpvorg\u00e4ngen pro Tag vergoren und 14 Tage lang auf den Schalen belassen. Die malolaktische G\u00e4rung erfolgte ebenfalls in Stahl. Ausgebaut wurde \u00fcber zwei Jahre in F\u00e4ssern und Barriques aus franz\u00f6sischer Eiche.<\/p>\n<h5>Farbe<\/h5>\n<p>Kirschrot, mittel transparent.<\/p>\n<h5>Nase<\/h5>\n<p>Der 2021er <i>Barolo Via Nuova<\/i> ist ein charmanter, ausgewogen wirkender und feiner Nebbiolo mit einem Duft von Zimt und Mandorla, reifen Kirschen und Pflaumen, Blutorange, Minze und Rosen.<\/p>\n<h5>Gaumen<\/h5>\n<p>Am Gaumen bietet dieser mittelgewichtige Barolo eine angenehme Festigkeit und einen guten Druck. Er wirkt floral und zug\u00e4nglich, ausbalanciert und energetisch mit einer beeindruckenden Dynamik, einer lebhaften S\u00e4urestruktur und einem reifen, feinen Tannin. Ein gro\u00dfartiger Barolo in der Entwicklung.<\/p>\n<p>Copyright Vinaturel 2025<\/p>\n<p>Keywords: <a href=\"https:\/\/wein-werte.com\/de\/shop\/?swoof=1&#038;pa_producer=Chiara-Boschis,-E.Pira-&#038;-Figli\">Chiara Boschis, E.Pira &#038; Figli<\/a> <a href=\"https:\/\/wein-werte.com\/de\/shop\/?swoof=1&#038;woof_text=Barolo Via Nuova DOCG\">Barolo Via Nuova DOCG<\/a> 2021 bio <a href=\"https:\/\/wein-werte.com\/de\/shop\/?swoof=1&#038;pa_region=Piemont\">Piemont<\/a> <a href=\"https:\/\/wein-werte.com\/de\/shop\/?swoof=1&#038;pa_country=Italien\">Italien<\/a><\/p>\n<p>Internetseite des Weinguts: <a href=\"https:\/\/www.pira-chiaraboschis.com\/\" target=\"_blank\">https:\/\/www.pira-chiaraboschis.com\/<\/a><\/p>\n","protected":false},"excerpt":{"rendered":"<p>Lieferzeit: 1 bis 2 Arbeitstage (DE), 2 bis 5 Arbeitstage (EU and CH)<\/p>\n","protected":false},"featured_media":1141360,"template":"","meta":[],"product_brand":[],"product_cat":[19],"product_tag":[],"class_list":{"0":"post-1130128","1":"product","2":"type-product","3":"status-publish","4":"has-post-thumbnail","6":"product_cat-unkategorisiert","7":"pa_alcohol-for-filter-14-5","8":"pa_certified-biodynamic-nein-de","9":"pa_certified-organic-ja-de","10":"pa_colour-rot","11":"pa_country-italien","12":"pa_grape-nebbiolo","13":"pa_price-for-filter-10616","14":"pa_producer-chiara-boschis-e-pira-figli","15":"pa_region-piemont","16":"pa_size-ml-6584","17":"pa_sweetness-trocken-de","18":"pa_type-2-still-de","19":"pa_vintage-2021-de","20":"entry","21":"has-media","23":"first","24":"instock","25":"taxable","26":"shipping-taxable","27":"purchasable","28":"product-type-simple"},"yoast_head":"<!-- This site is optimized with the Yoast SEO plugin v27.5 - https:\/\/yoast.com\/product\/yoast-seo-wordpress\/ -->\n<title>Chiara Boschis E.Pira &amp; Figli Barolo Via Nuova 2021<\/title>\n<meta name=\"description\" content=\"Kaufe Chiara Boschis E.Pira &amp; Figli Barolo Via Nuova 2021 (Nebbiolo, trocken aus Piemont, Italien) bei Wein Werte, Ihrem nachhaltigen Onlineshop.\" \/>\n<meta name=\"robots\" content=\"index, follow, max-snippet:-1, max-image-preview:large, max-video-preview:-1\" \/>\n<link rel=\"canonical\" href=\"https:\/\/wein-werte.com\/de\/produkt\/chiara-boschis-e-pira-plus-figli-barolo-via-nuova-2021-750ml\/\" \/>\n<meta property=\"og:locale\" content=\"de_DE\" \/>\n<meta property=\"og:type\" content=\"article\" \/>\n<meta property=\"og:title\" content=\"Chiara Boschis E.Pira &amp; Figli Barolo Via Nuova 2021\" \/>\n<meta property=\"og:description\" content=\"Kaufe Chiara Boschis E.Pira &amp; Figli Barolo Via Nuova 2021 (Nebbiolo, trocken aus Piemont, Italien) bei Wein Werte, Ihrem nachhaltigen Onlineshop.\" \/>\n<meta property=\"og:url\" content=\"https:\/\/wein-werte.com\/de\/produkt\/chiara-boschis-e-pira-plus-figli-barolo-via-nuova-2021-750ml\/\" \/>\n<meta property=\"og:site_name\" content=\"Wein Werte\" \/>\n<meta property=\"og:image\" content=\"https:\/\/wein-werte.com\/wp-content\/uploads\/2026\/04\/Chiara-Boschis-E.Pira-e-Figli-Barolo-Via-Nuova-2021-750ml.png\" \/>\n\t<meta property=\"og:image:width\" content=\"317\" \/>\n\t<meta property=\"og:image:height\" content=\"1200\" \/>\n\t<meta property=\"og:image:type\" content=\"image\/png\" \/>\n<meta name=\"twitter:card\" content=\"summary_large_image\" \/>\n<meta name=\"twitter:label1\" content=\"Gesch\u00e4tzte Lesezeit\" \/>\n\t<meta name=\"twitter:data1\" content=\"2\u00a0Minuten\" \/>\n<script type=\"application\/ld+json\" class=\"yoast-schema-graph\">{\"@context\":\"https:\\\/\\\/schema.org\",\"@graph\":[{\"@type\":\"WebPage\",\"@id\":\"https:\\\/\\\/wein-werte.com\\\/de\\\/produkt\\\/chiara-boschis-e-pira-plus-figli-barolo-via-nuova-2021-750ml\\\/\",\"url\":\"https:\\\/\\\/wein-werte.com\\\/de\\\/produkt\\\/chiara-boschis-e-pira-plus-figli-barolo-via-nuova-2021-750ml\\\/\",\"name\":\"Chiara Boschis E.Pira & Figli Barolo Via Nuova 2021\",\"isPartOf\":{\"@id\":\"https:\\\/\\\/wein-werte.com\\\/de\\\/#website\"},\"primaryImageOfPage\":{\"@id\":\"https:\\\/\\\/wein-werte.com\\\/de\\\/produkt\\\/chiara-boschis-e-pira-plus-figli-barolo-via-nuova-2021-750ml\\\/#primaryimage\"},\"image\":{\"@id\":\"https:\\\/\\\/wein-werte.com\\\/de\\\/produkt\\\/chiara-boschis-e-pira-plus-figli-barolo-via-nuova-2021-750ml\\\/#primaryimage\"},\"thumbnailUrl\":\"https:\\\/\\\/wein-werte.com\\\/wp-content\\\/uploads\\\/2026\\\/04\\\/Chiara-Boschis-E.Pira-e-Figli-Barolo-Via-Nuova-2021-750ml.png\",\"datePublished\":\"2026-05-08T18:01:31+00:00\",\"description\":\"Kaufe Chiara Boschis E.Pira & Figli Barolo Via Nuova 2021 (Nebbiolo, trocken aus Piemont, Italien) bei Wein Werte, Ihrem nachhaltigen Onlineshop.\",\"breadcrumb\":{\"@id\":\"https:\\\/\\\/wein-werte.com\\\/de\\\/produkt\\\/chiara-boschis-e-pira-plus-figli-barolo-via-nuova-2021-750ml\\\/#breadcrumb\"},\"inLanguage\":\"de\",\"potentialAction\":[{\"@type\":\"ReadAction\",\"target\":[\"https:\\\/\\\/wein-werte.com\\\/de\\\/produkt\\\/chiara-boschis-e-pira-plus-figli-barolo-via-nuova-2021-750ml\\\/\"]}]},{\"@type\":\"ImageObject\",\"inLanguage\":\"de\",\"@id\":\"https:\\\/\\\/wein-werte.com\\\/de\\\/produkt\\\/chiara-boschis-e-pira-plus-figli-barolo-via-nuova-2021-750ml\\\/#primaryimage\",\"url\":\"https:\\\/\\\/wein-werte.com\\\/wp-content\\\/uploads\\\/2026\\\/04\\\/Chiara-Boschis-E.Pira-e-Figli-Barolo-Via-Nuova-2021-750ml.png\",\"contentUrl\":\"https:\\\/\\\/wein-werte.com\\\/wp-content\\\/uploads\\\/2026\\\/04\\\/Chiara-Boschis-E.Pira-e-Figli-Barolo-Via-Nuova-2021-750ml.png\",\"width\":317,\"height\":1200,\"caption\":\"Chiara Boschis, E.Pira & Figli Barolo Via Nuova DOCG 2021 750ml\"},{\"@type\":\"BreadcrumbList\",\"@id\":\"https:\\\/\\\/wein-werte.com\\\/de\\\/produkt\\\/chiara-boschis-e-pira-plus-figli-barolo-via-nuova-2021-750ml\\\/#breadcrumb\",\"itemListElement\":[{\"@type\":\"ListItem\",\"position\":1,\"name\":\"Home\",\"item\":\"https:\\\/\\\/wein-werte.com\\\/de\\\/\"},{\"@type\":\"ListItem\",\"position\":2,\"name\":\"Shop\",\"item\":\"https:\\\/\\\/wein-werte.com\\\/de\\\/shop\\\/\"},{\"@type\":\"ListItem\",\"position\":3,\"name\":\"Chiara Boschis, E.Pira &#038; Figli | Piemont | Barolo Via Nuova DOCG | 2021 | 750ml | bio\"}]},{\"@type\":\"WebSite\",\"@id\":\"https:\\\/\\\/wein-werte.com\\\/de\\\/#website\",\"url\":\"https:\\\/\\\/wein-werte.com\\\/de\\\/\",\"name\":\"Wein Werte\",\"description\":\"\",\"publisher\":{\"@id\":\"https:\\\/\\\/wein-werte.com\\\/de\\\/#organization\"},\"potentialAction\":[{\"@type\":\"SearchAction\",\"target\":{\"@type\":\"EntryPoint\",\"urlTemplate\":\"https:\\\/\\\/wein-werte.com\\\/de\\\/?s={search_term_string}\"},\"query-input\":{\"@type\":\"PropertyValueSpecification\",\"valueRequired\":true,\"valueName\":\"search_term_string\"}}],\"inLanguage\":\"de\"},{\"@type\":\"Organization\",\"@id\":\"https:\\\/\\\/wein-werte.com\\\/de\\\/#organization\",\"name\":\"Vins Fins Thorrold\",\"url\":\"https:\\\/\\\/wein-werte.com\\\/de\\\/\",\"logo\":{\"@type\":\"ImageObject\",\"inLanguage\":\"de\",\"@id\":\"https:\\\/\\\/wein-werte.com\\\/de\\\/#\\\/schema\\\/logo\\\/image\\\/\",\"url\":\"https:\\\/\\\/wein-werte.com\\\/wp-content\\\/uploads\\\/2023\\\/07\\\/Wein_werte_Logo700-1.png\",\"contentUrl\":\"https:\\\/\\\/wein-werte.com\\\/wp-content\\\/uploads\\\/2023\\\/07\\\/Wein_werte_Logo700-1.png\",\"width\":700,\"height\":272,\"caption\":\"Vins Fins Thorrold\"},\"image\":{\"@id\":\"https:\\\/\\\/wein-werte.com\\\/de\\\/#\\\/schema\\\/logo\\\/image\\\/\"}}]}<\/script>\n<!-- \/ Yoast SEO plugin. -->","yoast_head_json":{"title":"Chiara Boschis E.Pira & Figli Barolo Via Nuova 2021","description":"Kaufe Chiara Boschis E.Pira & Figli Barolo Via Nuova 2021 (Nebbiolo, trocken aus Piemont, Italien) bei Wein Werte, Ihrem nachhaltigen Onlineshop.","robots":{"index":"index","follow":"follow","max-snippet":"max-snippet:-1","max-image-preview":"max-image-preview:large","max-video-preview":"max-video-preview:-1"},"canonical":"https:\/\/wein-werte.com\/de\/produkt\/chiara-boschis-e-pira-plus-figli-barolo-via-nuova-2021-750ml\/","og_locale":"de_DE","og_type":"article","og_title":"Chiara Boschis E.Pira & Figli Barolo Via Nuova 2021","og_description":"Kaufe Chiara Boschis E.Pira & Figli Barolo Via Nuova 2021 (Nebbiolo, trocken aus Piemont, Italien) bei Wein Werte, Ihrem nachhaltigen Onlineshop.","og_url":"https:\/\/wein-werte.com\/de\/produkt\/chiara-boschis-e-pira-plus-figli-barolo-via-nuova-2021-750ml\/","og_site_name":"Wein Werte","og_image":[{"width":317,"height":1200,"url":"https:\/\/wein-werte.com\/wp-content\/uploads\/2026\/04\/Chiara-Boschis-E.Pira-e-Figli-Barolo-Via-Nuova-2021-750ml.png","type":"image\/png"}],"twitter_card":"summary_large_image","twitter_misc":{"Gesch\u00e4tzte Lesezeit":"2\u00a0Minuten"},"schema":{"@context":"https:\/\/schema.org","@graph":[{"@type":"WebPage","@id":"https:\/\/wein-werte.com\/de\/produkt\/chiara-boschis-e-pira-plus-figli-barolo-via-nuova-2021-750ml\/","url":"https:\/\/wein-werte.com\/de\/produkt\/chiara-boschis-e-pira-plus-figli-barolo-via-nuova-2021-750ml\/","name":"Chiara Boschis E.Pira & Figli Barolo Via Nuova 2021","isPartOf":{"@id":"https:\/\/wein-werte.com\/de\/#website"},"primaryImageOfPage":{"@id":"https:\/\/wein-werte.com\/de\/produkt\/chiara-boschis-e-pira-plus-figli-barolo-via-nuova-2021-750ml\/#primaryimage"},"image":{"@id":"https:\/\/wein-werte.com\/de\/produkt\/chiara-boschis-e-pira-plus-figli-barolo-via-nuova-2021-750ml\/#primaryimage"},"thumbnailUrl":"https:\/\/wein-werte.com\/wp-content\/uploads\/2026\/04\/Chiara-Boschis-E.Pira-e-Figli-Barolo-Via-Nuova-2021-750ml.png","datePublished":"2026-05-08T18:01:31+00:00","description":"Kaufe Chiara Boschis E.Pira & Figli Barolo Via Nuova 2021 (Nebbiolo, trocken aus Piemont, Italien) bei Wein Werte, Ihrem nachhaltigen Onlineshop.","breadcrumb":{"@id":"https:\/\/wein-werte.com\/de\/produkt\/chiara-boschis-e-pira-plus-figli-barolo-via-nuova-2021-750ml\/#breadcrumb"},"inLanguage":"de","potentialAction":[{"@type":"ReadAction","target":["https:\/\/wein-werte.com\/de\/produkt\/chiara-boschis-e-pira-plus-figli-barolo-via-nuova-2021-750ml\/"]}]},{"@type":"ImageObject","inLanguage":"de","@id":"https:\/\/wein-werte.com\/de\/produkt\/chiara-boschis-e-pira-plus-figli-barolo-via-nuova-2021-750ml\/#primaryimage","url":"https:\/\/wein-werte.com\/wp-content\/uploads\/2026\/04\/Chiara-Boschis-E.Pira-e-Figli-Barolo-Via-Nuova-2021-750ml.png","contentUrl":"https:\/\/wein-werte.com\/wp-content\/uploads\/2026\/04\/Chiara-Boschis-E.Pira-e-Figli-Barolo-Via-Nuova-2021-750ml.png","width":317,"height":1200,"caption":"Chiara Boschis, E.Pira & Figli Barolo Via Nuova DOCG 2021 750ml"},{"@type":"BreadcrumbList","@id":"https:\/\/wein-werte.com\/de\/produkt\/chiara-boschis-e-pira-plus-figli-barolo-via-nuova-2021-750ml\/#breadcrumb","itemListElement":[{"@type":"ListItem","position":1,"name":"Home","item":"https:\/\/wein-werte.com\/de\/"},{"@type":"ListItem","position":2,"name":"Shop","item":"https:\/\/wein-werte.com\/de\/shop\/"},{"@type":"ListItem","position":3,"name":"Chiara Boschis, E.Pira &#038; Figli | Piemont | Barolo Via Nuova DOCG | 2021 | 750ml | bio"}]},{"@type":"WebSite","@id":"https:\/\/wein-werte.com\/de\/#website","url":"https:\/\/wein-werte.com\/de\/","name":"Wein Werte","description":"","publisher":{"@id":"https:\/\/wein-werte.com\/de\/#organization"},"potentialAction":[{"@type":"SearchAction","target":{"@type":"EntryPoint","urlTemplate":"https:\/\/wein-werte.com\/de\/?s={search_term_string}"},"query-input":{"@type":"PropertyValueSpecification","valueRequired":true,"valueName":"search_term_string"}}],"inLanguage":"de"},{"@type":"Organization","@id":"https:\/\/wein-werte.com\/de\/#organization","name":"Vins Fins Thorrold","url":"https:\/\/wein-werte.com\/de\/","logo":{"@type":"ImageObject","inLanguage":"de","@id":"https:\/\/wein-werte.com\/de\/#\/schema\/logo\/image\/","url":"https:\/\/wein-werte.com\/wp-content\/uploads\/2023\/07\/Wein_werte_Logo700-1.png","contentUrl":"https:\/\/wein-werte.com\/wp-content\/uploads\/2023\/07\/Wein_werte_Logo700-1.png","width":700,"height":272,"caption":"Vins Fins Thorrold"},"image":{"@id":"https:\/\/wein-werte.com\/de\/#\/schema\/logo\/image\/"}}]}},"_links":{"self":[{"href":"https:\/\/wein-werte.com\/de\/wp-json\/wp\/v2\/product\/1130128","targetHints":{"allow":["GET"]}}],"collection":[{"href":"https:\/\/wein-werte.com\/de\/wp-json\/wp\/v2\/product"}],"about":[{"href":"https:\/\/wein-werte.com\/de\/wp-json\/wp\/v2\/types\/product"}],"wp:featuredmedia":[{"embeddable":true,"href":"https:\/\/wein-werte.com\/de\/wp-json\/wp\/v2\/media\/1141360"}],"wp:attachment":[{"href":"https:\/\/wein-werte.com\/de\/wp-json\/wp\/v2\/media?parent=1130128"}],"wp:term":[{"taxonomy":"product_brand","embeddable":true,"href":"https:\/\/wein-werte.com\/de\/wp-json\/wp\/v2\/product_brand?post=1130128"},{"taxonomy":"product_cat","embeddable":true,"href":"https:\/\/wein-werte.com\/de\/wp-json\/wp\/v2\/product_cat?post=1130128"},{"taxonomy":"product_tag","embeddable":true,"href":"https:\/\/wein-werte.com\/de\/wp-json\/wp\/v2\/product_tag?post=1130128"}],"curies":[{"name":"wp","href":"https:\/\/api.w.org\/{rel}","templated":true}]}}