{"id":1130095,"date":"2026-05-08T20:01:29","date_gmt":"2026-05-08T18:01:29","guid":{"rendered":"https:\/\/wein-werte.com\/product\/chiara-boschis-e-pira-e-figli-langhe-nebbiolo-2022-750ml\/"},"modified":"2026-04-27T11:45:21","modified_gmt":"2026-04-27T09:45:21","slug":"chiara-boschis-e-pira-plus-figli-langhe-nebbiolo-2022-750ml","status":"publish","type":"product","link":"https:\/\/wein-werte.com\/de\/produkt\/chiara-boschis-e-pira-plus-figli-langhe-nebbiolo-2022-750ml\/","title":{"rendered":"Chiara Boschis, E.Pira &#038; Figli | Piemont | Langhe Nebbiolo DOC | 2022 | 750ml"},"content":{"rendered":"<p>Produktbeschreibung f\u00fcr Chiara Boschis, E.Pira &#038; Figli Langhe Nebbiolo DOC 2022 <\/p>\n<p> Die Trauben f\u00fcr diesen Langhe Nebbiolo stammen aus einem eigens daf\u00fcr angelegten Weinberg mit den so genannten \u201efasce di rispetto\u201c: Reihen, die an nicht biologische Weinberge anderer Erzeuger grenzen. Balanciertes Tannin und gut eingebundene S\u00e4ure sind Arbeitsthema bei diesem Nebbiolo, der 14 Monate in franz\u00f6sischen Barriques in zweiter Belegung ausgebaut wurde und anschlie\u00dfend weitere zwei Monate auf der Flasche reifte. <\/p>\n<h5>Farbe<\/h5>\n<p> Kr\u00e4ftiges Rubinrot mit strahlenden Reflexen. <\/p>\n<h5>Nase<\/h5>\n<p> Die Nase des 2022 Langhe Nebbiolo von Chiara Boschis, E. Pira &amp; Figli zeigt sich sortentypisch und pr\u00e4zise. Die allgegenw\u00e4rtige dunkle Kirschfrucht wird durch ein w\u00fcrziges Framing von Sandelholz und erdigen Noten erg\u00e4nzt. Distinktive Veilchen im Obertonbereich garnieren seinen satten, reichhaltigen Auftritt, der geschickt die L\u00fccke zwischen zwei Barolos schlie\u00dft. Mit dezent balsamischer Kopfnote verspricht er solides Nebbiolo-Vergn\u00fcgen. <\/p>\n<h5>Mund<\/h5>\n<p> Dieser Nebbiolo bringt die Freuden des hochpreisigen Piemont-Genusses in den Alltag. Mit lockerer Eleganz und satter Frucht ist er am Gaumen stabil und animierend. Seidig feine, engmaschige Gerbstoffe umspielen die saftige Frucht. Mit fleischigem Biss und tiefgr\u00fcndiger Aromatik ist er der perfekte Wein f\u00fcr die kalte Jahreszeit und bietet enormes Potenzial zu einem fairen Preis. <\/p>\n<p>Copyright Vinaturel 2025<\/p>\n<p>Keywords: <a href=\"https:\/\/wein-werte.com\/de\/shop\/?swoof=1&#038;pa_producer=Chiara-Boschis,-E.Pira-&#038;-Figli\">Chiara Boschis, E.Pira &#038; Figli<\/a> <a href=\"https:\/\/wein-werte.com\/de\/shop\/?swoof=1&#038;woof_text=Langhe Nebbiolo DOC\">Langhe Nebbiolo DOC<\/a> 2022  <a href=\"https:\/\/wein-werte.com\/de\/shop\/?swoof=1&#038;pa_region=Piemont\">Piemont<\/a> <a href=\"https:\/\/wein-werte.com\/de\/shop\/?swoof=1&#038;pa_country=Italien\">Italien<\/a><\/p>\n<p>Internetseite des Weinguts: <a href=\"https:\/\/www.pira-chiaraboschis.com\/\" target=\"_blank\">https:\/\/www.pira-chiaraboschis.com\/<\/a><\/p>\n","protected":false},"excerpt":{"rendered":"<p>Lieferzeit: 1 bis 2 Arbeitstage (DE), 2 bis 5 Arbeitstage (EU and CH)<\/p>\n","protected":false},"featured_media":1141334,"template":"","meta":[],"product_brand":[],"product_cat":[19],"product_tag":[],"class_list":{"0":"post-1130095","1":"product","2":"type-product","3":"status-publish","4":"has-post-thumbnail","6":"product_cat-unkategorisiert","7":"pa_alcohol-for-filter-14-5","8":"pa_certified-biodynamic-nein-de","9":"pa_certified-organic-nein-de","10":"pa_colour-rot","11":"pa_country-italien","12":"pa_grape-nebbiolo","13":"pa_price-for-filter-10625","14":"pa_producer-chiara-boschis-e-pira-figli","15":"pa_region-piemont","16":"pa_size-ml-6584","17":"pa_sweetness-trocken-de","18":"pa_type-2-still-de","19":"pa_vintage-2022-de","20":"entry","21":"has-media","23":"first","24":"instock","25":"taxable","26":"shipping-taxable","27":"purchasable","28":"product-type-simple"},"yoast_head":"<!-- This site is optimized with the Yoast SEO plugin v27.5 - https:\/\/yoast.com\/product\/yoast-seo-wordpress\/ -->\n<title>Chiara Boschis E.Pira &amp; Figli Langhe Nebbiolo 2022<\/title>\n<meta name=\"description\" content=\"Kaufe Chiara Boschis E.Pira &amp; Figli Langhe Nebbiolo 2022 (Nebbiolo, trocken aus Piemont, Italien) bei Wein Werte, Ihrem nachhaltigen Onlineshop.\" \/>\n<meta name=\"robots\" content=\"index, follow, max-snippet:-1, max-image-preview:large, max-video-preview:-1\" \/>\n<link rel=\"canonical\" href=\"https:\/\/wein-werte.com\/de\/produkt\/chiara-boschis-e-pira-plus-figli-langhe-nebbiolo-2022-750ml\/\" \/>\n<meta property=\"og:locale\" content=\"de_DE\" \/>\n<meta property=\"og:type\" content=\"article\" \/>\n<meta property=\"og:title\" content=\"Chiara Boschis E.Pira &amp; Figli Langhe Nebbiolo 2022\" \/>\n<meta property=\"og:description\" content=\"Kaufe Chiara Boschis E.Pira &amp; Figli Langhe Nebbiolo 2022 (Nebbiolo, trocken aus Piemont, Italien) bei Wein Werte, Ihrem nachhaltigen Onlineshop.\" \/>\n<meta property=\"og:url\" content=\"https:\/\/wein-werte.com\/de\/produkt\/chiara-boschis-e-pira-plus-figli-langhe-nebbiolo-2022-750ml\/\" \/>\n<meta property=\"og:site_name\" content=\"Wein Werte\" \/>\n<meta property=\"og:image\" content=\"https:\/\/wein-werte.com\/wp-content\/uploads\/2026\/04\/Chiara-Boschis-E.Pira-e-Figli-Langhe-Nebbiolo-2022-750ml.png\" \/>\n\t<meta property=\"og:image:width\" content=\"317\" \/>\n\t<meta property=\"og:image:height\" content=\"1200\" \/>\n\t<meta property=\"og:image:type\" content=\"image\/png\" \/>\n<meta name=\"twitter:card\" content=\"summary_large_image\" \/>\n<meta name=\"twitter:label1\" content=\"Gesch\u00e4tzte Lesezeit\" \/>\n\t<meta name=\"twitter:data1\" content=\"1\u00a0Minute\" \/>\n<script type=\"application\/ld+json\" class=\"yoast-schema-graph\">{\"@context\":\"https:\\\/\\\/schema.org\",\"@graph\":[{\"@type\":\"WebPage\",\"@id\":\"https:\\\/\\\/wein-werte.com\\\/de\\\/produkt\\\/chiara-boschis-e-pira-plus-figli-langhe-nebbiolo-2022-750ml\\\/\",\"url\":\"https:\\\/\\\/wein-werte.com\\\/de\\\/produkt\\\/chiara-boschis-e-pira-plus-figli-langhe-nebbiolo-2022-750ml\\\/\",\"name\":\"Chiara Boschis E.Pira & Figli Langhe Nebbiolo 2022\",\"isPartOf\":{\"@id\":\"https:\\\/\\\/wein-werte.com\\\/de\\\/#website\"},\"primaryImageOfPage\":{\"@id\":\"https:\\\/\\\/wein-werte.com\\\/de\\\/produkt\\\/chiara-boschis-e-pira-plus-figli-langhe-nebbiolo-2022-750ml\\\/#primaryimage\"},\"image\":{\"@id\":\"https:\\\/\\\/wein-werte.com\\\/de\\\/produkt\\\/chiara-boschis-e-pira-plus-figli-langhe-nebbiolo-2022-750ml\\\/#primaryimage\"},\"thumbnailUrl\":\"https:\\\/\\\/wein-werte.com\\\/wp-content\\\/uploads\\\/2026\\\/04\\\/Chiara-Boschis-E.Pira-e-Figli-Langhe-Nebbiolo-2022-750ml.png\",\"datePublished\":\"2026-05-08T18:01:29+00:00\",\"description\":\"Kaufe Chiara Boschis E.Pira & Figli Langhe Nebbiolo 2022 (Nebbiolo, trocken aus Piemont, Italien) bei Wein Werte, Ihrem nachhaltigen Onlineshop.\",\"breadcrumb\":{\"@id\":\"https:\\\/\\\/wein-werte.com\\\/de\\\/produkt\\\/chiara-boschis-e-pira-plus-figli-langhe-nebbiolo-2022-750ml\\\/#breadcrumb\"},\"inLanguage\":\"de\",\"potentialAction\":[{\"@type\":\"ReadAction\",\"target\":[\"https:\\\/\\\/wein-werte.com\\\/de\\\/produkt\\\/chiara-boschis-e-pira-plus-figli-langhe-nebbiolo-2022-750ml\\\/\"]}]},{\"@type\":\"ImageObject\",\"inLanguage\":\"de\",\"@id\":\"https:\\\/\\\/wein-werte.com\\\/de\\\/produkt\\\/chiara-boschis-e-pira-plus-figli-langhe-nebbiolo-2022-750ml\\\/#primaryimage\",\"url\":\"https:\\\/\\\/wein-werte.com\\\/wp-content\\\/uploads\\\/2026\\\/04\\\/Chiara-Boschis-E.Pira-e-Figli-Langhe-Nebbiolo-2022-750ml.png\",\"contentUrl\":\"https:\\\/\\\/wein-werte.com\\\/wp-content\\\/uploads\\\/2026\\\/04\\\/Chiara-Boschis-E.Pira-e-Figli-Langhe-Nebbiolo-2022-750ml.png\",\"width\":317,\"height\":1200,\"caption\":\"Chiara Boschis, E.Pira & Figli Langhe Nebbiolo DOC 2022 750ml\"},{\"@type\":\"BreadcrumbList\",\"@id\":\"https:\\\/\\\/wein-werte.com\\\/de\\\/produkt\\\/chiara-boschis-e-pira-plus-figli-langhe-nebbiolo-2022-750ml\\\/#breadcrumb\",\"itemListElement\":[{\"@type\":\"ListItem\",\"position\":1,\"name\":\"Home\",\"item\":\"https:\\\/\\\/wein-werte.com\\\/de\\\/\"},{\"@type\":\"ListItem\",\"position\":2,\"name\":\"Shop\",\"item\":\"https:\\\/\\\/wein-werte.com\\\/de\\\/shop\\\/\"},{\"@type\":\"ListItem\",\"position\":3,\"name\":\"Chiara Boschis, E.Pira &#038; Figli | Piemont | Langhe Nebbiolo DOC | 2022 | 750ml\"}]},{\"@type\":\"WebSite\",\"@id\":\"https:\\\/\\\/wein-werte.com\\\/de\\\/#website\",\"url\":\"https:\\\/\\\/wein-werte.com\\\/de\\\/\",\"name\":\"Wein Werte\",\"description\":\"\",\"publisher\":{\"@id\":\"https:\\\/\\\/wein-werte.com\\\/de\\\/#organization\"},\"potentialAction\":[{\"@type\":\"SearchAction\",\"target\":{\"@type\":\"EntryPoint\",\"urlTemplate\":\"https:\\\/\\\/wein-werte.com\\\/de\\\/?s={search_term_string}\"},\"query-input\":{\"@type\":\"PropertyValueSpecification\",\"valueRequired\":true,\"valueName\":\"search_term_string\"}}],\"inLanguage\":\"de\"},{\"@type\":\"Organization\",\"@id\":\"https:\\\/\\\/wein-werte.com\\\/de\\\/#organization\",\"name\":\"Vins Fins Thorrold\",\"url\":\"https:\\\/\\\/wein-werte.com\\\/de\\\/\",\"logo\":{\"@type\":\"ImageObject\",\"inLanguage\":\"de\",\"@id\":\"https:\\\/\\\/wein-werte.com\\\/de\\\/#\\\/schema\\\/logo\\\/image\\\/\",\"url\":\"https:\\\/\\\/wein-werte.com\\\/wp-content\\\/uploads\\\/2023\\\/07\\\/Wein_werte_Logo700-1.png\",\"contentUrl\":\"https:\\\/\\\/wein-werte.com\\\/wp-content\\\/uploads\\\/2023\\\/07\\\/Wein_werte_Logo700-1.png\",\"width\":700,\"height\":272,\"caption\":\"Vins Fins Thorrold\"},\"image\":{\"@id\":\"https:\\\/\\\/wein-werte.com\\\/de\\\/#\\\/schema\\\/logo\\\/image\\\/\"}}]}<\/script>\n<!-- \/ Yoast SEO plugin. -->","yoast_head_json":{"title":"Chiara Boschis E.Pira & Figli Langhe Nebbiolo 2022","description":"Kaufe Chiara Boschis E.Pira & Figli Langhe Nebbiolo 2022 (Nebbiolo, trocken aus Piemont, Italien) bei Wein Werte, Ihrem nachhaltigen Onlineshop.","robots":{"index":"index","follow":"follow","max-snippet":"max-snippet:-1","max-image-preview":"max-image-preview:large","max-video-preview":"max-video-preview:-1"},"canonical":"https:\/\/wein-werte.com\/de\/produkt\/chiara-boschis-e-pira-plus-figli-langhe-nebbiolo-2022-750ml\/","og_locale":"de_DE","og_type":"article","og_title":"Chiara Boschis E.Pira & Figli Langhe Nebbiolo 2022","og_description":"Kaufe Chiara Boschis E.Pira & Figli Langhe Nebbiolo 2022 (Nebbiolo, trocken aus Piemont, Italien) bei Wein Werte, Ihrem nachhaltigen Onlineshop.","og_url":"https:\/\/wein-werte.com\/de\/produkt\/chiara-boschis-e-pira-plus-figli-langhe-nebbiolo-2022-750ml\/","og_site_name":"Wein Werte","og_image":[{"width":317,"height":1200,"url":"https:\/\/wein-werte.com\/wp-content\/uploads\/2026\/04\/Chiara-Boschis-E.Pira-e-Figli-Langhe-Nebbiolo-2022-750ml.png","type":"image\/png"}],"twitter_card":"summary_large_image","twitter_misc":{"Gesch\u00e4tzte Lesezeit":"1\u00a0Minute"},"schema":{"@context":"https:\/\/schema.org","@graph":[{"@type":"WebPage","@id":"https:\/\/wein-werte.com\/de\/produkt\/chiara-boschis-e-pira-plus-figli-langhe-nebbiolo-2022-750ml\/","url":"https:\/\/wein-werte.com\/de\/produkt\/chiara-boschis-e-pira-plus-figli-langhe-nebbiolo-2022-750ml\/","name":"Chiara Boschis E.Pira & Figli Langhe Nebbiolo 2022","isPartOf":{"@id":"https:\/\/wein-werte.com\/de\/#website"},"primaryImageOfPage":{"@id":"https:\/\/wein-werte.com\/de\/produkt\/chiara-boschis-e-pira-plus-figli-langhe-nebbiolo-2022-750ml\/#primaryimage"},"image":{"@id":"https:\/\/wein-werte.com\/de\/produkt\/chiara-boschis-e-pira-plus-figli-langhe-nebbiolo-2022-750ml\/#primaryimage"},"thumbnailUrl":"https:\/\/wein-werte.com\/wp-content\/uploads\/2026\/04\/Chiara-Boschis-E.Pira-e-Figli-Langhe-Nebbiolo-2022-750ml.png","datePublished":"2026-05-08T18:01:29+00:00","description":"Kaufe Chiara Boschis E.Pira & Figli Langhe Nebbiolo 2022 (Nebbiolo, trocken aus Piemont, Italien) bei Wein Werte, Ihrem nachhaltigen Onlineshop.","breadcrumb":{"@id":"https:\/\/wein-werte.com\/de\/produkt\/chiara-boschis-e-pira-plus-figli-langhe-nebbiolo-2022-750ml\/#breadcrumb"},"inLanguage":"de","potentialAction":[{"@type":"ReadAction","target":["https:\/\/wein-werte.com\/de\/produkt\/chiara-boschis-e-pira-plus-figli-langhe-nebbiolo-2022-750ml\/"]}]},{"@type":"ImageObject","inLanguage":"de","@id":"https:\/\/wein-werte.com\/de\/produkt\/chiara-boschis-e-pira-plus-figli-langhe-nebbiolo-2022-750ml\/#primaryimage","url":"https:\/\/wein-werte.com\/wp-content\/uploads\/2026\/04\/Chiara-Boschis-E.Pira-e-Figli-Langhe-Nebbiolo-2022-750ml.png","contentUrl":"https:\/\/wein-werte.com\/wp-content\/uploads\/2026\/04\/Chiara-Boschis-E.Pira-e-Figli-Langhe-Nebbiolo-2022-750ml.png","width":317,"height":1200,"caption":"Chiara Boschis, E.Pira & Figli Langhe Nebbiolo DOC 2022 750ml"},{"@type":"BreadcrumbList","@id":"https:\/\/wein-werte.com\/de\/produkt\/chiara-boschis-e-pira-plus-figli-langhe-nebbiolo-2022-750ml\/#breadcrumb","itemListElement":[{"@type":"ListItem","position":1,"name":"Home","item":"https:\/\/wein-werte.com\/de\/"},{"@type":"ListItem","position":2,"name":"Shop","item":"https:\/\/wein-werte.com\/de\/shop\/"},{"@type":"ListItem","position":3,"name":"Chiara Boschis, E.Pira &#038; Figli | Piemont | Langhe Nebbiolo DOC | 2022 | 750ml"}]},{"@type":"WebSite","@id":"https:\/\/wein-werte.com\/de\/#website","url":"https:\/\/wein-werte.com\/de\/","name":"Wein Werte","description":"","publisher":{"@id":"https:\/\/wein-werte.com\/de\/#organization"},"potentialAction":[{"@type":"SearchAction","target":{"@type":"EntryPoint","urlTemplate":"https:\/\/wein-werte.com\/de\/?s={search_term_string}"},"query-input":{"@type":"PropertyValueSpecification","valueRequired":true,"valueName":"search_term_string"}}],"inLanguage":"de"},{"@type":"Organization","@id":"https:\/\/wein-werte.com\/de\/#organization","name":"Vins Fins Thorrold","url":"https:\/\/wein-werte.com\/de\/","logo":{"@type":"ImageObject","inLanguage":"de","@id":"https:\/\/wein-werte.com\/de\/#\/schema\/logo\/image\/","url":"https:\/\/wein-werte.com\/wp-content\/uploads\/2023\/07\/Wein_werte_Logo700-1.png","contentUrl":"https:\/\/wein-werte.com\/wp-content\/uploads\/2023\/07\/Wein_werte_Logo700-1.png","width":700,"height":272,"caption":"Vins Fins Thorrold"},"image":{"@id":"https:\/\/wein-werte.com\/de\/#\/schema\/logo\/image\/"}}]}},"_links":{"self":[{"href":"https:\/\/wein-werte.com\/de\/wp-json\/wp\/v2\/product\/1130095","targetHints":{"allow":["GET"]}}],"collection":[{"href":"https:\/\/wein-werte.com\/de\/wp-json\/wp\/v2\/product"}],"about":[{"href":"https:\/\/wein-werte.com\/de\/wp-json\/wp\/v2\/types\/product"}],"wp:featuredmedia":[{"embeddable":true,"href":"https:\/\/wein-werte.com\/de\/wp-json\/wp\/v2\/media\/1141334"}],"wp:attachment":[{"href":"https:\/\/wein-werte.com\/de\/wp-json\/wp\/v2\/media?parent=1130095"}],"wp:term":[{"taxonomy":"product_brand","embeddable":true,"href":"https:\/\/wein-werte.com\/de\/wp-json\/wp\/v2\/product_brand?post=1130095"},{"taxonomy":"product_cat","embeddable":true,"href":"https:\/\/wein-werte.com\/de\/wp-json\/wp\/v2\/product_cat?post=1130095"},{"taxonomy":"product_tag","embeddable":true,"href":"https:\/\/wein-werte.com\/de\/wp-json\/wp\/v2\/product_tag?post=1130095"}],"curies":[{"name":"wp","href":"https:\/\/api.w.org\/{rel}","templated":true}]}}