{"id":1130090,"date":"2026-05-08T20:01:29","date_gmt":"2026-05-08T18:01:29","guid":{"rendered":"https:\/\/wein-werte.com\/product\/chiara-boschis-e-pira-e-figli-barbera-dalba-superiore-2022-750ml\/"},"modified":"2026-04-27T11:45:21","modified_gmt":"2026-04-27T09:45:21","slug":"chiara-boschis-e-pira-plus-figli-barbera-dalba-superiore-2022-750ml","status":"publish","type":"product","link":"https:\/\/wein-werte.com\/de\/produkt\/chiara-boschis-e-pira-plus-figli-barbera-dalba-superiore-2022-750ml\/","title":{"rendered":"Chiara Boschis, E.Pira &#038; Figli | Piemont | Barbera d&#8217;Alba Superiore DOC | 2022 | 750ml | bio"},"content":{"rendered":"<p>Produktbeschreibung f\u00fcr Chiara Boschis, E.Pira &#038; Figli Barbera d&#8217;Alba Superiore DOC 2022 (bio) <\/p>\n<h5>Informationen zum Wein <\/h5>\n<p>Die Barbera-Trauben stammen aus den eigenen Weinbergen mit kalkhaltigen Tonb\u00f6den, die zu sehr hellem Grau und Rosa tendieren. Hinzu kommen abwechselnd kieselhaltige Sandsteine, Kalziumkarbonat und Eisen. Der Wein wurde spontan im Edelstahl vergoren und 16 Monate lang im zweitbelegten Barrique ausgebaut. <\/p>\n<h5>Farbe<\/h5>\n<p> granatrot bis purpurfarben, leicht transparent <\/p>\n<h5>Nase<\/h5>\n<p> Der 2022er Barbera d\u2019Alba ist ein duftig blumiger und fruchtbetonter Wein mit Noten von reifen Schwarzkirschen und Pflaumen, in die sich nasser Stein, etwas Erde und Lavendel mischen. <\/p>\n<h5>Gaumen<\/h5>\n<p> Am Gaumen wirkt der Wein geschliffen und rund zugleich. Er besitzt eine reife, volle Frucht bei mittlerem K\u00f6rper, er hat eine samtige Textur, eine leichte f\u00fcr die Rebsorte typische Alkoholw\u00e4rme, aber auch eine frische, saftige und fruchtige Ader mit viel dunkler Kirsche und Kirschkernen, reifem Tannin und einer F\u00fclle, die auf den Punkt sexy wirkt. <\/p>\n<p>Copyright Vinaturel 2025<\/p>\n<p>Keywords: <a href=\"https:\/\/wein-werte.com\/de\/shop\/?swoof=1&#038;pa_producer=Chiara-Boschis,-E.Pira-&#038;-Figli\">Chiara Boschis, E.Pira &#038; Figli<\/a> <a href=\"https:\/\/wein-werte.com\/de\/shop\/?swoof=1&#038;woof_text=Barbera d'Alba Superiore DOC\">Barbera d&#8217;Alba Superiore DOC<\/a> 2022 bio <a href=\"https:\/\/wein-werte.com\/de\/shop\/?swoof=1&#038;pa_region=Piemont\">Piemont<\/a> <a href=\"https:\/\/wein-werte.com\/de\/shop\/?swoof=1&#038;pa_country=Italien\">Italien<\/a><\/p>\n<p>Internetseite des Weinguts: <a href=\"https:\/\/www.pira-chiaraboschis.com\/\" target=\"_blank\">https:\/\/www.pira-chiaraboschis.com\/<\/a><\/p>\n","protected":false},"excerpt":{"rendered":"<p>Lieferzeit: 1 bis 2 Arbeitstage (DE), 2 bis 5 Arbeitstage (EU and CH)<\/p>\n","protected":false},"featured_media":1141330,"template":"","meta":[],"product_brand":[],"product_cat":[19],"product_tag":[],"class_list":{"0":"post-1130090","1":"product","2":"type-product","3":"status-publish","4":"has-post-thumbnail","6":"product_cat-unkategorisiert","7":"pa_alcohol-for-filter-12892","8":"pa_certified-biodynamic-nein-de","9":"pa_certified-organic-ja-de","10":"pa_colour-rot","11":"pa_country-italien","12":"pa_grape-barbera","13":"pa_price-for-filter-10592","14":"pa_producer-chiara-boschis-e-pira-figli","15":"pa_region-piemont","16":"pa_size-ml-6584","17":"pa_sweetness-trocken-de","18":"pa_type-2-still-de","19":"pa_vintage-2022-de","20":"entry","21":"has-media","23":"first","24":"instock","25":"taxable","26":"shipping-taxable","27":"purchasable","28":"product-type-simple"},"yoast_head":"<!-- This site is optimized with the Yoast SEO plugin v27.5 - https:\/\/yoast.com\/product\/yoast-seo-wordpress\/ -->\n<title>Chiara Boschis E.Pira &amp; Figli Barbera d&#039;Alba Superiore 2022<\/title>\n<meta name=\"description\" content=\"Kaufe Chiara Boschis E.Pira &amp; Figli Barbera d&#039;Alba Superiore 2022 (Barbera, trocken aus Piemont, Italien) bei Wein Werte, Ihrem nachhaltigen Onlineshop.\" \/>\n<meta name=\"robots\" content=\"index, follow, max-snippet:-1, max-image-preview:large, max-video-preview:-1\" \/>\n<link rel=\"canonical\" href=\"https:\/\/wein-werte.com\/de\/produkt\/chiara-boschis-e-pira-plus-figli-barbera-dalba-superiore-2022-750ml\/\" \/>\n<meta property=\"og:locale\" content=\"de_DE\" \/>\n<meta property=\"og:type\" content=\"article\" \/>\n<meta property=\"og:title\" content=\"Chiara Boschis E.Pira &amp; Figli Barbera d&#039;Alba Superiore 2022\" \/>\n<meta property=\"og:description\" content=\"Kaufe Chiara Boschis E.Pira &amp; Figli Barbera d&#039;Alba Superiore 2022 (Barbera, trocken aus Piemont, Italien) bei Wein Werte, Ihrem nachhaltigen Onlineshop.\" \/>\n<meta property=\"og:url\" content=\"https:\/\/wein-werte.com\/de\/produkt\/chiara-boschis-e-pira-plus-figli-barbera-dalba-superiore-2022-750ml\/\" \/>\n<meta property=\"og:site_name\" content=\"Wein Werte\" \/>\n<meta property=\"og:image\" content=\"https:\/\/wein-werte.com\/wp-content\/uploads\/2026\/04\/Chiara-Boschis-E.Pira-e-Figli-Barbera-dAlba-Superiore-2022-750ml.png\" \/>\n\t<meta property=\"og:image:width\" content=\"316\" \/>\n\t<meta property=\"og:image:height\" content=\"1200\" \/>\n\t<meta property=\"og:image:type\" content=\"image\/png\" \/>\n<meta name=\"twitter:card\" content=\"summary_large_image\" \/>\n<meta name=\"twitter:label1\" content=\"Gesch\u00e4tzte Lesezeit\" \/>\n\t<meta name=\"twitter:data1\" content=\"1\u00a0Minute\" \/>\n<script type=\"application\/ld+json\" class=\"yoast-schema-graph\">{\"@context\":\"https:\\\/\\\/schema.org\",\"@graph\":[{\"@type\":\"WebPage\",\"@id\":\"https:\\\/\\\/wein-werte.com\\\/de\\\/produkt\\\/chiara-boschis-e-pira-plus-figli-barbera-dalba-superiore-2022-750ml\\\/\",\"url\":\"https:\\\/\\\/wein-werte.com\\\/de\\\/produkt\\\/chiara-boschis-e-pira-plus-figli-barbera-dalba-superiore-2022-750ml\\\/\",\"name\":\"Chiara Boschis E.Pira & Figli Barbera d'Alba Superiore 2022\",\"isPartOf\":{\"@id\":\"https:\\\/\\\/wein-werte.com\\\/de\\\/#website\"},\"primaryImageOfPage\":{\"@id\":\"https:\\\/\\\/wein-werte.com\\\/de\\\/produkt\\\/chiara-boschis-e-pira-plus-figli-barbera-dalba-superiore-2022-750ml\\\/#primaryimage\"},\"image\":{\"@id\":\"https:\\\/\\\/wein-werte.com\\\/de\\\/produkt\\\/chiara-boschis-e-pira-plus-figli-barbera-dalba-superiore-2022-750ml\\\/#primaryimage\"},\"thumbnailUrl\":\"https:\\\/\\\/wein-werte.com\\\/wp-content\\\/uploads\\\/2026\\\/04\\\/Chiara-Boschis-E.Pira-e-Figli-Barbera-dAlba-Superiore-2022-750ml.png\",\"datePublished\":\"2026-05-08T18:01:29+00:00\",\"description\":\"Kaufe Chiara Boschis E.Pira & Figli Barbera d'Alba Superiore 2022 (Barbera, trocken aus Piemont, Italien) bei Wein Werte, Ihrem nachhaltigen Onlineshop.\",\"breadcrumb\":{\"@id\":\"https:\\\/\\\/wein-werte.com\\\/de\\\/produkt\\\/chiara-boschis-e-pira-plus-figli-barbera-dalba-superiore-2022-750ml\\\/#breadcrumb\"},\"inLanguage\":\"de\",\"potentialAction\":[{\"@type\":\"ReadAction\",\"target\":[\"https:\\\/\\\/wein-werte.com\\\/de\\\/produkt\\\/chiara-boschis-e-pira-plus-figli-barbera-dalba-superiore-2022-750ml\\\/\"]}]},{\"@type\":\"ImageObject\",\"inLanguage\":\"de\",\"@id\":\"https:\\\/\\\/wein-werte.com\\\/de\\\/produkt\\\/chiara-boschis-e-pira-plus-figli-barbera-dalba-superiore-2022-750ml\\\/#primaryimage\",\"url\":\"https:\\\/\\\/wein-werte.com\\\/wp-content\\\/uploads\\\/2026\\\/04\\\/Chiara-Boschis-E.Pira-e-Figli-Barbera-dAlba-Superiore-2022-750ml.png\",\"contentUrl\":\"https:\\\/\\\/wein-werte.com\\\/wp-content\\\/uploads\\\/2026\\\/04\\\/Chiara-Boschis-E.Pira-e-Figli-Barbera-dAlba-Superiore-2022-750ml.png\",\"width\":316,\"height\":1200,\"caption\":\"Chiara Boschis, E.Pira & Figli Barbera d'Alba Superiore DOC 2022 750ml\"},{\"@type\":\"BreadcrumbList\",\"@id\":\"https:\\\/\\\/wein-werte.com\\\/de\\\/produkt\\\/chiara-boschis-e-pira-plus-figli-barbera-dalba-superiore-2022-750ml\\\/#breadcrumb\",\"itemListElement\":[{\"@type\":\"ListItem\",\"position\":1,\"name\":\"Home\",\"item\":\"https:\\\/\\\/wein-werte.com\\\/de\\\/\"},{\"@type\":\"ListItem\",\"position\":2,\"name\":\"Shop\",\"item\":\"https:\\\/\\\/wein-werte.com\\\/de\\\/shop\\\/\"},{\"@type\":\"ListItem\",\"position\":3,\"name\":\"Chiara Boschis, E.Pira &#038; Figli | Piemont | Barbera d&#8217;Alba Superiore DOC | 2022 | 750ml | bio\"}]},{\"@type\":\"WebSite\",\"@id\":\"https:\\\/\\\/wein-werte.com\\\/de\\\/#website\",\"url\":\"https:\\\/\\\/wein-werte.com\\\/de\\\/\",\"name\":\"Wein Werte\",\"description\":\"\",\"publisher\":{\"@id\":\"https:\\\/\\\/wein-werte.com\\\/de\\\/#organization\"},\"potentialAction\":[{\"@type\":\"SearchAction\",\"target\":{\"@type\":\"EntryPoint\",\"urlTemplate\":\"https:\\\/\\\/wein-werte.com\\\/de\\\/?s={search_term_string}\"},\"query-input\":{\"@type\":\"PropertyValueSpecification\",\"valueRequired\":true,\"valueName\":\"search_term_string\"}}],\"inLanguage\":\"de\"},{\"@type\":\"Organization\",\"@id\":\"https:\\\/\\\/wein-werte.com\\\/de\\\/#organization\",\"name\":\"Vins Fins Thorrold\",\"url\":\"https:\\\/\\\/wein-werte.com\\\/de\\\/\",\"logo\":{\"@type\":\"ImageObject\",\"inLanguage\":\"de\",\"@id\":\"https:\\\/\\\/wein-werte.com\\\/de\\\/#\\\/schema\\\/logo\\\/image\\\/\",\"url\":\"https:\\\/\\\/wein-werte.com\\\/wp-content\\\/uploads\\\/2023\\\/07\\\/Wein_werte_Logo700-1.png\",\"contentUrl\":\"https:\\\/\\\/wein-werte.com\\\/wp-content\\\/uploads\\\/2023\\\/07\\\/Wein_werte_Logo700-1.png\",\"width\":700,\"height\":272,\"caption\":\"Vins Fins Thorrold\"},\"image\":{\"@id\":\"https:\\\/\\\/wein-werte.com\\\/de\\\/#\\\/schema\\\/logo\\\/image\\\/\"}}]}<\/script>\n<!-- \/ Yoast SEO plugin. -->","yoast_head_json":{"title":"Chiara Boschis E.Pira & Figli Barbera d'Alba Superiore 2022","description":"Kaufe Chiara Boschis E.Pira & Figli Barbera d'Alba Superiore 2022 (Barbera, trocken aus Piemont, Italien) bei Wein Werte, Ihrem nachhaltigen Onlineshop.","robots":{"index":"index","follow":"follow","max-snippet":"max-snippet:-1","max-image-preview":"max-image-preview:large","max-video-preview":"max-video-preview:-1"},"canonical":"https:\/\/wein-werte.com\/de\/produkt\/chiara-boschis-e-pira-plus-figli-barbera-dalba-superiore-2022-750ml\/","og_locale":"de_DE","og_type":"article","og_title":"Chiara Boschis E.Pira & Figli Barbera d'Alba Superiore 2022","og_description":"Kaufe Chiara Boschis E.Pira & Figli Barbera d'Alba Superiore 2022 (Barbera, trocken aus Piemont, Italien) bei Wein Werte, Ihrem nachhaltigen Onlineshop.","og_url":"https:\/\/wein-werte.com\/de\/produkt\/chiara-boschis-e-pira-plus-figli-barbera-dalba-superiore-2022-750ml\/","og_site_name":"Wein Werte","og_image":[{"width":316,"height":1200,"url":"https:\/\/wein-werte.com\/wp-content\/uploads\/2026\/04\/Chiara-Boschis-E.Pira-e-Figli-Barbera-dAlba-Superiore-2022-750ml.png","type":"image\/png"}],"twitter_card":"summary_large_image","twitter_misc":{"Gesch\u00e4tzte Lesezeit":"1\u00a0Minute"},"schema":{"@context":"https:\/\/schema.org","@graph":[{"@type":"WebPage","@id":"https:\/\/wein-werte.com\/de\/produkt\/chiara-boschis-e-pira-plus-figli-barbera-dalba-superiore-2022-750ml\/","url":"https:\/\/wein-werte.com\/de\/produkt\/chiara-boschis-e-pira-plus-figli-barbera-dalba-superiore-2022-750ml\/","name":"Chiara Boschis E.Pira & Figli Barbera d'Alba Superiore 2022","isPartOf":{"@id":"https:\/\/wein-werte.com\/de\/#website"},"primaryImageOfPage":{"@id":"https:\/\/wein-werte.com\/de\/produkt\/chiara-boschis-e-pira-plus-figli-barbera-dalba-superiore-2022-750ml\/#primaryimage"},"image":{"@id":"https:\/\/wein-werte.com\/de\/produkt\/chiara-boschis-e-pira-plus-figli-barbera-dalba-superiore-2022-750ml\/#primaryimage"},"thumbnailUrl":"https:\/\/wein-werte.com\/wp-content\/uploads\/2026\/04\/Chiara-Boschis-E.Pira-e-Figli-Barbera-dAlba-Superiore-2022-750ml.png","datePublished":"2026-05-08T18:01:29+00:00","description":"Kaufe Chiara Boschis E.Pira & Figli Barbera d'Alba Superiore 2022 (Barbera, trocken aus Piemont, Italien) bei Wein Werte, Ihrem nachhaltigen Onlineshop.","breadcrumb":{"@id":"https:\/\/wein-werte.com\/de\/produkt\/chiara-boschis-e-pira-plus-figli-barbera-dalba-superiore-2022-750ml\/#breadcrumb"},"inLanguage":"de","potentialAction":[{"@type":"ReadAction","target":["https:\/\/wein-werte.com\/de\/produkt\/chiara-boschis-e-pira-plus-figli-barbera-dalba-superiore-2022-750ml\/"]}]},{"@type":"ImageObject","inLanguage":"de","@id":"https:\/\/wein-werte.com\/de\/produkt\/chiara-boschis-e-pira-plus-figli-barbera-dalba-superiore-2022-750ml\/#primaryimage","url":"https:\/\/wein-werte.com\/wp-content\/uploads\/2026\/04\/Chiara-Boschis-E.Pira-e-Figli-Barbera-dAlba-Superiore-2022-750ml.png","contentUrl":"https:\/\/wein-werte.com\/wp-content\/uploads\/2026\/04\/Chiara-Boschis-E.Pira-e-Figli-Barbera-dAlba-Superiore-2022-750ml.png","width":316,"height":1200,"caption":"Chiara Boschis, E.Pira & Figli Barbera d'Alba Superiore DOC 2022 750ml"},{"@type":"BreadcrumbList","@id":"https:\/\/wein-werte.com\/de\/produkt\/chiara-boschis-e-pira-plus-figli-barbera-dalba-superiore-2022-750ml\/#breadcrumb","itemListElement":[{"@type":"ListItem","position":1,"name":"Home","item":"https:\/\/wein-werte.com\/de\/"},{"@type":"ListItem","position":2,"name":"Shop","item":"https:\/\/wein-werte.com\/de\/shop\/"},{"@type":"ListItem","position":3,"name":"Chiara Boschis, E.Pira &#038; Figli | Piemont | Barbera d&#8217;Alba Superiore DOC | 2022 | 750ml | bio"}]},{"@type":"WebSite","@id":"https:\/\/wein-werte.com\/de\/#website","url":"https:\/\/wein-werte.com\/de\/","name":"Wein Werte","description":"","publisher":{"@id":"https:\/\/wein-werte.com\/de\/#organization"},"potentialAction":[{"@type":"SearchAction","target":{"@type":"EntryPoint","urlTemplate":"https:\/\/wein-werte.com\/de\/?s={search_term_string}"},"query-input":{"@type":"PropertyValueSpecification","valueRequired":true,"valueName":"search_term_string"}}],"inLanguage":"de"},{"@type":"Organization","@id":"https:\/\/wein-werte.com\/de\/#organization","name":"Vins Fins Thorrold","url":"https:\/\/wein-werte.com\/de\/","logo":{"@type":"ImageObject","inLanguage":"de","@id":"https:\/\/wein-werte.com\/de\/#\/schema\/logo\/image\/","url":"https:\/\/wein-werte.com\/wp-content\/uploads\/2023\/07\/Wein_werte_Logo700-1.png","contentUrl":"https:\/\/wein-werte.com\/wp-content\/uploads\/2023\/07\/Wein_werte_Logo700-1.png","width":700,"height":272,"caption":"Vins Fins Thorrold"},"image":{"@id":"https:\/\/wein-werte.com\/de\/#\/schema\/logo\/image\/"}}]}},"_links":{"self":[{"href":"https:\/\/wein-werte.com\/de\/wp-json\/wp\/v2\/product\/1130090","targetHints":{"allow":["GET"]}}],"collection":[{"href":"https:\/\/wein-werte.com\/de\/wp-json\/wp\/v2\/product"}],"about":[{"href":"https:\/\/wein-werte.com\/de\/wp-json\/wp\/v2\/types\/product"}],"wp:featuredmedia":[{"embeddable":true,"href":"https:\/\/wein-werte.com\/de\/wp-json\/wp\/v2\/media\/1141330"}],"wp:attachment":[{"href":"https:\/\/wein-werte.com\/de\/wp-json\/wp\/v2\/media?parent=1130090"}],"wp:term":[{"taxonomy":"product_brand","embeddable":true,"href":"https:\/\/wein-werte.com\/de\/wp-json\/wp\/v2\/product_brand?post=1130090"},{"taxonomy":"product_cat","embeddable":true,"href":"https:\/\/wein-werte.com\/de\/wp-json\/wp\/v2\/product_cat?post=1130090"},{"taxonomy":"product_tag","embeddable":true,"href":"https:\/\/wein-werte.com\/de\/wp-json\/wp\/v2\/product_tag?post=1130090"}],"curies":[{"name":"wp","href":"https:\/\/api.w.org\/{rel}","templated":true}]}}