{"id":1130065,"date":"2026-05-12T15:45:18","date_gmt":"2026-05-12T13:45:18","guid":{"rendered":"https:\/\/wein-werte.com\/product\/sottimano-bric-del-salto-dolcetto-dalba-2024-750ml\/"},"modified":"2026-05-12T19:55:47","modified_gmt":"2026-05-12T17:55:47","slug":"sottimano-bric-del-salto-dolcetto-dalba-2024-750ml","status":"publish","type":"product","link":"https:\/\/wein-werte.com\/de\/produkt\/sottimano-bric-del-salto-dolcetto-dalba-2024-750ml\/","title":{"rendered":"Sottimano | Piemont | Bric Del Salto Dolcetto d&#8217;Alba DOC | 2024 | 750ml"},"content":{"rendered":"<p>Produktbeschreibung f\u00fcr Sottimano Bric Del Salto Dolcetto d&#8217;Alba DOC 2024 <\/p>\n<p>Der<br \/>\nDolcetto d\u2019Alba Bric del Salto von Andrea Sottimano stammt aus drei<br \/>\nverschiedenen Weinbergen mit alten Rebst\u00f6cken in Neive: Cott\u00e0, Basarin und San<br \/>\nCristoforo. Der Name Bric del Salto geht zur\u00fcck auf den urspr\u00fcnglichen kleinen<br \/>\nDolcetto-Weinberg, den die Familie Sottimano in den 1970er-Jahren erwarb. Die G\u00e4rung<br \/>\nund Mazeration erfolgen auf den Schalen und dauern in der Regel 20\u201325 Tage. Die<br \/>\nVerg\u00e4rung geschieht spontan mit eigenen Hefen, der biologische S\u00e4ureabbau<br \/>\nerfolgt im Edelstahl. Dort reift der Wein sechs Monate auf der Feinhefe, bevor<br \/>\ner ungesch\u00f6nt und ungefiltert gef\u00fcllt wird.<\/p>\n<p>\u00a0<\/p>\n<h5>Farbe<\/h5>\n<p>Transparentes Rubinrot mit violettem Schimmer.<\/p>\n<p>\u00a0<\/p>\n<h5>Nase<\/h5>\n<p>Der 2024 Bric del Salto Dolcetto d\u2019Alba von Sottimano zeigt sich<br \/>\ndieses Jahr vergleichsweise leichtf\u00fc\u00dfig: Die unverhohlen prunks\u00fcchtige Kirsche<br \/>\nwirkt etwas weniger schwarz, sondern hellrot, was ihr sehr gut zu Gesicht<br \/>\nsteht. Hinzu kommen vollreife Himbeeren und ein verschrobenes Brombeerblatt,<br \/>\nleicht w\u00fcrzige Noten nach schwarzen N\u00fcssen sowie florale Kopfnoten nach Malven<br \/>\nund Stockrosen.<\/p>\n<p>\u00a0<\/p>\n<h5>Mund<\/h5>\n<p>Im Antrunk schlank mit aromatischem Gerbstoff und transparenter<br \/>\nFrucht. Die Kirsche tendiert eher Richtung Sauerkirsche, das Brombeerblatt der<br \/>\nNase findet sich strukturgebend auch am Gaumen. Aromatisch im hellroten Bereich<br \/>\nverbindet dieser Dolcetto die belebend frische S\u00e4ure mit dem herb-aromatischen<br \/>\nGesamtauftritt. Leicht gek\u00fchlt ein Ass im \u00c4rmel bei der Speisenbegleitung.<\/p>\n<p>\u00a0<\/p>\n<p>Copyright Vinaturel 2025<\/p>\n<p>Keywords: <a href=\"https:\/\/wein-werte.com\/de\/shop\/?swoof=1&#038;pa_producer=Sottimano\">Sottimano<\/a> <a href=\"https:\/\/wein-werte.com\/de\/shop\/?swoof=1&#038;woof_text=Bric Del Salto Dolcetto d'Alba DOC\">Bric Del Salto Dolcetto d&#8217;Alba DOC<\/a> 2024  <a href=\"https:\/\/wein-werte.com\/de\/shop\/?swoof=1&#038;pa_region=Piemont\">Piemont<\/a> <a href=\"https:\/\/wein-werte.com\/de\/shop\/?swoof=1&#038;pa_country=Italien\">Italien<\/a><\/p>\n<p>Internetseite des Weinguts: <a href=\"http:\/\/www.sottimano.it\/\" target=\"_blank\">http:\/\/www.sottimano.it\/<\/a><\/p>\n","protected":false},"excerpt":{"rendered":"<div style=\"font-size: 14px;\">\n<p>Lieferzeit: 1 bis 2 Arbeitstage (DE), 2 bis 5 Arbeitstage (EU und CH)<\/p>\n<p>Ungef\u00e4hrer Energiegehalt pro 125-ml-Glas: 105 kcal<\/p>\n<\/p><\/div>\n","protected":false},"featured_media":1141310,"template":"","meta":[],"product_brand":[],"product_cat":[19],"product_tag":[],"class_list":{"0":"post-1130065","1":"product","2":"type-product","3":"status-publish","4":"has-post-thumbnail","6":"product_cat-unkategorisiert","7":"pa_alcohol-for-filter-12-5","8":"pa_certified-biodynamic-nein-de","9":"pa_certified-organic-nein-de","10":"pa_colour-rot","11":"pa_country-italien","12":"pa_grape-dolcetto","13":"pa_price-for-filter-10580","14":"pa_producer-sottimano","15":"pa_region-piemont","16":"pa_size-ml-6584","17":"pa_sweetness-trocken-de","18":"pa_type-2-still-de","19":"pa_vintage-2024-de","20":"entry","21":"has-media","23":"first","24":"instock","25":"taxable","26":"shipping-taxable","27":"purchasable","28":"product-type-simple"},"yoast_head":"<!-- This site is optimized with the Yoast SEO plugin v27.6 - https:\/\/yoast.com\/product\/yoast-seo-wordpress\/ -->\n<title>Sottimano Bric Del Salto Dolcetto d&#039;Alba 2024<\/title>\n<meta name=\"description\" content=\"Kaufe Sottimano Bric Del Salto Dolcetto d&#039;Alba 2024 (Dolcetto, trocken aus Piemont, Italien) bei Wein Werte, Ihrem nachhaltigen Onlineshop.\" \/>\n<meta name=\"robots\" content=\"index, follow, max-snippet:-1, max-image-preview:large, max-video-preview:-1\" \/>\n<link rel=\"canonical\" href=\"https:\/\/wein-werte.com\/de\/produkt\/sottimano-bric-del-salto-dolcetto-dalba-2024-750ml\/\" \/>\n<meta property=\"og:locale\" content=\"de_DE\" \/>\n<meta property=\"og:type\" content=\"article\" \/>\n<meta property=\"og:title\" content=\"Sottimano Bric Del Salto Dolcetto d&#039;Alba 2024\" \/>\n<meta property=\"og:description\" content=\"Kaufe Sottimano Bric Del Salto Dolcetto d&#039;Alba 2024 (Dolcetto, trocken aus Piemont, Italien) bei Wein Werte, Ihrem nachhaltigen Onlineshop.\" \/>\n<meta property=\"og:url\" content=\"https:\/\/wein-werte.com\/de\/produkt\/sottimano-bric-del-salto-dolcetto-dalba-2024-750ml\/\" \/>\n<meta property=\"og:site_name\" content=\"Wein Werte\" \/>\n<meta property=\"article:modified_time\" content=\"2026-05-12T17:55:47+00:00\" \/>\n<meta property=\"og:image\" content=\"https:\/\/wein-werte.com\/wp-content\/uploads\/2026\/04\/Sottimano-Bric-Del-Salto-Dolcetto-dAlba-2024-750ml.png\" \/>\n\t<meta property=\"og:image:width\" content=\"316\" \/>\n\t<meta property=\"og:image:height\" content=\"1200\" \/>\n\t<meta property=\"og:image:type\" content=\"image\/png\" \/>\n<meta name=\"twitter:card\" content=\"summary_large_image\" \/>\n<meta name=\"twitter:label1\" content=\"Gesch\u00e4tzte Lesezeit\" \/>\n\t<meta name=\"twitter:data1\" content=\"1\u00a0Minute\" \/>\n<script type=\"application\/ld+json\" class=\"yoast-schema-graph\">{\"@context\":\"https:\\\/\\\/schema.org\",\"@graph\":[{\"@type\":\"WebPage\",\"@id\":\"https:\\\/\\\/wein-werte.com\\\/de\\\/produkt\\\/sottimano-bric-del-salto-dolcetto-dalba-2024-750ml\\\/\",\"url\":\"https:\\\/\\\/wein-werte.com\\\/de\\\/produkt\\\/sottimano-bric-del-salto-dolcetto-dalba-2024-750ml\\\/\",\"name\":\"Sottimano Bric Del Salto Dolcetto d'Alba 2024\",\"isPartOf\":{\"@id\":\"https:\\\/\\\/wein-werte.com\\\/de\\\/#website\"},\"primaryImageOfPage\":{\"@id\":\"https:\\\/\\\/wein-werte.com\\\/de\\\/produkt\\\/sottimano-bric-del-salto-dolcetto-dalba-2024-750ml\\\/#primaryimage\"},\"image\":{\"@id\":\"https:\\\/\\\/wein-werte.com\\\/de\\\/produkt\\\/sottimano-bric-del-salto-dolcetto-dalba-2024-750ml\\\/#primaryimage\"},\"thumbnailUrl\":\"https:\\\/\\\/wein-werte.com\\\/wp-content\\\/uploads\\\/2026\\\/04\\\/Sottimano-Bric-Del-Salto-Dolcetto-dAlba-2024-750ml.png\",\"datePublished\":\"2026-05-12T13:45:18+00:00\",\"dateModified\":\"2026-05-12T17:55:47+00:00\",\"description\":\"Kaufe Sottimano Bric Del Salto Dolcetto d'Alba 2024 (Dolcetto, trocken aus Piemont, Italien) bei Wein Werte, Ihrem nachhaltigen Onlineshop.\",\"breadcrumb\":{\"@id\":\"https:\\\/\\\/wein-werte.com\\\/de\\\/produkt\\\/sottimano-bric-del-salto-dolcetto-dalba-2024-750ml\\\/#breadcrumb\"},\"inLanguage\":\"de\",\"potentialAction\":[{\"@type\":\"ReadAction\",\"target\":[\"https:\\\/\\\/wein-werte.com\\\/de\\\/produkt\\\/sottimano-bric-del-salto-dolcetto-dalba-2024-750ml\\\/\"]}]},{\"@type\":\"ImageObject\",\"inLanguage\":\"de\",\"@id\":\"https:\\\/\\\/wein-werte.com\\\/de\\\/produkt\\\/sottimano-bric-del-salto-dolcetto-dalba-2024-750ml\\\/#primaryimage\",\"url\":\"https:\\\/\\\/wein-werte.com\\\/wp-content\\\/uploads\\\/2026\\\/04\\\/Sottimano-Bric-Del-Salto-Dolcetto-dAlba-2024-750ml.png\",\"contentUrl\":\"https:\\\/\\\/wein-werte.com\\\/wp-content\\\/uploads\\\/2026\\\/04\\\/Sottimano-Bric-Del-Salto-Dolcetto-dAlba-2024-750ml.png\",\"width\":316,\"height\":1200,\"caption\":\"Sottimano Bric Del Salto Dolcetto d'Alba DOC 2024 750ml\"},{\"@type\":\"BreadcrumbList\",\"@id\":\"https:\\\/\\\/wein-werte.com\\\/de\\\/produkt\\\/sottimano-bric-del-salto-dolcetto-dalba-2024-750ml\\\/#breadcrumb\",\"itemListElement\":[{\"@type\":\"ListItem\",\"position\":1,\"name\":\"Home\",\"item\":\"https:\\\/\\\/wein-werte.com\\\/de\\\/\"},{\"@type\":\"ListItem\",\"position\":2,\"name\":\"Shop\",\"item\":\"https:\\\/\\\/wein-werte.com\\\/de\\\/shop\\\/\"},{\"@type\":\"ListItem\",\"position\":3,\"name\":\"Sottimano | Piemont | Bric Del Salto Dolcetto d&#8217;Alba DOC | 2024 | 750ml\"}]},{\"@type\":\"WebSite\",\"@id\":\"https:\\\/\\\/wein-werte.com\\\/de\\\/#website\",\"url\":\"https:\\\/\\\/wein-werte.com\\\/de\\\/\",\"name\":\"Wein Werte\",\"description\":\"\",\"publisher\":{\"@id\":\"https:\\\/\\\/wein-werte.com\\\/de\\\/#organization\"},\"potentialAction\":[{\"@type\":\"SearchAction\",\"target\":{\"@type\":\"EntryPoint\",\"urlTemplate\":\"https:\\\/\\\/wein-werte.com\\\/de\\\/?s={search_term_string}\"},\"query-input\":{\"@type\":\"PropertyValueSpecification\",\"valueRequired\":true,\"valueName\":\"search_term_string\"}}],\"inLanguage\":\"de\"},{\"@type\":\"Organization\",\"@id\":\"https:\\\/\\\/wein-werte.com\\\/de\\\/#organization\",\"name\":\"Vins Fins Thorrold\",\"url\":\"https:\\\/\\\/wein-werte.com\\\/de\\\/\",\"logo\":{\"@type\":\"ImageObject\",\"inLanguage\":\"de\",\"@id\":\"https:\\\/\\\/wein-werte.com\\\/de\\\/#\\\/schema\\\/logo\\\/image\\\/\",\"url\":\"https:\\\/\\\/wein-werte.com\\\/wp-content\\\/uploads\\\/2023\\\/07\\\/Wein_werte_Logo700-1.png\",\"contentUrl\":\"https:\\\/\\\/wein-werte.com\\\/wp-content\\\/uploads\\\/2023\\\/07\\\/Wein_werte_Logo700-1.png\",\"width\":700,\"height\":272,\"caption\":\"Vins Fins Thorrold\"},\"image\":{\"@id\":\"https:\\\/\\\/wein-werte.com\\\/de\\\/#\\\/schema\\\/logo\\\/image\\\/\"}}]}<\/script>\n<!-- \/ Yoast SEO plugin. -->","yoast_head_json":{"title":"Sottimano Bric Del Salto Dolcetto d'Alba 2024","description":"Kaufe Sottimano Bric Del Salto Dolcetto d'Alba 2024 (Dolcetto, trocken aus Piemont, Italien) bei Wein Werte, Ihrem nachhaltigen Onlineshop.","robots":{"index":"index","follow":"follow","max-snippet":"max-snippet:-1","max-image-preview":"max-image-preview:large","max-video-preview":"max-video-preview:-1"},"canonical":"https:\/\/wein-werte.com\/de\/produkt\/sottimano-bric-del-salto-dolcetto-dalba-2024-750ml\/","og_locale":"de_DE","og_type":"article","og_title":"Sottimano Bric Del Salto Dolcetto d'Alba 2024","og_description":"Kaufe Sottimano Bric Del Salto Dolcetto d'Alba 2024 (Dolcetto, trocken aus Piemont, Italien) bei Wein Werte, Ihrem nachhaltigen Onlineshop.","og_url":"https:\/\/wein-werte.com\/de\/produkt\/sottimano-bric-del-salto-dolcetto-dalba-2024-750ml\/","og_site_name":"Wein Werte","article_modified_time":"2026-05-12T17:55:47+00:00","og_image":[{"width":316,"height":1200,"url":"https:\/\/wein-werte.com\/wp-content\/uploads\/2026\/04\/Sottimano-Bric-Del-Salto-Dolcetto-dAlba-2024-750ml.png","type":"image\/png"}],"twitter_card":"summary_large_image","twitter_misc":{"Gesch\u00e4tzte Lesezeit":"1\u00a0Minute"},"schema":{"@context":"https:\/\/schema.org","@graph":[{"@type":"WebPage","@id":"https:\/\/wein-werte.com\/de\/produkt\/sottimano-bric-del-salto-dolcetto-dalba-2024-750ml\/","url":"https:\/\/wein-werte.com\/de\/produkt\/sottimano-bric-del-salto-dolcetto-dalba-2024-750ml\/","name":"Sottimano Bric Del Salto Dolcetto d'Alba 2024","isPartOf":{"@id":"https:\/\/wein-werte.com\/de\/#website"},"primaryImageOfPage":{"@id":"https:\/\/wein-werte.com\/de\/produkt\/sottimano-bric-del-salto-dolcetto-dalba-2024-750ml\/#primaryimage"},"image":{"@id":"https:\/\/wein-werte.com\/de\/produkt\/sottimano-bric-del-salto-dolcetto-dalba-2024-750ml\/#primaryimage"},"thumbnailUrl":"https:\/\/wein-werte.com\/wp-content\/uploads\/2026\/04\/Sottimano-Bric-Del-Salto-Dolcetto-dAlba-2024-750ml.png","datePublished":"2026-05-12T13:45:18+00:00","dateModified":"2026-05-12T17:55:47+00:00","description":"Kaufe Sottimano Bric Del Salto Dolcetto d'Alba 2024 (Dolcetto, trocken aus Piemont, Italien) bei Wein Werte, Ihrem nachhaltigen Onlineshop.","breadcrumb":{"@id":"https:\/\/wein-werte.com\/de\/produkt\/sottimano-bric-del-salto-dolcetto-dalba-2024-750ml\/#breadcrumb"},"inLanguage":"de","potentialAction":[{"@type":"ReadAction","target":["https:\/\/wein-werte.com\/de\/produkt\/sottimano-bric-del-salto-dolcetto-dalba-2024-750ml\/"]}]},{"@type":"ImageObject","inLanguage":"de","@id":"https:\/\/wein-werte.com\/de\/produkt\/sottimano-bric-del-salto-dolcetto-dalba-2024-750ml\/#primaryimage","url":"https:\/\/wein-werte.com\/wp-content\/uploads\/2026\/04\/Sottimano-Bric-Del-Salto-Dolcetto-dAlba-2024-750ml.png","contentUrl":"https:\/\/wein-werte.com\/wp-content\/uploads\/2026\/04\/Sottimano-Bric-Del-Salto-Dolcetto-dAlba-2024-750ml.png","width":316,"height":1200,"caption":"Sottimano Bric Del Salto Dolcetto d'Alba DOC 2024 750ml"},{"@type":"BreadcrumbList","@id":"https:\/\/wein-werte.com\/de\/produkt\/sottimano-bric-del-salto-dolcetto-dalba-2024-750ml\/#breadcrumb","itemListElement":[{"@type":"ListItem","position":1,"name":"Home","item":"https:\/\/wein-werte.com\/de\/"},{"@type":"ListItem","position":2,"name":"Shop","item":"https:\/\/wein-werte.com\/de\/shop\/"},{"@type":"ListItem","position":3,"name":"Sottimano | Piemont | Bric Del Salto Dolcetto d&#8217;Alba DOC | 2024 | 750ml"}]},{"@type":"WebSite","@id":"https:\/\/wein-werte.com\/de\/#website","url":"https:\/\/wein-werte.com\/de\/","name":"Wein Werte","description":"","publisher":{"@id":"https:\/\/wein-werte.com\/de\/#organization"},"potentialAction":[{"@type":"SearchAction","target":{"@type":"EntryPoint","urlTemplate":"https:\/\/wein-werte.com\/de\/?s={search_term_string}"},"query-input":{"@type":"PropertyValueSpecification","valueRequired":true,"valueName":"search_term_string"}}],"inLanguage":"de"},{"@type":"Organization","@id":"https:\/\/wein-werte.com\/de\/#organization","name":"Vins Fins Thorrold","url":"https:\/\/wein-werte.com\/de\/","logo":{"@type":"ImageObject","inLanguage":"de","@id":"https:\/\/wein-werte.com\/de\/#\/schema\/logo\/image\/","url":"https:\/\/wein-werte.com\/wp-content\/uploads\/2023\/07\/Wein_werte_Logo700-1.png","contentUrl":"https:\/\/wein-werte.com\/wp-content\/uploads\/2023\/07\/Wein_werte_Logo700-1.png","width":700,"height":272,"caption":"Vins Fins Thorrold"},"image":{"@id":"https:\/\/wein-werte.com\/de\/#\/schema\/logo\/image\/"}}]}},"_links":{"self":[{"href":"https:\/\/wein-werte.com\/de\/wp-json\/wp\/v2\/product\/1130065","targetHints":{"allow":["GET"]}}],"collection":[{"href":"https:\/\/wein-werte.com\/de\/wp-json\/wp\/v2\/product"}],"about":[{"href":"https:\/\/wein-werte.com\/de\/wp-json\/wp\/v2\/types\/product"}],"wp:featuredmedia":[{"embeddable":true,"href":"https:\/\/wein-werte.com\/de\/wp-json\/wp\/v2\/media\/1141310"}],"wp:attachment":[{"href":"https:\/\/wein-werte.com\/de\/wp-json\/wp\/v2\/media?parent=1130065"}],"wp:term":[{"taxonomy":"product_brand","embeddable":true,"href":"https:\/\/wein-werte.com\/de\/wp-json\/wp\/v2\/product_brand?post=1130065"},{"taxonomy":"product_cat","embeddable":true,"href":"https:\/\/wein-werte.com\/de\/wp-json\/wp\/v2\/product_cat?post=1130065"},{"taxonomy":"product_tag","embeddable":true,"href":"https:\/\/wein-werte.com\/de\/wp-json\/wp\/v2\/product_tag?post=1130065"}],"curies":[{"name":"wp","href":"https:\/\/api.w.org\/{rel}","templated":true}]}}