{"id":1130047,"date":"2026-05-08T20:01:27","date_gmt":"2026-05-08T18:01:27","guid":{"rendered":"https:\/\/wein-werte.com\/product\/sottimano-basarin-barbaresco-2021-750ml\/"},"modified":"2026-04-27T11:45:16","modified_gmt":"2026-04-27T09:45:16","slug":"sottimano-basarin-barbaresco-2021-750ml","status":"publish","type":"product","link":"https:\/\/wein-werte.com\/de\/produkt\/sottimano-basarin-barbaresco-2021-750ml\/","title":{"rendered":"Sottimano | Piemont | Basarin, Barbaresco DOCG | 2021 | 750ml"},"content":{"rendered":"<p>Produktbeschreibung f\u00fcr Sottimano Basarin, Barbaresco DOCG 2021  <\/p>\n<h5>Bo<\/h5>\n<h5>r<\/h5>\n<h5>dth\u00e4user<\/h5>\n<p> Kraft meets Finesse oder auch Bruce Lee statt Schwarzenegger. Die extraktreiche Frucht baut am Gaumen immensen Druck auf und schwebt wie auf einem fliegenden Teppich aus kraftvollen und engmaschig gewobenen Gerbstoffen, beschleunigt vom vibrierenden S\u00e4urenerv. Fleischig und fest ist er unterf\u00fcttert von der strahlend klaren Frucht und k\u00fchler Mineralik, die ihm Vibration und Spannung verleiht. Offenherzig und freudvoll mit rasantem Trinkfluss und fruchtig-\u00e4therischem Finish. <\/p>\n<h5>Info<\/h5>\n<p> Christoph Raffelt\u00a0vom 14.02.2023 Der Nebbiolo stammt aus der Lage Basarin in Neive. Die drei Hektar des Weinbergs hat Sottimano erst 2014 erworben. Die Reben in der Parzelle sind rund 50 Jahre alt. Der durchschnittliche Ertrag liegt bei 40 hl\/ha. Die Lage wurde von Sottimano direkt auf biologischen bzw. biodynamischen Anbau umgestellt. Die Frucht wurde entrappt und bis zu 60 Tagen vergoren bzw. auf der Maische belassen, wobei der Tresterhut w\u00e4hrend der G\u00e4rung in offenen Edelstahlg\u00e4rst\u00e4ndern regelm\u00e4\u00dfig untergesto\u00dfen wurde. Ausgebaut wird der Wein seit 2020 in gro\u00dfen, leicht konisch zulaufenden Botti. Die Reifezeit im Fass betrug rund 24 Monate. <\/p>\n<h5>Farbe<\/h5>\n<p> Brillantes Kirschtot mit gleichm\u00e4\u00dfiger F\u00e4rbung <\/p>\n<h5>Nase<\/h5>\n<p> Sauerkirsche, Cassis, Holunderbeere und Himbeere pr\u00e4gen ihn anf\u00e4nglich. Es ist aber auch von Anfang an klar, dass die Frucht nur ein Vehikel ist. Seine tiefgr\u00fcndige W\u00fcrze, seine erdige Art, die Herkunft zeigt und seine subtile Komplexit\u00e4t sind die wahren Faktoren. Wacholder, schwarzer Pfeffer, Piment und Kubeben-Pfeffer sind dabei pr\u00e4gend. Hagebutten-Tee sowie Cranberry und ged\u00f6rrte Feige verleihen ihm viel Tiefe. Feine R\u00f6staromen, kalter Rauch und Waldboden sorgen f\u00fcr Akzente. Getrocknete Kr\u00e4uter aus dem Gew\u00fcrzschrank wie Majoran, Estragon und Bohnenkraut wollen hier auch noch mitspielen. <\/p>\n<h5>Gaumen<\/h5>\n<p> Basarin ist f\u00fcr mich immer der subtilste der Weine von Andrea Sottimano. Nicht sticht laut hervor, nichts dr\u00e4nt sich auf. Seien gro\u00dfe Balance ist seine St\u00e4rke. Das Gef\u00fcge aus Tannin, Frucht, S\u00e4ure, Bitterstoffen und Mineralit\u00e4t scheint perfekt. Die feien Fruchtaromatik agiert herrlich mit den Bittestoffen. Sein Tannin bietet ihm Stabilit\u00e4t und r\u00fcstet ihn f\u00fcr die Zukunft. Er wirkt saftig und enorm animierend. Die markante und doch perfekt integrierte S\u00e4ure f\u00f6rdert den Trinkfluss und regt den Speichelfluss an. Gro\u00dfe Eleganz umgibt ihn und diese Vielfalt an Eindr\u00fccken m\u00fcndet in einem seidigen Mundgef\u00fchl. Wacholder, Piment sowie die getrockneten Kr\u00e4uter dominieren den Nachhall sp\u00fcrbar.<\/p>\n<p>Copyright Vinaturel 2025<\/p>\n<p>Keywords: <a href=\"https:\/\/wein-werte.com\/de\/shop\/?swoof=1&#038;pa_producer=Sottimano\">Sottimano<\/a> <a href=\"https:\/\/wein-werte.com\/de\/shop\/?swoof=1&#038;woof_text=Basarin, Barbaresco DOCG\">Basarin, Barbaresco DOCG<\/a> 2021  <a href=\"https:\/\/wein-werte.com\/de\/shop\/?swoof=1&#038;pa_region=Piemont\">Piemont<\/a> <a href=\"https:\/\/wein-werte.com\/de\/shop\/?swoof=1&#038;pa_country=Italien\">Italien<\/a><\/p>\n<p>Internetseite des Weinguts: <a href=\"http:\/\/www.sottimano.it\/\" target=\"_blank\">http:\/\/www.sottimano.it\/<\/a><\/p>\n","protected":false},"excerpt":{"rendered":"<p>Lieferzeit: 1 bis 2 Arbeitstage (DE), 2 bis 5 Arbeitstage (EU and CH)<\/p>\n","protected":false},"featured_media":1141296,"template":"","meta":[],"product_brand":[],"product_cat":[19],"product_tag":[],"class_list":{"0":"post-1130047","1":"product","2":"type-product","3":"status-publish","4":"has-post-thumbnail","6":"product_cat-unkategorisiert","7":"pa_alcohol-for-filter-14-5","8":"pa_certified-biodynamic-nein-de","9":"pa_certified-organic-nein-de","10":"pa_colour-rot","11":"pa_country-italien","12":"pa_grape-nebbiolo","13":"pa_price-for-filter-10641","14":"pa_producer-sottimano","15":"pa_region-piemont","16":"pa_size-ml-6584","17":"pa_sweetness-trocken-de","18":"pa_type-2-still-de","19":"pa_vintage-2021-de","20":"entry","21":"has-media","23":"first","24":"instock","25":"taxable","26":"shipping-taxable","27":"purchasable","28":"product-type-simple"},"yoast_head":"<!-- This site is optimized with the Yoast SEO plugin v27.5 - https:\/\/yoast.com\/product\/yoast-seo-wordpress\/ -->\n<title>Sottimano Basarin Barbaresco 2021<\/title>\n<meta name=\"description\" content=\"Kaufe Sottimano Basarin Barbaresco 2021 (Nebbiolo, trocken aus Piemont, Italien) bei Wein Werte, Ihrem nachhaltigen Onlineshop.\" \/>\n<meta name=\"robots\" content=\"index, follow, max-snippet:-1, max-image-preview:large, max-video-preview:-1\" \/>\n<link rel=\"canonical\" href=\"https:\/\/wein-werte.com\/de\/produkt\/sottimano-basarin-barbaresco-2021-750ml\/\" \/>\n<meta property=\"og:locale\" content=\"de_DE\" \/>\n<meta property=\"og:type\" content=\"article\" \/>\n<meta property=\"og:title\" content=\"Sottimano Basarin Barbaresco 2021\" \/>\n<meta property=\"og:description\" content=\"Kaufe Sottimano Basarin Barbaresco 2021 (Nebbiolo, trocken aus Piemont, Italien) bei Wein Werte, Ihrem nachhaltigen Onlineshop.\" \/>\n<meta property=\"og:url\" content=\"https:\/\/wein-werte.com\/de\/produkt\/sottimano-basarin-barbaresco-2021-750ml\/\" \/>\n<meta property=\"og:site_name\" content=\"Wein Werte\" \/>\n<meta property=\"og:image\" content=\"https:\/\/wein-werte.com\/wp-content\/uploads\/2026\/04\/Sottimano-Basarin-Barbaresco-2021-750ml.png\" \/>\n\t<meta property=\"og:image:width\" content=\"314\" \/>\n\t<meta property=\"og:image:height\" content=\"1200\" \/>\n\t<meta property=\"og:image:type\" content=\"image\/png\" \/>\n<meta name=\"twitter:card\" content=\"summary_large_image\" \/>\n<meta name=\"twitter:label1\" content=\"Gesch\u00e4tzte Lesezeit\" \/>\n\t<meta name=\"twitter:data1\" content=\"2\u00a0Minuten\" \/>\n<script type=\"application\/ld+json\" class=\"yoast-schema-graph\">{\"@context\":\"https:\\\/\\\/schema.org\",\"@graph\":[{\"@type\":\"WebPage\",\"@id\":\"https:\\\/\\\/wein-werte.com\\\/de\\\/produkt\\\/sottimano-basarin-barbaresco-2021-750ml\\\/\",\"url\":\"https:\\\/\\\/wein-werte.com\\\/de\\\/produkt\\\/sottimano-basarin-barbaresco-2021-750ml\\\/\",\"name\":\"Sottimano Basarin Barbaresco 2021\",\"isPartOf\":{\"@id\":\"https:\\\/\\\/wein-werte.com\\\/de\\\/#website\"},\"primaryImageOfPage\":{\"@id\":\"https:\\\/\\\/wein-werte.com\\\/de\\\/produkt\\\/sottimano-basarin-barbaresco-2021-750ml\\\/#primaryimage\"},\"image\":{\"@id\":\"https:\\\/\\\/wein-werte.com\\\/de\\\/produkt\\\/sottimano-basarin-barbaresco-2021-750ml\\\/#primaryimage\"},\"thumbnailUrl\":\"https:\\\/\\\/wein-werte.com\\\/wp-content\\\/uploads\\\/2026\\\/04\\\/Sottimano-Basarin-Barbaresco-2021-750ml.png\",\"datePublished\":\"2026-05-08T18:01:27+00:00\",\"description\":\"Kaufe Sottimano Basarin Barbaresco 2021 (Nebbiolo, trocken aus Piemont, Italien) bei Wein Werte, Ihrem nachhaltigen Onlineshop.\",\"breadcrumb\":{\"@id\":\"https:\\\/\\\/wein-werte.com\\\/de\\\/produkt\\\/sottimano-basarin-barbaresco-2021-750ml\\\/#breadcrumb\"},\"inLanguage\":\"de\",\"potentialAction\":[{\"@type\":\"ReadAction\",\"target\":[\"https:\\\/\\\/wein-werte.com\\\/de\\\/produkt\\\/sottimano-basarin-barbaresco-2021-750ml\\\/\"]}]},{\"@type\":\"ImageObject\",\"inLanguage\":\"de\",\"@id\":\"https:\\\/\\\/wein-werte.com\\\/de\\\/produkt\\\/sottimano-basarin-barbaresco-2021-750ml\\\/#primaryimage\",\"url\":\"https:\\\/\\\/wein-werte.com\\\/wp-content\\\/uploads\\\/2026\\\/04\\\/Sottimano-Basarin-Barbaresco-2021-750ml.png\",\"contentUrl\":\"https:\\\/\\\/wein-werte.com\\\/wp-content\\\/uploads\\\/2026\\\/04\\\/Sottimano-Basarin-Barbaresco-2021-750ml.png\",\"width\":314,\"height\":1200,\"caption\":\"Sottimano Basarin, Barbaresco DOCG 2021 750ml\"},{\"@type\":\"BreadcrumbList\",\"@id\":\"https:\\\/\\\/wein-werte.com\\\/de\\\/produkt\\\/sottimano-basarin-barbaresco-2021-750ml\\\/#breadcrumb\",\"itemListElement\":[{\"@type\":\"ListItem\",\"position\":1,\"name\":\"Home\",\"item\":\"https:\\\/\\\/wein-werte.com\\\/de\\\/\"},{\"@type\":\"ListItem\",\"position\":2,\"name\":\"Shop\",\"item\":\"https:\\\/\\\/wein-werte.com\\\/de\\\/shop\\\/\"},{\"@type\":\"ListItem\",\"position\":3,\"name\":\"Sottimano | Piemont | Basarin, Barbaresco DOCG | 2021 | 750ml\"}]},{\"@type\":\"WebSite\",\"@id\":\"https:\\\/\\\/wein-werte.com\\\/de\\\/#website\",\"url\":\"https:\\\/\\\/wein-werte.com\\\/de\\\/\",\"name\":\"Wein Werte\",\"description\":\"\",\"publisher\":{\"@id\":\"https:\\\/\\\/wein-werte.com\\\/de\\\/#organization\"},\"potentialAction\":[{\"@type\":\"SearchAction\",\"target\":{\"@type\":\"EntryPoint\",\"urlTemplate\":\"https:\\\/\\\/wein-werte.com\\\/de\\\/?s={search_term_string}\"},\"query-input\":{\"@type\":\"PropertyValueSpecification\",\"valueRequired\":true,\"valueName\":\"search_term_string\"}}],\"inLanguage\":\"de\"},{\"@type\":\"Organization\",\"@id\":\"https:\\\/\\\/wein-werte.com\\\/de\\\/#organization\",\"name\":\"Vins Fins Thorrold\",\"url\":\"https:\\\/\\\/wein-werte.com\\\/de\\\/\",\"logo\":{\"@type\":\"ImageObject\",\"inLanguage\":\"de\",\"@id\":\"https:\\\/\\\/wein-werte.com\\\/de\\\/#\\\/schema\\\/logo\\\/image\\\/\",\"url\":\"https:\\\/\\\/wein-werte.com\\\/wp-content\\\/uploads\\\/2023\\\/07\\\/Wein_werte_Logo700-1.png\",\"contentUrl\":\"https:\\\/\\\/wein-werte.com\\\/wp-content\\\/uploads\\\/2023\\\/07\\\/Wein_werte_Logo700-1.png\",\"width\":700,\"height\":272,\"caption\":\"Vins Fins Thorrold\"},\"image\":{\"@id\":\"https:\\\/\\\/wein-werte.com\\\/de\\\/#\\\/schema\\\/logo\\\/image\\\/\"}}]}<\/script>\n<!-- \/ Yoast SEO plugin. -->","yoast_head_json":{"title":"Sottimano Basarin Barbaresco 2021","description":"Kaufe Sottimano Basarin Barbaresco 2021 (Nebbiolo, trocken aus Piemont, Italien) bei Wein Werte, Ihrem nachhaltigen Onlineshop.","robots":{"index":"index","follow":"follow","max-snippet":"max-snippet:-1","max-image-preview":"max-image-preview:large","max-video-preview":"max-video-preview:-1"},"canonical":"https:\/\/wein-werte.com\/de\/produkt\/sottimano-basarin-barbaresco-2021-750ml\/","og_locale":"de_DE","og_type":"article","og_title":"Sottimano Basarin Barbaresco 2021","og_description":"Kaufe Sottimano Basarin Barbaresco 2021 (Nebbiolo, trocken aus Piemont, Italien) bei Wein Werte, Ihrem nachhaltigen Onlineshop.","og_url":"https:\/\/wein-werte.com\/de\/produkt\/sottimano-basarin-barbaresco-2021-750ml\/","og_site_name":"Wein Werte","og_image":[{"width":314,"height":1200,"url":"https:\/\/wein-werte.com\/wp-content\/uploads\/2026\/04\/Sottimano-Basarin-Barbaresco-2021-750ml.png","type":"image\/png"}],"twitter_card":"summary_large_image","twitter_misc":{"Gesch\u00e4tzte Lesezeit":"2\u00a0Minuten"},"schema":{"@context":"https:\/\/schema.org","@graph":[{"@type":"WebPage","@id":"https:\/\/wein-werte.com\/de\/produkt\/sottimano-basarin-barbaresco-2021-750ml\/","url":"https:\/\/wein-werte.com\/de\/produkt\/sottimano-basarin-barbaresco-2021-750ml\/","name":"Sottimano Basarin Barbaresco 2021","isPartOf":{"@id":"https:\/\/wein-werte.com\/de\/#website"},"primaryImageOfPage":{"@id":"https:\/\/wein-werte.com\/de\/produkt\/sottimano-basarin-barbaresco-2021-750ml\/#primaryimage"},"image":{"@id":"https:\/\/wein-werte.com\/de\/produkt\/sottimano-basarin-barbaresco-2021-750ml\/#primaryimage"},"thumbnailUrl":"https:\/\/wein-werte.com\/wp-content\/uploads\/2026\/04\/Sottimano-Basarin-Barbaresco-2021-750ml.png","datePublished":"2026-05-08T18:01:27+00:00","description":"Kaufe Sottimano Basarin Barbaresco 2021 (Nebbiolo, trocken aus Piemont, Italien) bei Wein Werte, Ihrem nachhaltigen Onlineshop.","breadcrumb":{"@id":"https:\/\/wein-werte.com\/de\/produkt\/sottimano-basarin-barbaresco-2021-750ml\/#breadcrumb"},"inLanguage":"de","potentialAction":[{"@type":"ReadAction","target":["https:\/\/wein-werte.com\/de\/produkt\/sottimano-basarin-barbaresco-2021-750ml\/"]}]},{"@type":"ImageObject","inLanguage":"de","@id":"https:\/\/wein-werte.com\/de\/produkt\/sottimano-basarin-barbaresco-2021-750ml\/#primaryimage","url":"https:\/\/wein-werte.com\/wp-content\/uploads\/2026\/04\/Sottimano-Basarin-Barbaresco-2021-750ml.png","contentUrl":"https:\/\/wein-werte.com\/wp-content\/uploads\/2026\/04\/Sottimano-Basarin-Barbaresco-2021-750ml.png","width":314,"height":1200,"caption":"Sottimano Basarin, Barbaresco DOCG 2021 750ml"},{"@type":"BreadcrumbList","@id":"https:\/\/wein-werte.com\/de\/produkt\/sottimano-basarin-barbaresco-2021-750ml\/#breadcrumb","itemListElement":[{"@type":"ListItem","position":1,"name":"Home","item":"https:\/\/wein-werte.com\/de\/"},{"@type":"ListItem","position":2,"name":"Shop","item":"https:\/\/wein-werte.com\/de\/shop\/"},{"@type":"ListItem","position":3,"name":"Sottimano | Piemont | Basarin, Barbaresco DOCG | 2021 | 750ml"}]},{"@type":"WebSite","@id":"https:\/\/wein-werte.com\/de\/#website","url":"https:\/\/wein-werte.com\/de\/","name":"Wein Werte","description":"","publisher":{"@id":"https:\/\/wein-werte.com\/de\/#organization"},"potentialAction":[{"@type":"SearchAction","target":{"@type":"EntryPoint","urlTemplate":"https:\/\/wein-werte.com\/de\/?s={search_term_string}"},"query-input":{"@type":"PropertyValueSpecification","valueRequired":true,"valueName":"search_term_string"}}],"inLanguage":"de"},{"@type":"Organization","@id":"https:\/\/wein-werte.com\/de\/#organization","name":"Vins Fins Thorrold","url":"https:\/\/wein-werte.com\/de\/","logo":{"@type":"ImageObject","inLanguage":"de","@id":"https:\/\/wein-werte.com\/de\/#\/schema\/logo\/image\/","url":"https:\/\/wein-werte.com\/wp-content\/uploads\/2023\/07\/Wein_werte_Logo700-1.png","contentUrl":"https:\/\/wein-werte.com\/wp-content\/uploads\/2023\/07\/Wein_werte_Logo700-1.png","width":700,"height":272,"caption":"Vins Fins Thorrold"},"image":{"@id":"https:\/\/wein-werte.com\/de\/#\/schema\/logo\/image\/"}}]}},"_links":{"self":[{"href":"https:\/\/wein-werte.com\/de\/wp-json\/wp\/v2\/product\/1130047","targetHints":{"allow":["GET"]}}],"collection":[{"href":"https:\/\/wein-werte.com\/de\/wp-json\/wp\/v2\/product"}],"about":[{"href":"https:\/\/wein-werte.com\/de\/wp-json\/wp\/v2\/types\/product"}],"wp:featuredmedia":[{"embeddable":true,"href":"https:\/\/wein-werte.com\/de\/wp-json\/wp\/v2\/media\/1141296"}],"wp:attachment":[{"href":"https:\/\/wein-werte.com\/de\/wp-json\/wp\/v2\/media?parent=1130047"}],"wp:term":[{"taxonomy":"product_brand","embeddable":true,"href":"https:\/\/wein-werte.com\/de\/wp-json\/wp\/v2\/product_brand?post=1130047"},{"taxonomy":"product_cat","embeddable":true,"href":"https:\/\/wein-werte.com\/de\/wp-json\/wp\/v2\/product_cat?post=1130047"},{"taxonomy":"product_tag","embeddable":true,"href":"https:\/\/wein-werte.com\/de\/wp-json\/wp\/v2\/product_tag?post=1130047"}],"curies":[{"name":"wp","href":"https:\/\/api.w.org\/{rel}","templated":true}]}}