{"id":1130038,"date":"2026-05-08T20:01:26","date_gmt":"2026-05-08T18:01:26","guid":{"rendered":"https:\/\/wein-werte.com\/product\/sottimano-cotta-barbaresco-2021-750ml\/"},"modified":"2026-04-27T11:45:16","modified_gmt":"2026-04-27T09:45:16","slug":"sottimano-cotta-barbaresco-2021-750ml","status":"publish","type":"product","link":"https:\/\/wein-werte.com\/de\/produkt\/sottimano-cotta-barbaresco-2021-750ml\/","title":{"rendered":"Sottimano | Piemont | Cott\u00e1, Barbaresco DOCG | 2021 | 750ml"},"content":{"rendered":"<p>Produktbeschreibung f\u00fcr Sottimano Cott\u00e1, Barbaresco DOCG 2021 <\/p>\n<p> Sebastian Bordth\u00e4user:  Am Gaumen oszilliert der Cott\u00e1 zwischen einladender Gastfreundlichkeit und jugendlichem Starrsinn, der sich jedoch schnell als Attit\u00fcde entpuppt. Die straffen, fast kaubaren Tannine sorgen f\u00fcr den Sottimano typischen Biss und kleiden den jugendlich leuchtenden S\u00e4urenerv in purpurnes Ornat. Das Gesamtkonzept verbindet vertikalen Trinkzug mit einem gastronomisch attraktivem Trinkfenster. <\/p>\n<h5>Info<\/h5>\n<p> Christoph Raffelt\u00a0vom 14.02.2023: Der Nebbiolo stammt aus der Lage Cott\u00e1 in Neive. Der durchschnittliche Ertrag liegt bei 15 hl\/ha. Die Lage wird von Sottimano seit den 1970ern biologisch bewirtschaftet. Die Frucht wurde entrappt und bis zu 60 Tagen vergoren bzw. auf der Maische belassen, wobei der Tresterhut w\u00e4hrend der G\u00e4rung in offenen Edelstahlg\u00e4rst\u00e4ndern regelm\u00e4\u00dfig untergesto\u00dfen wurde. Ausgebaut wird der Wein seit 2020 in gro\u00dfen, leicht konisch zulaufenden Botti. Die Reifezeit im Fass betrug rund 24 Monate. <\/p>\n<h5>Farbe<\/h5>\n<p> Leuchtendes Kirschrot mit hellen Reflexen und Hang zu rostfarbenen Akzenten <\/p>\n<h5>Nase<\/h5>\n<p> Auf markante und w\u00fcrzige Seite startet der 2021 Barbaresco Cotta. Auf der einen Seite stehen Hagebutte, Walderdbeere, Himbeere sowie etwas Sauerkirsche. Dieser roten, fruchtigen Seite w\u00fcrde ich auch Berberitze und Rooibos-Tee sowie Cranberry zuordnen. Roter Pfeffer unterst\u00fctzt diese Facette des Weines noch zus\u00e4tzlich. Dem gegen\u00fcber stehen auf der anderen Seite erdig und markante Aromen. Zu entdecken sind Unterholz, etwas Waldboden sowie reichlich etherische Tannennadeln. Zedernholz, Zigarrenkiste sowie helle Tabakbl\u00e4tter sorgen f\u00fcr reichlich balsamische Momente. Schwarzer Pfeffer und Wacholder vereinen die W\u00fcrze mit Frische. Ebenso wichtig sind noch die mediterranen Aspekte des Weines, die sich am besten mit Rosmarin und Thymian beschreiben lassen. Frisch gehackte Haseln\u00fcsse kommen mit Sauerstoff zu einer Omnipr\u00e4senz im Glas. Zudem entwickelt er mit der Zeit einer sehr Dominate, kalkige Aromatik, die sehr vielversprechend ist. <\/p>\n<h5>Gaumen<\/h5>\n<p> Mit dem ersten kombiniert er direkt auf hohem Niveau Eleganz mit Tannin und Mineralik. Seine Frucht wirkt warm und samtig. Diese kommt noch v\u00f6llig ohne Ecken und Kanten aus. Hagebutte, Rooibos und Walderdbeere sind dabei die pr\u00e4senteren Vertreter. Das Tannin kommt dann zum Durchbruch und kleidet den Mundraub sehr subtil aus. Seine nussige Aromatik und die angenehmen Bitterstoffe haften sich daran an. Alles wohl dosiert und in einer Symbiose zueinander. Gerade Haselnuss und Walnuss sind dabei sehr sch\u00f6n zu erkennen. Immer wieder wirkt er k\u00fchlend und die mineralischen Charakterz\u00fcge kommen voll durch. Seine w\u00fcrzigen Seiten zeigt er wieder voll und ganz im Nachhall.<\/p>\n<p>Copyright Vinaturel 2025<\/p>\n<p>Keywords: <a href=\"https:\/\/wein-werte.com\/de\/shop\/?swoof=1&#038;pa_producer=Sottimano\">Sottimano<\/a> <a href=\"https:\/\/wein-werte.com\/de\/shop\/?swoof=1&#038;woof_text=Cott\u00e1, Barbaresco DOCG\">Cott\u00e1, Barbaresco DOCG<\/a> 2021  <a href=\"https:\/\/wein-werte.com\/de\/shop\/?swoof=1&#038;pa_region=Piemont\">Piemont<\/a> <a href=\"https:\/\/wein-werte.com\/de\/shop\/?swoof=1&#038;pa_country=Italien\">Italien<\/a><\/p>\n<p>Internetseite des Weinguts: <a href=\"http:\/\/www.sottimano.it\/\" target=\"_blank\">http:\/\/www.sottimano.it\/<\/a><\/p>\n","protected":false},"excerpt":{"rendered":"<p>Lieferzeit: 1 bis 2 Arbeitstage (DE), 2 bis 5 Arbeitstage (EU and CH)<\/p>\n","protected":false},"featured_media":1141290,"template":"","meta":[],"product_brand":[],"product_cat":[19],"product_tag":[],"class_list":{"0":"post-1130038","1":"product","2":"type-product","3":"status-publish","4":"has-post-thumbnail","6":"product_cat-unkategorisiert","7":"pa_alcohol-for-filter-12892","8":"pa_certified-biodynamic-nein-de","9":"pa_certified-organic-nein-de","10":"pa_colour-rot","11":"pa_country-italien","12":"pa_grape-nebbiolo","13":"pa_price-for-filter-10641","14":"pa_producer-sottimano","15":"pa_region-piemont","16":"pa_size-ml-6584","17":"pa_sweetness-trocken-de","18":"pa_type-2-still-de","19":"pa_vintage-2021-de","20":"entry","21":"has-media","23":"first","24":"instock","25":"taxable","26":"shipping-taxable","27":"purchasable","28":"product-type-simple"},"yoast_head":"<!-- This site is optimized with the Yoast SEO plugin v27.5 - https:\/\/yoast.com\/product\/yoast-seo-wordpress\/ -->\n<title>Sottimano Cott\u00e1 Barbaresco 2021<\/title>\n<meta name=\"description\" content=\"Kaufe Sottimano Cott\u00e1 Barbaresco 2021 (Nebbiolo, trocken aus Piemont, Italien) bei Wein Werte, Ihrem nachhaltigen Onlineshop.\" \/>\n<meta name=\"robots\" content=\"index, follow, max-snippet:-1, max-image-preview:large, max-video-preview:-1\" \/>\n<link rel=\"canonical\" href=\"https:\/\/wein-werte.com\/de\/produkt\/sottimano-cotta-barbaresco-2021-750ml\/\" \/>\n<meta property=\"og:locale\" content=\"de_DE\" \/>\n<meta property=\"og:type\" content=\"article\" \/>\n<meta property=\"og:title\" content=\"Sottimano Cott\u00e1 Barbaresco 2021\" \/>\n<meta property=\"og:description\" content=\"Kaufe Sottimano Cott\u00e1 Barbaresco 2021 (Nebbiolo, trocken aus Piemont, Italien) bei Wein Werte, Ihrem nachhaltigen Onlineshop.\" \/>\n<meta property=\"og:url\" content=\"https:\/\/wein-werte.com\/de\/produkt\/sottimano-cotta-barbaresco-2021-750ml\/\" \/>\n<meta property=\"og:site_name\" content=\"Wein Werte\" \/>\n<meta property=\"og:image\" content=\"https:\/\/wein-werte.com\/wp-content\/uploads\/2026\/04\/Sottimano-Cotta-Barbaresco-2021-750ml.png\" \/>\n\t<meta property=\"og:image:width\" content=\"313\" \/>\n\t<meta property=\"og:image:height\" content=\"1200\" \/>\n\t<meta property=\"og:image:type\" content=\"image\/png\" \/>\n<meta name=\"twitter:card\" content=\"summary_large_image\" \/>\n<meta name=\"twitter:label1\" content=\"Gesch\u00e4tzte Lesezeit\" \/>\n\t<meta name=\"twitter:data1\" content=\"2\u00a0Minuten\" \/>\n<script type=\"application\/ld+json\" class=\"yoast-schema-graph\">{\"@context\":\"https:\\\/\\\/schema.org\",\"@graph\":[{\"@type\":\"WebPage\",\"@id\":\"https:\\\/\\\/wein-werte.com\\\/de\\\/produkt\\\/sottimano-cotta-barbaresco-2021-750ml\\\/\",\"url\":\"https:\\\/\\\/wein-werte.com\\\/de\\\/produkt\\\/sottimano-cotta-barbaresco-2021-750ml\\\/\",\"name\":\"Sottimano Cott\u00e1 Barbaresco 2021\",\"isPartOf\":{\"@id\":\"https:\\\/\\\/wein-werte.com\\\/de\\\/#website\"},\"primaryImageOfPage\":{\"@id\":\"https:\\\/\\\/wein-werte.com\\\/de\\\/produkt\\\/sottimano-cotta-barbaresco-2021-750ml\\\/#primaryimage\"},\"image\":{\"@id\":\"https:\\\/\\\/wein-werte.com\\\/de\\\/produkt\\\/sottimano-cotta-barbaresco-2021-750ml\\\/#primaryimage\"},\"thumbnailUrl\":\"https:\\\/\\\/wein-werte.com\\\/wp-content\\\/uploads\\\/2026\\\/04\\\/Sottimano-Cotta-Barbaresco-2021-750ml.png\",\"datePublished\":\"2026-05-08T18:01:26+00:00\",\"description\":\"Kaufe Sottimano Cott\u00e1 Barbaresco 2021 (Nebbiolo, trocken aus Piemont, Italien) bei Wein Werte, Ihrem nachhaltigen Onlineshop.\",\"breadcrumb\":{\"@id\":\"https:\\\/\\\/wein-werte.com\\\/de\\\/produkt\\\/sottimano-cotta-barbaresco-2021-750ml\\\/#breadcrumb\"},\"inLanguage\":\"de\",\"potentialAction\":[{\"@type\":\"ReadAction\",\"target\":[\"https:\\\/\\\/wein-werte.com\\\/de\\\/produkt\\\/sottimano-cotta-barbaresco-2021-750ml\\\/\"]}]},{\"@type\":\"ImageObject\",\"inLanguage\":\"de\",\"@id\":\"https:\\\/\\\/wein-werte.com\\\/de\\\/produkt\\\/sottimano-cotta-barbaresco-2021-750ml\\\/#primaryimage\",\"url\":\"https:\\\/\\\/wein-werte.com\\\/wp-content\\\/uploads\\\/2026\\\/04\\\/Sottimano-Cotta-Barbaresco-2021-750ml.png\",\"contentUrl\":\"https:\\\/\\\/wein-werte.com\\\/wp-content\\\/uploads\\\/2026\\\/04\\\/Sottimano-Cotta-Barbaresco-2021-750ml.png\",\"width\":313,\"height\":1200,\"caption\":\"Sottimano Cott\u00e1, Barbaresco DOCG 2021 750ml\"},{\"@type\":\"BreadcrumbList\",\"@id\":\"https:\\\/\\\/wein-werte.com\\\/de\\\/produkt\\\/sottimano-cotta-barbaresco-2021-750ml\\\/#breadcrumb\",\"itemListElement\":[{\"@type\":\"ListItem\",\"position\":1,\"name\":\"Home\",\"item\":\"https:\\\/\\\/wein-werte.com\\\/de\\\/\"},{\"@type\":\"ListItem\",\"position\":2,\"name\":\"Shop\",\"item\":\"https:\\\/\\\/wein-werte.com\\\/de\\\/shop\\\/\"},{\"@type\":\"ListItem\",\"position\":3,\"name\":\"Sottimano | Piemont | Cott\u00e1, Barbaresco DOCG | 2021 | 750ml\"}]},{\"@type\":\"WebSite\",\"@id\":\"https:\\\/\\\/wein-werte.com\\\/de\\\/#website\",\"url\":\"https:\\\/\\\/wein-werte.com\\\/de\\\/\",\"name\":\"Wein Werte\",\"description\":\"\",\"publisher\":{\"@id\":\"https:\\\/\\\/wein-werte.com\\\/de\\\/#organization\"},\"potentialAction\":[{\"@type\":\"SearchAction\",\"target\":{\"@type\":\"EntryPoint\",\"urlTemplate\":\"https:\\\/\\\/wein-werte.com\\\/de\\\/?s={search_term_string}\"},\"query-input\":{\"@type\":\"PropertyValueSpecification\",\"valueRequired\":true,\"valueName\":\"search_term_string\"}}],\"inLanguage\":\"de\"},{\"@type\":\"Organization\",\"@id\":\"https:\\\/\\\/wein-werte.com\\\/de\\\/#organization\",\"name\":\"Vins Fins Thorrold\",\"url\":\"https:\\\/\\\/wein-werte.com\\\/de\\\/\",\"logo\":{\"@type\":\"ImageObject\",\"inLanguage\":\"de\",\"@id\":\"https:\\\/\\\/wein-werte.com\\\/de\\\/#\\\/schema\\\/logo\\\/image\\\/\",\"url\":\"https:\\\/\\\/wein-werte.com\\\/wp-content\\\/uploads\\\/2023\\\/07\\\/Wein_werte_Logo700-1.png\",\"contentUrl\":\"https:\\\/\\\/wein-werte.com\\\/wp-content\\\/uploads\\\/2023\\\/07\\\/Wein_werte_Logo700-1.png\",\"width\":700,\"height\":272,\"caption\":\"Vins Fins Thorrold\"},\"image\":{\"@id\":\"https:\\\/\\\/wein-werte.com\\\/de\\\/#\\\/schema\\\/logo\\\/image\\\/\"}}]}<\/script>\n<!-- \/ Yoast SEO plugin. -->","yoast_head_json":{"title":"Sottimano Cott\u00e1 Barbaresco 2021","description":"Kaufe Sottimano Cott\u00e1 Barbaresco 2021 (Nebbiolo, trocken aus Piemont, Italien) bei Wein Werte, Ihrem nachhaltigen Onlineshop.","robots":{"index":"index","follow":"follow","max-snippet":"max-snippet:-1","max-image-preview":"max-image-preview:large","max-video-preview":"max-video-preview:-1"},"canonical":"https:\/\/wein-werte.com\/de\/produkt\/sottimano-cotta-barbaresco-2021-750ml\/","og_locale":"de_DE","og_type":"article","og_title":"Sottimano Cott\u00e1 Barbaresco 2021","og_description":"Kaufe Sottimano Cott\u00e1 Barbaresco 2021 (Nebbiolo, trocken aus Piemont, Italien) bei Wein Werte, Ihrem nachhaltigen Onlineshop.","og_url":"https:\/\/wein-werte.com\/de\/produkt\/sottimano-cotta-barbaresco-2021-750ml\/","og_site_name":"Wein Werte","og_image":[{"width":313,"height":1200,"url":"https:\/\/wein-werte.com\/wp-content\/uploads\/2026\/04\/Sottimano-Cotta-Barbaresco-2021-750ml.png","type":"image\/png"}],"twitter_card":"summary_large_image","twitter_misc":{"Gesch\u00e4tzte Lesezeit":"2\u00a0Minuten"},"schema":{"@context":"https:\/\/schema.org","@graph":[{"@type":"WebPage","@id":"https:\/\/wein-werte.com\/de\/produkt\/sottimano-cotta-barbaresco-2021-750ml\/","url":"https:\/\/wein-werte.com\/de\/produkt\/sottimano-cotta-barbaresco-2021-750ml\/","name":"Sottimano Cott\u00e1 Barbaresco 2021","isPartOf":{"@id":"https:\/\/wein-werte.com\/de\/#website"},"primaryImageOfPage":{"@id":"https:\/\/wein-werte.com\/de\/produkt\/sottimano-cotta-barbaresco-2021-750ml\/#primaryimage"},"image":{"@id":"https:\/\/wein-werte.com\/de\/produkt\/sottimano-cotta-barbaresco-2021-750ml\/#primaryimage"},"thumbnailUrl":"https:\/\/wein-werte.com\/wp-content\/uploads\/2026\/04\/Sottimano-Cotta-Barbaresco-2021-750ml.png","datePublished":"2026-05-08T18:01:26+00:00","description":"Kaufe Sottimano Cott\u00e1 Barbaresco 2021 (Nebbiolo, trocken aus Piemont, Italien) bei Wein Werte, Ihrem nachhaltigen Onlineshop.","breadcrumb":{"@id":"https:\/\/wein-werte.com\/de\/produkt\/sottimano-cotta-barbaresco-2021-750ml\/#breadcrumb"},"inLanguage":"de","potentialAction":[{"@type":"ReadAction","target":["https:\/\/wein-werte.com\/de\/produkt\/sottimano-cotta-barbaresco-2021-750ml\/"]}]},{"@type":"ImageObject","inLanguage":"de","@id":"https:\/\/wein-werte.com\/de\/produkt\/sottimano-cotta-barbaresco-2021-750ml\/#primaryimage","url":"https:\/\/wein-werte.com\/wp-content\/uploads\/2026\/04\/Sottimano-Cotta-Barbaresco-2021-750ml.png","contentUrl":"https:\/\/wein-werte.com\/wp-content\/uploads\/2026\/04\/Sottimano-Cotta-Barbaresco-2021-750ml.png","width":313,"height":1200,"caption":"Sottimano Cott\u00e1, Barbaresco DOCG 2021 750ml"},{"@type":"BreadcrumbList","@id":"https:\/\/wein-werte.com\/de\/produkt\/sottimano-cotta-barbaresco-2021-750ml\/#breadcrumb","itemListElement":[{"@type":"ListItem","position":1,"name":"Home","item":"https:\/\/wein-werte.com\/de\/"},{"@type":"ListItem","position":2,"name":"Shop","item":"https:\/\/wein-werte.com\/de\/shop\/"},{"@type":"ListItem","position":3,"name":"Sottimano | Piemont | Cott\u00e1, Barbaresco DOCG | 2021 | 750ml"}]},{"@type":"WebSite","@id":"https:\/\/wein-werte.com\/de\/#website","url":"https:\/\/wein-werte.com\/de\/","name":"Wein Werte","description":"","publisher":{"@id":"https:\/\/wein-werte.com\/de\/#organization"},"potentialAction":[{"@type":"SearchAction","target":{"@type":"EntryPoint","urlTemplate":"https:\/\/wein-werte.com\/de\/?s={search_term_string}"},"query-input":{"@type":"PropertyValueSpecification","valueRequired":true,"valueName":"search_term_string"}}],"inLanguage":"de"},{"@type":"Organization","@id":"https:\/\/wein-werte.com\/de\/#organization","name":"Vins Fins Thorrold","url":"https:\/\/wein-werte.com\/de\/","logo":{"@type":"ImageObject","inLanguage":"de","@id":"https:\/\/wein-werte.com\/de\/#\/schema\/logo\/image\/","url":"https:\/\/wein-werte.com\/wp-content\/uploads\/2023\/07\/Wein_werte_Logo700-1.png","contentUrl":"https:\/\/wein-werte.com\/wp-content\/uploads\/2023\/07\/Wein_werte_Logo700-1.png","width":700,"height":272,"caption":"Vins Fins Thorrold"},"image":{"@id":"https:\/\/wein-werte.com\/de\/#\/schema\/logo\/image\/"}}]}},"_links":{"self":[{"href":"https:\/\/wein-werte.com\/de\/wp-json\/wp\/v2\/product\/1130038","targetHints":{"allow":["GET"]}}],"collection":[{"href":"https:\/\/wein-werte.com\/de\/wp-json\/wp\/v2\/product"}],"about":[{"href":"https:\/\/wein-werte.com\/de\/wp-json\/wp\/v2\/types\/product"}],"wp:featuredmedia":[{"embeddable":true,"href":"https:\/\/wein-werte.com\/de\/wp-json\/wp\/v2\/media\/1141290"}],"wp:attachment":[{"href":"https:\/\/wein-werte.com\/de\/wp-json\/wp\/v2\/media?parent=1130038"}],"wp:term":[{"taxonomy":"product_brand","embeddable":true,"href":"https:\/\/wein-werte.com\/de\/wp-json\/wp\/v2\/product_brand?post=1130038"},{"taxonomy":"product_cat","embeddable":true,"href":"https:\/\/wein-werte.com\/de\/wp-json\/wp\/v2\/product_cat?post=1130038"},{"taxonomy":"product_tag","embeddable":true,"href":"https:\/\/wein-werte.com\/de\/wp-json\/wp\/v2\/product_tag?post=1130038"}],"curies":[{"name":"wp","href":"https:\/\/api.w.org\/{rel}","templated":true}]}}