{"id":1130002,"date":"2026-05-12T15:45:09","date_gmt":"2026-05-12T13:45:09","guid":{"rendered":"https:\/\/wein-werte.com\/product\/sottimano-curra-barbaresco-2014-750ml\/"},"modified":"2026-05-12T19:55:44","modified_gmt":"2026-05-12T17:55:44","slug":"sottimano-curra-barbaresco-2014-750ml","status":"publish","type":"product","link":"https:\/\/wein-werte.com\/de\/produkt\/sottimano-curra-barbaresco-2014-750ml\/","title":{"rendered":"Sottimano | Piemont | Curr\u00e1, Barbaresco DOCG | 2014 | 750ml"},"content":{"rendered":"<p>Produktbeschreibung f\u00fcr Sottimano Curr\u00e1, Barbaresco DOCG 2014 <\/p>\n<p> Sebastian Bordth\u00e4user: Der 2014 Curr\u00e1 ist ein klassischer Barbaresco mit jugendlich herbemTannin und ausladender Frucht. Mit viel Saft und Schmelz besticht er im Antrunk und ist unterlegt mit Aromen nach Speck, Lorbeer und Wacholder. Seine transparente Frische und filigrane S\u00e4urestruktur akkreditieren ihn zum perfekten Barbaresco f\u00fcr den jetzigen Verzehr &#8211; oder f\u00fcr die Wartezeit, bis die 2016er reif sind. <\/p>\n<h5>Farbe<\/h5>\n<p> Rubinrot, transparent, leuchtend und klar. <\/p>\n<h5>Nase<\/h5>\n<p> Gewachsen auf kargen B\u00f6den aus reinem Kalkstein zeigt sich der 2014 Curr\u00e1 offenherzig und zug\u00e4nglich. \u00c4therisch Noten nach mediterranen Kr\u00e4utern wie Thymian und Rosmarin er\u00f6ffnen die Ouvert\u00fcre in der Nase, gefolgt von kleinen roten Kirschen, vollreifen Zwetschgen und floralen Aromen. Ein Crescendo aus wei\u00dfem Pfeffer und k\u00fchler Mineralik im Nachhall entlassen ihn ins fruchtige Finish. Applaus und ab. <\/p>\n<h5>Mund<\/h5>\n<p> Der 2014 Curr\u00e1 ist ein klassischer Barbaresco mit jugendlich herbemTannin und ausladender Frucht. Mit viel Saft und Schmelz besticht er im Antrunk und ist unterlegt mit Aromen nach Speck, Lorbeer und Wacholder. Seine transparente Frische und filigrane S\u00e4urestruktur akkreditieren ihn zum perfekten Barbaresco f\u00fcr den jetzigen Verzehr &#8211; oder f\u00fcr die Wartezeit, bis die 2016er reif sind.<\/p>\n<p>Copyright Vinaturel 2025<\/p>\n<p>Keywords: <a href=\"https:\/\/wein-werte.com\/de\/shop\/?swoof=1&#038;pa_producer=Sottimano\">Sottimano<\/a> <a href=\"https:\/\/wein-werte.com\/de\/shop\/?swoof=1&#038;woof_text=Curr\u00e1, Barbaresco DOCG\">Curr\u00e1, Barbaresco DOCG<\/a> 2014  <a href=\"https:\/\/wein-werte.com\/de\/shop\/?swoof=1&#038;pa_region=Piemont\">Piemont<\/a> <a href=\"https:\/\/wein-werte.com\/de\/shop\/?swoof=1&#038;pa_country=Italien\">Italien<\/a><\/p>\n<p>Internetseite des Weinguts: <a href=\"http:\/\/www.sottimano.it\/\" target=\"_blank\">http:\/\/www.sottimano.it\/<\/a><\/p>\n","protected":false},"excerpt":{"rendered":"<div style=\"font-size: 14px;\">\n<p>Lieferzeit: 1 bis 2 Arbeitstage (DE), 2 bis 5 Arbeitstage (EU und CH)<\/p>\n<p>Ungef\u00e4hrer Energiegehalt pro 125-ml-Glas: 110 kcal<\/p>\n<\/p><\/div>\n","protected":false},"featured_media":1141264,"template":"","meta":[],"product_brand":[],"product_cat":[19],"product_tag":[],"class_list":{"0":"post-1130002","1":"product","2":"type-product","3":"status-publish","4":"has-post-thumbnail","6":"product_cat-unkategorisiert","7":"pa_alcohol-for-filter-12892","8":"pa_certified-biodynamic-nein-de","9":"pa_certified-organic-nein-de","10":"pa_colour-rot","11":"pa_country-italien","12":"pa_grape-nebbiolo","13":"pa_price-for-filter-10668","14":"pa_producer-sottimano","15":"pa_region-piemont","16":"pa_size-ml-6584","17":"pa_sweetness-trocken-de","18":"pa_type-2-still-de","19":"pa_vintage-2014-de","20":"entry","21":"has-media","23":"first","24":"instock","25":"taxable","26":"shipping-taxable","27":"purchasable","28":"product-type-simple"},"yoast_head":"<!-- This site is optimized with the Yoast SEO plugin v27.6 - https:\/\/yoast.com\/product\/yoast-seo-wordpress\/ -->\n<title>Sottimano Curr\u00e1 Barbaresco 2014<\/title>\n<meta name=\"description\" content=\"Kaufe Sottimano Curr\u00e1 Barbaresco 2014 (Nebbiolo, trocken aus Piemont, Italien) bei Wein Werte, Ihrem nachhaltigen Onlineshop.\" \/>\n<meta name=\"robots\" content=\"index, follow, max-snippet:-1, max-image-preview:large, max-video-preview:-1\" \/>\n<link rel=\"canonical\" href=\"https:\/\/wein-werte.com\/de\/produkt\/sottimano-curra-barbaresco-2014-750ml\/\" \/>\n<meta property=\"og:locale\" content=\"de_DE\" \/>\n<meta property=\"og:type\" content=\"article\" \/>\n<meta property=\"og:title\" content=\"Sottimano Curr\u00e1 Barbaresco 2014\" \/>\n<meta property=\"og:description\" content=\"Kaufe Sottimano Curr\u00e1 Barbaresco 2014 (Nebbiolo, trocken aus Piemont, Italien) bei Wein Werte, Ihrem nachhaltigen Onlineshop.\" \/>\n<meta property=\"og:url\" content=\"https:\/\/wein-werte.com\/de\/produkt\/sottimano-curra-barbaresco-2014-750ml\/\" \/>\n<meta property=\"og:site_name\" content=\"Wein Werte\" \/>\n<meta property=\"article:modified_time\" content=\"2026-05-12T17:55:44+00:00\" \/>\n<meta property=\"og:image\" content=\"https:\/\/wein-werte.com\/wp-content\/uploads\/2026\/04\/Sottimano-Curra-Barbaresco-2014-750ml.png\" \/>\n\t<meta property=\"og:image:width\" content=\"312\" \/>\n\t<meta property=\"og:image:height\" content=\"1200\" \/>\n\t<meta property=\"og:image:type\" content=\"image\/png\" \/>\n<meta name=\"twitter:card\" content=\"summary_large_image\" \/>\n<meta name=\"twitter:label1\" content=\"Gesch\u00e4tzte Lesezeit\" \/>\n\t<meta name=\"twitter:data1\" content=\"1\u00a0Minute\" \/>\n<script type=\"application\/ld+json\" class=\"yoast-schema-graph\">{\"@context\":\"https:\\\/\\\/schema.org\",\"@graph\":[{\"@type\":\"WebPage\",\"@id\":\"https:\\\/\\\/wein-werte.com\\\/de\\\/produkt\\\/sottimano-curra-barbaresco-2014-750ml\\\/\",\"url\":\"https:\\\/\\\/wein-werte.com\\\/de\\\/produkt\\\/sottimano-curra-barbaresco-2014-750ml\\\/\",\"name\":\"Sottimano Curr\u00e1 Barbaresco 2014\",\"isPartOf\":{\"@id\":\"https:\\\/\\\/wein-werte.com\\\/de\\\/#website\"},\"primaryImageOfPage\":{\"@id\":\"https:\\\/\\\/wein-werte.com\\\/de\\\/produkt\\\/sottimano-curra-barbaresco-2014-750ml\\\/#primaryimage\"},\"image\":{\"@id\":\"https:\\\/\\\/wein-werte.com\\\/de\\\/produkt\\\/sottimano-curra-barbaresco-2014-750ml\\\/#primaryimage\"},\"thumbnailUrl\":\"https:\\\/\\\/wein-werte.com\\\/wp-content\\\/uploads\\\/2026\\\/04\\\/Sottimano-Curra-Barbaresco-2014-750ml.png\",\"datePublished\":\"2026-05-12T13:45:09+00:00\",\"dateModified\":\"2026-05-12T17:55:44+00:00\",\"description\":\"Kaufe Sottimano Curr\u00e1 Barbaresco 2014 (Nebbiolo, trocken aus Piemont, Italien) bei Wein Werte, Ihrem nachhaltigen Onlineshop.\",\"breadcrumb\":{\"@id\":\"https:\\\/\\\/wein-werte.com\\\/de\\\/produkt\\\/sottimano-curra-barbaresco-2014-750ml\\\/#breadcrumb\"},\"inLanguage\":\"de\",\"potentialAction\":[{\"@type\":\"ReadAction\",\"target\":[\"https:\\\/\\\/wein-werte.com\\\/de\\\/produkt\\\/sottimano-curra-barbaresco-2014-750ml\\\/\"]}]},{\"@type\":\"ImageObject\",\"inLanguage\":\"de\",\"@id\":\"https:\\\/\\\/wein-werte.com\\\/de\\\/produkt\\\/sottimano-curra-barbaresco-2014-750ml\\\/#primaryimage\",\"url\":\"https:\\\/\\\/wein-werte.com\\\/wp-content\\\/uploads\\\/2026\\\/04\\\/Sottimano-Curra-Barbaresco-2014-750ml.png\",\"contentUrl\":\"https:\\\/\\\/wein-werte.com\\\/wp-content\\\/uploads\\\/2026\\\/04\\\/Sottimano-Curra-Barbaresco-2014-750ml.png\",\"width\":312,\"height\":1200,\"caption\":\"Sottimano Curr\u00e1, Barbaresco DOCG 2014 750ml\"},{\"@type\":\"BreadcrumbList\",\"@id\":\"https:\\\/\\\/wein-werte.com\\\/de\\\/produkt\\\/sottimano-curra-barbaresco-2014-750ml\\\/#breadcrumb\",\"itemListElement\":[{\"@type\":\"ListItem\",\"position\":1,\"name\":\"Home\",\"item\":\"https:\\\/\\\/wein-werte.com\\\/de\\\/\"},{\"@type\":\"ListItem\",\"position\":2,\"name\":\"Shop\",\"item\":\"https:\\\/\\\/wein-werte.com\\\/de\\\/shop\\\/\"},{\"@type\":\"ListItem\",\"position\":3,\"name\":\"Sottimano | Piemont | Curr\u00e1, Barbaresco DOCG | 2014 | 750ml\"}]},{\"@type\":\"WebSite\",\"@id\":\"https:\\\/\\\/wein-werte.com\\\/de\\\/#website\",\"url\":\"https:\\\/\\\/wein-werte.com\\\/de\\\/\",\"name\":\"Wein Werte\",\"description\":\"\",\"publisher\":{\"@id\":\"https:\\\/\\\/wein-werte.com\\\/de\\\/#organization\"},\"potentialAction\":[{\"@type\":\"SearchAction\",\"target\":{\"@type\":\"EntryPoint\",\"urlTemplate\":\"https:\\\/\\\/wein-werte.com\\\/de\\\/?s={search_term_string}\"},\"query-input\":{\"@type\":\"PropertyValueSpecification\",\"valueRequired\":true,\"valueName\":\"search_term_string\"}}],\"inLanguage\":\"de\"},{\"@type\":\"Organization\",\"@id\":\"https:\\\/\\\/wein-werte.com\\\/de\\\/#organization\",\"name\":\"Vins Fins Thorrold\",\"url\":\"https:\\\/\\\/wein-werte.com\\\/de\\\/\",\"logo\":{\"@type\":\"ImageObject\",\"inLanguage\":\"de\",\"@id\":\"https:\\\/\\\/wein-werte.com\\\/de\\\/#\\\/schema\\\/logo\\\/image\\\/\",\"url\":\"https:\\\/\\\/wein-werte.com\\\/wp-content\\\/uploads\\\/2023\\\/07\\\/Wein_werte_Logo700-1.png\",\"contentUrl\":\"https:\\\/\\\/wein-werte.com\\\/wp-content\\\/uploads\\\/2023\\\/07\\\/Wein_werte_Logo700-1.png\",\"width\":700,\"height\":272,\"caption\":\"Vins Fins Thorrold\"},\"image\":{\"@id\":\"https:\\\/\\\/wein-werte.com\\\/de\\\/#\\\/schema\\\/logo\\\/image\\\/\"}}]}<\/script>\n<!-- \/ Yoast SEO plugin. -->","yoast_head_json":{"title":"Sottimano Curr\u00e1 Barbaresco 2014","description":"Kaufe Sottimano Curr\u00e1 Barbaresco 2014 (Nebbiolo, trocken aus Piemont, Italien) bei Wein Werte, Ihrem nachhaltigen Onlineshop.","robots":{"index":"index","follow":"follow","max-snippet":"max-snippet:-1","max-image-preview":"max-image-preview:large","max-video-preview":"max-video-preview:-1"},"canonical":"https:\/\/wein-werte.com\/de\/produkt\/sottimano-curra-barbaresco-2014-750ml\/","og_locale":"de_DE","og_type":"article","og_title":"Sottimano Curr\u00e1 Barbaresco 2014","og_description":"Kaufe Sottimano Curr\u00e1 Barbaresco 2014 (Nebbiolo, trocken aus Piemont, Italien) bei Wein Werte, Ihrem nachhaltigen Onlineshop.","og_url":"https:\/\/wein-werte.com\/de\/produkt\/sottimano-curra-barbaresco-2014-750ml\/","og_site_name":"Wein Werte","article_modified_time":"2026-05-12T17:55:44+00:00","og_image":[{"width":312,"height":1200,"url":"https:\/\/wein-werte.com\/wp-content\/uploads\/2026\/04\/Sottimano-Curra-Barbaresco-2014-750ml.png","type":"image\/png"}],"twitter_card":"summary_large_image","twitter_misc":{"Gesch\u00e4tzte Lesezeit":"1\u00a0Minute"},"schema":{"@context":"https:\/\/schema.org","@graph":[{"@type":"WebPage","@id":"https:\/\/wein-werte.com\/de\/produkt\/sottimano-curra-barbaresco-2014-750ml\/","url":"https:\/\/wein-werte.com\/de\/produkt\/sottimano-curra-barbaresco-2014-750ml\/","name":"Sottimano Curr\u00e1 Barbaresco 2014","isPartOf":{"@id":"https:\/\/wein-werte.com\/de\/#website"},"primaryImageOfPage":{"@id":"https:\/\/wein-werte.com\/de\/produkt\/sottimano-curra-barbaresco-2014-750ml\/#primaryimage"},"image":{"@id":"https:\/\/wein-werte.com\/de\/produkt\/sottimano-curra-barbaresco-2014-750ml\/#primaryimage"},"thumbnailUrl":"https:\/\/wein-werte.com\/wp-content\/uploads\/2026\/04\/Sottimano-Curra-Barbaresco-2014-750ml.png","datePublished":"2026-05-12T13:45:09+00:00","dateModified":"2026-05-12T17:55:44+00:00","description":"Kaufe Sottimano Curr\u00e1 Barbaresco 2014 (Nebbiolo, trocken aus Piemont, Italien) bei Wein Werte, Ihrem nachhaltigen Onlineshop.","breadcrumb":{"@id":"https:\/\/wein-werte.com\/de\/produkt\/sottimano-curra-barbaresco-2014-750ml\/#breadcrumb"},"inLanguage":"de","potentialAction":[{"@type":"ReadAction","target":["https:\/\/wein-werte.com\/de\/produkt\/sottimano-curra-barbaresco-2014-750ml\/"]}]},{"@type":"ImageObject","inLanguage":"de","@id":"https:\/\/wein-werte.com\/de\/produkt\/sottimano-curra-barbaresco-2014-750ml\/#primaryimage","url":"https:\/\/wein-werte.com\/wp-content\/uploads\/2026\/04\/Sottimano-Curra-Barbaresco-2014-750ml.png","contentUrl":"https:\/\/wein-werte.com\/wp-content\/uploads\/2026\/04\/Sottimano-Curra-Barbaresco-2014-750ml.png","width":312,"height":1200,"caption":"Sottimano Curr\u00e1, Barbaresco DOCG 2014 750ml"},{"@type":"BreadcrumbList","@id":"https:\/\/wein-werte.com\/de\/produkt\/sottimano-curra-barbaresco-2014-750ml\/#breadcrumb","itemListElement":[{"@type":"ListItem","position":1,"name":"Home","item":"https:\/\/wein-werte.com\/de\/"},{"@type":"ListItem","position":2,"name":"Shop","item":"https:\/\/wein-werte.com\/de\/shop\/"},{"@type":"ListItem","position":3,"name":"Sottimano | Piemont | Curr\u00e1, Barbaresco DOCG | 2014 | 750ml"}]},{"@type":"WebSite","@id":"https:\/\/wein-werte.com\/de\/#website","url":"https:\/\/wein-werte.com\/de\/","name":"Wein Werte","description":"","publisher":{"@id":"https:\/\/wein-werte.com\/de\/#organization"},"potentialAction":[{"@type":"SearchAction","target":{"@type":"EntryPoint","urlTemplate":"https:\/\/wein-werte.com\/de\/?s={search_term_string}"},"query-input":{"@type":"PropertyValueSpecification","valueRequired":true,"valueName":"search_term_string"}}],"inLanguage":"de"},{"@type":"Organization","@id":"https:\/\/wein-werte.com\/de\/#organization","name":"Vins Fins Thorrold","url":"https:\/\/wein-werte.com\/de\/","logo":{"@type":"ImageObject","inLanguage":"de","@id":"https:\/\/wein-werte.com\/de\/#\/schema\/logo\/image\/","url":"https:\/\/wein-werte.com\/wp-content\/uploads\/2023\/07\/Wein_werte_Logo700-1.png","contentUrl":"https:\/\/wein-werte.com\/wp-content\/uploads\/2023\/07\/Wein_werte_Logo700-1.png","width":700,"height":272,"caption":"Vins Fins Thorrold"},"image":{"@id":"https:\/\/wein-werte.com\/de\/#\/schema\/logo\/image\/"}}]}},"_links":{"self":[{"href":"https:\/\/wein-werte.com\/de\/wp-json\/wp\/v2\/product\/1130002","targetHints":{"allow":["GET"]}}],"collection":[{"href":"https:\/\/wein-werte.com\/de\/wp-json\/wp\/v2\/product"}],"about":[{"href":"https:\/\/wein-werte.com\/de\/wp-json\/wp\/v2\/types\/product"}],"wp:featuredmedia":[{"embeddable":true,"href":"https:\/\/wein-werte.com\/de\/wp-json\/wp\/v2\/media\/1141264"}],"wp:attachment":[{"href":"https:\/\/wein-werte.com\/de\/wp-json\/wp\/v2\/media?parent=1130002"}],"wp:term":[{"taxonomy":"product_brand","embeddable":true,"href":"https:\/\/wein-werte.com\/de\/wp-json\/wp\/v2\/product_brand?post=1130002"},{"taxonomy":"product_cat","embeddable":true,"href":"https:\/\/wein-werte.com\/de\/wp-json\/wp\/v2\/product_cat?post=1130002"},{"taxonomy":"product_tag","embeddable":true,"href":"https:\/\/wein-werte.com\/de\/wp-json\/wp\/v2\/product_tag?post=1130002"}],"curies":[{"name":"wp","href":"https:\/\/api.w.org\/{rel}","templated":true}]}}