{"id":1129997,"date":"2026-05-08T20:01:24","date_gmt":"2026-05-08T18:01:24","guid":{"rendered":"https:\/\/wein-werte.com\/product\/ampeleia-bianco-di-ampeleia-2022-750ml\/"},"modified":"2026-04-27T11:45:10","modified_gmt":"2026-04-27T09:45:10","slug":"ampeleia-bianco-di-ampeleia-2022-750ml","status":"publish","type":"product","link":"https:\/\/wein-werte.com\/de\/produkt\/ampeleia-bianco-di-ampeleia-2022-750ml\/","title":{"rendered":"Ampeleia | Toskana | Bianco di Ampeleia IGT | 2022 | 750ml | bio"},"content":{"rendered":"<p>Produktbeschreibung f\u00fcr Ampeleia Bianco di Ampeleia IGT 2022 (bio)<\/p>\n<p> Der Bianco di Ampeleia stammt aus einem Weinberg, der im traditionellem Mischsatz neu angelegt wurde. Daf\u00fcr verwendete man Massale Selektion eines alten Weinbergs, der \u00fcberwiegend aus Trebbiano, Malvasia bianca und Ansonica bestand. Mit jedem Jahr wird der Bianco durch die gemeinsame Anpflanzung runder und eleganter. Die Trauben wachsen auf 3-500 Metern und werden von Hand gelesen. Im Weingut verg\u00e4ren die Trauben zusammen f\u00fcr zwei Tage auf der Maische, was f\u00fcr die hohe Farbe verantwortlich ist. Spontan vergoren reift der Wein anschlie\u00dfend f\u00fcr sechs Monate in gro\u00dfen Betontanks. Der erste produzierte Jahrgang war 2016, es werden seitdem j\u00e4hrlich rund 35.000 Flaschen hergestellt. <\/p>\n<h5>Farbe<\/h5>\n<p> Altgold bis helles Bernstein mit seidenmatter Tr\u00fcbung. <\/p>\n<h5>Nase<\/h5>\n<p> Zitrus, nasse Tafelkreide, Orangenbl\u00fcten, leichter Schwarztee und angeschnittener, m\u00fcrber Apfel summieren die ersten Eindr\u00fccke des 2022 Bianco di Ampeleia von Ampeleia. Dazu kommt vom Pfirsich der Kern, etwas heller Tabak und Kernobstschalen. Die intensive Nase baut mit zunehmendem Luftkontakt kontinuierlich aus. <\/p>\n<h5>Mund<\/h5>\n<p> Mit herb adstringiertem Gerbstoff im Antrunk sind die Weichen dieses Maische gepr\u00e4gten Wei\u00dfweines direkt gestellt. Keine vordergr\u00fcndige Frucht, sondern Duft und Struktur \u00fcbernehmen hier das Leitmotiv. Mit frischem S\u00e4urezug ist die \u00fcbergeordnete Tonalit\u00e4t ganz klar in Dur mit dem Vektor nach vorn! Trinkzug f\u00fcr Fortgeschrittene und Maischeliebhaber, die auf Flow nicht verzichten m\u00f6gen.<\/p>\n<p>Copyright Vinaturel 2025<\/p>\n<p>Keywords: <a href=\"https:\/\/wein-werte.com\/de\/shop\/?swoof=1&#038;pa_producer=Ampeleia\">Ampeleia<\/a> <a href=\"https:\/\/wein-werte.com\/de\/shop\/?swoof=1&#038;woof_text=Bianco di Ampeleia IGT\">Bianco di Ampeleia IGT<\/a> 2022 bio <a href=\"https:\/\/wein-werte.com\/de\/shop\/?swoof=1&#038;pa_region=Toskana\">Toskana<\/a> <a href=\"https:\/\/wein-werte.com\/de\/shop\/?swoof=1&#038;pa_country=Italien\">Italien<\/a><\/p>\n<h3>Vinous<\/h3>\n<p>Punkte: 89<\/p>\n<p>Der Bianco di Ampeleia 2022 ist eine Cuv\u00e9e aus Trebbiano, Malvasia und Ansonica, gemeinsam vergoren. Die Maischekontaktphase verleiht dem Wein Farbe und ein Gef\u00fchl phenolischer Intensit\u00e4t. Aromen von getrockneten Bl\u00fcten, Mandeln, Orangenschalen und Gew\u00fcrzen kommen angenehm zur Geltung. Insgesamt ist der 2022er recht delikat, insbesondere mit Bel\u00fcftung. \u2013 Antonio Galloni<br \/>Trinkzeitraum: 2024\u20132027<br \/>Bewertungsdatum: Dezember 2024<\/p>\n<p>Internetseite des Weinguts: <a href=\"https:\/\/www.ampeleia.it\/en\/\" target=\"_blank\">https:\/\/www.ampeleia.it\/en\/<\/a><\/p>\n","protected":false},"excerpt":{"rendered":"<p>Lieferzeit: 1 bis 2 Arbeitstage (DE), 2 bis 5 Arbeitstage (EU and CH)<\/p>\n","protected":false},"featured_media":1141260,"template":"","meta":[],"product_brand":[],"product_cat":[19],"product_tag":[],"class_list":{"0":"post-1129997","1":"product","2":"type-product","3":"status-publish","4":"has-post-thumbnail","6":"product_cat-unkategorisiert","7":"pa_alcohol-for-filter-10-5","8":"pa_certified-biodynamic-ja-de","9":"pa_certified-organic-ja-de","10":"pa_colour-weiss","11":"pa_country-italien","12":"pa_grape-trebbiano-cuvee","13":"pa_price-for-filter-10589","14":"pa_producer-ampeleia","15":"pa_region-toskana","16":"pa_size-ml-6584","17":"pa_sweetness-trocken-de","18":"pa_type-2-still-de","19":"pa_vinous-points-for-filter-20023","20":"pa_vintage-2022-de","21":"entry","22":"has-media","24":"first","25":"instock","26":"taxable","27":"shipping-taxable","28":"purchasable","29":"product-type-simple"},"yoast_head":"<!-- This site is optimized with the Yoast SEO plugin v27.5 - https:\/\/yoast.com\/product\/yoast-seo-wordpress\/ -->\n<title>Ampeleia Bianco di Ampeleia 2022<\/title>\n<meta name=\"description\" content=\"Kaufe Ampeleia Bianco di Ampeleia 2022 (Trebbiano Cuv\u00e9e, trocken aus Toskana, Italien) bei Wein Werte, Ihrem nachhaltigen Onlineshop.\" \/>\n<meta name=\"robots\" content=\"index, follow, max-snippet:-1, max-image-preview:large, max-video-preview:-1\" \/>\n<link rel=\"canonical\" href=\"https:\/\/wein-werte.com\/de\/produkt\/ampeleia-bianco-di-ampeleia-2022-750ml\/\" \/>\n<meta property=\"og:locale\" content=\"de_DE\" \/>\n<meta property=\"og:type\" content=\"article\" \/>\n<meta property=\"og:title\" content=\"Ampeleia Bianco di Ampeleia 2022\" \/>\n<meta property=\"og:description\" content=\"Kaufe Ampeleia Bianco di Ampeleia 2022 (Trebbiano Cuv\u00e9e, trocken aus Toskana, Italien) bei Wein Werte, Ihrem nachhaltigen Onlineshop.\" \/>\n<meta property=\"og:url\" content=\"https:\/\/wein-werte.com\/de\/produkt\/ampeleia-bianco-di-ampeleia-2022-750ml\/\" \/>\n<meta property=\"og:site_name\" content=\"Wein Werte\" \/>\n<meta property=\"og:image\" content=\"https:\/\/wein-werte.com\/wp-content\/uploads\/2026\/04\/Ampeleia-Bianco-di-Ampeleia-2022-750ml.png\" \/>\n\t<meta property=\"og:image:width\" content=\"328\" \/>\n\t<meta property=\"og:image:height\" content=\"1200\" \/>\n\t<meta property=\"og:image:type\" content=\"image\/png\" \/>\n<meta name=\"twitter:card\" content=\"summary_large_image\" \/>\n<meta name=\"twitter:label1\" content=\"Gesch\u00e4tzte Lesezeit\" \/>\n\t<meta name=\"twitter:data1\" content=\"2\u00a0Minuten\" \/>\n<script type=\"application\/ld+json\" class=\"yoast-schema-graph\">{\"@context\":\"https:\\\/\\\/schema.org\",\"@graph\":[{\"@type\":\"WebPage\",\"@id\":\"https:\\\/\\\/wein-werte.com\\\/de\\\/produkt\\\/ampeleia-bianco-di-ampeleia-2022-750ml\\\/\",\"url\":\"https:\\\/\\\/wein-werte.com\\\/de\\\/produkt\\\/ampeleia-bianco-di-ampeleia-2022-750ml\\\/\",\"name\":\"Ampeleia Bianco di Ampeleia 2022\",\"isPartOf\":{\"@id\":\"https:\\\/\\\/wein-werte.com\\\/de\\\/#website\"},\"primaryImageOfPage\":{\"@id\":\"https:\\\/\\\/wein-werte.com\\\/de\\\/produkt\\\/ampeleia-bianco-di-ampeleia-2022-750ml\\\/#primaryimage\"},\"image\":{\"@id\":\"https:\\\/\\\/wein-werte.com\\\/de\\\/produkt\\\/ampeleia-bianco-di-ampeleia-2022-750ml\\\/#primaryimage\"},\"thumbnailUrl\":\"https:\\\/\\\/wein-werte.com\\\/wp-content\\\/uploads\\\/2026\\\/04\\\/Ampeleia-Bianco-di-Ampeleia-2022-750ml.png\",\"datePublished\":\"2026-05-08T18:01:24+00:00\",\"description\":\"Kaufe Ampeleia Bianco di Ampeleia 2022 (Trebbiano Cuv\u00e9e, trocken aus Toskana, Italien) bei Wein Werte, Ihrem nachhaltigen Onlineshop.\",\"breadcrumb\":{\"@id\":\"https:\\\/\\\/wein-werte.com\\\/de\\\/produkt\\\/ampeleia-bianco-di-ampeleia-2022-750ml\\\/#breadcrumb\"},\"inLanguage\":\"de\",\"potentialAction\":[{\"@type\":\"ReadAction\",\"target\":[\"https:\\\/\\\/wein-werte.com\\\/de\\\/produkt\\\/ampeleia-bianco-di-ampeleia-2022-750ml\\\/\"]}]},{\"@type\":\"ImageObject\",\"inLanguage\":\"de\",\"@id\":\"https:\\\/\\\/wein-werte.com\\\/de\\\/produkt\\\/ampeleia-bianco-di-ampeleia-2022-750ml\\\/#primaryimage\",\"url\":\"https:\\\/\\\/wein-werte.com\\\/wp-content\\\/uploads\\\/2026\\\/04\\\/Ampeleia-Bianco-di-Ampeleia-2022-750ml.png\",\"contentUrl\":\"https:\\\/\\\/wein-werte.com\\\/wp-content\\\/uploads\\\/2026\\\/04\\\/Ampeleia-Bianco-di-Ampeleia-2022-750ml.png\",\"width\":328,\"height\":1200,\"caption\":\"Ampeleia Bianco di Ampeleia IGT 2022 750ml\"},{\"@type\":\"BreadcrumbList\",\"@id\":\"https:\\\/\\\/wein-werte.com\\\/de\\\/produkt\\\/ampeleia-bianco-di-ampeleia-2022-750ml\\\/#breadcrumb\",\"itemListElement\":[{\"@type\":\"ListItem\",\"position\":1,\"name\":\"Home\",\"item\":\"https:\\\/\\\/wein-werte.com\\\/de\\\/\"},{\"@type\":\"ListItem\",\"position\":2,\"name\":\"Shop\",\"item\":\"https:\\\/\\\/wein-werte.com\\\/de\\\/shop\\\/\"},{\"@type\":\"ListItem\",\"position\":3,\"name\":\"Ampeleia | Toskana | Bianco di Ampeleia IGT | 2022 | 750ml | bio\"}]},{\"@type\":\"WebSite\",\"@id\":\"https:\\\/\\\/wein-werte.com\\\/de\\\/#website\",\"url\":\"https:\\\/\\\/wein-werte.com\\\/de\\\/\",\"name\":\"Wein Werte\",\"description\":\"\",\"publisher\":{\"@id\":\"https:\\\/\\\/wein-werte.com\\\/de\\\/#organization\"},\"potentialAction\":[{\"@type\":\"SearchAction\",\"target\":{\"@type\":\"EntryPoint\",\"urlTemplate\":\"https:\\\/\\\/wein-werte.com\\\/de\\\/?s={search_term_string}\"},\"query-input\":{\"@type\":\"PropertyValueSpecification\",\"valueRequired\":true,\"valueName\":\"search_term_string\"}}],\"inLanguage\":\"de\"},{\"@type\":\"Organization\",\"@id\":\"https:\\\/\\\/wein-werte.com\\\/de\\\/#organization\",\"name\":\"Vins Fins Thorrold\",\"url\":\"https:\\\/\\\/wein-werte.com\\\/de\\\/\",\"logo\":{\"@type\":\"ImageObject\",\"inLanguage\":\"de\",\"@id\":\"https:\\\/\\\/wein-werte.com\\\/de\\\/#\\\/schema\\\/logo\\\/image\\\/\",\"url\":\"https:\\\/\\\/wein-werte.com\\\/wp-content\\\/uploads\\\/2023\\\/07\\\/Wein_werte_Logo700-1.png\",\"contentUrl\":\"https:\\\/\\\/wein-werte.com\\\/wp-content\\\/uploads\\\/2023\\\/07\\\/Wein_werte_Logo700-1.png\",\"width\":700,\"height\":272,\"caption\":\"Vins Fins Thorrold\"},\"image\":{\"@id\":\"https:\\\/\\\/wein-werte.com\\\/de\\\/#\\\/schema\\\/logo\\\/image\\\/\"}}]}<\/script>\n<!-- \/ Yoast SEO plugin. -->","yoast_head_json":{"title":"Ampeleia Bianco di Ampeleia 2022","description":"Kaufe Ampeleia Bianco di Ampeleia 2022 (Trebbiano Cuv\u00e9e, trocken aus Toskana, Italien) bei Wein Werte, Ihrem nachhaltigen Onlineshop.","robots":{"index":"index","follow":"follow","max-snippet":"max-snippet:-1","max-image-preview":"max-image-preview:large","max-video-preview":"max-video-preview:-1"},"canonical":"https:\/\/wein-werte.com\/de\/produkt\/ampeleia-bianco-di-ampeleia-2022-750ml\/","og_locale":"de_DE","og_type":"article","og_title":"Ampeleia Bianco di Ampeleia 2022","og_description":"Kaufe Ampeleia Bianco di Ampeleia 2022 (Trebbiano Cuv\u00e9e, trocken aus Toskana, Italien) bei Wein Werte, Ihrem nachhaltigen Onlineshop.","og_url":"https:\/\/wein-werte.com\/de\/produkt\/ampeleia-bianco-di-ampeleia-2022-750ml\/","og_site_name":"Wein Werte","og_image":[{"width":328,"height":1200,"url":"https:\/\/wein-werte.com\/wp-content\/uploads\/2026\/04\/Ampeleia-Bianco-di-Ampeleia-2022-750ml.png","type":"image\/png"}],"twitter_card":"summary_large_image","twitter_misc":{"Gesch\u00e4tzte Lesezeit":"2\u00a0Minuten"},"schema":{"@context":"https:\/\/schema.org","@graph":[{"@type":"WebPage","@id":"https:\/\/wein-werte.com\/de\/produkt\/ampeleia-bianco-di-ampeleia-2022-750ml\/","url":"https:\/\/wein-werte.com\/de\/produkt\/ampeleia-bianco-di-ampeleia-2022-750ml\/","name":"Ampeleia Bianco di Ampeleia 2022","isPartOf":{"@id":"https:\/\/wein-werte.com\/de\/#website"},"primaryImageOfPage":{"@id":"https:\/\/wein-werte.com\/de\/produkt\/ampeleia-bianco-di-ampeleia-2022-750ml\/#primaryimage"},"image":{"@id":"https:\/\/wein-werte.com\/de\/produkt\/ampeleia-bianco-di-ampeleia-2022-750ml\/#primaryimage"},"thumbnailUrl":"https:\/\/wein-werte.com\/wp-content\/uploads\/2026\/04\/Ampeleia-Bianco-di-Ampeleia-2022-750ml.png","datePublished":"2026-05-08T18:01:24+00:00","description":"Kaufe Ampeleia Bianco di Ampeleia 2022 (Trebbiano Cuv\u00e9e, trocken aus Toskana, Italien) bei Wein Werte, Ihrem nachhaltigen Onlineshop.","breadcrumb":{"@id":"https:\/\/wein-werte.com\/de\/produkt\/ampeleia-bianco-di-ampeleia-2022-750ml\/#breadcrumb"},"inLanguage":"de","potentialAction":[{"@type":"ReadAction","target":["https:\/\/wein-werte.com\/de\/produkt\/ampeleia-bianco-di-ampeleia-2022-750ml\/"]}]},{"@type":"ImageObject","inLanguage":"de","@id":"https:\/\/wein-werte.com\/de\/produkt\/ampeleia-bianco-di-ampeleia-2022-750ml\/#primaryimage","url":"https:\/\/wein-werte.com\/wp-content\/uploads\/2026\/04\/Ampeleia-Bianco-di-Ampeleia-2022-750ml.png","contentUrl":"https:\/\/wein-werte.com\/wp-content\/uploads\/2026\/04\/Ampeleia-Bianco-di-Ampeleia-2022-750ml.png","width":328,"height":1200,"caption":"Ampeleia Bianco di Ampeleia IGT 2022 750ml"},{"@type":"BreadcrumbList","@id":"https:\/\/wein-werte.com\/de\/produkt\/ampeleia-bianco-di-ampeleia-2022-750ml\/#breadcrumb","itemListElement":[{"@type":"ListItem","position":1,"name":"Home","item":"https:\/\/wein-werte.com\/de\/"},{"@type":"ListItem","position":2,"name":"Shop","item":"https:\/\/wein-werte.com\/de\/shop\/"},{"@type":"ListItem","position":3,"name":"Ampeleia | Toskana | Bianco di Ampeleia IGT | 2022 | 750ml | bio"}]},{"@type":"WebSite","@id":"https:\/\/wein-werte.com\/de\/#website","url":"https:\/\/wein-werte.com\/de\/","name":"Wein Werte","description":"","publisher":{"@id":"https:\/\/wein-werte.com\/de\/#organization"},"potentialAction":[{"@type":"SearchAction","target":{"@type":"EntryPoint","urlTemplate":"https:\/\/wein-werte.com\/de\/?s={search_term_string}"},"query-input":{"@type":"PropertyValueSpecification","valueRequired":true,"valueName":"search_term_string"}}],"inLanguage":"de"},{"@type":"Organization","@id":"https:\/\/wein-werte.com\/de\/#organization","name":"Vins Fins Thorrold","url":"https:\/\/wein-werte.com\/de\/","logo":{"@type":"ImageObject","inLanguage":"de","@id":"https:\/\/wein-werte.com\/de\/#\/schema\/logo\/image\/","url":"https:\/\/wein-werte.com\/wp-content\/uploads\/2023\/07\/Wein_werte_Logo700-1.png","contentUrl":"https:\/\/wein-werte.com\/wp-content\/uploads\/2023\/07\/Wein_werte_Logo700-1.png","width":700,"height":272,"caption":"Vins Fins Thorrold"},"image":{"@id":"https:\/\/wein-werte.com\/de\/#\/schema\/logo\/image\/"}}]}},"_links":{"self":[{"href":"https:\/\/wein-werte.com\/de\/wp-json\/wp\/v2\/product\/1129997","targetHints":{"allow":["GET"]}}],"collection":[{"href":"https:\/\/wein-werte.com\/de\/wp-json\/wp\/v2\/product"}],"about":[{"href":"https:\/\/wein-werte.com\/de\/wp-json\/wp\/v2\/types\/product"}],"wp:featuredmedia":[{"embeddable":true,"href":"https:\/\/wein-werte.com\/de\/wp-json\/wp\/v2\/media\/1141260"}],"wp:attachment":[{"href":"https:\/\/wein-werte.com\/de\/wp-json\/wp\/v2\/media?parent=1129997"}],"wp:term":[{"taxonomy":"product_brand","embeddable":true,"href":"https:\/\/wein-werte.com\/de\/wp-json\/wp\/v2\/product_brand?post=1129997"},{"taxonomy":"product_cat","embeddable":true,"href":"https:\/\/wein-werte.com\/de\/wp-json\/wp\/v2\/product_cat?post=1129997"},{"taxonomy":"product_tag","embeddable":true,"href":"https:\/\/wein-werte.com\/de\/wp-json\/wp\/v2\/product_tag?post=1129997"}],"curies":[{"name":"wp","href":"https:\/\/api.w.org\/{rel}","templated":true}]}}