{"id":1129969,"date":"2026-05-12T15:45:05","date_gmt":"2026-05-12T13:45:05","guid":{"rendered":"https:\/\/wein-werte.com\/product\/cirelli-trebbiano-dabruzzo-2024-750ml\/"},"modified":"2026-05-12T19:55:43","modified_gmt":"2026-05-12T17:55:43","slug":"cirelli-trebbiano-dabruzzo-2024-750ml","status":"publish","type":"product","link":"https:\/\/wein-werte.com\/de\/produkt\/cirelli-trebbiano-dabruzzo-2024-750ml\/","title":{"rendered":"Cirelli | Abruzzen | Trebbiano d&#8217;Abruzzo DOC | 2024 | 750ml | bio"},"content":{"rendered":"<p>Produktbeschreibung f\u00fcr Cirelli Trebbiano d&#8217;Abruzzo DOC 2024 (bio)<\/p>\n<p>Cirelli Trebbiano d&#8217;Abruzzo 2024 ist ein trockener Orangewein hergestellt aus Trebbiano Trauben in der Region Abruzzen in Italien.<\/p>\n<p>Keywords: <a href=\"https:\/\/wein-werte.com\/de\/shop\/?swoof=1&#038;pa_producer=Cirelli\">Cirelli<\/a> <a href=\"https:\/\/wein-werte.com\/de\/shop\/?swoof=1&#038;woof_text=Trebbiano d'Abruzzo DOC\">Trebbiano d&#8217;Abruzzo DOC<\/a> 2024 bio <a href=\"https:\/\/wein-werte.com\/de\/shop\/?swoof=1&#038;pa_region=Abruzzen\">Abruzzen<\/a> <a href=\"https:\/\/wein-werte.com\/de\/shop\/?swoof=1&#038;pa_country=Italien\">Italien<\/a><\/p>\n<h3>Vinous<\/h3>\n<p>Punkte: 89<\/p>\n<p>Der Trebbiano d&#8217;Abruzzo 2024 ist ein reiner und gehobener Wein mit floraler Nachhaltigkeit. Sein einladendes Bouquet pr\u00e4sentiert Aromen von frischer Aprikose, rohen Mandeln und Gew\u00fcrzen. Er besticht durch eine angenehme innere S\u00fc\u00dfe und knackige Fr\u00fcchte aus dem Obstgarten. Die spritzige S\u00e4ure verleiht ihm eine saftige Note. \u2013 Eric Guido<br \/>Trinkzeitraum: 2025\u20132028<br \/>Testdatum: Mai 2025<\/p>\n<p>Internetseite des Weinguts: <a href=\"https:\/\/agricolacirelli.com\/en\/\" target=\"_blank\">https:\/\/agricolacirelli.com\/en\/<\/a><\/p>\n","protected":false},"excerpt":{"rendered":"<div style=\"font-size: 14px;\">\n<p>Lieferzeit: 1 bis 2 Arbeitstage (DE), 2 bis 5 Arbeitstage (EU und CH)<\/p>\n<p>Ungef\u00e4hrer Energiegehalt pro 125-ml-Glas: 105 kcal  (<a href=\"https:\/\/id.piu-info.it\/de8d7510-6d4a-4139-9b9a-c68a6f69fad8\"target=\"_blank\">vollst\u00e4ndige N\u00e4hrwertangaben<\/a>)<\/p>\n<\/p><\/div>\n","protected":false},"featured_media":1141238,"template":"","meta":[],"product_brand":[],"product_cat":[19],"product_tag":[],"class_list":{"0":"post-1129969","1":"product","2":"type-product","3":"status-publish","4":"has-post-thumbnail","6":"product_cat-unkategorisiert","7":"pa_alcohol-for-filter-12-5","8":"pa_certified-biodynamic-nein-de","9":"pa_certified-organic-ja-de","10":"pa_colour-orange-de","11":"pa_country-italien","12":"pa_grape-trebbiano","13":"pa_price-for-filter-10603","14":"pa_producer-cirelli","15":"pa_region-abruzzen","16":"pa_size-ml-6584","17":"pa_sweetness-trocken-de","18":"pa_type-2-still-de","19":"pa_vinous-points-for-filter-20023","20":"pa_vintage-2024-de","21":"entry","22":"has-media","24":"first","25":"instock","26":"taxable","27":"shipping-taxable","28":"purchasable","29":"product-type-simple"},"yoast_head":"<!-- This site is optimized with the Yoast SEO plugin v27.6 - https:\/\/yoast.com\/product\/yoast-seo-wordpress\/ -->\n<title>Cirelli Trebbiano d&#039;Abruzzo 2024<\/title>\n<meta name=\"description\" content=\"Kaufe Cirelli Trebbiano d&#039;Abruzzo 2024 (Trebbiano, trocken Orange Wein aus Abruzzen, Italien) bei Wein Werte, Ihrem nachhaltigen Onlineshop.\" \/>\n<meta name=\"robots\" content=\"index, follow, max-snippet:-1, max-image-preview:large, max-video-preview:-1\" \/>\n<link rel=\"canonical\" href=\"https:\/\/wein-werte.com\/de\/produkt\/cirelli-trebbiano-dabruzzo-2024-750ml\/\" \/>\n<meta property=\"og:locale\" content=\"de_DE\" \/>\n<meta property=\"og:type\" content=\"article\" \/>\n<meta property=\"og:title\" content=\"Cirelli Trebbiano d&#039;Abruzzo 2024\" \/>\n<meta property=\"og:description\" content=\"Kaufe Cirelli Trebbiano d&#039;Abruzzo 2024 (Trebbiano, trocken Orange Wein aus Abruzzen, Italien) bei Wein Werte, Ihrem nachhaltigen Onlineshop.\" \/>\n<meta property=\"og:url\" content=\"https:\/\/wein-werte.com\/de\/produkt\/cirelli-trebbiano-dabruzzo-2024-750ml\/\" \/>\n<meta property=\"og:site_name\" content=\"Wein Werte\" \/>\n<meta property=\"article:modified_time\" content=\"2026-05-12T17:55:43+00:00\" \/>\n<meta property=\"og:image\" content=\"https:\/\/wein-werte.com\/wp-content\/uploads\/2026\/04\/Cirelli-Trebbiano-dAbruzzo-2024-750ml.png\" \/>\n\t<meta property=\"og:image:width\" content=\"317\" \/>\n\t<meta property=\"og:image:height\" content=\"1200\" \/>\n\t<meta property=\"og:image:type\" content=\"image\/png\" \/>\n<meta name=\"twitter:card\" content=\"summary_large_image\" \/>\n<script type=\"application\/ld+json\" class=\"yoast-schema-graph\">{\"@context\":\"https:\\\/\\\/schema.org\",\"@graph\":[{\"@type\":\"WebPage\",\"@id\":\"https:\\\/\\\/wein-werte.com\\\/de\\\/produkt\\\/cirelli-trebbiano-dabruzzo-2024-750ml\\\/\",\"url\":\"https:\\\/\\\/wein-werte.com\\\/de\\\/produkt\\\/cirelli-trebbiano-dabruzzo-2024-750ml\\\/\",\"name\":\"Cirelli Trebbiano d'Abruzzo 2024\",\"isPartOf\":{\"@id\":\"https:\\\/\\\/wein-werte.com\\\/de\\\/#website\"},\"primaryImageOfPage\":{\"@id\":\"https:\\\/\\\/wein-werte.com\\\/de\\\/produkt\\\/cirelli-trebbiano-dabruzzo-2024-750ml\\\/#primaryimage\"},\"image\":{\"@id\":\"https:\\\/\\\/wein-werte.com\\\/de\\\/produkt\\\/cirelli-trebbiano-dabruzzo-2024-750ml\\\/#primaryimage\"},\"thumbnailUrl\":\"https:\\\/\\\/wein-werte.com\\\/wp-content\\\/uploads\\\/2026\\\/04\\\/Cirelli-Trebbiano-dAbruzzo-2024-750ml.png\",\"datePublished\":\"2026-05-12T13:45:05+00:00\",\"dateModified\":\"2026-05-12T17:55:43+00:00\",\"description\":\"Kaufe Cirelli Trebbiano d'Abruzzo 2024 (Trebbiano, trocken Orange Wein aus Abruzzen, Italien) bei Wein Werte, Ihrem nachhaltigen Onlineshop.\",\"breadcrumb\":{\"@id\":\"https:\\\/\\\/wein-werte.com\\\/de\\\/produkt\\\/cirelli-trebbiano-dabruzzo-2024-750ml\\\/#breadcrumb\"},\"inLanguage\":\"de\",\"potentialAction\":[{\"@type\":\"ReadAction\",\"target\":[\"https:\\\/\\\/wein-werte.com\\\/de\\\/produkt\\\/cirelli-trebbiano-dabruzzo-2024-750ml\\\/\"]}]},{\"@type\":\"ImageObject\",\"inLanguage\":\"de\",\"@id\":\"https:\\\/\\\/wein-werte.com\\\/de\\\/produkt\\\/cirelli-trebbiano-dabruzzo-2024-750ml\\\/#primaryimage\",\"url\":\"https:\\\/\\\/wein-werte.com\\\/wp-content\\\/uploads\\\/2026\\\/04\\\/Cirelli-Trebbiano-dAbruzzo-2024-750ml.png\",\"contentUrl\":\"https:\\\/\\\/wein-werte.com\\\/wp-content\\\/uploads\\\/2026\\\/04\\\/Cirelli-Trebbiano-dAbruzzo-2024-750ml.png\",\"width\":317,\"height\":1200,\"caption\":\"Cirelli Trebbiano d'Abruzzo DOC 2024 750ml\"},{\"@type\":\"BreadcrumbList\",\"@id\":\"https:\\\/\\\/wein-werte.com\\\/de\\\/produkt\\\/cirelli-trebbiano-dabruzzo-2024-750ml\\\/#breadcrumb\",\"itemListElement\":[{\"@type\":\"ListItem\",\"position\":1,\"name\":\"Home\",\"item\":\"https:\\\/\\\/wein-werte.com\\\/de\\\/\"},{\"@type\":\"ListItem\",\"position\":2,\"name\":\"Shop\",\"item\":\"https:\\\/\\\/wein-werte.com\\\/de\\\/shop\\\/\"},{\"@type\":\"ListItem\",\"position\":3,\"name\":\"Cirelli | Abruzzen | Trebbiano d&#8217;Abruzzo DOC | 2024 | 750ml | bio\"}]},{\"@type\":\"WebSite\",\"@id\":\"https:\\\/\\\/wein-werte.com\\\/de\\\/#website\",\"url\":\"https:\\\/\\\/wein-werte.com\\\/de\\\/\",\"name\":\"Wein Werte\",\"description\":\"\",\"publisher\":{\"@id\":\"https:\\\/\\\/wein-werte.com\\\/de\\\/#organization\"},\"potentialAction\":[{\"@type\":\"SearchAction\",\"target\":{\"@type\":\"EntryPoint\",\"urlTemplate\":\"https:\\\/\\\/wein-werte.com\\\/de\\\/?s={search_term_string}\"},\"query-input\":{\"@type\":\"PropertyValueSpecification\",\"valueRequired\":true,\"valueName\":\"search_term_string\"}}],\"inLanguage\":\"de\"},{\"@type\":\"Organization\",\"@id\":\"https:\\\/\\\/wein-werte.com\\\/de\\\/#organization\",\"name\":\"Vins Fins Thorrold\",\"url\":\"https:\\\/\\\/wein-werte.com\\\/de\\\/\",\"logo\":{\"@type\":\"ImageObject\",\"inLanguage\":\"de\",\"@id\":\"https:\\\/\\\/wein-werte.com\\\/de\\\/#\\\/schema\\\/logo\\\/image\\\/\",\"url\":\"https:\\\/\\\/wein-werte.com\\\/wp-content\\\/uploads\\\/2023\\\/07\\\/Wein_werte_Logo700-1.png\",\"contentUrl\":\"https:\\\/\\\/wein-werte.com\\\/wp-content\\\/uploads\\\/2023\\\/07\\\/Wein_werte_Logo700-1.png\",\"width\":700,\"height\":272,\"caption\":\"Vins Fins Thorrold\"},\"image\":{\"@id\":\"https:\\\/\\\/wein-werte.com\\\/de\\\/#\\\/schema\\\/logo\\\/image\\\/\"}}]}<\/script>\n<!-- \/ Yoast SEO plugin. -->","yoast_head_json":{"title":"Cirelli Trebbiano d'Abruzzo 2024","description":"Kaufe Cirelli Trebbiano d'Abruzzo 2024 (Trebbiano, trocken Orange Wein aus Abruzzen, Italien) bei Wein Werte, Ihrem nachhaltigen Onlineshop.","robots":{"index":"index","follow":"follow","max-snippet":"max-snippet:-1","max-image-preview":"max-image-preview:large","max-video-preview":"max-video-preview:-1"},"canonical":"https:\/\/wein-werte.com\/de\/produkt\/cirelli-trebbiano-dabruzzo-2024-750ml\/","og_locale":"de_DE","og_type":"article","og_title":"Cirelli Trebbiano d'Abruzzo 2024","og_description":"Kaufe Cirelli Trebbiano d'Abruzzo 2024 (Trebbiano, trocken Orange Wein aus Abruzzen, Italien) bei Wein Werte, Ihrem nachhaltigen Onlineshop.","og_url":"https:\/\/wein-werte.com\/de\/produkt\/cirelli-trebbiano-dabruzzo-2024-750ml\/","og_site_name":"Wein Werte","article_modified_time":"2026-05-12T17:55:43+00:00","og_image":[{"width":317,"height":1200,"url":"https:\/\/wein-werte.com\/wp-content\/uploads\/2026\/04\/Cirelli-Trebbiano-dAbruzzo-2024-750ml.png","type":"image\/png"}],"twitter_card":"summary_large_image","schema":{"@context":"https:\/\/schema.org","@graph":[{"@type":"WebPage","@id":"https:\/\/wein-werte.com\/de\/produkt\/cirelli-trebbiano-dabruzzo-2024-750ml\/","url":"https:\/\/wein-werte.com\/de\/produkt\/cirelli-trebbiano-dabruzzo-2024-750ml\/","name":"Cirelli Trebbiano d'Abruzzo 2024","isPartOf":{"@id":"https:\/\/wein-werte.com\/de\/#website"},"primaryImageOfPage":{"@id":"https:\/\/wein-werte.com\/de\/produkt\/cirelli-trebbiano-dabruzzo-2024-750ml\/#primaryimage"},"image":{"@id":"https:\/\/wein-werte.com\/de\/produkt\/cirelli-trebbiano-dabruzzo-2024-750ml\/#primaryimage"},"thumbnailUrl":"https:\/\/wein-werte.com\/wp-content\/uploads\/2026\/04\/Cirelli-Trebbiano-dAbruzzo-2024-750ml.png","datePublished":"2026-05-12T13:45:05+00:00","dateModified":"2026-05-12T17:55:43+00:00","description":"Kaufe Cirelli Trebbiano d'Abruzzo 2024 (Trebbiano, trocken Orange Wein aus Abruzzen, Italien) bei Wein Werte, Ihrem nachhaltigen Onlineshop.","breadcrumb":{"@id":"https:\/\/wein-werte.com\/de\/produkt\/cirelli-trebbiano-dabruzzo-2024-750ml\/#breadcrumb"},"inLanguage":"de","potentialAction":[{"@type":"ReadAction","target":["https:\/\/wein-werte.com\/de\/produkt\/cirelli-trebbiano-dabruzzo-2024-750ml\/"]}]},{"@type":"ImageObject","inLanguage":"de","@id":"https:\/\/wein-werte.com\/de\/produkt\/cirelli-trebbiano-dabruzzo-2024-750ml\/#primaryimage","url":"https:\/\/wein-werte.com\/wp-content\/uploads\/2026\/04\/Cirelli-Trebbiano-dAbruzzo-2024-750ml.png","contentUrl":"https:\/\/wein-werte.com\/wp-content\/uploads\/2026\/04\/Cirelli-Trebbiano-dAbruzzo-2024-750ml.png","width":317,"height":1200,"caption":"Cirelli Trebbiano d'Abruzzo DOC 2024 750ml"},{"@type":"BreadcrumbList","@id":"https:\/\/wein-werte.com\/de\/produkt\/cirelli-trebbiano-dabruzzo-2024-750ml\/#breadcrumb","itemListElement":[{"@type":"ListItem","position":1,"name":"Home","item":"https:\/\/wein-werte.com\/de\/"},{"@type":"ListItem","position":2,"name":"Shop","item":"https:\/\/wein-werte.com\/de\/shop\/"},{"@type":"ListItem","position":3,"name":"Cirelli | Abruzzen | Trebbiano d&#8217;Abruzzo DOC | 2024 | 750ml | bio"}]},{"@type":"WebSite","@id":"https:\/\/wein-werte.com\/de\/#website","url":"https:\/\/wein-werte.com\/de\/","name":"Wein Werte","description":"","publisher":{"@id":"https:\/\/wein-werte.com\/de\/#organization"},"potentialAction":[{"@type":"SearchAction","target":{"@type":"EntryPoint","urlTemplate":"https:\/\/wein-werte.com\/de\/?s={search_term_string}"},"query-input":{"@type":"PropertyValueSpecification","valueRequired":true,"valueName":"search_term_string"}}],"inLanguage":"de"},{"@type":"Organization","@id":"https:\/\/wein-werte.com\/de\/#organization","name":"Vins Fins Thorrold","url":"https:\/\/wein-werte.com\/de\/","logo":{"@type":"ImageObject","inLanguage":"de","@id":"https:\/\/wein-werte.com\/de\/#\/schema\/logo\/image\/","url":"https:\/\/wein-werte.com\/wp-content\/uploads\/2023\/07\/Wein_werte_Logo700-1.png","contentUrl":"https:\/\/wein-werte.com\/wp-content\/uploads\/2023\/07\/Wein_werte_Logo700-1.png","width":700,"height":272,"caption":"Vins Fins Thorrold"},"image":{"@id":"https:\/\/wein-werte.com\/de\/#\/schema\/logo\/image\/"}}]}},"_links":{"self":[{"href":"https:\/\/wein-werte.com\/de\/wp-json\/wp\/v2\/product\/1129969","targetHints":{"allow":["GET"]}}],"collection":[{"href":"https:\/\/wein-werte.com\/de\/wp-json\/wp\/v2\/product"}],"about":[{"href":"https:\/\/wein-werte.com\/de\/wp-json\/wp\/v2\/types\/product"}],"wp:featuredmedia":[{"embeddable":true,"href":"https:\/\/wein-werte.com\/de\/wp-json\/wp\/v2\/media\/1141238"}],"wp:attachment":[{"href":"https:\/\/wein-werte.com\/de\/wp-json\/wp\/v2\/media?parent=1129969"}],"wp:term":[{"taxonomy":"product_brand","embeddable":true,"href":"https:\/\/wein-werte.com\/de\/wp-json\/wp\/v2\/product_brand?post=1129969"},{"taxonomy":"product_cat","embeddable":true,"href":"https:\/\/wein-werte.com\/de\/wp-json\/wp\/v2\/product_cat?post=1129969"},{"taxonomy":"product_tag","embeddable":true,"href":"https:\/\/wein-werte.com\/de\/wp-json\/wp\/v2\/product_tag?post=1129969"}],"curies":[{"name":"wp","href":"https:\/\/api.w.org\/{rel}","templated":true}]}}