{"id":1129959,"date":"2026-05-08T20:01:22","date_gmt":"2026-05-08T18:01:22","guid":{"rendered":"https:\/\/wein-werte.com\/product\/cirelli-cerasuolo-dabruzzo-2024-750ml\/"},"modified":"2026-04-27T11:45:07","modified_gmt":"2026-04-27T09:45:07","slug":"cirelli-cerasuolo-dabruzzo-2024-750ml","status":"publish","type":"product","link":"https:\/\/wein-werte.com\/de\/produkt\/cirelli-cerasuolo-dabruzzo-2024-750ml\/","title":{"rendered":"Cirelli | Abruzzen | Cerasuolo d&#8217;Abruzzo DOC | 2024 | 750ml | bio"},"content":{"rendered":"<p>Produktbeschreibung f\u00fcr Cirelli Cerasuolo d&#8217;Abruzzo DOC 2024 (bio)<\/p>\n<p>Die Reben f\u00fcr den Montepulciano d\u2019Abruzzo wachsen auf mageren Lehm-Kalksteinb\u00f6den. Die Trauben werden manuell gelesen, entrappt und sanft gequetscht, bevor sie in Edelstahltanks abgezogen werden, um dort einige Stunden zu mazerieren, bevor sie spontan mit eigenen Hefen verg\u00e4ren. <\/p>\n<h5>Farbe<\/h5>\n<p> Helles, transparentes Kirschrot.   <\/p>\n<h5>Nase<\/h5>\n<p> Der 2024 Cerasuolo d\u2019Abruzzo von Francesco Cirelli zeigt sich in der Nase quietschfidel und duftet nach roten Fr\u00fcchten: Johannisbeeren, Kirschen, kleine Himbeeren sowie Malven und Hibiskus. Hinzu kommt etwas Kernton, der ihm zus\u00e4tzliche Tiefe verleiht. Unverstellt und klar avisiert er unbeschwertes Trinkvergn\u00fcgen.  <\/p>\n<h5>Mund<\/h5>\n<p> Im Antrunk zeigt er sich trotz seiner fruchtigen Verspieltheit in der Nase erfreulich seri\u00f6s: Mit feinem, phenolisch herbem Biss ist die saftige Frucht fest eingefasst in die rotfruchtig transparente Gesamtstruktur dieses mittelkr\u00e4ftigen Cerasuolo. Mit animierendem Gerbstoff und reifer S\u00e4ure wandelt er eigenst\u00e4ndig und selbstbewusst auf dem schmalen Grat zwischen Ros\u00e9- und Rotwein.<\/p>\n<p>Copyright Vinaturel 2025<\/p>\n<p>Keywords: <a href=\"https:\/\/wein-werte.com\/de\/shop\/?swoof=1&#038;pa_producer=Cirelli\">Cirelli<\/a> <a href=\"https:\/\/wein-werte.com\/de\/shop\/?swoof=1&#038;woof_text=Cerasuolo d'Abruzzo DOC\">Cerasuolo d&#8217;Abruzzo DOC<\/a> 2024 bio <a href=\"https:\/\/wein-werte.com\/de\/shop\/?swoof=1&#038;pa_region=Abruzzen\">Abruzzen<\/a> <a href=\"https:\/\/wein-werte.com\/de\/shop\/?swoof=1&#038;pa_country=Italien\">Italien<\/a><\/p>\n<h3>Vinous<\/h3>\n<p>Punkte: 90<\/p>\n<p>Der Cerasuolo d&#8217;Abruzzo 2024 ist staubig und blumig, mit Aromen von Rose, s\u00e4uerlicher Walderdbeere und feuchtem Stein, die aus dem Glas emporsteigen. Ein pikanter Wein mit einem spritzigen S\u00e4urekern, der f\u00fcr Spannung sorgt. Er hinterl\u00e4sst einen Nachklang von Bonbons und eine Spur von Gew\u00fcrzen. \u2013 Eric Guido<br \/>Trinkfenster: 2025\u20132028<br \/>Testdatum: Mai 2025<\/p>\n<p>Internetseite des Weinguts: <a href=\"https:\/\/agricolacirelli.com\/en\/\" target=\"_blank\">https:\/\/agricolacirelli.com\/en\/<\/a><\/p>\n","protected":false},"excerpt":{"rendered":"<p>Lieferzeit: 1 bis 2 Arbeitstage (DE), 2 bis 5 Arbeitstage (EU and CH)<\/p>\n","protected":false},"featured_media":1141230,"template":"","meta":[],"product_brand":[],"product_cat":[19],"product_tag":[],"class_list":{"0":"post-1129959","1":"product","2":"type-product","3":"status-publish","4":"has-post-thumbnail","6":"product_cat-unkategorisiert","7":"pa_alcohol-for-filter-12893","8":"pa_certified-biodynamic-nein-de","9":"pa_certified-organic-ja-de","10":"pa_colour-rose-de","11":"pa_country-italien","12":"pa_grape-montepulciano","13":"pa_price-for-filter-10603","14":"pa_producer-cirelli","15":"pa_region-abruzzen","16":"pa_size-ml-6584","17":"pa_sweetness-trocken-de","18":"pa_type-2-still-de","19":"pa_vinous-points-for-filter-20025","20":"pa_vintage-2024-de","21":"entry","22":"has-media","24":"first","25":"instock","26":"taxable","27":"shipping-taxable","28":"purchasable","29":"product-type-simple"},"yoast_head":"<!-- This site is optimized with the Yoast SEO plugin v27.5 - https:\/\/yoast.com\/product\/yoast-seo-wordpress\/ -->\n<title>Cirelli Cerasuolo d&#039;Abruzzo 2024<\/title>\n<meta name=\"description\" content=\"Kaufe Cirelli Cerasuolo d&#039;Abruzzo 2024 (Montepulciano, trocken aus Abruzzen, Italien) bei Wein Werte, Ihrem nachhaltigen Onlineshop.\" \/>\n<meta name=\"robots\" content=\"index, follow, max-snippet:-1, max-image-preview:large, max-video-preview:-1\" \/>\n<link rel=\"canonical\" href=\"https:\/\/wein-werte.com\/de\/produkt\/cirelli-cerasuolo-dabruzzo-2024-750ml\/\" \/>\n<meta property=\"og:locale\" content=\"de_DE\" \/>\n<meta property=\"og:type\" content=\"article\" \/>\n<meta property=\"og:title\" content=\"Cirelli Cerasuolo d&#039;Abruzzo 2024\" \/>\n<meta property=\"og:description\" content=\"Kaufe Cirelli Cerasuolo d&#039;Abruzzo 2024 (Montepulciano, trocken aus Abruzzen, Italien) bei Wein Werte, Ihrem nachhaltigen Onlineshop.\" \/>\n<meta property=\"og:url\" content=\"https:\/\/wein-werte.com\/de\/produkt\/cirelli-cerasuolo-dabruzzo-2024-750ml\/\" \/>\n<meta property=\"og:site_name\" content=\"Wein Werte\" \/>\n<meta property=\"og:image\" content=\"https:\/\/wein-werte.com\/wp-content\/uploads\/2026\/04\/Cirelli-Cerasuolo-dAbruzzo-2024-750ml.png\" \/>\n\t<meta property=\"og:image:width\" content=\"318\" \/>\n\t<meta property=\"og:image:height\" content=\"1200\" \/>\n\t<meta property=\"og:image:type\" content=\"image\/png\" \/>\n<meta name=\"twitter:card\" content=\"summary_large_image\" \/>\n<meta name=\"twitter:label1\" content=\"Gesch\u00e4tzte Lesezeit\" \/>\n\t<meta name=\"twitter:data1\" content=\"1\u00a0Minute\" \/>\n<script type=\"application\/ld+json\" class=\"yoast-schema-graph\">{\"@context\":\"https:\\\/\\\/schema.org\",\"@graph\":[{\"@type\":\"WebPage\",\"@id\":\"https:\\\/\\\/wein-werte.com\\\/de\\\/produkt\\\/cirelli-cerasuolo-dabruzzo-2024-750ml\\\/\",\"url\":\"https:\\\/\\\/wein-werte.com\\\/de\\\/produkt\\\/cirelli-cerasuolo-dabruzzo-2024-750ml\\\/\",\"name\":\"Cirelli Cerasuolo d'Abruzzo 2024\",\"isPartOf\":{\"@id\":\"https:\\\/\\\/wein-werte.com\\\/de\\\/#website\"},\"primaryImageOfPage\":{\"@id\":\"https:\\\/\\\/wein-werte.com\\\/de\\\/produkt\\\/cirelli-cerasuolo-dabruzzo-2024-750ml\\\/#primaryimage\"},\"image\":{\"@id\":\"https:\\\/\\\/wein-werte.com\\\/de\\\/produkt\\\/cirelli-cerasuolo-dabruzzo-2024-750ml\\\/#primaryimage\"},\"thumbnailUrl\":\"https:\\\/\\\/wein-werte.com\\\/wp-content\\\/uploads\\\/2026\\\/04\\\/Cirelli-Cerasuolo-dAbruzzo-2024-750ml.png\",\"datePublished\":\"2026-05-08T18:01:22+00:00\",\"description\":\"Kaufe Cirelli Cerasuolo d'Abruzzo 2024 (Montepulciano, trocken aus Abruzzen, Italien) bei Wein Werte, Ihrem nachhaltigen Onlineshop.\",\"breadcrumb\":{\"@id\":\"https:\\\/\\\/wein-werte.com\\\/de\\\/produkt\\\/cirelli-cerasuolo-dabruzzo-2024-750ml\\\/#breadcrumb\"},\"inLanguage\":\"de\",\"potentialAction\":[{\"@type\":\"ReadAction\",\"target\":[\"https:\\\/\\\/wein-werte.com\\\/de\\\/produkt\\\/cirelli-cerasuolo-dabruzzo-2024-750ml\\\/\"]}]},{\"@type\":\"ImageObject\",\"inLanguage\":\"de\",\"@id\":\"https:\\\/\\\/wein-werte.com\\\/de\\\/produkt\\\/cirelli-cerasuolo-dabruzzo-2024-750ml\\\/#primaryimage\",\"url\":\"https:\\\/\\\/wein-werte.com\\\/wp-content\\\/uploads\\\/2026\\\/04\\\/Cirelli-Cerasuolo-dAbruzzo-2024-750ml.png\",\"contentUrl\":\"https:\\\/\\\/wein-werte.com\\\/wp-content\\\/uploads\\\/2026\\\/04\\\/Cirelli-Cerasuolo-dAbruzzo-2024-750ml.png\",\"width\":318,\"height\":1200,\"caption\":\"Cirelli Cerasuolo d'Abruzzo DOC 2024 750ml\"},{\"@type\":\"BreadcrumbList\",\"@id\":\"https:\\\/\\\/wein-werte.com\\\/de\\\/produkt\\\/cirelli-cerasuolo-dabruzzo-2024-750ml\\\/#breadcrumb\",\"itemListElement\":[{\"@type\":\"ListItem\",\"position\":1,\"name\":\"Home\",\"item\":\"https:\\\/\\\/wein-werte.com\\\/de\\\/\"},{\"@type\":\"ListItem\",\"position\":2,\"name\":\"Shop\",\"item\":\"https:\\\/\\\/wein-werte.com\\\/de\\\/shop\\\/\"},{\"@type\":\"ListItem\",\"position\":3,\"name\":\"Cirelli | Abruzzen | Cerasuolo d&#8217;Abruzzo DOC | 2024 | 750ml | bio\"}]},{\"@type\":\"WebSite\",\"@id\":\"https:\\\/\\\/wein-werte.com\\\/de\\\/#website\",\"url\":\"https:\\\/\\\/wein-werte.com\\\/de\\\/\",\"name\":\"Wein Werte\",\"description\":\"\",\"publisher\":{\"@id\":\"https:\\\/\\\/wein-werte.com\\\/de\\\/#organization\"},\"potentialAction\":[{\"@type\":\"SearchAction\",\"target\":{\"@type\":\"EntryPoint\",\"urlTemplate\":\"https:\\\/\\\/wein-werte.com\\\/de\\\/?s={search_term_string}\"},\"query-input\":{\"@type\":\"PropertyValueSpecification\",\"valueRequired\":true,\"valueName\":\"search_term_string\"}}],\"inLanguage\":\"de\"},{\"@type\":\"Organization\",\"@id\":\"https:\\\/\\\/wein-werte.com\\\/de\\\/#organization\",\"name\":\"Vins Fins Thorrold\",\"url\":\"https:\\\/\\\/wein-werte.com\\\/de\\\/\",\"logo\":{\"@type\":\"ImageObject\",\"inLanguage\":\"de\",\"@id\":\"https:\\\/\\\/wein-werte.com\\\/de\\\/#\\\/schema\\\/logo\\\/image\\\/\",\"url\":\"https:\\\/\\\/wein-werte.com\\\/wp-content\\\/uploads\\\/2023\\\/07\\\/Wein_werte_Logo700-1.png\",\"contentUrl\":\"https:\\\/\\\/wein-werte.com\\\/wp-content\\\/uploads\\\/2023\\\/07\\\/Wein_werte_Logo700-1.png\",\"width\":700,\"height\":272,\"caption\":\"Vins Fins Thorrold\"},\"image\":{\"@id\":\"https:\\\/\\\/wein-werte.com\\\/de\\\/#\\\/schema\\\/logo\\\/image\\\/\"}}]}<\/script>\n<!-- \/ Yoast SEO plugin. -->","yoast_head_json":{"title":"Cirelli Cerasuolo d'Abruzzo 2024","description":"Kaufe Cirelli Cerasuolo d'Abruzzo 2024 (Montepulciano, trocken aus Abruzzen, Italien) bei Wein Werte, Ihrem nachhaltigen Onlineshop.","robots":{"index":"index","follow":"follow","max-snippet":"max-snippet:-1","max-image-preview":"max-image-preview:large","max-video-preview":"max-video-preview:-1"},"canonical":"https:\/\/wein-werte.com\/de\/produkt\/cirelli-cerasuolo-dabruzzo-2024-750ml\/","og_locale":"de_DE","og_type":"article","og_title":"Cirelli Cerasuolo d'Abruzzo 2024","og_description":"Kaufe Cirelli Cerasuolo d'Abruzzo 2024 (Montepulciano, trocken aus Abruzzen, Italien) bei Wein Werte, Ihrem nachhaltigen Onlineshop.","og_url":"https:\/\/wein-werte.com\/de\/produkt\/cirelli-cerasuolo-dabruzzo-2024-750ml\/","og_site_name":"Wein Werte","og_image":[{"width":318,"height":1200,"url":"https:\/\/wein-werte.com\/wp-content\/uploads\/2026\/04\/Cirelli-Cerasuolo-dAbruzzo-2024-750ml.png","type":"image\/png"}],"twitter_card":"summary_large_image","twitter_misc":{"Gesch\u00e4tzte Lesezeit":"1\u00a0Minute"},"schema":{"@context":"https:\/\/schema.org","@graph":[{"@type":"WebPage","@id":"https:\/\/wein-werte.com\/de\/produkt\/cirelli-cerasuolo-dabruzzo-2024-750ml\/","url":"https:\/\/wein-werte.com\/de\/produkt\/cirelli-cerasuolo-dabruzzo-2024-750ml\/","name":"Cirelli Cerasuolo d'Abruzzo 2024","isPartOf":{"@id":"https:\/\/wein-werte.com\/de\/#website"},"primaryImageOfPage":{"@id":"https:\/\/wein-werte.com\/de\/produkt\/cirelli-cerasuolo-dabruzzo-2024-750ml\/#primaryimage"},"image":{"@id":"https:\/\/wein-werte.com\/de\/produkt\/cirelli-cerasuolo-dabruzzo-2024-750ml\/#primaryimage"},"thumbnailUrl":"https:\/\/wein-werte.com\/wp-content\/uploads\/2026\/04\/Cirelli-Cerasuolo-dAbruzzo-2024-750ml.png","datePublished":"2026-05-08T18:01:22+00:00","description":"Kaufe Cirelli Cerasuolo d'Abruzzo 2024 (Montepulciano, trocken aus Abruzzen, Italien) bei Wein Werte, Ihrem nachhaltigen Onlineshop.","breadcrumb":{"@id":"https:\/\/wein-werte.com\/de\/produkt\/cirelli-cerasuolo-dabruzzo-2024-750ml\/#breadcrumb"},"inLanguage":"de","potentialAction":[{"@type":"ReadAction","target":["https:\/\/wein-werte.com\/de\/produkt\/cirelli-cerasuolo-dabruzzo-2024-750ml\/"]}]},{"@type":"ImageObject","inLanguage":"de","@id":"https:\/\/wein-werte.com\/de\/produkt\/cirelli-cerasuolo-dabruzzo-2024-750ml\/#primaryimage","url":"https:\/\/wein-werte.com\/wp-content\/uploads\/2026\/04\/Cirelli-Cerasuolo-dAbruzzo-2024-750ml.png","contentUrl":"https:\/\/wein-werte.com\/wp-content\/uploads\/2026\/04\/Cirelli-Cerasuolo-dAbruzzo-2024-750ml.png","width":318,"height":1200,"caption":"Cirelli Cerasuolo d'Abruzzo DOC 2024 750ml"},{"@type":"BreadcrumbList","@id":"https:\/\/wein-werte.com\/de\/produkt\/cirelli-cerasuolo-dabruzzo-2024-750ml\/#breadcrumb","itemListElement":[{"@type":"ListItem","position":1,"name":"Home","item":"https:\/\/wein-werte.com\/de\/"},{"@type":"ListItem","position":2,"name":"Shop","item":"https:\/\/wein-werte.com\/de\/shop\/"},{"@type":"ListItem","position":3,"name":"Cirelli | Abruzzen | Cerasuolo d&#8217;Abruzzo DOC | 2024 | 750ml | bio"}]},{"@type":"WebSite","@id":"https:\/\/wein-werte.com\/de\/#website","url":"https:\/\/wein-werte.com\/de\/","name":"Wein Werte","description":"","publisher":{"@id":"https:\/\/wein-werte.com\/de\/#organization"},"potentialAction":[{"@type":"SearchAction","target":{"@type":"EntryPoint","urlTemplate":"https:\/\/wein-werte.com\/de\/?s={search_term_string}"},"query-input":{"@type":"PropertyValueSpecification","valueRequired":true,"valueName":"search_term_string"}}],"inLanguage":"de"},{"@type":"Organization","@id":"https:\/\/wein-werte.com\/de\/#organization","name":"Vins Fins Thorrold","url":"https:\/\/wein-werte.com\/de\/","logo":{"@type":"ImageObject","inLanguage":"de","@id":"https:\/\/wein-werte.com\/de\/#\/schema\/logo\/image\/","url":"https:\/\/wein-werte.com\/wp-content\/uploads\/2023\/07\/Wein_werte_Logo700-1.png","contentUrl":"https:\/\/wein-werte.com\/wp-content\/uploads\/2023\/07\/Wein_werte_Logo700-1.png","width":700,"height":272,"caption":"Vins Fins Thorrold"},"image":{"@id":"https:\/\/wein-werte.com\/de\/#\/schema\/logo\/image\/"}}]}},"_links":{"self":[{"href":"https:\/\/wein-werte.com\/de\/wp-json\/wp\/v2\/product\/1129959","targetHints":{"allow":["GET"]}}],"collection":[{"href":"https:\/\/wein-werte.com\/de\/wp-json\/wp\/v2\/product"}],"about":[{"href":"https:\/\/wein-werte.com\/de\/wp-json\/wp\/v2\/types\/product"}],"wp:featuredmedia":[{"embeddable":true,"href":"https:\/\/wein-werte.com\/de\/wp-json\/wp\/v2\/media\/1141230"}],"wp:attachment":[{"href":"https:\/\/wein-werte.com\/de\/wp-json\/wp\/v2\/media?parent=1129959"}],"wp:term":[{"taxonomy":"product_brand","embeddable":true,"href":"https:\/\/wein-werte.com\/de\/wp-json\/wp\/v2\/product_brand?post=1129959"},{"taxonomy":"product_cat","embeddable":true,"href":"https:\/\/wein-werte.com\/de\/wp-json\/wp\/v2\/product_cat?post=1129959"},{"taxonomy":"product_tag","embeddable":true,"href":"https:\/\/wein-werte.com\/de\/wp-json\/wp\/v2\/product_tag?post=1129959"}],"curies":[{"name":"wp","href":"https:\/\/api.w.org\/{rel}","templated":true}]}}