{"id":1129934,"date":"2026-05-08T20:01:21","date_gmt":"2026-05-08T18:01:21","guid":{"rendered":"https:\/\/wein-werte.com\/product\/cirelli-orange-vino-bianco-750ml\/"},"modified":"2026-04-27T11:45:05","modified_gmt":"2026-04-27T09:45:05","slug":"cirelli-orange-vino-bianco-750ml","status":"publish","type":"product","link":"https:\/\/wein-werte.com\/de\/produkt\/cirelli-orange-vino-bianco-750ml\/","title":{"rendered":"Cirelli | Abruzzen | Orange, Vino Bianco | NV | 750ml | bio"},"content":{"rendered":"<p>Produktbeschreibung f\u00fcr Cirelli Orange, Vino Bianco NV (bio) <\/p>\n<h5>Info<\/h5>\n<p> Die Trebbiano-Reben f\u00fcr diesen maischevergorenen Wein von Francesco Cirelli wachsen auf Kalk und Lehm. Die Ernte erfolgte Anfang September, die Trauben werden komplett entrappt und die Beeren dann f\u00fcr 30 Tage im Tank mazeriert. Die alkoholische G\u00e4rung findet hier ebenfalls statt. Im Anschluss trennt man den nun Wein gewordenen Most von den Schalen und presst sanft ab. Nach diesem Abstich ruht der Wein f\u00fcr vier Monate bis zur Abf\u00fcllung. <\/p>\n<h5>Farbe<\/h5>\n<p> Leuchtendes Orange mit goldenen und hellen Einschl\u00fcssen <\/p>\n<h5>Nase<\/h5>\n<p> Lautstark, floral und herb-fruchtig bereitet der Orange von Francesco Cirelli den Auftakt. Wei\u00dfe und rote Johannisbeere, Holunderbeere und Erdbeere kommen mir in den Sinn. Vereinzelt auch Himbeere. Holunderbl\u00fcte als auch der daraus produzierte Sirup erg\u00e4nzen die Frucht hervorragend. Ebenso sind die Bl\u00fcten von Apfel und Orange zu erkennen. Zeste von Orange sowie Mandarinenhaut sorgen f\u00fcr einen herben bis frischen Zusatz. Ankl\u00e4nge von wei\u00dfem Pfeffer runden ihn ab. <\/p>\n<h5>Gaumen<\/h5>\n<p> Am Gaumen zeigt er sich dann balanciert und moderiert seien markanten Eigenschaften zu einem Kollektiv. Er lebt von Bitterstoffen und Frucht gleichzeitig. Die Frucht erf\u00e4hrt zwar nur eine moderate S\u00e4ure, daf\u00fcr zeigt sich aber eine gewisse Kernigkeit. Er ist nicht zu komplex und auch f\u00fcr seien Machart auf der Maische sehr gem\u00e4\u00dfigt. Die floralen Nuancen \u00fcberzeugen und verleihen ihm dadurch ein sehr elegantes Finish.<\/p>\n<p>Copyright Vinaturel 2025<\/p>\n<p>Keywords: <a href=\"https:\/\/wein-werte.com\/de\/shop\/?swoof=1&#038;pa_producer=Cirelli\">Cirelli<\/a> <a href=\"https:\/\/wein-werte.com\/de\/shop\/?swoof=1&#038;woof_text=Orange, Vino Bianco\">Orange, Vino Bianco<\/a> NV bio <a href=\"https:\/\/wein-werte.com\/de\/shop\/?swoof=1&#038;pa_region=Abruzzen\">Abruzzen<\/a> <a href=\"https:\/\/wein-werte.com\/de\/shop\/?swoof=1&#038;pa_country=Italien\">Italien<\/a><\/p>\n<p>Internetseite des Weinguts: <a href=\"https:\/\/agricolacirelli.com\/en\/\" target=\"_blank\">https:\/\/agricolacirelli.com\/en\/<\/a><\/p>\n","protected":false},"excerpt":{"rendered":"<p>Lieferzeit: 1 bis 2 Arbeitstage (DE), 2 bis 5 Arbeitstage (EU and CH)<\/p>\n","protected":false},"featured_media":1141210,"template":"","meta":[],"product_brand":[],"product_cat":[19],"product_tag":[],"class_list":{"0":"post-1129934","1":"product","2":"type-product","3":"status-publish","4":"has-post-thumbnail","6":"product_cat-unkategorisiert","7":"pa_alcohol-for-filter-12893","8":"pa_certified-biodynamic-nein-de","9":"pa_certified-organic-ja-de","10":"pa_colour-orange-de","11":"pa_country-italien","12":"pa_grape-trebbiano","13":"pa_price-for-filter-10631","14":"pa_producer-cirelli","15":"pa_region-abruzzen","16":"pa_size-ml-6584","17":"pa_sweetness-trocken-de","18":"pa_type-2-still-de","19":"pa_vintage-nv-de","20":"entry","21":"has-media","23":"first","24":"instock","25":"taxable","26":"shipping-taxable","27":"purchasable","28":"product-type-simple"},"yoast_head":"<!-- This site is optimized with the Yoast SEO plugin v27.5 - https:\/\/yoast.com\/product\/yoast-seo-wordpress\/ -->\n<title>Cirelli Orange Vino Bianco<\/title>\n<meta name=\"description\" content=\"Kaufe Cirelli Orange Vino Bianco (Trebbiano, trocken Orange Wein aus Abruzzen, Italien) bei Wein Werte, Ihrem nachhaltigen Onlineshop.\" \/>\n<meta name=\"robots\" content=\"index, follow, max-snippet:-1, max-image-preview:large, max-video-preview:-1\" \/>\n<link rel=\"canonical\" href=\"https:\/\/wein-werte.com\/de\/produkt\/cirelli-orange-vino-bianco-750ml\/\" \/>\n<meta property=\"og:locale\" content=\"de_DE\" \/>\n<meta property=\"og:type\" content=\"article\" \/>\n<meta property=\"og:title\" content=\"Cirelli Orange Vino Bianco\" \/>\n<meta property=\"og:description\" content=\"Kaufe Cirelli Orange Vino Bianco (Trebbiano, trocken Orange Wein aus Abruzzen, Italien) bei Wein Werte, Ihrem nachhaltigen Onlineshop.\" \/>\n<meta property=\"og:url\" content=\"https:\/\/wein-werte.com\/de\/produkt\/cirelli-orange-vino-bianco-750ml\/\" \/>\n<meta property=\"og:site_name\" content=\"Wein Werte\" \/>\n<meta property=\"og:image\" content=\"https:\/\/wein-werte.com\/wp-content\/uploads\/2026\/04\/Cirelli-Orange-Vino-Bianco-750ml.png\" \/>\n\t<meta property=\"og:image:width\" content=\"319\" \/>\n\t<meta property=\"og:image:height\" content=\"1200\" \/>\n\t<meta property=\"og:image:type\" content=\"image\/png\" \/>\n<meta name=\"twitter:card\" content=\"summary_large_image\" \/>\n<meta name=\"twitter:label1\" content=\"Gesch\u00e4tzte Lesezeit\" \/>\n\t<meta name=\"twitter:data1\" content=\"1\u00a0Minute\" \/>\n<script type=\"application\/ld+json\" class=\"yoast-schema-graph\">{\"@context\":\"https:\\\/\\\/schema.org\",\"@graph\":[{\"@type\":\"WebPage\",\"@id\":\"https:\\\/\\\/wein-werte.com\\\/de\\\/produkt\\\/cirelli-orange-vino-bianco-750ml\\\/\",\"url\":\"https:\\\/\\\/wein-werte.com\\\/de\\\/produkt\\\/cirelli-orange-vino-bianco-750ml\\\/\",\"name\":\"Cirelli Orange Vino Bianco\",\"isPartOf\":{\"@id\":\"https:\\\/\\\/wein-werte.com\\\/de\\\/#website\"},\"primaryImageOfPage\":{\"@id\":\"https:\\\/\\\/wein-werte.com\\\/de\\\/produkt\\\/cirelli-orange-vino-bianco-750ml\\\/#primaryimage\"},\"image\":{\"@id\":\"https:\\\/\\\/wein-werte.com\\\/de\\\/produkt\\\/cirelli-orange-vino-bianco-750ml\\\/#primaryimage\"},\"thumbnailUrl\":\"https:\\\/\\\/wein-werte.com\\\/wp-content\\\/uploads\\\/2026\\\/04\\\/Cirelli-Orange-Vino-Bianco-750ml.png\",\"datePublished\":\"2026-05-08T18:01:21+00:00\",\"description\":\"Kaufe Cirelli Orange Vino Bianco (Trebbiano, trocken Orange Wein aus Abruzzen, Italien) bei Wein Werte, Ihrem nachhaltigen Onlineshop.\",\"breadcrumb\":{\"@id\":\"https:\\\/\\\/wein-werte.com\\\/de\\\/produkt\\\/cirelli-orange-vino-bianco-750ml\\\/#breadcrumb\"},\"inLanguage\":\"de\",\"potentialAction\":[{\"@type\":\"ReadAction\",\"target\":[\"https:\\\/\\\/wein-werte.com\\\/de\\\/produkt\\\/cirelli-orange-vino-bianco-750ml\\\/\"]}]},{\"@type\":\"ImageObject\",\"inLanguage\":\"de\",\"@id\":\"https:\\\/\\\/wein-werte.com\\\/de\\\/produkt\\\/cirelli-orange-vino-bianco-750ml\\\/#primaryimage\",\"url\":\"https:\\\/\\\/wein-werte.com\\\/wp-content\\\/uploads\\\/2026\\\/04\\\/Cirelli-Orange-Vino-Bianco-750ml.png\",\"contentUrl\":\"https:\\\/\\\/wein-werte.com\\\/wp-content\\\/uploads\\\/2026\\\/04\\\/Cirelli-Orange-Vino-Bianco-750ml.png\",\"width\":319,\"height\":1200,\"caption\":\"Cirelli Orange, Vino Bianco NV 750ml\"},{\"@type\":\"BreadcrumbList\",\"@id\":\"https:\\\/\\\/wein-werte.com\\\/de\\\/produkt\\\/cirelli-orange-vino-bianco-750ml\\\/#breadcrumb\",\"itemListElement\":[{\"@type\":\"ListItem\",\"position\":1,\"name\":\"Home\",\"item\":\"https:\\\/\\\/wein-werte.com\\\/de\\\/\"},{\"@type\":\"ListItem\",\"position\":2,\"name\":\"Shop\",\"item\":\"https:\\\/\\\/wein-werte.com\\\/de\\\/shop\\\/\"},{\"@type\":\"ListItem\",\"position\":3,\"name\":\"Cirelli | Abruzzen | Orange, Vino Bianco | NV | 750ml | bio\"}]},{\"@type\":\"WebSite\",\"@id\":\"https:\\\/\\\/wein-werte.com\\\/de\\\/#website\",\"url\":\"https:\\\/\\\/wein-werte.com\\\/de\\\/\",\"name\":\"Wein Werte\",\"description\":\"\",\"publisher\":{\"@id\":\"https:\\\/\\\/wein-werte.com\\\/de\\\/#organization\"},\"potentialAction\":[{\"@type\":\"SearchAction\",\"target\":{\"@type\":\"EntryPoint\",\"urlTemplate\":\"https:\\\/\\\/wein-werte.com\\\/de\\\/?s={search_term_string}\"},\"query-input\":{\"@type\":\"PropertyValueSpecification\",\"valueRequired\":true,\"valueName\":\"search_term_string\"}}],\"inLanguage\":\"de\"},{\"@type\":\"Organization\",\"@id\":\"https:\\\/\\\/wein-werte.com\\\/de\\\/#organization\",\"name\":\"Vins Fins Thorrold\",\"url\":\"https:\\\/\\\/wein-werte.com\\\/de\\\/\",\"logo\":{\"@type\":\"ImageObject\",\"inLanguage\":\"de\",\"@id\":\"https:\\\/\\\/wein-werte.com\\\/de\\\/#\\\/schema\\\/logo\\\/image\\\/\",\"url\":\"https:\\\/\\\/wein-werte.com\\\/wp-content\\\/uploads\\\/2023\\\/07\\\/Wein_werte_Logo700-1.png\",\"contentUrl\":\"https:\\\/\\\/wein-werte.com\\\/wp-content\\\/uploads\\\/2023\\\/07\\\/Wein_werte_Logo700-1.png\",\"width\":700,\"height\":272,\"caption\":\"Vins Fins Thorrold\"},\"image\":{\"@id\":\"https:\\\/\\\/wein-werte.com\\\/de\\\/#\\\/schema\\\/logo\\\/image\\\/\"}}]}<\/script>\n<!-- \/ Yoast SEO plugin. -->","yoast_head_json":{"title":"Cirelli Orange Vino Bianco","description":"Kaufe Cirelli Orange Vino Bianco (Trebbiano, trocken Orange Wein aus Abruzzen, Italien) bei Wein Werte, Ihrem nachhaltigen Onlineshop.","robots":{"index":"index","follow":"follow","max-snippet":"max-snippet:-1","max-image-preview":"max-image-preview:large","max-video-preview":"max-video-preview:-1"},"canonical":"https:\/\/wein-werte.com\/de\/produkt\/cirelli-orange-vino-bianco-750ml\/","og_locale":"de_DE","og_type":"article","og_title":"Cirelli Orange Vino Bianco","og_description":"Kaufe Cirelli Orange Vino Bianco (Trebbiano, trocken Orange Wein aus Abruzzen, Italien) bei Wein Werte, Ihrem nachhaltigen Onlineshop.","og_url":"https:\/\/wein-werte.com\/de\/produkt\/cirelli-orange-vino-bianco-750ml\/","og_site_name":"Wein Werte","og_image":[{"width":319,"height":1200,"url":"https:\/\/wein-werte.com\/wp-content\/uploads\/2026\/04\/Cirelli-Orange-Vino-Bianco-750ml.png","type":"image\/png"}],"twitter_card":"summary_large_image","twitter_misc":{"Gesch\u00e4tzte Lesezeit":"1\u00a0Minute"},"schema":{"@context":"https:\/\/schema.org","@graph":[{"@type":"WebPage","@id":"https:\/\/wein-werte.com\/de\/produkt\/cirelli-orange-vino-bianco-750ml\/","url":"https:\/\/wein-werte.com\/de\/produkt\/cirelli-orange-vino-bianco-750ml\/","name":"Cirelli Orange Vino Bianco","isPartOf":{"@id":"https:\/\/wein-werte.com\/de\/#website"},"primaryImageOfPage":{"@id":"https:\/\/wein-werte.com\/de\/produkt\/cirelli-orange-vino-bianco-750ml\/#primaryimage"},"image":{"@id":"https:\/\/wein-werte.com\/de\/produkt\/cirelli-orange-vino-bianco-750ml\/#primaryimage"},"thumbnailUrl":"https:\/\/wein-werte.com\/wp-content\/uploads\/2026\/04\/Cirelli-Orange-Vino-Bianco-750ml.png","datePublished":"2026-05-08T18:01:21+00:00","description":"Kaufe Cirelli Orange Vino Bianco (Trebbiano, trocken Orange Wein aus Abruzzen, Italien) bei Wein Werte, Ihrem nachhaltigen Onlineshop.","breadcrumb":{"@id":"https:\/\/wein-werte.com\/de\/produkt\/cirelli-orange-vino-bianco-750ml\/#breadcrumb"},"inLanguage":"de","potentialAction":[{"@type":"ReadAction","target":["https:\/\/wein-werte.com\/de\/produkt\/cirelli-orange-vino-bianco-750ml\/"]}]},{"@type":"ImageObject","inLanguage":"de","@id":"https:\/\/wein-werte.com\/de\/produkt\/cirelli-orange-vino-bianco-750ml\/#primaryimage","url":"https:\/\/wein-werte.com\/wp-content\/uploads\/2026\/04\/Cirelli-Orange-Vino-Bianco-750ml.png","contentUrl":"https:\/\/wein-werte.com\/wp-content\/uploads\/2026\/04\/Cirelli-Orange-Vino-Bianco-750ml.png","width":319,"height":1200,"caption":"Cirelli Orange, Vino Bianco NV 750ml"},{"@type":"BreadcrumbList","@id":"https:\/\/wein-werte.com\/de\/produkt\/cirelli-orange-vino-bianco-750ml\/#breadcrumb","itemListElement":[{"@type":"ListItem","position":1,"name":"Home","item":"https:\/\/wein-werte.com\/de\/"},{"@type":"ListItem","position":2,"name":"Shop","item":"https:\/\/wein-werte.com\/de\/shop\/"},{"@type":"ListItem","position":3,"name":"Cirelli | Abruzzen | Orange, Vino Bianco | NV | 750ml | bio"}]},{"@type":"WebSite","@id":"https:\/\/wein-werte.com\/de\/#website","url":"https:\/\/wein-werte.com\/de\/","name":"Wein Werte","description":"","publisher":{"@id":"https:\/\/wein-werte.com\/de\/#organization"},"potentialAction":[{"@type":"SearchAction","target":{"@type":"EntryPoint","urlTemplate":"https:\/\/wein-werte.com\/de\/?s={search_term_string}"},"query-input":{"@type":"PropertyValueSpecification","valueRequired":true,"valueName":"search_term_string"}}],"inLanguage":"de"},{"@type":"Organization","@id":"https:\/\/wein-werte.com\/de\/#organization","name":"Vins Fins Thorrold","url":"https:\/\/wein-werte.com\/de\/","logo":{"@type":"ImageObject","inLanguage":"de","@id":"https:\/\/wein-werte.com\/de\/#\/schema\/logo\/image\/","url":"https:\/\/wein-werte.com\/wp-content\/uploads\/2023\/07\/Wein_werte_Logo700-1.png","contentUrl":"https:\/\/wein-werte.com\/wp-content\/uploads\/2023\/07\/Wein_werte_Logo700-1.png","width":700,"height":272,"caption":"Vins Fins Thorrold"},"image":{"@id":"https:\/\/wein-werte.com\/de\/#\/schema\/logo\/image\/"}}]}},"_links":{"self":[{"href":"https:\/\/wein-werte.com\/de\/wp-json\/wp\/v2\/product\/1129934","targetHints":{"allow":["GET"]}}],"collection":[{"href":"https:\/\/wein-werte.com\/de\/wp-json\/wp\/v2\/product"}],"about":[{"href":"https:\/\/wein-werte.com\/de\/wp-json\/wp\/v2\/types\/product"}],"wp:featuredmedia":[{"embeddable":true,"href":"https:\/\/wein-werte.com\/de\/wp-json\/wp\/v2\/media\/1141210"}],"wp:attachment":[{"href":"https:\/\/wein-werte.com\/de\/wp-json\/wp\/v2\/media?parent=1129934"}],"wp:term":[{"taxonomy":"product_brand","embeddable":true,"href":"https:\/\/wein-werte.com\/de\/wp-json\/wp\/v2\/product_brand?post=1129934"},{"taxonomy":"product_cat","embeddable":true,"href":"https:\/\/wein-werte.com\/de\/wp-json\/wp\/v2\/product_cat?post=1129934"},{"taxonomy":"product_tag","embeddable":true,"href":"https:\/\/wein-werte.com\/de\/wp-json\/wp\/v2\/product_tag?post=1129934"}],"curies":[{"name":"wp","href":"https:\/\/api.w.org\/{rel}","templated":true}]}}