{"id":1129897,"date":"2026-05-08T20:01:19","date_gmt":"2026-05-08T18:01:19","guid":{"rendered":"https:\/\/wein-werte.com\/product\/marco-de-bartoli-integer-zibibbo-2022-750ml\/"},"modified":"2026-04-27T11:45:02","modified_gmt":"2026-04-27T09:45:02","slug":"marco-de-bartoli-integer-zibibbo-2022-750ml","status":"publish","type":"product","link":"https:\/\/wein-werte.com\/de\/produkt\/marco-de-bartoli-integer-zibibbo-2022-750ml\/","title":{"rendered":"Marco de Bartoli | Sizilien | Integer Zibibbo Terre Siciliane IGP | 2022 | 750ml"},"content":{"rendered":"<p>Produktbeschreibung f\u00fcr Marco de Bartoli Integer Zibibbo Terre Siciliane IGP 2022  <\/p>\n<h5>Farbe<\/h5>\n<p> Leuchtendes Goldgelb mit hellen Reflexen <\/p>\n<h5>Nase<\/h5>\n<p> Wow! Welch anziehende Nase! Der Integer Zibbibo duftet intensiv nach Steinobst, orientalischer W\u00fcrze und Zitrusfr\u00fcchten. Getrocknete Kr\u00e4uter schieben dahinter direkt druckvoll an. Das sorgt dann f\u00fcr mich in der Nase zu reifer Mirabelle, Pfirsich und Aprikose. Das bringt etwas \u00fcberreife Khaki mit sich sowie Blutorange, Mandarine und Orange. Die Orange findet sich auch in ihren Bl\u00fcten und kandierten Zesten wieder. Die Haut der Mandarine sowie Saft der Blutorange runden diesen Reigen an Aromen der Zitrusfr\u00fcchte ab. Bl\u00fcten von Akazie, Mandel und Apfel wirken daneben m\u00e4\u00dfigend. In getrockneter Form finden sich Majoran, Oregano und Salbei wieder. Kurkuma und Safran setzen intensive Duftmarken ab. Dieser Ausflug ins Orient gelingt sensorisch hervor-ragend \u2013 gerade auch in Verbindung mit den voran gegangen Aromen. Gr\u00fcne Walnuss und Walnussschale lassen gr\u00fc\u00dfen. Erbsensprosse und Artischocke setzen noch einen vegetabilen Schlussakkord. Ein enorm vielf\u00e4ltiger und duftiger Wein. <\/p>\n<h5>Gaumen<\/h5>\n<p> Mit Druck baut er sich am Gaumen auf. Bei aller Reminiszenz an seine Machart auf der Maische pr\u00e4sentiert er sich so sehr trinkfreudig, saftig und schlank. Ein wahres Ph\u00e4nomen. Er steht dabei voll auf der Frucht bei schlanken 11% Vol. Alkohol. Die breite Beh\u00e4bigkeit der Maischeg\u00e4rung oder eine st\u00f6rende Oxidation sucht man vergebens. Alle Elemente sind perfekt aufeinander abgestimmt mit nur einem Ziel: ein schnell leeres Glas. Unterst\u00fctzt wird er dabei durch eine feine Phenolstruktur, sanfte Tannine und reichlich Finesse. Er ist dabei knochentrocken und kerzengerade mit reichlich Ecken und Kanten. Seine Bitterstoffe sind elementar f\u00fcr den Spannungsbogen und den guten Trinkfluss. Im Nachhall kommen wieder reichlich Aromengruppen ins Spiel. Die orientalische W\u00fcrze, die getrockneten Kr\u00e4uter sowie die Zitrusfr\u00fcchte stechen dabei hervor. <\/p>\n<p>Copyright Vinaturel 2025<\/p>\n<p>Keywords: <a href=\"https:\/\/wein-werte.com\/de\/shop\/?swoof=1&#038;pa_producer=Marco-de-Bartoli\">Marco de Bartoli<\/a> <a href=\"https:\/\/wein-werte.com\/de\/shop\/?swoof=1&#038;woof_text=Integer Zibibbo Terre Siciliane IGP\">Integer Zibibbo Terre Siciliane IGP<\/a> 2022  <a href=\"https:\/\/wein-werte.com\/de\/shop\/?swoof=1&#038;pa_region=Sizilien\">Sizilien<\/a> <a href=\"https:\/\/wein-werte.com\/de\/shop\/?swoof=1&#038;pa_country=Italien\">Italien<\/a><\/p>\n<p>Internetseite des Weinguts: <a href=\"https:\/\/www.marcodebartoli.com\/en\/\" target=\"_blank\">https:\/\/www.marcodebartoli.com\/en\/<\/a><\/p>\n","protected":false},"excerpt":{"rendered":"<p>Lieferzeit: 1 bis 2 Arbeitstage (DE), 2 bis 5 Arbeitstage (EU and CH)<\/p>\n","protected":false},"featured_media":1141180,"template":"","meta":[],"product_brand":[],"product_cat":[19],"product_tag":[],"class_list":{"0":"post-1129897","1":"product","2":"type-product","3":"status-publish","4":"has-post-thumbnail","6":"product_cat-unkategorisiert","7":"pa_alcohol-for-filter-12895","8":"pa_certified-biodynamic-nein-de","9":"pa_certified-organic-nein-de","10":"pa_colour-orange-de","11":"pa_country-italien","12":"pa_grape-zibibbo","13":"pa_price-for-filter-10584","14":"pa_producer-marco-de-bartoli","15":"pa_region-sizilien","16":"pa_size-ml-6584","17":"pa_sweetness-trocken-de","18":"pa_type-2-still-de","19":"pa_vintage-2022-de","20":"entry","21":"has-media","23":"first","24":"instock","25":"taxable","26":"shipping-taxable","27":"purchasable","28":"product-type-simple"},"yoast_head":"<!-- This site is optimized with the Yoast SEO plugin v27.5 - https:\/\/yoast.com\/product\/yoast-seo-wordpress\/ -->\n<title>Marco de Bartoli Integer Zibibbo 2022<\/title>\n<meta name=\"description\" content=\"Kaufe Marco de Bartoli Integer Zibibbo 2022 (Zibibbo, trocken Orange Wein aus Sizilien, Italien) bei Wein Werte, Ihrem nachhaltigen Onlineshop.\" \/>\n<meta name=\"robots\" content=\"index, follow, max-snippet:-1, max-image-preview:large, max-video-preview:-1\" \/>\n<link rel=\"canonical\" href=\"https:\/\/wein-werte.com\/de\/produkt\/marco-de-bartoli-integer-zibibbo-2022-750ml\/\" \/>\n<meta property=\"og:locale\" content=\"de_DE\" \/>\n<meta property=\"og:type\" content=\"article\" \/>\n<meta property=\"og:title\" content=\"Marco de Bartoli Integer Zibibbo 2022\" \/>\n<meta property=\"og:description\" content=\"Kaufe Marco de Bartoli Integer Zibibbo 2022 (Zibibbo, trocken Orange Wein aus Sizilien, Italien) bei Wein Werte, Ihrem nachhaltigen Onlineshop.\" \/>\n<meta property=\"og:url\" content=\"https:\/\/wein-werte.com\/de\/produkt\/marco-de-bartoli-integer-zibibbo-2022-750ml\/\" \/>\n<meta property=\"og:site_name\" content=\"Wein Werte\" \/>\n<meta property=\"og:image\" content=\"https:\/\/wein-werte.com\/wp-content\/uploads\/2026\/04\/Marco-de-Bartoli-Integer-Zibibbo-2022-750ml.png\" \/>\n\t<meta property=\"og:image:width\" content=\"400\" \/>\n\t<meta property=\"og:image:height\" content=\"983\" \/>\n\t<meta property=\"og:image:type\" content=\"image\/png\" \/>\n<meta name=\"twitter:card\" content=\"summary_large_image\" \/>\n<meta name=\"twitter:label1\" content=\"Gesch\u00e4tzte Lesezeit\" \/>\n\t<meta name=\"twitter:data1\" content=\"2\u00a0Minuten\" \/>\n<script type=\"application\/ld+json\" class=\"yoast-schema-graph\">{\"@context\":\"https:\\\/\\\/schema.org\",\"@graph\":[{\"@type\":\"WebPage\",\"@id\":\"https:\\\/\\\/wein-werte.com\\\/de\\\/produkt\\\/marco-de-bartoli-integer-zibibbo-2022-750ml\\\/\",\"url\":\"https:\\\/\\\/wein-werte.com\\\/de\\\/produkt\\\/marco-de-bartoli-integer-zibibbo-2022-750ml\\\/\",\"name\":\"Marco de Bartoli Integer Zibibbo 2022\",\"isPartOf\":{\"@id\":\"https:\\\/\\\/wein-werte.com\\\/de\\\/#website\"},\"primaryImageOfPage\":{\"@id\":\"https:\\\/\\\/wein-werte.com\\\/de\\\/produkt\\\/marco-de-bartoli-integer-zibibbo-2022-750ml\\\/#primaryimage\"},\"image\":{\"@id\":\"https:\\\/\\\/wein-werte.com\\\/de\\\/produkt\\\/marco-de-bartoli-integer-zibibbo-2022-750ml\\\/#primaryimage\"},\"thumbnailUrl\":\"https:\\\/\\\/wein-werte.com\\\/wp-content\\\/uploads\\\/2026\\\/04\\\/Marco-de-Bartoli-Integer-Zibibbo-2022-750ml.png\",\"datePublished\":\"2026-05-08T18:01:19+00:00\",\"description\":\"Kaufe Marco de Bartoli Integer Zibibbo 2022 (Zibibbo, trocken Orange Wein aus Sizilien, Italien) bei Wein Werte, Ihrem nachhaltigen Onlineshop.\",\"breadcrumb\":{\"@id\":\"https:\\\/\\\/wein-werte.com\\\/de\\\/produkt\\\/marco-de-bartoli-integer-zibibbo-2022-750ml\\\/#breadcrumb\"},\"inLanguage\":\"de\",\"potentialAction\":[{\"@type\":\"ReadAction\",\"target\":[\"https:\\\/\\\/wein-werte.com\\\/de\\\/produkt\\\/marco-de-bartoli-integer-zibibbo-2022-750ml\\\/\"]}]},{\"@type\":\"ImageObject\",\"inLanguage\":\"de\",\"@id\":\"https:\\\/\\\/wein-werte.com\\\/de\\\/produkt\\\/marco-de-bartoli-integer-zibibbo-2022-750ml\\\/#primaryimage\",\"url\":\"https:\\\/\\\/wein-werte.com\\\/wp-content\\\/uploads\\\/2026\\\/04\\\/Marco-de-Bartoli-Integer-Zibibbo-2022-750ml.png\",\"contentUrl\":\"https:\\\/\\\/wein-werte.com\\\/wp-content\\\/uploads\\\/2026\\\/04\\\/Marco-de-Bartoli-Integer-Zibibbo-2022-750ml.png\",\"width\":400,\"height\":983,\"caption\":\"Marco de Bartoli Integer Zibibbo Terre Siciliane IGP 2022 750ml\"},{\"@type\":\"BreadcrumbList\",\"@id\":\"https:\\\/\\\/wein-werte.com\\\/de\\\/produkt\\\/marco-de-bartoli-integer-zibibbo-2022-750ml\\\/#breadcrumb\",\"itemListElement\":[{\"@type\":\"ListItem\",\"position\":1,\"name\":\"Home\",\"item\":\"https:\\\/\\\/wein-werte.com\\\/de\\\/\"},{\"@type\":\"ListItem\",\"position\":2,\"name\":\"Shop\",\"item\":\"https:\\\/\\\/wein-werte.com\\\/de\\\/shop\\\/\"},{\"@type\":\"ListItem\",\"position\":3,\"name\":\"Marco de Bartoli | Sizilien | Integer Zibibbo Terre Siciliane IGP | 2022 | 750ml\"}]},{\"@type\":\"WebSite\",\"@id\":\"https:\\\/\\\/wein-werte.com\\\/de\\\/#website\",\"url\":\"https:\\\/\\\/wein-werte.com\\\/de\\\/\",\"name\":\"Wein Werte\",\"description\":\"\",\"publisher\":{\"@id\":\"https:\\\/\\\/wein-werte.com\\\/de\\\/#organization\"},\"potentialAction\":[{\"@type\":\"SearchAction\",\"target\":{\"@type\":\"EntryPoint\",\"urlTemplate\":\"https:\\\/\\\/wein-werte.com\\\/de\\\/?s={search_term_string}\"},\"query-input\":{\"@type\":\"PropertyValueSpecification\",\"valueRequired\":true,\"valueName\":\"search_term_string\"}}],\"inLanguage\":\"de\"},{\"@type\":\"Organization\",\"@id\":\"https:\\\/\\\/wein-werte.com\\\/de\\\/#organization\",\"name\":\"Vins Fins Thorrold\",\"url\":\"https:\\\/\\\/wein-werte.com\\\/de\\\/\",\"logo\":{\"@type\":\"ImageObject\",\"inLanguage\":\"de\",\"@id\":\"https:\\\/\\\/wein-werte.com\\\/de\\\/#\\\/schema\\\/logo\\\/image\\\/\",\"url\":\"https:\\\/\\\/wein-werte.com\\\/wp-content\\\/uploads\\\/2023\\\/07\\\/Wein_werte_Logo700-1.png\",\"contentUrl\":\"https:\\\/\\\/wein-werte.com\\\/wp-content\\\/uploads\\\/2023\\\/07\\\/Wein_werte_Logo700-1.png\",\"width\":700,\"height\":272,\"caption\":\"Vins Fins Thorrold\"},\"image\":{\"@id\":\"https:\\\/\\\/wein-werte.com\\\/de\\\/#\\\/schema\\\/logo\\\/image\\\/\"}}]}<\/script>\n<!-- \/ Yoast SEO plugin. -->","yoast_head_json":{"title":"Marco de Bartoli Integer Zibibbo 2022","description":"Kaufe Marco de Bartoli Integer Zibibbo 2022 (Zibibbo, trocken Orange Wein aus Sizilien, Italien) bei Wein Werte, Ihrem nachhaltigen Onlineshop.","robots":{"index":"index","follow":"follow","max-snippet":"max-snippet:-1","max-image-preview":"max-image-preview:large","max-video-preview":"max-video-preview:-1"},"canonical":"https:\/\/wein-werte.com\/de\/produkt\/marco-de-bartoli-integer-zibibbo-2022-750ml\/","og_locale":"de_DE","og_type":"article","og_title":"Marco de Bartoli Integer Zibibbo 2022","og_description":"Kaufe Marco de Bartoli Integer Zibibbo 2022 (Zibibbo, trocken Orange Wein aus Sizilien, Italien) bei Wein Werte, Ihrem nachhaltigen Onlineshop.","og_url":"https:\/\/wein-werte.com\/de\/produkt\/marco-de-bartoli-integer-zibibbo-2022-750ml\/","og_site_name":"Wein Werte","og_image":[{"width":400,"height":983,"url":"https:\/\/wein-werte.com\/wp-content\/uploads\/2026\/04\/Marco-de-Bartoli-Integer-Zibibbo-2022-750ml.png","type":"image\/png"}],"twitter_card":"summary_large_image","twitter_misc":{"Gesch\u00e4tzte Lesezeit":"2\u00a0Minuten"},"schema":{"@context":"https:\/\/schema.org","@graph":[{"@type":"WebPage","@id":"https:\/\/wein-werte.com\/de\/produkt\/marco-de-bartoli-integer-zibibbo-2022-750ml\/","url":"https:\/\/wein-werte.com\/de\/produkt\/marco-de-bartoli-integer-zibibbo-2022-750ml\/","name":"Marco de Bartoli Integer Zibibbo 2022","isPartOf":{"@id":"https:\/\/wein-werte.com\/de\/#website"},"primaryImageOfPage":{"@id":"https:\/\/wein-werte.com\/de\/produkt\/marco-de-bartoli-integer-zibibbo-2022-750ml\/#primaryimage"},"image":{"@id":"https:\/\/wein-werte.com\/de\/produkt\/marco-de-bartoli-integer-zibibbo-2022-750ml\/#primaryimage"},"thumbnailUrl":"https:\/\/wein-werte.com\/wp-content\/uploads\/2026\/04\/Marco-de-Bartoli-Integer-Zibibbo-2022-750ml.png","datePublished":"2026-05-08T18:01:19+00:00","description":"Kaufe Marco de Bartoli Integer Zibibbo 2022 (Zibibbo, trocken Orange Wein aus Sizilien, Italien) bei Wein Werte, Ihrem nachhaltigen Onlineshop.","breadcrumb":{"@id":"https:\/\/wein-werte.com\/de\/produkt\/marco-de-bartoli-integer-zibibbo-2022-750ml\/#breadcrumb"},"inLanguage":"de","potentialAction":[{"@type":"ReadAction","target":["https:\/\/wein-werte.com\/de\/produkt\/marco-de-bartoli-integer-zibibbo-2022-750ml\/"]}]},{"@type":"ImageObject","inLanguage":"de","@id":"https:\/\/wein-werte.com\/de\/produkt\/marco-de-bartoli-integer-zibibbo-2022-750ml\/#primaryimage","url":"https:\/\/wein-werte.com\/wp-content\/uploads\/2026\/04\/Marco-de-Bartoli-Integer-Zibibbo-2022-750ml.png","contentUrl":"https:\/\/wein-werte.com\/wp-content\/uploads\/2026\/04\/Marco-de-Bartoli-Integer-Zibibbo-2022-750ml.png","width":400,"height":983,"caption":"Marco de Bartoli Integer Zibibbo Terre Siciliane IGP 2022 750ml"},{"@type":"BreadcrumbList","@id":"https:\/\/wein-werte.com\/de\/produkt\/marco-de-bartoli-integer-zibibbo-2022-750ml\/#breadcrumb","itemListElement":[{"@type":"ListItem","position":1,"name":"Home","item":"https:\/\/wein-werte.com\/de\/"},{"@type":"ListItem","position":2,"name":"Shop","item":"https:\/\/wein-werte.com\/de\/shop\/"},{"@type":"ListItem","position":3,"name":"Marco de Bartoli | Sizilien | Integer Zibibbo Terre Siciliane IGP | 2022 | 750ml"}]},{"@type":"WebSite","@id":"https:\/\/wein-werte.com\/de\/#website","url":"https:\/\/wein-werte.com\/de\/","name":"Wein Werte","description":"","publisher":{"@id":"https:\/\/wein-werte.com\/de\/#organization"},"potentialAction":[{"@type":"SearchAction","target":{"@type":"EntryPoint","urlTemplate":"https:\/\/wein-werte.com\/de\/?s={search_term_string}"},"query-input":{"@type":"PropertyValueSpecification","valueRequired":true,"valueName":"search_term_string"}}],"inLanguage":"de"},{"@type":"Organization","@id":"https:\/\/wein-werte.com\/de\/#organization","name":"Vins Fins Thorrold","url":"https:\/\/wein-werte.com\/de\/","logo":{"@type":"ImageObject","inLanguage":"de","@id":"https:\/\/wein-werte.com\/de\/#\/schema\/logo\/image\/","url":"https:\/\/wein-werte.com\/wp-content\/uploads\/2023\/07\/Wein_werte_Logo700-1.png","contentUrl":"https:\/\/wein-werte.com\/wp-content\/uploads\/2023\/07\/Wein_werte_Logo700-1.png","width":700,"height":272,"caption":"Vins Fins Thorrold"},"image":{"@id":"https:\/\/wein-werte.com\/de\/#\/schema\/logo\/image\/"}}]}},"_links":{"self":[{"href":"https:\/\/wein-werte.com\/de\/wp-json\/wp\/v2\/product\/1129897","targetHints":{"allow":["GET"]}}],"collection":[{"href":"https:\/\/wein-werte.com\/de\/wp-json\/wp\/v2\/product"}],"about":[{"href":"https:\/\/wein-werte.com\/de\/wp-json\/wp\/v2\/types\/product"}],"wp:featuredmedia":[{"embeddable":true,"href":"https:\/\/wein-werte.com\/de\/wp-json\/wp\/v2\/media\/1141180"}],"wp:attachment":[{"href":"https:\/\/wein-werte.com\/de\/wp-json\/wp\/v2\/media?parent=1129897"}],"wp:term":[{"taxonomy":"product_brand","embeddable":true,"href":"https:\/\/wein-werte.com\/de\/wp-json\/wp\/v2\/product_brand?post=1129897"},{"taxonomy":"product_cat","embeddable":true,"href":"https:\/\/wein-werte.com\/de\/wp-json\/wp\/v2\/product_cat?post=1129897"},{"taxonomy":"product_tag","embeddable":true,"href":"https:\/\/wein-werte.com\/de\/wp-json\/wp\/v2\/product_tag?post=1129897"}],"curies":[{"name":"wp","href":"https:\/\/api.w.org\/{rel}","templated":true}]}}