{"id":1129889,"date":"2026-05-08T20:01:19","date_gmt":"2026-05-08T18:01:19","guid":{"rendered":"https:\/\/wein-werte.com\/product\/marco-de-bartoli-vecchio-samperi-quarantennale-perpetuo-750ml\/"},"modified":"2026-04-27T11:45:01","modified_gmt":"2026-04-27T09:45:01","slug":"marco-de-bartoli-vecchio-samperi-quarantennale-perpetuo-750ml","status":"publish","type":"product","link":"https:\/\/wein-werte.com\/de\/produkt\/marco-de-bartoli-vecchio-samperi-quarantennale-perpetuo-750ml\/","title":{"rendered":"Marco de Bartoli | Sizilien | Vecchio Samperi Quarantennale Perpetuo | NV | 750ml"},"content":{"rendered":"<p>Produktbeschreibung f\u00fcr Marco de Bartoli Vecchio Samperi Quarantennale Perpetuo NV <\/p>\n<p> Marco de Bartoli, das sind im Grunde zwei Weing\u00fcter: Samperi liegt in der klassischen Marsallaregion im Westen Siziliens und ist die Keimzelle des Unternehmens. Bukkuram (arabisch f\u00fcr \u201eHerr der Weine\u201c) hei\u00dft das Weingut auf Pantelleria, der kleinen Vulkaninsel 100 km s\u00fcdwestlich von Sizilien. Marco de Bartoli, in jungen Jahren Rennfahrer, war ein Energieb\u00fcndel, der mit seinem Mut und seinem Engagement dazu beigetragen hat, dass Weine aus Sizilien heute eine ganz andere Wertsch\u00e4tzung erfahren, als noch vor 20 Jahren. Die Kinder Renato, Sebastiano und Gipi f\u00fchren heute das Weingut im Sinne ihres Vaters fort. Sein Motto war frei nach Gaudi: \u201eOriginalit\u00e4t erreicht man, wenn man zu den Wurzeln zur\u00fcck geht.\u201c So widmet sich das Weingut den autochthonen Rebsorten Grillo, Zibibbo, Catarratto, Lucido und Pignatello. <\/p>\n<p>Copyright Vinaturel 2025<\/p>\n<p>Keywords: <a href=\"https:\/\/wein-werte.com\/de\/shop\/?swoof=1&#038;pa_producer=Marco-de-Bartoli\">Marco de Bartoli<\/a> <a href=\"https:\/\/wein-werte.com\/de\/shop\/?swoof=1&#038;woof_text=Vecchio Samperi Quarantennale Perpetuo\">Vecchio Samperi Quarantennale Perpetuo<\/a> NV  <a href=\"https:\/\/wein-werte.com\/de\/shop\/?swoof=1&#038;pa_region=Sizilien\">Sizilien<\/a> <a href=\"https:\/\/wein-werte.com\/de\/shop\/?swoof=1&#038;pa_country=Italien\">Italien<\/a><\/p>\n<p>Internetseite des Weinguts: <a href=\"https:\/\/www.marcodebartoli.com\/en\/\" target=\"_blank\">https:\/\/www.marcodebartoli.com\/en\/<\/a><\/p>\n","protected":false},"excerpt":{"rendered":"<p>Lieferzeit: 1 bis 2 Arbeitstage (DE), 2 bis 5 Arbeitstage (EU and CH)<\/p>\n","protected":false},"featured_media":1141174,"template":"","meta":[],"product_brand":[],"product_cat":[19],"product_tag":[],"class_list":{"0":"post-1129889","1":"product","2":"type-product","3":"status-publish","4":"has-post-thumbnail","6":"product_cat-unkategorisiert","7":"pa_alcohol-for-filter-17-5","8":"pa_certified-biodynamic-nein-de","9":"pa_certified-organic-nein-de","10":"pa_colour-weiss","11":"pa_country-italien","12":"pa_grape-grillo","13":"pa_price-for-filter-10596","14":"pa_producer-marco-de-bartoli","15":"pa_region-sizilien","16":"pa_size-ml-6584","17":"pa_sweetness-halbtrocken","18":"pa_type-2-still-de","19":"pa_vintage-nv-de","20":"entry","21":"has-media","23":"first","24":"instock","25":"taxable","26":"shipping-taxable","27":"purchasable","28":"product-type-simple"},"yoast_head":"<!-- This site is optimized with the Yoast SEO plugin v27.5 - https:\/\/yoast.com\/product\/yoast-seo-wordpress\/ -->\n<title>Marco de Bartoli Vecchio Samperi Quarantennale Perpetuo<\/title>\n<meta name=\"description\" content=\"Kaufe Marco de Bartoli Vecchio Samperi Quarantennale Perpetuo (Grillo, halbtrocken aus Sizilien, Italien) bei Wein Werte, Ihrem nachhaltigen Onlineshop.\" \/>\n<meta name=\"robots\" content=\"index, follow, max-snippet:-1, max-image-preview:large, max-video-preview:-1\" \/>\n<link rel=\"canonical\" href=\"https:\/\/wein-werte.com\/de\/produkt\/marco-de-bartoli-vecchio-samperi-quarantennale-perpetuo-750ml\/\" \/>\n<meta property=\"og:locale\" content=\"de_DE\" \/>\n<meta property=\"og:type\" content=\"article\" \/>\n<meta property=\"og:title\" content=\"Marco de Bartoli Vecchio Samperi Quarantennale Perpetuo\" \/>\n<meta property=\"og:description\" content=\"Kaufe Marco de Bartoli Vecchio Samperi Quarantennale Perpetuo (Grillo, halbtrocken aus Sizilien, Italien) bei Wein Werte, Ihrem nachhaltigen Onlineshop.\" \/>\n<meta property=\"og:url\" content=\"https:\/\/wein-werte.com\/de\/produkt\/marco-de-bartoli-vecchio-samperi-quarantennale-perpetuo-750ml\/\" \/>\n<meta property=\"og:site_name\" content=\"Wein Werte\" \/>\n<meta property=\"og:image\" content=\"https:\/\/wein-werte.com\/wp-content\/uploads\/2026\/04\/Marco-de-Bartoli-Vecchio-Samperi-Quarantennale-Perpetuo-750ml.png\" \/>\n\t<meta property=\"og:image:width\" content=\"400\" \/>\n\t<meta property=\"og:image:height\" content=\"980\" \/>\n\t<meta property=\"og:image:type\" content=\"image\/png\" \/>\n<meta name=\"twitter:card\" content=\"summary_large_image\" \/>\n<meta name=\"twitter:label1\" content=\"Gesch\u00e4tzte Lesezeit\" \/>\n\t<meta name=\"twitter:data1\" content=\"1\u00a0Minute\" \/>\n<script type=\"application\/ld+json\" class=\"yoast-schema-graph\">{\"@context\":\"https:\\\/\\\/schema.org\",\"@graph\":[{\"@type\":\"WebPage\",\"@id\":\"https:\\\/\\\/wein-werte.com\\\/de\\\/produkt\\\/marco-de-bartoli-vecchio-samperi-quarantennale-perpetuo-750ml\\\/\",\"url\":\"https:\\\/\\\/wein-werte.com\\\/de\\\/produkt\\\/marco-de-bartoli-vecchio-samperi-quarantennale-perpetuo-750ml\\\/\",\"name\":\"Marco de Bartoli Vecchio Samperi Quarantennale Perpetuo\",\"isPartOf\":{\"@id\":\"https:\\\/\\\/wein-werte.com\\\/de\\\/#website\"},\"primaryImageOfPage\":{\"@id\":\"https:\\\/\\\/wein-werte.com\\\/de\\\/produkt\\\/marco-de-bartoli-vecchio-samperi-quarantennale-perpetuo-750ml\\\/#primaryimage\"},\"image\":{\"@id\":\"https:\\\/\\\/wein-werte.com\\\/de\\\/produkt\\\/marco-de-bartoli-vecchio-samperi-quarantennale-perpetuo-750ml\\\/#primaryimage\"},\"thumbnailUrl\":\"https:\\\/\\\/wein-werte.com\\\/wp-content\\\/uploads\\\/2026\\\/04\\\/Marco-de-Bartoli-Vecchio-Samperi-Quarantennale-Perpetuo-750ml.png\",\"datePublished\":\"2026-05-08T18:01:19+00:00\",\"description\":\"Kaufe Marco de Bartoli Vecchio Samperi Quarantennale Perpetuo (Grillo, halbtrocken aus Sizilien, Italien) bei Wein Werte, Ihrem nachhaltigen Onlineshop.\",\"breadcrumb\":{\"@id\":\"https:\\\/\\\/wein-werte.com\\\/de\\\/produkt\\\/marco-de-bartoli-vecchio-samperi-quarantennale-perpetuo-750ml\\\/#breadcrumb\"},\"inLanguage\":\"de\",\"potentialAction\":[{\"@type\":\"ReadAction\",\"target\":[\"https:\\\/\\\/wein-werte.com\\\/de\\\/produkt\\\/marco-de-bartoli-vecchio-samperi-quarantennale-perpetuo-750ml\\\/\"]}]},{\"@type\":\"ImageObject\",\"inLanguage\":\"de\",\"@id\":\"https:\\\/\\\/wein-werte.com\\\/de\\\/produkt\\\/marco-de-bartoli-vecchio-samperi-quarantennale-perpetuo-750ml\\\/#primaryimage\",\"url\":\"https:\\\/\\\/wein-werte.com\\\/wp-content\\\/uploads\\\/2026\\\/04\\\/Marco-de-Bartoli-Vecchio-Samperi-Quarantennale-Perpetuo-750ml.png\",\"contentUrl\":\"https:\\\/\\\/wein-werte.com\\\/wp-content\\\/uploads\\\/2026\\\/04\\\/Marco-de-Bartoli-Vecchio-Samperi-Quarantennale-Perpetuo-750ml.png\",\"width\":400,\"height\":980,\"caption\":\"Marco de Bartoli Vecchio Samperi Quarantennale Perpetuo NV 750ml\"},{\"@type\":\"BreadcrumbList\",\"@id\":\"https:\\\/\\\/wein-werte.com\\\/de\\\/produkt\\\/marco-de-bartoli-vecchio-samperi-quarantennale-perpetuo-750ml\\\/#breadcrumb\",\"itemListElement\":[{\"@type\":\"ListItem\",\"position\":1,\"name\":\"Home\",\"item\":\"https:\\\/\\\/wein-werte.com\\\/de\\\/\"},{\"@type\":\"ListItem\",\"position\":2,\"name\":\"Shop\",\"item\":\"https:\\\/\\\/wein-werte.com\\\/de\\\/shop\\\/\"},{\"@type\":\"ListItem\",\"position\":3,\"name\":\"Marco de Bartoli | Sizilien | Vecchio Samperi Quarantennale Perpetuo | NV | 750ml\"}]},{\"@type\":\"WebSite\",\"@id\":\"https:\\\/\\\/wein-werte.com\\\/de\\\/#website\",\"url\":\"https:\\\/\\\/wein-werte.com\\\/de\\\/\",\"name\":\"Wein Werte\",\"description\":\"\",\"publisher\":{\"@id\":\"https:\\\/\\\/wein-werte.com\\\/de\\\/#organization\"},\"potentialAction\":[{\"@type\":\"SearchAction\",\"target\":{\"@type\":\"EntryPoint\",\"urlTemplate\":\"https:\\\/\\\/wein-werte.com\\\/de\\\/?s={search_term_string}\"},\"query-input\":{\"@type\":\"PropertyValueSpecification\",\"valueRequired\":true,\"valueName\":\"search_term_string\"}}],\"inLanguage\":\"de\"},{\"@type\":\"Organization\",\"@id\":\"https:\\\/\\\/wein-werte.com\\\/de\\\/#organization\",\"name\":\"Vins Fins Thorrold\",\"url\":\"https:\\\/\\\/wein-werte.com\\\/de\\\/\",\"logo\":{\"@type\":\"ImageObject\",\"inLanguage\":\"de\",\"@id\":\"https:\\\/\\\/wein-werte.com\\\/de\\\/#\\\/schema\\\/logo\\\/image\\\/\",\"url\":\"https:\\\/\\\/wein-werte.com\\\/wp-content\\\/uploads\\\/2023\\\/07\\\/Wein_werte_Logo700-1.png\",\"contentUrl\":\"https:\\\/\\\/wein-werte.com\\\/wp-content\\\/uploads\\\/2023\\\/07\\\/Wein_werte_Logo700-1.png\",\"width\":700,\"height\":272,\"caption\":\"Vins Fins Thorrold\"},\"image\":{\"@id\":\"https:\\\/\\\/wein-werte.com\\\/de\\\/#\\\/schema\\\/logo\\\/image\\\/\"}}]}<\/script>\n<!-- \/ Yoast SEO plugin. -->","yoast_head_json":{"title":"Marco de Bartoli Vecchio Samperi Quarantennale Perpetuo","description":"Kaufe Marco de Bartoli Vecchio Samperi Quarantennale Perpetuo (Grillo, halbtrocken aus Sizilien, Italien) bei Wein Werte, Ihrem nachhaltigen Onlineshop.","robots":{"index":"index","follow":"follow","max-snippet":"max-snippet:-1","max-image-preview":"max-image-preview:large","max-video-preview":"max-video-preview:-1"},"canonical":"https:\/\/wein-werte.com\/de\/produkt\/marco-de-bartoli-vecchio-samperi-quarantennale-perpetuo-750ml\/","og_locale":"de_DE","og_type":"article","og_title":"Marco de Bartoli Vecchio Samperi Quarantennale Perpetuo","og_description":"Kaufe Marco de Bartoli Vecchio Samperi Quarantennale Perpetuo (Grillo, halbtrocken aus Sizilien, Italien) bei Wein Werte, Ihrem nachhaltigen Onlineshop.","og_url":"https:\/\/wein-werte.com\/de\/produkt\/marco-de-bartoli-vecchio-samperi-quarantennale-perpetuo-750ml\/","og_site_name":"Wein Werte","og_image":[{"width":400,"height":980,"url":"https:\/\/wein-werte.com\/wp-content\/uploads\/2026\/04\/Marco-de-Bartoli-Vecchio-Samperi-Quarantennale-Perpetuo-750ml.png","type":"image\/png"}],"twitter_card":"summary_large_image","twitter_misc":{"Gesch\u00e4tzte Lesezeit":"1\u00a0Minute"},"schema":{"@context":"https:\/\/schema.org","@graph":[{"@type":"WebPage","@id":"https:\/\/wein-werte.com\/de\/produkt\/marco-de-bartoli-vecchio-samperi-quarantennale-perpetuo-750ml\/","url":"https:\/\/wein-werte.com\/de\/produkt\/marco-de-bartoli-vecchio-samperi-quarantennale-perpetuo-750ml\/","name":"Marco de Bartoli Vecchio Samperi Quarantennale Perpetuo","isPartOf":{"@id":"https:\/\/wein-werte.com\/de\/#website"},"primaryImageOfPage":{"@id":"https:\/\/wein-werte.com\/de\/produkt\/marco-de-bartoli-vecchio-samperi-quarantennale-perpetuo-750ml\/#primaryimage"},"image":{"@id":"https:\/\/wein-werte.com\/de\/produkt\/marco-de-bartoli-vecchio-samperi-quarantennale-perpetuo-750ml\/#primaryimage"},"thumbnailUrl":"https:\/\/wein-werte.com\/wp-content\/uploads\/2026\/04\/Marco-de-Bartoli-Vecchio-Samperi-Quarantennale-Perpetuo-750ml.png","datePublished":"2026-05-08T18:01:19+00:00","description":"Kaufe Marco de Bartoli Vecchio Samperi Quarantennale Perpetuo (Grillo, halbtrocken aus Sizilien, Italien) bei Wein Werte, Ihrem nachhaltigen Onlineshop.","breadcrumb":{"@id":"https:\/\/wein-werte.com\/de\/produkt\/marco-de-bartoli-vecchio-samperi-quarantennale-perpetuo-750ml\/#breadcrumb"},"inLanguage":"de","potentialAction":[{"@type":"ReadAction","target":["https:\/\/wein-werte.com\/de\/produkt\/marco-de-bartoli-vecchio-samperi-quarantennale-perpetuo-750ml\/"]}]},{"@type":"ImageObject","inLanguage":"de","@id":"https:\/\/wein-werte.com\/de\/produkt\/marco-de-bartoli-vecchio-samperi-quarantennale-perpetuo-750ml\/#primaryimage","url":"https:\/\/wein-werte.com\/wp-content\/uploads\/2026\/04\/Marco-de-Bartoli-Vecchio-Samperi-Quarantennale-Perpetuo-750ml.png","contentUrl":"https:\/\/wein-werte.com\/wp-content\/uploads\/2026\/04\/Marco-de-Bartoli-Vecchio-Samperi-Quarantennale-Perpetuo-750ml.png","width":400,"height":980,"caption":"Marco de Bartoli Vecchio Samperi Quarantennale Perpetuo NV 750ml"},{"@type":"BreadcrumbList","@id":"https:\/\/wein-werte.com\/de\/produkt\/marco-de-bartoli-vecchio-samperi-quarantennale-perpetuo-750ml\/#breadcrumb","itemListElement":[{"@type":"ListItem","position":1,"name":"Home","item":"https:\/\/wein-werte.com\/de\/"},{"@type":"ListItem","position":2,"name":"Shop","item":"https:\/\/wein-werte.com\/de\/shop\/"},{"@type":"ListItem","position":3,"name":"Marco de Bartoli | Sizilien | Vecchio Samperi Quarantennale Perpetuo | NV | 750ml"}]},{"@type":"WebSite","@id":"https:\/\/wein-werte.com\/de\/#website","url":"https:\/\/wein-werte.com\/de\/","name":"Wein Werte","description":"","publisher":{"@id":"https:\/\/wein-werte.com\/de\/#organization"},"potentialAction":[{"@type":"SearchAction","target":{"@type":"EntryPoint","urlTemplate":"https:\/\/wein-werte.com\/de\/?s={search_term_string}"},"query-input":{"@type":"PropertyValueSpecification","valueRequired":true,"valueName":"search_term_string"}}],"inLanguage":"de"},{"@type":"Organization","@id":"https:\/\/wein-werte.com\/de\/#organization","name":"Vins Fins Thorrold","url":"https:\/\/wein-werte.com\/de\/","logo":{"@type":"ImageObject","inLanguage":"de","@id":"https:\/\/wein-werte.com\/de\/#\/schema\/logo\/image\/","url":"https:\/\/wein-werte.com\/wp-content\/uploads\/2023\/07\/Wein_werte_Logo700-1.png","contentUrl":"https:\/\/wein-werte.com\/wp-content\/uploads\/2023\/07\/Wein_werte_Logo700-1.png","width":700,"height":272,"caption":"Vins Fins Thorrold"},"image":{"@id":"https:\/\/wein-werte.com\/de\/#\/schema\/logo\/image\/"}}]}},"_links":{"self":[{"href":"https:\/\/wein-werte.com\/de\/wp-json\/wp\/v2\/product\/1129889","targetHints":{"allow":["GET"]}}],"collection":[{"href":"https:\/\/wein-werte.com\/de\/wp-json\/wp\/v2\/product"}],"about":[{"href":"https:\/\/wein-werte.com\/de\/wp-json\/wp\/v2\/types\/product"}],"wp:featuredmedia":[{"embeddable":true,"href":"https:\/\/wein-werte.com\/de\/wp-json\/wp\/v2\/media\/1141174"}],"wp:attachment":[{"href":"https:\/\/wein-werte.com\/de\/wp-json\/wp\/v2\/media?parent=1129889"}],"wp:term":[{"taxonomy":"product_brand","embeddable":true,"href":"https:\/\/wein-werte.com\/de\/wp-json\/wp\/v2\/product_brand?post=1129889"},{"taxonomy":"product_cat","embeddable":true,"href":"https:\/\/wein-werte.com\/de\/wp-json\/wp\/v2\/product_cat?post=1129889"},{"taxonomy":"product_tag","embeddable":true,"href":"https:\/\/wein-werte.com\/de\/wp-json\/wp\/v2\/product_tag?post=1129889"}],"curies":[{"name":"wp","href":"https:\/\/api.w.org\/{rel}","templated":true}]}}