{"id":1129886,"date":"2026-05-08T20:01:19","date_gmt":"2026-05-08T18:01:19","guid":{"rendered":"https:\/\/wein-werte.com\/product\/marco-de-bartoli-integer-grillo-2021-750ml\/"},"modified":"2026-04-27T11:45:01","modified_gmt":"2026-04-27T09:45:01","slug":"marco-de-bartoli-integer-grillo-2021-750ml","status":"publish","type":"product","link":"https:\/\/wein-werte.com\/de\/produkt\/marco-de-bartoli-integer-grillo-2021-750ml\/","title":{"rendered":"Marco de Bartoli | Sizilien | Integer Grillo, Sicilia DOC | 2021 | 750ml | bio"},"content":{"rendered":"<p>Produktbeschreibung f\u00fcr Marco de Bartoli Integer Grillo, Sicilia DOC 2021 (bio) <\/p>\n<h5>Info zum Wein<\/h5>\n<p> Die Grillo Trauben stammen von \u00fcber 20 Jahre alten Reben und wachsen westlich in Sizilien, in Contrada, in Samperi und in Marsala auf Kalk und sandigem Lehm. <\/p>\n<h5>Info zum Ausbau<\/h5>\n<p> Nach einer sorgf\u00e4ltigen manuellen Auswahl der Trauben werden diese schonend entrappt und sanft gepresst, um eine spontane G\u00e4rung eines kleinen Teils der Charge in alten F\u00e4ssern und mit einer Mazeration auf der Hefe zu starten. Der restliche Anteil der Trauben wird auf den Schalen ohne Umpumpen oder Untertauchen f\u00fcr 10 Tage in Tonamphoren vergoren. Sowohl die alkoholische als auch die malolaktische G\u00e4rung wird in einer Umgebung durchgef\u00fchrt, in der die Temperatur indirekt gesteuert wird. Der Wein reift mindestens weitere 10 Monate in Tonamphoren und gebrauchten Eichenf\u00e4ssern auf seiner Hefe, bis zu seiner vollst\u00e4ndigen Stabilit\u00e4t. Er wurde vor der F\u00fcllung weder erneut gek\u00fchlt noch gefiltert. <\/p>\n<h5>Farbe<\/h5>\n<p> Getr\u00fcbtes Goldgelb mit deutlichen bernsteinfarbenen Einschl\u00fcssen. <\/p>\n<h5>Nase<\/h5>\n<p> Der 2021er Integer Grillo von Marco de Bartoli ist ein beeindruckender Wein, dies bemerkt man bereits in der Nase. Zitrone, Orangenzesten und Honig dringen hervor. Mit dem n\u00f6tigen Sauerstoffkontakt gesellen sich Duftnoten von Maigl\u00f6ckchen und Ankl\u00e4nge von Zitronenmelisse hinzu. Seine Tiefe und Frische ist \u00fcberaus beeindruckend. <\/p>\n<h5>Gaumen<\/h5>\n<p> Faszinierend ist sein dichter und saftiger Gaumen. Ein Wein, der von einer sch\u00f6nen Frische und Mineralit\u00e4t, eingefangen in einen Teppich aus Frucht, W\u00fcrze und hefigen Komponenten, lebt. Im Mittelbau kommen deutliche salzige Komponenten zum Tragen, im Nachhall wiederum zitrische Eindr\u00fccke, die sehr belebend wirken. Ein Wein zum Schwelgen und Tr\u00e4umen, der f\u00fcr sich stehen kann ohne jegliche Begleitung, ein wahrer Solit\u00e4r. Besonders sch\u00f6n ist seine Kraft und F\u00fclle, die zugleich so belebend und erfrischend anmutet. Nicht zu kalt, dekantiert aus einem gro\u00dfen Glas genie\u00dfen.<\/p>\n<p>Copyright Vinaturel 2025<\/p>\n<p>Keywords: <a href=\"https:\/\/wein-werte.com\/de\/shop\/?swoof=1&#038;pa_producer=Marco-de-Bartoli\">Marco de Bartoli<\/a> <a href=\"https:\/\/wein-werte.com\/de\/shop\/?swoof=1&#038;woof_text=Integer Grillo, Sicilia DOC\">Integer Grillo, Sicilia DOC<\/a> 2021 bio <a href=\"https:\/\/wein-werte.com\/de\/shop\/?swoof=1&#038;pa_region=Sizilien\">Sizilien<\/a> <a href=\"https:\/\/wein-werte.com\/de\/shop\/?swoof=1&#038;pa_country=Italien\">Italien<\/a><\/p>\n<h3>Vinous<\/h3>\n<p>Punkte: 92<\/p>\n<p>Der pikante Grillo Integer 2021 er\u00f6ffnet mit einer Mischung aus Ingwer, rohen Mandeln und getrockneten Bl\u00fcten. Er zeigt eine angenehme innere S\u00fc\u00dfe und einen Hauch von saurer Zitrusfrucht. Lebendige S\u00e4ure h\u00e4lt die Energie von Anfang bis Ende hoch. Im Finale entwickelt der 2021er einen feuersteinartigen Charakter, w\u00e4hrend herbe Obstgartenfr\u00fcchte und Ankl\u00e4nge von fl\u00fcssigem Stein verklingen. \u2013 Eric Guido<br \/>Trinkfenster: 2024\u20132026<br \/>Testdatum: September 2023<\/p>\n<p>Internetseite des Weinguts: <a href=\"https:\/\/www.marcodebartoli.com\/en\/\" target=\"_blank\">https:\/\/www.marcodebartoli.com\/en\/<\/a><\/p>\n","protected":false},"excerpt":{"rendered":"<p>Lieferzeit: 1 bis 2 Arbeitstage (DE), 2 bis 5 Arbeitstage (EU and CH)<\/p>\n","protected":false},"featured_media":1141172,"template":"","meta":[],"product_brand":[],"product_cat":[19],"product_tag":[],"class_list":{"0":"post-1129886","1":"product","2":"type-product","3":"status-publish","4":"has-post-thumbnail","6":"product_cat-unkategorisiert","7":"pa_alcohol-for-filter-12897","8":"pa_certified-biodynamic-nein-de","9":"pa_certified-organic-ja-de","10":"pa_colour-orange-de","11":"pa_country-italien","12":"pa_grape-grillo","13":"pa_price-for-filter-10584","14":"pa_producer-marco-de-bartoli","15":"pa_region-sizilien","16":"pa_size-ml-6584","17":"pa_sweetness-trocken-de","18":"pa_type-2-still-de","19":"pa_vinous-points-for-filter-20029","20":"pa_vintage-2021-de","21":"entry","22":"has-media","24":"first","25":"instock","26":"taxable","27":"shipping-taxable","28":"purchasable","29":"product-type-simple"},"yoast_head":"<!-- This site is optimized with the Yoast SEO plugin v27.5 - https:\/\/yoast.com\/product\/yoast-seo-wordpress\/ -->\n<title>Marco de Bartoli Integer Grillo 2021<\/title>\n<meta name=\"description\" content=\"Kaufe Marco de Bartoli Integer Grillo 2021 (Grillo, trocken Orange Wein aus Sizilien, Italien) bei Wein Werte, Ihrem nachhaltigen Onlineshop.\" \/>\n<meta name=\"robots\" content=\"index, follow, max-snippet:-1, max-image-preview:large, max-video-preview:-1\" \/>\n<link rel=\"canonical\" href=\"https:\/\/wein-werte.com\/de\/produkt\/marco-de-bartoli-integer-grillo-2021-750ml\/\" \/>\n<meta property=\"og:locale\" content=\"de_DE\" \/>\n<meta property=\"og:type\" content=\"article\" \/>\n<meta property=\"og:title\" content=\"Marco de Bartoli Integer Grillo 2021\" \/>\n<meta property=\"og:description\" content=\"Kaufe Marco de Bartoli Integer Grillo 2021 (Grillo, trocken Orange Wein aus Sizilien, Italien) bei Wein Werte, Ihrem nachhaltigen Onlineshop.\" \/>\n<meta property=\"og:url\" content=\"https:\/\/wein-werte.com\/de\/produkt\/marco-de-bartoli-integer-grillo-2021-750ml\/\" \/>\n<meta property=\"og:site_name\" content=\"Wein Werte\" \/>\n<meta property=\"og:image\" content=\"https:\/\/wein-werte.com\/wp-content\/uploads\/2026\/04\/Marco-de-Bartoli-Integer-Grillo-2021-750ml.png\" \/>\n\t<meta property=\"og:image:width\" content=\"400\" \/>\n\t<meta property=\"og:image:height\" content=\"975\" \/>\n\t<meta property=\"og:image:type\" content=\"image\/png\" \/>\n<meta name=\"twitter:card\" content=\"summary_large_image\" \/>\n<meta name=\"twitter:label1\" content=\"Gesch\u00e4tzte Lesezeit\" \/>\n\t<meta name=\"twitter:data1\" content=\"2\u00a0Minuten\" \/>\n<script type=\"application\/ld+json\" class=\"yoast-schema-graph\">{\"@context\":\"https:\\\/\\\/schema.org\",\"@graph\":[{\"@type\":\"WebPage\",\"@id\":\"https:\\\/\\\/wein-werte.com\\\/de\\\/produkt\\\/marco-de-bartoli-integer-grillo-2021-750ml\\\/\",\"url\":\"https:\\\/\\\/wein-werte.com\\\/de\\\/produkt\\\/marco-de-bartoli-integer-grillo-2021-750ml\\\/\",\"name\":\"Marco de Bartoli Integer Grillo 2021\",\"isPartOf\":{\"@id\":\"https:\\\/\\\/wein-werte.com\\\/de\\\/#website\"},\"primaryImageOfPage\":{\"@id\":\"https:\\\/\\\/wein-werte.com\\\/de\\\/produkt\\\/marco-de-bartoli-integer-grillo-2021-750ml\\\/#primaryimage\"},\"image\":{\"@id\":\"https:\\\/\\\/wein-werte.com\\\/de\\\/produkt\\\/marco-de-bartoli-integer-grillo-2021-750ml\\\/#primaryimage\"},\"thumbnailUrl\":\"https:\\\/\\\/wein-werte.com\\\/wp-content\\\/uploads\\\/2026\\\/04\\\/Marco-de-Bartoli-Integer-Grillo-2021-750ml.png\",\"datePublished\":\"2026-05-08T18:01:19+00:00\",\"description\":\"Kaufe Marco de Bartoli Integer Grillo 2021 (Grillo, trocken Orange Wein aus Sizilien, Italien) bei Wein Werte, Ihrem nachhaltigen Onlineshop.\",\"breadcrumb\":{\"@id\":\"https:\\\/\\\/wein-werte.com\\\/de\\\/produkt\\\/marco-de-bartoli-integer-grillo-2021-750ml\\\/#breadcrumb\"},\"inLanguage\":\"de\",\"potentialAction\":[{\"@type\":\"ReadAction\",\"target\":[\"https:\\\/\\\/wein-werte.com\\\/de\\\/produkt\\\/marco-de-bartoli-integer-grillo-2021-750ml\\\/\"]}]},{\"@type\":\"ImageObject\",\"inLanguage\":\"de\",\"@id\":\"https:\\\/\\\/wein-werte.com\\\/de\\\/produkt\\\/marco-de-bartoli-integer-grillo-2021-750ml\\\/#primaryimage\",\"url\":\"https:\\\/\\\/wein-werte.com\\\/wp-content\\\/uploads\\\/2026\\\/04\\\/Marco-de-Bartoli-Integer-Grillo-2021-750ml.png\",\"contentUrl\":\"https:\\\/\\\/wein-werte.com\\\/wp-content\\\/uploads\\\/2026\\\/04\\\/Marco-de-Bartoli-Integer-Grillo-2021-750ml.png\",\"width\":400,\"height\":975,\"caption\":\"Marco de Bartoli Integer Grillo, Sicilia DOC 2021 750ml\"},{\"@type\":\"BreadcrumbList\",\"@id\":\"https:\\\/\\\/wein-werte.com\\\/de\\\/produkt\\\/marco-de-bartoli-integer-grillo-2021-750ml\\\/#breadcrumb\",\"itemListElement\":[{\"@type\":\"ListItem\",\"position\":1,\"name\":\"Home\",\"item\":\"https:\\\/\\\/wein-werte.com\\\/de\\\/\"},{\"@type\":\"ListItem\",\"position\":2,\"name\":\"Shop\",\"item\":\"https:\\\/\\\/wein-werte.com\\\/de\\\/shop\\\/\"},{\"@type\":\"ListItem\",\"position\":3,\"name\":\"Marco de Bartoli | Sizilien | Integer Grillo, Sicilia DOC | 2021 | 750ml | bio\"}]},{\"@type\":\"WebSite\",\"@id\":\"https:\\\/\\\/wein-werte.com\\\/de\\\/#website\",\"url\":\"https:\\\/\\\/wein-werte.com\\\/de\\\/\",\"name\":\"Wein Werte\",\"description\":\"\",\"publisher\":{\"@id\":\"https:\\\/\\\/wein-werte.com\\\/de\\\/#organization\"},\"potentialAction\":[{\"@type\":\"SearchAction\",\"target\":{\"@type\":\"EntryPoint\",\"urlTemplate\":\"https:\\\/\\\/wein-werte.com\\\/de\\\/?s={search_term_string}\"},\"query-input\":{\"@type\":\"PropertyValueSpecification\",\"valueRequired\":true,\"valueName\":\"search_term_string\"}}],\"inLanguage\":\"de\"},{\"@type\":\"Organization\",\"@id\":\"https:\\\/\\\/wein-werte.com\\\/de\\\/#organization\",\"name\":\"Vins Fins Thorrold\",\"url\":\"https:\\\/\\\/wein-werte.com\\\/de\\\/\",\"logo\":{\"@type\":\"ImageObject\",\"inLanguage\":\"de\",\"@id\":\"https:\\\/\\\/wein-werte.com\\\/de\\\/#\\\/schema\\\/logo\\\/image\\\/\",\"url\":\"https:\\\/\\\/wein-werte.com\\\/wp-content\\\/uploads\\\/2023\\\/07\\\/Wein_werte_Logo700-1.png\",\"contentUrl\":\"https:\\\/\\\/wein-werte.com\\\/wp-content\\\/uploads\\\/2023\\\/07\\\/Wein_werte_Logo700-1.png\",\"width\":700,\"height\":272,\"caption\":\"Vins Fins Thorrold\"},\"image\":{\"@id\":\"https:\\\/\\\/wein-werte.com\\\/de\\\/#\\\/schema\\\/logo\\\/image\\\/\"}}]}<\/script>\n<!-- \/ Yoast SEO plugin. -->","yoast_head_json":{"title":"Marco de Bartoli Integer Grillo 2021","description":"Kaufe Marco de Bartoli Integer Grillo 2021 (Grillo, trocken Orange Wein aus Sizilien, Italien) bei Wein Werte, Ihrem nachhaltigen Onlineshop.","robots":{"index":"index","follow":"follow","max-snippet":"max-snippet:-1","max-image-preview":"max-image-preview:large","max-video-preview":"max-video-preview:-1"},"canonical":"https:\/\/wein-werte.com\/de\/produkt\/marco-de-bartoli-integer-grillo-2021-750ml\/","og_locale":"de_DE","og_type":"article","og_title":"Marco de Bartoli Integer Grillo 2021","og_description":"Kaufe Marco de Bartoli Integer Grillo 2021 (Grillo, trocken Orange Wein aus Sizilien, Italien) bei Wein Werte, Ihrem nachhaltigen Onlineshop.","og_url":"https:\/\/wein-werte.com\/de\/produkt\/marco-de-bartoli-integer-grillo-2021-750ml\/","og_site_name":"Wein Werte","og_image":[{"width":400,"height":975,"url":"https:\/\/wein-werte.com\/wp-content\/uploads\/2026\/04\/Marco-de-Bartoli-Integer-Grillo-2021-750ml.png","type":"image\/png"}],"twitter_card":"summary_large_image","twitter_misc":{"Gesch\u00e4tzte Lesezeit":"2\u00a0Minuten"},"schema":{"@context":"https:\/\/schema.org","@graph":[{"@type":"WebPage","@id":"https:\/\/wein-werte.com\/de\/produkt\/marco-de-bartoli-integer-grillo-2021-750ml\/","url":"https:\/\/wein-werte.com\/de\/produkt\/marco-de-bartoli-integer-grillo-2021-750ml\/","name":"Marco de Bartoli Integer Grillo 2021","isPartOf":{"@id":"https:\/\/wein-werte.com\/de\/#website"},"primaryImageOfPage":{"@id":"https:\/\/wein-werte.com\/de\/produkt\/marco-de-bartoli-integer-grillo-2021-750ml\/#primaryimage"},"image":{"@id":"https:\/\/wein-werte.com\/de\/produkt\/marco-de-bartoli-integer-grillo-2021-750ml\/#primaryimage"},"thumbnailUrl":"https:\/\/wein-werte.com\/wp-content\/uploads\/2026\/04\/Marco-de-Bartoli-Integer-Grillo-2021-750ml.png","datePublished":"2026-05-08T18:01:19+00:00","description":"Kaufe Marco de Bartoli Integer Grillo 2021 (Grillo, trocken Orange Wein aus Sizilien, Italien) bei Wein Werte, Ihrem nachhaltigen Onlineshop.","breadcrumb":{"@id":"https:\/\/wein-werte.com\/de\/produkt\/marco-de-bartoli-integer-grillo-2021-750ml\/#breadcrumb"},"inLanguage":"de","potentialAction":[{"@type":"ReadAction","target":["https:\/\/wein-werte.com\/de\/produkt\/marco-de-bartoli-integer-grillo-2021-750ml\/"]}]},{"@type":"ImageObject","inLanguage":"de","@id":"https:\/\/wein-werte.com\/de\/produkt\/marco-de-bartoli-integer-grillo-2021-750ml\/#primaryimage","url":"https:\/\/wein-werte.com\/wp-content\/uploads\/2026\/04\/Marco-de-Bartoli-Integer-Grillo-2021-750ml.png","contentUrl":"https:\/\/wein-werte.com\/wp-content\/uploads\/2026\/04\/Marco-de-Bartoli-Integer-Grillo-2021-750ml.png","width":400,"height":975,"caption":"Marco de Bartoli Integer Grillo, Sicilia DOC 2021 750ml"},{"@type":"BreadcrumbList","@id":"https:\/\/wein-werte.com\/de\/produkt\/marco-de-bartoli-integer-grillo-2021-750ml\/#breadcrumb","itemListElement":[{"@type":"ListItem","position":1,"name":"Home","item":"https:\/\/wein-werte.com\/de\/"},{"@type":"ListItem","position":2,"name":"Shop","item":"https:\/\/wein-werte.com\/de\/shop\/"},{"@type":"ListItem","position":3,"name":"Marco de Bartoli | Sizilien | Integer Grillo, Sicilia DOC | 2021 | 750ml | bio"}]},{"@type":"WebSite","@id":"https:\/\/wein-werte.com\/de\/#website","url":"https:\/\/wein-werte.com\/de\/","name":"Wein Werte","description":"","publisher":{"@id":"https:\/\/wein-werte.com\/de\/#organization"},"potentialAction":[{"@type":"SearchAction","target":{"@type":"EntryPoint","urlTemplate":"https:\/\/wein-werte.com\/de\/?s={search_term_string}"},"query-input":{"@type":"PropertyValueSpecification","valueRequired":true,"valueName":"search_term_string"}}],"inLanguage":"de"},{"@type":"Organization","@id":"https:\/\/wein-werte.com\/de\/#organization","name":"Vins Fins Thorrold","url":"https:\/\/wein-werte.com\/de\/","logo":{"@type":"ImageObject","inLanguage":"de","@id":"https:\/\/wein-werte.com\/de\/#\/schema\/logo\/image\/","url":"https:\/\/wein-werte.com\/wp-content\/uploads\/2023\/07\/Wein_werte_Logo700-1.png","contentUrl":"https:\/\/wein-werte.com\/wp-content\/uploads\/2023\/07\/Wein_werte_Logo700-1.png","width":700,"height":272,"caption":"Vins Fins Thorrold"},"image":{"@id":"https:\/\/wein-werte.com\/de\/#\/schema\/logo\/image\/"}}]}},"_links":{"self":[{"href":"https:\/\/wein-werte.com\/de\/wp-json\/wp\/v2\/product\/1129886","targetHints":{"allow":["GET"]}}],"collection":[{"href":"https:\/\/wein-werte.com\/de\/wp-json\/wp\/v2\/product"}],"about":[{"href":"https:\/\/wein-werte.com\/de\/wp-json\/wp\/v2\/types\/product"}],"wp:featuredmedia":[{"embeddable":true,"href":"https:\/\/wein-werte.com\/de\/wp-json\/wp\/v2\/media\/1141172"}],"wp:attachment":[{"href":"https:\/\/wein-werte.com\/de\/wp-json\/wp\/v2\/media?parent=1129886"}],"wp:term":[{"taxonomy":"product_brand","embeddable":true,"href":"https:\/\/wein-werte.com\/de\/wp-json\/wp\/v2\/product_brand?post=1129886"},{"taxonomy":"product_cat","embeddable":true,"href":"https:\/\/wein-werte.com\/de\/wp-json\/wp\/v2\/product_cat?post=1129886"},{"taxonomy":"product_tag","embeddable":true,"href":"https:\/\/wein-werte.com\/de\/wp-json\/wp\/v2\/product_tag?post=1129886"}],"curies":[{"name":"wp","href":"https:\/\/api.w.org\/{rel}","templated":true}]}}