{"id":1129881,"date":"2026-05-12T15:44:52","date_gmt":"2026-05-12T13:44:52","guid":{"rendered":"https:\/\/wein-werte.com\/product\/marco-de-bartoli-marsala-superiore-oro-riserva-2009-2009-500ml\/"},"modified":"2026-05-12T19:55:41","modified_gmt":"2026-05-12T17:55:41","slug":"marco-de-bartoli-marsala-superiore-oro-riserva-2009-2009-500ml","status":"publish","type":"product","link":"https:\/\/wein-werte.com\/de\/produkt\/marco-de-bartoli-marsala-superiore-oro-riserva-2009-2009-500ml\/","title":{"rendered":"Marco de Bartoli | Sizilien | Marsala Superiore Oro Riserva 2009 | 2009 | 500ml"},"content":{"rendered":"<p>Produktbeschreibung f\u00fcr Marco de Bartoli Marsala Superiore Oro Riserva 2009 2009 <\/p>\n<p> Marco de Bartoli erfand nicht allein den trockenen Grillo, sondern revolutionierte nebenbei auch den Marsala, indem er dessen traditionellen Stil mit moderner Vinifikation verband. Ein Schritt in diese Richtung war es, den Zucker zu reduzieren, woraus 1985 dieser halbtrockene Marsala-Stil entstand. Unter Wahrung der Tradition wird mit er mit einer &#8220;Mistella&#8221; aus frischem Traubenmost sowie einem aus den gleichen Trauben wie der Grundwein gewonnenen Obstbrand angereichert. Das bedeutet, dass dieser halbtrockene Stil im Gegensatz zum Vecchio Samperi stets mit Alkohol verst\u00e4rkt ist. Er verbindet die Kraft und Pers\u00f6nlichkeit eines klassischen Marsalas mit feingliedriger Statur und subtiler Frische. Daf\u00fcr wird bei der Vinifikation jeglicher Sauerstoffkontakt vermieden um unerw\u00fcnschte Oxidation zu verhindern. Ausgebaut in franz\u00f6sischer Eiche werden die F\u00e4sser stets wieder aufgef\u00fcllt. Gekeltert aus 100% Grillo mit 3.500 Rebst\u00f6cken pro Hektar, die zwischen 1970 und 1996 in der Contrada Samperi in \u00fcberwiegend ebenem Gel\u00e4nde mit sandigem Lehmboden gepflanzt wurden. Die Rebst\u00f6cke werden im Alberello und Guyot-System erzogen, die Trauben von Hand gelesen und selektiert, sanft gepresst, nat\u00fcrlich dekantiert und traditionell mit wilden Hefen bei Zimmertemperatur in Eichenf\u00e4ssern vergoren. Ein Teil des Mostes wird mit Traubenmost angereichert, um die so genannte &#8220;Mistella&#8221; herzustellen, die sp\u00e4ter dem Wein zugesetzt wird. Der Wein reift \u00fcber 10 Jahre in Eichenf\u00e4ssern unterschiedlicher Gr\u00f6\u00dfe. <\/p>\n<h5>Farbe<\/h5>\n<p> Bernstein mit distinktiv orangenen Reflexen. <\/p>\n<h5>Nase<\/h5>\n<p> Die Nase des 2009 Marsala Superiore Oro von Marco de Bartoli verspr\u00fcht ihr \u00fcberbordendes Parfum aus dem Kelch wie ein Flakscheinwerfer: Trockenobst nach Feigen, Datteln, getrockenten Orangenscheiben, Orangeat und Pfefferkuchen str\u00f6men aus dem Glas, unterlegt von r\u00f6stigen Noten nach gesalzenen R\u00f6stmandeln, Cashews, Rosinen und Zigarrenkiste. Ungemein komplexe und vielschichtige Nase, die die Lippen erwartungsvoll Richtung Kelche sch\u00fcrzen l\u00e4sst. <\/p>\n<h5>Mund<\/h5>\n<p> Schlank mit balancierter S\u00fc\u00dfe und alles definierendem S\u00e4urenerv im Antrunk ist er strukturell gradlinig und v\u00f6llig oxidationsfrei. Ob Apero oder zu Tisch, es ist unerkl\u00e4rlich, was diese Gattung Wein hat so von der Bildfl\u00e4che verschwinden lassen. Mit \u00fcberragendem Trinkfluss ist er mitreissend mit komplexer und tiefgr\u00fcndiger Aromatik, die insbesondere zu Tisch enorm vielseitig ist. Milde Gew\u00fcrze, Orangeat, Trockenfrucht und ger\u00f6stete N\u00fcsse spiegeln sich aromatisch auch am Gaumen, getragen von orchestraler S\u00e4ure und nahezu endlosem Nachhall.<\/p>\n<p>Copyright Vinaturel 2025<\/p>\n<p>Keywords: <a href=\"https:\/\/wein-werte.com\/de\/shop\/?swoof=1&#038;pa_producer=Marco-de-Bartoli\">Marco de Bartoli<\/a> <a href=\"https:\/\/wein-werte.com\/de\/shop\/?swoof=1&#038;woof_text=Marsala Superiore Oro Riserva 2009\">Marsala Superiore Oro Riserva 2009<\/a> 2009  <a href=\"https:\/\/wein-werte.com\/de\/shop\/?swoof=1&#038;pa_region=Sizilien\">Sizilien<\/a> <a href=\"https:\/\/wein-werte.com\/de\/shop\/?swoof=1&#038;pa_country=Italien\">Italien<\/a><\/p>\n<h3>Vinous<\/h3>\n<p>Punkte: 94<\/p>\n<p>Der Marsala Oro Superiore Riserva 2009 besticht durch ein Bouquet, das w\u00fcrzig und s\u00fc\u00df zugleich ist. Ankl\u00e4nge von Kiefern- und Zedernholz weichen Weihrauch, staubigen Bl\u00fcten und getrockneten Aprikosen. Er ist seidig und umh\u00fcllend, mit einer Kombination aus s\u00fc\u00dfen exotischen Gew\u00fcrzen und salzigen Mineralien, die tief eindringt. Der 2009er klingt dramatisch lang und intensiv nach, mit Noten von zersto\u00dfenen Haseln\u00fcssen, getrockneten Orangenschalen und einer w\u00e4rmenden alkoholischen Note, die das Erlebnis intensiviert. \u2013 Eric Guido<br \/>Trinkfenster: 2024\u20132039<br \/>Testdatum: Juni 2024<\/p>\n<p>Internetseite des Weinguts: <a href=\"https:\/\/www.marcodebartoli.com\/en\/\" target=\"_blank\">https:\/\/www.marcodebartoli.com\/en\/<\/a><\/p>\n","protected":false},"excerpt":{"rendered":"<div style=\"font-size: 14px;\">\n<p>Lieferzeit: 1 bis 2 Arbeitstage (DE), 2 bis 5 Arbeitstage (EU und CH)<\/p>\n<p>Ungef\u00e4hrer Energiegehalt pro 125-ml-Glas: 160 kcal<\/p>\n<\/p><\/div>\n","protected":false},"featured_media":1141168,"template":"","meta":[],"product_brand":[],"product_cat":[19],"product_tag":[],"class_list":{"0":"post-1129881","1":"product","2":"type-product","3":"status-publish","4":"has-post-thumbnail","6":"product_cat-unkategorisiert","7":"pa_alcohol-for-filter-12928","8":"pa_certified-biodynamic-nein-de","9":"pa_certified-organic-nein-de","10":"pa_colour-weiss","11":"pa_country-italien","12":"pa_grape-grillo","13":"pa_price-for-filter-10646","14":"pa_producer-marco-de-bartoli","15":"pa_region-sizilien","16":"pa_size-ml-7001","17":"pa_sweetness-lieblich-de-2","18":"pa_type-2-still-de","19":"pa_vinous-points-for-filter-20033","20":"pa_vintage-2009-de","21":"entry","22":"has-media","24":"first","25":"instock","26":"taxable","27":"shipping-taxable","28":"purchasable","29":"product-type-simple"},"yoast_head":"<!-- This site is optimized with the Yoast SEO plugin v27.6 - https:\/\/yoast.com\/product\/yoast-seo-wordpress\/ -->\n<title>Marco de Bartoli Marsala Superiore Oro Riserva 2009 2009, 500ml<\/title>\n<meta name=\"description\" content=\"Kaufe Marco de Bartoli Marsala Superiore Oro Riserva 2009 2009 (Grillo, lieblich aus Sizilien, Italien) bei Wein Werte, Ihrem nachhaltigen Onlineshop.\" \/>\n<meta name=\"robots\" content=\"index, follow, max-snippet:-1, max-image-preview:large, max-video-preview:-1\" \/>\n<link rel=\"canonical\" href=\"https:\/\/wein-werte.com\/de\/produkt\/marco-de-bartoli-marsala-superiore-oro-riserva-2009-2009-500ml\/\" \/>\n<meta property=\"og:locale\" content=\"de_DE\" \/>\n<meta property=\"og:type\" content=\"article\" \/>\n<meta property=\"og:title\" content=\"Marco de Bartoli Marsala Superiore Oro Riserva 2009 2009, 500ml\" \/>\n<meta property=\"og:description\" content=\"Kaufe Marco de Bartoli Marsala Superiore Oro Riserva 2009 2009 (Grillo, lieblich aus Sizilien, Italien) bei Wein Werte, Ihrem nachhaltigen Onlineshop.\" \/>\n<meta property=\"og:url\" content=\"https:\/\/wein-werte.com\/de\/produkt\/marco-de-bartoli-marsala-superiore-oro-riserva-2009-2009-500ml\/\" \/>\n<meta property=\"og:site_name\" content=\"Wein Werte\" \/>\n<meta property=\"article:modified_time\" content=\"2026-05-12T17:55:41+00:00\" \/>\n<meta property=\"og:image\" content=\"https:\/\/wein-werte.com\/wp-content\/uploads\/2026\/04\/Marco-de-Bartoli-Marsala-Superiore-Oro-Riserva-2009-2009-500ml.png\" \/>\n\t<meta property=\"og:image:width\" content=\"286\" \/>\n\t<meta property=\"og:image:height\" content=\"1200\" \/>\n\t<meta property=\"og:image:type\" content=\"image\/png\" \/>\n<meta name=\"twitter:card\" content=\"summary_large_image\" \/>\n<meta name=\"twitter:label1\" content=\"Gesch\u00e4tzte Lesezeit\" \/>\n\t<meta name=\"twitter:data1\" content=\"2\u00a0Minuten\" \/>\n<script type=\"application\/ld+json\" class=\"yoast-schema-graph\">{\"@context\":\"https:\\\/\\\/schema.org\",\"@graph\":[{\"@type\":\"WebPage\",\"@id\":\"https:\\\/\\\/wein-werte.com\\\/de\\\/produkt\\\/marco-de-bartoli-marsala-superiore-oro-riserva-2009-2009-500ml\\\/\",\"url\":\"https:\\\/\\\/wein-werte.com\\\/de\\\/produkt\\\/marco-de-bartoli-marsala-superiore-oro-riserva-2009-2009-500ml\\\/\",\"name\":\"Marco de Bartoli Marsala Superiore Oro Riserva 2009 2009, 500ml\",\"isPartOf\":{\"@id\":\"https:\\\/\\\/wein-werte.com\\\/de\\\/#website\"},\"primaryImageOfPage\":{\"@id\":\"https:\\\/\\\/wein-werte.com\\\/de\\\/produkt\\\/marco-de-bartoli-marsala-superiore-oro-riserva-2009-2009-500ml\\\/#primaryimage\"},\"image\":{\"@id\":\"https:\\\/\\\/wein-werte.com\\\/de\\\/produkt\\\/marco-de-bartoli-marsala-superiore-oro-riserva-2009-2009-500ml\\\/#primaryimage\"},\"thumbnailUrl\":\"https:\\\/\\\/wein-werte.com\\\/wp-content\\\/uploads\\\/2026\\\/04\\\/Marco-de-Bartoli-Marsala-Superiore-Oro-Riserva-2009-2009-500ml.png\",\"datePublished\":\"2026-05-12T13:44:52+00:00\",\"dateModified\":\"2026-05-12T17:55:41+00:00\",\"description\":\"Kaufe Marco de Bartoli Marsala Superiore Oro Riserva 2009 2009 (Grillo, lieblich aus Sizilien, Italien) bei Wein Werte, Ihrem nachhaltigen Onlineshop.\",\"breadcrumb\":{\"@id\":\"https:\\\/\\\/wein-werte.com\\\/de\\\/produkt\\\/marco-de-bartoli-marsala-superiore-oro-riserva-2009-2009-500ml\\\/#breadcrumb\"},\"inLanguage\":\"de\",\"potentialAction\":[{\"@type\":\"ReadAction\",\"target\":[\"https:\\\/\\\/wein-werte.com\\\/de\\\/produkt\\\/marco-de-bartoli-marsala-superiore-oro-riserva-2009-2009-500ml\\\/\"]}]},{\"@type\":\"ImageObject\",\"inLanguage\":\"de\",\"@id\":\"https:\\\/\\\/wein-werte.com\\\/de\\\/produkt\\\/marco-de-bartoli-marsala-superiore-oro-riserva-2009-2009-500ml\\\/#primaryimage\",\"url\":\"https:\\\/\\\/wein-werte.com\\\/wp-content\\\/uploads\\\/2026\\\/04\\\/Marco-de-Bartoli-Marsala-Superiore-Oro-Riserva-2009-2009-500ml.png\",\"contentUrl\":\"https:\\\/\\\/wein-werte.com\\\/wp-content\\\/uploads\\\/2026\\\/04\\\/Marco-de-Bartoli-Marsala-Superiore-Oro-Riserva-2009-2009-500ml.png\",\"width\":286,\"height\":1200,\"caption\":\"Marco de Bartoli Marsala Superiore Oro Riserva 2009 2009 500ml\"},{\"@type\":\"BreadcrumbList\",\"@id\":\"https:\\\/\\\/wein-werte.com\\\/de\\\/produkt\\\/marco-de-bartoli-marsala-superiore-oro-riserva-2009-2009-500ml\\\/#breadcrumb\",\"itemListElement\":[{\"@type\":\"ListItem\",\"position\":1,\"name\":\"Home\",\"item\":\"https:\\\/\\\/wein-werte.com\\\/de\\\/\"},{\"@type\":\"ListItem\",\"position\":2,\"name\":\"Shop\",\"item\":\"https:\\\/\\\/wein-werte.com\\\/de\\\/shop\\\/\"},{\"@type\":\"ListItem\",\"position\":3,\"name\":\"Marco de Bartoli | Sizilien | Marsala Superiore Oro Riserva 2009 | 2009 | 500ml\"}]},{\"@type\":\"WebSite\",\"@id\":\"https:\\\/\\\/wein-werte.com\\\/de\\\/#website\",\"url\":\"https:\\\/\\\/wein-werte.com\\\/de\\\/\",\"name\":\"Wein Werte\",\"description\":\"\",\"publisher\":{\"@id\":\"https:\\\/\\\/wein-werte.com\\\/de\\\/#organization\"},\"potentialAction\":[{\"@type\":\"SearchAction\",\"target\":{\"@type\":\"EntryPoint\",\"urlTemplate\":\"https:\\\/\\\/wein-werte.com\\\/de\\\/?s={search_term_string}\"},\"query-input\":{\"@type\":\"PropertyValueSpecification\",\"valueRequired\":true,\"valueName\":\"search_term_string\"}}],\"inLanguage\":\"de\"},{\"@type\":\"Organization\",\"@id\":\"https:\\\/\\\/wein-werte.com\\\/de\\\/#organization\",\"name\":\"Vins Fins Thorrold\",\"url\":\"https:\\\/\\\/wein-werte.com\\\/de\\\/\",\"logo\":{\"@type\":\"ImageObject\",\"inLanguage\":\"de\",\"@id\":\"https:\\\/\\\/wein-werte.com\\\/de\\\/#\\\/schema\\\/logo\\\/image\\\/\",\"url\":\"https:\\\/\\\/wein-werte.com\\\/wp-content\\\/uploads\\\/2023\\\/07\\\/Wein_werte_Logo700-1.png\",\"contentUrl\":\"https:\\\/\\\/wein-werte.com\\\/wp-content\\\/uploads\\\/2023\\\/07\\\/Wein_werte_Logo700-1.png\",\"width\":700,\"height\":272,\"caption\":\"Vins Fins Thorrold\"},\"image\":{\"@id\":\"https:\\\/\\\/wein-werte.com\\\/de\\\/#\\\/schema\\\/logo\\\/image\\\/\"}}]}<\/script>\n<!-- \/ Yoast SEO plugin. -->","yoast_head_json":{"title":"Marco de Bartoli Marsala Superiore Oro Riserva 2009 2009, 500ml","description":"Kaufe Marco de Bartoli Marsala Superiore Oro Riserva 2009 2009 (Grillo, lieblich aus Sizilien, Italien) bei Wein Werte, Ihrem nachhaltigen Onlineshop.","robots":{"index":"index","follow":"follow","max-snippet":"max-snippet:-1","max-image-preview":"max-image-preview:large","max-video-preview":"max-video-preview:-1"},"canonical":"https:\/\/wein-werte.com\/de\/produkt\/marco-de-bartoli-marsala-superiore-oro-riserva-2009-2009-500ml\/","og_locale":"de_DE","og_type":"article","og_title":"Marco de Bartoli Marsala Superiore Oro Riserva 2009 2009, 500ml","og_description":"Kaufe Marco de Bartoli Marsala Superiore Oro Riserva 2009 2009 (Grillo, lieblich aus Sizilien, Italien) bei Wein Werte, Ihrem nachhaltigen Onlineshop.","og_url":"https:\/\/wein-werte.com\/de\/produkt\/marco-de-bartoli-marsala-superiore-oro-riserva-2009-2009-500ml\/","og_site_name":"Wein Werte","article_modified_time":"2026-05-12T17:55:41+00:00","og_image":[{"width":286,"height":1200,"url":"https:\/\/wein-werte.com\/wp-content\/uploads\/2026\/04\/Marco-de-Bartoli-Marsala-Superiore-Oro-Riserva-2009-2009-500ml.png","type":"image\/png"}],"twitter_card":"summary_large_image","twitter_misc":{"Gesch\u00e4tzte Lesezeit":"2\u00a0Minuten"},"schema":{"@context":"https:\/\/schema.org","@graph":[{"@type":"WebPage","@id":"https:\/\/wein-werte.com\/de\/produkt\/marco-de-bartoli-marsala-superiore-oro-riserva-2009-2009-500ml\/","url":"https:\/\/wein-werte.com\/de\/produkt\/marco-de-bartoli-marsala-superiore-oro-riserva-2009-2009-500ml\/","name":"Marco de Bartoli Marsala Superiore Oro Riserva 2009 2009, 500ml","isPartOf":{"@id":"https:\/\/wein-werte.com\/de\/#website"},"primaryImageOfPage":{"@id":"https:\/\/wein-werte.com\/de\/produkt\/marco-de-bartoli-marsala-superiore-oro-riserva-2009-2009-500ml\/#primaryimage"},"image":{"@id":"https:\/\/wein-werte.com\/de\/produkt\/marco-de-bartoli-marsala-superiore-oro-riserva-2009-2009-500ml\/#primaryimage"},"thumbnailUrl":"https:\/\/wein-werte.com\/wp-content\/uploads\/2026\/04\/Marco-de-Bartoli-Marsala-Superiore-Oro-Riserva-2009-2009-500ml.png","datePublished":"2026-05-12T13:44:52+00:00","dateModified":"2026-05-12T17:55:41+00:00","description":"Kaufe Marco de Bartoli Marsala Superiore Oro Riserva 2009 2009 (Grillo, lieblich aus Sizilien, Italien) bei Wein Werte, Ihrem nachhaltigen Onlineshop.","breadcrumb":{"@id":"https:\/\/wein-werte.com\/de\/produkt\/marco-de-bartoli-marsala-superiore-oro-riserva-2009-2009-500ml\/#breadcrumb"},"inLanguage":"de","potentialAction":[{"@type":"ReadAction","target":["https:\/\/wein-werte.com\/de\/produkt\/marco-de-bartoli-marsala-superiore-oro-riserva-2009-2009-500ml\/"]}]},{"@type":"ImageObject","inLanguage":"de","@id":"https:\/\/wein-werte.com\/de\/produkt\/marco-de-bartoli-marsala-superiore-oro-riserva-2009-2009-500ml\/#primaryimage","url":"https:\/\/wein-werte.com\/wp-content\/uploads\/2026\/04\/Marco-de-Bartoli-Marsala-Superiore-Oro-Riserva-2009-2009-500ml.png","contentUrl":"https:\/\/wein-werte.com\/wp-content\/uploads\/2026\/04\/Marco-de-Bartoli-Marsala-Superiore-Oro-Riserva-2009-2009-500ml.png","width":286,"height":1200,"caption":"Marco de Bartoli Marsala Superiore Oro Riserva 2009 2009 500ml"},{"@type":"BreadcrumbList","@id":"https:\/\/wein-werte.com\/de\/produkt\/marco-de-bartoli-marsala-superiore-oro-riserva-2009-2009-500ml\/#breadcrumb","itemListElement":[{"@type":"ListItem","position":1,"name":"Home","item":"https:\/\/wein-werte.com\/de\/"},{"@type":"ListItem","position":2,"name":"Shop","item":"https:\/\/wein-werte.com\/de\/shop\/"},{"@type":"ListItem","position":3,"name":"Marco de Bartoli | Sizilien | Marsala Superiore Oro Riserva 2009 | 2009 | 500ml"}]},{"@type":"WebSite","@id":"https:\/\/wein-werte.com\/de\/#website","url":"https:\/\/wein-werte.com\/de\/","name":"Wein Werte","description":"","publisher":{"@id":"https:\/\/wein-werte.com\/de\/#organization"},"potentialAction":[{"@type":"SearchAction","target":{"@type":"EntryPoint","urlTemplate":"https:\/\/wein-werte.com\/de\/?s={search_term_string}"},"query-input":{"@type":"PropertyValueSpecification","valueRequired":true,"valueName":"search_term_string"}}],"inLanguage":"de"},{"@type":"Organization","@id":"https:\/\/wein-werte.com\/de\/#organization","name":"Vins Fins Thorrold","url":"https:\/\/wein-werte.com\/de\/","logo":{"@type":"ImageObject","inLanguage":"de","@id":"https:\/\/wein-werte.com\/de\/#\/schema\/logo\/image\/","url":"https:\/\/wein-werte.com\/wp-content\/uploads\/2023\/07\/Wein_werte_Logo700-1.png","contentUrl":"https:\/\/wein-werte.com\/wp-content\/uploads\/2023\/07\/Wein_werte_Logo700-1.png","width":700,"height":272,"caption":"Vins Fins Thorrold"},"image":{"@id":"https:\/\/wein-werte.com\/de\/#\/schema\/logo\/image\/"}}]}},"_links":{"self":[{"href":"https:\/\/wein-werte.com\/de\/wp-json\/wp\/v2\/product\/1129881","targetHints":{"allow":["GET"]}}],"collection":[{"href":"https:\/\/wein-werte.com\/de\/wp-json\/wp\/v2\/product"}],"about":[{"href":"https:\/\/wein-werte.com\/de\/wp-json\/wp\/v2\/types\/product"}],"wp:featuredmedia":[{"embeddable":true,"href":"https:\/\/wein-werte.com\/de\/wp-json\/wp\/v2\/media\/1141168"}],"wp:attachment":[{"href":"https:\/\/wein-werte.com\/de\/wp-json\/wp\/v2\/media?parent=1129881"}],"wp:term":[{"taxonomy":"product_brand","embeddable":true,"href":"https:\/\/wein-werte.com\/de\/wp-json\/wp\/v2\/product_brand?post=1129881"},{"taxonomy":"product_cat","embeddable":true,"href":"https:\/\/wein-werte.com\/de\/wp-json\/wp\/v2\/product_cat?post=1129881"},{"taxonomy":"product_tag","embeddable":true,"href":"https:\/\/wein-werte.com\/de\/wp-json\/wp\/v2\/product_tag?post=1129881"}],"curies":[{"name":"wp","href":"https:\/\/api.w.org\/{rel}","templated":true}]}}