{"id":1129878,"date":"2026-05-08T20:01:18","date_gmt":"2026-05-08T18:01:18","guid":{"rendered":"https:\/\/wein-werte.com\/product\/marco-de-bartoli-bukkuram-padre-della-vigna-passito-di-pantelleria-2019-500ml\/"},"modified":"2026-04-27T11:45:00","modified_gmt":"2026-04-27T09:45:00","slug":"marco-de-bartoli-bukkuram-padre-della-vigna-passito-di-pantelleria-2019-500ml","status":"publish","type":"product","link":"https:\/\/wein-werte.com\/de\/produkt\/marco-de-bartoli-bukkuram-padre-della-vigna-passito-di-pantelleria-2019-500ml\/","title":{"rendered":"Marco de Bartoli | Sizilien | Bukkuram &#8220;Padre della Vigna&#8221; Passito di Pantelleria DOC | 2019 | 500ml"},"content":{"rendered":"<p>Produktbeschreibung f\u00fcr Marco de Bartoli Bukkuram &#8220;Padre della Vigna&#8221; Passito di Pantelleria DOC 2019  <\/p>\n<h5>Info zum Wein<\/h5>\n<p> 2.500 Rebst\u00f6cke pro Hektar, die zwischen 1950 und 1970 im Bezirk Bukkuram, Pantelleria, auf vulkanischen, terrassierten H\u00e4ngen als niedrige, freistehende Str\u00e4ucher gepflanzt wurden, die mit dem System \u201evite ad alberello\u201c erzogen wurden, das am 26. November 2014 von der UNESCO zum Weltkulturerbe der Landwirtschaft erkl\u00e4rt wurde. <\/p>\n<h5>Info zum Ausbau<\/h5>\n<p> Die Ertr\u00e4ge liegen bei 25 Hektolitern pro Hektar, die von Mitte August bis zur ersten Septemberwoche von Hand geerntet werden. 50 % der Trauben werden mindestens drei Wochen lang in der Sonne auf geeigneten Matten getrocknet und durch dicke Mauern aus Vulkangestein abgegrenzt. Die restlichen Trauben reifen bis September an der Pflanze. Sobald die G\u00e4rung begonnen hat, werden die zuvor getrockneten Trauben dem Grundwein zugesetzt und etwa drei Monate lang eingemaischt, bis ein Gleichgewicht zwischen Alkoholgehalt und Restzucker erreicht ist. Mindestens 30 Monate Reifung in franz\u00f6sischen Eichenf\u00e4ssern mit einem Fassungsverm\u00f6gen von 225 l und 6 Monate in Edelstahlbeh\u00e4ltern. <\/p>\n<h5>Farbe<\/h5>\n<p> Intensives Mahaghoni mit goldenen Reflexen. <\/p>\n<h5>Nase<\/h5>\n<p> Der 2019er Bukkuram \u201eSole d\u0313 Agosto\u201c duftet intensiv nach getrockneten Aprikosen, s\u00fc\u00dfer Mango, Datteln, Rosinen, Nougat, Tannenhonig und saftigem Fr\u00fcchtebrot. Abgerundet werden die s\u00fc\u00dfen Aromen von deutlichen R\u00f6stnoten, die an Holzrauch, Tabakkiste und gegrillte Mandeln erinnern. <\/p>\n<h5>Gaumen<\/h5>\n<p> Am Gaumen zeigt sich die S\u00fc\u00dfe, die von einer angenehm frischen Orangen- und Zitrusnote begleitet wird. Welch eine Facette, welch ein Spiel, ein Mega-S\u00fc\u00dfwein, der uns f\u00f6rmlich zu den Speisen, mit denen er harmoniert, hinleitet. Diese Lebendigkeit ist faszinierend<\/p>\n<p>Copyright Vinaturel 2025<\/p>\n<p>Keywords: <a href=\"https:\/\/wein-werte.com\/de\/shop\/?swoof=1&#038;pa_producer=Marco-de-Bartoli\">Marco de Bartoli<\/a> <a href=\"https:\/\/wein-werte.com\/de\/shop\/?swoof=1&#038;woof_text=Bukkuram \"Padre della Vigna\" Passito di Pantelleria DOC\">Bukkuram &#8220;Padre della Vigna&#8221; Passito di Pantelleria DOC<\/a> 2019  <a href=\"https:\/\/wein-werte.com\/de\/shop\/?swoof=1&#038;pa_region=Sizilien\">Sizilien<\/a> <a href=\"https:\/\/wein-werte.com\/de\/shop\/?swoof=1&#038;pa_country=Italien\">Italien<\/a><\/p>\n<p>Internetseite des Weinguts: <a href=\"https:\/\/www.marcodebartoli.com\/en\/\" target=\"_blank\">https:\/\/www.marcodebartoli.com\/en\/<\/a><\/p>\n","protected":false},"excerpt":{"rendered":"<p>Lieferzeit: 1 bis 2 Arbeitstage (DE), 2 bis 5 Arbeitstage (EU and CH)<\/p>\n","protected":false},"featured_media":1141166,"template":"","meta":[],"product_brand":[],"product_cat":[19],"product_tag":[],"class_list":{"0":"post-1129878","1":"product","2":"type-product","3":"status-publish","4":"has-post-thumbnail","6":"product_cat-unkategorisiert","7":"pa_alcohol-for-filter-14-5","8":"pa_certified-biodynamic-nein-de","9":"pa_certified-organic-nein-de","10":"pa_colour-weiss","11":"pa_country-italien","12":"pa_grape-zibibbo","13":"pa_price-for-filter-10619","14":"pa_producer-marco-de-bartoli","15":"pa_region-sizilien","16":"pa_size-ml-7001","17":"pa_sweetness-suess-de","18":"pa_type-2-still-de","19":"pa_vintage-2019-de","20":"entry","21":"has-media","23":"first","24":"instock","25":"taxable","26":"shipping-taxable","27":"purchasable","28":"product-type-simple"},"yoast_head":"<!-- This site is optimized with the Yoast SEO plugin v27.5 - https:\/\/yoast.com\/product\/yoast-seo-wordpress\/ -->\n<title>Marco de Bartoli Bukkuram &quot;Padre della Vigna&quot; Passito di Pantelleria 2019, 500ml<\/title>\n<meta name=\"description\" content=\"Kaufe Marco de Bartoli Bukkuram &quot;Padre della Vigna&quot; Passito di Pantelleria 2019 (Zibibbo, s\u00fc\u00df aus Sizilien, Italien) bei Wein Werte, Ihrem nachhaltigen Onlineshop.\" \/>\n<meta name=\"robots\" content=\"index, follow, max-snippet:-1, max-image-preview:large, max-video-preview:-1\" \/>\n<link rel=\"canonical\" href=\"https:\/\/wein-werte.com\/de\/produkt\/marco-de-bartoli-bukkuram-padre-della-vigna-passito-di-pantelleria-2019-500ml\/\" \/>\n<meta property=\"og:locale\" content=\"de_DE\" \/>\n<meta property=\"og:type\" content=\"article\" \/>\n<meta property=\"og:title\" content=\"Marco de Bartoli Bukkuram &quot;Padre della Vigna&quot; Passito di Pantelleria 2019, 500ml\" \/>\n<meta property=\"og:description\" content=\"Kaufe Marco de Bartoli Bukkuram &quot;Padre della Vigna&quot; Passito di Pantelleria 2019 (Zibibbo, s\u00fc\u00df aus Sizilien, Italien) bei Wein Werte, Ihrem nachhaltigen Onlineshop.\" \/>\n<meta property=\"og:url\" content=\"https:\/\/wein-werte.com\/de\/produkt\/marco-de-bartoli-bukkuram-padre-della-vigna-passito-di-pantelleria-2019-500ml\/\" \/>\n<meta property=\"og:site_name\" content=\"Wein Werte\" \/>\n<meta property=\"og:image\" content=\"https:\/\/wein-werte.com\/wp-content\/uploads\/2026\/04\/Marco-de-Bartoli-Bukkuram-Padre-della-Vigna-Passito-di-Pantelleria-2019-500ml.png\" \/>\n\t<meta property=\"og:image:width\" content=\"284\" \/>\n\t<meta property=\"og:image:height\" content=\"1200\" \/>\n\t<meta property=\"og:image:type\" content=\"image\/png\" \/>\n<meta name=\"twitter:card\" content=\"summary_large_image\" \/>\n<meta name=\"twitter:label1\" content=\"Gesch\u00e4tzte Lesezeit\" \/>\n\t<meta name=\"twitter:data1\" content=\"1\u00a0Minute\" \/>\n<script type=\"application\/ld+json\" class=\"yoast-schema-graph\">{\"@context\":\"https:\\\/\\\/schema.org\",\"@graph\":[{\"@type\":\"WebPage\",\"@id\":\"https:\\\/\\\/wein-werte.com\\\/de\\\/produkt\\\/marco-de-bartoli-bukkuram-padre-della-vigna-passito-di-pantelleria-2019-500ml\\\/\",\"url\":\"https:\\\/\\\/wein-werte.com\\\/de\\\/produkt\\\/marco-de-bartoli-bukkuram-padre-della-vigna-passito-di-pantelleria-2019-500ml\\\/\",\"name\":\"Marco de Bartoli Bukkuram \\\"Padre della Vigna\\\" Passito di Pantelleria 2019, 500ml\",\"isPartOf\":{\"@id\":\"https:\\\/\\\/wein-werte.com\\\/de\\\/#website\"},\"primaryImageOfPage\":{\"@id\":\"https:\\\/\\\/wein-werte.com\\\/de\\\/produkt\\\/marco-de-bartoli-bukkuram-padre-della-vigna-passito-di-pantelleria-2019-500ml\\\/#primaryimage\"},\"image\":{\"@id\":\"https:\\\/\\\/wein-werte.com\\\/de\\\/produkt\\\/marco-de-bartoli-bukkuram-padre-della-vigna-passito-di-pantelleria-2019-500ml\\\/#primaryimage\"},\"thumbnailUrl\":\"https:\\\/\\\/wein-werte.com\\\/wp-content\\\/uploads\\\/2026\\\/04\\\/Marco-de-Bartoli-Bukkuram-Padre-della-Vigna-Passito-di-Pantelleria-2019-500ml.png\",\"datePublished\":\"2026-05-08T18:01:18+00:00\",\"description\":\"Kaufe Marco de Bartoli Bukkuram \\\"Padre della Vigna\\\" Passito di Pantelleria 2019 (Zibibbo, s\u00fc\u00df aus Sizilien, Italien) bei Wein Werte, Ihrem nachhaltigen Onlineshop.\",\"breadcrumb\":{\"@id\":\"https:\\\/\\\/wein-werte.com\\\/de\\\/produkt\\\/marco-de-bartoli-bukkuram-padre-della-vigna-passito-di-pantelleria-2019-500ml\\\/#breadcrumb\"},\"inLanguage\":\"de\",\"potentialAction\":[{\"@type\":\"ReadAction\",\"target\":[\"https:\\\/\\\/wein-werte.com\\\/de\\\/produkt\\\/marco-de-bartoli-bukkuram-padre-della-vigna-passito-di-pantelleria-2019-500ml\\\/\"]}]},{\"@type\":\"ImageObject\",\"inLanguage\":\"de\",\"@id\":\"https:\\\/\\\/wein-werte.com\\\/de\\\/produkt\\\/marco-de-bartoli-bukkuram-padre-della-vigna-passito-di-pantelleria-2019-500ml\\\/#primaryimage\",\"url\":\"https:\\\/\\\/wein-werte.com\\\/wp-content\\\/uploads\\\/2026\\\/04\\\/Marco-de-Bartoli-Bukkuram-Padre-della-Vigna-Passito-di-Pantelleria-2019-500ml.png\",\"contentUrl\":\"https:\\\/\\\/wein-werte.com\\\/wp-content\\\/uploads\\\/2026\\\/04\\\/Marco-de-Bartoli-Bukkuram-Padre-della-Vigna-Passito-di-Pantelleria-2019-500ml.png\",\"width\":284,\"height\":1200,\"caption\":\"Marco de Bartoli Bukkuram \\\"Padre della Vigna\\\" Passito di Pantelleria DOC 2019 500ml\"},{\"@type\":\"BreadcrumbList\",\"@id\":\"https:\\\/\\\/wein-werte.com\\\/de\\\/produkt\\\/marco-de-bartoli-bukkuram-padre-della-vigna-passito-di-pantelleria-2019-500ml\\\/#breadcrumb\",\"itemListElement\":[{\"@type\":\"ListItem\",\"position\":1,\"name\":\"Home\",\"item\":\"https:\\\/\\\/wein-werte.com\\\/de\\\/\"},{\"@type\":\"ListItem\",\"position\":2,\"name\":\"Shop\",\"item\":\"https:\\\/\\\/wein-werte.com\\\/de\\\/shop\\\/\"},{\"@type\":\"ListItem\",\"position\":3,\"name\":\"Marco de Bartoli | Sizilien | Bukkuram &#8220;Padre della Vigna&#8221; Passito di Pantelleria DOC | 2019 | 500ml\"}]},{\"@type\":\"WebSite\",\"@id\":\"https:\\\/\\\/wein-werte.com\\\/de\\\/#website\",\"url\":\"https:\\\/\\\/wein-werte.com\\\/de\\\/\",\"name\":\"Wein Werte\",\"description\":\"\",\"publisher\":{\"@id\":\"https:\\\/\\\/wein-werte.com\\\/de\\\/#organization\"},\"potentialAction\":[{\"@type\":\"SearchAction\",\"target\":{\"@type\":\"EntryPoint\",\"urlTemplate\":\"https:\\\/\\\/wein-werte.com\\\/de\\\/?s={search_term_string}\"},\"query-input\":{\"@type\":\"PropertyValueSpecification\",\"valueRequired\":true,\"valueName\":\"search_term_string\"}}],\"inLanguage\":\"de\"},{\"@type\":\"Organization\",\"@id\":\"https:\\\/\\\/wein-werte.com\\\/de\\\/#organization\",\"name\":\"Vins Fins Thorrold\",\"url\":\"https:\\\/\\\/wein-werte.com\\\/de\\\/\",\"logo\":{\"@type\":\"ImageObject\",\"inLanguage\":\"de\",\"@id\":\"https:\\\/\\\/wein-werte.com\\\/de\\\/#\\\/schema\\\/logo\\\/image\\\/\",\"url\":\"https:\\\/\\\/wein-werte.com\\\/wp-content\\\/uploads\\\/2023\\\/07\\\/Wein_werte_Logo700-1.png\",\"contentUrl\":\"https:\\\/\\\/wein-werte.com\\\/wp-content\\\/uploads\\\/2023\\\/07\\\/Wein_werte_Logo700-1.png\",\"width\":700,\"height\":272,\"caption\":\"Vins Fins Thorrold\"},\"image\":{\"@id\":\"https:\\\/\\\/wein-werte.com\\\/de\\\/#\\\/schema\\\/logo\\\/image\\\/\"}}]}<\/script>\n<!-- \/ Yoast SEO plugin. -->","yoast_head_json":{"title":"Marco de Bartoli Bukkuram \"Padre della Vigna\" Passito di Pantelleria 2019, 500ml","description":"Kaufe Marco de Bartoli Bukkuram \"Padre della Vigna\" Passito di Pantelleria 2019 (Zibibbo, s\u00fc\u00df aus Sizilien, Italien) bei Wein Werte, Ihrem nachhaltigen Onlineshop.","robots":{"index":"index","follow":"follow","max-snippet":"max-snippet:-1","max-image-preview":"max-image-preview:large","max-video-preview":"max-video-preview:-1"},"canonical":"https:\/\/wein-werte.com\/de\/produkt\/marco-de-bartoli-bukkuram-padre-della-vigna-passito-di-pantelleria-2019-500ml\/","og_locale":"de_DE","og_type":"article","og_title":"Marco de Bartoli Bukkuram \"Padre della Vigna\" Passito di Pantelleria 2019, 500ml","og_description":"Kaufe Marco de Bartoli Bukkuram \"Padre della Vigna\" Passito di Pantelleria 2019 (Zibibbo, s\u00fc\u00df aus Sizilien, Italien) bei Wein Werte, Ihrem nachhaltigen Onlineshop.","og_url":"https:\/\/wein-werte.com\/de\/produkt\/marco-de-bartoli-bukkuram-padre-della-vigna-passito-di-pantelleria-2019-500ml\/","og_site_name":"Wein Werte","og_image":[{"width":284,"height":1200,"url":"https:\/\/wein-werte.com\/wp-content\/uploads\/2026\/04\/Marco-de-Bartoli-Bukkuram-Padre-della-Vigna-Passito-di-Pantelleria-2019-500ml.png","type":"image\/png"}],"twitter_card":"summary_large_image","twitter_misc":{"Gesch\u00e4tzte Lesezeit":"1\u00a0Minute"},"schema":{"@context":"https:\/\/schema.org","@graph":[{"@type":"WebPage","@id":"https:\/\/wein-werte.com\/de\/produkt\/marco-de-bartoli-bukkuram-padre-della-vigna-passito-di-pantelleria-2019-500ml\/","url":"https:\/\/wein-werte.com\/de\/produkt\/marco-de-bartoli-bukkuram-padre-della-vigna-passito-di-pantelleria-2019-500ml\/","name":"Marco de Bartoli Bukkuram \"Padre della Vigna\" Passito di Pantelleria 2019, 500ml","isPartOf":{"@id":"https:\/\/wein-werte.com\/de\/#website"},"primaryImageOfPage":{"@id":"https:\/\/wein-werte.com\/de\/produkt\/marco-de-bartoli-bukkuram-padre-della-vigna-passito-di-pantelleria-2019-500ml\/#primaryimage"},"image":{"@id":"https:\/\/wein-werte.com\/de\/produkt\/marco-de-bartoli-bukkuram-padre-della-vigna-passito-di-pantelleria-2019-500ml\/#primaryimage"},"thumbnailUrl":"https:\/\/wein-werte.com\/wp-content\/uploads\/2026\/04\/Marco-de-Bartoli-Bukkuram-Padre-della-Vigna-Passito-di-Pantelleria-2019-500ml.png","datePublished":"2026-05-08T18:01:18+00:00","description":"Kaufe Marco de Bartoli Bukkuram \"Padre della Vigna\" Passito di Pantelleria 2019 (Zibibbo, s\u00fc\u00df aus Sizilien, Italien) bei Wein Werte, Ihrem nachhaltigen Onlineshop.","breadcrumb":{"@id":"https:\/\/wein-werte.com\/de\/produkt\/marco-de-bartoli-bukkuram-padre-della-vigna-passito-di-pantelleria-2019-500ml\/#breadcrumb"},"inLanguage":"de","potentialAction":[{"@type":"ReadAction","target":["https:\/\/wein-werte.com\/de\/produkt\/marco-de-bartoli-bukkuram-padre-della-vigna-passito-di-pantelleria-2019-500ml\/"]}]},{"@type":"ImageObject","inLanguage":"de","@id":"https:\/\/wein-werte.com\/de\/produkt\/marco-de-bartoli-bukkuram-padre-della-vigna-passito-di-pantelleria-2019-500ml\/#primaryimage","url":"https:\/\/wein-werte.com\/wp-content\/uploads\/2026\/04\/Marco-de-Bartoli-Bukkuram-Padre-della-Vigna-Passito-di-Pantelleria-2019-500ml.png","contentUrl":"https:\/\/wein-werte.com\/wp-content\/uploads\/2026\/04\/Marco-de-Bartoli-Bukkuram-Padre-della-Vigna-Passito-di-Pantelleria-2019-500ml.png","width":284,"height":1200,"caption":"Marco de Bartoli Bukkuram \"Padre della Vigna\" Passito di Pantelleria DOC 2019 500ml"},{"@type":"BreadcrumbList","@id":"https:\/\/wein-werte.com\/de\/produkt\/marco-de-bartoli-bukkuram-padre-della-vigna-passito-di-pantelleria-2019-500ml\/#breadcrumb","itemListElement":[{"@type":"ListItem","position":1,"name":"Home","item":"https:\/\/wein-werte.com\/de\/"},{"@type":"ListItem","position":2,"name":"Shop","item":"https:\/\/wein-werte.com\/de\/shop\/"},{"@type":"ListItem","position":3,"name":"Marco de Bartoli | Sizilien | Bukkuram &#8220;Padre della Vigna&#8221; Passito di Pantelleria DOC | 2019 | 500ml"}]},{"@type":"WebSite","@id":"https:\/\/wein-werte.com\/de\/#website","url":"https:\/\/wein-werte.com\/de\/","name":"Wein Werte","description":"","publisher":{"@id":"https:\/\/wein-werte.com\/de\/#organization"},"potentialAction":[{"@type":"SearchAction","target":{"@type":"EntryPoint","urlTemplate":"https:\/\/wein-werte.com\/de\/?s={search_term_string}"},"query-input":{"@type":"PropertyValueSpecification","valueRequired":true,"valueName":"search_term_string"}}],"inLanguage":"de"},{"@type":"Organization","@id":"https:\/\/wein-werte.com\/de\/#organization","name":"Vins Fins Thorrold","url":"https:\/\/wein-werte.com\/de\/","logo":{"@type":"ImageObject","inLanguage":"de","@id":"https:\/\/wein-werte.com\/de\/#\/schema\/logo\/image\/","url":"https:\/\/wein-werte.com\/wp-content\/uploads\/2023\/07\/Wein_werte_Logo700-1.png","contentUrl":"https:\/\/wein-werte.com\/wp-content\/uploads\/2023\/07\/Wein_werte_Logo700-1.png","width":700,"height":272,"caption":"Vins Fins Thorrold"},"image":{"@id":"https:\/\/wein-werte.com\/de\/#\/schema\/logo\/image\/"}}]}},"_links":{"self":[{"href":"https:\/\/wein-werte.com\/de\/wp-json\/wp\/v2\/product\/1129878","targetHints":{"allow":["GET"]}}],"collection":[{"href":"https:\/\/wein-werte.com\/de\/wp-json\/wp\/v2\/product"}],"about":[{"href":"https:\/\/wein-werte.com\/de\/wp-json\/wp\/v2\/types\/product"}],"wp:featuredmedia":[{"embeddable":true,"href":"https:\/\/wein-werte.com\/de\/wp-json\/wp\/v2\/media\/1141166"}],"wp:attachment":[{"href":"https:\/\/wein-werte.com\/de\/wp-json\/wp\/v2\/media?parent=1129878"}],"wp:term":[{"taxonomy":"product_brand","embeddable":true,"href":"https:\/\/wein-werte.com\/de\/wp-json\/wp\/v2\/product_brand?post=1129878"},{"taxonomy":"product_cat","embeddable":true,"href":"https:\/\/wein-werte.com\/de\/wp-json\/wp\/v2\/product_cat?post=1129878"},{"taxonomy":"product_tag","embeddable":true,"href":"https:\/\/wein-werte.com\/de\/wp-json\/wp\/v2\/product_tag?post=1129878"}],"curies":[{"name":"wp","href":"https:\/\/api.w.org\/{rel}","templated":true}]}}