{"id":1129870,"date":"2026-05-08T20:01:18","date_gmt":"2026-05-08T18:01:18","guid":{"rendered":"https:\/\/wein-werte.com\/product\/marco-de-bartoli-marsala-superiore-oro-riserva-1988-1988-500ml\/"},"modified":"2026-04-27T11:45:00","modified_gmt":"2026-04-27T09:45:00","slug":"marco-de-bartoli-marsala-superiore-oro-riserva-1988-1988-500ml","status":"publish","type":"product","link":"https:\/\/wein-werte.com\/de\/produkt\/marco-de-bartoli-marsala-superiore-oro-riserva-1988-1988-500ml\/","title":{"rendered":"Marco de Bartoli | Sizilien | Marsala Superiore Oro Riserva 1988 | 1988 | 500ml"},"content":{"rendered":"<p>Produktbeschreibung f\u00fcr Marco de Bartoli Marsala Superiore Oro Riserva 1988 1988  <\/p>\n<h5>Farbe<\/h5>\n<p> Leuchtendes Bernstein mit zartem Rotstich <\/p>\n<h5>Nase<\/h5>\n<p> Die Nase ist wahnsinnig tiefgr\u00fcndig und vielschichtig. Rauchige Akzente erinnern an ger\u00e4ucherten Speck und Schwarzw\u00e4lder Schinken. Ein wenig Gummiabrieb und alte Autoreifen bringt die einsetzende Reife mit sich. D\u00f6rrobst und N\u00fcsse tauchen in enormer Vielzahl auf. Pflaumen, Aprikosen und Pfirsiche. Datteln, Rosinen und Feigen reihen sich dem ein. Ger\u00f6stete Mandeln breiten sich neben Pekannuss und Paranuss aus. Salzkaramell und Popcorn setzen sehr spannende Akzente. Ganz zart l\u00e4sst sich ein Hauch frischer Aprikosen und Mirabellen attestieren. Zimt und ein wenig wei\u00dfer Pfeffer schwirren im Glas umher. Fr\u00fcchtebrot und Sauerteigbrotkruste sorgen f\u00fcr Tiefe und Ehrlichkeit im Wein. <\/p>\n<h5>Gaumen<\/h5>\n<p> Im Antrunk pr\u00e4sentiert sich der 1988 Marsala Superiore Oro Riserva dann unfassbar ausbalanciert. Er strahlt absolute Ruhe aus, ist in einem sensationell guten Stadium und auch noch von einer pikanten S\u00e4ure gepr\u00e4gt. Die Frucht tritt nur als Randerscheinung auf. Er lebt von schlankem, geradlinigen Charakter, der mit einem zarten Schmelz unterlegt ist. Der Marsala wirkt straight und elegant. Voller Finesse und mit viel Platz f\u00fcr die feinen und vielseitigen Aromen. Fast salzig wirkt er am Gaumen. Frucht, S\u00fc\u00dfe, S\u00e4ure und Bitterstoffe gehen in einem wunderbaren Einklang. Erg\u00e4nzt wird dies durch den vollkommenen Einzug des f\u00fcnften Geschmackssinns: Umami. Sagenhaft! Im Nachhall treten die vielf\u00e4ltigen Aromen der Nase erneut in Erscheinung.<\/p>\n<p>Copyright Vinaturel 2025<\/p>\n<p>Keywords: <a href=\"https:\/\/wein-werte.com\/de\/shop\/?swoof=1&#038;pa_producer=Marco-de-Bartoli\">Marco de Bartoli<\/a> <a href=\"https:\/\/wein-werte.com\/de\/shop\/?swoof=1&#038;woof_text=Marsala Superiore Oro Riserva 1988\">Marsala Superiore Oro Riserva 1988<\/a> 1988  <a href=\"https:\/\/wein-werte.com\/de\/shop\/?swoof=1&#038;pa_region=Sizilien\">Sizilien<\/a> <a href=\"https:\/\/wein-werte.com\/de\/shop\/?swoof=1&#038;pa_country=Italien\">Italien<\/a><\/p>\n<h3>Vinous<\/h3>\n<p>Punkte: 96<\/p>\n<p>Der Marsala Superiore Oro Riserva 1988 hat eine dunkle Bernsteinfarbe mit orangen Reflexen. Er er\u00f6ffnet mit einem Gew\u00fcrzbouquet, das alle Aromen von Herbst und Weihnachten vereint, gepaart mit getrockneten Aprikosen, Pfirsichen und Zedernholzsp\u00e4nen. Er ist samtig weich, aber dennoch gehaltvoll und ausgesprochen w\u00fcrzig, mit einer Spur von gemahlenem Ingwer und sauren Zitrusfr\u00fcchten, die die s\u00e4uerlichen Ankl\u00e4nge von Obstgartenfr\u00fcchten unterstreichen. Butterscotch vereint sich mit Nelken und goldenen Rosinen, w\u00e4hrend der 1988 unglaublich lang und kraftvoll abschlie\u00dft. Er zeigt eine verzeihliche Sch\u00e4rfe, w\u00e4hrend Ankl\u00e4nge von Haselnuss lange nachklingen. Eher ein brauner Spirit als ein Wein, ist der 1988 unwiderstehlich. \u2013 Eric Guido<br \/>Trinkfenster: 2023\u20132038<br \/>Testdatum: September 2023<\/p>\n<p>Internetseite des Weinguts: <a href=\"https:\/\/www.marcodebartoli.com\/en\/\" target=\"_blank\">https:\/\/www.marcodebartoli.com\/en\/<\/a><\/p>\n","protected":false},"excerpt":{"rendered":"<p>Lieferzeit: 1 bis 2 Arbeitstage (DE), 2 bis 5 Arbeitstage (EU and CH)<\/p>\n","protected":false},"featured_media":1141160,"template":"","meta":[],"product_brand":[],"product_cat":[19],"product_tag":[],"class_list":{"0":"post-1129870","1":"product","2":"type-product","3":"status-publish","4":"has-post-thumbnail","6":"product_cat-unkategorisiert","7":"pa_alcohol-for-filter-12923","8":"pa_certified-biodynamic-nein-de","9":"pa_certified-organic-nein-de","10":"pa_colour-weiss","11":"pa_country-italien","12":"pa_grape-grillo","13":"pa_price-for-filter-12796","14":"pa_producer-marco-de-bartoli","15":"pa_region-sizilien","16":"pa_size-ml-7001","17":"pa_sweetness-lieblich-de-2","18":"pa_type-2-still-de","19":"pa_vinous-points-for-filter-20037","20":"pa_vintage-1988-de","21":"entry","22":"has-media","24":"first","25":"instock","26":"taxable","27":"shipping-taxable","28":"purchasable","29":"product-type-simple"},"yoast_head":"<!-- This site is optimized with the Yoast SEO plugin v27.5 - https:\/\/yoast.com\/product\/yoast-seo-wordpress\/ -->\n<title>Marco de Bartoli Marsala Superiore Oro Riserva 1988 1988, 500ml<\/title>\n<meta name=\"description\" content=\"Kaufe Marco de Bartoli Marsala Superiore Oro Riserva 1988 1988 (Grillo, lieblich aus Sizilien, Italien) bei Wein Werte, Ihrem nachhaltigen Onlineshop.\" \/>\n<meta name=\"robots\" content=\"index, follow, max-snippet:-1, max-image-preview:large, max-video-preview:-1\" \/>\n<link rel=\"canonical\" href=\"https:\/\/wein-werte.com\/de\/produkt\/marco-de-bartoli-marsala-superiore-oro-riserva-1988-1988-500ml\/\" \/>\n<meta property=\"og:locale\" content=\"de_DE\" \/>\n<meta property=\"og:type\" content=\"article\" \/>\n<meta property=\"og:title\" content=\"Marco de Bartoli Marsala Superiore Oro Riserva 1988 1988, 500ml\" \/>\n<meta property=\"og:description\" content=\"Kaufe Marco de Bartoli Marsala Superiore Oro Riserva 1988 1988 (Grillo, lieblich aus Sizilien, Italien) bei Wein Werte, Ihrem nachhaltigen Onlineshop.\" \/>\n<meta property=\"og:url\" content=\"https:\/\/wein-werte.com\/de\/produkt\/marco-de-bartoli-marsala-superiore-oro-riserva-1988-1988-500ml\/\" \/>\n<meta property=\"og:site_name\" content=\"Wein Werte\" \/>\n<meta property=\"og:image\" content=\"https:\/\/wein-werte.com\/wp-content\/uploads\/2026\/04\/Marco-de-Bartoli-Marsala-Superiore-Oro-Riserva-1988-1988-500ml.png\" \/>\n\t<meta property=\"og:image:width\" content=\"280\" \/>\n\t<meta property=\"og:image:height\" content=\"1200\" \/>\n\t<meta property=\"og:image:type\" content=\"image\/png\" \/>\n<meta name=\"twitter:card\" content=\"summary_large_image\" \/>\n<meta name=\"twitter:label1\" content=\"Gesch\u00e4tzte Lesezeit\" \/>\n\t<meta name=\"twitter:data1\" content=\"2\u00a0Minuten\" \/>\n<script type=\"application\/ld+json\" class=\"yoast-schema-graph\">{\"@context\":\"https:\\\/\\\/schema.org\",\"@graph\":[{\"@type\":\"WebPage\",\"@id\":\"https:\\\/\\\/wein-werte.com\\\/de\\\/produkt\\\/marco-de-bartoli-marsala-superiore-oro-riserva-1988-1988-500ml\\\/\",\"url\":\"https:\\\/\\\/wein-werte.com\\\/de\\\/produkt\\\/marco-de-bartoli-marsala-superiore-oro-riserva-1988-1988-500ml\\\/\",\"name\":\"Marco de Bartoli Marsala Superiore Oro Riserva 1988 1988, 500ml\",\"isPartOf\":{\"@id\":\"https:\\\/\\\/wein-werte.com\\\/de\\\/#website\"},\"primaryImageOfPage\":{\"@id\":\"https:\\\/\\\/wein-werte.com\\\/de\\\/produkt\\\/marco-de-bartoli-marsala-superiore-oro-riserva-1988-1988-500ml\\\/#primaryimage\"},\"image\":{\"@id\":\"https:\\\/\\\/wein-werte.com\\\/de\\\/produkt\\\/marco-de-bartoli-marsala-superiore-oro-riserva-1988-1988-500ml\\\/#primaryimage\"},\"thumbnailUrl\":\"https:\\\/\\\/wein-werte.com\\\/wp-content\\\/uploads\\\/2026\\\/04\\\/Marco-de-Bartoli-Marsala-Superiore-Oro-Riserva-1988-1988-500ml.png\",\"datePublished\":\"2026-05-08T18:01:18+00:00\",\"description\":\"Kaufe Marco de Bartoli Marsala Superiore Oro Riserva 1988 1988 (Grillo, lieblich aus Sizilien, Italien) bei Wein Werte, Ihrem nachhaltigen Onlineshop.\",\"breadcrumb\":{\"@id\":\"https:\\\/\\\/wein-werte.com\\\/de\\\/produkt\\\/marco-de-bartoli-marsala-superiore-oro-riserva-1988-1988-500ml\\\/#breadcrumb\"},\"inLanguage\":\"de\",\"potentialAction\":[{\"@type\":\"ReadAction\",\"target\":[\"https:\\\/\\\/wein-werte.com\\\/de\\\/produkt\\\/marco-de-bartoli-marsala-superiore-oro-riserva-1988-1988-500ml\\\/\"]}]},{\"@type\":\"ImageObject\",\"inLanguage\":\"de\",\"@id\":\"https:\\\/\\\/wein-werte.com\\\/de\\\/produkt\\\/marco-de-bartoli-marsala-superiore-oro-riserva-1988-1988-500ml\\\/#primaryimage\",\"url\":\"https:\\\/\\\/wein-werte.com\\\/wp-content\\\/uploads\\\/2026\\\/04\\\/Marco-de-Bartoli-Marsala-Superiore-Oro-Riserva-1988-1988-500ml.png\",\"contentUrl\":\"https:\\\/\\\/wein-werte.com\\\/wp-content\\\/uploads\\\/2026\\\/04\\\/Marco-de-Bartoli-Marsala-Superiore-Oro-Riserva-1988-1988-500ml.png\",\"width\":280,\"height\":1200,\"caption\":\"Marco de Bartoli Marsala Superiore Oro Riserva 1988 1988 500ml\"},{\"@type\":\"BreadcrumbList\",\"@id\":\"https:\\\/\\\/wein-werte.com\\\/de\\\/produkt\\\/marco-de-bartoli-marsala-superiore-oro-riserva-1988-1988-500ml\\\/#breadcrumb\",\"itemListElement\":[{\"@type\":\"ListItem\",\"position\":1,\"name\":\"Home\",\"item\":\"https:\\\/\\\/wein-werte.com\\\/de\\\/\"},{\"@type\":\"ListItem\",\"position\":2,\"name\":\"Shop\",\"item\":\"https:\\\/\\\/wein-werte.com\\\/de\\\/shop\\\/\"},{\"@type\":\"ListItem\",\"position\":3,\"name\":\"Marco de Bartoli | Sizilien | Marsala Superiore Oro Riserva 1988 | 1988 | 500ml\"}]},{\"@type\":\"WebSite\",\"@id\":\"https:\\\/\\\/wein-werte.com\\\/de\\\/#website\",\"url\":\"https:\\\/\\\/wein-werte.com\\\/de\\\/\",\"name\":\"Wein Werte\",\"description\":\"\",\"publisher\":{\"@id\":\"https:\\\/\\\/wein-werte.com\\\/de\\\/#organization\"},\"potentialAction\":[{\"@type\":\"SearchAction\",\"target\":{\"@type\":\"EntryPoint\",\"urlTemplate\":\"https:\\\/\\\/wein-werte.com\\\/de\\\/?s={search_term_string}\"},\"query-input\":{\"@type\":\"PropertyValueSpecification\",\"valueRequired\":true,\"valueName\":\"search_term_string\"}}],\"inLanguage\":\"de\"},{\"@type\":\"Organization\",\"@id\":\"https:\\\/\\\/wein-werte.com\\\/de\\\/#organization\",\"name\":\"Vins Fins Thorrold\",\"url\":\"https:\\\/\\\/wein-werte.com\\\/de\\\/\",\"logo\":{\"@type\":\"ImageObject\",\"inLanguage\":\"de\",\"@id\":\"https:\\\/\\\/wein-werte.com\\\/de\\\/#\\\/schema\\\/logo\\\/image\\\/\",\"url\":\"https:\\\/\\\/wein-werte.com\\\/wp-content\\\/uploads\\\/2023\\\/07\\\/Wein_werte_Logo700-1.png\",\"contentUrl\":\"https:\\\/\\\/wein-werte.com\\\/wp-content\\\/uploads\\\/2023\\\/07\\\/Wein_werte_Logo700-1.png\",\"width\":700,\"height\":272,\"caption\":\"Vins Fins Thorrold\"},\"image\":{\"@id\":\"https:\\\/\\\/wein-werte.com\\\/de\\\/#\\\/schema\\\/logo\\\/image\\\/\"}}]}<\/script>\n<!-- \/ Yoast SEO plugin. -->","yoast_head_json":{"title":"Marco de Bartoli Marsala Superiore Oro Riserva 1988 1988, 500ml","description":"Kaufe Marco de Bartoli Marsala Superiore Oro Riserva 1988 1988 (Grillo, lieblich aus Sizilien, Italien) bei Wein Werte, Ihrem nachhaltigen Onlineshop.","robots":{"index":"index","follow":"follow","max-snippet":"max-snippet:-1","max-image-preview":"max-image-preview:large","max-video-preview":"max-video-preview:-1"},"canonical":"https:\/\/wein-werte.com\/de\/produkt\/marco-de-bartoli-marsala-superiore-oro-riserva-1988-1988-500ml\/","og_locale":"de_DE","og_type":"article","og_title":"Marco de Bartoli Marsala Superiore Oro Riserva 1988 1988, 500ml","og_description":"Kaufe Marco de Bartoli Marsala Superiore Oro Riserva 1988 1988 (Grillo, lieblich aus Sizilien, Italien) bei Wein Werte, Ihrem nachhaltigen Onlineshop.","og_url":"https:\/\/wein-werte.com\/de\/produkt\/marco-de-bartoli-marsala-superiore-oro-riserva-1988-1988-500ml\/","og_site_name":"Wein Werte","og_image":[{"width":280,"height":1200,"url":"https:\/\/wein-werte.com\/wp-content\/uploads\/2026\/04\/Marco-de-Bartoli-Marsala-Superiore-Oro-Riserva-1988-1988-500ml.png","type":"image\/png"}],"twitter_card":"summary_large_image","twitter_misc":{"Gesch\u00e4tzte Lesezeit":"2\u00a0Minuten"},"schema":{"@context":"https:\/\/schema.org","@graph":[{"@type":"WebPage","@id":"https:\/\/wein-werte.com\/de\/produkt\/marco-de-bartoli-marsala-superiore-oro-riserva-1988-1988-500ml\/","url":"https:\/\/wein-werte.com\/de\/produkt\/marco-de-bartoli-marsala-superiore-oro-riserva-1988-1988-500ml\/","name":"Marco de Bartoli Marsala Superiore Oro Riserva 1988 1988, 500ml","isPartOf":{"@id":"https:\/\/wein-werte.com\/de\/#website"},"primaryImageOfPage":{"@id":"https:\/\/wein-werte.com\/de\/produkt\/marco-de-bartoli-marsala-superiore-oro-riserva-1988-1988-500ml\/#primaryimage"},"image":{"@id":"https:\/\/wein-werte.com\/de\/produkt\/marco-de-bartoli-marsala-superiore-oro-riserva-1988-1988-500ml\/#primaryimage"},"thumbnailUrl":"https:\/\/wein-werte.com\/wp-content\/uploads\/2026\/04\/Marco-de-Bartoli-Marsala-Superiore-Oro-Riserva-1988-1988-500ml.png","datePublished":"2026-05-08T18:01:18+00:00","description":"Kaufe Marco de Bartoli Marsala Superiore Oro Riserva 1988 1988 (Grillo, lieblich aus Sizilien, Italien) bei Wein Werte, Ihrem nachhaltigen Onlineshop.","breadcrumb":{"@id":"https:\/\/wein-werte.com\/de\/produkt\/marco-de-bartoli-marsala-superiore-oro-riserva-1988-1988-500ml\/#breadcrumb"},"inLanguage":"de","potentialAction":[{"@type":"ReadAction","target":["https:\/\/wein-werte.com\/de\/produkt\/marco-de-bartoli-marsala-superiore-oro-riserva-1988-1988-500ml\/"]}]},{"@type":"ImageObject","inLanguage":"de","@id":"https:\/\/wein-werte.com\/de\/produkt\/marco-de-bartoli-marsala-superiore-oro-riserva-1988-1988-500ml\/#primaryimage","url":"https:\/\/wein-werte.com\/wp-content\/uploads\/2026\/04\/Marco-de-Bartoli-Marsala-Superiore-Oro-Riserva-1988-1988-500ml.png","contentUrl":"https:\/\/wein-werte.com\/wp-content\/uploads\/2026\/04\/Marco-de-Bartoli-Marsala-Superiore-Oro-Riserva-1988-1988-500ml.png","width":280,"height":1200,"caption":"Marco de Bartoli Marsala Superiore Oro Riserva 1988 1988 500ml"},{"@type":"BreadcrumbList","@id":"https:\/\/wein-werte.com\/de\/produkt\/marco-de-bartoli-marsala-superiore-oro-riserva-1988-1988-500ml\/#breadcrumb","itemListElement":[{"@type":"ListItem","position":1,"name":"Home","item":"https:\/\/wein-werte.com\/de\/"},{"@type":"ListItem","position":2,"name":"Shop","item":"https:\/\/wein-werte.com\/de\/shop\/"},{"@type":"ListItem","position":3,"name":"Marco de Bartoli | Sizilien | Marsala Superiore Oro Riserva 1988 | 1988 | 500ml"}]},{"@type":"WebSite","@id":"https:\/\/wein-werte.com\/de\/#website","url":"https:\/\/wein-werte.com\/de\/","name":"Wein Werte","description":"","publisher":{"@id":"https:\/\/wein-werte.com\/de\/#organization"},"potentialAction":[{"@type":"SearchAction","target":{"@type":"EntryPoint","urlTemplate":"https:\/\/wein-werte.com\/de\/?s={search_term_string}"},"query-input":{"@type":"PropertyValueSpecification","valueRequired":true,"valueName":"search_term_string"}}],"inLanguage":"de"},{"@type":"Organization","@id":"https:\/\/wein-werte.com\/de\/#organization","name":"Vins Fins Thorrold","url":"https:\/\/wein-werte.com\/de\/","logo":{"@type":"ImageObject","inLanguage":"de","@id":"https:\/\/wein-werte.com\/de\/#\/schema\/logo\/image\/","url":"https:\/\/wein-werte.com\/wp-content\/uploads\/2023\/07\/Wein_werte_Logo700-1.png","contentUrl":"https:\/\/wein-werte.com\/wp-content\/uploads\/2023\/07\/Wein_werte_Logo700-1.png","width":700,"height":272,"caption":"Vins Fins Thorrold"},"image":{"@id":"https:\/\/wein-werte.com\/de\/#\/schema\/logo\/image\/"}}]}},"_links":{"self":[{"href":"https:\/\/wein-werte.com\/de\/wp-json\/wp\/v2\/product\/1129870","targetHints":{"allow":["GET"]}}],"collection":[{"href":"https:\/\/wein-werte.com\/de\/wp-json\/wp\/v2\/product"}],"about":[{"href":"https:\/\/wein-werte.com\/de\/wp-json\/wp\/v2\/types\/product"}],"wp:featuredmedia":[{"embeddable":true,"href":"https:\/\/wein-werte.com\/de\/wp-json\/wp\/v2\/media\/1141160"}],"wp:attachment":[{"href":"https:\/\/wein-werte.com\/de\/wp-json\/wp\/v2\/media?parent=1129870"}],"wp:term":[{"taxonomy":"product_brand","embeddable":true,"href":"https:\/\/wein-werte.com\/de\/wp-json\/wp\/v2\/product_brand?post=1129870"},{"taxonomy":"product_cat","embeddable":true,"href":"https:\/\/wein-werte.com\/de\/wp-json\/wp\/v2\/product_cat?post=1129870"},{"taxonomy":"product_tag","embeddable":true,"href":"https:\/\/wein-werte.com\/de\/wp-json\/wp\/v2\/product_tag?post=1129870"}],"curies":[{"name":"wp","href":"https:\/\/api.w.org\/{rel}","templated":true}]}}