{"id":1129847,"date":"2026-05-08T20:01:13","date_gmt":"2026-05-08T18:01:13","guid":{"rendered":"https:\/\/wein-werte.com\/product\/i-vigneri-di-salvo-foti-radica-rosso-2023-750ml\/"},"modified":"2026-04-27T11:44:57","modified_gmt":"2026-04-27T09:44:57","slug":"i-vigneri-di-salvo-foti-radica-rosso-2023-750ml","status":"publish","type":"product","link":"https:\/\/wein-werte.com\/de\/produkt\/i-vigneri-di-salvo-foti-radica-rosso-2023-750ml\/","title":{"rendered":"I Vigneri di Salvo Foti | Sizilien | Radica Rosso | 2023 | 750ml"},"content":{"rendered":"<p>Produktbeschreibung f\u00fcr I Vigneri di Salvo Foti Radica Rosso 2023  <\/p>\n<h5>Farbe<\/h5>\n<p> Intensives leuchtendes Purpur mit violetten Reflexen und hellem Rund <\/p>\n<h5>Nase<\/h5>\n<p> Der Radica Rosso aus dem Jahrgang 2023 duftet intensiv fruchtig und dunkel. Er offenbart uns einen Fr\u00fcchtemix aus S\u00fc\u00dfkirsche, Brombeere und Schattenmorelle sowie vor allem dunkle , florale Aromen. So lassen sich Veilchen, Stiefm\u00fctterchen und Hibiskus entdecken. Frucht und Bl\u00fcte agieren herrlich zusammen. Dahinter verbergen sich noch blaue Akzente, die an Pflaume sowie Reinclauden erinnern. Diese Frucht brilliert durch ihre Verm\u00e4hlung mit den Steinen und damit einem mandelartigen Charakter. Auf der w\u00fcrzigen Seite legt er uns Wacholder, Piment und Pfeffer vor die Nase. Gr\u00fcn zeigt er auch Ankl\u00e4nge von Pyrazin und Ge\u00e4st. Johannisbeerstrauchholz, Unterholz und Ge\u00e4st. Rosmarin, Minze und Eukalyptus erg\u00e4nzen dies mit erfrischend, herbalen Elementen. Insgesamt wei\u00df der Radica Rosso durch viel Finesse zu \u00fcberzeugen. <\/p>\n<h5>Gaumen<\/h5>\n<p> Am Gaumen zeigt er weder Tannin und den Einsatz von Holz. Daf\u00fcr pr\u00e4gt ihn umso mehr eine rassige S\u00e4urestruktur. Dieser Wein vom Etna aus Milo ist straff, elegant und k\u00fchl. Er wirkt dabei seidig glatt. Strapazierf\u00e4hig, doch nicht ausladend. Steinig und mineralisch wie Basaltgestein aus der Eifel. Eine herbe Note verleiht ihm eine gewisse Kante. \u00dcberwindend man diesen Moment, tritt die Frucht wieder in Erscheinung. Knackig und frisch. Schattenmorelle, Sauerkirsche, rote Johannisbeere sowie viel Trinkanimation. Die Gew\u00fcrze und Kr\u00e4uter der Nase dominieren daf\u00fcr den Nachhall. <\/p>\n<p>Copyright Vinaturel 2025<\/p>\n<p>Keywords: <a href=\"https:\/\/wein-werte.com\/de\/shop\/?swoof=1&#038;pa_producer=I-Vigneri-di-Salvo-Foti\">I Vigneri di Salvo Foti<\/a> <a href=\"https:\/\/wein-werte.com\/de\/shop\/?swoof=1&#038;woof_text=Radica Rosso\">Radica Rosso<\/a> 2023  <a href=\"https:\/\/wein-werte.com\/de\/shop\/?swoof=1&#038;pa_region=Sizilien\">Sizilien<\/a> <a href=\"https:\/\/wein-werte.com\/de\/shop\/?swoof=1&#038;pa_country=Italien\">Italien<\/a><\/p>\n<p>Internetseite des Weinguts: <a href=\"https:\/\/www.ivigneri.it\/en\/\" target=\"_blank\">https:\/\/www.ivigneri.it\/en\/<\/a><\/p>\n","protected":false},"excerpt":{"rendered":"<p>Lieferzeit: 1 bis 2 Arbeitstage (DE), 2 bis 5 Arbeitstage (EU and CH)<\/p>\n","protected":false},"featured_media":1141142,"template":"","meta":[],"product_brand":[],"product_cat":[19],"product_tag":[],"class_list":{"0":"post-1129847","1":"product","2":"type-product","3":"status-publish","4":"has-post-thumbnail","6":"product_cat-unkategorisiert","7":"pa_alcohol-for-filter-12893","8":"pa_certified-biodynamic-nein-de","9":"pa_certified-organic-nein-de","10":"pa_colour-rot","11":"pa_country-italien","12":"pa_grape-grenache","13":"pa_price-for-filter-10584","14":"pa_producer-i-vigneri-di-salvo-foti","15":"pa_region-sizilien","16":"pa_size-ml-6584","17":"pa_sweetness-trocken-de","18":"pa_type-2-still-de","19":"pa_vintage-2023-de","20":"entry","21":"has-media","23":"first","24":"instock","25":"taxable","26":"shipping-taxable","27":"purchasable","28":"product-type-simple"},"yoast_head":"<!-- This site is optimized with the Yoast SEO plugin v27.5 - https:\/\/yoast.com\/product\/yoast-seo-wordpress\/ -->\n<title>I Vigneri di Salvo Foti Radica Rosso 2023<\/title>\n<meta name=\"description\" content=\"Kaufe I Vigneri di Salvo Foti Radica Rosso 2023 (Grenache, trocken aus Sizilien, Italien) bei Wein Werte, Ihrem nachhaltigen Onlineshop.\" \/>\n<meta name=\"robots\" content=\"index, follow, max-snippet:-1, max-image-preview:large, max-video-preview:-1\" \/>\n<link rel=\"canonical\" href=\"https:\/\/wein-werte.com\/de\/produkt\/i-vigneri-di-salvo-foti-radica-rosso-2023-750ml\/\" \/>\n<meta property=\"og:locale\" content=\"de_DE\" \/>\n<meta property=\"og:type\" content=\"article\" \/>\n<meta property=\"og:title\" content=\"I Vigneri di Salvo Foti Radica Rosso 2023\" \/>\n<meta property=\"og:description\" content=\"Kaufe I Vigneri di Salvo Foti Radica Rosso 2023 (Grenache, trocken aus Sizilien, Italien) bei Wein Werte, Ihrem nachhaltigen Onlineshop.\" \/>\n<meta property=\"og:url\" content=\"https:\/\/wein-werte.com\/de\/produkt\/i-vigneri-di-salvo-foti-radica-rosso-2023-750ml\/\" \/>\n<meta property=\"og:site_name\" content=\"Wein Werte\" \/>\n<meta property=\"og:image\" content=\"https:\/\/wein-werte.com\/wp-content\/uploads\/2026\/04\/I-Vigneri-di-Salvo-Foti-Radica-Rosso-2023-750ml.png\" \/>\n\t<meta property=\"og:image:width\" content=\"342\" \/>\n\t<meta property=\"og:image:height\" content=\"1200\" \/>\n\t<meta property=\"og:image:type\" content=\"image\/png\" \/>\n<meta name=\"twitter:card\" content=\"summary_large_image\" \/>\n<meta name=\"twitter:label1\" content=\"Gesch\u00e4tzte Lesezeit\" \/>\n\t<meta name=\"twitter:data1\" content=\"1\u00a0Minute\" \/>\n<script type=\"application\/ld+json\" class=\"yoast-schema-graph\">{\"@context\":\"https:\\\/\\\/schema.org\",\"@graph\":[{\"@type\":\"WebPage\",\"@id\":\"https:\\\/\\\/wein-werte.com\\\/de\\\/produkt\\\/i-vigneri-di-salvo-foti-radica-rosso-2023-750ml\\\/\",\"url\":\"https:\\\/\\\/wein-werte.com\\\/de\\\/produkt\\\/i-vigneri-di-salvo-foti-radica-rosso-2023-750ml\\\/\",\"name\":\"I Vigneri di Salvo Foti Radica Rosso 2023\",\"isPartOf\":{\"@id\":\"https:\\\/\\\/wein-werte.com\\\/de\\\/#website\"},\"primaryImageOfPage\":{\"@id\":\"https:\\\/\\\/wein-werte.com\\\/de\\\/produkt\\\/i-vigneri-di-salvo-foti-radica-rosso-2023-750ml\\\/#primaryimage\"},\"image\":{\"@id\":\"https:\\\/\\\/wein-werte.com\\\/de\\\/produkt\\\/i-vigneri-di-salvo-foti-radica-rosso-2023-750ml\\\/#primaryimage\"},\"thumbnailUrl\":\"https:\\\/\\\/wein-werte.com\\\/wp-content\\\/uploads\\\/2026\\\/04\\\/I-Vigneri-di-Salvo-Foti-Radica-Rosso-2023-750ml.png\",\"datePublished\":\"2026-05-08T18:01:13+00:00\",\"description\":\"Kaufe I Vigneri di Salvo Foti Radica Rosso 2023 (Grenache, trocken aus Sizilien, Italien) bei Wein Werte, Ihrem nachhaltigen Onlineshop.\",\"breadcrumb\":{\"@id\":\"https:\\\/\\\/wein-werte.com\\\/de\\\/produkt\\\/i-vigneri-di-salvo-foti-radica-rosso-2023-750ml\\\/#breadcrumb\"},\"inLanguage\":\"de\",\"potentialAction\":[{\"@type\":\"ReadAction\",\"target\":[\"https:\\\/\\\/wein-werte.com\\\/de\\\/produkt\\\/i-vigneri-di-salvo-foti-radica-rosso-2023-750ml\\\/\"]}]},{\"@type\":\"ImageObject\",\"inLanguage\":\"de\",\"@id\":\"https:\\\/\\\/wein-werte.com\\\/de\\\/produkt\\\/i-vigneri-di-salvo-foti-radica-rosso-2023-750ml\\\/#primaryimage\",\"url\":\"https:\\\/\\\/wein-werte.com\\\/wp-content\\\/uploads\\\/2026\\\/04\\\/I-Vigneri-di-Salvo-Foti-Radica-Rosso-2023-750ml.png\",\"contentUrl\":\"https:\\\/\\\/wein-werte.com\\\/wp-content\\\/uploads\\\/2026\\\/04\\\/I-Vigneri-di-Salvo-Foti-Radica-Rosso-2023-750ml.png\",\"width\":342,\"height\":1200,\"caption\":\"I Vigneri di Salvo Foti Radica Rosso 2023 750ml\"},{\"@type\":\"BreadcrumbList\",\"@id\":\"https:\\\/\\\/wein-werte.com\\\/de\\\/produkt\\\/i-vigneri-di-salvo-foti-radica-rosso-2023-750ml\\\/#breadcrumb\",\"itemListElement\":[{\"@type\":\"ListItem\",\"position\":1,\"name\":\"Home\",\"item\":\"https:\\\/\\\/wein-werte.com\\\/de\\\/\"},{\"@type\":\"ListItem\",\"position\":2,\"name\":\"Shop\",\"item\":\"https:\\\/\\\/wein-werte.com\\\/de\\\/shop\\\/\"},{\"@type\":\"ListItem\",\"position\":3,\"name\":\"I Vigneri di Salvo Foti | Sizilien | Radica Rosso | 2023 | 750ml\"}]},{\"@type\":\"WebSite\",\"@id\":\"https:\\\/\\\/wein-werte.com\\\/de\\\/#website\",\"url\":\"https:\\\/\\\/wein-werte.com\\\/de\\\/\",\"name\":\"Wein Werte\",\"description\":\"\",\"publisher\":{\"@id\":\"https:\\\/\\\/wein-werte.com\\\/de\\\/#organization\"},\"potentialAction\":[{\"@type\":\"SearchAction\",\"target\":{\"@type\":\"EntryPoint\",\"urlTemplate\":\"https:\\\/\\\/wein-werte.com\\\/de\\\/?s={search_term_string}\"},\"query-input\":{\"@type\":\"PropertyValueSpecification\",\"valueRequired\":true,\"valueName\":\"search_term_string\"}}],\"inLanguage\":\"de\"},{\"@type\":\"Organization\",\"@id\":\"https:\\\/\\\/wein-werte.com\\\/de\\\/#organization\",\"name\":\"Vins Fins Thorrold\",\"url\":\"https:\\\/\\\/wein-werte.com\\\/de\\\/\",\"logo\":{\"@type\":\"ImageObject\",\"inLanguage\":\"de\",\"@id\":\"https:\\\/\\\/wein-werte.com\\\/de\\\/#\\\/schema\\\/logo\\\/image\\\/\",\"url\":\"https:\\\/\\\/wein-werte.com\\\/wp-content\\\/uploads\\\/2023\\\/07\\\/Wein_werte_Logo700-1.png\",\"contentUrl\":\"https:\\\/\\\/wein-werte.com\\\/wp-content\\\/uploads\\\/2023\\\/07\\\/Wein_werte_Logo700-1.png\",\"width\":700,\"height\":272,\"caption\":\"Vins Fins Thorrold\"},\"image\":{\"@id\":\"https:\\\/\\\/wein-werte.com\\\/de\\\/#\\\/schema\\\/logo\\\/image\\\/\"}}]}<\/script>\n<!-- \/ Yoast SEO plugin. -->","yoast_head_json":{"title":"I Vigneri di Salvo Foti Radica Rosso 2023","description":"Kaufe I Vigneri di Salvo Foti Radica Rosso 2023 (Grenache, trocken aus Sizilien, Italien) bei Wein Werte, Ihrem nachhaltigen Onlineshop.","robots":{"index":"index","follow":"follow","max-snippet":"max-snippet:-1","max-image-preview":"max-image-preview:large","max-video-preview":"max-video-preview:-1"},"canonical":"https:\/\/wein-werte.com\/de\/produkt\/i-vigneri-di-salvo-foti-radica-rosso-2023-750ml\/","og_locale":"de_DE","og_type":"article","og_title":"I Vigneri di Salvo Foti Radica Rosso 2023","og_description":"Kaufe I Vigneri di Salvo Foti Radica Rosso 2023 (Grenache, trocken aus Sizilien, Italien) bei Wein Werte, Ihrem nachhaltigen Onlineshop.","og_url":"https:\/\/wein-werte.com\/de\/produkt\/i-vigneri-di-salvo-foti-radica-rosso-2023-750ml\/","og_site_name":"Wein Werte","og_image":[{"width":342,"height":1200,"url":"https:\/\/wein-werte.com\/wp-content\/uploads\/2026\/04\/I-Vigneri-di-Salvo-Foti-Radica-Rosso-2023-750ml.png","type":"image\/png"}],"twitter_card":"summary_large_image","twitter_misc":{"Gesch\u00e4tzte Lesezeit":"1\u00a0Minute"},"schema":{"@context":"https:\/\/schema.org","@graph":[{"@type":"WebPage","@id":"https:\/\/wein-werte.com\/de\/produkt\/i-vigneri-di-salvo-foti-radica-rosso-2023-750ml\/","url":"https:\/\/wein-werte.com\/de\/produkt\/i-vigneri-di-salvo-foti-radica-rosso-2023-750ml\/","name":"I Vigneri di Salvo Foti Radica Rosso 2023","isPartOf":{"@id":"https:\/\/wein-werte.com\/de\/#website"},"primaryImageOfPage":{"@id":"https:\/\/wein-werte.com\/de\/produkt\/i-vigneri-di-salvo-foti-radica-rosso-2023-750ml\/#primaryimage"},"image":{"@id":"https:\/\/wein-werte.com\/de\/produkt\/i-vigneri-di-salvo-foti-radica-rosso-2023-750ml\/#primaryimage"},"thumbnailUrl":"https:\/\/wein-werte.com\/wp-content\/uploads\/2026\/04\/I-Vigneri-di-Salvo-Foti-Radica-Rosso-2023-750ml.png","datePublished":"2026-05-08T18:01:13+00:00","description":"Kaufe I Vigneri di Salvo Foti Radica Rosso 2023 (Grenache, trocken aus Sizilien, Italien) bei Wein Werte, Ihrem nachhaltigen Onlineshop.","breadcrumb":{"@id":"https:\/\/wein-werte.com\/de\/produkt\/i-vigneri-di-salvo-foti-radica-rosso-2023-750ml\/#breadcrumb"},"inLanguage":"de","potentialAction":[{"@type":"ReadAction","target":["https:\/\/wein-werte.com\/de\/produkt\/i-vigneri-di-salvo-foti-radica-rosso-2023-750ml\/"]}]},{"@type":"ImageObject","inLanguage":"de","@id":"https:\/\/wein-werte.com\/de\/produkt\/i-vigneri-di-salvo-foti-radica-rosso-2023-750ml\/#primaryimage","url":"https:\/\/wein-werte.com\/wp-content\/uploads\/2026\/04\/I-Vigneri-di-Salvo-Foti-Radica-Rosso-2023-750ml.png","contentUrl":"https:\/\/wein-werte.com\/wp-content\/uploads\/2026\/04\/I-Vigneri-di-Salvo-Foti-Radica-Rosso-2023-750ml.png","width":342,"height":1200,"caption":"I Vigneri di Salvo Foti Radica Rosso 2023 750ml"},{"@type":"BreadcrumbList","@id":"https:\/\/wein-werte.com\/de\/produkt\/i-vigneri-di-salvo-foti-radica-rosso-2023-750ml\/#breadcrumb","itemListElement":[{"@type":"ListItem","position":1,"name":"Home","item":"https:\/\/wein-werte.com\/de\/"},{"@type":"ListItem","position":2,"name":"Shop","item":"https:\/\/wein-werte.com\/de\/shop\/"},{"@type":"ListItem","position":3,"name":"I Vigneri di Salvo Foti | Sizilien | Radica Rosso | 2023 | 750ml"}]},{"@type":"WebSite","@id":"https:\/\/wein-werte.com\/de\/#website","url":"https:\/\/wein-werte.com\/de\/","name":"Wein Werte","description":"","publisher":{"@id":"https:\/\/wein-werte.com\/de\/#organization"},"potentialAction":[{"@type":"SearchAction","target":{"@type":"EntryPoint","urlTemplate":"https:\/\/wein-werte.com\/de\/?s={search_term_string}"},"query-input":{"@type":"PropertyValueSpecification","valueRequired":true,"valueName":"search_term_string"}}],"inLanguage":"de"},{"@type":"Organization","@id":"https:\/\/wein-werte.com\/de\/#organization","name":"Vins Fins Thorrold","url":"https:\/\/wein-werte.com\/de\/","logo":{"@type":"ImageObject","inLanguage":"de","@id":"https:\/\/wein-werte.com\/de\/#\/schema\/logo\/image\/","url":"https:\/\/wein-werte.com\/wp-content\/uploads\/2023\/07\/Wein_werte_Logo700-1.png","contentUrl":"https:\/\/wein-werte.com\/wp-content\/uploads\/2023\/07\/Wein_werte_Logo700-1.png","width":700,"height":272,"caption":"Vins Fins Thorrold"},"image":{"@id":"https:\/\/wein-werte.com\/de\/#\/schema\/logo\/image\/"}}]}},"_links":{"self":[{"href":"https:\/\/wein-werte.com\/de\/wp-json\/wp\/v2\/product\/1129847","targetHints":{"allow":["GET"]}}],"collection":[{"href":"https:\/\/wein-werte.com\/de\/wp-json\/wp\/v2\/product"}],"about":[{"href":"https:\/\/wein-werte.com\/de\/wp-json\/wp\/v2\/types\/product"}],"wp:featuredmedia":[{"embeddable":true,"href":"https:\/\/wein-werte.com\/de\/wp-json\/wp\/v2\/media\/1141142"}],"wp:attachment":[{"href":"https:\/\/wein-werte.com\/de\/wp-json\/wp\/v2\/media?parent=1129847"}],"wp:term":[{"taxonomy":"product_brand","embeddable":true,"href":"https:\/\/wein-werte.com\/de\/wp-json\/wp\/v2\/product_brand?post=1129847"},{"taxonomy":"product_cat","embeddable":true,"href":"https:\/\/wein-werte.com\/de\/wp-json\/wp\/v2\/product_cat?post=1129847"},{"taxonomy":"product_tag","embeddable":true,"href":"https:\/\/wein-werte.com\/de\/wp-json\/wp\/v2\/product_tag?post=1129847"}],"curies":[{"name":"wp","href":"https:\/\/api.w.org\/{rel}","templated":true}]}}