{"id":1129844,"date":"2026-05-08T20:01:13","date_gmt":"2026-05-08T18:01:13","guid":{"rendered":"https:\/\/wein-werte.com\/product\/i-vigneri-di-salvo-foti-vinupetra-viti-centenarie-rosso-2018-750ml\/"},"modified":"2026-04-27T11:44:57","modified_gmt":"2026-04-27T09:44:57","slug":"i-vigneri-di-salvo-foti-vinupetra-viti-centenarie-rosso-2018-750ml","status":"publish","type":"product","link":"https:\/\/wein-werte.com\/de\/produkt\/i-vigneri-di-salvo-foti-vinupetra-viti-centenarie-rosso-2018-750ml\/","title":{"rendered":"I Vigneri di Salvo Foti | Sizilien | Vinupetra Viti Centenarie Rosso DOC | 2018 | 750ml"},"content":{"rendered":"<p>Produktbeschreibung f\u00fcr I Vigneri di Salvo Foti Vinupetra Viti Centenarie Rosso DOC 2018  <\/p>\n<h5>Info zum Wein<\/h5>\n<p> Vinupetra: ist ein Wort aus dem sizilianischen Dialekt und bedeutet &#8220;Wein, der auf einem Boden voller Steine erzeugt wird&#8221;. Der Weinberg wird von Hand und mit nat\u00fcrlichen Produkten bewirtschaftet. Bei der Weinbereitung wird keine Biotechnologie eingesetzt, Abstich und Abf\u00fcllung erfolgen nach den Mondphasen. Alle Flaschen sind nummeriert und tragen die Nummer auf dem Hauptetikett. Contrada: Porcaria in der Gemeinde Castiglione di Sicilia &#8211; \u00c4tna Nord auf 580 m \u00fc.d.M. Parcella: VignaCalderara Rebsorten: 80% Nerello Mascalese, 10% Nerello Cappuccio, 10% Grenache. <\/p>\n<h5>Info zum Ausbau<\/h5>\n<p> Kelterung der Trauben, davon 30% mit Stielen. Mazeration mit dem mindestens 15 Tage in Holzbottichen mit einheimischen Hefen aus Palmenti am \u00c4tna 12 Tage alkoholische G\u00e4rung, Reifung f\u00fcr 12-18 Monate in 225 und 500 Liter F\u00e4ssern und in der Flasche f\u00fcr mindestens 1 Jahr. Leichte Filtration nur bei der Abf\u00fcllung, sehr geringer Zusatz von Schwefel, lediglich bei der Abf\u00fcllung. <\/p>\n<h5>Farbe<\/h5>\n<p> Dichtes und gedecktes Schwarzrot, fast farbdicht bis zum Rand. <\/p>\n<h5>Nase<\/h5>\n<p> Der 2018er Vinupetra Viti Centenaire Rosso von Salvo Foti rinnt \u00f6lig ins Glas und beeindruckt mit einer \u00fcberragenden Intensit\u00e4t an Aroma. Von eingelegten Brombeeren, Cassislik\u00f6r, schwarzen s\u00fc\u00dfen Kirschen, bis hin zu edler dunkler Schokolade, Kaffee, ger\u00e4uchertem Fleisch, gegrilltem Rosmarin, Veilchen, Tr\u00fcffel und S\u00fc\u00dfholz bietet dieser Rotwein alles das, was man einen fulminanten Auftritt nennt, voller Tiefe und mit viel Mineralit\u00e4t und Ausdruck. <\/p>\n<h5>Gaumen<\/h5>\n<p> Dichte und Intensit\u00e4t ist auch das, was das Meisterwerk von Salvo Foti am Gaumen ausmacht, geschmeidig mit viel s\u00fc\u00dfer und bet\u00f6render Frucht, kr\u00e4utriger Frische, zupackender Kraft und L\u00e4nge. Ein wunderbarer Langstreckenl\u00e4ufer, der sich in den n\u00e4chsten Jahren noch fantastisch weiterentwickeln wird und bereits in seinem jugendlichen Stadium perfekt mit intensiver K\u00fcche mit konzentrierten Saucen harmoniert. Ein Feuerwerk sondergleichen, aus dem ebenso feurigen Sizilien! Bitte mit ausreichend Vorlauf dekantieren und leicht gek\u00fchlt servieren.<\/p>\n<p>Copyright Vinaturel 2025<\/p>\n<p>Keywords: <a href=\"https:\/\/wein-werte.com\/de\/shop\/?swoof=1&#038;pa_producer=I-Vigneri-di-Salvo-Foti\">I Vigneri di Salvo Foti<\/a> <a href=\"https:\/\/wein-werte.com\/de\/shop\/?swoof=1&#038;woof_text=Vinupetra Viti Centenarie Rosso DOC\">Vinupetra Viti Centenarie Rosso DOC<\/a> 2018  <a href=\"https:\/\/wein-werte.com\/de\/shop\/?swoof=1&#038;pa_region=Sizilien\">Sizilien<\/a> <a href=\"https:\/\/wein-werte.com\/de\/shop\/?swoof=1&#038;pa_country=Italien\">Italien<\/a><\/p>\n<p>Internetseite des Weinguts: <a href=\"https:\/\/www.ivigneri.it\/en\/\" target=\"_blank\">https:\/\/www.ivigneri.it\/en\/<\/a><\/p>\n","protected":false},"excerpt":{"rendered":"<p>Lieferzeit: 1 bis 2 Arbeitstage (DE), 2 bis 5 Arbeitstage (EU and CH)<\/p>\n","protected":false},"featured_media":1141140,"template":"","meta":[],"product_brand":[],"product_cat":[19],"product_tag":[],"class_list":{"0":"post-1129844","1":"product","2":"type-product","3":"status-publish","4":"has-post-thumbnail","6":"product_cat-unkategorisiert","7":"pa_alcohol-for-filter-13-5","8":"pa_certified-biodynamic-nein-de","9":"pa_certified-organic-nein-de","10":"pa_colour-rot","11":"pa_country-italien","12":"pa_price-for-filter-10701","13":"pa_producer-i-vigneri-di-salvo-foti","14":"pa_region-sizilien","15":"pa_size-ml-6584","16":"pa_sweetness-trocken-de","17":"pa_type-2-still-de","18":"pa_vintage-2018-de","19":"entry","20":"has-media","22":"first","23":"instock","24":"taxable","25":"shipping-taxable","26":"purchasable","27":"product-type-simple"},"yoast_head":"<!-- This site is optimized with the Yoast SEO plugin v27.5 - https:\/\/yoast.com\/product\/yoast-seo-wordpress\/ -->\n<title>I Vigneri di Salvo Foti Vinupetra Viti Centenarie Rosso 2018<\/title>\n<meta name=\"description\" content=\"Kaufe I Vigneri di Salvo Foti Vinupetra Viti Centenarie Rosso 2018 (, trocken aus Sizilien, Italien) bei Wein Werte, Ihrem nachhaltigen Onlineshop.\" \/>\n<meta name=\"robots\" content=\"index, follow, max-snippet:-1, max-image-preview:large, max-video-preview:-1\" \/>\n<link rel=\"canonical\" href=\"https:\/\/wein-werte.com\/de\/produkt\/i-vigneri-di-salvo-foti-vinupetra-viti-centenarie-rosso-2018-750ml\/\" \/>\n<meta property=\"og:locale\" content=\"de_DE\" \/>\n<meta property=\"og:type\" content=\"article\" \/>\n<meta property=\"og:title\" content=\"I Vigneri di Salvo Foti Vinupetra Viti Centenarie Rosso 2018\" \/>\n<meta property=\"og:description\" content=\"Kaufe I Vigneri di Salvo Foti Vinupetra Viti Centenarie Rosso 2018 (, trocken aus Sizilien, Italien) bei Wein Werte, Ihrem nachhaltigen Onlineshop.\" \/>\n<meta property=\"og:url\" content=\"https:\/\/wein-werte.com\/de\/produkt\/i-vigneri-di-salvo-foti-vinupetra-viti-centenarie-rosso-2018-750ml\/\" \/>\n<meta property=\"og:site_name\" content=\"Wein Werte\" \/>\n<meta property=\"og:image\" content=\"https:\/\/wein-werte.com\/wp-content\/uploads\/2026\/04\/I-Vigneri-di-Salvo-Foti-Vinupetra-Viti-Centenarie-Rosso-2018-750ml.png\" \/>\n\t<meta property=\"og:image:width\" content=\"349\" \/>\n\t<meta property=\"og:image:height\" content=\"1200\" \/>\n\t<meta property=\"og:image:type\" content=\"image\/png\" \/>\n<meta name=\"twitter:card\" content=\"summary_large_image\" \/>\n<meta name=\"twitter:label1\" content=\"Gesch\u00e4tzte Lesezeit\" \/>\n\t<meta name=\"twitter:data1\" content=\"2\u00a0Minuten\" \/>\n<script type=\"application\/ld+json\" class=\"yoast-schema-graph\">{\"@context\":\"https:\\\/\\\/schema.org\",\"@graph\":[{\"@type\":\"WebPage\",\"@id\":\"https:\\\/\\\/wein-werte.com\\\/de\\\/produkt\\\/i-vigneri-di-salvo-foti-vinupetra-viti-centenarie-rosso-2018-750ml\\\/\",\"url\":\"https:\\\/\\\/wein-werte.com\\\/de\\\/produkt\\\/i-vigneri-di-salvo-foti-vinupetra-viti-centenarie-rosso-2018-750ml\\\/\",\"name\":\"I Vigneri di Salvo Foti Vinupetra Viti Centenarie Rosso 2018\",\"isPartOf\":{\"@id\":\"https:\\\/\\\/wein-werte.com\\\/de\\\/#website\"},\"primaryImageOfPage\":{\"@id\":\"https:\\\/\\\/wein-werte.com\\\/de\\\/produkt\\\/i-vigneri-di-salvo-foti-vinupetra-viti-centenarie-rosso-2018-750ml\\\/#primaryimage\"},\"image\":{\"@id\":\"https:\\\/\\\/wein-werte.com\\\/de\\\/produkt\\\/i-vigneri-di-salvo-foti-vinupetra-viti-centenarie-rosso-2018-750ml\\\/#primaryimage\"},\"thumbnailUrl\":\"https:\\\/\\\/wein-werte.com\\\/wp-content\\\/uploads\\\/2026\\\/04\\\/I-Vigneri-di-Salvo-Foti-Vinupetra-Viti-Centenarie-Rosso-2018-750ml.png\",\"datePublished\":\"2026-05-08T18:01:13+00:00\",\"description\":\"Kaufe I Vigneri di Salvo Foti Vinupetra Viti Centenarie Rosso 2018 (, trocken aus Sizilien, Italien) bei Wein Werte, Ihrem nachhaltigen Onlineshop.\",\"breadcrumb\":{\"@id\":\"https:\\\/\\\/wein-werte.com\\\/de\\\/produkt\\\/i-vigneri-di-salvo-foti-vinupetra-viti-centenarie-rosso-2018-750ml\\\/#breadcrumb\"},\"inLanguage\":\"de\",\"potentialAction\":[{\"@type\":\"ReadAction\",\"target\":[\"https:\\\/\\\/wein-werte.com\\\/de\\\/produkt\\\/i-vigneri-di-salvo-foti-vinupetra-viti-centenarie-rosso-2018-750ml\\\/\"]}]},{\"@type\":\"ImageObject\",\"inLanguage\":\"de\",\"@id\":\"https:\\\/\\\/wein-werte.com\\\/de\\\/produkt\\\/i-vigneri-di-salvo-foti-vinupetra-viti-centenarie-rosso-2018-750ml\\\/#primaryimage\",\"url\":\"https:\\\/\\\/wein-werte.com\\\/wp-content\\\/uploads\\\/2026\\\/04\\\/I-Vigneri-di-Salvo-Foti-Vinupetra-Viti-Centenarie-Rosso-2018-750ml.png\",\"contentUrl\":\"https:\\\/\\\/wein-werte.com\\\/wp-content\\\/uploads\\\/2026\\\/04\\\/I-Vigneri-di-Salvo-Foti-Vinupetra-Viti-Centenarie-Rosso-2018-750ml.png\",\"width\":349,\"height\":1200,\"caption\":\"I Vigneri di Salvo Foti Vinupetra Viti Centenarie Rosso DOC 2018 750ml\"},{\"@type\":\"BreadcrumbList\",\"@id\":\"https:\\\/\\\/wein-werte.com\\\/de\\\/produkt\\\/i-vigneri-di-salvo-foti-vinupetra-viti-centenarie-rosso-2018-750ml\\\/#breadcrumb\",\"itemListElement\":[{\"@type\":\"ListItem\",\"position\":1,\"name\":\"Home\",\"item\":\"https:\\\/\\\/wein-werte.com\\\/de\\\/\"},{\"@type\":\"ListItem\",\"position\":2,\"name\":\"Shop\",\"item\":\"https:\\\/\\\/wein-werte.com\\\/de\\\/shop\\\/\"},{\"@type\":\"ListItem\",\"position\":3,\"name\":\"I Vigneri di Salvo Foti | Sizilien | Vinupetra Viti Centenarie Rosso DOC | 2018 | 750ml\"}]},{\"@type\":\"WebSite\",\"@id\":\"https:\\\/\\\/wein-werte.com\\\/de\\\/#website\",\"url\":\"https:\\\/\\\/wein-werte.com\\\/de\\\/\",\"name\":\"Wein Werte\",\"description\":\"\",\"publisher\":{\"@id\":\"https:\\\/\\\/wein-werte.com\\\/de\\\/#organization\"},\"potentialAction\":[{\"@type\":\"SearchAction\",\"target\":{\"@type\":\"EntryPoint\",\"urlTemplate\":\"https:\\\/\\\/wein-werte.com\\\/de\\\/?s={search_term_string}\"},\"query-input\":{\"@type\":\"PropertyValueSpecification\",\"valueRequired\":true,\"valueName\":\"search_term_string\"}}],\"inLanguage\":\"de\"},{\"@type\":\"Organization\",\"@id\":\"https:\\\/\\\/wein-werte.com\\\/de\\\/#organization\",\"name\":\"Vins Fins Thorrold\",\"url\":\"https:\\\/\\\/wein-werte.com\\\/de\\\/\",\"logo\":{\"@type\":\"ImageObject\",\"inLanguage\":\"de\",\"@id\":\"https:\\\/\\\/wein-werte.com\\\/de\\\/#\\\/schema\\\/logo\\\/image\\\/\",\"url\":\"https:\\\/\\\/wein-werte.com\\\/wp-content\\\/uploads\\\/2023\\\/07\\\/Wein_werte_Logo700-1.png\",\"contentUrl\":\"https:\\\/\\\/wein-werte.com\\\/wp-content\\\/uploads\\\/2023\\\/07\\\/Wein_werte_Logo700-1.png\",\"width\":700,\"height\":272,\"caption\":\"Vins Fins Thorrold\"},\"image\":{\"@id\":\"https:\\\/\\\/wein-werte.com\\\/de\\\/#\\\/schema\\\/logo\\\/image\\\/\"}}]}<\/script>\n<!-- \/ Yoast SEO plugin. -->","yoast_head_json":{"title":"I Vigneri di Salvo Foti Vinupetra Viti Centenarie Rosso 2018","description":"Kaufe I Vigneri di Salvo Foti Vinupetra Viti Centenarie Rosso 2018 (, trocken aus Sizilien, Italien) bei Wein Werte, Ihrem nachhaltigen Onlineshop.","robots":{"index":"index","follow":"follow","max-snippet":"max-snippet:-1","max-image-preview":"max-image-preview:large","max-video-preview":"max-video-preview:-1"},"canonical":"https:\/\/wein-werte.com\/de\/produkt\/i-vigneri-di-salvo-foti-vinupetra-viti-centenarie-rosso-2018-750ml\/","og_locale":"de_DE","og_type":"article","og_title":"I Vigneri di Salvo Foti Vinupetra Viti Centenarie Rosso 2018","og_description":"Kaufe I Vigneri di Salvo Foti Vinupetra Viti Centenarie Rosso 2018 (, trocken aus Sizilien, Italien) bei Wein Werte, Ihrem nachhaltigen Onlineshop.","og_url":"https:\/\/wein-werte.com\/de\/produkt\/i-vigneri-di-salvo-foti-vinupetra-viti-centenarie-rosso-2018-750ml\/","og_site_name":"Wein Werte","og_image":[{"width":349,"height":1200,"url":"https:\/\/wein-werte.com\/wp-content\/uploads\/2026\/04\/I-Vigneri-di-Salvo-Foti-Vinupetra-Viti-Centenarie-Rosso-2018-750ml.png","type":"image\/png"}],"twitter_card":"summary_large_image","twitter_misc":{"Gesch\u00e4tzte Lesezeit":"2\u00a0Minuten"},"schema":{"@context":"https:\/\/schema.org","@graph":[{"@type":"WebPage","@id":"https:\/\/wein-werte.com\/de\/produkt\/i-vigneri-di-salvo-foti-vinupetra-viti-centenarie-rosso-2018-750ml\/","url":"https:\/\/wein-werte.com\/de\/produkt\/i-vigneri-di-salvo-foti-vinupetra-viti-centenarie-rosso-2018-750ml\/","name":"I Vigneri di Salvo Foti Vinupetra Viti Centenarie Rosso 2018","isPartOf":{"@id":"https:\/\/wein-werte.com\/de\/#website"},"primaryImageOfPage":{"@id":"https:\/\/wein-werte.com\/de\/produkt\/i-vigneri-di-salvo-foti-vinupetra-viti-centenarie-rosso-2018-750ml\/#primaryimage"},"image":{"@id":"https:\/\/wein-werte.com\/de\/produkt\/i-vigneri-di-salvo-foti-vinupetra-viti-centenarie-rosso-2018-750ml\/#primaryimage"},"thumbnailUrl":"https:\/\/wein-werte.com\/wp-content\/uploads\/2026\/04\/I-Vigneri-di-Salvo-Foti-Vinupetra-Viti-Centenarie-Rosso-2018-750ml.png","datePublished":"2026-05-08T18:01:13+00:00","description":"Kaufe I Vigneri di Salvo Foti Vinupetra Viti Centenarie Rosso 2018 (, trocken aus Sizilien, Italien) bei Wein Werte, Ihrem nachhaltigen Onlineshop.","breadcrumb":{"@id":"https:\/\/wein-werte.com\/de\/produkt\/i-vigneri-di-salvo-foti-vinupetra-viti-centenarie-rosso-2018-750ml\/#breadcrumb"},"inLanguage":"de","potentialAction":[{"@type":"ReadAction","target":["https:\/\/wein-werte.com\/de\/produkt\/i-vigneri-di-salvo-foti-vinupetra-viti-centenarie-rosso-2018-750ml\/"]}]},{"@type":"ImageObject","inLanguage":"de","@id":"https:\/\/wein-werte.com\/de\/produkt\/i-vigneri-di-salvo-foti-vinupetra-viti-centenarie-rosso-2018-750ml\/#primaryimage","url":"https:\/\/wein-werte.com\/wp-content\/uploads\/2026\/04\/I-Vigneri-di-Salvo-Foti-Vinupetra-Viti-Centenarie-Rosso-2018-750ml.png","contentUrl":"https:\/\/wein-werte.com\/wp-content\/uploads\/2026\/04\/I-Vigneri-di-Salvo-Foti-Vinupetra-Viti-Centenarie-Rosso-2018-750ml.png","width":349,"height":1200,"caption":"I Vigneri di Salvo Foti Vinupetra Viti Centenarie Rosso DOC 2018 750ml"},{"@type":"BreadcrumbList","@id":"https:\/\/wein-werte.com\/de\/produkt\/i-vigneri-di-salvo-foti-vinupetra-viti-centenarie-rosso-2018-750ml\/#breadcrumb","itemListElement":[{"@type":"ListItem","position":1,"name":"Home","item":"https:\/\/wein-werte.com\/de\/"},{"@type":"ListItem","position":2,"name":"Shop","item":"https:\/\/wein-werte.com\/de\/shop\/"},{"@type":"ListItem","position":3,"name":"I Vigneri di Salvo Foti | Sizilien | Vinupetra Viti Centenarie Rosso DOC | 2018 | 750ml"}]},{"@type":"WebSite","@id":"https:\/\/wein-werte.com\/de\/#website","url":"https:\/\/wein-werte.com\/de\/","name":"Wein Werte","description":"","publisher":{"@id":"https:\/\/wein-werte.com\/de\/#organization"},"potentialAction":[{"@type":"SearchAction","target":{"@type":"EntryPoint","urlTemplate":"https:\/\/wein-werte.com\/de\/?s={search_term_string}"},"query-input":{"@type":"PropertyValueSpecification","valueRequired":true,"valueName":"search_term_string"}}],"inLanguage":"de"},{"@type":"Organization","@id":"https:\/\/wein-werte.com\/de\/#organization","name":"Vins Fins Thorrold","url":"https:\/\/wein-werte.com\/de\/","logo":{"@type":"ImageObject","inLanguage":"de","@id":"https:\/\/wein-werte.com\/de\/#\/schema\/logo\/image\/","url":"https:\/\/wein-werte.com\/wp-content\/uploads\/2023\/07\/Wein_werte_Logo700-1.png","contentUrl":"https:\/\/wein-werte.com\/wp-content\/uploads\/2023\/07\/Wein_werte_Logo700-1.png","width":700,"height":272,"caption":"Vins Fins Thorrold"},"image":{"@id":"https:\/\/wein-werte.com\/de\/#\/schema\/logo\/image\/"}}]}},"_links":{"self":[{"href":"https:\/\/wein-werte.com\/de\/wp-json\/wp\/v2\/product\/1129844","targetHints":{"allow":["GET"]}}],"collection":[{"href":"https:\/\/wein-werte.com\/de\/wp-json\/wp\/v2\/product"}],"about":[{"href":"https:\/\/wein-werte.com\/de\/wp-json\/wp\/v2\/types\/product"}],"wp:featuredmedia":[{"embeddable":true,"href":"https:\/\/wein-werte.com\/de\/wp-json\/wp\/v2\/media\/1141140"}],"wp:attachment":[{"href":"https:\/\/wein-werte.com\/de\/wp-json\/wp\/v2\/media?parent=1129844"}],"wp:term":[{"taxonomy":"product_brand","embeddable":true,"href":"https:\/\/wein-werte.com\/de\/wp-json\/wp\/v2\/product_brand?post=1129844"},{"taxonomy":"product_cat","embeddable":true,"href":"https:\/\/wein-werte.com\/de\/wp-json\/wp\/v2\/product_cat?post=1129844"},{"taxonomy":"product_tag","embeddable":true,"href":"https:\/\/wein-werte.com\/de\/wp-json\/wp\/v2\/product_tag?post=1129844"}],"curies":[{"name":"wp","href":"https:\/\/api.w.org\/{rel}","templated":true}]}}