{"id":1129807,"date":"2026-05-08T20:01:11","date_gmt":"2026-05-08T18:01:11","guid":{"rendered":"https:\/\/wein-werte.com\/product\/tenuta-di-castellaro-nero-ossidiana-2018-750ml\/"},"modified":"2026-04-27T11:44:53","modified_gmt":"2026-04-27T09:44:53","slug":"tenuta-di-castellaro-nero-ossidiana-2018-750ml","status":"publish","type":"product","link":"https:\/\/wein-werte.com\/de\/produkt\/tenuta-di-castellaro-nero-ossidiana-2018-750ml\/","title":{"rendered":"Tenuta di Castellaro | Sizilien | Nero Ossidiana IGT | 2018 | 750ml | bio"},"content":{"rendered":"<p>Produktbeschreibung f\u00fcr Tenuta di Castellaro Nero Ossidiana IGT 2018 (bio) <\/p>\n<h5>Info zum Wein<\/h5>\n<p> Die Cuv\u00e9e aus 90 % Corinto und 10 % Nero d&#8217;Avola ist gewachsen auf 350 m H\u00f6he auf vulkanischem und sandigem Boden. Spontang\u00e4rung in Holzf\u00e4ssern f\u00fcr ein Jahr, anschlie\u00dfende Stabilisierung in Stahltanks. Abgef\u00fcllt wurde ungesch\u00f6nt und unfiltriert. <\/p>\n<h5>Farbe<\/h5>\n<p> Gedecktes Kirschrot mit zarten ziegelroten Reflexen. <\/p>\n<h5>Nase<\/h5>\n<p> Der 2018er Nero Ossidiana ist eine sehr sch\u00f6n ausgereifte Rotweincuv\u00e9e, die nach reifen Waldhimbeeren, Preiselbeeren, Brombeeren und Pflaumenmus duftet. Ummantelt ist der fruchtige Duft von rauchigen Noten, die an hellen Tabak, Zedernholz, frisch geschroteten Pfeffer und gegrilltes Fleisch erinnern. Ein Hauch Schokolade ist auch zugegen \u2013 ein wahrlich charmanter Sizilianer mit Finesse. <\/p>\n<h5>Gaumen<\/h5>\n<p> Auf der Zunge verw\u00f6hnt er mit viel Frucht, anregender S\u00e4ure, druckvoller Mineralit\u00e4t und einer feink\u00f6rnigen und zugleich noch angenehm fordernden Tanninstruktur. Perfekter Begleiter bodenst\u00e4ndiger, schmackhafter, intensiver, italienisch inspirierter K\u00fcche.<\/p>\n<p>Copyright Vinaturel 2025<\/p>\n<p>Keywords: <a href=\"https:\/\/wein-werte.com\/de\/shop\/?swoof=1&#038;pa_producer=Tenuta-di-Castellaro\">Tenuta di Castellaro<\/a> <a href=\"https:\/\/wein-werte.com\/de\/shop\/?swoof=1&#038;woof_text=Nero Ossidiana IGT\">Nero Ossidiana IGT<\/a> 2018 bio <a href=\"https:\/\/wein-werte.com\/de\/shop\/?swoof=1&#038;pa_region=Sizilien\">Sizilien<\/a> <a href=\"https:\/\/wein-werte.com\/de\/shop\/?swoof=1&#038;pa_country=Italien\">Italien<\/a><\/p>\n<h3>Wine Advocate<\/h3>\n<p>Punkte: 93<\/p>\n<p>Der Tenuta di Castellaro 2018 Nero Ossidiana, eine Cuv\u00e9e aus 90 % Corinto Nero und 10 % Nero d&#8217;Avola, wird in Edelstahlf\u00e4ssern vergoren, beendet die malolaktische G\u00e4rung jedoch in gro\u00dfen Eichenf\u00e4ssern, um ihm eine besonders weiche Textur und Ballaststoffe zu verleihen. In diesem Jahrgang wurden rund 8.000 Flaschen produziert, und die biologisch angebauten Reben sind in mineralreichen sandigen Vulkanb\u00f6den gepflanzt. Dieser Wein ist duftend und rein mit Aromen von getrocknetem Flieder und Rosenbl\u00e4ttern. Am Gaumen bietet dieser Jahrgang etwas s\u00fc\u00dfe Kirschfrucht, gefolgt von einer knackigen S\u00e4ure. Diese Frische w\u00fcrde eine klassische Lasagne al Forno perfektionieren. Dieser Wein ist nach den glasartigen schwarzen Lavasteinen, dem Obsidian, benannt, die w\u00e4hrend der gesamten Wachstumsperiode so viel W\u00e4rme und Sonnenlicht absorbieren.<br \/>Monica Larner<\/p>\n<p>Internetseite des Weinguts: <a href=\"https:\/\/www.tenutadicastellaro.it\/it\" target=\"_blank\">https:\/\/www.tenutadicastellaro.it\/it<\/a><\/p>\n","protected":false},"excerpt":{"rendered":"<p>Lieferzeit: 1 bis 2 Arbeitstage (DE), 2 bis 5 Arbeitstage (EU and CH)<\/p>\n","protected":false},"featured_media":1147451,"template":"","meta":[],"product_brand":[],"product_cat":[19],"product_tag":[],"class_list":{"0":"post-1129807","1":"product","2":"type-product","3":"status-publish","4":"has-post-thumbnail","6":"product_cat-unkategorisiert","7":"pa_alcohol-for-filter-12897","8":"pa_certified-biodynamic-nein-de","9":"pa_certified-organic-ja-de","10":"pa_colour-rot","11":"pa_country-italien","12":"pa_grape-nero-davola-cuvee","13":"pa_parker-points-for-filter-93-de-2","14":"pa_price-for-filter-10569","15":"pa_producer-tenuta-di-castellaro","16":"pa_region-sizilien","17":"pa_size-ml-6584","18":"pa_sweetness-trocken-de","19":"pa_type-2-still-de","20":"pa_vintage-2018-de","21":"entry","22":"has-media","24":"first","25":"instock","26":"taxable","27":"shipping-taxable","28":"purchasable","29":"product-type-simple"},"yoast_head":"<!-- This site is optimized with the Yoast SEO plugin v27.5 - https:\/\/yoast.com\/product\/yoast-seo-wordpress\/ -->\n<title>Tenuta di Castellaro Nero Ossidiana 2018<\/title>\n<meta name=\"description\" content=\"Kaufe Tenuta di Castellaro Nero Ossidiana 2018 (Nero d&#039;Avola Cuv\u00e9e, trocken aus Sizilien, Italien) bei Wein Werte, Ihrem nachhaltigen Onlineshop.\" \/>\n<meta name=\"robots\" content=\"index, follow, max-snippet:-1, max-image-preview:large, max-video-preview:-1\" \/>\n<link rel=\"canonical\" href=\"https:\/\/wein-werte.com\/de\/produkt\/tenuta-di-castellaro-nero-ossidiana-2018-750ml\/\" \/>\n<meta property=\"og:locale\" content=\"de_DE\" \/>\n<meta property=\"og:type\" content=\"article\" \/>\n<meta property=\"og:title\" content=\"Tenuta di Castellaro Nero Ossidiana 2018\" \/>\n<meta property=\"og:description\" content=\"Kaufe Tenuta di Castellaro Nero Ossidiana 2018 (Nero d&#039;Avola Cuv\u00e9e, trocken aus Sizilien, Italien) bei Wein Werte, Ihrem nachhaltigen Onlineshop.\" \/>\n<meta property=\"og:url\" content=\"https:\/\/wein-werte.com\/de\/produkt\/tenuta-di-castellaro-nero-ossidiana-2018-750ml\/\" \/>\n<meta property=\"og:site_name\" content=\"Wein Werte\" \/>\n<meta property=\"og:image\" content=\"https:\/\/wein-werte.com\/wp-content\/uploads\/2026\/04\/Tenuta-di-Castellaro-Nero-Ossidiana-2018-750-ml.png\" \/>\n\t<meta property=\"og:image:width\" content=\"341\" \/>\n\t<meta property=\"og:image:height\" content=\"1200\" \/>\n\t<meta property=\"og:image:type\" content=\"image\/png\" \/>\n<meta name=\"twitter:card\" content=\"summary_large_image\" \/>\n<meta name=\"twitter:label1\" content=\"Gesch\u00e4tzte Lesezeit\" \/>\n\t<meta name=\"twitter:data1\" content=\"1\u00a0Minute\" \/>\n<script type=\"application\/ld+json\" class=\"yoast-schema-graph\">{\"@context\":\"https:\\\/\\\/schema.org\",\"@graph\":[{\"@type\":\"WebPage\",\"@id\":\"https:\\\/\\\/wein-werte.com\\\/de\\\/produkt\\\/tenuta-di-castellaro-nero-ossidiana-2018-750ml\\\/\",\"url\":\"https:\\\/\\\/wein-werte.com\\\/de\\\/produkt\\\/tenuta-di-castellaro-nero-ossidiana-2018-750ml\\\/\",\"name\":\"Tenuta di Castellaro Nero Ossidiana 2018\",\"isPartOf\":{\"@id\":\"https:\\\/\\\/wein-werte.com\\\/de\\\/#website\"},\"primaryImageOfPage\":{\"@id\":\"https:\\\/\\\/wein-werte.com\\\/de\\\/produkt\\\/tenuta-di-castellaro-nero-ossidiana-2018-750ml\\\/#primaryimage\"},\"image\":{\"@id\":\"https:\\\/\\\/wein-werte.com\\\/de\\\/produkt\\\/tenuta-di-castellaro-nero-ossidiana-2018-750ml\\\/#primaryimage\"},\"thumbnailUrl\":\"https:\\\/\\\/wein-werte.com\\\/wp-content\\\/uploads\\\/2026\\\/04\\\/Tenuta-di-Castellaro-Nero-Ossidiana-2018-750-ml.png\",\"datePublished\":\"2026-05-08T18:01:11+00:00\",\"description\":\"Kaufe Tenuta di Castellaro Nero Ossidiana 2018 (Nero d'Avola Cuv\u00e9e, trocken aus Sizilien, Italien) bei Wein Werte, Ihrem nachhaltigen Onlineshop.\",\"breadcrumb\":{\"@id\":\"https:\\\/\\\/wein-werte.com\\\/de\\\/produkt\\\/tenuta-di-castellaro-nero-ossidiana-2018-750ml\\\/#breadcrumb\"},\"inLanguage\":\"de\",\"potentialAction\":[{\"@type\":\"ReadAction\",\"target\":[\"https:\\\/\\\/wein-werte.com\\\/de\\\/produkt\\\/tenuta-di-castellaro-nero-ossidiana-2018-750ml\\\/\"]}]},{\"@type\":\"ImageObject\",\"inLanguage\":\"de\",\"@id\":\"https:\\\/\\\/wein-werte.com\\\/de\\\/produkt\\\/tenuta-di-castellaro-nero-ossidiana-2018-750ml\\\/#primaryimage\",\"url\":\"https:\\\/\\\/wein-werte.com\\\/wp-content\\\/uploads\\\/2026\\\/04\\\/Tenuta-di-Castellaro-Nero-Ossidiana-2018-750-ml.png\",\"contentUrl\":\"https:\\\/\\\/wein-werte.com\\\/wp-content\\\/uploads\\\/2026\\\/04\\\/Tenuta-di-Castellaro-Nero-Ossidiana-2018-750-ml.png\",\"width\":341,\"height\":1200},{\"@type\":\"BreadcrumbList\",\"@id\":\"https:\\\/\\\/wein-werte.com\\\/de\\\/produkt\\\/tenuta-di-castellaro-nero-ossidiana-2018-750ml\\\/#breadcrumb\",\"itemListElement\":[{\"@type\":\"ListItem\",\"position\":1,\"name\":\"Home\",\"item\":\"https:\\\/\\\/wein-werte.com\\\/de\\\/\"},{\"@type\":\"ListItem\",\"position\":2,\"name\":\"Shop\",\"item\":\"https:\\\/\\\/wein-werte.com\\\/de\\\/shop\\\/\"},{\"@type\":\"ListItem\",\"position\":3,\"name\":\"Tenuta di Castellaro | Sizilien | Nero Ossidiana IGT | 2018 | 750ml | bio\"}]},{\"@type\":\"WebSite\",\"@id\":\"https:\\\/\\\/wein-werte.com\\\/de\\\/#website\",\"url\":\"https:\\\/\\\/wein-werte.com\\\/de\\\/\",\"name\":\"Wein Werte\",\"description\":\"\",\"publisher\":{\"@id\":\"https:\\\/\\\/wein-werte.com\\\/de\\\/#organization\"},\"potentialAction\":[{\"@type\":\"SearchAction\",\"target\":{\"@type\":\"EntryPoint\",\"urlTemplate\":\"https:\\\/\\\/wein-werte.com\\\/de\\\/?s={search_term_string}\"},\"query-input\":{\"@type\":\"PropertyValueSpecification\",\"valueRequired\":true,\"valueName\":\"search_term_string\"}}],\"inLanguage\":\"de\"},{\"@type\":\"Organization\",\"@id\":\"https:\\\/\\\/wein-werte.com\\\/de\\\/#organization\",\"name\":\"Vins Fins Thorrold\",\"url\":\"https:\\\/\\\/wein-werte.com\\\/de\\\/\",\"logo\":{\"@type\":\"ImageObject\",\"inLanguage\":\"de\",\"@id\":\"https:\\\/\\\/wein-werte.com\\\/de\\\/#\\\/schema\\\/logo\\\/image\\\/\",\"url\":\"https:\\\/\\\/wein-werte.com\\\/wp-content\\\/uploads\\\/2023\\\/07\\\/Wein_werte_Logo700-1.png\",\"contentUrl\":\"https:\\\/\\\/wein-werte.com\\\/wp-content\\\/uploads\\\/2023\\\/07\\\/Wein_werte_Logo700-1.png\",\"width\":700,\"height\":272,\"caption\":\"Vins Fins Thorrold\"},\"image\":{\"@id\":\"https:\\\/\\\/wein-werte.com\\\/de\\\/#\\\/schema\\\/logo\\\/image\\\/\"}}]}<\/script>\n<!-- \/ Yoast SEO plugin. -->","yoast_head_json":{"title":"Tenuta di Castellaro Nero Ossidiana 2018","description":"Kaufe Tenuta di Castellaro Nero Ossidiana 2018 (Nero d'Avola Cuv\u00e9e, trocken aus Sizilien, Italien) bei Wein Werte, Ihrem nachhaltigen Onlineshop.","robots":{"index":"index","follow":"follow","max-snippet":"max-snippet:-1","max-image-preview":"max-image-preview:large","max-video-preview":"max-video-preview:-1"},"canonical":"https:\/\/wein-werte.com\/de\/produkt\/tenuta-di-castellaro-nero-ossidiana-2018-750ml\/","og_locale":"de_DE","og_type":"article","og_title":"Tenuta di Castellaro Nero Ossidiana 2018","og_description":"Kaufe Tenuta di Castellaro Nero Ossidiana 2018 (Nero d'Avola Cuv\u00e9e, trocken aus Sizilien, Italien) bei Wein Werte, Ihrem nachhaltigen Onlineshop.","og_url":"https:\/\/wein-werte.com\/de\/produkt\/tenuta-di-castellaro-nero-ossidiana-2018-750ml\/","og_site_name":"Wein Werte","og_image":[{"width":341,"height":1200,"url":"https:\/\/wein-werte.com\/wp-content\/uploads\/2026\/04\/Tenuta-di-Castellaro-Nero-Ossidiana-2018-750-ml.png","type":"image\/png"}],"twitter_card":"summary_large_image","twitter_misc":{"Gesch\u00e4tzte Lesezeit":"1\u00a0Minute"},"schema":{"@context":"https:\/\/schema.org","@graph":[{"@type":"WebPage","@id":"https:\/\/wein-werte.com\/de\/produkt\/tenuta-di-castellaro-nero-ossidiana-2018-750ml\/","url":"https:\/\/wein-werte.com\/de\/produkt\/tenuta-di-castellaro-nero-ossidiana-2018-750ml\/","name":"Tenuta di Castellaro Nero Ossidiana 2018","isPartOf":{"@id":"https:\/\/wein-werte.com\/de\/#website"},"primaryImageOfPage":{"@id":"https:\/\/wein-werte.com\/de\/produkt\/tenuta-di-castellaro-nero-ossidiana-2018-750ml\/#primaryimage"},"image":{"@id":"https:\/\/wein-werte.com\/de\/produkt\/tenuta-di-castellaro-nero-ossidiana-2018-750ml\/#primaryimage"},"thumbnailUrl":"https:\/\/wein-werte.com\/wp-content\/uploads\/2026\/04\/Tenuta-di-Castellaro-Nero-Ossidiana-2018-750-ml.png","datePublished":"2026-05-08T18:01:11+00:00","description":"Kaufe Tenuta di Castellaro Nero Ossidiana 2018 (Nero d'Avola Cuv\u00e9e, trocken aus Sizilien, Italien) bei Wein Werte, Ihrem nachhaltigen Onlineshop.","breadcrumb":{"@id":"https:\/\/wein-werte.com\/de\/produkt\/tenuta-di-castellaro-nero-ossidiana-2018-750ml\/#breadcrumb"},"inLanguage":"de","potentialAction":[{"@type":"ReadAction","target":["https:\/\/wein-werte.com\/de\/produkt\/tenuta-di-castellaro-nero-ossidiana-2018-750ml\/"]}]},{"@type":"ImageObject","inLanguage":"de","@id":"https:\/\/wein-werte.com\/de\/produkt\/tenuta-di-castellaro-nero-ossidiana-2018-750ml\/#primaryimage","url":"https:\/\/wein-werte.com\/wp-content\/uploads\/2026\/04\/Tenuta-di-Castellaro-Nero-Ossidiana-2018-750-ml.png","contentUrl":"https:\/\/wein-werte.com\/wp-content\/uploads\/2026\/04\/Tenuta-di-Castellaro-Nero-Ossidiana-2018-750-ml.png","width":341,"height":1200},{"@type":"BreadcrumbList","@id":"https:\/\/wein-werte.com\/de\/produkt\/tenuta-di-castellaro-nero-ossidiana-2018-750ml\/#breadcrumb","itemListElement":[{"@type":"ListItem","position":1,"name":"Home","item":"https:\/\/wein-werte.com\/de\/"},{"@type":"ListItem","position":2,"name":"Shop","item":"https:\/\/wein-werte.com\/de\/shop\/"},{"@type":"ListItem","position":3,"name":"Tenuta di Castellaro | Sizilien | Nero Ossidiana IGT | 2018 | 750ml | bio"}]},{"@type":"WebSite","@id":"https:\/\/wein-werte.com\/de\/#website","url":"https:\/\/wein-werte.com\/de\/","name":"Wein Werte","description":"","publisher":{"@id":"https:\/\/wein-werte.com\/de\/#organization"},"potentialAction":[{"@type":"SearchAction","target":{"@type":"EntryPoint","urlTemplate":"https:\/\/wein-werte.com\/de\/?s={search_term_string}"},"query-input":{"@type":"PropertyValueSpecification","valueRequired":true,"valueName":"search_term_string"}}],"inLanguage":"de"},{"@type":"Organization","@id":"https:\/\/wein-werte.com\/de\/#organization","name":"Vins Fins Thorrold","url":"https:\/\/wein-werte.com\/de\/","logo":{"@type":"ImageObject","inLanguage":"de","@id":"https:\/\/wein-werte.com\/de\/#\/schema\/logo\/image\/","url":"https:\/\/wein-werte.com\/wp-content\/uploads\/2023\/07\/Wein_werte_Logo700-1.png","contentUrl":"https:\/\/wein-werte.com\/wp-content\/uploads\/2023\/07\/Wein_werte_Logo700-1.png","width":700,"height":272,"caption":"Vins Fins Thorrold"},"image":{"@id":"https:\/\/wein-werte.com\/de\/#\/schema\/logo\/image\/"}}]}},"_links":{"self":[{"href":"https:\/\/wein-werte.com\/de\/wp-json\/wp\/v2\/product\/1129807","targetHints":{"allow":["GET"]}}],"collection":[{"href":"https:\/\/wein-werte.com\/de\/wp-json\/wp\/v2\/product"}],"about":[{"href":"https:\/\/wein-werte.com\/de\/wp-json\/wp\/v2\/types\/product"}],"wp:featuredmedia":[{"embeddable":true,"href":"https:\/\/wein-werte.com\/de\/wp-json\/wp\/v2\/media\/1147451"}],"wp:attachment":[{"href":"https:\/\/wein-werte.com\/de\/wp-json\/wp\/v2\/media?parent=1129807"}],"wp:term":[{"taxonomy":"product_brand","embeddable":true,"href":"https:\/\/wein-werte.com\/de\/wp-json\/wp\/v2\/product_brand?post=1129807"},{"taxonomy":"product_cat","embeddable":true,"href":"https:\/\/wein-werte.com\/de\/wp-json\/wp\/v2\/product_cat?post=1129807"},{"taxonomy":"product_tag","embeddable":true,"href":"https:\/\/wein-werte.com\/de\/wp-json\/wp\/v2\/product_tag?post=1129807"}],"curies":[{"name":"wp","href":"https:\/\/api.w.org\/{rel}","templated":true}]}}