{"id":1129802,"date":"2026-05-08T20:01:11","date_gmt":"2026-05-08T18:01:11","guid":{"rendered":"https:\/\/wein-werte.com\/product\/tenuta-di-castellaro-corinto-2019-750ml\/"},"modified":"2026-04-27T11:44:53","modified_gmt":"2026-04-27T09:44:53","slug":"tenuta-di-castellaro-corinto-2019-750ml","status":"publish","type":"product","link":"https:\/\/wein-werte.com\/de\/produkt\/tenuta-di-castellaro-corinto-2019-750ml\/","title":{"rendered":"Tenuta di Castellaro | Sizilien | Corinto IGT | 2019 | 750ml | bio"},"content":{"rendered":"<p>Produktbeschreibung f\u00fcr Tenuta di Castellaro Corinto IGT 2019 (bio)<\/p>\n<p>Christina Hilker: Vor allem lebt der Corinto von Grip und Struktur. Rassig und elegant zugleich. Mit viel Druck und schmeichelnd seidigem Mundgef\u00fchl wirkt er erhaben wie ein gro\u00dfer Pinot Noir. Und doch zeigt er sein deutlich s\u00fcdlicheres Klima. Alle Rezeptoren springen am Gaumen an und das Wasser l\u00e4uft einem sprichw\u00f6rtlich im Mund zusammen. Er animiert beim Trinken nach mehr und macht irgendwie dabei richtig Durst. Bei dunkler W\u00fcrze und reichlich Gew\u00fcrzen wie Zimt, Nelke und Sternanis hallt er noch lange am Gaumen nach. Kaffeesahne, Zartbitterschokolade und Kakaobutter schieben das Finale immer wieder erneut an. Richtig stark! <\/p>\n<h5>Info<\/h5>\n<p> Die aus Griechenland stammende Traube Corinto w\u00e4chst auf 350 m H\u00f6he auf vulkanischem und sandigem Boden. Die entrappten Trauben werden f\u00fcr zehn Tage in franz\u00f6sischen Barriques mit mehrfachem Untertauchen des Traubenhutes vergoren. Anschlie\u00dfend findet die malolaktische G\u00e4rung in 500 Liter F\u00e4ssern statt, bevor der Wein unfiltriert und ungesch\u00f6nt nach einem Jahr in die Flasche gef\u00fcllt wird. <\/p>\n<h5>Farbe<\/h5>\n<p> Leuchtendes Kirschrot, heller Rand <\/p>\n<h5>Nase<\/h5>\n<p> Im ersten Moment ist das wie ein Ausflug ins Bordelais. Pflaumen, Brombeere und Cassis. Dazu schwarzer Pfeffer, etwas Leder, Kaffee und Graphit. Dunkle Frucht, W\u00fcrze und k\u00fchle Eleganz vereint. Die Nase offenbart eine gro\u00dfe Vielschichtigkeit und man m\u00f6chte kaum aufh\u00f6ren, hinein zu riechen, um Neues zu entdecken. Vor allem die R\u00f6staromen rund um Kaffee und dunkle Schokolade zeigen sich in einem selten galanten Gewandt. <\/p>\n<h5>Gaumen<\/h5>\n<p> Am Gaumen verschwindet dann dieser Gedanke. Vor allem lebt der Corinto von Grip und Struktur. Rassig und elegant zugleich. Mit viel Druck und schmeichelnd seidigem Mundgef\u00fchl wirkt er erhaben wie ein gro\u00dfer Pinot Noir. Und doch zeigt er sein deutlich s\u00fcdlicheres Klima. Alle Rezeptoren springen am Gaumen an und das Wasser l\u00e4uft einem sprichw\u00f6rtlich im Mund zusammen. Er animiert beim Trinken nach mehr und macht irgendwie dabei richtig Durst. Bei dunkler W\u00fcrze und reichlich Gew\u00fcrzen wie Zimt, Nelke und Sternanis hallt er noch lange am Gaumen nach. Kaffeesahne, Zartbitterschokolade und Kakaobutter schieben das Finale immer wieder erneut an. Richtig stark! <\/p>\n<p>Copyright Vinaturel 2025<\/p>\n<p>Keywords: <a href=\"https:\/\/wein-werte.com\/de\/shop\/?swoof=1&#038;pa_producer=Tenuta-di-Castellaro\">Tenuta di Castellaro<\/a> <a href=\"https:\/\/wein-werte.com\/de\/shop\/?swoof=1&#038;woof_text=Corinto IGT\">Corinto IGT<\/a> 2019 bio <a href=\"https:\/\/wein-werte.com\/de\/shop\/?swoof=1&#038;pa_region=Sizilien\">Sizilien<\/a> <a href=\"https:\/\/wein-werte.com\/de\/shop\/?swoof=1&#038;pa_country=Italien\">Italien<\/a><\/p>\n<h3>Wine Advocate<\/h3>\n<p>Punkte: 92<\/p>\n<p>Der Tenuta di Castellaro 2019 Corinto bietet ein frisches und lebendiges Bouquet mit gehobenen Aromen von Wildkirsche, Cassis und japanischer Pflaume. Das Bouquet weist eine blumige Note auf, die an rote Rosen und einen erdigen Hauch von nassem Stein erinnert. Diese Aromen treffen die hohen T\u00f6ne, doch der Wein ist angenehm d\u00fcnn und schlank am Gaumen und eignet sich hervorragend f\u00fcr eine einfache Pasta-Kombination oder ein Gericht mit ger\u00f6steten Tomaten mit Reisf\u00fcllung. Die Corinto Nero-Trauben werden auf vulkanischen B\u00f6den mit Lapilli-Steinen in 400 Metern H\u00f6he geerntet. Es wurden nur 3.000 Flaschen produziert.<br \/>Monica Larner<\/p>\n<p>Internetseite des Weinguts: <a href=\"https:\/\/www.tenutadicastellaro.it\/it\" target=\"_blank\">https:\/\/www.tenutadicastellaro.it\/it<\/a><\/p>\n","protected":false},"excerpt":{"rendered":"<p>Lieferzeit: 1 bis 2 Arbeitstage (DE), 2 bis 5 Arbeitstage (EU and CH)<\/p>\n","protected":false},"featured_media":1141108,"template":"","meta":[],"product_brand":[],"product_cat":[19],"product_tag":[],"class_list":{"0":"post-1129802","1":"product","2":"type-product","3":"status-publish","4":"has-post-thumbnail","6":"product_cat-unkategorisiert","7":"pa_alcohol-for-filter-12897","8":"pa_certified-biodynamic-nein-de","9":"pa_certified-organic-ja-de","10":"pa_colour-rot","11":"pa_country-italien","12":"pa_grape-korinthianki","13":"pa_parker-points-for-filter-92-de","14":"pa_price-for-filter-10625","15":"pa_producer-tenuta-di-castellaro","16":"pa_region-sizilien","17":"pa_size-ml-6584","18":"pa_sweetness-trocken-de","19":"pa_type-2-still-de","20":"pa_vintage-2019-de","21":"entry","22":"has-media","24":"first","25":"instock","26":"taxable","27":"shipping-taxable","28":"purchasable","29":"product-type-simple"},"yoast_head":"<!-- This site is optimized with the Yoast SEO plugin v27.5 - https:\/\/yoast.com\/product\/yoast-seo-wordpress\/ -->\n<title>Tenuta di Castellaro Corinto 2019<\/title>\n<meta name=\"description\" content=\"Kaufe Tenuta di Castellaro Corinto 2019 (Korinthianki, trocken aus Sizilien, Italien) bei Wein Werte, Ihrem nachhaltigen Onlineshop.\" \/>\n<meta name=\"robots\" content=\"index, follow, max-snippet:-1, max-image-preview:large, max-video-preview:-1\" \/>\n<link rel=\"canonical\" href=\"https:\/\/wein-werte.com\/de\/produkt\/tenuta-di-castellaro-corinto-2019-750ml\/\" \/>\n<meta property=\"og:locale\" content=\"de_DE\" \/>\n<meta property=\"og:type\" content=\"article\" \/>\n<meta property=\"og:title\" content=\"Tenuta di Castellaro Corinto 2019\" \/>\n<meta property=\"og:description\" content=\"Kaufe Tenuta di Castellaro Corinto 2019 (Korinthianki, trocken aus Sizilien, Italien) bei Wein Werte, Ihrem nachhaltigen Onlineshop.\" \/>\n<meta property=\"og:url\" content=\"https:\/\/wein-werte.com\/de\/produkt\/tenuta-di-castellaro-corinto-2019-750ml\/\" \/>\n<meta property=\"og:site_name\" content=\"Wein Werte\" \/>\n<meta property=\"og:image\" content=\"https:\/\/wein-werte.com\/wp-content\/uploads\/2026\/04\/Tenuta-di-Castellaro-Corinto-2019-750ml.png\" \/>\n\t<meta property=\"og:image:width\" content=\"348\" \/>\n\t<meta property=\"og:image:height\" content=\"1200\" \/>\n\t<meta property=\"og:image:type\" content=\"image\/png\" \/>\n<meta name=\"twitter:card\" content=\"summary_large_image\" \/>\n<meta name=\"twitter:label1\" content=\"Gesch\u00e4tzte Lesezeit\" \/>\n\t<meta name=\"twitter:data1\" content=\"2\u00a0Minuten\" \/>\n<script type=\"application\/ld+json\" class=\"yoast-schema-graph\">{\"@context\":\"https:\\\/\\\/schema.org\",\"@graph\":[{\"@type\":\"WebPage\",\"@id\":\"https:\\\/\\\/wein-werte.com\\\/de\\\/produkt\\\/tenuta-di-castellaro-corinto-2019-750ml\\\/\",\"url\":\"https:\\\/\\\/wein-werte.com\\\/de\\\/produkt\\\/tenuta-di-castellaro-corinto-2019-750ml\\\/\",\"name\":\"Tenuta di Castellaro Corinto 2019\",\"isPartOf\":{\"@id\":\"https:\\\/\\\/wein-werte.com\\\/de\\\/#website\"},\"primaryImageOfPage\":{\"@id\":\"https:\\\/\\\/wein-werte.com\\\/de\\\/produkt\\\/tenuta-di-castellaro-corinto-2019-750ml\\\/#primaryimage\"},\"image\":{\"@id\":\"https:\\\/\\\/wein-werte.com\\\/de\\\/produkt\\\/tenuta-di-castellaro-corinto-2019-750ml\\\/#primaryimage\"},\"thumbnailUrl\":\"https:\\\/\\\/wein-werte.com\\\/wp-content\\\/uploads\\\/2026\\\/04\\\/Tenuta-di-Castellaro-Corinto-2019-750ml.png\",\"datePublished\":\"2026-05-08T18:01:11+00:00\",\"description\":\"Kaufe Tenuta di Castellaro Corinto 2019 (Korinthianki, trocken aus Sizilien, Italien) bei Wein Werte, Ihrem nachhaltigen Onlineshop.\",\"breadcrumb\":{\"@id\":\"https:\\\/\\\/wein-werte.com\\\/de\\\/produkt\\\/tenuta-di-castellaro-corinto-2019-750ml\\\/#breadcrumb\"},\"inLanguage\":\"de\",\"potentialAction\":[{\"@type\":\"ReadAction\",\"target\":[\"https:\\\/\\\/wein-werte.com\\\/de\\\/produkt\\\/tenuta-di-castellaro-corinto-2019-750ml\\\/\"]}]},{\"@type\":\"ImageObject\",\"inLanguage\":\"de\",\"@id\":\"https:\\\/\\\/wein-werte.com\\\/de\\\/produkt\\\/tenuta-di-castellaro-corinto-2019-750ml\\\/#primaryimage\",\"url\":\"https:\\\/\\\/wein-werte.com\\\/wp-content\\\/uploads\\\/2026\\\/04\\\/Tenuta-di-Castellaro-Corinto-2019-750ml.png\",\"contentUrl\":\"https:\\\/\\\/wein-werte.com\\\/wp-content\\\/uploads\\\/2026\\\/04\\\/Tenuta-di-Castellaro-Corinto-2019-750ml.png\",\"width\":348,\"height\":1200,\"caption\":\"Tenuta di Castellaro Corinto IGT 2019 750ml\"},{\"@type\":\"BreadcrumbList\",\"@id\":\"https:\\\/\\\/wein-werte.com\\\/de\\\/produkt\\\/tenuta-di-castellaro-corinto-2019-750ml\\\/#breadcrumb\",\"itemListElement\":[{\"@type\":\"ListItem\",\"position\":1,\"name\":\"Home\",\"item\":\"https:\\\/\\\/wein-werte.com\\\/de\\\/\"},{\"@type\":\"ListItem\",\"position\":2,\"name\":\"Shop\",\"item\":\"https:\\\/\\\/wein-werte.com\\\/de\\\/shop\\\/\"},{\"@type\":\"ListItem\",\"position\":3,\"name\":\"Tenuta di Castellaro | Sizilien | Corinto IGT | 2019 | 750ml | bio\"}]},{\"@type\":\"WebSite\",\"@id\":\"https:\\\/\\\/wein-werte.com\\\/de\\\/#website\",\"url\":\"https:\\\/\\\/wein-werte.com\\\/de\\\/\",\"name\":\"Wein Werte\",\"description\":\"\",\"publisher\":{\"@id\":\"https:\\\/\\\/wein-werte.com\\\/de\\\/#organization\"},\"potentialAction\":[{\"@type\":\"SearchAction\",\"target\":{\"@type\":\"EntryPoint\",\"urlTemplate\":\"https:\\\/\\\/wein-werte.com\\\/de\\\/?s={search_term_string}\"},\"query-input\":{\"@type\":\"PropertyValueSpecification\",\"valueRequired\":true,\"valueName\":\"search_term_string\"}}],\"inLanguage\":\"de\"},{\"@type\":\"Organization\",\"@id\":\"https:\\\/\\\/wein-werte.com\\\/de\\\/#organization\",\"name\":\"Vins Fins Thorrold\",\"url\":\"https:\\\/\\\/wein-werte.com\\\/de\\\/\",\"logo\":{\"@type\":\"ImageObject\",\"inLanguage\":\"de\",\"@id\":\"https:\\\/\\\/wein-werte.com\\\/de\\\/#\\\/schema\\\/logo\\\/image\\\/\",\"url\":\"https:\\\/\\\/wein-werte.com\\\/wp-content\\\/uploads\\\/2023\\\/07\\\/Wein_werte_Logo700-1.png\",\"contentUrl\":\"https:\\\/\\\/wein-werte.com\\\/wp-content\\\/uploads\\\/2023\\\/07\\\/Wein_werte_Logo700-1.png\",\"width\":700,\"height\":272,\"caption\":\"Vins Fins Thorrold\"},\"image\":{\"@id\":\"https:\\\/\\\/wein-werte.com\\\/de\\\/#\\\/schema\\\/logo\\\/image\\\/\"}}]}<\/script>\n<!-- \/ Yoast SEO plugin. -->","yoast_head_json":{"title":"Tenuta di Castellaro Corinto 2019","description":"Kaufe Tenuta di Castellaro Corinto 2019 (Korinthianki, trocken aus Sizilien, Italien) bei Wein Werte, Ihrem nachhaltigen Onlineshop.","robots":{"index":"index","follow":"follow","max-snippet":"max-snippet:-1","max-image-preview":"max-image-preview:large","max-video-preview":"max-video-preview:-1"},"canonical":"https:\/\/wein-werte.com\/de\/produkt\/tenuta-di-castellaro-corinto-2019-750ml\/","og_locale":"de_DE","og_type":"article","og_title":"Tenuta di Castellaro Corinto 2019","og_description":"Kaufe Tenuta di Castellaro Corinto 2019 (Korinthianki, trocken aus Sizilien, Italien) bei Wein Werte, Ihrem nachhaltigen Onlineshop.","og_url":"https:\/\/wein-werte.com\/de\/produkt\/tenuta-di-castellaro-corinto-2019-750ml\/","og_site_name":"Wein Werte","og_image":[{"width":348,"height":1200,"url":"https:\/\/wein-werte.com\/wp-content\/uploads\/2026\/04\/Tenuta-di-Castellaro-Corinto-2019-750ml.png","type":"image\/png"}],"twitter_card":"summary_large_image","twitter_misc":{"Gesch\u00e4tzte Lesezeit":"2\u00a0Minuten"},"schema":{"@context":"https:\/\/schema.org","@graph":[{"@type":"WebPage","@id":"https:\/\/wein-werte.com\/de\/produkt\/tenuta-di-castellaro-corinto-2019-750ml\/","url":"https:\/\/wein-werte.com\/de\/produkt\/tenuta-di-castellaro-corinto-2019-750ml\/","name":"Tenuta di Castellaro Corinto 2019","isPartOf":{"@id":"https:\/\/wein-werte.com\/de\/#website"},"primaryImageOfPage":{"@id":"https:\/\/wein-werte.com\/de\/produkt\/tenuta-di-castellaro-corinto-2019-750ml\/#primaryimage"},"image":{"@id":"https:\/\/wein-werte.com\/de\/produkt\/tenuta-di-castellaro-corinto-2019-750ml\/#primaryimage"},"thumbnailUrl":"https:\/\/wein-werte.com\/wp-content\/uploads\/2026\/04\/Tenuta-di-Castellaro-Corinto-2019-750ml.png","datePublished":"2026-05-08T18:01:11+00:00","description":"Kaufe Tenuta di Castellaro Corinto 2019 (Korinthianki, trocken aus Sizilien, Italien) bei Wein Werte, Ihrem nachhaltigen Onlineshop.","breadcrumb":{"@id":"https:\/\/wein-werte.com\/de\/produkt\/tenuta-di-castellaro-corinto-2019-750ml\/#breadcrumb"},"inLanguage":"de","potentialAction":[{"@type":"ReadAction","target":["https:\/\/wein-werte.com\/de\/produkt\/tenuta-di-castellaro-corinto-2019-750ml\/"]}]},{"@type":"ImageObject","inLanguage":"de","@id":"https:\/\/wein-werte.com\/de\/produkt\/tenuta-di-castellaro-corinto-2019-750ml\/#primaryimage","url":"https:\/\/wein-werte.com\/wp-content\/uploads\/2026\/04\/Tenuta-di-Castellaro-Corinto-2019-750ml.png","contentUrl":"https:\/\/wein-werte.com\/wp-content\/uploads\/2026\/04\/Tenuta-di-Castellaro-Corinto-2019-750ml.png","width":348,"height":1200,"caption":"Tenuta di Castellaro Corinto IGT 2019 750ml"},{"@type":"BreadcrumbList","@id":"https:\/\/wein-werte.com\/de\/produkt\/tenuta-di-castellaro-corinto-2019-750ml\/#breadcrumb","itemListElement":[{"@type":"ListItem","position":1,"name":"Home","item":"https:\/\/wein-werte.com\/de\/"},{"@type":"ListItem","position":2,"name":"Shop","item":"https:\/\/wein-werte.com\/de\/shop\/"},{"@type":"ListItem","position":3,"name":"Tenuta di Castellaro | Sizilien | Corinto IGT | 2019 | 750ml | bio"}]},{"@type":"WebSite","@id":"https:\/\/wein-werte.com\/de\/#website","url":"https:\/\/wein-werte.com\/de\/","name":"Wein Werte","description":"","publisher":{"@id":"https:\/\/wein-werte.com\/de\/#organization"},"potentialAction":[{"@type":"SearchAction","target":{"@type":"EntryPoint","urlTemplate":"https:\/\/wein-werte.com\/de\/?s={search_term_string}"},"query-input":{"@type":"PropertyValueSpecification","valueRequired":true,"valueName":"search_term_string"}}],"inLanguage":"de"},{"@type":"Organization","@id":"https:\/\/wein-werte.com\/de\/#organization","name":"Vins Fins Thorrold","url":"https:\/\/wein-werte.com\/de\/","logo":{"@type":"ImageObject","inLanguage":"de","@id":"https:\/\/wein-werte.com\/de\/#\/schema\/logo\/image\/","url":"https:\/\/wein-werte.com\/wp-content\/uploads\/2023\/07\/Wein_werte_Logo700-1.png","contentUrl":"https:\/\/wein-werte.com\/wp-content\/uploads\/2023\/07\/Wein_werte_Logo700-1.png","width":700,"height":272,"caption":"Vins Fins Thorrold"},"image":{"@id":"https:\/\/wein-werte.com\/de\/#\/schema\/logo\/image\/"}}]}},"_links":{"self":[{"href":"https:\/\/wein-werte.com\/de\/wp-json\/wp\/v2\/product\/1129802","targetHints":{"allow":["GET"]}}],"collection":[{"href":"https:\/\/wein-werte.com\/de\/wp-json\/wp\/v2\/product"}],"about":[{"href":"https:\/\/wein-werte.com\/de\/wp-json\/wp\/v2\/types\/product"}],"wp:featuredmedia":[{"embeddable":true,"href":"https:\/\/wein-werte.com\/de\/wp-json\/wp\/v2\/media\/1141108"}],"wp:attachment":[{"href":"https:\/\/wein-werte.com\/de\/wp-json\/wp\/v2\/media?parent=1129802"}],"wp:term":[{"taxonomy":"product_brand","embeddable":true,"href":"https:\/\/wein-werte.com\/de\/wp-json\/wp\/v2\/product_brand?post=1129802"},{"taxonomy":"product_cat","embeddable":true,"href":"https:\/\/wein-werte.com\/de\/wp-json\/wp\/v2\/product_cat?post=1129802"},{"taxonomy":"product_tag","embeddable":true,"href":"https:\/\/wein-werte.com\/de\/wp-json\/wp\/v2\/product_tag?post=1129802"}],"curies":[{"name":"wp","href":"https:\/\/api.w.org\/{rel}","templated":true}]}}