{"id":1129792,"date":"2026-05-08T20:01:11","date_gmt":"2026-05-08T18:01:11","guid":{"rendered":"https:\/\/wein-werte.com\/product\/tenuta-di-castellaro-corinto-2018-750ml\/"},"modified":"2026-04-27T11:44:52","modified_gmt":"2026-04-27T09:44:52","slug":"tenuta-di-castellaro-corinto-2018-750ml","status":"publish","type":"product","link":"https:\/\/wein-werte.com\/de\/produkt\/tenuta-di-castellaro-corinto-2018-750ml\/","title":{"rendered":"Tenuta di Castellaro | Sizilien | Corinto IGP | 2018 | 750ml"},"content":{"rendered":"<p>Produktbeschreibung f\u00fcr Tenuta di Castellaro Corinto IGP 2018 <\/p>\n<p>Christina Hilker: Ebenso erfrischend und fruchtbetont wie in der Nase pr\u00e4sentiert er sich am Gaumen, mit mildem Tannin, anregender W\u00fcrze und s\u00fcffigem Trinkfluss. Besonders spannend ger\u00e4t er durch die belebende S\u00e4ure und seine feine salzige Ader, die sich animierend \u00fcber die Zunge zieht. Ein wundersch\u00f6ner Trinkwein aus Sizilien \u2013 belebend, verf\u00fchrerisch und zu keinem Zeitpunkt s\u00e4ttigend. <\/p>\n<h5>Info zum Wein<\/h5>\n<p> Die aus Griechenland stammende Traube Corinto w\u00e4chst auf 350 m H\u00f6he auf vulkanischem und sandigem Boden. Die entrappten Trauben werden f\u00fcr zehn Tage in franz\u00f6sischen Barriques mit mehrfachem Untertauchen des Traubenhutes vergoren. Anschlie\u00dfend findet die malolaktische G\u00e4rung in 500 Liter F\u00e4ssern statt, bevor der Wein unfiltriert und ungesch\u00f6nt nach einem Jahr in die Flasche gef\u00fcllt wird. <\/p>\n<h5>Farbe<\/h5>\n<p> Gedecktes Rubinrot mit violetten Reflexen. <\/p>\n<h5>Nase<\/h5>\n<p> Die Cuv\u00e9e aus Corinto und Nero d&#8217;Avola duftet im Jahr 2018 erfrischend nach Sauerkirschen, Blaubeeren, Veilchen und mediterranen Kr\u00e4utern wie Rosmarin, Thymian und Wacholder. Untermalt wird das animierende fruchtige und kr\u00e4utrige Aroma von einer feinen Pfeffernote. Ein wundersch\u00f6ner Duft, der zwischen K\u00fchle und W\u00e4rme changiert und diesen Wein unglaublich reizvoll erscheinen l\u00e4sst. <\/p>\n<h5>Gaumen<\/h5>\n<p> Ebenso erfrischend und fruchtbetont wie in der Nase pr\u00e4sentiert er sich am Gaumen, mit mildem Tannin, anregender W\u00fcrze und s\u00fcffigem Trinkfluss. Besonders spannend ger\u00e4t er durch die belebende S\u00e4ure und seine feine salzige Ader, die sich animierend \u00fcber die Zunge zieht. Ein wundersch\u00f6ner Trinkwein aus Sizilien \u2013 belebend, verf\u00fchrerisch und zu keinem Zeitpunkt s\u00e4ttigend.<\/p>\n<p>Copyright Vinaturel 2025<\/p>\n<p>Keywords: <a href=\"https:\/\/wein-werte.com\/de\/shop\/?swoof=1&#038;pa_producer=Tenuta-di-Castellaro\">Tenuta di Castellaro<\/a> <a href=\"https:\/\/wein-werte.com\/de\/shop\/?swoof=1&#038;woof_text=Corinto IGP\">Corinto IGP<\/a> 2018  <a href=\"https:\/\/wein-werte.com\/de\/shop\/?swoof=1&#038;pa_region=Sizilien\">Sizilien<\/a> <a href=\"https:\/\/wein-werte.com\/de\/shop\/?swoof=1&#038;pa_country=Italien\">Italien<\/a><\/p>\n<h3>Vinous<\/h3>\n<p>Punkte: 90<\/p>\n<p>Der Ypsilon 2018 besticht durch eine Prise s\u00fc\u00dfer Gew\u00fcrze und Mineralien, bevor er sich zu einem lebendigen Duft frisch gepfl\u00fcckter Erdbeeren entwickelt. Er ist weich und geschmeidig, kontrastiert von einem reinen Duft herber Waldbeeren, der in h\u00fcbsche, violett angehauchte Blumen \u00fcbergeht. Eine Schicht runder Tannine rahmt den Ypsilon harmonisch ein, w\u00e4hrend er sich zu einem Hauch von schwarzem Lakritz verj\u00fcngt. Er ist eine Cuv\u00e9e aus 60 % Corinto Nero, 30 % Nero d&#8217;Avola und 10 % Alicante. \u2013 Eric Guido<br \/>Trinkfenster: 2021\u20132025<br \/>Bewertungsdatum: Juni 2021<\/p>\n<p>Internetseite des Weinguts: <a href=\"https:\/\/www.tenutadicastellaro.it\/it\" target=\"_blank\">https:\/\/www.tenutadicastellaro.it\/it<\/a><\/p>\n","protected":false},"excerpt":{"rendered":"<p>Lieferzeit: 1 bis 2 Arbeitstage (DE), 2 bis 5 Arbeitstage (EU and CH)<\/p>\n","protected":false},"featured_media":1141104,"template":"","meta":[],"product_brand":[],"product_cat":[19],"product_tag":[],"class_list":{"0":"post-1129792","1":"product","2":"type-product","3":"status-publish","4":"has-post-thumbnail","6":"product_cat-unkategorisiert","7":"pa_alcohol-for-filter-12897","8":"pa_certified-biodynamic-nein-de","9":"pa_certified-organic-nein-de","10":"pa_colour-rot","11":"pa_country-italien","12":"pa_grape-korinthianki","13":"pa_price-for-filter-10625","14":"pa_producer-tenuta-di-castellaro","15":"pa_region-sizilien","16":"pa_size-ml-6584","17":"pa_sweetness-trocken-de","18":"pa_type-2-still-de","19":"pa_vinous-points-for-filter-20025","20":"pa_vintage-2018-de","21":"entry","22":"has-media","24":"first","25":"instock","26":"taxable","27":"shipping-taxable","28":"purchasable","29":"product-type-simple"},"yoast_head":"<!-- This site is optimized with the Yoast SEO plugin v27.5 - https:\/\/yoast.com\/product\/yoast-seo-wordpress\/ -->\n<title>Tenuta di Castellaro Corinto 2018<\/title>\n<meta name=\"description\" content=\"Kaufe Tenuta di Castellaro Corinto 2018 (Korinthianki, trocken aus Sizilien, Italien) bei Wein Werte, Ihrem nachhaltigen Onlineshop.\" \/>\n<meta name=\"robots\" content=\"index, follow, max-snippet:-1, max-image-preview:large, max-video-preview:-1\" \/>\n<link rel=\"canonical\" href=\"https:\/\/wein-werte.com\/de\/produkt\/tenuta-di-castellaro-corinto-2018-750ml\/\" \/>\n<meta property=\"og:locale\" content=\"de_DE\" \/>\n<meta property=\"og:type\" content=\"article\" \/>\n<meta property=\"og:title\" content=\"Tenuta di Castellaro Corinto 2018\" \/>\n<meta property=\"og:description\" content=\"Kaufe Tenuta di Castellaro Corinto 2018 (Korinthianki, trocken aus Sizilien, Italien) bei Wein Werte, Ihrem nachhaltigen Onlineshop.\" \/>\n<meta property=\"og:url\" content=\"https:\/\/wein-werte.com\/de\/produkt\/tenuta-di-castellaro-corinto-2018-750ml\/\" \/>\n<meta property=\"og:site_name\" content=\"Wein Werte\" \/>\n<meta property=\"og:image\" content=\"https:\/\/wein-werte.com\/wp-content\/uploads\/2026\/04\/Tenuta-di-Castellaro-Corinto-2018-750ml.png\" \/>\n\t<meta property=\"og:image:width\" content=\"346\" \/>\n\t<meta property=\"og:image:height\" content=\"1200\" \/>\n\t<meta property=\"og:image:type\" content=\"image\/png\" \/>\n<meta name=\"twitter:card\" content=\"summary_large_image\" \/>\n<meta name=\"twitter:label1\" content=\"Gesch\u00e4tzte Lesezeit\" \/>\n\t<meta name=\"twitter:data1\" content=\"2\u00a0Minuten\" \/>\n<script type=\"application\/ld+json\" class=\"yoast-schema-graph\">{\"@context\":\"https:\\\/\\\/schema.org\",\"@graph\":[{\"@type\":\"WebPage\",\"@id\":\"https:\\\/\\\/wein-werte.com\\\/de\\\/produkt\\\/tenuta-di-castellaro-corinto-2018-750ml\\\/\",\"url\":\"https:\\\/\\\/wein-werte.com\\\/de\\\/produkt\\\/tenuta-di-castellaro-corinto-2018-750ml\\\/\",\"name\":\"Tenuta di Castellaro Corinto 2018\",\"isPartOf\":{\"@id\":\"https:\\\/\\\/wein-werte.com\\\/de\\\/#website\"},\"primaryImageOfPage\":{\"@id\":\"https:\\\/\\\/wein-werte.com\\\/de\\\/produkt\\\/tenuta-di-castellaro-corinto-2018-750ml\\\/#primaryimage\"},\"image\":{\"@id\":\"https:\\\/\\\/wein-werte.com\\\/de\\\/produkt\\\/tenuta-di-castellaro-corinto-2018-750ml\\\/#primaryimage\"},\"thumbnailUrl\":\"https:\\\/\\\/wein-werte.com\\\/wp-content\\\/uploads\\\/2026\\\/04\\\/Tenuta-di-Castellaro-Corinto-2018-750ml.png\",\"datePublished\":\"2026-05-08T18:01:11+00:00\",\"description\":\"Kaufe Tenuta di Castellaro Corinto 2018 (Korinthianki, trocken aus Sizilien, Italien) bei Wein Werte, Ihrem nachhaltigen Onlineshop.\",\"breadcrumb\":{\"@id\":\"https:\\\/\\\/wein-werte.com\\\/de\\\/produkt\\\/tenuta-di-castellaro-corinto-2018-750ml\\\/#breadcrumb\"},\"inLanguage\":\"de\",\"potentialAction\":[{\"@type\":\"ReadAction\",\"target\":[\"https:\\\/\\\/wein-werte.com\\\/de\\\/produkt\\\/tenuta-di-castellaro-corinto-2018-750ml\\\/\"]}]},{\"@type\":\"ImageObject\",\"inLanguage\":\"de\",\"@id\":\"https:\\\/\\\/wein-werte.com\\\/de\\\/produkt\\\/tenuta-di-castellaro-corinto-2018-750ml\\\/#primaryimage\",\"url\":\"https:\\\/\\\/wein-werte.com\\\/wp-content\\\/uploads\\\/2026\\\/04\\\/Tenuta-di-Castellaro-Corinto-2018-750ml.png\",\"contentUrl\":\"https:\\\/\\\/wein-werte.com\\\/wp-content\\\/uploads\\\/2026\\\/04\\\/Tenuta-di-Castellaro-Corinto-2018-750ml.png\",\"width\":346,\"height\":1200,\"caption\":\"Tenuta di Castellaro Corinto IGP 2018 750ml\"},{\"@type\":\"BreadcrumbList\",\"@id\":\"https:\\\/\\\/wein-werte.com\\\/de\\\/produkt\\\/tenuta-di-castellaro-corinto-2018-750ml\\\/#breadcrumb\",\"itemListElement\":[{\"@type\":\"ListItem\",\"position\":1,\"name\":\"Home\",\"item\":\"https:\\\/\\\/wein-werte.com\\\/de\\\/\"},{\"@type\":\"ListItem\",\"position\":2,\"name\":\"Shop\",\"item\":\"https:\\\/\\\/wein-werte.com\\\/de\\\/shop\\\/\"},{\"@type\":\"ListItem\",\"position\":3,\"name\":\"Tenuta di Castellaro | Sizilien | Corinto IGP | 2018 | 750ml\"}]},{\"@type\":\"WebSite\",\"@id\":\"https:\\\/\\\/wein-werte.com\\\/de\\\/#website\",\"url\":\"https:\\\/\\\/wein-werte.com\\\/de\\\/\",\"name\":\"Wein Werte\",\"description\":\"\",\"publisher\":{\"@id\":\"https:\\\/\\\/wein-werte.com\\\/de\\\/#organization\"},\"potentialAction\":[{\"@type\":\"SearchAction\",\"target\":{\"@type\":\"EntryPoint\",\"urlTemplate\":\"https:\\\/\\\/wein-werte.com\\\/de\\\/?s={search_term_string}\"},\"query-input\":{\"@type\":\"PropertyValueSpecification\",\"valueRequired\":true,\"valueName\":\"search_term_string\"}}],\"inLanguage\":\"de\"},{\"@type\":\"Organization\",\"@id\":\"https:\\\/\\\/wein-werte.com\\\/de\\\/#organization\",\"name\":\"Vins Fins Thorrold\",\"url\":\"https:\\\/\\\/wein-werte.com\\\/de\\\/\",\"logo\":{\"@type\":\"ImageObject\",\"inLanguage\":\"de\",\"@id\":\"https:\\\/\\\/wein-werte.com\\\/de\\\/#\\\/schema\\\/logo\\\/image\\\/\",\"url\":\"https:\\\/\\\/wein-werte.com\\\/wp-content\\\/uploads\\\/2023\\\/07\\\/Wein_werte_Logo700-1.png\",\"contentUrl\":\"https:\\\/\\\/wein-werte.com\\\/wp-content\\\/uploads\\\/2023\\\/07\\\/Wein_werte_Logo700-1.png\",\"width\":700,\"height\":272,\"caption\":\"Vins Fins Thorrold\"},\"image\":{\"@id\":\"https:\\\/\\\/wein-werte.com\\\/de\\\/#\\\/schema\\\/logo\\\/image\\\/\"}}]}<\/script>\n<!-- \/ Yoast SEO plugin. -->","yoast_head_json":{"title":"Tenuta di Castellaro Corinto 2018","description":"Kaufe Tenuta di Castellaro Corinto 2018 (Korinthianki, trocken aus Sizilien, Italien) bei Wein Werte, Ihrem nachhaltigen Onlineshop.","robots":{"index":"index","follow":"follow","max-snippet":"max-snippet:-1","max-image-preview":"max-image-preview:large","max-video-preview":"max-video-preview:-1"},"canonical":"https:\/\/wein-werte.com\/de\/produkt\/tenuta-di-castellaro-corinto-2018-750ml\/","og_locale":"de_DE","og_type":"article","og_title":"Tenuta di Castellaro Corinto 2018","og_description":"Kaufe Tenuta di Castellaro Corinto 2018 (Korinthianki, trocken aus Sizilien, Italien) bei Wein Werte, Ihrem nachhaltigen Onlineshop.","og_url":"https:\/\/wein-werte.com\/de\/produkt\/tenuta-di-castellaro-corinto-2018-750ml\/","og_site_name":"Wein Werte","og_image":[{"width":346,"height":1200,"url":"https:\/\/wein-werte.com\/wp-content\/uploads\/2026\/04\/Tenuta-di-Castellaro-Corinto-2018-750ml.png","type":"image\/png"}],"twitter_card":"summary_large_image","twitter_misc":{"Gesch\u00e4tzte Lesezeit":"2\u00a0Minuten"},"schema":{"@context":"https:\/\/schema.org","@graph":[{"@type":"WebPage","@id":"https:\/\/wein-werte.com\/de\/produkt\/tenuta-di-castellaro-corinto-2018-750ml\/","url":"https:\/\/wein-werte.com\/de\/produkt\/tenuta-di-castellaro-corinto-2018-750ml\/","name":"Tenuta di Castellaro Corinto 2018","isPartOf":{"@id":"https:\/\/wein-werte.com\/de\/#website"},"primaryImageOfPage":{"@id":"https:\/\/wein-werte.com\/de\/produkt\/tenuta-di-castellaro-corinto-2018-750ml\/#primaryimage"},"image":{"@id":"https:\/\/wein-werte.com\/de\/produkt\/tenuta-di-castellaro-corinto-2018-750ml\/#primaryimage"},"thumbnailUrl":"https:\/\/wein-werte.com\/wp-content\/uploads\/2026\/04\/Tenuta-di-Castellaro-Corinto-2018-750ml.png","datePublished":"2026-05-08T18:01:11+00:00","description":"Kaufe Tenuta di Castellaro Corinto 2018 (Korinthianki, trocken aus Sizilien, Italien) bei Wein Werte, Ihrem nachhaltigen Onlineshop.","breadcrumb":{"@id":"https:\/\/wein-werte.com\/de\/produkt\/tenuta-di-castellaro-corinto-2018-750ml\/#breadcrumb"},"inLanguage":"de","potentialAction":[{"@type":"ReadAction","target":["https:\/\/wein-werte.com\/de\/produkt\/tenuta-di-castellaro-corinto-2018-750ml\/"]}]},{"@type":"ImageObject","inLanguage":"de","@id":"https:\/\/wein-werte.com\/de\/produkt\/tenuta-di-castellaro-corinto-2018-750ml\/#primaryimage","url":"https:\/\/wein-werte.com\/wp-content\/uploads\/2026\/04\/Tenuta-di-Castellaro-Corinto-2018-750ml.png","contentUrl":"https:\/\/wein-werte.com\/wp-content\/uploads\/2026\/04\/Tenuta-di-Castellaro-Corinto-2018-750ml.png","width":346,"height":1200,"caption":"Tenuta di Castellaro Corinto IGP 2018 750ml"},{"@type":"BreadcrumbList","@id":"https:\/\/wein-werte.com\/de\/produkt\/tenuta-di-castellaro-corinto-2018-750ml\/#breadcrumb","itemListElement":[{"@type":"ListItem","position":1,"name":"Home","item":"https:\/\/wein-werte.com\/de\/"},{"@type":"ListItem","position":2,"name":"Shop","item":"https:\/\/wein-werte.com\/de\/shop\/"},{"@type":"ListItem","position":3,"name":"Tenuta di Castellaro | Sizilien | Corinto IGP | 2018 | 750ml"}]},{"@type":"WebSite","@id":"https:\/\/wein-werte.com\/de\/#website","url":"https:\/\/wein-werte.com\/de\/","name":"Wein Werte","description":"","publisher":{"@id":"https:\/\/wein-werte.com\/de\/#organization"},"potentialAction":[{"@type":"SearchAction","target":{"@type":"EntryPoint","urlTemplate":"https:\/\/wein-werte.com\/de\/?s={search_term_string}"},"query-input":{"@type":"PropertyValueSpecification","valueRequired":true,"valueName":"search_term_string"}}],"inLanguage":"de"},{"@type":"Organization","@id":"https:\/\/wein-werte.com\/de\/#organization","name":"Vins Fins Thorrold","url":"https:\/\/wein-werte.com\/de\/","logo":{"@type":"ImageObject","inLanguage":"de","@id":"https:\/\/wein-werte.com\/de\/#\/schema\/logo\/image\/","url":"https:\/\/wein-werte.com\/wp-content\/uploads\/2023\/07\/Wein_werte_Logo700-1.png","contentUrl":"https:\/\/wein-werte.com\/wp-content\/uploads\/2023\/07\/Wein_werte_Logo700-1.png","width":700,"height":272,"caption":"Vins Fins Thorrold"},"image":{"@id":"https:\/\/wein-werte.com\/de\/#\/schema\/logo\/image\/"}}]}},"_links":{"self":[{"href":"https:\/\/wein-werte.com\/de\/wp-json\/wp\/v2\/product\/1129792","targetHints":{"allow":["GET"]}}],"collection":[{"href":"https:\/\/wein-werte.com\/de\/wp-json\/wp\/v2\/product"}],"about":[{"href":"https:\/\/wein-werte.com\/de\/wp-json\/wp\/v2\/types\/product"}],"wp:featuredmedia":[{"embeddable":true,"href":"https:\/\/wein-werte.com\/de\/wp-json\/wp\/v2\/media\/1141104"}],"wp:attachment":[{"href":"https:\/\/wein-werte.com\/de\/wp-json\/wp\/v2\/media?parent=1129792"}],"wp:term":[{"taxonomy":"product_brand","embeddable":true,"href":"https:\/\/wein-werte.com\/de\/wp-json\/wp\/v2\/product_brand?post=1129792"},{"taxonomy":"product_cat","embeddable":true,"href":"https:\/\/wein-werte.com\/de\/wp-json\/wp\/v2\/product_cat?post=1129792"},{"taxonomy":"product_tag","embeddable":true,"href":"https:\/\/wein-werte.com\/de\/wp-json\/wp\/v2\/product_tag?post=1129792"}],"curies":[{"name":"wp","href":"https:\/\/api.w.org\/{rel}","templated":true}]}}