{"id":1129764,"date":"2026-05-08T20:01:09","date_gmt":"2026-05-08T18:01:09","guid":{"rendered":"https:\/\/wein-werte.com\/product\/occhipinti-pt-pettineo-vino-di-contrada-2022-750ml\/"},"modified":"2026-04-27T11:44:50","modified_gmt":"2026-04-27T09:44:50","slug":"occhipinti-pt-pettineo-vino-di-contrada-2022-750ml","status":"publish","type":"product","link":"https:\/\/wein-werte.com\/de\/produkt\/occhipinti-pt-pettineo-vino-di-contrada-2022-750ml\/","title":{"rendered":"Occhipinti | Sizilien | &#8220;PT&#8221; Pettineo Vino di Contrada IGT Sicilia | 2022 | 750ml | bio"},"content":{"rendered":"<p>Produktbeschreibung f\u00fcr Occhipinti &#8220;PT&#8221; Pettineo Vino di Contrada IGT Sicilia 2022 (bio) <\/p>\n<h5>Info<\/h5>\n<p> In dieser Parzelle stehen 70 Jahre alten Frappato-Reben. Der Vorbesitzer hat einen zentral gelegenen alten Baum als Ausrichtung der Reihen innerhalb der Parzelle gew\u00e4hlt. Der Aufbau der Parzelle ist einzigartig. Die Rebenstehen hier knapp 200m \u00fcber Meeresh\u00f6he. Im Boden findet man roten Sand sowie reichlich Tuffstein darunter. In der letzten Septemberwoche wurde hier 2022 gelesen. In Zementtanks wird mit nat\u00fcrlichen Hefen vergoren. Ganze 20 Tage bleibt die Maische im Kontakt mit dem Most \u2013 also auch w\u00e4hrend der G\u00e4rung. Abschlie\u00dfend reifen die Weine f\u00fcr 20 Monate in ovalen 20hl-Zementtanks. <\/p>\n<h5>Farbe<\/h5>\n<p> Leuchtendes Kirschrot mit hellen und strahlenden Elementen <\/p>\n<h5>Nase<\/h5>\n<p> PT wirkt voller Finesse und einem leisen Auftritt. Neben den anderen beiden Lagen dieser Serie weist PT f\u00fcr mich die gr\u00f6\u00dfte Spannung und Tiefe auf. Frucht und W\u00fcrze stehen im Einklang. Sauerkirche und Schattenmorelle mit einem Hauch Himbeere sowie nicht perfekt gereiften Brombeeren. Duch letztere kommt etwas herbes, gr\u00fcnes hinzu. Er bietet viele glatte, steinige und k\u00fchle Elemente. Die Kr\u00e4uteraromen zeigen sich im Hintergrund. Ge\u00e4st und Waldboden sorgen f\u00fcr Tiefgr\u00fcndigkeit. Wacholder, Piment und Pfeffer kommen leise daher. Rosmarin, Thymian und Pinienhaine dr\u00fccken ihm noch ordentlich ihren Stempel auf. Eine leichte Sch\u00e4rfe bildet sich noch im Verlauf der Nase. <\/p>\n<h5>Gaumen<\/h5>\n<p> Der PT weist ein feink\u00f6rniges, strukturiertes Tannin auf. Seine S\u00e4ure baut sich langsam, aber akribisch auf. Bei angenehmer Adstringenz fordert dies uns heraus. Geradlinig und straff. Er wirkt animierend und regt den Speichelfluss an. Bei hoher Eleganz w\u00fcrde man hier deutlich eher \u201ecool climate\u201c verordnen. Er streckt sich skelettiert und karg in die L\u00e4nge. Durch das Tanninger\u00fcst wird die Frucht mit reichlich Ecken und Kanten versorgt. Hintenraus zeigt sich dann die feine, w\u00fcrzige Aromatik. Die Aromen bleiben leise und subtil. Dennoch gelingt es den etherischen Nuancen Frische und Lebendigkeit zu hinterlassen. <\/p>\n<p>Copyright Vinaturel 2025<\/p>\n<p>Keywords: <a href=\"https:\/\/wein-werte.com\/de\/shop\/?swoof=1&#038;pa_producer=Occhipinti\">Occhipinti<\/a> <a href=\"https:\/\/wein-werte.com\/de\/shop\/?swoof=1&#038;woof_text=\"PT\" Pettineo Vino di Contrada IGT Sicilia\">&#8220;PT&#8221; Pettineo Vino di Contrada IGT Sicilia<\/a> 2022 bio <a href=\"https:\/\/wein-werte.com\/de\/shop\/?swoof=1&#038;pa_region=Sizilien\">Sizilien<\/a> <a href=\"https:\/\/wein-werte.com\/de\/shop\/?swoof=1&#038;pa_country=Italien\">Italien<\/a><\/p>\n<p>Internetseite des Weinguts: <a href=\"http:\/\/www.agricolaocchipinti.it\/en\/\" target=\"_blank\">http:\/\/www.agricolaocchipinti.it\/en\/<\/a><\/p>\n","protected":false},"excerpt":{"rendered":"<p>Lieferzeit: 1 bis 2 Arbeitstage (DE), 2 bis 5 Arbeitstage (EU and CH)<\/p>\n","protected":false},"featured_media":1141082,"template":"","meta":[],"product_brand":[],"product_cat":[19],"product_tag":[],"class_list":{"0":"post-1129764","1":"product","2":"type-product","3":"status-publish","4":"has-post-thumbnail","6":"product_cat-unkategorisiert","7":"pa_alcohol-for-filter-12893","8":"pa_certified-biodynamic-nein-de","9":"pa_certified-organic-ja-de","10":"pa_colour-rot","11":"pa_country-italien","12":"pa_grape-frappato","13":"pa_price-for-filter-10595","14":"pa_producer-occhipinti","15":"pa_region-sizilien","16":"pa_size-ml-6584","17":"pa_sweetness-trocken-de","18":"pa_type-2-still-de","19":"pa_vinous-points-for-filter-20031","20":"pa_vintage-2022-de","21":"entry","22":"has-media","24":"first","25":"instock","26":"taxable","27":"shipping-taxable","28":"purchasable","29":"product-type-simple"},"yoast_head":"<!-- This site is optimized with the Yoast SEO plugin v27.5 - https:\/\/yoast.com\/product\/yoast-seo-wordpress\/ -->\n<title>Occhipinti &quot;PT&quot; Pettineo Vino di Contrada 2022<\/title>\n<meta name=\"description\" content=\"Kaufe Occhipinti &quot;PT&quot; Pettineo Vino di Contrada 2022 (Frappato, trocken aus Sizilien, Italien) bei Wein Werte, Ihrem nachhaltigen Onlineshop.\" \/>\n<meta name=\"robots\" content=\"index, follow, max-snippet:-1, max-image-preview:large, max-video-preview:-1\" \/>\n<link rel=\"canonical\" href=\"https:\/\/wein-werte.com\/de\/produkt\/occhipinti-pt-pettineo-vino-di-contrada-2022-750ml\/\" \/>\n<meta property=\"og:locale\" content=\"de_DE\" \/>\n<meta property=\"og:type\" content=\"article\" \/>\n<meta property=\"og:title\" content=\"Occhipinti &quot;PT&quot; Pettineo Vino di Contrada 2022\" \/>\n<meta property=\"og:description\" content=\"Kaufe Occhipinti &quot;PT&quot; Pettineo Vino di Contrada 2022 (Frappato, trocken aus Sizilien, Italien) bei Wein Werte, Ihrem nachhaltigen Onlineshop.\" \/>\n<meta property=\"og:url\" content=\"https:\/\/wein-werte.com\/de\/produkt\/occhipinti-pt-pettineo-vino-di-contrada-2022-750ml\/\" \/>\n<meta property=\"og:site_name\" content=\"Wein Werte\" \/>\n<meta property=\"og:image\" content=\"https:\/\/wein-werte.com\/wp-content\/uploads\/2026\/04\/Occhipinti-PT-Pettineo-Vino-di-Contrada-2022-750ml.png\" \/>\n\t<meta property=\"og:image:width\" content=\"311\" \/>\n\t<meta property=\"og:image:height\" content=\"1200\" \/>\n\t<meta property=\"og:image:type\" content=\"image\/png\" \/>\n<meta name=\"twitter:card\" content=\"summary_large_image\" \/>\n<meta name=\"twitter:label1\" content=\"Gesch\u00e4tzte Lesezeit\" \/>\n\t<meta name=\"twitter:data1\" content=\"2\u00a0Minuten\" \/>\n<script type=\"application\/ld+json\" class=\"yoast-schema-graph\">{\"@context\":\"https:\\\/\\\/schema.org\",\"@graph\":[{\"@type\":\"WebPage\",\"@id\":\"https:\\\/\\\/wein-werte.com\\\/de\\\/produkt\\\/occhipinti-pt-pettineo-vino-di-contrada-2022-750ml\\\/\",\"url\":\"https:\\\/\\\/wein-werte.com\\\/de\\\/produkt\\\/occhipinti-pt-pettineo-vino-di-contrada-2022-750ml\\\/\",\"name\":\"Occhipinti \\\"PT\\\" Pettineo Vino di Contrada 2022\",\"isPartOf\":{\"@id\":\"https:\\\/\\\/wein-werte.com\\\/de\\\/#website\"},\"primaryImageOfPage\":{\"@id\":\"https:\\\/\\\/wein-werte.com\\\/de\\\/produkt\\\/occhipinti-pt-pettineo-vino-di-contrada-2022-750ml\\\/#primaryimage\"},\"image\":{\"@id\":\"https:\\\/\\\/wein-werte.com\\\/de\\\/produkt\\\/occhipinti-pt-pettineo-vino-di-contrada-2022-750ml\\\/#primaryimage\"},\"thumbnailUrl\":\"https:\\\/\\\/wein-werte.com\\\/wp-content\\\/uploads\\\/2026\\\/04\\\/Occhipinti-PT-Pettineo-Vino-di-Contrada-2022-750ml.png\",\"datePublished\":\"2026-05-08T18:01:09+00:00\",\"description\":\"Kaufe Occhipinti \\\"PT\\\" Pettineo Vino di Contrada 2022 (Frappato, trocken aus Sizilien, Italien) bei Wein Werte, Ihrem nachhaltigen Onlineshop.\",\"breadcrumb\":{\"@id\":\"https:\\\/\\\/wein-werte.com\\\/de\\\/produkt\\\/occhipinti-pt-pettineo-vino-di-contrada-2022-750ml\\\/#breadcrumb\"},\"inLanguage\":\"de\",\"potentialAction\":[{\"@type\":\"ReadAction\",\"target\":[\"https:\\\/\\\/wein-werte.com\\\/de\\\/produkt\\\/occhipinti-pt-pettineo-vino-di-contrada-2022-750ml\\\/\"]}]},{\"@type\":\"ImageObject\",\"inLanguage\":\"de\",\"@id\":\"https:\\\/\\\/wein-werte.com\\\/de\\\/produkt\\\/occhipinti-pt-pettineo-vino-di-contrada-2022-750ml\\\/#primaryimage\",\"url\":\"https:\\\/\\\/wein-werte.com\\\/wp-content\\\/uploads\\\/2026\\\/04\\\/Occhipinti-PT-Pettineo-Vino-di-Contrada-2022-750ml.png\",\"contentUrl\":\"https:\\\/\\\/wein-werte.com\\\/wp-content\\\/uploads\\\/2026\\\/04\\\/Occhipinti-PT-Pettineo-Vino-di-Contrada-2022-750ml.png\",\"width\":311,\"height\":1200,\"caption\":\"Occhipinti \\\"PT\\\" Pettineo Vino di Contrada IGT Sicilia 2022 750ml\"},{\"@type\":\"BreadcrumbList\",\"@id\":\"https:\\\/\\\/wein-werte.com\\\/de\\\/produkt\\\/occhipinti-pt-pettineo-vino-di-contrada-2022-750ml\\\/#breadcrumb\",\"itemListElement\":[{\"@type\":\"ListItem\",\"position\":1,\"name\":\"Home\",\"item\":\"https:\\\/\\\/wein-werte.com\\\/de\\\/\"},{\"@type\":\"ListItem\",\"position\":2,\"name\":\"Shop\",\"item\":\"https:\\\/\\\/wein-werte.com\\\/de\\\/shop\\\/\"},{\"@type\":\"ListItem\",\"position\":3,\"name\":\"Occhipinti | Sizilien | &#8220;PT&#8221; Pettineo Vino di Contrada IGT Sicilia | 2022 | 750ml | bio\"}]},{\"@type\":\"WebSite\",\"@id\":\"https:\\\/\\\/wein-werte.com\\\/de\\\/#website\",\"url\":\"https:\\\/\\\/wein-werte.com\\\/de\\\/\",\"name\":\"Wein Werte\",\"description\":\"\",\"publisher\":{\"@id\":\"https:\\\/\\\/wein-werte.com\\\/de\\\/#organization\"},\"potentialAction\":[{\"@type\":\"SearchAction\",\"target\":{\"@type\":\"EntryPoint\",\"urlTemplate\":\"https:\\\/\\\/wein-werte.com\\\/de\\\/?s={search_term_string}\"},\"query-input\":{\"@type\":\"PropertyValueSpecification\",\"valueRequired\":true,\"valueName\":\"search_term_string\"}}],\"inLanguage\":\"de\"},{\"@type\":\"Organization\",\"@id\":\"https:\\\/\\\/wein-werte.com\\\/de\\\/#organization\",\"name\":\"Vins Fins Thorrold\",\"url\":\"https:\\\/\\\/wein-werte.com\\\/de\\\/\",\"logo\":{\"@type\":\"ImageObject\",\"inLanguage\":\"de\",\"@id\":\"https:\\\/\\\/wein-werte.com\\\/de\\\/#\\\/schema\\\/logo\\\/image\\\/\",\"url\":\"https:\\\/\\\/wein-werte.com\\\/wp-content\\\/uploads\\\/2023\\\/07\\\/Wein_werte_Logo700-1.png\",\"contentUrl\":\"https:\\\/\\\/wein-werte.com\\\/wp-content\\\/uploads\\\/2023\\\/07\\\/Wein_werte_Logo700-1.png\",\"width\":700,\"height\":272,\"caption\":\"Vins Fins Thorrold\"},\"image\":{\"@id\":\"https:\\\/\\\/wein-werte.com\\\/de\\\/#\\\/schema\\\/logo\\\/image\\\/\"}}]}<\/script>\n<!-- \/ Yoast SEO plugin. -->","yoast_head_json":{"title":"Occhipinti \"PT\" Pettineo Vino di Contrada 2022","description":"Kaufe Occhipinti \"PT\" Pettineo Vino di Contrada 2022 (Frappato, trocken aus Sizilien, Italien) bei Wein Werte, Ihrem nachhaltigen Onlineshop.","robots":{"index":"index","follow":"follow","max-snippet":"max-snippet:-1","max-image-preview":"max-image-preview:large","max-video-preview":"max-video-preview:-1"},"canonical":"https:\/\/wein-werte.com\/de\/produkt\/occhipinti-pt-pettineo-vino-di-contrada-2022-750ml\/","og_locale":"de_DE","og_type":"article","og_title":"Occhipinti \"PT\" Pettineo Vino di Contrada 2022","og_description":"Kaufe Occhipinti \"PT\" Pettineo Vino di Contrada 2022 (Frappato, trocken aus Sizilien, Italien) bei Wein Werte, Ihrem nachhaltigen Onlineshop.","og_url":"https:\/\/wein-werte.com\/de\/produkt\/occhipinti-pt-pettineo-vino-di-contrada-2022-750ml\/","og_site_name":"Wein Werte","og_image":[{"width":311,"height":1200,"url":"https:\/\/wein-werte.com\/wp-content\/uploads\/2026\/04\/Occhipinti-PT-Pettineo-Vino-di-Contrada-2022-750ml.png","type":"image\/png"}],"twitter_card":"summary_large_image","twitter_misc":{"Gesch\u00e4tzte Lesezeit":"2\u00a0Minuten"},"schema":{"@context":"https:\/\/schema.org","@graph":[{"@type":"WebPage","@id":"https:\/\/wein-werte.com\/de\/produkt\/occhipinti-pt-pettineo-vino-di-contrada-2022-750ml\/","url":"https:\/\/wein-werte.com\/de\/produkt\/occhipinti-pt-pettineo-vino-di-contrada-2022-750ml\/","name":"Occhipinti \"PT\" Pettineo Vino di Contrada 2022","isPartOf":{"@id":"https:\/\/wein-werte.com\/de\/#website"},"primaryImageOfPage":{"@id":"https:\/\/wein-werte.com\/de\/produkt\/occhipinti-pt-pettineo-vino-di-contrada-2022-750ml\/#primaryimage"},"image":{"@id":"https:\/\/wein-werte.com\/de\/produkt\/occhipinti-pt-pettineo-vino-di-contrada-2022-750ml\/#primaryimage"},"thumbnailUrl":"https:\/\/wein-werte.com\/wp-content\/uploads\/2026\/04\/Occhipinti-PT-Pettineo-Vino-di-Contrada-2022-750ml.png","datePublished":"2026-05-08T18:01:09+00:00","description":"Kaufe Occhipinti \"PT\" Pettineo Vino di Contrada 2022 (Frappato, trocken aus Sizilien, Italien) bei Wein Werte, Ihrem nachhaltigen Onlineshop.","breadcrumb":{"@id":"https:\/\/wein-werte.com\/de\/produkt\/occhipinti-pt-pettineo-vino-di-contrada-2022-750ml\/#breadcrumb"},"inLanguage":"de","potentialAction":[{"@type":"ReadAction","target":["https:\/\/wein-werte.com\/de\/produkt\/occhipinti-pt-pettineo-vino-di-contrada-2022-750ml\/"]}]},{"@type":"ImageObject","inLanguage":"de","@id":"https:\/\/wein-werte.com\/de\/produkt\/occhipinti-pt-pettineo-vino-di-contrada-2022-750ml\/#primaryimage","url":"https:\/\/wein-werte.com\/wp-content\/uploads\/2026\/04\/Occhipinti-PT-Pettineo-Vino-di-Contrada-2022-750ml.png","contentUrl":"https:\/\/wein-werte.com\/wp-content\/uploads\/2026\/04\/Occhipinti-PT-Pettineo-Vino-di-Contrada-2022-750ml.png","width":311,"height":1200,"caption":"Occhipinti \"PT\" Pettineo Vino di Contrada IGT Sicilia 2022 750ml"},{"@type":"BreadcrumbList","@id":"https:\/\/wein-werte.com\/de\/produkt\/occhipinti-pt-pettineo-vino-di-contrada-2022-750ml\/#breadcrumb","itemListElement":[{"@type":"ListItem","position":1,"name":"Home","item":"https:\/\/wein-werte.com\/de\/"},{"@type":"ListItem","position":2,"name":"Shop","item":"https:\/\/wein-werte.com\/de\/shop\/"},{"@type":"ListItem","position":3,"name":"Occhipinti | Sizilien | &#8220;PT&#8221; Pettineo Vino di Contrada IGT Sicilia | 2022 | 750ml | bio"}]},{"@type":"WebSite","@id":"https:\/\/wein-werte.com\/de\/#website","url":"https:\/\/wein-werte.com\/de\/","name":"Wein Werte","description":"","publisher":{"@id":"https:\/\/wein-werte.com\/de\/#organization"},"potentialAction":[{"@type":"SearchAction","target":{"@type":"EntryPoint","urlTemplate":"https:\/\/wein-werte.com\/de\/?s={search_term_string}"},"query-input":{"@type":"PropertyValueSpecification","valueRequired":true,"valueName":"search_term_string"}}],"inLanguage":"de"},{"@type":"Organization","@id":"https:\/\/wein-werte.com\/de\/#organization","name":"Vins Fins Thorrold","url":"https:\/\/wein-werte.com\/de\/","logo":{"@type":"ImageObject","inLanguage":"de","@id":"https:\/\/wein-werte.com\/de\/#\/schema\/logo\/image\/","url":"https:\/\/wein-werte.com\/wp-content\/uploads\/2023\/07\/Wein_werte_Logo700-1.png","contentUrl":"https:\/\/wein-werte.com\/wp-content\/uploads\/2023\/07\/Wein_werte_Logo700-1.png","width":700,"height":272,"caption":"Vins Fins Thorrold"},"image":{"@id":"https:\/\/wein-werte.com\/de\/#\/schema\/logo\/image\/"}}]}},"_links":{"self":[{"href":"https:\/\/wein-werte.com\/de\/wp-json\/wp\/v2\/product\/1129764","targetHints":{"allow":["GET"]}}],"collection":[{"href":"https:\/\/wein-werte.com\/de\/wp-json\/wp\/v2\/product"}],"about":[{"href":"https:\/\/wein-werte.com\/de\/wp-json\/wp\/v2\/types\/product"}],"wp:featuredmedia":[{"embeddable":true,"href":"https:\/\/wein-werte.com\/de\/wp-json\/wp\/v2\/media\/1141082"}],"wp:attachment":[{"href":"https:\/\/wein-werte.com\/de\/wp-json\/wp\/v2\/media?parent=1129764"}],"wp:term":[{"taxonomy":"product_brand","embeddable":true,"href":"https:\/\/wein-werte.com\/de\/wp-json\/wp\/v2\/product_brand?post=1129764"},{"taxonomy":"product_cat","embeddable":true,"href":"https:\/\/wein-werte.com\/de\/wp-json\/wp\/v2\/product_cat?post=1129764"},{"taxonomy":"product_tag","embeddable":true,"href":"https:\/\/wein-werte.com\/de\/wp-json\/wp\/v2\/product_tag?post=1129764"}],"curies":[{"name":"wp","href":"https:\/\/api.w.org\/{rel}","templated":true}]}}