{"id":1129756,"date":"2026-05-12T15:44:37","date_gmt":"2026-05-12T13:44:37","guid":{"rendered":"https:\/\/wein-werte.com\/product\/occhipinti-bb-bombolieri-vino-di-contrada-2022-750ml\/"},"modified":"2026-05-12T19:55:37","modified_gmt":"2026-05-12T17:55:37","slug":"occhipinti-bb-bombolieri-vino-di-contrada-2022-750ml","status":"publish","type":"product","link":"https:\/\/wein-werte.com\/de\/produkt\/occhipinti-bb-bombolieri-vino-di-contrada-2022-750ml\/","title":{"rendered":"Occhipinti | Sizilien | &#8220;BB&#8221; Bombolieri Vino di Contrada IGT Sicilia | 2022 | 750ml | bio"},"content":{"rendered":"<p>Produktbeschreibung f\u00fcr Occhipinti &#8220;BB&#8221; Bombolieri Vino di Contrada IGT Sicilia 2022 (bio) <\/p>\n<h5>Info<\/h5>\n<p> In der Parzelle Bomboliero variiert der Boden stark. Wei\u00dfe als auch braune Bereiche findet man hier. Unter der nur 25cm tragenden Schicht Sand findet man eine Schicht Kalksteinfelsen. Je nachdem ob sich der Lehm oder Sand mit dem Kalk besser mischt, tr\u00e4gt die Schicht die Farbe an die Oberfl\u00e4che. Die Reben weisen ein junges Alter von 25 Jahren auf. In den ersten zehn Tagen des Oktober wurde hier 2022 gelesen. In Zementtanks wird mit nat\u00fcrlichen Hefen vergoren. Ganze 20 Tage bleibt die Maische im Kontakt mit dem Most \u2013 also auch w\u00e4hrend der G\u00e4rung. Abschlie\u00dfend reifen die Weine f\u00fcr 20 Monate in ovalen 20hl-Zementtanks. <\/p>\n<h5>Farbe<\/h5>\n<p> Hell leuchtendes Kirschrot mit leichten, violetten Reflexen <\/p>\n<h5>Nase<\/h5>\n<p> Intensiv und dunkel. Fruchtig und w\u00fcrzig. Seine Protagonisten sind eher Schattenmorelle, Cassis, Brombeere und S\u00fc\u00dfkirsche. Er zeigt uns seine wilde, animalische Seite durch warmes Leder, Reduktion, etwas Pferdesattel sowie ein Hauch Lakritz. W\u00fcrzig wirkt er deutlich durch zahlreiche Einfl\u00fcsse. Da w\u00e4ren Koriandersaat und Erbsensprossen, Fenchel sowie Salbei und Oregano. Schwarzer und roter Pfeffer stehen neben Wacholder und Piment. Ganz zart versetzt er uns gedanklich in den Wald durch Unterholz, Moos und Rinde von Nadelb\u00e4umen. Abschlie\u00dfend verf\u00fchrt er durch dunkle Schokolade, die sparsam abgerieben wird. <\/p>\n<h5>Gaumen<\/h5>\n<p> Enorm zupackend baut er sich am Gaumen auf. Seine S\u00e4urestruktur lebt von Adstringenz und hoher Animation. Das versetzt uns gedanklich wieder in Pinot Noir-Erinnerungen. Stets ist er auf leichtem Fu\u00df und enorm elegant unterwegs. F\u00fcr mich zeigt dies einen Hauch D\u00f6rrobst und Rumrosine neben reichlich s\u00e4uerlicher Schattenmorelle. Gro\u00dfartig. Seidig und filigran kommt er v\u00f6llig ohne Tannin aus. Das animiert enorm und fordert zugleich. Insofern man sich auf ihn einl\u00e4sst. Leicht florale Ankl\u00e4nge zeigen blaue und dunkle Bl\u00fcten. <\/p>\n<p>Copyright Vinaturel 2025<\/p>\n<p>Keywords: <a href=\"https:\/\/wein-werte.com\/de\/shop\/?swoof=1&#038;pa_producer=Occhipinti\">Occhipinti<\/a> <a href=\"https:\/\/wein-werte.com\/de\/shop\/?swoof=1&#038;woof_text=\"BB\" Bombolieri Vino di Contrada IGT Sicilia\">&#8220;BB&#8221; Bombolieri Vino di Contrada IGT Sicilia<\/a> 2022 bio <a href=\"https:\/\/wein-werte.com\/de\/shop\/?swoof=1&#038;pa_region=Sizilien\">Sizilien<\/a> <a href=\"https:\/\/wein-werte.com\/de\/shop\/?swoof=1&#038;pa_country=Italien\">Italien<\/a><\/p>\n<p>Internetseite des Weinguts: <a href=\"http:\/\/www.agricolaocchipinti.it\/en\/\" target=\"_blank\">http:\/\/www.agricolaocchipinti.it\/en\/<\/a><\/p>\n","protected":false},"excerpt":{"rendered":"<div style=\"font-size: 14px;\">\n<p>Lieferzeit: 1 bis 2 Arbeitstage (DE), 2 bis 5 Arbeitstage (EU und CH)<\/p>\n<p>Ungef\u00e4hrer Energiegehalt pro 125-ml-Glas: 95 kcal<\/p>\n<\/p><\/div>\n","protected":false},"featured_media":1141076,"template":"","meta":[],"product_brand":[],"product_cat":[19],"product_tag":[],"class_list":{"0":"post-1129756","1":"product","2":"type-product","3":"status-publish","4":"has-post-thumbnail","6":"product_cat-unkategorisiert","7":"pa_alcohol-for-filter-12893","8":"pa_certified-biodynamic-nein-de","9":"pa_certified-organic-ja-de","10":"pa_colour-rot","11":"pa_country-italien","12":"pa_grape-frappato","13":"pa_price-for-filter-10595","14":"pa_producer-occhipinti","15":"pa_region-sizilien","16":"pa_size-ml-6584","17":"pa_sweetness-trocken-de","18":"pa_type-2-still-de","19":"pa_vinous-points-for-filter-16152","20":"pa_vintage-2022-de","21":"entry","22":"has-media","24":"first","25":"instock","26":"taxable","27":"shipping-taxable","28":"purchasable","29":"product-type-simple"},"yoast_head":"<!-- This site is optimized with the Yoast SEO plugin v27.6 - https:\/\/yoast.com\/product\/yoast-seo-wordpress\/ -->\n<title>Occhipinti &quot;BB&quot; Bombolieri Vino di Contrada 2022<\/title>\n<meta name=\"description\" content=\"Kaufe Occhipinti &quot;BB&quot; Bombolieri Vino di Contrada 2022 (Frappato, trocken aus Sizilien, Italien) bei Wein Werte, Ihrem nachhaltigen Onlineshop.\" \/>\n<meta name=\"robots\" content=\"index, follow, max-snippet:-1, max-image-preview:large, max-video-preview:-1\" \/>\n<link rel=\"canonical\" href=\"https:\/\/wein-werte.com\/de\/produkt\/occhipinti-bb-bombolieri-vino-di-contrada-2022-750ml\/\" \/>\n<meta property=\"og:locale\" content=\"de_DE\" \/>\n<meta property=\"og:type\" content=\"article\" \/>\n<meta property=\"og:title\" content=\"Occhipinti &quot;BB&quot; Bombolieri Vino di Contrada 2022\" \/>\n<meta property=\"og:description\" content=\"Kaufe Occhipinti &quot;BB&quot; Bombolieri Vino di Contrada 2022 (Frappato, trocken aus Sizilien, Italien) bei Wein Werte, Ihrem nachhaltigen Onlineshop.\" \/>\n<meta property=\"og:url\" content=\"https:\/\/wein-werte.com\/de\/produkt\/occhipinti-bb-bombolieri-vino-di-contrada-2022-750ml\/\" \/>\n<meta property=\"og:site_name\" content=\"Wein Werte\" \/>\n<meta property=\"article:modified_time\" content=\"2026-05-12T17:55:37+00:00\" \/>\n<meta property=\"og:image\" content=\"https:\/\/wein-werte.com\/wp-content\/uploads\/2026\/04\/Occhipinti-BB-Bombolieri-Vino-di-Contrada-2022-750ml.png\" \/>\n\t<meta property=\"og:image:width\" content=\"312\" \/>\n\t<meta property=\"og:image:height\" content=\"1200\" \/>\n\t<meta property=\"og:image:type\" content=\"image\/png\" \/>\n<meta name=\"twitter:card\" content=\"summary_large_image\" \/>\n<meta name=\"twitter:label1\" content=\"Gesch\u00e4tzte Lesezeit\" \/>\n\t<meta name=\"twitter:data1\" content=\"2\u00a0Minuten\" \/>\n<script type=\"application\/ld+json\" class=\"yoast-schema-graph\">{\"@context\":\"https:\\\/\\\/schema.org\",\"@graph\":[{\"@type\":\"WebPage\",\"@id\":\"https:\\\/\\\/wein-werte.com\\\/de\\\/produkt\\\/occhipinti-bb-bombolieri-vino-di-contrada-2022-750ml\\\/\",\"url\":\"https:\\\/\\\/wein-werte.com\\\/de\\\/produkt\\\/occhipinti-bb-bombolieri-vino-di-contrada-2022-750ml\\\/\",\"name\":\"Occhipinti \\\"BB\\\" Bombolieri Vino di Contrada 2022\",\"isPartOf\":{\"@id\":\"https:\\\/\\\/wein-werte.com\\\/de\\\/#website\"},\"primaryImageOfPage\":{\"@id\":\"https:\\\/\\\/wein-werte.com\\\/de\\\/produkt\\\/occhipinti-bb-bombolieri-vino-di-contrada-2022-750ml\\\/#primaryimage\"},\"image\":{\"@id\":\"https:\\\/\\\/wein-werte.com\\\/de\\\/produkt\\\/occhipinti-bb-bombolieri-vino-di-contrada-2022-750ml\\\/#primaryimage\"},\"thumbnailUrl\":\"https:\\\/\\\/wein-werte.com\\\/wp-content\\\/uploads\\\/2026\\\/04\\\/Occhipinti-BB-Bombolieri-Vino-di-Contrada-2022-750ml.png\",\"datePublished\":\"2026-05-12T13:44:37+00:00\",\"dateModified\":\"2026-05-12T17:55:37+00:00\",\"description\":\"Kaufe Occhipinti \\\"BB\\\" Bombolieri Vino di Contrada 2022 (Frappato, trocken aus Sizilien, Italien) bei Wein Werte, Ihrem nachhaltigen Onlineshop.\",\"breadcrumb\":{\"@id\":\"https:\\\/\\\/wein-werte.com\\\/de\\\/produkt\\\/occhipinti-bb-bombolieri-vino-di-contrada-2022-750ml\\\/#breadcrumb\"},\"inLanguage\":\"de\",\"potentialAction\":[{\"@type\":\"ReadAction\",\"target\":[\"https:\\\/\\\/wein-werte.com\\\/de\\\/produkt\\\/occhipinti-bb-bombolieri-vino-di-contrada-2022-750ml\\\/\"]}]},{\"@type\":\"ImageObject\",\"inLanguage\":\"de\",\"@id\":\"https:\\\/\\\/wein-werte.com\\\/de\\\/produkt\\\/occhipinti-bb-bombolieri-vino-di-contrada-2022-750ml\\\/#primaryimage\",\"url\":\"https:\\\/\\\/wein-werte.com\\\/wp-content\\\/uploads\\\/2026\\\/04\\\/Occhipinti-BB-Bombolieri-Vino-di-Contrada-2022-750ml.png\",\"contentUrl\":\"https:\\\/\\\/wein-werte.com\\\/wp-content\\\/uploads\\\/2026\\\/04\\\/Occhipinti-BB-Bombolieri-Vino-di-Contrada-2022-750ml.png\",\"width\":312,\"height\":1200,\"caption\":\"Occhipinti \\\"BB\\\" Bombolieri Vino di Contrada IGT Sicilia 2022 750ml\"},{\"@type\":\"BreadcrumbList\",\"@id\":\"https:\\\/\\\/wein-werte.com\\\/de\\\/produkt\\\/occhipinti-bb-bombolieri-vino-di-contrada-2022-750ml\\\/#breadcrumb\",\"itemListElement\":[{\"@type\":\"ListItem\",\"position\":1,\"name\":\"Home\",\"item\":\"https:\\\/\\\/wein-werte.com\\\/de\\\/\"},{\"@type\":\"ListItem\",\"position\":2,\"name\":\"Shop\",\"item\":\"https:\\\/\\\/wein-werte.com\\\/de\\\/shop\\\/\"},{\"@type\":\"ListItem\",\"position\":3,\"name\":\"Occhipinti | Sizilien | &#8220;BB&#8221; Bombolieri Vino di Contrada IGT Sicilia | 2022 | 750ml | bio\"}]},{\"@type\":\"WebSite\",\"@id\":\"https:\\\/\\\/wein-werte.com\\\/de\\\/#website\",\"url\":\"https:\\\/\\\/wein-werte.com\\\/de\\\/\",\"name\":\"Wein Werte\",\"description\":\"\",\"publisher\":{\"@id\":\"https:\\\/\\\/wein-werte.com\\\/de\\\/#organization\"},\"potentialAction\":[{\"@type\":\"SearchAction\",\"target\":{\"@type\":\"EntryPoint\",\"urlTemplate\":\"https:\\\/\\\/wein-werte.com\\\/de\\\/?s={search_term_string}\"},\"query-input\":{\"@type\":\"PropertyValueSpecification\",\"valueRequired\":true,\"valueName\":\"search_term_string\"}}],\"inLanguage\":\"de\"},{\"@type\":\"Organization\",\"@id\":\"https:\\\/\\\/wein-werte.com\\\/de\\\/#organization\",\"name\":\"Vins Fins Thorrold\",\"url\":\"https:\\\/\\\/wein-werte.com\\\/de\\\/\",\"logo\":{\"@type\":\"ImageObject\",\"inLanguage\":\"de\",\"@id\":\"https:\\\/\\\/wein-werte.com\\\/de\\\/#\\\/schema\\\/logo\\\/image\\\/\",\"url\":\"https:\\\/\\\/wein-werte.com\\\/wp-content\\\/uploads\\\/2023\\\/07\\\/Wein_werte_Logo700-1.png\",\"contentUrl\":\"https:\\\/\\\/wein-werte.com\\\/wp-content\\\/uploads\\\/2023\\\/07\\\/Wein_werte_Logo700-1.png\",\"width\":700,\"height\":272,\"caption\":\"Vins Fins Thorrold\"},\"image\":{\"@id\":\"https:\\\/\\\/wein-werte.com\\\/de\\\/#\\\/schema\\\/logo\\\/image\\\/\"}}]}<\/script>\n<!-- \/ Yoast SEO plugin. -->","yoast_head_json":{"title":"Occhipinti \"BB\" Bombolieri Vino di Contrada 2022","description":"Kaufe Occhipinti \"BB\" Bombolieri Vino di Contrada 2022 (Frappato, trocken aus Sizilien, Italien) bei Wein Werte, Ihrem nachhaltigen Onlineshop.","robots":{"index":"index","follow":"follow","max-snippet":"max-snippet:-1","max-image-preview":"max-image-preview:large","max-video-preview":"max-video-preview:-1"},"canonical":"https:\/\/wein-werte.com\/de\/produkt\/occhipinti-bb-bombolieri-vino-di-contrada-2022-750ml\/","og_locale":"de_DE","og_type":"article","og_title":"Occhipinti \"BB\" Bombolieri Vino di Contrada 2022","og_description":"Kaufe Occhipinti \"BB\" Bombolieri Vino di Contrada 2022 (Frappato, trocken aus Sizilien, Italien) bei Wein Werte, Ihrem nachhaltigen Onlineshop.","og_url":"https:\/\/wein-werte.com\/de\/produkt\/occhipinti-bb-bombolieri-vino-di-contrada-2022-750ml\/","og_site_name":"Wein Werte","article_modified_time":"2026-05-12T17:55:37+00:00","og_image":[{"width":312,"height":1200,"url":"https:\/\/wein-werte.com\/wp-content\/uploads\/2026\/04\/Occhipinti-BB-Bombolieri-Vino-di-Contrada-2022-750ml.png","type":"image\/png"}],"twitter_card":"summary_large_image","twitter_misc":{"Gesch\u00e4tzte Lesezeit":"2\u00a0Minuten"},"schema":{"@context":"https:\/\/schema.org","@graph":[{"@type":"WebPage","@id":"https:\/\/wein-werte.com\/de\/produkt\/occhipinti-bb-bombolieri-vino-di-contrada-2022-750ml\/","url":"https:\/\/wein-werte.com\/de\/produkt\/occhipinti-bb-bombolieri-vino-di-contrada-2022-750ml\/","name":"Occhipinti \"BB\" Bombolieri Vino di Contrada 2022","isPartOf":{"@id":"https:\/\/wein-werte.com\/de\/#website"},"primaryImageOfPage":{"@id":"https:\/\/wein-werte.com\/de\/produkt\/occhipinti-bb-bombolieri-vino-di-contrada-2022-750ml\/#primaryimage"},"image":{"@id":"https:\/\/wein-werte.com\/de\/produkt\/occhipinti-bb-bombolieri-vino-di-contrada-2022-750ml\/#primaryimage"},"thumbnailUrl":"https:\/\/wein-werte.com\/wp-content\/uploads\/2026\/04\/Occhipinti-BB-Bombolieri-Vino-di-Contrada-2022-750ml.png","datePublished":"2026-05-12T13:44:37+00:00","dateModified":"2026-05-12T17:55:37+00:00","description":"Kaufe Occhipinti \"BB\" Bombolieri Vino di Contrada 2022 (Frappato, trocken aus Sizilien, Italien) bei Wein Werte, Ihrem nachhaltigen Onlineshop.","breadcrumb":{"@id":"https:\/\/wein-werte.com\/de\/produkt\/occhipinti-bb-bombolieri-vino-di-contrada-2022-750ml\/#breadcrumb"},"inLanguage":"de","potentialAction":[{"@type":"ReadAction","target":["https:\/\/wein-werte.com\/de\/produkt\/occhipinti-bb-bombolieri-vino-di-contrada-2022-750ml\/"]}]},{"@type":"ImageObject","inLanguage":"de","@id":"https:\/\/wein-werte.com\/de\/produkt\/occhipinti-bb-bombolieri-vino-di-contrada-2022-750ml\/#primaryimage","url":"https:\/\/wein-werte.com\/wp-content\/uploads\/2026\/04\/Occhipinti-BB-Bombolieri-Vino-di-Contrada-2022-750ml.png","contentUrl":"https:\/\/wein-werte.com\/wp-content\/uploads\/2026\/04\/Occhipinti-BB-Bombolieri-Vino-di-Contrada-2022-750ml.png","width":312,"height":1200,"caption":"Occhipinti \"BB\" Bombolieri Vino di Contrada IGT Sicilia 2022 750ml"},{"@type":"BreadcrumbList","@id":"https:\/\/wein-werte.com\/de\/produkt\/occhipinti-bb-bombolieri-vino-di-contrada-2022-750ml\/#breadcrumb","itemListElement":[{"@type":"ListItem","position":1,"name":"Home","item":"https:\/\/wein-werte.com\/de\/"},{"@type":"ListItem","position":2,"name":"Shop","item":"https:\/\/wein-werte.com\/de\/shop\/"},{"@type":"ListItem","position":3,"name":"Occhipinti | Sizilien | &#8220;BB&#8221; Bombolieri Vino di Contrada IGT Sicilia | 2022 | 750ml | bio"}]},{"@type":"WebSite","@id":"https:\/\/wein-werte.com\/de\/#website","url":"https:\/\/wein-werte.com\/de\/","name":"Wein Werte","description":"","publisher":{"@id":"https:\/\/wein-werte.com\/de\/#organization"},"potentialAction":[{"@type":"SearchAction","target":{"@type":"EntryPoint","urlTemplate":"https:\/\/wein-werte.com\/de\/?s={search_term_string}"},"query-input":{"@type":"PropertyValueSpecification","valueRequired":true,"valueName":"search_term_string"}}],"inLanguage":"de"},{"@type":"Organization","@id":"https:\/\/wein-werte.com\/de\/#organization","name":"Vins Fins Thorrold","url":"https:\/\/wein-werte.com\/de\/","logo":{"@type":"ImageObject","inLanguage":"de","@id":"https:\/\/wein-werte.com\/de\/#\/schema\/logo\/image\/","url":"https:\/\/wein-werte.com\/wp-content\/uploads\/2023\/07\/Wein_werte_Logo700-1.png","contentUrl":"https:\/\/wein-werte.com\/wp-content\/uploads\/2023\/07\/Wein_werte_Logo700-1.png","width":700,"height":272,"caption":"Vins Fins Thorrold"},"image":{"@id":"https:\/\/wein-werte.com\/de\/#\/schema\/logo\/image\/"}}]}},"_links":{"self":[{"href":"https:\/\/wein-werte.com\/de\/wp-json\/wp\/v2\/product\/1129756","targetHints":{"allow":["GET"]}}],"collection":[{"href":"https:\/\/wein-werte.com\/de\/wp-json\/wp\/v2\/product"}],"about":[{"href":"https:\/\/wein-werte.com\/de\/wp-json\/wp\/v2\/types\/product"}],"wp:featuredmedia":[{"embeddable":true,"href":"https:\/\/wein-werte.com\/de\/wp-json\/wp\/v2\/media\/1141076"}],"wp:attachment":[{"href":"https:\/\/wein-werte.com\/de\/wp-json\/wp\/v2\/media?parent=1129756"}],"wp:term":[{"taxonomy":"product_brand","embeddable":true,"href":"https:\/\/wein-werte.com\/de\/wp-json\/wp\/v2\/product_brand?post=1129756"},{"taxonomy":"product_cat","embeddable":true,"href":"https:\/\/wein-werte.com\/de\/wp-json\/wp\/v2\/product_cat?post=1129756"},{"taxonomy":"product_tag","embeddable":true,"href":"https:\/\/wein-werte.com\/de\/wp-json\/wp\/v2\/product_tag?post=1129756"}],"curies":[{"name":"wp","href":"https:\/\/api.w.org\/{rel}","templated":true}]}}