{"id":1129736,"date":"2026-05-08T20:01:08","date_gmt":"2026-05-08T18:01:08","guid":{"rendered":"https:\/\/wein-werte.com\/product\/occhipinti-grotte-alte-cerasuoli-di-vittoria-2019-750ml\/"},"modified":"2026-04-27T11:44:48","modified_gmt":"2026-04-27T09:44:48","slug":"occhipinti-grotte-alte-cerasuoli-di-vittoria-2019-750ml","status":"publish","type":"product","link":"https:\/\/wein-werte.com\/de\/produkt\/occhipinti-grotte-alte-cerasuoli-di-vittoria-2019-750ml\/","title":{"rendered":"Occhipinti | Sizilien | Grotte Alte Cerasuoli di Vittoria DOCG | 2019 | 750ml | bio"},"content":{"rendered":"<p>Produktbeschreibung f\u00fcr Occhipinti Grotte Alte Cerasuoli di Vittoria DOCG 2019 (bio)<\/p>\n<p> Der Grotte Alte ist ein Cerasuolo di Vittoria, der einzige DOCG Wein Siziliens. Die Cuv\u00e9e aus jeweils 50% Nero d\u2019Avola und Frappato ist durch den gro\u00dfen Erfolg von Occhipintis Contrade-Weinen etwas au\u00dferhalb des zeitgeistigen Fokus. Zu Unrecht, denn es handelt sich um einen der wirklich gro\u00dfen Rotweine Siziliens, den Arianna selbst als ihr vielleicht ehrgeizigstes Projekt beschreibt. Die Trauben f\u00fcr diesen mediterran gepr\u00e4gten Wein wachsen auf den Kalksteink\u00e4mmen Vittorias an rund 40-j\u00e4hrigen Reben auf gut 280 Metern \u00fcber dem Meeresspiegel. Vergoren wird ausschlie\u00dflich spontan mit den weinbergseigenen Hefen f\u00fcr gut 30 Tage im neutralen Beton auf der Maische. Danach kommt der Wein f\u00fcr vier Jahre in 50 Hektoliter gro\u00dfe burgundische F\u00e4ssern von Marc Grenier, bevor er vor der Vermarktung weitere vier Monate auf der Flasche reift. Das ist verdammt viel Zeit, kondensiert aber bereits ab dem ersten Schluck im Geschmack, auch ohne das Wissen um die aufw\u00e4ndige Produktion. Als Abbild seiner Herkunft vereint er die Aromen w\u00fcrziger Meeresluft ebenso mit der Aromatik der Abwinde des Iblei-Gebirges. Gro\u00dfes Spektakel. <\/p>\n<h5>Farbe<\/h5>\n<p> Dunkles Granatrot mit schwarzem Kern. Nase Die Nase des 2019 Grotte Alte Cerasuolo di Vittoria von Arianna Occhipinti \u00f6ffnet sich die schweren T\u00fcren einer alten Kathedrale: Die rotbeerige Frucht oszilliert zwischen Kirschen, Himbeeren, Maulbeeren sowie zwischen Konzentration und frischem Naturell mit S\u00e4urezug und jugendlicher Lebendigkeit. Dar\u00fcber schweben wie ein Hoovercraft \u00e4therische Noten nach Orangenbl\u00fcten, etwas Zeder, Vetiver und abermals Steinobst. Das Ganze hat eine unglaubliche Tiefe und Brillanz und l\u00e4sst die Lippen gierig Richtugn kelche sch\u00fcrzen. <\/p>\n<h5>Mund<\/h5>\n<p> Die Tiefgr\u00fcndigkeit der Nase spiegelt sich in Antrunk, erg\u00e4nzt durch dezent mediterrane Macchia sowie distinktiv fruchtigen Noten nach rotem Weinbergs-Pfirsich, Orangenzeste und transparent rubinroter Frucht, die auch am Gaumen zu kathedraler Gr\u00f6\u00dfe aufl\u00e4uft. Seidig und elegant hat sie eine immense Tiefe, flankiert von fast staubigen Gerbstoffen, fein und engmaschig am Zungensaum. Aromatisch tiefgr\u00fcndig, komplex und vielschichtig mit orchestralem Finish und schwer bezifferbarer L\u00e4nge. Ein Rotwein, der trotz seiner warmen, s\u00fcdlichen Herkunft beweist, dass es nicht der dunkelste, kr\u00e4ftigste und damit lauteste Wein ist, der die Spitze markiert, sondern der feine, leise Wein mit seiner subtilen, daf\u00fcr umso nachdr\u00fccklicheren Art.<\/p>\n<p>Copyright Vinaturel 2025<\/p>\n<p>Keywords: <a href=\"https:\/\/wein-werte.com\/de\/shop\/?swoof=1&#038;pa_producer=Occhipinti\">Occhipinti<\/a> <a href=\"https:\/\/wein-werte.com\/de\/shop\/?swoof=1&#038;woof_text=Grotte Alte Cerasuoli di Vittoria DOCG\">Grotte Alte Cerasuoli di Vittoria DOCG<\/a> 2019 bio <a href=\"https:\/\/wein-werte.com\/de\/shop\/?swoof=1&#038;pa_region=Sizilien\">Sizilien<\/a> <a href=\"https:\/\/wein-werte.com\/de\/shop\/?swoof=1&#038;pa_country=Italien\">Italien<\/a><\/p>\n<p>Internetseite des Weinguts: <a href=\"http:\/\/www.agricolaocchipinti.it\/en\/\" target=\"_blank\">http:\/\/www.agricolaocchipinti.it\/en\/<\/a><\/p>\n","protected":false},"excerpt":{"rendered":"<p>Lieferzeit: 1 bis 2 Arbeitstage (DE), 2 bis 5 Arbeitstage (EU and CH)<\/p>\n","protected":false},"featured_media":1141060,"template":"","meta":[],"product_brand":[],"product_cat":[19],"product_tag":[],"class_list":{"0":"post-1129736","1":"product","2":"type-product","3":"status-publish","4":"has-post-thumbnail","6":"product_cat-unkategorisiert","7":"pa_alcohol-for-filter-12897","8":"pa_certified-biodynamic-nein-de","9":"pa_certified-organic-ja-de","10":"pa_colour-rot","11":"pa_country-italien","12":"pa_grape-frappato-cuvee","13":"pa_price-for-filter-10629","14":"pa_producer-occhipinti","15":"pa_region-sizilien","16":"pa_size-ml-6584","17":"pa_sweetness-trocken-de","18":"pa_type-2-still-de","19":"pa_vintage-2019-de","20":"entry","21":"has-media","23":"first","24":"instock","25":"taxable","26":"shipping-taxable","27":"purchasable","28":"product-type-simple"},"yoast_head":"<!-- This site is optimized with the Yoast SEO plugin v27.5 - https:\/\/yoast.com\/product\/yoast-seo-wordpress\/ -->\n<title>Occhipinti Grotte Alte Cerasuoli di Vittoria 2019<\/title>\n<meta name=\"description\" content=\"Kaufe Occhipinti Grotte Alte Cerasuoli di Vittoria 2019 (Frappato Cuv\u00e9e, trocken aus Sizilien, Italien) bei Wein Werte, Ihrem nachhaltigen Onlineshop.\" \/>\n<meta name=\"robots\" content=\"index, follow, max-snippet:-1, max-image-preview:large, max-video-preview:-1\" \/>\n<link rel=\"canonical\" href=\"https:\/\/wein-werte.com\/de\/produkt\/occhipinti-grotte-alte-cerasuoli-di-vittoria-2019-750ml\/\" \/>\n<meta property=\"og:locale\" content=\"de_DE\" \/>\n<meta property=\"og:type\" content=\"article\" \/>\n<meta property=\"og:title\" content=\"Occhipinti Grotte Alte Cerasuoli di Vittoria 2019\" \/>\n<meta property=\"og:description\" content=\"Kaufe Occhipinti Grotte Alte Cerasuoli di Vittoria 2019 (Frappato Cuv\u00e9e, trocken aus Sizilien, Italien) bei Wein Werte, Ihrem nachhaltigen Onlineshop.\" \/>\n<meta property=\"og:url\" content=\"https:\/\/wein-werte.com\/de\/produkt\/occhipinti-grotte-alte-cerasuoli-di-vittoria-2019-750ml\/\" \/>\n<meta property=\"og:site_name\" content=\"Wein Werte\" \/>\n<meta property=\"og:image\" content=\"https:\/\/wein-werte.com\/wp-content\/uploads\/2026\/04\/Occhipinti-Grotte-Alte-Cerasuoli-di-Vittoria-2019-750ml.png\" \/>\n\t<meta property=\"og:image:width\" content=\"315\" \/>\n\t<meta property=\"og:image:height\" content=\"1200\" \/>\n\t<meta property=\"og:image:type\" content=\"image\/png\" \/>\n<meta name=\"twitter:card\" content=\"summary_large_image\" \/>\n<meta name=\"twitter:label1\" content=\"Gesch\u00e4tzte Lesezeit\" \/>\n\t<meta name=\"twitter:data1\" content=\"2\u00a0Minuten\" \/>\n<script type=\"application\/ld+json\" class=\"yoast-schema-graph\">{\"@context\":\"https:\\\/\\\/schema.org\",\"@graph\":[{\"@type\":\"WebPage\",\"@id\":\"https:\\\/\\\/wein-werte.com\\\/de\\\/produkt\\\/occhipinti-grotte-alte-cerasuoli-di-vittoria-2019-750ml\\\/\",\"url\":\"https:\\\/\\\/wein-werte.com\\\/de\\\/produkt\\\/occhipinti-grotte-alte-cerasuoli-di-vittoria-2019-750ml\\\/\",\"name\":\"Occhipinti Grotte Alte Cerasuoli di Vittoria 2019\",\"isPartOf\":{\"@id\":\"https:\\\/\\\/wein-werte.com\\\/de\\\/#website\"},\"primaryImageOfPage\":{\"@id\":\"https:\\\/\\\/wein-werte.com\\\/de\\\/produkt\\\/occhipinti-grotte-alte-cerasuoli-di-vittoria-2019-750ml\\\/#primaryimage\"},\"image\":{\"@id\":\"https:\\\/\\\/wein-werte.com\\\/de\\\/produkt\\\/occhipinti-grotte-alte-cerasuoli-di-vittoria-2019-750ml\\\/#primaryimage\"},\"thumbnailUrl\":\"https:\\\/\\\/wein-werte.com\\\/wp-content\\\/uploads\\\/2026\\\/04\\\/Occhipinti-Grotte-Alte-Cerasuoli-di-Vittoria-2019-750ml.png\",\"datePublished\":\"2026-05-08T18:01:08+00:00\",\"description\":\"Kaufe Occhipinti Grotte Alte Cerasuoli di Vittoria 2019 (Frappato Cuv\u00e9e, trocken aus Sizilien, Italien) bei Wein Werte, Ihrem nachhaltigen Onlineshop.\",\"breadcrumb\":{\"@id\":\"https:\\\/\\\/wein-werte.com\\\/de\\\/produkt\\\/occhipinti-grotte-alte-cerasuoli-di-vittoria-2019-750ml\\\/#breadcrumb\"},\"inLanguage\":\"de\",\"potentialAction\":[{\"@type\":\"ReadAction\",\"target\":[\"https:\\\/\\\/wein-werte.com\\\/de\\\/produkt\\\/occhipinti-grotte-alte-cerasuoli-di-vittoria-2019-750ml\\\/\"]}]},{\"@type\":\"ImageObject\",\"inLanguage\":\"de\",\"@id\":\"https:\\\/\\\/wein-werte.com\\\/de\\\/produkt\\\/occhipinti-grotte-alte-cerasuoli-di-vittoria-2019-750ml\\\/#primaryimage\",\"url\":\"https:\\\/\\\/wein-werte.com\\\/wp-content\\\/uploads\\\/2026\\\/04\\\/Occhipinti-Grotte-Alte-Cerasuoli-di-Vittoria-2019-750ml.png\",\"contentUrl\":\"https:\\\/\\\/wein-werte.com\\\/wp-content\\\/uploads\\\/2026\\\/04\\\/Occhipinti-Grotte-Alte-Cerasuoli-di-Vittoria-2019-750ml.png\",\"width\":315,\"height\":1200,\"caption\":\"Occhipinti Grotte Alte Cerasuoli di Vittoria DOCG 2019 750ml\"},{\"@type\":\"BreadcrumbList\",\"@id\":\"https:\\\/\\\/wein-werte.com\\\/de\\\/produkt\\\/occhipinti-grotte-alte-cerasuoli-di-vittoria-2019-750ml\\\/#breadcrumb\",\"itemListElement\":[{\"@type\":\"ListItem\",\"position\":1,\"name\":\"Home\",\"item\":\"https:\\\/\\\/wein-werte.com\\\/de\\\/\"},{\"@type\":\"ListItem\",\"position\":2,\"name\":\"Shop\",\"item\":\"https:\\\/\\\/wein-werte.com\\\/de\\\/shop\\\/\"},{\"@type\":\"ListItem\",\"position\":3,\"name\":\"Occhipinti | Sizilien | Grotte Alte Cerasuoli di Vittoria DOCG | 2019 | 750ml | bio\"}]},{\"@type\":\"WebSite\",\"@id\":\"https:\\\/\\\/wein-werte.com\\\/de\\\/#website\",\"url\":\"https:\\\/\\\/wein-werte.com\\\/de\\\/\",\"name\":\"Wein Werte\",\"description\":\"\",\"publisher\":{\"@id\":\"https:\\\/\\\/wein-werte.com\\\/de\\\/#organization\"},\"potentialAction\":[{\"@type\":\"SearchAction\",\"target\":{\"@type\":\"EntryPoint\",\"urlTemplate\":\"https:\\\/\\\/wein-werte.com\\\/de\\\/?s={search_term_string}\"},\"query-input\":{\"@type\":\"PropertyValueSpecification\",\"valueRequired\":true,\"valueName\":\"search_term_string\"}}],\"inLanguage\":\"de\"},{\"@type\":\"Organization\",\"@id\":\"https:\\\/\\\/wein-werte.com\\\/de\\\/#organization\",\"name\":\"Vins Fins Thorrold\",\"url\":\"https:\\\/\\\/wein-werte.com\\\/de\\\/\",\"logo\":{\"@type\":\"ImageObject\",\"inLanguage\":\"de\",\"@id\":\"https:\\\/\\\/wein-werte.com\\\/de\\\/#\\\/schema\\\/logo\\\/image\\\/\",\"url\":\"https:\\\/\\\/wein-werte.com\\\/wp-content\\\/uploads\\\/2023\\\/07\\\/Wein_werte_Logo700-1.png\",\"contentUrl\":\"https:\\\/\\\/wein-werte.com\\\/wp-content\\\/uploads\\\/2023\\\/07\\\/Wein_werte_Logo700-1.png\",\"width\":700,\"height\":272,\"caption\":\"Vins Fins Thorrold\"},\"image\":{\"@id\":\"https:\\\/\\\/wein-werte.com\\\/de\\\/#\\\/schema\\\/logo\\\/image\\\/\"}}]}<\/script>\n<!-- \/ Yoast SEO plugin. -->","yoast_head_json":{"title":"Occhipinti Grotte Alte Cerasuoli di Vittoria 2019","description":"Kaufe Occhipinti Grotte Alte Cerasuoli di Vittoria 2019 (Frappato Cuv\u00e9e, trocken aus Sizilien, Italien) bei Wein Werte, Ihrem nachhaltigen Onlineshop.","robots":{"index":"index","follow":"follow","max-snippet":"max-snippet:-1","max-image-preview":"max-image-preview:large","max-video-preview":"max-video-preview:-1"},"canonical":"https:\/\/wein-werte.com\/de\/produkt\/occhipinti-grotte-alte-cerasuoli-di-vittoria-2019-750ml\/","og_locale":"de_DE","og_type":"article","og_title":"Occhipinti Grotte Alte Cerasuoli di Vittoria 2019","og_description":"Kaufe Occhipinti Grotte Alte Cerasuoli di Vittoria 2019 (Frappato Cuv\u00e9e, trocken aus Sizilien, Italien) bei Wein Werte, Ihrem nachhaltigen Onlineshop.","og_url":"https:\/\/wein-werte.com\/de\/produkt\/occhipinti-grotte-alte-cerasuoli-di-vittoria-2019-750ml\/","og_site_name":"Wein Werte","og_image":[{"width":315,"height":1200,"url":"https:\/\/wein-werte.com\/wp-content\/uploads\/2026\/04\/Occhipinti-Grotte-Alte-Cerasuoli-di-Vittoria-2019-750ml.png","type":"image\/png"}],"twitter_card":"summary_large_image","twitter_misc":{"Gesch\u00e4tzte Lesezeit":"2\u00a0Minuten"},"schema":{"@context":"https:\/\/schema.org","@graph":[{"@type":"WebPage","@id":"https:\/\/wein-werte.com\/de\/produkt\/occhipinti-grotte-alte-cerasuoli-di-vittoria-2019-750ml\/","url":"https:\/\/wein-werte.com\/de\/produkt\/occhipinti-grotte-alte-cerasuoli-di-vittoria-2019-750ml\/","name":"Occhipinti Grotte Alte Cerasuoli di Vittoria 2019","isPartOf":{"@id":"https:\/\/wein-werte.com\/de\/#website"},"primaryImageOfPage":{"@id":"https:\/\/wein-werte.com\/de\/produkt\/occhipinti-grotte-alte-cerasuoli-di-vittoria-2019-750ml\/#primaryimage"},"image":{"@id":"https:\/\/wein-werte.com\/de\/produkt\/occhipinti-grotte-alte-cerasuoli-di-vittoria-2019-750ml\/#primaryimage"},"thumbnailUrl":"https:\/\/wein-werte.com\/wp-content\/uploads\/2026\/04\/Occhipinti-Grotte-Alte-Cerasuoli-di-Vittoria-2019-750ml.png","datePublished":"2026-05-08T18:01:08+00:00","description":"Kaufe Occhipinti Grotte Alte Cerasuoli di Vittoria 2019 (Frappato Cuv\u00e9e, trocken aus Sizilien, Italien) bei Wein Werte, Ihrem nachhaltigen Onlineshop.","breadcrumb":{"@id":"https:\/\/wein-werte.com\/de\/produkt\/occhipinti-grotte-alte-cerasuoli-di-vittoria-2019-750ml\/#breadcrumb"},"inLanguage":"de","potentialAction":[{"@type":"ReadAction","target":["https:\/\/wein-werte.com\/de\/produkt\/occhipinti-grotte-alte-cerasuoli-di-vittoria-2019-750ml\/"]}]},{"@type":"ImageObject","inLanguage":"de","@id":"https:\/\/wein-werte.com\/de\/produkt\/occhipinti-grotte-alte-cerasuoli-di-vittoria-2019-750ml\/#primaryimage","url":"https:\/\/wein-werte.com\/wp-content\/uploads\/2026\/04\/Occhipinti-Grotte-Alte-Cerasuoli-di-Vittoria-2019-750ml.png","contentUrl":"https:\/\/wein-werte.com\/wp-content\/uploads\/2026\/04\/Occhipinti-Grotte-Alte-Cerasuoli-di-Vittoria-2019-750ml.png","width":315,"height":1200,"caption":"Occhipinti Grotte Alte Cerasuoli di Vittoria DOCG 2019 750ml"},{"@type":"BreadcrumbList","@id":"https:\/\/wein-werte.com\/de\/produkt\/occhipinti-grotte-alte-cerasuoli-di-vittoria-2019-750ml\/#breadcrumb","itemListElement":[{"@type":"ListItem","position":1,"name":"Home","item":"https:\/\/wein-werte.com\/de\/"},{"@type":"ListItem","position":2,"name":"Shop","item":"https:\/\/wein-werte.com\/de\/shop\/"},{"@type":"ListItem","position":3,"name":"Occhipinti | Sizilien | Grotte Alte Cerasuoli di Vittoria DOCG | 2019 | 750ml | bio"}]},{"@type":"WebSite","@id":"https:\/\/wein-werte.com\/de\/#website","url":"https:\/\/wein-werte.com\/de\/","name":"Wein Werte","description":"","publisher":{"@id":"https:\/\/wein-werte.com\/de\/#organization"},"potentialAction":[{"@type":"SearchAction","target":{"@type":"EntryPoint","urlTemplate":"https:\/\/wein-werte.com\/de\/?s={search_term_string}"},"query-input":{"@type":"PropertyValueSpecification","valueRequired":true,"valueName":"search_term_string"}}],"inLanguage":"de"},{"@type":"Organization","@id":"https:\/\/wein-werte.com\/de\/#organization","name":"Vins Fins Thorrold","url":"https:\/\/wein-werte.com\/de\/","logo":{"@type":"ImageObject","inLanguage":"de","@id":"https:\/\/wein-werte.com\/de\/#\/schema\/logo\/image\/","url":"https:\/\/wein-werte.com\/wp-content\/uploads\/2023\/07\/Wein_werte_Logo700-1.png","contentUrl":"https:\/\/wein-werte.com\/wp-content\/uploads\/2023\/07\/Wein_werte_Logo700-1.png","width":700,"height":272,"caption":"Vins Fins Thorrold"},"image":{"@id":"https:\/\/wein-werte.com\/de\/#\/schema\/logo\/image\/"}}]}},"_links":{"self":[{"href":"https:\/\/wein-werte.com\/de\/wp-json\/wp\/v2\/product\/1129736","targetHints":{"allow":["GET"]}}],"collection":[{"href":"https:\/\/wein-werte.com\/de\/wp-json\/wp\/v2\/product"}],"about":[{"href":"https:\/\/wein-werte.com\/de\/wp-json\/wp\/v2\/types\/product"}],"wp:featuredmedia":[{"embeddable":true,"href":"https:\/\/wein-werte.com\/de\/wp-json\/wp\/v2\/media\/1141060"}],"wp:attachment":[{"href":"https:\/\/wein-werte.com\/de\/wp-json\/wp\/v2\/media?parent=1129736"}],"wp:term":[{"taxonomy":"product_brand","embeddable":true,"href":"https:\/\/wein-werte.com\/de\/wp-json\/wp\/v2\/product_brand?post=1129736"},{"taxonomy":"product_cat","embeddable":true,"href":"https:\/\/wein-werte.com\/de\/wp-json\/wp\/v2\/product_cat?post=1129736"},{"taxonomy":"product_tag","embeddable":true,"href":"https:\/\/wein-werte.com\/de\/wp-json\/wp\/v2\/product_tag?post=1129736"}],"curies":[{"name":"wp","href":"https:\/\/api.w.org\/{rel}","templated":true}]}}