{"id":1129698,"date":"2026-05-12T15:44:28","date_gmt":"2026-05-12T13:44:28","guid":{"rendered":"https:\/\/wein-werte.com\/product\/duemani-altrovino-2022-750ml\/"},"modified":"2026-05-12T19:55:34","modified_gmt":"2026-05-12T17:55:34","slug":"duemani-altrovino-2022-750ml","status":"publish","type":"product","link":"https:\/\/wein-werte.com\/de\/produkt\/duemani-altrovino-2022-750ml\/","title":{"rendered":"Duemani | Toskana | Altrovino Costa Toscana IGP | 2022 | 750ml | bio"},"content":{"rendered":"<p>Produktbeschreibung f\u00fcr Duemani Altrovino Costa Toscana IGP 2022 (bio)<\/p>\n<p>Altrovino ist die Cuv\u00e9e aus jeweils 50% Merlot und Cabernet Franc<br \/>\nvon biodynamisch bewirtschafteten Hanglagen an der toskanischen K\u00fcste, unweit<br \/>\nvon Riparbella. Die Reben wurzeln in kargen Ton-Kalk-B\u00f6den mit hohem<br \/>\nSteinanteil und Blick auf das Tyrrhenische Meer. Handlese, sorgf\u00e4ltige<br \/>\nSelektion und spontane G\u00e4rung in Betontanks pr\u00e4gen die Vinifikation. Der Ausbau<br \/>\nerfolgt \u00fcber rund acht Monate in Beton, um Frische, Textur und Prim\u00e4rfrucht zu<br \/>\nbewahren. Anschlie\u00dfend reift der Wein f\u00fcr acht bis zehn Monate in franz\u00f6sischer<br \/>\nund slawonischer Eiche. Altrovino ist der einladend zug\u00e4ngliche, dennoch<br \/>\nstrukturierte Einstiegswein des Hauses.<\/p>\n<h5>Farbe<\/h5>\n<p>Purpurrot mit violetten Reflexen und schwarzem Kern.<\/p>\n<p>\u00a0<\/p>\n<h5>Nase<\/h5>\n<p>Dicht und fast undurchdringlich wirkt der 2022 Altrovino von<br \/>\nDuemani beim ersten Schnuppern. Als rieche man vor eine schwarz-violette Wand,<br \/>\nbis die Outlines irgendwann weicher werden und beginnen zu sprechen:<br \/>\nFruchtaroma! Schwarze Beeren, Maulbeeren, Brombeeren, Zwetschgen und schwarze<br \/>\nKirschen er\u00f6ffnen zaghaft, dann gr\u00e4tscht die gegrillte Spitzpaprika rein.<br \/>\nErdige T\u00f6ne, etwas Graphit, abermals vollreife rote Paprika wie Piment<br \/>\nd\u2019Espelette und eingelegte Pflaumen.<\/p>\n<p>\u00a0<\/p>\n<h5>Mund<\/h5>\n<p>Saftig im Antrunk mit tiefdunkler und extraktreicher Frucht.<br \/>\nZwetschgenmus, Piment, Brombeermark, Cassis und eingelegte Griottines<br \/>\nskizzieren sein fruchtvolles Naturell. Mit enormer Tiefgr\u00fcndigkeit und<br \/>\nKonzentration f\u00fcr einen Einstiegswein ist beim Altrovino auch strukturell alles<br \/>\nam rechten Fleck: Die dichten und engmaschigen Tannine wirken am Gaumen samtig<br \/>\nweich, die S\u00e4ure spannt sich \u00fcber den gesamten Gaumen und beschleunigt ihn ins<br \/>\nlange, extraktreiche Finale mit schwarzfruchtigem Nachhall.<\/p>\n<p>Copyright Vinaturel 2025<\/p>\n<p>Keywords: <a href=\"https:\/\/wein-werte.com\/de\/shop\/?swoof=1&#038;pa_producer=Duemani\">Duemani<\/a> <a href=\"https:\/\/wein-werte.com\/de\/shop\/?swoof=1&#038;woof_text=Altrovino Costa Toscana IGP\">Altrovino Costa Toscana IGP<\/a> 2022 bio <a href=\"https:\/\/wein-werte.com\/de\/shop\/?swoof=1&#038;pa_region=Toskana\">Toskana<\/a> <a href=\"https:\/\/wein-werte.com\/de\/shop\/?swoof=1&#038;pa_country=Italien\">Italien<\/a><\/p>\n<h3>Wine Advocate<\/h3>\n<p>Punkte: 94<\/p>\n<p>Der Duemani 2022 Merlot Cabernet Franc Altrovino (aus biologischem und biodynamischem Obst) wird in Zement vergoren und reift in einer Kombination aus franz\u00f6sischer und slawonischer Eiche. Mit seiner vollmundigen, mittelstarken Textur bietet der Wein dunkle Fr\u00fcchte, Gew\u00fcrze und erdige Wurzeln. Das Bouquet tendiert zu w\u00fcrzigen und dunklen Aromen mit Ankl\u00e4ngen von Waldboden und Unterholz. Laut Winzer Luca D&#8217;Attoma ist dieser Wein oft mit einer lakritzartigen Note versehen.<br \/>Monica Larner<\/p>\n<p>Internetseite des Weinguts: <a href=\"https:\/\/www.duemani.eu\/en\" target=\"_blank\">https:\/\/www.duemani.eu\/en<\/a><\/p>\n","protected":false},"excerpt":{"rendered":"<div style=\"font-size: 14px;\">\n<p>Lieferzeit: 1 bis 2 Arbeitstage (DE), 2 bis 5 Arbeitstage (EU und CH)<\/p>\n<p>Ungef\u00e4hrer Energiegehalt pro 125-ml-Glas: 115 kcal  (<a href=\"https:\/\/elabel.scantrust.com\/default\/#\/?uid=7fa71004-5ab0-4498-aa96-1e907590e598&#038;api_key=eyJjYW1wYWlnbl9pZCI6MzQ5Nzh9%3A1uJuVV%3AeXerL-nJM9NX5imVERWSqB-zJhgPAt9CYR1J6BKmDcc&#038;qr=LA0A4584\"target=\"_blank\">vollst\u00e4ndige N\u00e4hrwertangaben<\/a>)<\/p>\n<\/p><\/div>\n","protected":false},"featured_media":1141032,"template":"","meta":[],"product_brand":[],"product_cat":[19],"product_tag":[],"class_list":{"0":"post-1129698","1":"product","2":"type-product","3":"status-publish","4":"has-post-thumbnail","6":"product_cat-unkategorisiert","7":"pa_alcohol-for-filter-14-5","8":"pa_certified-biodynamic-ja-de","9":"pa_certified-organic-ja-de","10":"pa_colour-rot","11":"pa_country-italien","12":"pa_grape-cabernet-franc-cuvee","13":"pa_parker-points-for-filter-94-de-2","14":"pa_price-for-filter-10605","15":"pa_producer-duemani","16":"pa_region-toskana","17":"pa_size-ml-6584","18":"pa_sweetness-trocken-de","19":"pa_type-2-still-de","20":"pa_vintage-2022-de","21":"entry","22":"has-media","24":"first","25":"instock","26":"taxable","27":"shipping-taxable","28":"purchasable","29":"product-type-simple"},"yoast_head":"<!-- This site is optimized with the Yoast SEO plugin v27.6 - https:\/\/yoast.com\/product\/yoast-seo-wordpress\/ -->\n<title>Duemani Altrovino 2022<\/title>\n<meta name=\"description\" content=\"Kaufe Duemani Altrovino 2022 (Cabernet Franc Cuv\u00e9e, trocken aus Toskana, Italien) bei Wein Werte, Ihrem nachhaltigen Onlineshop.\" \/>\n<meta name=\"robots\" content=\"index, follow, max-snippet:-1, max-image-preview:large, max-video-preview:-1\" \/>\n<link rel=\"canonical\" href=\"https:\/\/wein-werte.com\/de\/produkt\/duemani-altrovino-2022-750ml\/\" \/>\n<meta property=\"og:locale\" content=\"de_DE\" \/>\n<meta property=\"og:type\" content=\"article\" \/>\n<meta property=\"og:title\" content=\"Duemani Altrovino 2022\" \/>\n<meta property=\"og:description\" content=\"Kaufe Duemani Altrovino 2022 (Cabernet Franc Cuv\u00e9e, trocken aus Toskana, Italien) bei Wein Werte, Ihrem nachhaltigen Onlineshop.\" \/>\n<meta property=\"og:url\" content=\"https:\/\/wein-werte.com\/de\/produkt\/duemani-altrovino-2022-750ml\/\" \/>\n<meta property=\"og:site_name\" content=\"Wein Werte\" \/>\n<meta property=\"article:modified_time\" content=\"2026-05-12T17:55:34+00:00\" \/>\n<meta property=\"og:image\" content=\"https:\/\/wein-werte.com\/wp-content\/uploads\/2026\/04\/Duemani-Altrovino-2022-750ml.png\" \/>\n\t<meta property=\"og:image:width\" content=\"294\" \/>\n\t<meta property=\"og:image:height\" content=\"1200\" \/>\n\t<meta property=\"og:image:type\" content=\"image\/png\" \/>\n<meta name=\"twitter:card\" content=\"summary_large_image\" \/>\n<meta name=\"twitter:label1\" content=\"Gesch\u00e4tzte Lesezeit\" \/>\n\t<meta name=\"twitter:data1\" content=\"2\u00a0Minuten\" \/>\n<script type=\"application\/ld+json\" class=\"yoast-schema-graph\">{\"@context\":\"https:\\\/\\\/schema.org\",\"@graph\":[{\"@type\":\"WebPage\",\"@id\":\"https:\\\/\\\/wein-werte.com\\\/de\\\/produkt\\\/duemani-altrovino-2022-750ml\\\/\",\"url\":\"https:\\\/\\\/wein-werte.com\\\/de\\\/produkt\\\/duemani-altrovino-2022-750ml\\\/\",\"name\":\"Duemani Altrovino 2022\",\"isPartOf\":{\"@id\":\"https:\\\/\\\/wein-werte.com\\\/de\\\/#website\"},\"primaryImageOfPage\":{\"@id\":\"https:\\\/\\\/wein-werte.com\\\/de\\\/produkt\\\/duemani-altrovino-2022-750ml\\\/#primaryimage\"},\"image\":{\"@id\":\"https:\\\/\\\/wein-werte.com\\\/de\\\/produkt\\\/duemani-altrovino-2022-750ml\\\/#primaryimage\"},\"thumbnailUrl\":\"https:\\\/\\\/wein-werte.com\\\/wp-content\\\/uploads\\\/2026\\\/04\\\/Duemani-Altrovino-2022-750ml.png\",\"datePublished\":\"2026-05-12T13:44:28+00:00\",\"dateModified\":\"2026-05-12T17:55:34+00:00\",\"description\":\"Kaufe Duemani Altrovino 2022 (Cabernet Franc Cuv\u00e9e, trocken aus Toskana, Italien) bei Wein Werte, Ihrem nachhaltigen Onlineshop.\",\"breadcrumb\":{\"@id\":\"https:\\\/\\\/wein-werte.com\\\/de\\\/produkt\\\/duemani-altrovino-2022-750ml\\\/#breadcrumb\"},\"inLanguage\":\"de\",\"potentialAction\":[{\"@type\":\"ReadAction\",\"target\":[\"https:\\\/\\\/wein-werte.com\\\/de\\\/produkt\\\/duemani-altrovino-2022-750ml\\\/\"]}]},{\"@type\":\"ImageObject\",\"inLanguage\":\"de\",\"@id\":\"https:\\\/\\\/wein-werte.com\\\/de\\\/produkt\\\/duemani-altrovino-2022-750ml\\\/#primaryimage\",\"url\":\"https:\\\/\\\/wein-werte.com\\\/wp-content\\\/uploads\\\/2026\\\/04\\\/Duemani-Altrovino-2022-750ml.png\",\"contentUrl\":\"https:\\\/\\\/wein-werte.com\\\/wp-content\\\/uploads\\\/2026\\\/04\\\/Duemani-Altrovino-2022-750ml.png\",\"width\":294,\"height\":1200,\"caption\":\"Duemani Altrovino Costa Toscana IGP 2022 750ml\"},{\"@type\":\"BreadcrumbList\",\"@id\":\"https:\\\/\\\/wein-werte.com\\\/de\\\/produkt\\\/duemani-altrovino-2022-750ml\\\/#breadcrumb\",\"itemListElement\":[{\"@type\":\"ListItem\",\"position\":1,\"name\":\"Home\",\"item\":\"https:\\\/\\\/wein-werte.com\\\/de\\\/\"},{\"@type\":\"ListItem\",\"position\":2,\"name\":\"Shop\",\"item\":\"https:\\\/\\\/wein-werte.com\\\/de\\\/shop\\\/\"},{\"@type\":\"ListItem\",\"position\":3,\"name\":\"Duemani | Toskana | Altrovino Costa Toscana IGP | 2022 | 750ml | bio\"}]},{\"@type\":\"WebSite\",\"@id\":\"https:\\\/\\\/wein-werte.com\\\/de\\\/#website\",\"url\":\"https:\\\/\\\/wein-werte.com\\\/de\\\/\",\"name\":\"Wein Werte\",\"description\":\"\",\"publisher\":{\"@id\":\"https:\\\/\\\/wein-werte.com\\\/de\\\/#organization\"},\"potentialAction\":[{\"@type\":\"SearchAction\",\"target\":{\"@type\":\"EntryPoint\",\"urlTemplate\":\"https:\\\/\\\/wein-werte.com\\\/de\\\/?s={search_term_string}\"},\"query-input\":{\"@type\":\"PropertyValueSpecification\",\"valueRequired\":true,\"valueName\":\"search_term_string\"}}],\"inLanguage\":\"de\"},{\"@type\":\"Organization\",\"@id\":\"https:\\\/\\\/wein-werte.com\\\/de\\\/#organization\",\"name\":\"Vins Fins Thorrold\",\"url\":\"https:\\\/\\\/wein-werte.com\\\/de\\\/\",\"logo\":{\"@type\":\"ImageObject\",\"inLanguage\":\"de\",\"@id\":\"https:\\\/\\\/wein-werte.com\\\/de\\\/#\\\/schema\\\/logo\\\/image\\\/\",\"url\":\"https:\\\/\\\/wein-werte.com\\\/wp-content\\\/uploads\\\/2023\\\/07\\\/Wein_werte_Logo700-1.png\",\"contentUrl\":\"https:\\\/\\\/wein-werte.com\\\/wp-content\\\/uploads\\\/2023\\\/07\\\/Wein_werte_Logo700-1.png\",\"width\":700,\"height\":272,\"caption\":\"Vins Fins Thorrold\"},\"image\":{\"@id\":\"https:\\\/\\\/wein-werte.com\\\/de\\\/#\\\/schema\\\/logo\\\/image\\\/\"}}]}<\/script>\n<!-- \/ Yoast SEO plugin. -->","yoast_head_json":{"title":"Duemani Altrovino 2022","description":"Kaufe Duemani Altrovino 2022 (Cabernet Franc Cuv\u00e9e, trocken aus Toskana, Italien) bei Wein Werte, Ihrem nachhaltigen Onlineshop.","robots":{"index":"index","follow":"follow","max-snippet":"max-snippet:-1","max-image-preview":"max-image-preview:large","max-video-preview":"max-video-preview:-1"},"canonical":"https:\/\/wein-werte.com\/de\/produkt\/duemani-altrovino-2022-750ml\/","og_locale":"de_DE","og_type":"article","og_title":"Duemani Altrovino 2022","og_description":"Kaufe Duemani Altrovino 2022 (Cabernet Franc Cuv\u00e9e, trocken aus Toskana, Italien) bei Wein Werte, Ihrem nachhaltigen Onlineshop.","og_url":"https:\/\/wein-werte.com\/de\/produkt\/duemani-altrovino-2022-750ml\/","og_site_name":"Wein Werte","article_modified_time":"2026-05-12T17:55:34+00:00","og_image":[{"width":294,"height":1200,"url":"https:\/\/wein-werte.com\/wp-content\/uploads\/2026\/04\/Duemani-Altrovino-2022-750ml.png","type":"image\/png"}],"twitter_card":"summary_large_image","twitter_misc":{"Gesch\u00e4tzte Lesezeit":"2\u00a0Minuten"},"schema":{"@context":"https:\/\/schema.org","@graph":[{"@type":"WebPage","@id":"https:\/\/wein-werte.com\/de\/produkt\/duemani-altrovino-2022-750ml\/","url":"https:\/\/wein-werte.com\/de\/produkt\/duemani-altrovino-2022-750ml\/","name":"Duemani Altrovino 2022","isPartOf":{"@id":"https:\/\/wein-werte.com\/de\/#website"},"primaryImageOfPage":{"@id":"https:\/\/wein-werte.com\/de\/produkt\/duemani-altrovino-2022-750ml\/#primaryimage"},"image":{"@id":"https:\/\/wein-werte.com\/de\/produkt\/duemani-altrovino-2022-750ml\/#primaryimage"},"thumbnailUrl":"https:\/\/wein-werte.com\/wp-content\/uploads\/2026\/04\/Duemani-Altrovino-2022-750ml.png","datePublished":"2026-05-12T13:44:28+00:00","dateModified":"2026-05-12T17:55:34+00:00","description":"Kaufe Duemani Altrovino 2022 (Cabernet Franc Cuv\u00e9e, trocken aus Toskana, Italien) bei Wein Werte, Ihrem nachhaltigen Onlineshop.","breadcrumb":{"@id":"https:\/\/wein-werte.com\/de\/produkt\/duemani-altrovino-2022-750ml\/#breadcrumb"},"inLanguage":"de","potentialAction":[{"@type":"ReadAction","target":["https:\/\/wein-werte.com\/de\/produkt\/duemani-altrovino-2022-750ml\/"]}]},{"@type":"ImageObject","inLanguage":"de","@id":"https:\/\/wein-werte.com\/de\/produkt\/duemani-altrovino-2022-750ml\/#primaryimage","url":"https:\/\/wein-werte.com\/wp-content\/uploads\/2026\/04\/Duemani-Altrovino-2022-750ml.png","contentUrl":"https:\/\/wein-werte.com\/wp-content\/uploads\/2026\/04\/Duemani-Altrovino-2022-750ml.png","width":294,"height":1200,"caption":"Duemani Altrovino Costa Toscana IGP 2022 750ml"},{"@type":"BreadcrumbList","@id":"https:\/\/wein-werte.com\/de\/produkt\/duemani-altrovino-2022-750ml\/#breadcrumb","itemListElement":[{"@type":"ListItem","position":1,"name":"Home","item":"https:\/\/wein-werte.com\/de\/"},{"@type":"ListItem","position":2,"name":"Shop","item":"https:\/\/wein-werte.com\/de\/shop\/"},{"@type":"ListItem","position":3,"name":"Duemani | Toskana | Altrovino Costa Toscana IGP | 2022 | 750ml | bio"}]},{"@type":"WebSite","@id":"https:\/\/wein-werte.com\/de\/#website","url":"https:\/\/wein-werte.com\/de\/","name":"Wein Werte","description":"","publisher":{"@id":"https:\/\/wein-werte.com\/de\/#organization"},"potentialAction":[{"@type":"SearchAction","target":{"@type":"EntryPoint","urlTemplate":"https:\/\/wein-werte.com\/de\/?s={search_term_string}"},"query-input":{"@type":"PropertyValueSpecification","valueRequired":true,"valueName":"search_term_string"}}],"inLanguage":"de"},{"@type":"Organization","@id":"https:\/\/wein-werte.com\/de\/#organization","name":"Vins Fins Thorrold","url":"https:\/\/wein-werte.com\/de\/","logo":{"@type":"ImageObject","inLanguage":"de","@id":"https:\/\/wein-werte.com\/de\/#\/schema\/logo\/image\/","url":"https:\/\/wein-werte.com\/wp-content\/uploads\/2023\/07\/Wein_werte_Logo700-1.png","contentUrl":"https:\/\/wein-werte.com\/wp-content\/uploads\/2023\/07\/Wein_werte_Logo700-1.png","width":700,"height":272,"caption":"Vins Fins Thorrold"},"image":{"@id":"https:\/\/wein-werte.com\/de\/#\/schema\/logo\/image\/"}}]}},"_links":{"self":[{"href":"https:\/\/wein-werte.com\/de\/wp-json\/wp\/v2\/product\/1129698","targetHints":{"allow":["GET"]}}],"collection":[{"href":"https:\/\/wein-werte.com\/de\/wp-json\/wp\/v2\/product"}],"about":[{"href":"https:\/\/wein-werte.com\/de\/wp-json\/wp\/v2\/types\/product"}],"wp:featuredmedia":[{"embeddable":true,"href":"https:\/\/wein-werte.com\/de\/wp-json\/wp\/v2\/media\/1141032"}],"wp:attachment":[{"href":"https:\/\/wein-werte.com\/de\/wp-json\/wp\/v2\/media?parent=1129698"}],"wp:term":[{"taxonomy":"product_brand","embeddable":true,"href":"https:\/\/wein-werte.com\/de\/wp-json\/wp\/v2\/product_brand?post=1129698"},{"taxonomy":"product_cat","embeddable":true,"href":"https:\/\/wein-werte.com\/de\/wp-json\/wp\/v2\/product_cat?post=1129698"},{"taxonomy":"product_tag","embeddable":true,"href":"https:\/\/wein-werte.com\/de\/wp-json\/wp\/v2\/product_tag?post=1129698"}],"curies":[{"name":"wp","href":"https:\/\/api.w.org\/{rel}","templated":true}]}}