{"id":1129685,"date":"2026-05-08T20:01:03","date_gmt":"2026-05-08T18:01:03","guid":{"rendered":"https:\/\/wein-werte.com\/product\/duemani-suisassi-2020-3000ml\/"},"modified":"2026-04-27T11:44:42","modified_gmt":"2026-04-27T09:44:42","slug":"duemani-suisassi-2020-3000ml","status":"publish","type":"product","link":"https:\/\/wein-werte.com\/de\/produkt\/duemani-suisassi-2020-3000ml\/","title":{"rendered":"Duemani | Toskana | Suisassi Costa Toscana IGP | 2020 | 3000ml | bio"},"content":{"rendered":"<p>Produktbeschreibung f\u00fcr Duemani Suisassi Costa Toscana IGP 2020 (bio) <\/p>\n<h5>Info zum Wein<\/h5>\n<p> 100% Syrah aus dem Herzst\u00fcck des Weingutes gepflanzt in einer extrem steinigen Lage in Seen\u00e4he in Riparbella. <\/p>\n<h5>Info zum Ausbau<\/h5>\n<p> Die Mazeration und Verg\u00e4rung erfolgen f\u00fcr 15-18 Monate in Tonneaux und Barriques aus franz\u00f6sischer Eiche. Der Suisassi wurde weder gesch\u00f6nt noch filtriert. <\/p>\n<h5>Farbe<\/h5>\n<p> Tiefdunkles Kirschrot, schwarz im Kern, violette Reflexe zum Rand hin. <\/p>\n<h5>Nase<\/h5>\n<p> Der 2020er Suisassi pr\u00e4sentiert sich kraftvoll mit dichter Frucht: Cassis, Cassislik\u00f6r, Holunderbeerensaft und Blaubeerkompott str\u00f6men in die Nase. Genauso intensiv wie die Frucht sind es die balsamischen Kr\u00e4uternoten, die an Salbei, Rosmarin, Thymian und Eukalyptus denken lassen. Begleitet wird das Ganze von eleganten und feinen Tabak- und Ledernoten, die auf den feinf\u00fchligen Ausbau im Barrique hinweisen. <\/p>\n<h5>Gaumen<\/h5>\n<p> Am Gaumen \u00fcberzeugt er mit Frucht und Dichte, Luca D&#8217;Attoma gelingt es immer mehr, seinen Weinstil zu perfektionieren. Wir treffen auf eine seidige Eleganz und eine Verspieltheit sondergleichen, eingebunden in die saftige Fruchtf\u00fclle. Jeder Schluck verf\u00fchrt zu einem weiteren \u2013 ein perfekter Syrah, dem man den h\u00f6heren Alkohol in keinster Weise anmerkt. Auch das ist Biodynamie, die Weine wirken harmonisch und komplett.<\/p>\n<p>Copyright Vinaturel 2025<\/p>\n<p>Keywords: <a href=\"https:\/\/wein-werte.com\/de\/shop\/?swoof=1&#038;pa_producer=Duemani\">Duemani<\/a> <a href=\"https:\/\/wein-werte.com\/de\/shop\/?swoof=1&#038;woof_text=Suisassi Costa Toscana IGP\">Suisassi Costa Toscana IGP<\/a> 2020 bio <a href=\"https:\/\/wein-werte.com\/de\/shop\/?swoof=1&#038;pa_region=Toskana\">Toskana<\/a> <a href=\"https:\/\/wein-werte.com\/de\/shop\/?swoof=1&#038;pa_country=Italien\">Italien<\/a><\/p>\n<h3>Vinous<\/h3>\n<p>Punkte: 95<\/p>\n<p>Der Suisassi 2020 strotzt nur so vor frischen Blaubeeren, Lavendel, Minze, Gew\u00fcrzen, schwarzem Pfeffer, Nelken und Weihrauch. Dieser spritzige, lebendige Syrah ist \u00e4u\u00dferst charmant. Der mittelgewichtige, intensiv w\u00fcrzige Stil bietet jede Menge Frische \u2013 eine Seltenheit an der toskanischen K\u00fcste. \u2013 Antonio Galloni<br \/>Trinkfenster: 2023\u20132032<br \/>Testdatum: August 2023<\/p>\n<p>Internetseite des Weinguts: <a href=\"https:\/\/www.duemani.eu\/en\" target=\"_blank\">https:\/\/www.duemani.eu\/en<\/a><\/p>\n","protected":false},"excerpt":{"rendered":"<p>Lieferzeit: 1 bis 2 Arbeitstage (DE), 2 bis 5 Arbeitstage (EU and CH)<\/p>\n","protected":false},"featured_media":1141022,"template":"","meta":[],"product_brand":[],"product_cat":[19],"product_tag":[],"class_list":{"0":"post-1129685","1":"product","2":"type-product","3":"status-publish","4":"has-post-thumbnail","6":"product_cat-unkategorisiert","7":"pa_alcohol-for-filter-14-5","8":"pa_certified-biodynamic-ja-de","9":"pa_certified-organic-ja-de","10":"pa_colour-rot","11":"pa_country-italien","12":"pa_grape-syrah","13":"pa_price-for-filter-10700","14":"pa_producer-duemani","15":"pa_region-toskana","16":"pa_size-ml-6936","17":"pa_sweetness-trocken-de","18":"pa_type-2-still-de","19":"pa_vinous-points-for-filter-20035","20":"pa_vintage-2020-de","21":"entry","22":"has-media","24":"first","25":"instock","26":"taxable","27":"shipping-taxable","28":"purchasable","29":"product-type-simple"},"yoast_head":"<!-- This site is optimized with the Yoast SEO plugin v27.5 - https:\/\/yoast.com\/product\/yoast-seo-wordpress\/ -->\n<title>Duemani Suisassi 2020, 3000ml<\/title>\n<meta name=\"description\" content=\"Kaufe Duemani Suisassi 2020 (Syrah, trocken aus Toskana, Italien) bei Wein Werte, Ihrem nachhaltigen Onlineshop.\" \/>\n<meta name=\"robots\" content=\"index, follow, max-snippet:-1, max-image-preview:large, max-video-preview:-1\" \/>\n<link rel=\"canonical\" href=\"https:\/\/wein-werte.com\/de\/produkt\/duemani-suisassi-2020-3000ml\/\" \/>\n<meta property=\"og:locale\" content=\"de_DE\" \/>\n<meta property=\"og:type\" content=\"article\" \/>\n<meta property=\"og:title\" content=\"Duemani Suisassi 2020, 3000ml\" \/>\n<meta property=\"og:description\" content=\"Kaufe Duemani Suisassi 2020 (Syrah, trocken aus Toskana, Italien) bei Wein Werte, Ihrem nachhaltigen Onlineshop.\" \/>\n<meta property=\"og:url\" content=\"https:\/\/wein-werte.com\/de\/produkt\/duemani-suisassi-2020-3000ml\/\" \/>\n<meta property=\"og:site_name\" content=\"Wein Werte\" \/>\n<meta property=\"og:image\" content=\"https:\/\/wein-werte.com\/wp-content\/uploads\/2026\/04\/Duemani-Suisassi-2020-3000ml.png\" \/>\n\t<meta property=\"og:image:width\" content=\"299\" \/>\n\t<meta property=\"og:image:height\" content=\"1200\" \/>\n\t<meta property=\"og:image:type\" content=\"image\/png\" \/>\n<meta name=\"twitter:card\" content=\"summary_large_image\" \/>\n<meta name=\"twitter:label1\" content=\"Gesch\u00e4tzte Lesezeit\" \/>\n\t<meta name=\"twitter:data1\" content=\"1\u00a0Minute\" \/>\n<script type=\"application\/ld+json\" class=\"yoast-schema-graph\">{\"@context\":\"https:\\\/\\\/schema.org\",\"@graph\":[{\"@type\":\"WebPage\",\"@id\":\"https:\\\/\\\/wein-werte.com\\\/de\\\/produkt\\\/duemani-suisassi-2020-3000ml\\\/\",\"url\":\"https:\\\/\\\/wein-werte.com\\\/de\\\/produkt\\\/duemani-suisassi-2020-3000ml\\\/\",\"name\":\"Duemani Suisassi 2020, 3000ml\",\"isPartOf\":{\"@id\":\"https:\\\/\\\/wein-werte.com\\\/de\\\/#website\"},\"primaryImageOfPage\":{\"@id\":\"https:\\\/\\\/wein-werte.com\\\/de\\\/produkt\\\/duemani-suisassi-2020-3000ml\\\/#primaryimage\"},\"image\":{\"@id\":\"https:\\\/\\\/wein-werte.com\\\/de\\\/produkt\\\/duemani-suisassi-2020-3000ml\\\/#primaryimage\"},\"thumbnailUrl\":\"https:\\\/\\\/wein-werte.com\\\/wp-content\\\/uploads\\\/2026\\\/04\\\/Duemani-Suisassi-2020-3000ml.png\",\"datePublished\":\"2026-05-08T18:01:03+00:00\",\"description\":\"Kaufe Duemani Suisassi 2020 (Syrah, trocken aus Toskana, Italien) bei Wein Werte, Ihrem nachhaltigen Onlineshop.\",\"breadcrumb\":{\"@id\":\"https:\\\/\\\/wein-werte.com\\\/de\\\/produkt\\\/duemani-suisassi-2020-3000ml\\\/#breadcrumb\"},\"inLanguage\":\"de\",\"potentialAction\":[{\"@type\":\"ReadAction\",\"target\":[\"https:\\\/\\\/wein-werte.com\\\/de\\\/produkt\\\/duemani-suisassi-2020-3000ml\\\/\"]}]},{\"@type\":\"ImageObject\",\"inLanguage\":\"de\",\"@id\":\"https:\\\/\\\/wein-werte.com\\\/de\\\/produkt\\\/duemani-suisassi-2020-3000ml\\\/#primaryimage\",\"url\":\"https:\\\/\\\/wein-werte.com\\\/wp-content\\\/uploads\\\/2026\\\/04\\\/Duemani-Suisassi-2020-3000ml.png\",\"contentUrl\":\"https:\\\/\\\/wein-werte.com\\\/wp-content\\\/uploads\\\/2026\\\/04\\\/Duemani-Suisassi-2020-3000ml.png\",\"width\":299,\"height\":1200,\"caption\":\"Duemani Suisassi Costa Toscana IGP 2020 3000ml\"},{\"@type\":\"BreadcrumbList\",\"@id\":\"https:\\\/\\\/wein-werte.com\\\/de\\\/produkt\\\/duemani-suisassi-2020-3000ml\\\/#breadcrumb\",\"itemListElement\":[{\"@type\":\"ListItem\",\"position\":1,\"name\":\"Home\",\"item\":\"https:\\\/\\\/wein-werte.com\\\/de\\\/\"},{\"@type\":\"ListItem\",\"position\":2,\"name\":\"Shop\",\"item\":\"https:\\\/\\\/wein-werte.com\\\/de\\\/shop\\\/\"},{\"@type\":\"ListItem\",\"position\":3,\"name\":\"Duemani | Toskana | Suisassi Costa Toscana IGP | 2020 | 3000ml | bio\"}]},{\"@type\":\"WebSite\",\"@id\":\"https:\\\/\\\/wein-werte.com\\\/de\\\/#website\",\"url\":\"https:\\\/\\\/wein-werte.com\\\/de\\\/\",\"name\":\"Wein Werte\",\"description\":\"\",\"publisher\":{\"@id\":\"https:\\\/\\\/wein-werte.com\\\/de\\\/#organization\"},\"potentialAction\":[{\"@type\":\"SearchAction\",\"target\":{\"@type\":\"EntryPoint\",\"urlTemplate\":\"https:\\\/\\\/wein-werte.com\\\/de\\\/?s={search_term_string}\"},\"query-input\":{\"@type\":\"PropertyValueSpecification\",\"valueRequired\":true,\"valueName\":\"search_term_string\"}}],\"inLanguage\":\"de\"},{\"@type\":\"Organization\",\"@id\":\"https:\\\/\\\/wein-werte.com\\\/de\\\/#organization\",\"name\":\"Vins Fins Thorrold\",\"url\":\"https:\\\/\\\/wein-werte.com\\\/de\\\/\",\"logo\":{\"@type\":\"ImageObject\",\"inLanguage\":\"de\",\"@id\":\"https:\\\/\\\/wein-werte.com\\\/de\\\/#\\\/schema\\\/logo\\\/image\\\/\",\"url\":\"https:\\\/\\\/wein-werte.com\\\/wp-content\\\/uploads\\\/2023\\\/07\\\/Wein_werte_Logo700-1.png\",\"contentUrl\":\"https:\\\/\\\/wein-werte.com\\\/wp-content\\\/uploads\\\/2023\\\/07\\\/Wein_werte_Logo700-1.png\",\"width\":700,\"height\":272,\"caption\":\"Vins Fins Thorrold\"},\"image\":{\"@id\":\"https:\\\/\\\/wein-werte.com\\\/de\\\/#\\\/schema\\\/logo\\\/image\\\/\"}}]}<\/script>\n<!-- \/ Yoast SEO plugin. -->","yoast_head_json":{"title":"Duemani Suisassi 2020, 3000ml","description":"Kaufe Duemani Suisassi 2020 (Syrah, trocken aus Toskana, Italien) bei Wein Werte, Ihrem nachhaltigen Onlineshop.","robots":{"index":"index","follow":"follow","max-snippet":"max-snippet:-1","max-image-preview":"max-image-preview:large","max-video-preview":"max-video-preview:-1"},"canonical":"https:\/\/wein-werte.com\/de\/produkt\/duemani-suisassi-2020-3000ml\/","og_locale":"de_DE","og_type":"article","og_title":"Duemani Suisassi 2020, 3000ml","og_description":"Kaufe Duemani Suisassi 2020 (Syrah, trocken aus Toskana, Italien) bei Wein Werte, Ihrem nachhaltigen Onlineshop.","og_url":"https:\/\/wein-werte.com\/de\/produkt\/duemani-suisassi-2020-3000ml\/","og_site_name":"Wein Werte","og_image":[{"width":299,"height":1200,"url":"https:\/\/wein-werte.com\/wp-content\/uploads\/2026\/04\/Duemani-Suisassi-2020-3000ml.png","type":"image\/png"}],"twitter_card":"summary_large_image","twitter_misc":{"Gesch\u00e4tzte Lesezeit":"1\u00a0Minute"},"schema":{"@context":"https:\/\/schema.org","@graph":[{"@type":"WebPage","@id":"https:\/\/wein-werte.com\/de\/produkt\/duemani-suisassi-2020-3000ml\/","url":"https:\/\/wein-werte.com\/de\/produkt\/duemani-suisassi-2020-3000ml\/","name":"Duemani Suisassi 2020, 3000ml","isPartOf":{"@id":"https:\/\/wein-werte.com\/de\/#website"},"primaryImageOfPage":{"@id":"https:\/\/wein-werte.com\/de\/produkt\/duemani-suisassi-2020-3000ml\/#primaryimage"},"image":{"@id":"https:\/\/wein-werte.com\/de\/produkt\/duemani-suisassi-2020-3000ml\/#primaryimage"},"thumbnailUrl":"https:\/\/wein-werte.com\/wp-content\/uploads\/2026\/04\/Duemani-Suisassi-2020-3000ml.png","datePublished":"2026-05-08T18:01:03+00:00","description":"Kaufe Duemani Suisassi 2020 (Syrah, trocken aus Toskana, Italien) bei Wein Werte, Ihrem nachhaltigen Onlineshop.","breadcrumb":{"@id":"https:\/\/wein-werte.com\/de\/produkt\/duemani-suisassi-2020-3000ml\/#breadcrumb"},"inLanguage":"de","potentialAction":[{"@type":"ReadAction","target":["https:\/\/wein-werte.com\/de\/produkt\/duemani-suisassi-2020-3000ml\/"]}]},{"@type":"ImageObject","inLanguage":"de","@id":"https:\/\/wein-werte.com\/de\/produkt\/duemani-suisassi-2020-3000ml\/#primaryimage","url":"https:\/\/wein-werte.com\/wp-content\/uploads\/2026\/04\/Duemani-Suisassi-2020-3000ml.png","contentUrl":"https:\/\/wein-werte.com\/wp-content\/uploads\/2026\/04\/Duemani-Suisassi-2020-3000ml.png","width":299,"height":1200,"caption":"Duemani Suisassi Costa Toscana IGP 2020 3000ml"},{"@type":"BreadcrumbList","@id":"https:\/\/wein-werte.com\/de\/produkt\/duemani-suisassi-2020-3000ml\/#breadcrumb","itemListElement":[{"@type":"ListItem","position":1,"name":"Home","item":"https:\/\/wein-werte.com\/de\/"},{"@type":"ListItem","position":2,"name":"Shop","item":"https:\/\/wein-werte.com\/de\/shop\/"},{"@type":"ListItem","position":3,"name":"Duemani | Toskana | Suisassi Costa Toscana IGP | 2020 | 3000ml | bio"}]},{"@type":"WebSite","@id":"https:\/\/wein-werte.com\/de\/#website","url":"https:\/\/wein-werte.com\/de\/","name":"Wein Werte","description":"","publisher":{"@id":"https:\/\/wein-werte.com\/de\/#organization"},"potentialAction":[{"@type":"SearchAction","target":{"@type":"EntryPoint","urlTemplate":"https:\/\/wein-werte.com\/de\/?s={search_term_string}"},"query-input":{"@type":"PropertyValueSpecification","valueRequired":true,"valueName":"search_term_string"}}],"inLanguage":"de"},{"@type":"Organization","@id":"https:\/\/wein-werte.com\/de\/#organization","name":"Vins Fins Thorrold","url":"https:\/\/wein-werte.com\/de\/","logo":{"@type":"ImageObject","inLanguage":"de","@id":"https:\/\/wein-werte.com\/de\/#\/schema\/logo\/image\/","url":"https:\/\/wein-werte.com\/wp-content\/uploads\/2023\/07\/Wein_werte_Logo700-1.png","contentUrl":"https:\/\/wein-werte.com\/wp-content\/uploads\/2023\/07\/Wein_werte_Logo700-1.png","width":700,"height":272,"caption":"Vins Fins Thorrold"},"image":{"@id":"https:\/\/wein-werte.com\/de\/#\/schema\/logo\/image\/"}}]}},"_links":{"self":[{"href":"https:\/\/wein-werte.com\/de\/wp-json\/wp\/v2\/product\/1129685","targetHints":{"allow":["GET"]}}],"collection":[{"href":"https:\/\/wein-werte.com\/de\/wp-json\/wp\/v2\/product"}],"about":[{"href":"https:\/\/wein-werte.com\/de\/wp-json\/wp\/v2\/types\/product"}],"wp:featuredmedia":[{"embeddable":true,"href":"https:\/\/wein-werte.com\/de\/wp-json\/wp\/v2\/media\/1141022"}],"wp:attachment":[{"href":"https:\/\/wein-werte.com\/de\/wp-json\/wp\/v2\/media?parent=1129685"}],"wp:term":[{"taxonomy":"product_brand","embeddable":true,"href":"https:\/\/wein-werte.com\/de\/wp-json\/wp\/v2\/product_brand?post=1129685"},{"taxonomy":"product_cat","embeddable":true,"href":"https:\/\/wein-werte.com\/de\/wp-json\/wp\/v2\/product_cat?post=1129685"},{"taxonomy":"product_tag","embeddable":true,"href":"https:\/\/wein-werte.com\/de\/wp-json\/wp\/v2\/product_tag?post=1129685"}],"curies":[{"name":"wp","href":"https:\/\/api.w.org\/{rel}","templated":true}]}}