{"id":1129672,"date":"2026-05-08T20:01:02","date_gmt":"2026-05-08T18:01:02","guid":{"rendered":"https:\/\/wein-werte.com\/product\/duemani-duemani-2020-1500ml\/"},"modified":"2026-04-27T11:44:40","modified_gmt":"2026-04-27T09:44:40","slug":"duemani-duemani-2020-1500ml","status":"publish","type":"product","link":"https:\/\/wein-werte.com\/de\/produkt\/duemani-duemani-2020-1500ml\/","title":{"rendered":"Duemani | Toskana | Duemani Costa Toscana IGP | 2020 | 1500ml | bio"},"content":{"rendered":"<p>Produktbeschreibung f\u00fcr Duemani Duemani Costa Toscana IGP 2020 (bio) <\/p>\n<h5>Info zum Wein<\/h5>\n<p> Cabernet Franc aus den besten Parzellen des Riparbella Weinberges, der zum Thyrenischen Meer ausgerichtet ist. Ausgebaut nach biodynamischen Richtlinien in konischen Holzf\u00e4ssern, anschlie\u00dfend gereift in Barriques. Gef\u00fcllt ohne Kl\u00e4rung und Filtration. Duemani ist biodynamisch nach Demeter zertifiziert <\/p>\n<h5>Farbe<\/h5>\n<p> Gedecktes Granatrot, fast schwarz im Kern mit violetten Reflexen. <\/p>\n<h5>Nase<\/h5>\n<p> Wow! Man kann f\u00f6rmlich eintauchen in diesen tiefen und charmanten Duft, gepr\u00e4gt von s\u00fc\u00dfen schwarzen Kirschen und Brombeeren. Mit dem n\u00f6tigen Sauerstoffkontakt treten edle dunkle Schokolade, gegrillte Maroni, Teriyaki Sauce und Milchkaffee hinzu. K\u00fchle, steinige Aromen von Kampot Pfeffer, wilder Salbei, Eukalyptus und ein Hauch gr\u00fcner Paprika steuern Finesse bei und machen neugierig auf den ersten Schluck. <\/p>\n<h5>Gaumen<\/h5>\n<p> Saftig, s\u00fc\u00dflich l\u00e4uft der 2020er Cabernet Franc \u00fcber den Gaumen, mit einem \u00e4u\u00dferst noblen Gerbstoffger\u00fcst und einer belebenden S\u00e4ure, die von einer salzigen Mineralit\u00e4t ummantelt ist. Bei aller Kraft gl\u00e4nzt er mit ungeahnter Leichtigkeit und Finesse. Luca D&#8217;Attoma geht meisterlich mit der Rebsorte Cabernet Franc um, die Frische und w\u00fcrzige Tiefe paart. Sehr gutes Reifepotenzial, fantastischer Speisenbegleiter.<\/p>\n<p>Copyright Vinaturel 2025<\/p>\n<p>Keywords: <a href=\"https:\/\/wein-werte.com\/de\/shop\/?swoof=1&#038;pa_producer=Duemani\">Duemani<\/a> <a href=\"https:\/\/wein-werte.com\/de\/shop\/?swoof=1&#038;woof_text=Duemani Costa Toscana IGP\">Duemani Costa Toscana IGP<\/a> 2020 bio <a href=\"https:\/\/wein-werte.com\/de\/shop\/?swoof=1&#038;pa_region=Toskana\">Toskana<\/a> <a href=\"https:\/\/wein-werte.com\/de\/shop\/?swoof=1&#038;pa_country=Italien\">Italien<\/a><\/p>\n<h3>Vinous<\/h3>\n<p>Punkte: 94<\/p>\n<p>Der Duemani 2020 ist edel, raffiniert und geschmeidig. Mokka, getrocknete Kr\u00e4uter, Menthol, Rosenbl\u00e4tter und saftige rot-violette Fr\u00fcchte verschmelzen m\u00fchelos miteinander. Etwas Bel\u00fcftung bringt die Energie und Lebendigkeit des Weines zur Geltung, die beide bewundernswert sind. Ich w\u00fcrde ihn ein oder zwei Jahre in der Flasche reifen lassen, um zu sehen, ob sich ein aromatischerer Franc-Charakter entwickelt. Auch heute noch ist der 2020er sehr fruchtig. \u2013 Antonio Galloni<br \/>Trinkzeitraum: 2023\u20132032<br \/>Testdatum: August 2023<\/p>\n<p>Internetseite des Weinguts: <a href=\"https:\/\/www.duemani.eu\/en\" target=\"_blank\">https:\/\/www.duemani.eu\/en<\/a><\/p>\n","protected":false},"excerpt":{"rendered":"<p>Lieferzeit: 1 bis 2 Arbeitstage (DE), 2 bis 5 Arbeitstage (EU and CH)<\/p>\n","protected":false},"featured_media":1141012,"template":"","meta":[],"product_brand":[],"product_cat":[19],"product_tag":[],"class_list":{"0":"post-1129672","1":"product","2":"type-product","3":"status-publish","4":"has-post-thumbnail","6":"product_cat-unkategorisiert","7":"pa_alcohol-for-filter-14-5","8":"pa_certified-biodynamic-ja-de","9":"pa_certified-organic-ja-de","10":"pa_colour-rot","11":"pa_country-italien","12":"pa_grape-cabernet-franc","13":"pa_price-for-filter-11847","14":"pa_producer-duemani","15":"pa_region-toskana","16":"pa_size-ml-6657","17":"pa_sweetness-trocken-de","18":"pa_type-2-still-de","19":"pa_vinous-points-for-filter-20033","20":"pa_vintage-2020-de","21":"entry","22":"has-media","24":"first","25":"instock","26":"taxable","27":"shipping-taxable","28":"purchasable","29":"product-type-simple"},"yoast_head":"<!-- This site is optimized with the Yoast SEO plugin v27.5 - https:\/\/yoast.com\/product\/yoast-seo-wordpress\/ -->\n<title>Duemani Duemani 2020, 1500ml<\/title>\n<meta name=\"description\" content=\"Kaufe Duemani Duemani 2020 (Cabernet Franc, trocken aus Toskana, Italien) bei Wein Werte, Ihrem nachhaltigen Onlineshop.\" \/>\n<meta name=\"robots\" content=\"index, follow, max-snippet:-1, max-image-preview:large, max-video-preview:-1\" \/>\n<link rel=\"canonical\" href=\"https:\/\/wein-werte.com\/de\/produkt\/duemani-duemani-2020-1500ml\/\" \/>\n<meta property=\"og:locale\" content=\"de_DE\" \/>\n<meta property=\"og:type\" content=\"article\" \/>\n<meta property=\"og:title\" content=\"Duemani Duemani 2020, 1500ml\" \/>\n<meta property=\"og:description\" content=\"Kaufe Duemani Duemani 2020 (Cabernet Franc, trocken aus Toskana, Italien) bei Wein Werte, Ihrem nachhaltigen Onlineshop.\" \/>\n<meta property=\"og:url\" content=\"https:\/\/wein-werte.com\/de\/produkt\/duemani-duemani-2020-1500ml\/\" \/>\n<meta property=\"og:site_name\" content=\"Wein Werte\" \/>\n<meta property=\"og:image\" content=\"https:\/\/wein-werte.com\/wp-content\/uploads\/2026\/04\/Duemani-Duemani-2020-1500ml.png\" \/>\n\t<meta property=\"og:image:width\" content=\"334\" \/>\n\t<meta property=\"og:image:height\" content=\"1200\" \/>\n\t<meta property=\"og:image:type\" content=\"image\/png\" \/>\n<meta name=\"twitter:card\" content=\"summary_large_image\" \/>\n<meta name=\"twitter:label1\" content=\"Gesch\u00e4tzte Lesezeit\" \/>\n\t<meta name=\"twitter:data1\" content=\"1\u00a0Minute\" \/>\n<script type=\"application\/ld+json\" class=\"yoast-schema-graph\">{\"@context\":\"https:\\\/\\\/schema.org\",\"@graph\":[{\"@type\":\"WebPage\",\"@id\":\"https:\\\/\\\/wein-werte.com\\\/de\\\/produkt\\\/duemani-duemani-2020-1500ml\\\/\",\"url\":\"https:\\\/\\\/wein-werte.com\\\/de\\\/produkt\\\/duemani-duemani-2020-1500ml\\\/\",\"name\":\"Duemani Duemani 2020, 1500ml\",\"isPartOf\":{\"@id\":\"https:\\\/\\\/wein-werte.com\\\/de\\\/#website\"},\"primaryImageOfPage\":{\"@id\":\"https:\\\/\\\/wein-werte.com\\\/de\\\/produkt\\\/duemani-duemani-2020-1500ml\\\/#primaryimage\"},\"image\":{\"@id\":\"https:\\\/\\\/wein-werte.com\\\/de\\\/produkt\\\/duemani-duemani-2020-1500ml\\\/#primaryimage\"},\"thumbnailUrl\":\"https:\\\/\\\/wein-werte.com\\\/wp-content\\\/uploads\\\/2026\\\/04\\\/Duemani-Duemani-2020-1500ml.png\",\"datePublished\":\"2026-05-08T18:01:02+00:00\",\"description\":\"Kaufe Duemani Duemani 2020 (Cabernet Franc, trocken aus Toskana, Italien) bei Wein Werte, Ihrem nachhaltigen Onlineshop.\",\"breadcrumb\":{\"@id\":\"https:\\\/\\\/wein-werte.com\\\/de\\\/produkt\\\/duemani-duemani-2020-1500ml\\\/#breadcrumb\"},\"inLanguage\":\"de\",\"potentialAction\":[{\"@type\":\"ReadAction\",\"target\":[\"https:\\\/\\\/wein-werte.com\\\/de\\\/produkt\\\/duemani-duemani-2020-1500ml\\\/\"]}]},{\"@type\":\"ImageObject\",\"inLanguage\":\"de\",\"@id\":\"https:\\\/\\\/wein-werte.com\\\/de\\\/produkt\\\/duemani-duemani-2020-1500ml\\\/#primaryimage\",\"url\":\"https:\\\/\\\/wein-werte.com\\\/wp-content\\\/uploads\\\/2026\\\/04\\\/Duemani-Duemani-2020-1500ml.png\",\"contentUrl\":\"https:\\\/\\\/wein-werte.com\\\/wp-content\\\/uploads\\\/2026\\\/04\\\/Duemani-Duemani-2020-1500ml.png\",\"width\":334,\"height\":1200,\"caption\":\"Duemani Duemani Costa Toscana IGP 2020 1500ml\"},{\"@type\":\"BreadcrumbList\",\"@id\":\"https:\\\/\\\/wein-werte.com\\\/de\\\/produkt\\\/duemani-duemani-2020-1500ml\\\/#breadcrumb\",\"itemListElement\":[{\"@type\":\"ListItem\",\"position\":1,\"name\":\"Home\",\"item\":\"https:\\\/\\\/wein-werte.com\\\/de\\\/\"},{\"@type\":\"ListItem\",\"position\":2,\"name\":\"Shop\",\"item\":\"https:\\\/\\\/wein-werte.com\\\/de\\\/shop\\\/\"},{\"@type\":\"ListItem\",\"position\":3,\"name\":\"Duemani | Toskana | Duemani Costa Toscana IGP | 2020 | 1500ml | bio\"}]},{\"@type\":\"WebSite\",\"@id\":\"https:\\\/\\\/wein-werte.com\\\/de\\\/#website\",\"url\":\"https:\\\/\\\/wein-werte.com\\\/de\\\/\",\"name\":\"Wein Werte\",\"description\":\"\",\"publisher\":{\"@id\":\"https:\\\/\\\/wein-werte.com\\\/de\\\/#organization\"},\"potentialAction\":[{\"@type\":\"SearchAction\",\"target\":{\"@type\":\"EntryPoint\",\"urlTemplate\":\"https:\\\/\\\/wein-werte.com\\\/de\\\/?s={search_term_string}\"},\"query-input\":{\"@type\":\"PropertyValueSpecification\",\"valueRequired\":true,\"valueName\":\"search_term_string\"}}],\"inLanguage\":\"de\"},{\"@type\":\"Organization\",\"@id\":\"https:\\\/\\\/wein-werte.com\\\/de\\\/#organization\",\"name\":\"Vins Fins Thorrold\",\"url\":\"https:\\\/\\\/wein-werte.com\\\/de\\\/\",\"logo\":{\"@type\":\"ImageObject\",\"inLanguage\":\"de\",\"@id\":\"https:\\\/\\\/wein-werte.com\\\/de\\\/#\\\/schema\\\/logo\\\/image\\\/\",\"url\":\"https:\\\/\\\/wein-werte.com\\\/wp-content\\\/uploads\\\/2023\\\/07\\\/Wein_werte_Logo700-1.png\",\"contentUrl\":\"https:\\\/\\\/wein-werte.com\\\/wp-content\\\/uploads\\\/2023\\\/07\\\/Wein_werte_Logo700-1.png\",\"width\":700,\"height\":272,\"caption\":\"Vins Fins Thorrold\"},\"image\":{\"@id\":\"https:\\\/\\\/wein-werte.com\\\/de\\\/#\\\/schema\\\/logo\\\/image\\\/\"}}]}<\/script>\n<!-- \/ Yoast SEO plugin. -->","yoast_head_json":{"title":"Duemani Duemani 2020, 1500ml","description":"Kaufe Duemani Duemani 2020 (Cabernet Franc, trocken aus Toskana, Italien) bei Wein Werte, Ihrem nachhaltigen Onlineshop.","robots":{"index":"index","follow":"follow","max-snippet":"max-snippet:-1","max-image-preview":"max-image-preview:large","max-video-preview":"max-video-preview:-1"},"canonical":"https:\/\/wein-werte.com\/de\/produkt\/duemani-duemani-2020-1500ml\/","og_locale":"de_DE","og_type":"article","og_title":"Duemani Duemani 2020, 1500ml","og_description":"Kaufe Duemani Duemani 2020 (Cabernet Franc, trocken aus Toskana, Italien) bei Wein Werte, Ihrem nachhaltigen Onlineshop.","og_url":"https:\/\/wein-werte.com\/de\/produkt\/duemani-duemani-2020-1500ml\/","og_site_name":"Wein Werte","og_image":[{"width":334,"height":1200,"url":"https:\/\/wein-werte.com\/wp-content\/uploads\/2026\/04\/Duemani-Duemani-2020-1500ml.png","type":"image\/png"}],"twitter_card":"summary_large_image","twitter_misc":{"Gesch\u00e4tzte Lesezeit":"1\u00a0Minute"},"schema":{"@context":"https:\/\/schema.org","@graph":[{"@type":"WebPage","@id":"https:\/\/wein-werte.com\/de\/produkt\/duemani-duemani-2020-1500ml\/","url":"https:\/\/wein-werte.com\/de\/produkt\/duemani-duemani-2020-1500ml\/","name":"Duemani Duemani 2020, 1500ml","isPartOf":{"@id":"https:\/\/wein-werte.com\/de\/#website"},"primaryImageOfPage":{"@id":"https:\/\/wein-werte.com\/de\/produkt\/duemani-duemani-2020-1500ml\/#primaryimage"},"image":{"@id":"https:\/\/wein-werte.com\/de\/produkt\/duemani-duemani-2020-1500ml\/#primaryimage"},"thumbnailUrl":"https:\/\/wein-werte.com\/wp-content\/uploads\/2026\/04\/Duemani-Duemani-2020-1500ml.png","datePublished":"2026-05-08T18:01:02+00:00","description":"Kaufe Duemani Duemani 2020 (Cabernet Franc, trocken aus Toskana, Italien) bei Wein Werte, Ihrem nachhaltigen Onlineshop.","breadcrumb":{"@id":"https:\/\/wein-werte.com\/de\/produkt\/duemani-duemani-2020-1500ml\/#breadcrumb"},"inLanguage":"de","potentialAction":[{"@type":"ReadAction","target":["https:\/\/wein-werte.com\/de\/produkt\/duemani-duemani-2020-1500ml\/"]}]},{"@type":"ImageObject","inLanguage":"de","@id":"https:\/\/wein-werte.com\/de\/produkt\/duemani-duemani-2020-1500ml\/#primaryimage","url":"https:\/\/wein-werte.com\/wp-content\/uploads\/2026\/04\/Duemani-Duemani-2020-1500ml.png","contentUrl":"https:\/\/wein-werte.com\/wp-content\/uploads\/2026\/04\/Duemani-Duemani-2020-1500ml.png","width":334,"height":1200,"caption":"Duemani Duemani Costa Toscana IGP 2020 1500ml"},{"@type":"BreadcrumbList","@id":"https:\/\/wein-werte.com\/de\/produkt\/duemani-duemani-2020-1500ml\/#breadcrumb","itemListElement":[{"@type":"ListItem","position":1,"name":"Home","item":"https:\/\/wein-werte.com\/de\/"},{"@type":"ListItem","position":2,"name":"Shop","item":"https:\/\/wein-werte.com\/de\/shop\/"},{"@type":"ListItem","position":3,"name":"Duemani | Toskana | Duemani Costa Toscana IGP | 2020 | 1500ml | bio"}]},{"@type":"WebSite","@id":"https:\/\/wein-werte.com\/de\/#website","url":"https:\/\/wein-werte.com\/de\/","name":"Wein Werte","description":"","publisher":{"@id":"https:\/\/wein-werte.com\/de\/#organization"},"potentialAction":[{"@type":"SearchAction","target":{"@type":"EntryPoint","urlTemplate":"https:\/\/wein-werte.com\/de\/?s={search_term_string}"},"query-input":{"@type":"PropertyValueSpecification","valueRequired":true,"valueName":"search_term_string"}}],"inLanguage":"de"},{"@type":"Organization","@id":"https:\/\/wein-werte.com\/de\/#organization","name":"Vins Fins Thorrold","url":"https:\/\/wein-werte.com\/de\/","logo":{"@type":"ImageObject","inLanguage":"de","@id":"https:\/\/wein-werte.com\/de\/#\/schema\/logo\/image\/","url":"https:\/\/wein-werte.com\/wp-content\/uploads\/2023\/07\/Wein_werte_Logo700-1.png","contentUrl":"https:\/\/wein-werte.com\/wp-content\/uploads\/2023\/07\/Wein_werte_Logo700-1.png","width":700,"height":272,"caption":"Vins Fins Thorrold"},"image":{"@id":"https:\/\/wein-werte.com\/de\/#\/schema\/logo\/image\/"}}]}},"_links":{"self":[{"href":"https:\/\/wein-werte.com\/de\/wp-json\/wp\/v2\/product\/1129672","targetHints":{"allow":["GET"]}}],"collection":[{"href":"https:\/\/wein-werte.com\/de\/wp-json\/wp\/v2\/product"}],"about":[{"href":"https:\/\/wein-werte.com\/de\/wp-json\/wp\/v2\/types\/product"}],"wp:featuredmedia":[{"embeddable":true,"href":"https:\/\/wein-werte.com\/de\/wp-json\/wp\/v2\/media\/1141012"}],"wp:attachment":[{"href":"https:\/\/wein-werte.com\/de\/wp-json\/wp\/v2\/media?parent=1129672"}],"wp:term":[{"taxonomy":"product_brand","embeddable":true,"href":"https:\/\/wein-werte.com\/de\/wp-json\/wp\/v2\/product_brand?post=1129672"},{"taxonomy":"product_cat","embeddable":true,"href":"https:\/\/wein-werte.com\/de\/wp-json\/wp\/v2\/product_cat?post=1129672"},{"taxonomy":"product_tag","embeddable":true,"href":"https:\/\/wein-werte.com\/de\/wp-json\/wp\/v2\/product_tag?post=1129672"}],"curies":[{"name":"wp","href":"https:\/\/api.w.org\/{rel}","templated":true}]}}