{"id":1129662,"date":"2026-05-08T20:01:02","date_gmt":"2026-05-08T18:01:02","guid":{"rendered":"https:\/\/wein-werte.com\/product\/duemani-suisassi-2019-1500ml\/"},"modified":"2026-04-27T11:44:40","modified_gmt":"2026-04-27T09:44:40","slug":"duemani-suisassi-2019-1500ml","status":"publish","type":"product","link":"https:\/\/wein-werte.com\/de\/produkt\/duemani-suisassi-2019-1500ml\/","title":{"rendered":"Duemani | Toskana | Suisassi Costa Toscana IGP | 2019 | 1500ml | bio"},"content":{"rendered":"<p>Produktbeschreibung f\u00fcr Duemani Suisassi Costa Toscana IGP 2019 (bio) <\/p>\n<h5>Info<\/h5>\n<p> Der Syrah stammt aus dem tonreichen und steinigen Weinberg mit Kalk im Untergrund in Riparbella. Der Weinberg wird von Elena Celli und Luca d\u00b4Attoma als extrem bezeichnet. Er orientiert sich zum Tyrrhenischen Meer. Die Reben wurden vor 17 Jahren angelegt. Manuelle Lese und erste Selektion im Weinberg. Sanftes Entrappen und zweite Selektion auf dem Sortiertisch folgen im Weingut. Die Beeren sollen m\u00f6glichst ohne Verletzungen zur Verg\u00e4rung im Fass gelangen. Vergoren wird dann in konischen Eichenf\u00e4ssern mit 1000l-Fassungsverm\u00f6rgen sowie kleinen Barriques franz\u00f6sischer Herkunft. Rund 30% der Ernte werden mit ganzen Trauben vergoren. In den Barriques erfolgt manuelle Pigeage w\u00e4hrend der G\u00e4rung. In den konischen F\u00e4ssern wird der Most \u00fcber den aufsteigenden Tresterkuchen gepumpt. Nach der G\u00e4rung folgt eine Maischestandzeit von 30 Tagen. Nach dem Abstich werden die Weine verm\u00e4hlt und nun zur Reife in die gleichen F\u00e4sser zur\u00fcckgelegt. 80% Erst- und 20% Zweitbelegung der F\u00e4sser. Die Reife im Fass dauert 22 Monate an. Bis zur F\u00fcllung erfolgt kein weiterer Abstich oder Filtration. <\/p>\n<h5>Farbe<\/h5>\n<p> Leuchtendes, dichtes Purpur, violette Reflexe <\/p>\n<h5>Nase<\/h5>\n<p> Der 2019er Suisassi Syrah von Duemani schafft es immer wieder zu begeistern. Mit der gro\u00dfen Erwartungshaltung der von Luca d\u00b4Attoma erzeugten Eleganz in den Weinen, lassen sich hiermit sogar Genie\u00dfer schlankerer Weintypen \u00fcberzeugen. Der Syrah wird von dunkelster Frucht dominiert. Brombeere, S\u00fc\u00dfkirsche, Maulbeere sowie Feige und Cassis sind lautstark im Glas vertreten. Auch Pflaumen und eingelegte Schattenmorellen reihen sich in diesen Reigen an Aromen ein. Abgerundet wird die Frucht mit ein wenig Zimt, schwarzem Pfeffer und Ankl\u00e4ngen von Wacholder. Aus dem Gew\u00fcrzschrank kommen Rosmarin, Oregano und S\u00fc\u00dfholz hinzu. Zarte Noten von Kokosnuss geben ihm eine abwechslungsreiche W\u00fcrze mit auf den Weg. Lakritz und geschmolzene Bitterschokolade kommen da wie gerufen hinzu. Nach ein paar Minuten entfalten sich im Glas etherische Komponenten, die an Minze und Eukalyptus erinnern. <\/p>\n<h5>Gaumen<\/h5>\n<p> Schon im Antrunk geht die Welt von Luca d\u00b4Attomo auf. Bei aller Dichte und Konzentration gelingt es ihm immer wieder aufs Neue, diese Kraftpakete in Weinform zu b\u00e4ndigen. Die intensive Frucht ist in einen eleganten, seidigen Mantel geh\u00fcllt, der dazu noch k\u00fchlende Attribute mitbringt. Das Tannin ist herrlich schmelzend und butterzart. Zupackend ist der einsetzende S\u00e4uredruck am Gaumen. Das sorgt f\u00fcr eine gute Frische und viel Leben am Gaumen. Die Frucht wirkt im Nachhall seri\u00f6s, ausladend und gro\u00dfz\u00fcgig. Nicht zu kurz kommen auch die etherischen Aromen. Eukalyptus und Lakritz pr\u00e4gen den Nachhall noch minutenlang. Eine dezente Sch\u00e4rfe tritt in diesem jungen Stadium in Erscheinung, die aber sehr gut gepuffert wird.<\/p>\n<p>Copyright Vinaturel 2025<\/p>\n<p>Keywords: <a href=\"https:\/\/wein-werte.com\/de\/shop\/?swoof=1&#038;pa_producer=Duemani\">Duemani<\/a> <a href=\"https:\/\/wein-werte.com\/de\/shop\/?swoof=1&#038;woof_text=Suisassi Costa Toscana IGP\">Suisassi Costa Toscana IGP<\/a> 2019 bio <a href=\"https:\/\/wein-werte.com\/de\/shop\/?swoof=1&#038;pa_region=Toskana\">Toskana<\/a> <a href=\"https:\/\/wein-werte.com\/de\/shop\/?swoof=1&#038;pa_country=Italien\">Italien<\/a><\/p>\n<h3>Wine Advocate<\/h3>\n<p>Punkte: 96+<\/p>\n<p>Der Duemani 2019 Syrah Suisassi ist ein dunkler, vollmundiger Wein mit einer fast undurchdringlichen Erscheinung. Dieser Jahrgang bietet ein kraftvolles Bouquet und ein reichhaltiges Mundgef\u00fchl, verwoben mit fleischigen dunklen Fr\u00fcchten, getrocknetem Tabak, dunkler Cola, Lakritz und exotischen Gew\u00fcrzen. Der Effekt ist sehr sch\u00f6n, insbesondere die Art und Weise, wie sich diese Aromen in nahtlosen \u00dcberg\u00e4ngen spiegeln. Die besondere Intensit\u00e4t spiegelt den detailverliebten Charakter des Winzers Luca D&#8217;Attoma wider. 30 Prozent der Trauben werden ganz verwendet.<br \/>Monica Larner<\/p>\n<p>Internetseite des Weinguts: <a href=\"https:\/\/www.duemani.eu\/en\" target=\"_blank\">https:\/\/www.duemani.eu\/en<\/a><\/p>\n","protected":false},"excerpt":{"rendered":"<p>Lieferzeit: 1 bis 2 Arbeitstage (DE), 2 bis 5 Arbeitstage (EU and CH)<\/p>\n","protected":false},"featured_media":1141004,"template":"","meta":[],"product_brand":[],"product_cat":[19],"product_tag":[],"class_list":{"0":"post-1129662","1":"product","2":"type-product","3":"status-publish","4":"has-post-thumbnail","6":"product_cat-unkategorisiert","7":"pa_alcohol-for-filter-12894","8":"pa_certified-biodynamic-ja-de","9":"pa_certified-organic-ja-de","10":"pa_colour-rot","11":"pa_country-italien","12":"pa_grape-syrah","13":"pa_parker-points-for-filter-96-de-2","14":"pa_price-for-filter-10700","15":"pa_producer-duemani","16":"pa_region-toskana","17":"pa_size-ml-6657","18":"pa_sweetness-trocken-de","19":"pa_type-2-still-de","20":"pa_vintage-2019-de","21":"entry","22":"has-media","24":"first","25":"instock","26":"taxable","27":"shipping-taxable","28":"purchasable","29":"product-type-simple"},"yoast_head":"<!-- This site is optimized with the Yoast SEO plugin v27.5 - https:\/\/yoast.com\/product\/yoast-seo-wordpress\/ -->\n<title>Duemani Suisassi 2019, 1500ml<\/title>\n<meta name=\"description\" content=\"Kaufe Duemani Suisassi 2019 (Syrah, trocken aus Toskana, Italien) bei Wein Werte, Ihrem nachhaltigen Onlineshop.\" \/>\n<meta name=\"robots\" content=\"index, follow, max-snippet:-1, max-image-preview:large, max-video-preview:-1\" \/>\n<link rel=\"canonical\" href=\"https:\/\/wein-werte.com\/de\/produkt\/duemani-suisassi-2019-1500ml\/\" \/>\n<meta property=\"og:locale\" content=\"de_DE\" \/>\n<meta property=\"og:type\" content=\"article\" \/>\n<meta property=\"og:title\" content=\"Duemani Suisassi 2019, 1500ml\" \/>\n<meta property=\"og:description\" content=\"Kaufe Duemani Suisassi 2019 (Syrah, trocken aus Toskana, Italien) bei Wein Werte, Ihrem nachhaltigen Onlineshop.\" \/>\n<meta property=\"og:url\" content=\"https:\/\/wein-werte.com\/de\/produkt\/duemani-suisassi-2019-1500ml\/\" \/>\n<meta property=\"og:site_name\" content=\"Wein Werte\" \/>\n<meta property=\"og:image\" content=\"https:\/\/wein-werte.com\/wp-content\/uploads\/2026\/04\/Duemani-Suisassi-2019-1500ml.png\" \/>\n\t<meta property=\"og:image:width\" content=\"337\" \/>\n\t<meta property=\"og:image:height\" content=\"1200\" \/>\n\t<meta property=\"og:image:type\" content=\"image\/png\" \/>\n<meta name=\"twitter:card\" content=\"summary_large_image\" \/>\n<meta name=\"twitter:label1\" content=\"Gesch\u00e4tzte Lesezeit\" \/>\n\t<meta name=\"twitter:data1\" content=\"3\u00a0Minuten\" \/>\n<script type=\"application\/ld+json\" class=\"yoast-schema-graph\">{\"@context\":\"https:\\\/\\\/schema.org\",\"@graph\":[{\"@type\":\"WebPage\",\"@id\":\"https:\\\/\\\/wein-werte.com\\\/de\\\/produkt\\\/duemani-suisassi-2019-1500ml\\\/\",\"url\":\"https:\\\/\\\/wein-werte.com\\\/de\\\/produkt\\\/duemani-suisassi-2019-1500ml\\\/\",\"name\":\"Duemani Suisassi 2019, 1500ml\",\"isPartOf\":{\"@id\":\"https:\\\/\\\/wein-werte.com\\\/de\\\/#website\"},\"primaryImageOfPage\":{\"@id\":\"https:\\\/\\\/wein-werte.com\\\/de\\\/produkt\\\/duemani-suisassi-2019-1500ml\\\/#primaryimage\"},\"image\":{\"@id\":\"https:\\\/\\\/wein-werte.com\\\/de\\\/produkt\\\/duemani-suisassi-2019-1500ml\\\/#primaryimage\"},\"thumbnailUrl\":\"https:\\\/\\\/wein-werte.com\\\/wp-content\\\/uploads\\\/2026\\\/04\\\/Duemani-Suisassi-2019-1500ml.png\",\"datePublished\":\"2026-05-08T18:01:02+00:00\",\"description\":\"Kaufe Duemani Suisassi 2019 (Syrah, trocken aus Toskana, Italien) bei Wein Werte, Ihrem nachhaltigen Onlineshop.\",\"breadcrumb\":{\"@id\":\"https:\\\/\\\/wein-werte.com\\\/de\\\/produkt\\\/duemani-suisassi-2019-1500ml\\\/#breadcrumb\"},\"inLanguage\":\"de\",\"potentialAction\":[{\"@type\":\"ReadAction\",\"target\":[\"https:\\\/\\\/wein-werte.com\\\/de\\\/produkt\\\/duemani-suisassi-2019-1500ml\\\/\"]}]},{\"@type\":\"ImageObject\",\"inLanguage\":\"de\",\"@id\":\"https:\\\/\\\/wein-werte.com\\\/de\\\/produkt\\\/duemani-suisassi-2019-1500ml\\\/#primaryimage\",\"url\":\"https:\\\/\\\/wein-werte.com\\\/wp-content\\\/uploads\\\/2026\\\/04\\\/Duemani-Suisassi-2019-1500ml.png\",\"contentUrl\":\"https:\\\/\\\/wein-werte.com\\\/wp-content\\\/uploads\\\/2026\\\/04\\\/Duemani-Suisassi-2019-1500ml.png\",\"width\":337,\"height\":1200,\"caption\":\"Duemani Suisassi Costa Toscana IGP 2019 1500ml\"},{\"@type\":\"BreadcrumbList\",\"@id\":\"https:\\\/\\\/wein-werte.com\\\/de\\\/produkt\\\/duemani-suisassi-2019-1500ml\\\/#breadcrumb\",\"itemListElement\":[{\"@type\":\"ListItem\",\"position\":1,\"name\":\"Home\",\"item\":\"https:\\\/\\\/wein-werte.com\\\/de\\\/\"},{\"@type\":\"ListItem\",\"position\":2,\"name\":\"Shop\",\"item\":\"https:\\\/\\\/wein-werte.com\\\/de\\\/shop\\\/\"},{\"@type\":\"ListItem\",\"position\":3,\"name\":\"Duemani | Toskana | Suisassi Costa Toscana IGP | 2019 | 1500ml | bio\"}]},{\"@type\":\"WebSite\",\"@id\":\"https:\\\/\\\/wein-werte.com\\\/de\\\/#website\",\"url\":\"https:\\\/\\\/wein-werte.com\\\/de\\\/\",\"name\":\"Wein Werte\",\"description\":\"\",\"publisher\":{\"@id\":\"https:\\\/\\\/wein-werte.com\\\/de\\\/#organization\"},\"potentialAction\":[{\"@type\":\"SearchAction\",\"target\":{\"@type\":\"EntryPoint\",\"urlTemplate\":\"https:\\\/\\\/wein-werte.com\\\/de\\\/?s={search_term_string}\"},\"query-input\":{\"@type\":\"PropertyValueSpecification\",\"valueRequired\":true,\"valueName\":\"search_term_string\"}}],\"inLanguage\":\"de\"},{\"@type\":\"Organization\",\"@id\":\"https:\\\/\\\/wein-werte.com\\\/de\\\/#organization\",\"name\":\"Vins Fins Thorrold\",\"url\":\"https:\\\/\\\/wein-werte.com\\\/de\\\/\",\"logo\":{\"@type\":\"ImageObject\",\"inLanguage\":\"de\",\"@id\":\"https:\\\/\\\/wein-werte.com\\\/de\\\/#\\\/schema\\\/logo\\\/image\\\/\",\"url\":\"https:\\\/\\\/wein-werte.com\\\/wp-content\\\/uploads\\\/2023\\\/07\\\/Wein_werte_Logo700-1.png\",\"contentUrl\":\"https:\\\/\\\/wein-werte.com\\\/wp-content\\\/uploads\\\/2023\\\/07\\\/Wein_werte_Logo700-1.png\",\"width\":700,\"height\":272,\"caption\":\"Vins Fins Thorrold\"},\"image\":{\"@id\":\"https:\\\/\\\/wein-werte.com\\\/de\\\/#\\\/schema\\\/logo\\\/image\\\/\"}}]}<\/script>\n<!-- \/ Yoast SEO plugin. -->","yoast_head_json":{"title":"Duemani Suisassi 2019, 1500ml","description":"Kaufe Duemani Suisassi 2019 (Syrah, trocken aus Toskana, Italien) bei Wein Werte, Ihrem nachhaltigen Onlineshop.","robots":{"index":"index","follow":"follow","max-snippet":"max-snippet:-1","max-image-preview":"max-image-preview:large","max-video-preview":"max-video-preview:-1"},"canonical":"https:\/\/wein-werte.com\/de\/produkt\/duemani-suisassi-2019-1500ml\/","og_locale":"de_DE","og_type":"article","og_title":"Duemani Suisassi 2019, 1500ml","og_description":"Kaufe Duemani Suisassi 2019 (Syrah, trocken aus Toskana, Italien) bei Wein Werte, Ihrem nachhaltigen Onlineshop.","og_url":"https:\/\/wein-werte.com\/de\/produkt\/duemani-suisassi-2019-1500ml\/","og_site_name":"Wein Werte","og_image":[{"width":337,"height":1200,"url":"https:\/\/wein-werte.com\/wp-content\/uploads\/2026\/04\/Duemani-Suisassi-2019-1500ml.png","type":"image\/png"}],"twitter_card":"summary_large_image","twitter_misc":{"Gesch\u00e4tzte Lesezeit":"3\u00a0Minuten"},"schema":{"@context":"https:\/\/schema.org","@graph":[{"@type":"WebPage","@id":"https:\/\/wein-werte.com\/de\/produkt\/duemani-suisassi-2019-1500ml\/","url":"https:\/\/wein-werte.com\/de\/produkt\/duemani-suisassi-2019-1500ml\/","name":"Duemani Suisassi 2019, 1500ml","isPartOf":{"@id":"https:\/\/wein-werte.com\/de\/#website"},"primaryImageOfPage":{"@id":"https:\/\/wein-werte.com\/de\/produkt\/duemani-suisassi-2019-1500ml\/#primaryimage"},"image":{"@id":"https:\/\/wein-werte.com\/de\/produkt\/duemani-suisassi-2019-1500ml\/#primaryimage"},"thumbnailUrl":"https:\/\/wein-werte.com\/wp-content\/uploads\/2026\/04\/Duemani-Suisassi-2019-1500ml.png","datePublished":"2026-05-08T18:01:02+00:00","description":"Kaufe Duemani Suisassi 2019 (Syrah, trocken aus Toskana, Italien) bei Wein Werte, Ihrem nachhaltigen Onlineshop.","breadcrumb":{"@id":"https:\/\/wein-werte.com\/de\/produkt\/duemani-suisassi-2019-1500ml\/#breadcrumb"},"inLanguage":"de","potentialAction":[{"@type":"ReadAction","target":["https:\/\/wein-werte.com\/de\/produkt\/duemani-suisassi-2019-1500ml\/"]}]},{"@type":"ImageObject","inLanguage":"de","@id":"https:\/\/wein-werte.com\/de\/produkt\/duemani-suisassi-2019-1500ml\/#primaryimage","url":"https:\/\/wein-werte.com\/wp-content\/uploads\/2026\/04\/Duemani-Suisassi-2019-1500ml.png","contentUrl":"https:\/\/wein-werte.com\/wp-content\/uploads\/2026\/04\/Duemani-Suisassi-2019-1500ml.png","width":337,"height":1200,"caption":"Duemani Suisassi Costa Toscana IGP 2019 1500ml"},{"@type":"BreadcrumbList","@id":"https:\/\/wein-werte.com\/de\/produkt\/duemani-suisassi-2019-1500ml\/#breadcrumb","itemListElement":[{"@type":"ListItem","position":1,"name":"Home","item":"https:\/\/wein-werte.com\/de\/"},{"@type":"ListItem","position":2,"name":"Shop","item":"https:\/\/wein-werte.com\/de\/shop\/"},{"@type":"ListItem","position":3,"name":"Duemani | Toskana | Suisassi Costa Toscana IGP | 2019 | 1500ml | bio"}]},{"@type":"WebSite","@id":"https:\/\/wein-werte.com\/de\/#website","url":"https:\/\/wein-werte.com\/de\/","name":"Wein Werte","description":"","publisher":{"@id":"https:\/\/wein-werte.com\/de\/#organization"},"potentialAction":[{"@type":"SearchAction","target":{"@type":"EntryPoint","urlTemplate":"https:\/\/wein-werte.com\/de\/?s={search_term_string}"},"query-input":{"@type":"PropertyValueSpecification","valueRequired":true,"valueName":"search_term_string"}}],"inLanguage":"de"},{"@type":"Organization","@id":"https:\/\/wein-werte.com\/de\/#organization","name":"Vins Fins Thorrold","url":"https:\/\/wein-werte.com\/de\/","logo":{"@type":"ImageObject","inLanguage":"de","@id":"https:\/\/wein-werte.com\/de\/#\/schema\/logo\/image\/","url":"https:\/\/wein-werte.com\/wp-content\/uploads\/2023\/07\/Wein_werte_Logo700-1.png","contentUrl":"https:\/\/wein-werte.com\/wp-content\/uploads\/2023\/07\/Wein_werte_Logo700-1.png","width":700,"height":272,"caption":"Vins Fins Thorrold"},"image":{"@id":"https:\/\/wein-werte.com\/de\/#\/schema\/logo\/image\/"}}]}},"_links":{"self":[{"href":"https:\/\/wein-werte.com\/de\/wp-json\/wp\/v2\/product\/1129662","targetHints":{"allow":["GET"]}}],"collection":[{"href":"https:\/\/wein-werte.com\/de\/wp-json\/wp\/v2\/product"}],"about":[{"href":"https:\/\/wein-werte.com\/de\/wp-json\/wp\/v2\/types\/product"}],"wp:featuredmedia":[{"embeddable":true,"href":"https:\/\/wein-werte.com\/de\/wp-json\/wp\/v2\/media\/1141004"}],"wp:attachment":[{"href":"https:\/\/wein-werte.com\/de\/wp-json\/wp\/v2\/media?parent=1129662"}],"wp:term":[{"taxonomy":"product_brand","embeddable":true,"href":"https:\/\/wein-werte.com\/de\/wp-json\/wp\/v2\/product_brand?post=1129662"},{"taxonomy":"product_cat","embeddable":true,"href":"https:\/\/wein-werte.com\/de\/wp-json\/wp\/v2\/product_cat?post=1129662"},{"taxonomy":"product_tag","embeddable":true,"href":"https:\/\/wein-werte.com\/de\/wp-json\/wp\/v2\/product_tag?post=1129662"}],"curies":[{"name":"wp","href":"https:\/\/api.w.org\/{rel}","templated":true}]}}