{"id":1129652,"date":"2026-05-08T20:01:01","date_gmt":"2026-05-08T18:01:01","guid":{"rendered":"https:\/\/wein-werte.com\/product\/duemani-duemani-2019-1500ml\/"},"modified":"2026-04-27T11:44:40","modified_gmt":"2026-04-27T09:44:40","slug":"duemani-duemani-2019-1500ml","status":"publish","type":"product","link":"https:\/\/wein-werte.com\/de\/produkt\/duemani-duemani-2019-1500ml\/","title":{"rendered":"Duemani | Toskana | Duemani Costa Toscana IGP | 2019 | 1500ml | bio"},"content":{"rendered":"<p>Produktbeschreibung f\u00fcr Duemani Duemani Costa Toscana IGP 2019 (bio) <\/p>\n<h5>Info<\/h5>\n<p> Der reinsortige Cabernet Franc stammt von den besten Parzellen der Weinberge in Riparbella. Die Weinberge befinden sich auf 220 \u2013 250 H\u00f6henmetern, in Richtung des Tyrrhenischen Meeres orientiert. Das Rebalter betr\u00e4gt 17 Jahre. Die B\u00f6den sind kalkhaltig und reich an Ton sowie Kieselsteinen. Die manuelle Lese erfolgte Ende September mit erster Selektion im Weinberg. Die Trauben werden schonend entrappt, um die Beerenh\u00e4ute nicht zu verletzen. Auf dem Sortiertisch folgt eine zweite Selektion. Spontan vergoren in konischen Eichenholzf\u00e4ssern, die sich in ihrer Temperatur steuern lassen. 30 Tage Maischestandzeit folgen mit kurzen und regelm\u00e4\u00dfigen pump overs. Im Anschluss wird er im kleinen franz\u00f6sischen Eichenholzfass (225-228l) f\u00fcr 22 Monate ausgebaut. 80% der F\u00e4sser sind neu. 20% sind in der Zweitbelegung. Keine Filtration vor dem Abf\u00fcllen. <\/p>\n<h5>Farbe<\/h5>\n<p> Dunkel funkelndes Kirschrot, violette Reflexe <\/p>\n<h5>Nase<\/h5>\n<p> Der Cabernet Franc von Duemani ist einfach eine Bank. So tiefgr\u00fcndig und ehrlich. W\u00fcrzig und fruchtig zugleich. Verspielt und doch erwachsen. Zimtpflaumen, Zwetschgen und Maulbeeren sind die dominanten Vertreter der Frucht. Feige und Brombeere erg\u00e4nzen ph\u00e4nomenal. Dunkle Bl\u00fcten wie Hibiskus, Veilchen und Malve setzen starke Konterparts zur Frucht. Seine vegetabile Seite wird durch Rote Bete, Artischocke, Tomate und gekochte, rote Paprika verk\u00f6rpert. Salbei und Majoran neben ein wenig Thymian setzen Kr\u00e4uterw\u00fcrze und leicht k\u00fchlende, etherische Akzente. Ganz zart erinnert er an Zedernholz und warmes Leder. Mokka und geschmolzene dunkle Schokolade runden ihn ab. Dazu passt auch ein Hauch Eukalyptus zum Abschluss. <\/p>\n<h5>Gaumen<\/h5>\n<p> Am Gaumen pr\u00e4sentiert er sich wahnsinnig kompakt und dicht gewoben. \u00c4u\u00dferst engmaschig und noch leicht verschleiert. Die Frucht schiebt m\u00e4chtig voran. Auch der S\u00e4uredruck setzt prompt ein. Das Tannin breitet sich am Gaumen aus und befindet sich in perfektem Reifezustand. Elegant und schmelzend zart. Die vegetabilen Noten sorgen f\u00fcr mehr Tiefgr\u00fcndigkeit. Vor allem Tomate und Rote Bete machen einen richtigen guten Eindruck hier. Die Kr\u00e4uterw\u00fcrze hat sich leicht zur\u00fcckgenommen. Der Eindruck von dunkler Schokolade und Kaffee manifestiert sich auch im Nachhall wieder deutlich.<\/p>\n<p>Copyright Vinaturel 2025<\/p>\n<p>Keywords: <a href=\"https:\/\/wein-werte.com\/de\/shop\/?swoof=1&#038;pa_producer=Duemani\">Duemani<\/a> <a href=\"https:\/\/wein-werte.com\/de\/shop\/?swoof=1&#038;woof_text=Duemani Costa Toscana IGP\">Duemani Costa Toscana IGP<\/a> 2019 bio <a href=\"https:\/\/wein-werte.com\/de\/shop\/?swoof=1&#038;pa_region=Toskana\">Toskana<\/a> <a href=\"https:\/\/wein-werte.com\/de\/shop\/?swoof=1&#038;pa_country=Italien\">Italien<\/a><\/p>\n<h3>Wine Advocate<\/h3>\n<p>Punkte: 97<\/p>\n<p>Der Duemani 2019 Cabernet Franc Duemani g\u00e4rt in Eichenf\u00e4ssern und reift im Barrique. Das Ergebnis ist ein sehr cremiger und reich strukturierter Wein mit ausgepr\u00e4gter Fruchtigkeit, s\u00fc\u00dfen Gew\u00fcrzen und Tabaknoten. Er weist eine R\u00f6staroma von Espressobohnen und verbrannter Erde auf, steht aber dennoch im Einklang mit der Vielfalt und dem reichen Charakter dieses Jahrgangs. Trotz seiner nat\u00fcrlichen Kraft zeigt er elegante Zur\u00fcckhaltung. Es ist ein vollmundiger Rotwein (biologisch und biodynamisch) mit sehr breiten Schultern. Er ben\u00f6tigt noch mehr Flaschenreife und schlie\u00dflich eine doppelte Dekantierung vor dem Ausschenken.<br \/>Monica Larner<\/p>\n<p>Internetseite des Weinguts: <a href=\"https:\/\/www.duemani.eu\/en\" target=\"_blank\">https:\/\/www.duemani.eu\/en<\/a><\/p>\n","protected":false},"excerpt":{"rendered":"<p>Lieferzeit: 1 bis 2 Arbeitstage (DE), 2 bis 5 Arbeitstage (EU and CH)<\/p>\n","protected":false},"featured_media":1140996,"template":"","meta":[],"product_brand":[],"product_cat":[19],"product_tag":[],"class_list":{"0":"post-1129652","1":"product","2":"type-product","3":"status-publish","4":"has-post-thumbnail","6":"product_cat-unkategorisiert","7":"pa_alcohol-for-filter-12892","8":"pa_certified-biodynamic-ja-de","9":"pa_certified-organic-ja-de","10":"pa_colour-rot","11":"pa_country-italien","12":"pa_grape-cabernet-franc","13":"pa_parker-points-for-filter-97-de-2","14":"pa_price-for-filter-10700","15":"pa_producer-duemani","16":"pa_region-toskana","17":"pa_size-ml-6657","18":"pa_sweetness-trocken-de","19":"pa_type-2-still-de","20":"pa_vintage-2019-de","21":"entry","22":"has-media","24":"first","25":"instock","26":"taxable","27":"shipping-taxable","28":"purchasable","29":"product-type-simple"},"yoast_head":"<!-- This site is optimized with the Yoast SEO plugin v27.5 - https:\/\/yoast.com\/product\/yoast-seo-wordpress\/ -->\n<title>Duemani Duemani 2019, 1500ml<\/title>\n<meta name=\"description\" content=\"Kaufe Duemani Duemani 2019 (Cabernet Franc, trocken aus Toskana, Italien) bei Wein Werte, Ihrem nachhaltigen Onlineshop.\" \/>\n<meta name=\"robots\" content=\"index, follow, max-snippet:-1, max-image-preview:large, max-video-preview:-1\" \/>\n<link rel=\"canonical\" href=\"https:\/\/wein-werte.com\/de\/produkt\/duemani-duemani-2019-1500ml\/\" \/>\n<meta property=\"og:locale\" content=\"de_DE\" \/>\n<meta property=\"og:type\" content=\"article\" \/>\n<meta property=\"og:title\" content=\"Duemani Duemani 2019, 1500ml\" \/>\n<meta property=\"og:description\" content=\"Kaufe Duemani Duemani 2019 (Cabernet Franc, trocken aus Toskana, Italien) bei Wein Werte, Ihrem nachhaltigen Onlineshop.\" \/>\n<meta property=\"og:url\" content=\"https:\/\/wein-werte.com\/de\/produkt\/duemani-duemani-2019-1500ml\/\" \/>\n<meta property=\"og:site_name\" content=\"Wein Werte\" \/>\n<meta property=\"og:image\" content=\"https:\/\/wein-werte.com\/wp-content\/uploads\/2026\/04\/Duemani-Duemani-2019-1500ml.png\" \/>\n\t<meta property=\"og:image:width\" content=\"338\" \/>\n\t<meta property=\"og:image:height\" content=\"1200\" \/>\n\t<meta property=\"og:image:type\" content=\"image\/png\" \/>\n<meta name=\"twitter:card\" content=\"summary_large_image\" \/>\n<meta name=\"twitter:label1\" content=\"Gesch\u00e4tzte Lesezeit\" \/>\n\t<meta name=\"twitter:data1\" content=\"2\u00a0Minuten\" \/>\n<script type=\"application\/ld+json\" class=\"yoast-schema-graph\">{\"@context\":\"https:\\\/\\\/schema.org\",\"@graph\":[{\"@type\":\"WebPage\",\"@id\":\"https:\\\/\\\/wein-werte.com\\\/de\\\/produkt\\\/duemani-duemani-2019-1500ml\\\/\",\"url\":\"https:\\\/\\\/wein-werte.com\\\/de\\\/produkt\\\/duemani-duemani-2019-1500ml\\\/\",\"name\":\"Duemani Duemani 2019, 1500ml\",\"isPartOf\":{\"@id\":\"https:\\\/\\\/wein-werte.com\\\/de\\\/#website\"},\"primaryImageOfPage\":{\"@id\":\"https:\\\/\\\/wein-werte.com\\\/de\\\/produkt\\\/duemani-duemani-2019-1500ml\\\/#primaryimage\"},\"image\":{\"@id\":\"https:\\\/\\\/wein-werte.com\\\/de\\\/produkt\\\/duemani-duemani-2019-1500ml\\\/#primaryimage\"},\"thumbnailUrl\":\"https:\\\/\\\/wein-werte.com\\\/wp-content\\\/uploads\\\/2026\\\/04\\\/Duemani-Duemani-2019-1500ml.png\",\"datePublished\":\"2026-05-08T18:01:01+00:00\",\"description\":\"Kaufe Duemani Duemani 2019 (Cabernet Franc, trocken aus Toskana, Italien) bei Wein Werte, Ihrem nachhaltigen Onlineshop.\",\"breadcrumb\":{\"@id\":\"https:\\\/\\\/wein-werte.com\\\/de\\\/produkt\\\/duemani-duemani-2019-1500ml\\\/#breadcrumb\"},\"inLanguage\":\"de\",\"potentialAction\":[{\"@type\":\"ReadAction\",\"target\":[\"https:\\\/\\\/wein-werte.com\\\/de\\\/produkt\\\/duemani-duemani-2019-1500ml\\\/\"]}]},{\"@type\":\"ImageObject\",\"inLanguage\":\"de\",\"@id\":\"https:\\\/\\\/wein-werte.com\\\/de\\\/produkt\\\/duemani-duemani-2019-1500ml\\\/#primaryimage\",\"url\":\"https:\\\/\\\/wein-werte.com\\\/wp-content\\\/uploads\\\/2026\\\/04\\\/Duemani-Duemani-2019-1500ml.png\",\"contentUrl\":\"https:\\\/\\\/wein-werte.com\\\/wp-content\\\/uploads\\\/2026\\\/04\\\/Duemani-Duemani-2019-1500ml.png\",\"width\":338,\"height\":1200,\"caption\":\"Duemani Duemani Costa Toscana IGP 2019 1500ml\"},{\"@type\":\"BreadcrumbList\",\"@id\":\"https:\\\/\\\/wein-werte.com\\\/de\\\/produkt\\\/duemani-duemani-2019-1500ml\\\/#breadcrumb\",\"itemListElement\":[{\"@type\":\"ListItem\",\"position\":1,\"name\":\"Home\",\"item\":\"https:\\\/\\\/wein-werte.com\\\/de\\\/\"},{\"@type\":\"ListItem\",\"position\":2,\"name\":\"Shop\",\"item\":\"https:\\\/\\\/wein-werte.com\\\/de\\\/shop\\\/\"},{\"@type\":\"ListItem\",\"position\":3,\"name\":\"Duemani | Toskana | Duemani Costa Toscana IGP | 2019 | 1500ml | bio\"}]},{\"@type\":\"WebSite\",\"@id\":\"https:\\\/\\\/wein-werte.com\\\/de\\\/#website\",\"url\":\"https:\\\/\\\/wein-werte.com\\\/de\\\/\",\"name\":\"Wein Werte\",\"description\":\"\",\"publisher\":{\"@id\":\"https:\\\/\\\/wein-werte.com\\\/de\\\/#organization\"},\"potentialAction\":[{\"@type\":\"SearchAction\",\"target\":{\"@type\":\"EntryPoint\",\"urlTemplate\":\"https:\\\/\\\/wein-werte.com\\\/de\\\/?s={search_term_string}\"},\"query-input\":{\"@type\":\"PropertyValueSpecification\",\"valueRequired\":true,\"valueName\":\"search_term_string\"}}],\"inLanguage\":\"de\"},{\"@type\":\"Organization\",\"@id\":\"https:\\\/\\\/wein-werte.com\\\/de\\\/#organization\",\"name\":\"Vins Fins Thorrold\",\"url\":\"https:\\\/\\\/wein-werte.com\\\/de\\\/\",\"logo\":{\"@type\":\"ImageObject\",\"inLanguage\":\"de\",\"@id\":\"https:\\\/\\\/wein-werte.com\\\/de\\\/#\\\/schema\\\/logo\\\/image\\\/\",\"url\":\"https:\\\/\\\/wein-werte.com\\\/wp-content\\\/uploads\\\/2023\\\/07\\\/Wein_werte_Logo700-1.png\",\"contentUrl\":\"https:\\\/\\\/wein-werte.com\\\/wp-content\\\/uploads\\\/2023\\\/07\\\/Wein_werte_Logo700-1.png\",\"width\":700,\"height\":272,\"caption\":\"Vins Fins Thorrold\"},\"image\":{\"@id\":\"https:\\\/\\\/wein-werte.com\\\/de\\\/#\\\/schema\\\/logo\\\/image\\\/\"}}]}<\/script>\n<!-- \/ Yoast SEO plugin. -->","yoast_head_json":{"title":"Duemani Duemani 2019, 1500ml","description":"Kaufe Duemani Duemani 2019 (Cabernet Franc, trocken aus Toskana, Italien) bei Wein Werte, Ihrem nachhaltigen Onlineshop.","robots":{"index":"index","follow":"follow","max-snippet":"max-snippet:-1","max-image-preview":"max-image-preview:large","max-video-preview":"max-video-preview:-1"},"canonical":"https:\/\/wein-werte.com\/de\/produkt\/duemani-duemani-2019-1500ml\/","og_locale":"de_DE","og_type":"article","og_title":"Duemani Duemani 2019, 1500ml","og_description":"Kaufe Duemani Duemani 2019 (Cabernet Franc, trocken aus Toskana, Italien) bei Wein Werte, Ihrem nachhaltigen Onlineshop.","og_url":"https:\/\/wein-werte.com\/de\/produkt\/duemani-duemani-2019-1500ml\/","og_site_name":"Wein Werte","og_image":[{"width":338,"height":1200,"url":"https:\/\/wein-werte.com\/wp-content\/uploads\/2026\/04\/Duemani-Duemani-2019-1500ml.png","type":"image\/png"}],"twitter_card":"summary_large_image","twitter_misc":{"Gesch\u00e4tzte Lesezeit":"2\u00a0Minuten"},"schema":{"@context":"https:\/\/schema.org","@graph":[{"@type":"WebPage","@id":"https:\/\/wein-werte.com\/de\/produkt\/duemani-duemani-2019-1500ml\/","url":"https:\/\/wein-werte.com\/de\/produkt\/duemani-duemani-2019-1500ml\/","name":"Duemani Duemani 2019, 1500ml","isPartOf":{"@id":"https:\/\/wein-werte.com\/de\/#website"},"primaryImageOfPage":{"@id":"https:\/\/wein-werte.com\/de\/produkt\/duemani-duemani-2019-1500ml\/#primaryimage"},"image":{"@id":"https:\/\/wein-werte.com\/de\/produkt\/duemani-duemani-2019-1500ml\/#primaryimage"},"thumbnailUrl":"https:\/\/wein-werte.com\/wp-content\/uploads\/2026\/04\/Duemani-Duemani-2019-1500ml.png","datePublished":"2026-05-08T18:01:01+00:00","description":"Kaufe Duemani Duemani 2019 (Cabernet Franc, trocken aus Toskana, Italien) bei Wein Werte, Ihrem nachhaltigen Onlineshop.","breadcrumb":{"@id":"https:\/\/wein-werte.com\/de\/produkt\/duemani-duemani-2019-1500ml\/#breadcrumb"},"inLanguage":"de","potentialAction":[{"@type":"ReadAction","target":["https:\/\/wein-werte.com\/de\/produkt\/duemani-duemani-2019-1500ml\/"]}]},{"@type":"ImageObject","inLanguage":"de","@id":"https:\/\/wein-werte.com\/de\/produkt\/duemani-duemani-2019-1500ml\/#primaryimage","url":"https:\/\/wein-werte.com\/wp-content\/uploads\/2026\/04\/Duemani-Duemani-2019-1500ml.png","contentUrl":"https:\/\/wein-werte.com\/wp-content\/uploads\/2026\/04\/Duemani-Duemani-2019-1500ml.png","width":338,"height":1200,"caption":"Duemani Duemani Costa Toscana IGP 2019 1500ml"},{"@type":"BreadcrumbList","@id":"https:\/\/wein-werte.com\/de\/produkt\/duemani-duemani-2019-1500ml\/#breadcrumb","itemListElement":[{"@type":"ListItem","position":1,"name":"Home","item":"https:\/\/wein-werte.com\/de\/"},{"@type":"ListItem","position":2,"name":"Shop","item":"https:\/\/wein-werte.com\/de\/shop\/"},{"@type":"ListItem","position":3,"name":"Duemani | Toskana | Duemani Costa Toscana IGP | 2019 | 1500ml | bio"}]},{"@type":"WebSite","@id":"https:\/\/wein-werte.com\/de\/#website","url":"https:\/\/wein-werte.com\/de\/","name":"Wein Werte","description":"","publisher":{"@id":"https:\/\/wein-werte.com\/de\/#organization"},"potentialAction":[{"@type":"SearchAction","target":{"@type":"EntryPoint","urlTemplate":"https:\/\/wein-werte.com\/de\/?s={search_term_string}"},"query-input":{"@type":"PropertyValueSpecification","valueRequired":true,"valueName":"search_term_string"}}],"inLanguage":"de"},{"@type":"Organization","@id":"https:\/\/wein-werte.com\/de\/#organization","name":"Vins Fins Thorrold","url":"https:\/\/wein-werte.com\/de\/","logo":{"@type":"ImageObject","inLanguage":"de","@id":"https:\/\/wein-werte.com\/de\/#\/schema\/logo\/image\/","url":"https:\/\/wein-werte.com\/wp-content\/uploads\/2023\/07\/Wein_werte_Logo700-1.png","contentUrl":"https:\/\/wein-werte.com\/wp-content\/uploads\/2023\/07\/Wein_werte_Logo700-1.png","width":700,"height":272,"caption":"Vins Fins Thorrold"},"image":{"@id":"https:\/\/wein-werte.com\/de\/#\/schema\/logo\/image\/"}}]}},"_links":{"self":[{"href":"https:\/\/wein-werte.com\/de\/wp-json\/wp\/v2\/product\/1129652","targetHints":{"allow":["GET"]}}],"collection":[{"href":"https:\/\/wein-werte.com\/de\/wp-json\/wp\/v2\/product"}],"about":[{"href":"https:\/\/wein-werte.com\/de\/wp-json\/wp\/v2\/types\/product"}],"wp:featuredmedia":[{"embeddable":true,"href":"https:\/\/wein-werte.com\/de\/wp-json\/wp\/v2\/media\/1140996"}],"wp:attachment":[{"href":"https:\/\/wein-werte.com\/de\/wp-json\/wp\/v2\/media?parent=1129652"}],"wp:term":[{"taxonomy":"product_brand","embeddable":true,"href":"https:\/\/wein-werte.com\/de\/wp-json\/wp\/v2\/product_brand?post=1129652"},{"taxonomy":"product_cat","embeddable":true,"href":"https:\/\/wein-werte.com\/de\/wp-json\/wp\/v2\/product_cat?post=1129652"},{"taxonomy":"product_tag","embeddable":true,"href":"https:\/\/wein-werte.com\/de\/wp-json\/wp\/v2\/product_tag?post=1129652"}],"curies":[{"name":"wp","href":"https:\/\/api.w.org\/{rel}","templated":true}]}}