{"id":1129563,"date":"2026-05-08T20:00:57","date_gmt":"2026-05-08T18:00:57","guid":{"rendered":"https:\/\/wein-werte.com\/product\/case-alte-bianco-di-mortilli-monreale-2022-750ml\/"},"modified":"2026-04-27T11:44:32","modified_gmt":"2026-04-27T09:44:32","slug":"case-alte-bianco-di-mortilli-monreale-2022-750ml","status":"publish","type":"product","link":"https:\/\/wein-werte.com\/de\/produkt\/case-alte-bianco-di-mortilli-monreale-2022-750ml\/","title":{"rendered":"Case Alte | Sizilien | Bianco di Mortilli DOC Monreale | 2022 | 750ml | bio"},"content":{"rendered":"<p>Produktbeschreibung f\u00fcr Case Alte Bianco di Mortilli DOC Monreale 2022 (bio) <\/p>\n<h5>Farbe<\/h5>\n<p> Helle Zitronengelb mit funkelnden, goldene Einschl\u00fcssen <\/p>\n<h5>Nase<\/h5>\n<p> Der Cataratto aus Monreale duftet in der Nase enorm frisch und knackig. Kr\u00e4utrig gr\u00fcn und gelbfruchtig. Reife, gelbe \u00c4pfel, Birne sowie Kaffir-Limette stechen dabei hervor. Limonenabrieb sowie etwas Exotik. Gegrillte Ananas und Passionsfrucht. Die Frische und R\u00f6staromen stechen bei aller Exotik jedoch hervor. In Ankl\u00e4ngen legt er kalten Rauch frei. Frisch geerntete Kr\u00e4uter wie Kerbel, Minze und Petersilie schlie\u00dfen sich dem Reigen an. Zitronengras f\u00f6rdert diese etherische, tiefgr\u00fcndige Frische noch deutlich. <\/p>\n<h5>Gaumen<\/h5>\n<p> Steinig und geradlinig beginnt er am Gaumen. Zitrusfr\u00fcchte pur. In allen Facetten zeigen sich Zitrone, Limone und Grapefruit. Zeste, Saft und Abrieb. Ebenso in kandierter Form. Er animiert deutlich durch diese Mischung aus herben und s\u00e4uerlichen Elementen. Das animiert enorm. Er hinterl\u00e4sst einen leichten mineralischen Film auf den Z\u00e4hnen, was zu reichlich Tequila-Momenten f\u00fchren kann. Im Nachhall zeigt sich auch wieder die Zitrusfrucht dominant mit nur einem Hauch Kr\u00e4uter. Salin, geradlinig und klar. <\/p>\n<p>Copyright Vinaturel 2025<\/p>\n<p>Keywords: <a href=\"https:\/\/wein-werte.com\/de\/shop\/?swoof=1&#038;pa_producer=Case-Alte\">Case Alte<\/a> <a href=\"https:\/\/wein-werte.com\/de\/shop\/?swoof=1&#038;woof_text=Bianco di Mortilli DOC Monreale\">Bianco di Mortilli DOC Monreale<\/a> 2022 bio <a href=\"https:\/\/wein-werte.com\/de\/shop\/?swoof=1&#038;pa_region=Sizilien\">Sizilien<\/a> <a href=\"https:\/\/wein-werte.com\/de\/shop\/?swoof=1&#038;pa_country=Italien\">Italien<\/a><\/p>\n<p>Internetseite des Weinguts: <a href=\"https:\/\/www.casealte.it\/en\/\" target=\"_blank\">https:\/\/www.casealte.it\/en\/<\/a><\/p>\n","protected":false},"excerpt":{"rendered":"<p>Lieferzeit: 1 bis 2 Arbeitstage (DE), 2 bis 5 Arbeitstage (EU and CH)<\/p>\n","protected":false},"featured_media":1140934,"template":"","meta":[],"product_brand":[],"product_cat":[19],"product_tag":[],"class_list":{"0":"post-1129563","1":"product","2":"type-product","3":"status-publish","4":"has-post-thumbnail","6":"product_cat-unkategorisiert","7":"pa_alcohol-for-filter-12-5","8":"pa_certified-biodynamic-nein-de","9":"pa_certified-organic-ja-de","10":"pa_colour-weiss","11":"pa_country-italien","12":"pa_grape-catarratto","13":"pa_price-for-filter-10569","14":"pa_producer-case-alte","15":"pa_region-sizilien","16":"pa_size-ml-6584","17":"pa_sweetness-trocken-de","18":"pa_type-2-still-de","19":"pa_vintage-2022-de","20":"entry","21":"has-media","23":"first","24":"instock","25":"taxable","26":"shipping-taxable","27":"purchasable","28":"product-type-simple"},"yoast_head":"<!-- This site is optimized with the Yoast SEO plugin v27.5 - https:\/\/yoast.com\/product\/yoast-seo-wordpress\/ -->\n<title>Case Alte Bianco di Mortilli Monreale 2022<\/title>\n<meta name=\"description\" content=\"Kaufe Case Alte Bianco di Mortilli Monreale 2022 (Catarratto, trocken aus Sizilien, Italien) bei Wein Werte, Ihrem nachhaltigen Onlineshop.\" \/>\n<meta name=\"robots\" content=\"index, follow, max-snippet:-1, max-image-preview:large, max-video-preview:-1\" \/>\n<link rel=\"canonical\" href=\"https:\/\/wein-werte.com\/de\/produkt\/case-alte-bianco-di-mortilli-monreale-2022-750ml\/\" \/>\n<meta property=\"og:locale\" content=\"de_DE\" \/>\n<meta property=\"og:type\" content=\"article\" \/>\n<meta property=\"og:title\" content=\"Case Alte Bianco di Mortilli Monreale 2022\" \/>\n<meta property=\"og:description\" content=\"Kaufe Case Alte Bianco di Mortilli Monreale 2022 (Catarratto, trocken aus Sizilien, Italien) bei Wein Werte, Ihrem nachhaltigen Onlineshop.\" \/>\n<meta property=\"og:url\" content=\"https:\/\/wein-werte.com\/de\/produkt\/case-alte-bianco-di-mortilli-monreale-2022-750ml\/\" \/>\n<meta property=\"og:site_name\" content=\"Wein Werte\" \/>\n<meta property=\"og:image\" content=\"https:\/\/wein-werte.com\/wp-content\/uploads\/2026\/04\/Case-Alte-Bianco-di-Mortilli-Monreale-2022-750ml.png\" \/>\n\t<meta property=\"og:image:width\" content=\"398\" \/>\n\t<meta property=\"og:image:height\" content=\"1200\" \/>\n\t<meta property=\"og:image:type\" content=\"image\/png\" \/>\n<meta name=\"twitter:card\" content=\"summary_large_image\" \/>\n<meta name=\"twitter:label1\" content=\"Gesch\u00e4tzte Lesezeit\" \/>\n\t<meta name=\"twitter:data1\" content=\"1\u00a0Minute\" \/>\n<script type=\"application\/ld+json\" class=\"yoast-schema-graph\">{\"@context\":\"https:\\\/\\\/schema.org\",\"@graph\":[{\"@type\":\"WebPage\",\"@id\":\"https:\\\/\\\/wein-werte.com\\\/de\\\/produkt\\\/case-alte-bianco-di-mortilli-monreale-2022-750ml\\\/\",\"url\":\"https:\\\/\\\/wein-werte.com\\\/de\\\/produkt\\\/case-alte-bianco-di-mortilli-monreale-2022-750ml\\\/\",\"name\":\"Case Alte Bianco di Mortilli Monreale 2022\",\"isPartOf\":{\"@id\":\"https:\\\/\\\/wein-werte.com\\\/de\\\/#website\"},\"primaryImageOfPage\":{\"@id\":\"https:\\\/\\\/wein-werte.com\\\/de\\\/produkt\\\/case-alte-bianco-di-mortilli-monreale-2022-750ml\\\/#primaryimage\"},\"image\":{\"@id\":\"https:\\\/\\\/wein-werte.com\\\/de\\\/produkt\\\/case-alte-bianco-di-mortilli-monreale-2022-750ml\\\/#primaryimage\"},\"thumbnailUrl\":\"https:\\\/\\\/wein-werte.com\\\/wp-content\\\/uploads\\\/2026\\\/04\\\/Case-Alte-Bianco-di-Mortilli-Monreale-2022-750ml.png\",\"datePublished\":\"2026-05-08T18:00:57+00:00\",\"description\":\"Kaufe Case Alte Bianco di Mortilli Monreale 2022 (Catarratto, trocken aus Sizilien, Italien) bei Wein Werte, Ihrem nachhaltigen Onlineshop.\",\"breadcrumb\":{\"@id\":\"https:\\\/\\\/wein-werte.com\\\/de\\\/produkt\\\/case-alte-bianco-di-mortilli-monreale-2022-750ml\\\/#breadcrumb\"},\"inLanguage\":\"de\",\"potentialAction\":[{\"@type\":\"ReadAction\",\"target\":[\"https:\\\/\\\/wein-werte.com\\\/de\\\/produkt\\\/case-alte-bianco-di-mortilli-monreale-2022-750ml\\\/\"]}]},{\"@type\":\"ImageObject\",\"inLanguage\":\"de\",\"@id\":\"https:\\\/\\\/wein-werte.com\\\/de\\\/produkt\\\/case-alte-bianco-di-mortilli-monreale-2022-750ml\\\/#primaryimage\",\"url\":\"https:\\\/\\\/wein-werte.com\\\/wp-content\\\/uploads\\\/2026\\\/04\\\/Case-Alte-Bianco-di-Mortilli-Monreale-2022-750ml.png\",\"contentUrl\":\"https:\\\/\\\/wein-werte.com\\\/wp-content\\\/uploads\\\/2026\\\/04\\\/Case-Alte-Bianco-di-Mortilli-Monreale-2022-750ml.png\",\"width\":398,\"height\":1200,\"caption\":\"Case Alte Bianco di Mortilli DOC Monreale 2022 750ml\"},{\"@type\":\"BreadcrumbList\",\"@id\":\"https:\\\/\\\/wein-werte.com\\\/de\\\/produkt\\\/case-alte-bianco-di-mortilli-monreale-2022-750ml\\\/#breadcrumb\",\"itemListElement\":[{\"@type\":\"ListItem\",\"position\":1,\"name\":\"Home\",\"item\":\"https:\\\/\\\/wein-werte.com\\\/de\\\/\"},{\"@type\":\"ListItem\",\"position\":2,\"name\":\"Shop\",\"item\":\"https:\\\/\\\/wein-werte.com\\\/de\\\/shop\\\/\"},{\"@type\":\"ListItem\",\"position\":3,\"name\":\"Case Alte | Sizilien | Bianco di Mortilli DOC Monreale | 2022 | 750ml | bio\"}]},{\"@type\":\"WebSite\",\"@id\":\"https:\\\/\\\/wein-werte.com\\\/de\\\/#website\",\"url\":\"https:\\\/\\\/wein-werte.com\\\/de\\\/\",\"name\":\"Wein Werte\",\"description\":\"\",\"publisher\":{\"@id\":\"https:\\\/\\\/wein-werte.com\\\/de\\\/#organization\"},\"potentialAction\":[{\"@type\":\"SearchAction\",\"target\":{\"@type\":\"EntryPoint\",\"urlTemplate\":\"https:\\\/\\\/wein-werte.com\\\/de\\\/?s={search_term_string}\"},\"query-input\":{\"@type\":\"PropertyValueSpecification\",\"valueRequired\":true,\"valueName\":\"search_term_string\"}}],\"inLanguage\":\"de\"},{\"@type\":\"Organization\",\"@id\":\"https:\\\/\\\/wein-werte.com\\\/de\\\/#organization\",\"name\":\"Vins Fins Thorrold\",\"url\":\"https:\\\/\\\/wein-werte.com\\\/de\\\/\",\"logo\":{\"@type\":\"ImageObject\",\"inLanguage\":\"de\",\"@id\":\"https:\\\/\\\/wein-werte.com\\\/de\\\/#\\\/schema\\\/logo\\\/image\\\/\",\"url\":\"https:\\\/\\\/wein-werte.com\\\/wp-content\\\/uploads\\\/2023\\\/07\\\/Wein_werte_Logo700-1.png\",\"contentUrl\":\"https:\\\/\\\/wein-werte.com\\\/wp-content\\\/uploads\\\/2023\\\/07\\\/Wein_werte_Logo700-1.png\",\"width\":700,\"height\":272,\"caption\":\"Vins Fins Thorrold\"},\"image\":{\"@id\":\"https:\\\/\\\/wein-werte.com\\\/de\\\/#\\\/schema\\\/logo\\\/image\\\/\"}}]}<\/script>\n<!-- \/ Yoast SEO plugin. -->","yoast_head_json":{"title":"Case Alte Bianco di Mortilli Monreale 2022","description":"Kaufe Case Alte Bianco di Mortilli Monreale 2022 (Catarratto, trocken aus Sizilien, Italien) bei Wein Werte, Ihrem nachhaltigen Onlineshop.","robots":{"index":"index","follow":"follow","max-snippet":"max-snippet:-1","max-image-preview":"max-image-preview:large","max-video-preview":"max-video-preview:-1"},"canonical":"https:\/\/wein-werte.com\/de\/produkt\/case-alte-bianco-di-mortilli-monreale-2022-750ml\/","og_locale":"de_DE","og_type":"article","og_title":"Case Alte Bianco di Mortilli Monreale 2022","og_description":"Kaufe Case Alte Bianco di Mortilli Monreale 2022 (Catarratto, trocken aus Sizilien, Italien) bei Wein Werte, Ihrem nachhaltigen Onlineshop.","og_url":"https:\/\/wein-werte.com\/de\/produkt\/case-alte-bianco-di-mortilli-monreale-2022-750ml\/","og_site_name":"Wein Werte","og_image":[{"width":398,"height":1200,"url":"https:\/\/wein-werte.com\/wp-content\/uploads\/2026\/04\/Case-Alte-Bianco-di-Mortilli-Monreale-2022-750ml.png","type":"image\/png"}],"twitter_card":"summary_large_image","twitter_misc":{"Gesch\u00e4tzte Lesezeit":"1\u00a0Minute"},"schema":{"@context":"https:\/\/schema.org","@graph":[{"@type":"WebPage","@id":"https:\/\/wein-werte.com\/de\/produkt\/case-alte-bianco-di-mortilli-monreale-2022-750ml\/","url":"https:\/\/wein-werte.com\/de\/produkt\/case-alte-bianco-di-mortilli-monreale-2022-750ml\/","name":"Case Alte Bianco di Mortilli Monreale 2022","isPartOf":{"@id":"https:\/\/wein-werte.com\/de\/#website"},"primaryImageOfPage":{"@id":"https:\/\/wein-werte.com\/de\/produkt\/case-alte-bianco-di-mortilli-monreale-2022-750ml\/#primaryimage"},"image":{"@id":"https:\/\/wein-werte.com\/de\/produkt\/case-alte-bianco-di-mortilli-monreale-2022-750ml\/#primaryimage"},"thumbnailUrl":"https:\/\/wein-werte.com\/wp-content\/uploads\/2026\/04\/Case-Alte-Bianco-di-Mortilli-Monreale-2022-750ml.png","datePublished":"2026-05-08T18:00:57+00:00","description":"Kaufe Case Alte Bianco di Mortilli Monreale 2022 (Catarratto, trocken aus Sizilien, Italien) bei Wein Werte, Ihrem nachhaltigen Onlineshop.","breadcrumb":{"@id":"https:\/\/wein-werte.com\/de\/produkt\/case-alte-bianco-di-mortilli-monreale-2022-750ml\/#breadcrumb"},"inLanguage":"de","potentialAction":[{"@type":"ReadAction","target":["https:\/\/wein-werte.com\/de\/produkt\/case-alte-bianco-di-mortilli-monreale-2022-750ml\/"]}]},{"@type":"ImageObject","inLanguage":"de","@id":"https:\/\/wein-werte.com\/de\/produkt\/case-alte-bianco-di-mortilli-monreale-2022-750ml\/#primaryimage","url":"https:\/\/wein-werte.com\/wp-content\/uploads\/2026\/04\/Case-Alte-Bianco-di-Mortilli-Monreale-2022-750ml.png","contentUrl":"https:\/\/wein-werte.com\/wp-content\/uploads\/2026\/04\/Case-Alte-Bianco-di-Mortilli-Monreale-2022-750ml.png","width":398,"height":1200,"caption":"Case Alte Bianco di Mortilli DOC Monreale 2022 750ml"},{"@type":"BreadcrumbList","@id":"https:\/\/wein-werte.com\/de\/produkt\/case-alte-bianco-di-mortilli-monreale-2022-750ml\/#breadcrumb","itemListElement":[{"@type":"ListItem","position":1,"name":"Home","item":"https:\/\/wein-werte.com\/de\/"},{"@type":"ListItem","position":2,"name":"Shop","item":"https:\/\/wein-werte.com\/de\/shop\/"},{"@type":"ListItem","position":3,"name":"Case Alte | Sizilien | Bianco di Mortilli DOC Monreale | 2022 | 750ml | bio"}]},{"@type":"WebSite","@id":"https:\/\/wein-werte.com\/de\/#website","url":"https:\/\/wein-werte.com\/de\/","name":"Wein Werte","description":"","publisher":{"@id":"https:\/\/wein-werte.com\/de\/#organization"},"potentialAction":[{"@type":"SearchAction","target":{"@type":"EntryPoint","urlTemplate":"https:\/\/wein-werte.com\/de\/?s={search_term_string}"},"query-input":{"@type":"PropertyValueSpecification","valueRequired":true,"valueName":"search_term_string"}}],"inLanguage":"de"},{"@type":"Organization","@id":"https:\/\/wein-werte.com\/de\/#organization","name":"Vins Fins Thorrold","url":"https:\/\/wein-werte.com\/de\/","logo":{"@type":"ImageObject","inLanguage":"de","@id":"https:\/\/wein-werte.com\/de\/#\/schema\/logo\/image\/","url":"https:\/\/wein-werte.com\/wp-content\/uploads\/2023\/07\/Wein_werte_Logo700-1.png","contentUrl":"https:\/\/wein-werte.com\/wp-content\/uploads\/2023\/07\/Wein_werte_Logo700-1.png","width":700,"height":272,"caption":"Vins Fins Thorrold"},"image":{"@id":"https:\/\/wein-werte.com\/de\/#\/schema\/logo\/image\/"}}]}},"_links":{"self":[{"href":"https:\/\/wein-werte.com\/de\/wp-json\/wp\/v2\/product\/1129563","targetHints":{"allow":["GET"]}}],"collection":[{"href":"https:\/\/wein-werte.com\/de\/wp-json\/wp\/v2\/product"}],"about":[{"href":"https:\/\/wein-werte.com\/de\/wp-json\/wp\/v2\/types\/product"}],"wp:featuredmedia":[{"embeddable":true,"href":"https:\/\/wein-werte.com\/de\/wp-json\/wp\/v2\/media\/1140934"}],"wp:attachment":[{"href":"https:\/\/wein-werte.com\/de\/wp-json\/wp\/v2\/media?parent=1129563"}],"wp:term":[{"taxonomy":"product_brand","embeddable":true,"href":"https:\/\/wein-werte.com\/de\/wp-json\/wp\/v2\/product_brand?post=1129563"},{"taxonomy":"product_cat","embeddable":true,"href":"https:\/\/wein-werte.com\/de\/wp-json\/wp\/v2\/product_cat?post=1129563"},{"taxonomy":"product_tag","embeddable":true,"href":"https:\/\/wein-werte.com\/de\/wp-json\/wp\/v2\/product_tag?post=1129563"}],"curies":[{"name":"wp","href":"https:\/\/api.w.org\/{rel}","templated":true}]}}