{"id":1129513,"date":"2026-05-12T15:44:10","date_gmt":"2026-05-12T13:44:10","guid":{"rendered":"https:\/\/wein-werte.com\/product\/salicutti-brunello-di-montalcino-sorgente-2020-750ml\/"},"modified":"2026-05-12T19:55:28","modified_gmt":"2026-05-12T17:55:28","slug":"salicutti-brunello-di-montalcino-sorgente-2020-750ml","status":"publish","type":"product","link":"https:\/\/wein-werte.com\/de\/produkt\/salicutti-brunello-di-montalcino-sorgente-2020-750ml\/","title":{"rendered":"Salicutti | Toskana | Brunello di Montalcino DOCG Sorgente | 2020 | 750ml | bio"},"content":{"rendered":"<p>Produktbeschreibung f\u00fcr Salicutti Brunello di Montalcino DOCG Sorgente 2020 (bio)<\/p>\n<p>Im Jahre 1994 machte Francesco Leanza das Land urbar, dass heute als<br \/>\nPodere Salicutti bekannt ist. Dem Hang abgerungen pflanzte er die Reben,<br \/>\narrondiert um die Cantina, dem Herzst\u00fcck des Betriebes. Insgesamt 11 Hektar<br \/>\nLand umfassen die Latifundien von Salicutti, die sich auf 4,5 Hektar Reben,<br \/>\neinen Olivenhain und Wald verteilen. Im Jahr 2015 haben Sabine und Felix<br \/>\nEichbauer den Betrieb \u00fcbernommen und f\u00fchren den biologischen Anspruch Leanzas<br \/>\nkonsequent weiter fort &#8211; mit kritisch-reflektiertem Blick auf den Einfluss von<br \/>\nMensch und Kulturtechnik. Podere Salicutti ist das erste biologisch<br \/>\nzertifizierte Weingut Montalcinos. Die 1994 gepflanzten Reben stehen in B\u00f6den,<br \/>\ndie niemals mit konventionellen Spritzmitteln in Kontakt kamen.<\/p>\n<p>\u00a0<\/p>\n<p>Die 1,5 Hektar gro\u00dfe Cru Sorgente liegt auf 450 Metern hinter der<br \/>\nCantina. Sie hat schwere Ton- und Sandb\u00f6den sowie steinige Galestro-B\u00f6den, was<br \/>\ndie Trauben immer etwas sp\u00e4ter ausreifen l\u00e4sst. Gelegen \u00fcber einer<br \/>\nunterirdischen Wasserquelle gibt es wenig hydrischen Stress, die schweren B\u00f6den<br \/>\nergeben frische, facettenreiche Weine mit vergleichsweise niedrigerem Alkohol<br \/>\nfeiner Tanninstruktur. Die Reifeverz\u00f6gerung Sorgentes ist hinsichtlich der<br \/>\nKlimaerw\u00e4rmung ein klarer Gewinn.<\/p>\n<h5>Farbe<\/h5>\n<p>Transparentes Rubinrot.<\/p>\n<p>\u00a0<\/p>\n<h5>Nase<\/h5>\n<p>Der 2020 Sorgente von Salicutti er\u00f6ffnet in der Nase mit einem<br \/>\nriesigen Korb vollreifer Kirschen. Unterlegt von milden Gew\u00fcrznoten wird er<br \/>\nkonturiert vom Duft nach schwarzem Kardamom, Wacholder und Lorbeer, hinzu<br \/>\nkommen r\u00f6stige Holzw\u00fcrze, etwas Rauch sowie Sandelholz und Vetiver.<br \/>\nVielschichtig und facettenreich ist die Nase in steter Bewegung und verlangt<br \/>\ndaher unmissverst\u00e4ndlich nach den gro\u00dfen Gl\u00e4sern.<\/p>\n<p>\u00a0<\/p>\n<h5>Mund<\/h5>\n<p>Supersaftig im Antrunk mit glockenklarer Kirsche wird die<br \/>\nausladende und pr\u00e4zise Frucht konturiert von den feingliedrigen Gerbstoffen.<br \/>\nEngmaschig wirken sie fast pudrig am Gaumen und erinnern aromatisch an<br \/>\nBitterschokolade, Kaffee-Crema und leichte R\u00f6stnoten. Die animierend reife<br \/>\nS\u00e4ure erstrahlt im Hintergrund und befeuert den irrsinnig rasanten Trinkzug<br \/>\ndieses Rotweins. Super hedonistischer Brunello mit Rallye-Streifen.<\/p>\n<p>\u00a0<\/p>\n<p>Copyright Vinaturel 2025<\/p>\n<p>Keywords: <a href=\"https:\/\/wein-werte.com\/de\/shop\/?swoof=1&#038;pa_producer=Salicutti\">Salicutti<\/a> <a href=\"https:\/\/wein-werte.com\/de\/shop\/?swoof=1&#038;woof_text=Brunello di Montalcino DOCG Sorgente\">Brunello di Montalcino DOCG Sorgente<\/a> 2020 bio <a href=\"https:\/\/wein-werte.com\/de\/shop\/?swoof=1&#038;pa_region=Toskana\">Toskana<\/a> <a href=\"https:\/\/wein-werte.com\/de\/shop\/?swoof=1&#038;pa_country=Italien\">Italien<\/a><\/p>\n<p>Internetseite des Weinguts: <a href=\"https:\/\/salicutti.it\/\" target=\"_blank\">https:\/\/salicutti.it\/<\/a><\/p>\n","protected":false},"excerpt":{"rendered":"<div style=\"font-size: 14px;\">\n<p>Lieferzeit: 1 bis 2 Arbeitstage (DE), 2 bis 5 Arbeitstage (EU und CH)<\/p>\n<p>Ungef\u00e4hrer Energiegehalt pro 125-ml-Glas: 115 kcal<\/p>\n<\/p><\/div>\n","protected":false},"featured_media":1140894,"template":"","meta":[],"product_brand":[],"product_cat":[19],"product_tag":[],"class_list":{"0":"post-1129513","1":"product","2":"type-product","3":"status-publish","4":"has-post-thumbnail","6":"product_cat-unkategorisiert","7":"pa_alcohol-for-filter-14-5","8":"pa_certified-biodynamic-nein-de","9":"pa_certified-organic-ja-de","10":"pa_colour-rot","11":"pa_country-italien","12":"pa_grape-sangiovese","13":"pa_price-for-filter-10714","14":"pa_producer-salicutti","15":"pa_region-toskana","16":"pa_size-ml-6584","17":"pa_sweetness-trocken-de","18":"pa_type-2-still-de","19":"pa_vintage-2020-de","20":"entry","21":"has-media","23":"first","24":"instock","25":"taxable","26":"shipping-taxable","27":"purchasable","28":"product-type-simple"},"yoast_head":"<!-- This site is optimized with the Yoast SEO plugin v27.6 - https:\/\/yoast.com\/product\/yoast-seo-wordpress\/ -->\n<title>Salicutti Brunello di Montalcino Sorgente 2020<\/title>\n<meta name=\"description\" content=\"Kaufe Salicutti Brunello di Montalcino Sorgente 2020 (Sangiovese, trocken aus Toskana, Italien) bei Wein Werte, Ihrem nachhaltigen Onlineshop.\" \/>\n<meta name=\"robots\" content=\"index, follow, max-snippet:-1, max-image-preview:large, max-video-preview:-1\" \/>\n<link rel=\"canonical\" href=\"https:\/\/wein-werte.com\/de\/produkt\/salicutti-brunello-di-montalcino-sorgente-2020-750ml\/\" \/>\n<meta property=\"og:locale\" content=\"de_DE\" \/>\n<meta property=\"og:type\" content=\"article\" \/>\n<meta property=\"og:title\" content=\"Salicutti Brunello di Montalcino Sorgente 2020\" \/>\n<meta property=\"og:description\" content=\"Kaufe Salicutti Brunello di Montalcino Sorgente 2020 (Sangiovese, trocken aus Toskana, Italien) bei Wein Werte, Ihrem nachhaltigen Onlineshop.\" \/>\n<meta property=\"og:url\" content=\"https:\/\/wein-werte.com\/de\/produkt\/salicutti-brunello-di-montalcino-sorgente-2020-750ml\/\" \/>\n<meta property=\"og:site_name\" content=\"Wein Werte\" \/>\n<meta property=\"article:modified_time\" content=\"2026-05-12T17:55:28+00:00\" \/>\n<meta property=\"og:image\" content=\"https:\/\/wein-werte.com\/wp-content\/uploads\/2026\/04\/Salicutti-Brunello-di-Montalcino-Sorgente-2020-750ml.png\" \/>\n\t<meta property=\"og:image:width\" content=\"318\" \/>\n\t<meta property=\"og:image:height\" content=\"1200\" \/>\n\t<meta property=\"og:image:type\" content=\"image\/png\" \/>\n<meta name=\"twitter:card\" content=\"summary_large_image\" \/>\n<meta name=\"twitter:label1\" content=\"Gesch\u00e4tzte Lesezeit\" \/>\n\t<meta name=\"twitter:data1\" content=\"2\u00a0Minuten\" \/>\n<script type=\"application\/ld+json\" class=\"yoast-schema-graph\">{\"@context\":\"https:\\\/\\\/schema.org\",\"@graph\":[{\"@type\":\"WebPage\",\"@id\":\"https:\\\/\\\/wein-werte.com\\\/de\\\/produkt\\\/salicutti-brunello-di-montalcino-sorgente-2020-750ml\\\/\",\"url\":\"https:\\\/\\\/wein-werte.com\\\/de\\\/produkt\\\/salicutti-brunello-di-montalcino-sorgente-2020-750ml\\\/\",\"name\":\"Salicutti Brunello di Montalcino Sorgente 2020\",\"isPartOf\":{\"@id\":\"https:\\\/\\\/wein-werte.com\\\/de\\\/#website\"},\"primaryImageOfPage\":{\"@id\":\"https:\\\/\\\/wein-werte.com\\\/de\\\/produkt\\\/salicutti-brunello-di-montalcino-sorgente-2020-750ml\\\/#primaryimage\"},\"image\":{\"@id\":\"https:\\\/\\\/wein-werte.com\\\/de\\\/produkt\\\/salicutti-brunello-di-montalcino-sorgente-2020-750ml\\\/#primaryimage\"},\"thumbnailUrl\":\"https:\\\/\\\/wein-werte.com\\\/wp-content\\\/uploads\\\/2026\\\/04\\\/Salicutti-Brunello-di-Montalcino-Sorgente-2020-750ml.png\",\"datePublished\":\"2026-05-12T13:44:10+00:00\",\"dateModified\":\"2026-05-12T17:55:28+00:00\",\"description\":\"Kaufe Salicutti Brunello di Montalcino Sorgente 2020 (Sangiovese, trocken aus Toskana, Italien) bei Wein Werte, Ihrem nachhaltigen Onlineshop.\",\"breadcrumb\":{\"@id\":\"https:\\\/\\\/wein-werte.com\\\/de\\\/produkt\\\/salicutti-brunello-di-montalcino-sorgente-2020-750ml\\\/#breadcrumb\"},\"inLanguage\":\"de\",\"potentialAction\":[{\"@type\":\"ReadAction\",\"target\":[\"https:\\\/\\\/wein-werte.com\\\/de\\\/produkt\\\/salicutti-brunello-di-montalcino-sorgente-2020-750ml\\\/\"]}]},{\"@type\":\"ImageObject\",\"inLanguage\":\"de\",\"@id\":\"https:\\\/\\\/wein-werte.com\\\/de\\\/produkt\\\/salicutti-brunello-di-montalcino-sorgente-2020-750ml\\\/#primaryimage\",\"url\":\"https:\\\/\\\/wein-werte.com\\\/wp-content\\\/uploads\\\/2026\\\/04\\\/Salicutti-Brunello-di-Montalcino-Sorgente-2020-750ml.png\",\"contentUrl\":\"https:\\\/\\\/wein-werte.com\\\/wp-content\\\/uploads\\\/2026\\\/04\\\/Salicutti-Brunello-di-Montalcino-Sorgente-2020-750ml.png\",\"width\":318,\"height\":1200,\"caption\":\"Salicutti Brunello di Montalcino DOCG Sorgente 2020 750ml\"},{\"@type\":\"BreadcrumbList\",\"@id\":\"https:\\\/\\\/wein-werte.com\\\/de\\\/produkt\\\/salicutti-brunello-di-montalcino-sorgente-2020-750ml\\\/#breadcrumb\",\"itemListElement\":[{\"@type\":\"ListItem\",\"position\":1,\"name\":\"Home\",\"item\":\"https:\\\/\\\/wein-werte.com\\\/de\\\/\"},{\"@type\":\"ListItem\",\"position\":2,\"name\":\"Shop\",\"item\":\"https:\\\/\\\/wein-werte.com\\\/de\\\/shop\\\/\"},{\"@type\":\"ListItem\",\"position\":3,\"name\":\"Salicutti | Toskana | Brunello di Montalcino DOCG Sorgente | 2020 | 750ml | bio\"}]},{\"@type\":\"WebSite\",\"@id\":\"https:\\\/\\\/wein-werte.com\\\/de\\\/#website\",\"url\":\"https:\\\/\\\/wein-werte.com\\\/de\\\/\",\"name\":\"Wein Werte\",\"description\":\"\",\"publisher\":{\"@id\":\"https:\\\/\\\/wein-werte.com\\\/de\\\/#organization\"},\"potentialAction\":[{\"@type\":\"SearchAction\",\"target\":{\"@type\":\"EntryPoint\",\"urlTemplate\":\"https:\\\/\\\/wein-werte.com\\\/de\\\/?s={search_term_string}\"},\"query-input\":{\"@type\":\"PropertyValueSpecification\",\"valueRequired\":true,\"valueName\":\"search_term_string\"}}],\"inLanguage\":\"de\"},{\"@type\":\"Organization\",\"@id\":\"https:\\\/\\\/wein-werte.com\\\/de\\\/#organization\",\"name\":\"Vins Fins Thorrold\",\"url\":\"https:\\\/\\\/wein-werte.com\\\/de\\\/\",\"logo\":{\"@type\":\"ImageObject\",\"inLanguage\":\"de\",\"@id\":\"https:\\\/\\\/wein-werte.com\\\/de\\\/#\\\/schema\\\/logo\\\/image\\\/\",\"url\":\"https:\\\/\\\/wein-werte.com\\\/wp-content\\\/uploads\\\/2023\\\/07\\\/Wein_werte_Logo700-1.png\",\"contentUrl\":\"https:\\\/\\\/wein-werte.com\\\/wp-content\\\/uploads\\\/2023\\\/07\\\/Wein_werte_Logo700-1.png\",\"width\":700,\"height\":272,\"caption\":\"Vins Fins Thorrold\"},\"image\":{\"@id\":\"https:\\\/\\\/wein-werte.com\\\/de\\\/#\\\/schema\\\/logo\\\/image\\\/\"}}]}<\/script>\n<!-- \/ Yoast SEO plugin. -->","yoast_head_json":{"title":"Salicutti Brunello di Montalcino Sorgente 2020","description":"Kaufe Salicutti Brunello di Montalcino Sorgente 2020 (Sangiovese, trocken aus Toskana, Italien) bei Wein Werte, Ihrem nachhaltigen Onlineshop.","robots":{"index":"index","follow":"follow","max-snippet":"max-snippet:-1","max-image-preview":"max-image-preview:large","max-video-preview":"max-video-preview:-1"},"canonical":"https:\/\/wein-werte.com\/de\/produkt\/salicutti-brunello-di-montalcino-sorgente-2020-750ml\/","og_locale":"de_DE","og_type":"article","og_title":"Salicutti Brunello di Montalcino Sorgente 2020","og_description":"Kaufe Salicutti Brunello di Montalcino Sorgente 2020 (Sangiovese, trocken aus Toskana, Italien) bei Wein Werte, Ihrem nachhaltigen Onlineshop.","og_url":"https:\/\/wein-werte.com\/de\/produkt\/salicutti-brunello-di-montalcino-sorgente-2020-750ml\/","og_site_name":"Wein Werte","article_modified_time":"2026-05-12T17:55:28+00:00","og_image":[{"width":318,"height":1200,"url":"https:\/\/wein-werte.com\/wp-content\/uploads\/2026\/04\/Salicutti-Brunello-di-Montalcino-Sorgente-2020-750ml.png","type":"image\/png"}],"twitter_card":"summary_large_image","twitter_misc":{"Gesch\u00e4tzte Lesezeit":"2\u00a0Minuten"},"schema":{"@context":"https:\/\/schema.org","@graph":[{"@type":"WebPage","@id":"https:\/\/wein-werte.com\/de\/produkt\/salicutti-brunello-di-montalcino-sorgente-2020-750ml\/","url":"https:\/\/wein-werte.com\/de\/produkt\/salicutti-brunello-di-montalcino-sorgente-2020-750ml\/","name":"Salicutti Brunello di Montalcino Sorgente 2020","isPartOf":{"@id":"https:\/\/wein-werte.com\/de\/#website"},"primaryImageOfPage":{"@id":"https:\/\/wein-werte.com\/de\/produkt\/salicutti-brunello-di-montalcino-sorgente-2020-750ml\/#primaryimage"},"image":{"@id":"https:\/\/wein-werte.com\/de\/produkt\/salicutti-brunello-di-montalcino-sorgente-2020-750ml\/#primaryimage"},"thumbnailUrl":"https:\/\/wein-werte.com\/wp-content\/uploads\/2026\/04\/Salicutti-Brunello-di-Montalcino-Sorgente-2020-750ml.png","datePublished":"2026-05-12T13:44:10+00:00","dateModified":"2026-05-12T17:55:28+00:00","description":"Kaufe Salicutti Brunello di Montalcino Sorgente 2020 (Sangiovese, trocken aus Toskana, Italien) bei Wein Werte, Ihrem nachhaltigen Onlineshop.","breadcrumb":{"@id":"https:\/\/wein-werte.com\/de\/produkt\/salicutti-brunello-di-montalcino-sorgente-2020-750ml\/#breadcrumb"},"inLanguage":"de","potentialAction":[{"@type":"ReadAction","target":["https:\/\/wein-werte.com\/de\/produkt\/salicutti-brunello-di-montalcino-sorgente-2020-750ml\/"]}]},{"@type":"ImageObject","inLanguage":"de","@id":"https:\/\/wein-werte.com\/de\/produkt\/salicutti-brunello-di-montalcino-sorgente-2020-750ml\/#primaryimage","url":"https:\/\/wein-werte.com\/wp-content\/uploads\/2026\/04\/Salicutti-Brunello-di-Montalcino-Sorgente-2020-750ml.png","contentUrl":"https:\/\/wein-werte.com\/wp-content\/uploads\/2026\/04\/Salicutti-Brunello-di-Montalcino-Sorgente-2020-750ml.png","width":318,"height":1200,"caption":"Salicutti Brunello di Montalcino DOCG Sorgente 2020 750ml"},{"@type":"BreadcrumbList","@id":"https:\/\/wein-werte.com\/de\/produkt\/salicutti-brunello-di-montalcino-sorgente-2020-750ml\/#breadcrumb","itemListElement":[{"@type":"ListItem","position":1,"name":"Home","item":"https:\/\/wein-werte.com\/de\/"},{"@type":"ListItem","position":2,"name":"Shop","item":"https:\/\/wein-werte.com\/de\/shop\/"},{"@type":"ListItem","position":3,"name":"Salicutti | Toskana | Brunello di Montalcino DOCG Sorgente | 2020 | 750ml | bio"}]},{"@type":"WebSite","@id":"https:\/\/wein-werte.com\/de\/#website","url":"https:\/\/wein-werte.com\/de\/","name":"Wein Werte","description":"","publisher":{"@id":"https:\/\/wein-werte.com\/de\/#organization"},"potentialAction":[{"@type":"SearchAction","target":{"@type":"EntryPoint","urlTemplate":"https:\/\/wein-werte.com\/de\/?s={search_term_string}"},"query-input":{"@type":"PropertyValueSpecification","valueRequired":true,"valueName":"search_term_string"}}],"inLanguage":"de"},{"@type":"Organization","@id":"https:\/\/wein-werte.com\/de\/#organization","name":"Vins Fins Thorrold","url":"https:\/\/wein-werte.com\/de\/","logo":{"@type":"ImageObject","inLanguage":"de","@id":"https:\/\/wein-werte.com\/de\/#\/schema\/logo\/image\/","url":"https:\/\/wein-werte.com\/wp-content\/uploads\/2023\/07\/Wein_werte_Logo700-1.png","contentUrl":"https:\/\/wein-werte.com\/wp-content\/uploads\/2023\/07\/Wein_werte_Logo700-1.png","width":700,"height":272,"caption":"Vins Fins Thorrold"},"image":{"@id":"https:\/\/wein-werte.com\/de\/#\/schema\/logo\/image\/"}}]}},"_links":{"self":[{"href":"https:\/\/wein-werte.com\/de\/wp-json\/wp\/v2\/product\/1129513","targetHints":{"allow":["GET"]}}],"collection":[{"href":"https:\/\/wein-werte.com\/de\/wp-json\/wp\/v2\/product"}],"about":[{"href":"https:\/\/wein-werte.com\/de\/wp-json\/wp\/v2\/types\/product"}],"wp:featuredmedia":[{"embeddable":true,"href":"https:\/\/wein-werte.com\/de\/wp-json\/wp\/v2\/media\/1140894"}],"wp:attachment":[{"href":"https:\/\/wein-werte.com\/de\/wp-json\/wp\/v2\/media?parent=1129513"}],"wp:term":[{"taxonomy":"product_brand","embeddable":true,"href":"https:\/\/wein-werte.com\/de\/wp-json\/wp\/v2\/product_brand?post=1129513"},{"taxonomy":"product_cat","embeddable":true,"href":"https:\/\/wein-werte.com\/de\/wp-json\/wp\/v2\/product_cat?post=1129513"},{"taxonomy":"product_tag","embeddable":true,"href":"https:\/\/wein-werte.com\/de\/wp-json\/wp\/v2\/product_tag?post=1129513"}],"curies":[{"name":"wp","href":"https:\/\/api.w.org\/{rel}","templated":true}]}}