{"id":1129502,"date":"2026-05-08T20:00:53","date_gmt":"2026-05-08T18:00:53","guid":{"rendered":"https:\/\/wein-werte.com\/product\/salicutti-brunello-di-montalcino-piaggione-riserva-2011-750ml\/"},"modified":"2026-04-27T11:44:26","modified_gmt":"2026-04-27T09:44:26","slug":"salicutti-brunello-di-montalcino-piaggione-riserva-2011-750ml","status":"publish","type":"product","link":"https:\/\/wein-werte.com\/de\/produkt\/salicutti-brunello-di-montalcino-piaggione-riserva-2011-750ml\/","title":{"rendered":"Salicutti | Toskana | Brunello di Montalcino DOCG Piaggione Riserva | 2011 | 750ml | bio"},"content":{"rendered":"<p>Produktbeschreibung f\u00fcr Salicutti Brunello di Montalcino DOCG Piaggione Riserva 2011 (bio) <\/p>\n<h5>Farbe<\/h5>\n<p> helles Ziegelrot mit leicht ins Br\u00e4unliche auslaufenden R\u00e4ndern <\/p>\n<h5>Nase<\/h5>\n<p> Der Brunello Piaggione Riserva des Podere Salicutti ist ein ber\u00fchrendes Erlebnis. Francesco Leanza hat bei dieser Reserva seinen Stil des feinen, hintergr\u00fcndigen, hoch komplexen Brunello auf die Spitze getrieben. Der Wein aus der Einzellage Piaggione schwingt harmonisch zwischen heller, reifer Kirschfrucht und feinstem Holz. Wie in einem Kammerkonzert in bester Besetzung hat hier jede Komponente ihren richtigen Einsatz: getrocknete Fr\u00fcchte, Walderdbeeren, Kr\u00e4uter, etwas Wacholder und ein feine S\u00fc\u00dfe, in die sich eine Ahnung von Marzipan mischt. <\/p>\n<h5>Gaumen<\/h5>\n<p> Am Gaumen zeigt die 2011er Riserva ihre ganze Tiefe auf elegante Art. Auch hier dominiert zun\u00e4chst die Kirschfrucht, die sich jahrgangsgem\u00e4\u00df \u00fcppig und gleichzeitig charmant pr\u00e4sentiert. Sie wird von feinem Holz begleitet, das man schon im Duft wahrnehmen konnte. Der Wein hat eine feste Struktur und ist dicht verwoben. Das feink\u00f6rnige Tannin gl\u00e4nzt wie nach einer Politur und schafft eine elegante Textur. Dabei durchzieht den Wein eine feine S\u00e4ure, die sich pr\u00e4zise und harmonisch in die Gesamtdisposition eingliedert. Wunderbar.<\/p>\n<p>Copyright Vinaturel 2025<\/p>\n<p>Keywords: <a href=\"https:\/\/wein-werte.com\/de\/shop\/?swoof=1&#038;pa_producer=Salicutti\">Salicutti<\/a> <a href=\"https:\/\/wein-werte.com\/de\/shop\/?swoof=1&#038;woof_text=Brunello di Montalcino DOCG Piaggione Riserva\">Brunello di Montalcino DOCG Piaggione Riserva<\/a> 2011 bio <a href=\"https:\/\/wein-werte.com\/de\/shop\/?swoof=1&#038;pa_region=Toskana\">Toskana<\/a> <a href=\"https:\/\/wein-werte.com\/de\/shop\/?swoof=1&#038;pa_country=Italien\">Italien<\/a><\/p>\n<p>Internetseite des Weinguts: <a href=\"https:\/\/salicutti.it\/\" target=\"_blank\">https:\/\/salicutti.it\/<\/a><\/p>\n","protected":false},"excerpt":{"rendered":"<p>Lieferzeit: 1 bis 2 Arbeitstage (DE), 2 bis 5 Arbeitstage (EU and CH)<\/p>\n","protected":false},"featured_media":1140886,"template":"","meta":[],"product_brand":[],"product_cat":[19],"product_tag":[],"class_list":{"0":"post-1129502","1":"product","2":"type-product","3":"status-publish","4":"has-post-thumbnail","6":"product_cat-unkategorisiert","7":"pa_alcohol-for-filter-12894","8":"pa_certified-biodynamic-nein-de","9":"pa_certified-organic-ja-de","10":"pa_colour-rot","11":"pa_country-italien","12":"pa_grape-sangiovese","13":"pa_price-for-filter-10703","14":"pa_producer-salicutti","15":"pa_region-toskana","16":"pa_size-ml-6584","17":"pa_sweetness-trocken-de","18":"pa_type-2-still-de","19":"pa_vintage-2011-de","20":"entry","21":"has-media","23":"first","24":"instock","25":"taxable","26":"shipping-taxable","27":"purchasable","28":"product-type-simple"},"yoast_head":"<!-- This site is optimized with the Yoast SEO plugin v27.5 - https:\/\/yoast.com\/product\/yoast-seo-wordpress\/ -->\n<title>Salicutti Brunello di Montalcino Piaggione Riserva 2011<\/title>\n<meta name=\"description\" content=\"Kaufe Salicutti Brunello di Montalcino Piaggione Riserva 2011 (Sangiovese, trocken aus Toskana, Italien) bei Wein Werte, Ihrem nachhaltigen Onlineshop.\" \/>\n<meta name=\"robots\" content=\"index, follow, max-snippet:-1, max-image-preview:large, max-video-preview:-1\" \/>\n<link rel=\"canonical\" href=\"https:\/\/wein-werte.com\/de\/produkt\/salicutti-brunello-di-montalcino-piaggione-riserva-2011-750ml\/\" \/>\n<meta property=\"og:locale\" content=\"de_DE\" \/>\n<meta property=\"og:type\" content=\"article\" \/>\n<meta property=\"og:title\" content=\"Salicutti Brunello di Montalcino Piaggione Riserva 2011\" \/>\n<meta property=\"og:description\" content=\"Kaufe Salicutti Brunello di Montalcino Piaggione Riserva 2011 (Sangiovese, trocken aus Toskana, Italien) bei Wein Werte, Ihrem nachhaltigen Onlineshop.\" \/>\n<meta property=\"og:url\" content=\"https:\/\/wein-werte.com\/de\/produkt\/salicutti-brunello-di-montalcino-piaggione-riserva-2011-750ml\/\" \/>\n<meta property=\"og:site_name\" content=\"Wein Werte\" \/>\n<meta property=\"og:image\" content=\"https:\/\/wein-werte.com\/wp-content\/uploads\/2026\/04\/Salicutti-Brunello-di-Montalcino-Piaggione-Riserva-2011-750ml.png\" \/>\n\t<meta property=\"og:image:width\" content=\"300\" \/>\n\t<meta property=\"og:image:height\" content=\"1200\" \/>\n\t<meta property=\"og:image:type\" content=\"image\/png\" \/>\n<meta name=\"twitter:card\" content=\"summary_large_image\" \/>\n<meta name=\"twitter:label1\" content=\"Gesch\u00e4tzte Lesezeit\" \/>\n\t<meta name=\"twitter:data1\" content=\"1\u00a0Minute\" \/>\n<script type=\"application\/ld+json\" class=\"yoast-schema-graph\">{\"@context\":\"https:\\\/\\\/schema.org\",\"@graph\":[{\"@type\":\"WebPage\",\"@id\":\"https:\\\/\\\/wein-werte.com\\\/de\\\/produkt\\\/salicutti-brunello-di-montalcino-piaggione-riserva-2011-750ml\\\/\",\"url\":\"https:\\\/\\\/wein-werte.com\\\/de\\\/produkt\\\/salicutti-brunello-di-montalcino-piaggione-riserva-2011-750ml\\\/\",\"name\":\"Salicutti Brunello di Montalcino Piaggione Riserva 2011\",\"isPartOf\":{\"@id\":\"https:\\\/\\\/wein-werte.com\\\/de\\\/#website\"},\"primaryImageOfPage\":{\"@id\":\"https:\\\/\\\/wein-werte.com\\\/de\\\/produkt\\\/salicutti-brunello-di-montalcino-piaggione-riserva-2011-750ml\\\/#primaryimage\"},\"image\":{\"@id\":\"https:\\\/\\\/wein-werte.com\\\/de\\\/produkt\\\/salicutti-brunello-di-montalcino-piaggione-riserva-2011-750ml\\\/#primaryimage\"},\"thumbnailUrl\":\"https:\\\/\\\/wein-werte.com\\\/wp-content\\\/uploads\\\/2026\\\/04\\\/Salicutti-Brunello-di-Montalcino-Piaggione-Riserva-2011-750ml.png\",\"datePublished\":\"2026-05-08T18:00:53+00:00\",\"description\":\"Kaufe Salicutti Brunello di Montalcino Piaggione Riserva 2011 (Sangiovese, trocken aus Toskana, Italien) bei Wein Werte, Ihrem nachhaltigen Onlineshop.\",\"breadcrumb\":{\"@id\":\"https:\\\/\\\/wein-werte.com\\\/de\\\/produkt\\\/salicutti-brunello-di-montalcino-piaggione-riserva-2011-750ml\\\/#breadcrumb\"},\"inLanguage\":\"de\",\"potentialAction\":[{\"@type\":\"ReadAction\",\"target\":[\"https:\\\/\\\/wein-werte.com\\\/de\\\/produkt\\\/salicutti-brunello-di-montalcino-piaggione-riserva-2011-750ml\\\/\"]}]},{\"@type\":\"ImageObject\",\"inLanguage\":\"de\",\"@id\":\"https:\\\/\\\/wein-werte.com\\\/de\\\/produkt\\\/salicutti-brunello-di-montalcino-piaggione-riserva-2011-750ml\\\/#primaryimage\",\"url\":\"https:\\\/\\\/wein-werte.com\\\/wp-content\\\/uploads\\\/2026\\\/04\\\/Salicutti-Brunello-di-Montalcino-Piaggione-Riserva-2011-750ml.png\",\"contentUrl\":\"https:\\\/\\\/wein-werte.com\\\/wp-content\\\/uploads\\\/2026\\\/04\\\/Salicutti-Brunello-di-Montalcino-Piaggione-Riserva-2011-750ml.png\",\"width\":300,\"height\":1200,\"caption\":\"Salicutti Brunello di Montalcino DOCG Piaggione Riserva 2011 750ml\"},{\"@type\":\"BreadcrumbList\",\"@id\":\"https:\\\/\\\/wein-werte.com\\\/de\\\/produkt\\\/salicutti-brunello-di-montalcino-piaggione-riserva-2011-750ml\\\/#breadcrumb\",\"itemListElement\":[{\"@type\":\"ListItem\",\"position\":1,\"name\":\"Home\",\"item\":\"https:\\\/\\\/wein-werte.com\\\/de\\\/\"},{\"@type\":\"ListItem\",\"position\":2,\"name\":\"Shop\",\"item\":\"https:\\\/\\\/wein-werte.com\\\/de\\\/shop\\\/\"},{\"@type\":\"ListItem\",\"position\":3,\"name\":\"Salicutti | Toskana | Brunello di Montalcino DOCG Piaggione Riserva | 2011 | 750ml | bio\"}]},{\"@type\":\"WebSite\",\"@id\":\"https:\\\/\\\/wein-werte.com\\\/de\\\/#website\",\"url\":\"https:\\\/\\\/wein-werte.com\\\/de\\\/\",\"name\":\"Wein Werte\",\"description\":\"\",\"publisher\":{\"@id\":\"https:\\\/\\\/wein-werte.com\\\/de\\\/#organization\"},\"potentialAction\":[{\"@type\":\"SearchAction\",\"target\":{\"@type\":\"EntryPoint\",\"urlTemplate\":\"https:\\\/\\\/wein-werte.com\\\/de\\\/?s={search_term_string}\"},\"query-input\":{\"@type\":\"PropertyValueSpecification\",\"valueRequired\":true,\"valueName\":\"search_term_string\"}}],\"inLanguage\":\"de\"},{\"@type\":\"Organization\",\"@id\":\"https:\\\/\\\/wein-werte.com\\\/de\\\/#organization\",\"name\":\"Vins Fins Thorrold\",\"url\":\"https:\\\/\\\/wein-werte.com\\\/de\\\/\",\"logo\":{\"@type\":\"ImageObject\",\"inLanguage\":\"de\",\"@id\":\"https:\\\/\\\/wein-werte.com\\\/de\\\/#\\\/schema\\\/logo\\\/image\\\/\",\"url\":\"https:\\\/\\\/wein-werte.com\\\/wp-content\\\/uploads\\\/2023\\\/07\\\/Wein_werte_Logo700-1.png\",\"contentUrl\":\"https:\\\/\\\/wein-werte.com\\\/wp-content\\\/uploads\\\/2023\\\/07\\\/Wein_werte_Logo700-1.png\",\"width\":700,\"height\":272,\"caption\":\"Vins Fins Thorrold\"},\"image\":{\"@id\":\"https:\\\/\\\/wein-werte.com\\\/de\\\/#\\\/schema\\\/logo\\\/image\\\/\"}}]}<\/script>\n<!-- \/ Yoast SEO plugin. -->","yoast_head_json":{"title":"Salicutti Brunello di Montalcino Piaggione Riserva 2011","description":"Kaufe Salicutti Brunello di Montalcino Piaggione Riserva 2011 (Sangiovese, trocken aus Toskana, Italien) bei Wein Werte, Ihrem nachhaltigen Onlineshop.","robots":{"index":"index","follow":"follow","max-snippet":"max-snippet:-1","max-image-preview":"max-image-preview:large","max-video-preview":"max-video-preview:-1"},"canonical":"https:\/\/wein-werte.com\/de\/produkt\/salicutti-brunello-di-montalcino-piaggione-riserva-2011-750ml\/","og_locale":"de_DE","og_type":"article","og_title":"Salicutti Brunello di Montalcino Piaggione Riserva 2011","og_description":"Kaufe Salicutti Brunello di Montalcino Piaggione Riserva 2011 (Sangiovese, trocken aus Toskana, Italien) bei Wein Werte, Ihrem nachhaltigen Onlineshop.","og_url":"https:\/\/wein-werte.com\/de\/produkt\/salicutti-brunello-di-montalcino-piaggione-riserva-2011-750ml\/","og_site_name":"Wein Werte","og_image":[{"width":300,"height":1200,"url":"https:\/\/wein-werte.com\/wp-content\/uploads\/2026\/04\/Salicutti-Brunello-di-Montalcino-Piaggione-Riserva-2011-750ml.png","type":"image\/png"}],"twitter_card":"summary_large_image","twitter_misc":{"Gesch\u00e4tzte Lesezeit":"1\u00a0Minute"},"schema":{"@context":"https:\/\/schema.org","@graph":[{"@type":"WebPage","@id":"https:\/\/wein-werte.com\/de\/produkt\/salicutti-brunello-di-montalcino-piaggione-riserva-2011-750ml\/","url":"https:\/\/wein-werte.com\/de\/produkt\/salicutti-brunello-di-montalcino-piaggione-riserva-2011-750ml\/","name":"Salicutti Brunello di Montalcino Piaggione Riserva 2011","isPartOf":{"@id":"https:\/\/wein-werte.com\/de\/#website"},"primaryImageOfPage":{"@id":"https:\/\/wein-werte.com\/de\/produkt\/salicutti-brunello-di-montalcino-piaggione-riserva-2011-750ml\/#primaryimage"},"image":{"@id":"https:\/\/wein-werte.com\/de\/produkt\/salicutti-brunello-di-montalcino-piaggione-riserva-2011-750ml\/#primaryimage"},"thumbnailUrl":"https:\/\/wein-werte.com\/wp-content\/uploads\/2026\/04\/Salicutti-Brunello-di-Montalcino-Piaggione-Riserva-2011-750ml.png","datePublished":"2026-05-08T18:00:53+00:00","description":"Kaufe Salicutti Brunello di Montalcino Piaggione Riserva 2011 (Sangiovese, trocken aus Toskana, Italien) bei Wein Werte, Ihrem nachhaltigen Onlineshop.","breadcrumb":{"@id":"https:\/\/wein-werte.com\/de\/produkt\/salicutti-brunello-di-montalcino-piaggione-riserva-2011-750ml\/#breadcrumb"},"inLanguage":"de","potentialAction":[{"@type":"ReadAction","target":["https:\/\/wein-werte.com\/de\/produkt\/salicutti-brunello-di-montalcino-piaggione-riserva-2011-750ml\/"]}]},{"@type":"ImageObject","inLanguage":"de","@id":"https:\/\/wein-werte.com\/de\/produkt\/salicutti-brunello-di-montalcino-piaggione-riserva-2011-750ml\/#primaryimage","url":"https:\/\/wein-werte.com\/wp-content\/uploads\/2026\/04\/Salicutti-Brunello-di-Montalcino-Piaggione-Riserva-2011-750ml.png","contentUrl":"https:\/\/wein-werte.com\/wp-content\/uploads\/2026\/04\/Salicutti-Brunello-di-Montalcino-Piaggione-Riserva-2011-750ml.png","width":300,"height":1200,"caption":"Salicutti Brunello di Montalcino DOCG Piaggione Riserva 2011 750ml"},{"@type":"BreadcrumbList","@id":"https:\/\/wein-werte.com\/de\/produkt\/salicutti-brunello-di-montalcino-piaggione-riserva-2011-750ml\/#breadcrumb","itemListElement":[{"@type":"ListItem","position":1,"name":"Home","item":"https:\/\/wein-werte.com\/de\/"},{"@type":"ListItem","position":2,"name":"Shop","item":"https:\/\/wein-werte.com\/de\/shop\/"},{"@type":"ListItem","position":3,"name":"Salicutti | Toskana | Brunello di Montalcino DOCG Piaggione Riserva | 2011 | 750ml | bio"}]},{"@type":"WebSite","@id":"https:\/\/wein-werte.com\/de\/#website","url":"https:\/\/wein-werte.com\/de\/","name":"Wein Werte","description":"","publisher":{"@id":"https:\/\/wein-werte.com\/de\/#organization"},"potentialAction":[{"@type":"SearchAction","target":{"@type":"EntryPoint","urlTemplate":"https:\/\/wein-werte.com\/de\/?s={search_term_string}"},"query-input":{"@type":"PropertyValueSpecification","valueRequired":true,"valueName":"search_term_string"}}],"inLanguage":"de"},{"@type":"Organization","@id":"https:\/\/wein-werte.com\/de\/#organization","name":"Vins Fins Thorrold","url":"https:\/\/wein-werte.com\/de\/","logo":{"@type":"ImageObject","inLanguage":"de","@id":"https:\/\/wein-werte.com\/de\/#\/schema\/logo\/image\/","url":"https:\/\/wein-werte.com\/wp-content\/uploads\/2023\/07\/Wein_werte_Logo700-1.png","contentUrl":"https:\/\/wein-werte.com\/wp-content\/uploads\/2023\/07\/Wein_werte_Logo700-1.png","width":700,"height":272,"caption":"Vins Fins Thorrold"},"image":{"@id":"https:\/\/wein-werte.com\/de\/#\/schema\/logo\/image\/"}}]}},"_links":{"self":[{"href":"https:\/\/wein-werte.com\/de\/wp-json\/wp\/v2\/product\/1129502","targetHints":{"allow":["GET"]}}],"collection":[{"href":"https:\/\/wein-werte.com\/de\/wp-json\/wp\/v2\/product"}],"about":[{"href":"https:\/\/wein-werte.com\/de\/wp-json\/wp\/v2\/types\/product"}],"wp:featuredmedia":[{"embeddable":true,"href":"https:\/\/wein-werte.com\/de\/wp-json\/wp\/v2\/media\/1140886"}],"wp:attachment":[{"href":"https:\/\/wein-werte.com\/de\/wp-json\/wp\/v2\/media?parent=1129502"}],"wp:term":[{"taxonomy":"product_brand","embeddable":true,"href":"https:\/\/wein-werte.com\/de\/wp-json\/wp\/v2\/product_brand?post=1129502"},{"taxonomy":"product_cat","embeddable":true,"href":"https:\/\/wein-werte.com\/de\/wp-json\/wp\/v2\/product_cat?post=1129502"},{"taxonomy":"product_tag","embeddable":true,"href":"https:\/\/wein-werte.com\/de\/wp-json\/wp\/v2\/product_tag?post=1129502"}],"curies":[{"name":"wp","href":"https:\/\/api.w.org\/{rel}","templated":true}]}}