{"id":1129473,"date":"2026-05-08T20:00:50","date_gmt":"2026-05-08T18:00:50","guid":{"rendered":"https:\/\/wein-werte.com\/product\/tenuta-di-carleone-uno-special-edition-2021-750ml\/"},"modified":"2026-04-27T11:44:22","modified_gmt":"2026-04-27T09:44:22","slug":"tenuta-di-carleone-uno-special-edition-2021-750ml","status":"publish","type":"product","link":"https:\/\/wein-werte.com\/de\/produkt\/tenuta-di-carleone-uno-special-edition-2021-750ml\/","title":{"rendered":"Tenuta di Carleone | Toskana | UNO IGT &#8220;Special Edition&#8221; | 2021 | 750ml"},"content":{"rendered":"<p>Produktbeschreibung f\u00fcr Tenuta di Carleone UNO IGT &#8220;Special Edition&#8221; 2021  <\/p>\n<h5>Information<\/h5>\n<p> Auswahl der besten Sangiovese-Trauben aus den Weinbergen von Radda. Die Trauben werden mit den F\u00fc\u00dfen zersto\u00dfen, dann spontan in Betontanks und offenen Beh\u00e4ltern vergoren und mit einem Anteil Schalen mit minimaler Extraktion \u00fcber zwei Monate mazeriert. Die Reifung erfolgt zu 90 % in Beton- und Edelstahltanks und zu einem kleinen Teil (10 %) in teilweise neuen Tonneaux \u00fcber 18 Monate. Der 2021er tr\u00e4gt den Titel \u00bbLa Trentesima Vendemmia di Sean O\u2019Callaghan\u00ab. <\/p>\n<h5>Farbe<\/h5>\n<p> klares, durchscheinendes Kirschrot <\/p>\n<h5>Nase<\/h5>\n<p> Der 2021er UNO, der ja offiziell einen Toscana Rosso, inoffiziell jedoch eine herausragend gute Chianti Classico Riserva darstellt, duftet nach Sauerkirschen und Kirschkernen, Unterholz und zersto\u00dfenem Gestein, sowie der f\u00fcr Alberese-B\u00f6den so typischen Noten von Stiefm\u00fctterchen. Hinzu kommen Splitter von dunkler, fester Schokolade, etwas Leder und ein wenig Holz. <\/p>\n<h5>Gaumen<\/h5>\n<p> Der UNO 2021 d\u00fcrfte in dem f\u00fcr ihn so besonderen Jahrgang mit das Beste sein, was Sean O\u2019Callaghan bisher in seinem Leben auf die Flasche gebracht hat. Dieser reinsortige Sangiovese birgt eine f\u00fcr die Region und Rebsorte fr\u00fcher typische und heute selten gewordene Spannung und S\u00e4urestruktur, gerade in Verbindung mit der H\u00f6he der Weinberge und dem Jahresverlauf, der diesem zeitlos erscheinenden Sangiovese voll in die Karten spielt. Es ist ein frischer, spannungsvoller, fast elektrisierender UNO mit rotbeeriger, knackiger, saftiger Frucht und einem Tannin, das markant aber geschliffen, strukturierend aber auch elegant wirkt. Mit diesem Zusammenspiel aus S\u00e4ure- und Tanninstruktur und der Tiefe, die er jetzt schon hat, ist das sicher ein Wein f\u00fcr Jahrzehnte. <\/p>\n<p>Copyright Vinaturel 2025<\/p>\n<p>Keywords: <a href=\"https:\/\/wein-werte.com\/de\/shop\/?swoof=1&#038;pa_producer=Tenuta-di-Carleone\">Tenuta di Carleone<\/a> <a href=\"https:\/\/wein-werte.com\/de\/shop\/?swoof=1&#038;woof_text=UNO IGT \"Special Edition\"\">UNO IGT &#8220;Special Edition&#8221;<\/a> 2021  <a href=\"https:\/\/wein-werte.com\/de\/shop\/?swoof=1&#038;pa_region=Toskana\">Toskana<\/a> <a href=\"https:\/\/wein-werte.com\/de\/shop\/?swoof=1&#038;pa_country=Italien\">Italien<\/a><\/p>\n<p>Internetseite des Weinguts: <a href=\"https:\/\/tenutadicarleone.com\/\" target=\"_blank\">https:\/\/tenutadicarleone.com\/<\/a><\/p>\n","protected":false},"excerpt":{"rendered":"<p>Lieferzeit: 1 bis 2 Arbeitstage (DE), 2 bis 5 Arbeitstage (EU and CH)<\/p>\n","protected":false},"featured_media":1140864,"template":"","meta":[],"product_brand":[],"product_cat":[19],"product_tag":[],"class_list":{"0":"post-1129473","1":"product","2":"type-product","3":"status-publish","4":"has-post-thumbnail","6":"product_cat-unkategorisiert","7":"pa_alcohol-for-filter-13-5","8":"pa_certified-biodynamic-nein-de","9":"pa_certified-organic-nein-de","10":"pa_colour-rot","11":"pa_country-italien","12":"pa_grape-sangiovese","13":"pa_price-for-filter-10639","14":"pa_producer-tenuta-di-carleone","15":"pa_region-toskana","16":"pa_size-ml-6584","17":"pa_sweetness-trocken-de","18":"pa_type-2-still-de","19":"pa_vintage-2021-de","20":"entry","21":"has-media","23":"first","24":"instock","25":"taxable","26":"shipping-taxable","27":"purchasable","28":"product-type-simple"},"yoast_head":"<!-- This site is optimized with the Yoast SEO plugin v27.5 - https:\/\/yoast.com\/product\/yoast-seo-wordpress\/ -->\n<title>Tenuta di Carleone UNO &quot;Special Edition&quot; 2021<\/title>\n<meta name=\"description\" content=\"Kaufe Tenuta di Carleone UNO &quot;Special Edition&quot; 2021 (Sangiovese, trocken aus Toskana, Italien) bei Wein Werte, Ihrem nachhaltigen Onlineshop.\" \/>\n<meta name=\"robots\" content=\"index, follow, max-snippet:-1, max-image-preview:large, max-video-preview:-1\" \/>\n<link rel=\"canonical\" href=\"https:\/\/wein-werte.com\/de\/produkt\/tenuta-di-carleone-uno-special-edition-2021-750ml\/\" \/>\n<meta property=\"og:locale\" content=\"de_DE\" \/>\n<meta property=\"og:type\" content=\"article\" \/>\n<meta property=\"og:title\" content=\"Tenuta di Carleone UNO &quot;Special Edition&quot; 2021\" \/>\n<meta property=\"og:description\" content=\"Kaufe Tenuta di Carleone UNO &quot;Special Edition&quot; 2021 (Sangiovese, trocken aus Toskana, Italien) bei Wein Werte, Ihrem nachhaltigen Onlineshop.\" \/>\n<meta property=\"og:url\" content=\"https:\/\/wein-werte.com\/de\/produkt\/tenuta-di-carleone-uno-special-edition-2021-750ml\/\" \/>\n<meta property=\"og:site_name\" content=\"Wein Werte\" \/>\n<meta property=\"og:image\" content=\"https:\/\/wein-werte.com\/wp-content\/uploads\/2026\/04\/Tenuta-di-Carleone-UNO-Special-Edition-2021-750ml.png\" \/>\n\t<meta property=\"og:image:width\" content=\"298\" \/>\n\t<meta property=\"og:image:height\" content=\"1200\" \/>\n\t<meta property=\"og:image:type\" content=\"image\/png\" \/>\n<meta name=\"twitter:card\" content=\"summary_large_image\" \/>\n<meta name=\"twitter:label1\" content=\"Gesch\u00e4tzte Lesezeit\" \/>\n\t<meta name=\"twitter:data1\" content=\"1\u00a0Minute\" \/>\n<script type=\"application\/ld+json\" class=\"yoast-schema-graph\">{\"@context\":\"https:\\\/\\\/schema.org\",\"@graph\":[{\"@type\":\"WebPage\",\"@id\":\"https:\\\/\\\/wein-werte.com\\\/de\\\/produkt\\\/tenuta-di-carleone-uno-special-edition-2021-750ml\\\/\",\"url\":\"https:\\\/\\\/wein-werte.com\\\/de\\\/produkt\\\/tenuta-di-carleone-uno-special-edition-2021-750ml\\\/\",\"name\":\"Tenuta di Carleone UNO \\\"Special Edition\\\" 2021\",\"isPartOf\":{\"@id\":\"https:\\\/\\\/wein-werte.com\\\/de\\\/#website\"},\"primaryImageOfPage\":{\"@id\":\"https:\\\/\\\/wein-werte.com\\\/de\\\/produkt\\\/tenuta-di-carleone-uno-special-edition-2021-750ml\\\/#primaryimage\"},\"image\":{\"@id\":\"https:\\\/\\\/wein-werte.com\\\/de\\\/produkt\\\/tenuta-di-carleone-uno-special-edition-2021-750ml\\\/#primaryimage\"},\"thumbnailUrl\":\"https:\\\/\\\/wein-werte.com\\\/wp-content\\\/uploads\\\/2026\\\/04\\\/Tenuta-di-Carleone-UNO-Special-Edition-2021-750ml.png\",\"datePublished\":\"2026-05-08T18:00:50+00:00\",\"description\":\"Kaufe Tenuta di Carleone UNO \\\"Special Edition\\\" 2021 (Sangiovese, trocken aus Toskana, Italien) bei Wein Werte, Ihrem nachhaltigen Onlineshop.\",\"breadcrumb\":{\"@id\":\"https:\\\/\\\/wein-werte.com\\\/de\\\/produkt\\\/tenuta-di-carleone-uno-special-edition-2021-750ml\\\/#breadcrumb\"},\"inLanguage\":\"de\",\"potentialAction\":[{\"@type\":\"ReadAction\",\"target\":[\"https:\\\/\\\/wein-werte.com\\\/de\\\/produkt\\\/tenuta-di-carleone-uno-special-edition-2021-750ml\\\/\"]}]},{\"@type\":\"ImageObject\",\"inLanguage\":\"de\",\"@id\":\"https:\\\/\\\/wein-werte.com\\\/de\\\/produkt\\\/tenuta-di-carleone-uno-special-edition-2021-750ml\\\/#primaryimage\",\"url\":\"https:\\\/\\\/wein-werte.com\\\/wp-content\\\/uploads\\\/2026\\\/04\\\/Tenuta-di-Carleone-UNO-Special-Edition-2021-750ml.png\",\"contentUrl\":\"https:\\\/\\\/wein-werte.com\\\/wp-content\\\/uploads\\\/2026\\\/04\\\/Tenuta-di-Carleone-UNO-Special-Edition-2021-750ml.png\",\"width\":298,\"height\":1200,\"caption\":\"Tenuta di Carleone UNO IGT \\\"Special Edition\\\" 2021 750ml\"},{\"@type\":\"BreadcrumbList\",\"@id\":\"https:\\\/\\\/wein-werte.com\\\/de\\\/produkt\\\/tenuta-di-carleone-uno-special-edition-2021-750ml\\\/#breadcrumb\",\"itemListElement\":[{\"@type\":\"ListItem\",\"position\":1,\"name\":\"Home\",\"item\":\"https:\\\/\\\/wein-werte.com\\\/de\\\/\"},{\"@type\":\"ListItem\",\"position\":2,\"name\":\"Shop\",\"item\":\"https:\\\/\\\/wein-werte.com\\\/de\\\/shop\\\/\"},{\"@type\":\"ListItem\",\"position\":3,\"name\":\"Tenuta di Carleone | Toskana | UNO IGT &#8220;Special Edition&#8221; | 2021 | 750ml\"}]},{\"@type\":\"WebSite\",\"@id\":\"https:\\\/\\\/wein-werte.com\\\/de\\\/#website\",\"url\":\"https:\\\/\\\/wein-werte.com\\\/de\\\/\",\"name\":\"Wein Werte\",\"description\":\"\",\"publisher\":{\"@id\":\"https:\\\/\\\/wein-werte.com\\\/de\\\/#organization\"},\"potentialAction\":[{\"@type\":\"SearchAction\",\"target\":{\"@type\":\"EntryPoint\",\"urlTemplate\":\"https:\\\/\\\/wein-werte.com\\\/de\\\/?s={search_term_string}\"},\"query-input\":{\"@type\":\"PropertyValueSpecification\",\"valueRequired\":true,\"valueName\":\"search_term_string\"}}],\"inLanguage\":\"de\"},{\"@type\":\"Organization\",\"@id\":\"https:\\\/\\\/wein-werte.com\\\/de\\\/#organization\",\"name\":\"Vins Fins Thorrold\",\"url\":\"https:\\\/\\\/wein-werte.com\\\/de\\\/\",\"logo\":{\"@type\":\"ImageObject\",\"inLanguage\":\"de\",\"@id\":\"https:\\\/\\\/wein-werte.com\\\/de\\\/#\\\/schema\\\/logo\\\/image\\\/\",\"url\":\"https:\\\/\\\/wein-werte.com\\\/wp-content\\\/uploads\\\/2023\\\/07\\\/Wein_werte_Logo700-1.png\",\"contentUrl\":\"https:\\\/\\\/wein-werte.com\\\/wp-content\\\/uploads\\\/2023\\\/07\\\/Wein_werte_Logo700-1.png\",\"width\":700,\"height\":272,\"caption\":\"Vins Fins Thorrold\"},\"image\":{\"@id\":\"https:\\\/\\\/wein-werte.com\\\/de\\\/#\\\/schema\\\/logo\\\/image\\\/\"}}]}<\/script>\n<!-- \/ Yoast SEO plugin. -->","yoast_head_json":{"title":"Tenuta di Carleone UNO \"Special Edition\" 2021","description":"Kaufe Tenuta di Carleone UNO \"Special Edition\" 2021 (Sangiovese, trocken aus Toskana, Italien) bei Wein Werte, Ihrem nachhaltigen Onlineshop.","robots":{"index":"index","follow":"follow","max-snippet":"max-snippet:-1","max-image-preview":"max-image-preview:large","max-video-preview":"max-video-preview:-1"},"canonical":"https:\/\/wein-werte.com\/de\/produkt\/tenuta-di-carleone-uno-special-edition-2021-750ml\/","og_locale":"de_DE","og_type":"article","og_title":"Tenuta di Carleone UNO \"Special Edition\" 2021","og_description":"Kaufe Tenuta di Carleone UNO \"Special Edition\" 2021 (Sangiovese, trocken aus Toskana, Italien) bei Wein Werte, Ihrem nachhaltigen Onlineshop.","og_url":"https:\/\/wein-werte.com\/de\/produkt\/tenuta-di-carleone-uno-special-edition-2021-750ml\/","og_site_name":"Wein Werte","og_image":[{"width":298,"height":1200,"url":"https:\/\/wein-werte.com\/wp-content\/uploads\/2026\/04\/Tenuta-di-Carleone-UNO-Special-Edition-2021-750ml.png","type":"image\/png"}],"twitter_card":"summary_large_image","twitter_misc":{"Gesch\u00e4tzte Lesezeit":"1\u00a0Minute"},"schema":{"@context":"https:\/\/schema.org","@graph":[{"@type":"WebPage","@id":"https:\/\/wein-werte.com\/de\/produkt\/tenuta-di-carleone-uno-special-edition-2021-750ml\/","url":"https:\/\/wein-werte.com\/de\/produkt\/tenuta-di-carleone-uno-special-edition-2021-750ml\/","name":"Tenuta di Carleone UNO \"Special Edition\" 2021","isPartOf":{"@id":"https:\/\/wein-werte.com\/de\/#website"},"primaryImageOfPage":{"@id":"https:\/\/wein-werte.com\/de\/produkt\/tenuta-di-carleone-uno-special-edition-2021-750ml\/#primaryimage"},"image":{"@id":"https:\/\/wein-werte.com\/de\/produkt\/tenuta-di-carleone-uno-special-edition-2021-750ml\/#primaryimage"},"thumbnailUrl":"https:\/\/wein-werte.com\/wp-content\/uploads\/2026\/04\/Tenuta-di-Carleone-UNO-Special-Edition-2021-750ml.png","datePublished":"2026-05-08T18:00:50+00:00","description":"Kaufe Tenuta di Carleone UNO \"Special Edition\" 2021 (Sangiovese, trocken aus Toskana, Italien) bei Wein Werte, Ihrem nachhaltigen Onlineshop.","breadcrumb":{"@id":"https:\/\/wein-werte.com\/de\/produkt\/tenuta-di-carleone-uno-special-edition-2021-750ml\/#breadcrumb"},"inLanguage":"de","potentialAction":[{"@type":"ReadAction","target":["https:\/\/wein-werte.com\/de\/produkt\/tenuta-di-carleone-uno-special-edition-2021-750ml\/"]}]},{"@type":"ImageObject","inLanguage":"de","@id":"https:\/\/wein-werte.com\/de\/produkt\/tenuta-di-carleone-uno-special-edition-2021-750ml\/#primaryimage","url":"https:\/\/wein-werte.com\/wp-content\/uploads\/2026\/04\/Tenuta-di-Carleone-UNO-Special-Edition-2021-750ml.png","contentUrl":"https:\/\/wein-werte.com\/wp-content\/uploads\/2026\/04\/Tenuta-di-Carleone-UNO-Special-Edition-2021-750ml.png","width":298,"height":1200,"caption":"Tenuta di Carleone UNO IGT \"Special Edition\" 2021 750ml"},{"@type":"BreadcrumbList","@id":"https:\/\/wein-werte.com\/de\/produkt\/tenuta-di-carleone-uno-special-edition-2021-750ml\/#breadcrumb","itemListElement":[{"@type":"ListItem","position":1,"name":"Home","item":"https:\/\/wein-werte.com\/de\/"},{"@type":"ListItem","position":2,"name":"Shop","item":"https:\/\/wein-werte.com\/de\/shop\/"},{"@type":"ListItem","position":3,"name":"Tenuta di Carleone | Toskana | UNO IGT &#8220;Special Edition&#8221; | 2021 | 750ml"}]},{"@type":"WebSite","@id":"https:\/\/wein-werte.com\/de\/#website","url":"https:\/\/wein-werte.com\/de\/","name":"Wein Werte","description":"","publisher":{"@id":"https:\/\/wein-werte.com\/de\/#organization"},"potentialAction":[{"@type":"SearchAction","target":{"@type":"EntryPoint","urlTemplate":"https:\/\/wein-werte.com\/de\/?s={search_term_string}"},"query-input":{"@type":"PropertyValueSpecification","valueRequired":true,"valueName":"search_term_string"}}],"inLanguage":"de"},{"@type":"Organization","@id":"https:\/\/wein-werte.com\/de\/#organization","name":"Vins Fins Thorrold","url":"https:\/\/wein-werte.com\/de\/","logo":{"@type":"ImageObject","inLanguage":"de","@id":"https:\/\/wein-werte.com\/de\/#\/schema\/logo\/image\/","url":"https:\/\/wein-werte.com\/wp-content\/uploads\/2023\/07\/Wein_werte_Logo700-1.png","contentUrl":"https:\/\/wein-werte.com\/wp-content\/uploads\/2023\/07\/Wein_werte_Logo700-1.png","width":700,"height":272,"caption":"Vins Fins Thorrold"},"image":{"@id":"https:\/\/wein-werte.com\/de\/#\/schema\/logo\/image\/"}}]}},"_links":{"self":[{"href":"https:\/\/wein-werte.com\/de\/wp-json\/wp\/v2\/product\/1129473","targetHints":{"allow":["GET"]}}],"collection":[{"href":"https:\/\/wein-werte.com\/de\/wp-json\/wp\/v2\/product"}],"about":[{"href":"https:\/\/wein-werte.com\/de\/wp-json\/wp\/v2\/types\/product"}],"wp:featuredmedia":[{"embeddable":true,"href":"https:\/\/wein-werte.com\/de\/wp-json\/wp\/v2\/media\/1140864"}],"wp:attachment":[{"href":"https:\/\/wein-werte.com\/de\/wp-json\/wp\/v2\/media?parent=1129473"}],"wp:term":[{"taxonomy":"product_brand","embeddable":true,"href":"https:\/\/wein-werte.com\/de\/wp-json\/wp\/v2\/product_brand?post=1129473"},{"taxonomy":"product_cat","embeddable":true,"href":"https:\/\/wein-werte.com\/de\/wp-json\/wp\/v2\/product_cat?post=1129473"},{"taxonomy":"product_tag","embeddable":true,"href":"https:\/\/wein-werte.com\/de\/wp-json\/wp\/v2\/product_tag?post=1129473"}],"curies":[{"name":"wp","href":"https:\/\/api.w.org\/{rel}","templated":true}]}}