{"id":1129470,"date":"2026-05-12T15:44:01","date_gmt":"2026-05-12T13:44:01","guid":{"rendered":"https:\/\/wein-werte.com\/product\/brizio-brunello-di-montalcino-riserva-2016-750ml\/"},"modified":"2026-05-12T19:55:22","modified_gmt":"2026-05-12T17:55:22","slug":"brizio-brunello-di-montalcino-riserva-2016-750ml","status":"publish","type":"product","link":"https:\/\/wein-werte.com\/de\/produkt\/brizio-brunello-di-montalcino-riserva-2016-750ml\/","title":{"rendered":"Brizio | Toskana | Brunello di Montalcino DOCG Riserva | 2016 | 750ml | bio"},"content":{"rendered":"<p>Produktbeschreibung f\u00fcr Brizio Brunello di Montalcino DOCG Riserva 2016 (bio) <\/p>\n<h5>Info zum Wein<\/h5>\n<p> Dieser Brunello di Montalcino kommt aus den Weinbergen im S\u00fcdwesten von Montalcino. Die Trauben wachsen auf einer H\u00f6he von 300 bis 350 Metern \u00fcber dem Meeresspiegel mit Blick auf das Meer in der Maremma. Dies ist die hei\u00dfeste Gegend von Montalcino. Hier besteht der Boden aus Sandstein und felsigem Mergel. <\/p>\n<h5>Information zum Ausbau<\/h5>\n<p> Nach der Handlese werden die Trauben abgebeert, sanft gepresst und f\u00fcr zwei Wochen mit nat\u00fcrlichen Hefen vergoren. Anschlie\u00dfend reift der Wein f\u00fcr 48 Tage in 54 hl Allier-F\u00e4ssern aus franz\u00f6sischer Eiche und weitere 12 Monate auf der Fasche. <\/p>\n<h5>Farbe<\/h5>\n<p> Durchscheinendes Granatrot mit mahagonifarbenen Aufhellungen zum Rand hin. <\/p>\n<h5>Nase<\/h5>\n<p> Der 2016er Brunello di Montalcino Riserva DOCG duftet erdig: Aromen von Malz, Waldlaub, Steinpilzen, Tabak und Baumrinde str\u00f6men in die Nase. Mit etwas Sauerstoffkontakt gesellen sich duftige Fruchtnoten von Himbeere, Sauerkirsche, Hagebutte und Feige hinzu, frische mediterrane Kr\u00e4uter lassen ihn belebend anmuten und florale Duftnoten von Veilchen und Rosenbl\u00e4ttern verst\u00e4rken seinen femininen Charakter, der in Aromen von Weihrauch und Lakritz \u00fcbergeht. <\/p>\n<h5>Gaumen<\/h5>\n<p> Seidig, elegant, mit zarter Fruchts\u00fc\u00dfe ausgestattet gleitet er \u00fcber die Zunge und wirkt fast schwerelos. Seine wunderbare S\u00e4ure tr\u00e4gt dazu bei, dass jeder Schluck zu einem weiteren verf\u00fchrt. Der h\u00f6here Alkohol von 14 Vol% ist zu keinen Zeitpunkt sp\u00fcrbar, verleiht ihm aber eine charmante s\u00fc\u00dfliche Note, die in der Kombination mit italienischer Wohlf\u00fchlk\u00fcche brilliert.<\/p>\n<p>Copyright Vinaturel 2025<\/p>\n<p>Keywords: <a href=\"https:\/\/wein-werte.com\/de\/shop\/?swoof=1&#038;pa_producer=Brizio\">Brizio<\/a> <a href=\"https:\/\/wein-werte.com\/de\/shop\/?swoof=1&#038;woof_text=Brunello di Montalcino DOCG Riserva\">Brunello di Montalcino DOCG Riserva<\/a> 2016 bio <a href=\"https:\/\/wein-werte.com\/de\/shop\/?swoof=1&#038;pa_region=Toskana\">Toskana<\/a> <a href=\"https:\/\/wein-werte.com\/de\/shop\/?swoof=1&#038;pa_country=Italien\">Italien<\/a><\/p>\n<p>Internetseite des Weinguts: <a href=\"https:\/\/poderebrizio.it\/en\/\" target=\"_blank\">https:\/\/poderebrizio.it\/en\/<\/a><\/p>\n","protected":false},"excerpt":{"rendered":"<div style=\"font-size: 14px;\">\n<p>Lieferzeit: 1 bis 2 Arbeitstage (DE), 2 bis 5 Arbeitstage (EU und CH)<\/p>\n<p>Ungef\u00e4hrer Energiegehalt pro 125-ml-Glas: 110 kcal<\/p>\n<\/p><\/div>\n","protected":false},"featured_media":1140862,"template":"","meta":[],"product_brand":[],"product_cat":[19],"product_tag":[],"class_list":{"0":"post-1129470","1":"product","2":"type-product","3":"status-publish","4":"has-post-thumbnail","6":"product_cat-unkategorisiert","7":"pa_alcohol-for-filter-12892","8":"pa_certified-biodynamic-nein-de","9":"pa_certified-organic-ja-de","10":"pa_colour-rot","11":"pa_country-italien","12":"pa_grape-sangiovese","13":"pa_price-for-filter-10622","14":"pa_producer-brizio","15":"pa_region-toskana","16":"pa_size-ml-6584","17":"pa_sweetness-trocken-de","18":"pa_type-2-still-de","19":"pa_vintage-2016-de","20":"entry","21":"has-media","23":"first","24":"instock","25":"taxable","26":"shipping-taxable","27":"purchasable","28":"product-type-simple"},"yoast_head":"<!-- This site is optimized with the Yoast SEO plugin v27.6 - https:\/\/yoast.com\/product\/yoast-seo-wordpress\/ -->\n<title>Brizio Brunello di Montalcino Riserva 2016<\/title>\n<meta name=\"description\" content=\"Kaufe Brizio Brunello di Montalcino Riserva 2016 (Sangiovese, trocken aus Toskana, Italien) bei Wein Werte, Ihrem nachhaltigen Onlineshop.\" \/>\n<meta name=\"robots\" content=\"index, follow, max-snippet:-1, max-image-preview:large, max-video-preview:-1\" \/>\n<link rel=\"canonical\" href=\"https:\/\/wein-werte.com\/de\/produkt\/brizio-brunello-di-montalcino-riserva-2016-750ml\/\" \/>\n<meta property=\"og:locale\" content=\"de_DE\" \/>\n<meta property=\"og:type\" content=\"article\" \/>\n<meta property=\"og:title\" content=\"Brizio Brunello di Montalcino Riserva 2016\" \/>\n<meta property=\"og:description\" content=\"Kaufe Brizio Brunello di Montalcino Riserva 2016 (Sangiovese, trocken aus Toskana, Italien) bei Wein Werte, Ihrem nachhaltigen Onlineshop.\" \/>\n<meta property=\"og:url\" content=\"https:\/\/wein-werte.com\/de\/produkt\/brizio-brunello-di-montalcino-riserva-2016-750ml\/\" \/>\n<meta property=\"og:site_name\" content=\"Wein Werte\" \/>\n<meta property=\"article:modified_time\" content=\"2026-05-12T17:55:22+00:00\" \/>\n<meta property=\"og:image\" content=\"https:\/\/wein-werte.com\/wp-content\/uploads\/2026\/04\/Brizio-Brunello-di-Montalcino-Riserva-2016-750ml.png\" \/>\n\t<meta property=\"og:image:width\" content=\"327\" \/>\n\t<meta property=\"og:image:height\" content=\"1200\" \/>\n\t<meta property=\"og:image:type\" content=\"image\/png\" \/>\n<meta name=\"twitter:card\" content=\"summary_large_image\" \/>\n<meta name=\"twitter:label1\" content=\"Gesch\u00e4tzte Lesezeit\" \/>\n\t<meta name=\"twitter:data1\" content=\"1\u00a0Minute\" \/>\n<script type=\"application\/ld+json\" class=\"yoast-schema-graph\">{\"@context\":\"https:\\\/\\\/schema.org\",\"@graph\":[{\"@type\":\"WebPage\",\"@id\":\"https:\\\/\\\/wein-werte.com\\\/de\\\/produkt\\\/brizio-brunello-di-montalcino-riserva-2016-750ml\\\/\",\"url\":\"https:\\\/\\\/wein-werte.com\\\/de\\\/produkt\\\/brizio-brunello-di-montalcino-riserva-2016-750ml\\\/\",\"name\":\"Brizio Brunello di Montalcino Riserva 2016\",\"isPartOf\":{\"@id\":\"https:\\\/\\\/wein-werte.com\\\/de\\\/#website\"},\"primaryImageOfPage\":{\"@id\":\"https:\\\/\\\/wein-werte.com\\\/de\\\/produkt\\\/brizio-brunello-di-montalcino-riserva-2016-750ml\\\/#primaryimage\"},\"image\":{\"@id\":\"https:\\\/\\\/wein-werte.com\\\/de\\\/produkt\\\/brizio-brunello-di-montalcino-riserva-2016-750ml\\\/#primaryimage\"},\"thumbnailUrl\":\"https:\\\/\\\/wein-werte.com\\\/wp-content\\\/uploads\\\/2026\\\/04\\\/Brizio-Brunello-di-Montalcino-Riserva-2016-750ml.png\",\"datePublished\":\"2026-05-12T13:44:01+00:00\",\"dateModified\":\"2026-05-12T17:55:22+00:00\",\"description\":\"Kaufe Brizio Brunello di Montalcino Riserva 2016 (Sangiovese, trocken aus Toskana, Italien) bei Wein Werte, Ihrem nachhaltigen Onlineshop.\",\"breadcrumb\":{\"@id\":\"https:\\\/\\\/wein-werte.com\\\/de\\\/produkt\\\/brizio-brunello-di-montalcino-riserva-2016-750ml\\\/#breadcrumb\"},\"inLanguage\":\"de\",\"potentialAction\":[{\"@type\":\"ReadAction\",\"target\":[\"https:\\\/\\\/wein-werte.com\\\/de\\\/produkt\\\/brizio-brunello-di-montalcino-riserva-2016-750ml\\\/\"]}]},{\"@type\":\"ImageObject\",\"inLanguage\":\"de\",\"@id\":\"https:\\\/\\\/wein-werte.com\\\/de\\\/produkt\\\/brizio-brunello-di-montalcino-riserva-2016-750ml\\\/#primaryimage\",\"url\":\"https:\\\/\\\/wein-werte.com\\\/wp-content\\\/uploads\\\/2026\\\/04\\\/Brizio-Brunello-di-Montalcino-Riserva-2016-750ml.png\",\"contentUrl\":\"https:\\\/\\\/wein-werte.com\\\/wp-content\\\/uploads\\\/2026\\\/04\\\/Brizio-Brunello-di-Montalcino-Riserva-2016-750ml.png\",\"width\":327,\"height\":1200,\"caption\":\"Brizio Brunello di Montalcino DOCG Riserva 2016 750ml\"},{\"@type\":\"BreadcrumbList\",\"@id\":\"https:\\\/\\\/wein-werte.com\\\/de\\\/produkt\\\/brizio-brunello-di-montalcino-riserva-2016-750ml\\\/#breadcrumb\",\"itemListElement\":[{\"@type\":\"ListItem\",\"position\":1,\"name\":\"Home\",\"item\":\"https:\\\/\\\/wein-werte.com\\\/de\\\/\"},{\"@type\":\"ListItem\",\"position\":2,\"name\":\"Shop\",\"item\":\"https:\\\/\\\/wein-werte.com\\\/de\\\/shop\\\/\"},{\"@type\":\"ListItem\",\"position\":3,\"name\":\"Brizio | Toskana | Brunello di Montalcino DOCG Riserva | 2016 | 750ml | bio\"}]},{\"@type\":\"WebSite\",\"@id\":\"https:\\\/\\\/wein-werte.com\\\/de\\\/#website\",\"url\":\"https:\\\/\\\/wein-werte.com\\\/de\\\/\",\"name\":\"Wein Werte\",\"description\":\"\",\"publisher\":{\"@id\":\"https:\\\/\\\/wein-werte.com\\\/de\\\/#organization\"},\"potentialAction\":[{\"@type\":\"SearchAction\",\"target\":{\"@type\":\"EntryPoint\",\"urlTemplate\":\"https:\\\/\\\/wein-werte.com\\\/de\\\/?s={search_term_string}\"},\"query-input\":{\"@type\":\"PropertyValueSpecification\",\"valueRequired\":true,\"valueName\":\"search_term_string\"}}],\"inLanguage\":\"de\"},{\"@type\":\"Organization\",\"@id\":\"https:\\\/\\\/wein-werte.com\\\/de\\\/#organization\",\"name\":\"Vins Fins Thorrold\",\"url\":\"https:\\\/\\\/wein-werte.com\\\/de\\\/\",\"logo\":{\"@type\":\"ImageObject\",\"inLanguage\":\"de\",\"@id\":\"https:\\\/\\\/wein-werte.com\\\/de\\\/#\\\/schema\\\/logo\\\/image\\\/\",\"url\":\"https:\\\/\\\/wein-werte.com\\\/wp-content\\\/uploads\\\/2023\\\/07\\\/Wein_werte_Logo700-1.png\",\"contentUrl\":\"https:\\\/\\\/wein-werte.com\\\/wp-content\\\/uploads\\\/2023\\\/07\\\/Wein_werte_Logo700-1.png\",\"width\":700,\"height\":272,\"caption\":\"Vins Fins Thorrold\"},\"image\":{\"@id\":\"https:\\\/\\\/wein-werte.com\\\/de\\\/#\\\/schema\\\/logo\\\/image\\\/\"}}]}<\/script>\n<!-- \/ Yoast SEO plugin. -->","yoast_head_json":{"title":"Brizio Brunello di Montalcino Riserva 2016","description":"Kaufe Brizio Brunello di Montalcino Riserva 2016 (Sangiovese, trocken aus Toskana, Italien) bei Wein Werte, Ihrem nachhaltigen Onlineshop.","robots":{"index":"index","follow":"follow","max-snippet":"max-snippet:-1","max-image-preview":"max-image-preview:large","max-video-preview":"max-video-preview:-1"},"canonical":"https:\/\/wein-werte.com\/de\/produkt\/brizio-brunello-di-montalcino-riserva-2016-750ml\/","og_locale":"de_DE","og_type":"article","og_title":"Brizio Brunello di Montalcino Riserva 2016","og_description":"Kaufe Brizio Brunello di Montalcino Riserva 2016 (Sangiovese, trocken aus Toskana, Italien) bei Wein Werte, Ihrem nachhaltigen Onlineshop.","og_url":"https:\/\/wein-werte.com\/de\/produkt\/brizio-brunello-di-montalcino-riserva-2016-750ml\/","og_site_name":"Wein Werte","article_modified_time":"2026-05-12T17:55:22+00:00","og_image":[{"width":327,"height":1200,"url":"https:\/\/wein-werte.com\/wp-content\/uploads\/2026\/04\/Brizio-Brunello-di-Montalcino-Riserva-2016-750ml.png","type":"image\/png"}],"twitter_card":"summary_large_image","twitter_misc":{"Gesch\u00e4tzte Lesezeit":"1\u00a0Minute"},"schema":{"@context":"https:\/\/schema.org","@graph":[{"@type":"WebPage","@id":"https:\/\/wein-werte.com\/de\/produkt\/brizio-brunello-di-montalcino-riserva-2016-750ml\/","url":"https:\/\/wein-werte.com\/de\/produkt\/brizio-brunello-di-montalcino-riserva-2016-750ml\/","name":"Brizio Brunello di Montalcino Riserva 2016","isPartOf":{"@id":"https:\/\/wein-werte.com\/de\/#website"},"primaryImageOfPage":{"@id":"https:\/\/wein-werte.com\/de\/produkt\/brizio-brunello-di-montalcino-riserva-2016-750ml\/#primaryimage"},"image":{"@id":"https:\/\/wein-werte.com\/de\/produkt\/brizio-brunello-di-montalcino-riserva-2016-750ml\/#primaryimage"},"thumbnailUrl":"https:\/\/wein-werte.com\/wp-content\/uploads\/2026\/04\/Brizio-Brunello-di-Montalcino-Riserva-2016-750ml.png","datePublished":"2026-05-12T13:44:01+00:00","dateModified":"2026-05-12T17:55:22+00:00","description":"Kaufe Brizio Brunello di Montalcino Riserva 2016 (Sangiovese, trocken aus Toskana, Italien) bei Wein Werte, Ihrem nachhaltigen Onlineshop.","breadcrumb":{"@id":"https:\/\/wein-werte.com\/de\/produkt\/brizio-brunello-di-montalcino-riserva-2016-750ml\/#breadcrumb"},"inLanguage":"de","potentialAction":[{"@type":"ReadAction","target":["https:\/\/wein-werte.com\/de\/produkt\/brizio-brunello-di-montalcino-riserva-2016-750ml\/"]}]},{"@type":"ImageObject","inLanguage":"de","@id":"https:\/\/wein-werte.com\/de\/produkt\/brizio-brunello-di-montalcino-riserva-2016-750ml\/#primaryimage","url":"https:\/\/wein-werte.com\/wp-content\/uploads\/2026\/04\/Brizio-Brunello-di-Montalcino-Riserva-2016-750ml.png","contentUrl":"https:\/\/wein-werte.com\/wp-content\/uploads\/2026\/04\/Brizio-Brunello-di-Montalcino-Riserva-2016-750ml.png","width":327,"height":1200,"caption":"Brizio Brunello di Montalcino DOCG Riserva 2016 750ml"},{"@type":"BreadcrumbList","@id":"https:\/\/wein-werte.com\/de\/produkt\/brizio-brunello-di-montalcino-riserva-2016-750ml\/#breadcrumb","itemListElement":[{"@type":"ListItem","position":1,"name":"Home","item":"https:\/\/wein-werte.com\/de\/"},{"@type":"ListItem","position":2,"name":"Shop","item":"https:\/\/wein-werte.com\/de\/shop\/"},{"@type":"ListItem","position":3,"name":"Brizio | Toskana | Brunello di Montalcino DOCG Riserva | 2016 | 750ml | bio"}]},{"@type":"WebSite","@id":"https:\/\/wein-werte.com\/de\/#website","url":"https:\/\/wein-werte.com\/de\/","name":"Wein Werte","description":"","publisher":{"@id":"https:\/\/wein-werte.com\/de\/#organization"},"potentialAction":[{"@type":"SearchAction","target":{"@type":"EntryPoint","urlTemplate":"https:\/\/wein-werte.com\/de\/?s={search_term_string}"},"query-input":{"@type":"PropertyValueSpecification","valueRequired":true,"valueName":"search_term_string"}}],"inLanguage":"de"},{"@type":"Organization","@id":"https:\/\/wein-werte.com\/de\/#organization","name":"Vins Fins Thorrold","url":"https:\/\/wein-werte.com\/de\/","logo":{"@type":"ImageObject","inLanguage":"de","@id":"https:\/\/wein-werte.com\/de\/#\/schema\/logo\/image\/","url":"https:\/\/wein-werte.com\/wp-content\/uploads\/2023\/07\/Wein_werte_Logo700-1.png","contentUrl":"https:\/\/wein-werte.com\/wp-content\/uploads\/2023\/07\/Wein_werte_Logo700-1.png","width":700,"height":272,"caption":"Vins Fins Thorrold"},"image":{"@id":"https:\/\/wein-werte.com\/de\/#\/schema\/logo\/image\/"}}]}},"_links":{"self":[{"href":"https:\/\/wein-werte.com\/de\/wp-json\/wp\/v2\/product\/1129470","targetHints":{"allow":["GET"]}}],"collection":[{"href":"https:\/\/wein-werte.com\/de\/wp-json\/wp\/v2\/product"}],"about":[{"href":"https:\/\/wein-werte.com\/de\/wp-json\/wp\/v2\/types\/product"}],"wp:featuredmedia":[{"embeddable":true,"href":"https:\/\/wein-werte.com\/de\/wp-json\/wp\/v2\/media\/1140862"}],"wp:attachment":[{"href":"https:\/\/wein-werte.com\/de\/wp-json\/wp\/v2\/media?parent=1129470"}],"wp:term":[{"taxonomy":"product_brand","embeddable":true,"href":"https:\/\/wein-werte.com\/de\/wp-json\/wp\/v2\/product_brand?post=1129470"},{"taxonomy":"product_cat","embeddable":true,"href":"https:\/\/wein-werte.com\/de\/wp-json\/wp\/v2\/product_cat?post=1129470"},{"taxonomy":"product_tag","embeddable":true,"href":"https:\/\/wein-werte.com\/de\/wp-json\/wp\/v2\/product_tag?post=1129470"}],"curies":[{"name":"wp","href":"https:\/\/api.w.org\/{rel}","templated":true}]}}