{"id":1129346,"date":"2026-05-08T20:00:42","date_gmt":"2026-05-08T18:00:42","guid":{"rendered":"https:\/\/wein-werte.com\/product\/foradori-morei-teroldego-2020-1500ml\/"},"modified":"2026-04-27T11:44:08","modified_gmt":"2026-04-27T09:44:08","slug":"foradori-morei-teroldego-2020-1500ml","status":"publish","type":"product","link":"https:\/\/wein-werte.com\/de\/produkt\/foradori-morei-teroldego-2020-1500ml\/","title":{"rendered":"Foradori | Trentin | Morei Teroldego Vigneti delle Dolomiti IGT | 2020 | 1500ml | bio"},"content":{"rendered":"<p>Produktbeschreibung f\u00fcr Foradori Morei Teroldego Vigneti delle Dolomiti IGT 2020 (bio)<\/p>\n<p> Der Campo Rotaliano ist ein abgegrenztes geografisches Gebiet und liegt wie eine Einbuchtung des Etschtals eingezw\u00e4ngt zwischen den Bergen. Seine Entstehung ist untrennbar mit dem Fluss Noce verbunden, der seit Jahrhunderten Kalkstein-, Granit- und Porphyr-Schutt mit sich f\u00fchrt. Innerhalb des Campo Rotaliano lassen sich verschiedene Mikrozonen nach ihren Bodenbeschaffenheit unterscheiden, die von den Winzern unterschiedlich benannt wurden. Die Vigneto Morei ist 2,5 Hektar gro\u00df, zu 100% mit Teroldego Rotaliano bestockt und liegt auf den kieseligen und sandigen Schwemmlandb\u00f6den des Flusses Noce. Der Name Morei geht zur\u00fcck auf den Trentiner Dialekt und bedeutet \u201emoro\u201c oder \u201edunkel\u201c und bezieht sich auf die tiefe Farbnuancierung dieses Weines. Die Trauben daf\u00fcr wurden in Amphoren (Tinajas aus Villarrobledo, Spanien) vergoren und kl\u00e4ren sich \u00fcber die achtmonatige Reifung auf den Schalen. Die Produktion betr\u00e4gt durchschnittlich 12.000 Flaschen. <\/p>\n<h5>Farbe<\/h5>\n<p> Purpurrot mit schwarzem Kern und violetten Reflexen. <\/p>\n<h5>Nase<\/h5>\n<p> Malven und Maulbeeren, Veilchen und Blaubeeren sowie ein Riegel dunkler Bitterschokolade skizzieren die Nase des 2020 Morei von Elisabetta Foradori. Dunkelfruchtig und kraftvoll ist der Morei stets der kr\u00e4ftigere Typ der beiden Lagen-Teroldegos und pr\u00e4sentiert sich in der Nase entsprechend ausladend mit der typisch floralen Kopfnote <\/p>\n<h5>Mund<\/h5>\n<p> Mit gro\u00dfz\u00fcgiger Frucht und offenherzigem Naturell pr\u00e4sentiert er sich im Antrunk saftig und ausgesprochen zug\u00e4nglich, auch wenn er von einigen Jahren Flaschenreife profitieren w\u00fcrde. Die dunkle Frucht ist eingefasst von grippigem Gerbstoff, der engmaschig und dicht am Gaumen wirkt wie feinstes Schmirgelpapier. Die reife S\u00e4ure verleiht ihm seine rasante Trinkgeschwindigkeit, Noten nach Bitterschokolade schm\u00fccken den fruchtig langen Nachhall.<\/p>\n<p>Copyright Vinaturel 2025<\/p>\n<p>Keywords: <a href=\"https:\/\/wein-werte.com\/de\/shop\/?swoof=1&#038;pa_producer=Foradori\">Foradori<\/a> <a href=\"https:\/\/wein-werte.com\/de\/shop\/?swoof=1&#038;woof_text=Morei Teroldego Vigneti delle Dolomiti IGT\">Morei Teroldego Vigneti delle Dolomiti IGT<\/a> 2020 bio <a href=\"https:\/\/wein-werte.com\/de\/shop\/?swoof=1&#038;pa_region=Trentin\">Trentin<\/a> <a href=\"https:\/\/wein-werte.com\/de\/shop\/?swoof=1&#038;pa_country=Italien\">Italien<\/a><\/p>\n<h3>Vinous<\/h3>\n<p>Punkte: 94<\/p>\n<p>Der Teroldego Morei 2020 ist dunkel und in sich gekehrt und entfaltet sich im Glas langsam mit Aromen von schwarzen Kirschen, balsamischen Kr\u00e4utern, einem Hauch von Zimt und Nelken. Er ist rund im Geschmack, aber mit einem Nachhall von pikanter S\u00e4ure und w\u00fcrziger Note. Tiefe Aromen von dunkelroten Fr\u00fcchten und Mineralien entfalten sich, begleitet von einer Schicht s\u00fc\u00dfen Tannins. Wow, das Ergebnis ist wirklich beeindruckend, mit einem kantigen und fast z\u00e4hneklappernden Finale. Der 2020er ist ein sehr spannender Jahrgang f\u00fcr Morei; ein Schub warmer Vintage-Fr\u00fcchte verleiht seinem sonst eher in sich gekehrten und strukturierten Charakter Tiefe. Genie\u00dfen Sie jetzt eine Flasche, aber lassen Sie den Rest einige Jahre im Keller reifen. \u2013 Eric Guido<br \/>Trinkzeitraum: 2024\u20132032<br \/>Bewertungsdatum: Juni 2022<\/p>\n<p>Internetseite des Weinguts: <a href=\"https:\/\/www.agricolaforadori.com\/en\/\" target=\"_blank\">https:\/\/www.agricolaforadori.com\/en\/<\/a><\/p>\n","protected":false},"excerpt":{"rendered":"<p>Lieferzeit: 1 bis 2 Arbeitstage (DE), 2 bis 5 Arbeitstage (EU and CH)<\/p>\n","protected":false},"featured_media":1140766,"template":"","meta":[],"product_brand":[],"product_cat":[19],"product_tag":[],"class_list":{"0":"post-1129346","1":"product","2":"type-product","3":"status-publish","4":"has-post-thumbnail","6":"product_cat-unkategorisiert","7":"pa_alcohol-for-filter-12897","8":"pa_certified-biodynamic-nein-de","9":"pa_certified-organic-ja-de","10":"pa_colour-rot","11":"pa_country-italien","12":"pa_grape-teroldego","13":"pa_price-for-filter-10625","14":"pa_producer-foradori","15":"pa_region-trentin","16":"pa_size-ml-6657","17":"pa_sweetness-trocken-de","18":"pa_type-2-still-de","19":"pa_vinous-points-for-filter-20033","20":"pa_vintage-2020-de","21":"entry","22":"has-media","24":"first","25":"instock","26":"taxable","27":"shipping-taxable","28":"purchasable","29":"product-type-simple"},"yoast_head":"<!-- This site is optimized with the Yoast SEO plugin v27.5 - https:\/\/yoast.com\/product\/yoast-seo-wordpress\/ -->\n<title>Foradori Morei Teroldego 2020, 1500ml<\/title>\n<meta name=\"description\" content=\"Kaufe Foradori Morei Teroldego 2020 (Teroldego, trocken aus Trentin, Italien) bei Wein Werte, Ihrem nachhaltigen Onlineshop.\" \/>\n<meta name=\"robots\" content=\"index, follow, max-snippet:-1, max-image-preview:large, max-video-preview:-1\" \/>\n<link rel=\"canonical\" href=\"https:\/\/wein-werte.com\/de\/produkt\/foradori-morei-teroldego-2020-1500ml\/\" \/>\n<meta property=\"og:locale\" content=\"de_DE\" \/>\n<meta property=\"og:type\" content=\"article\" \/>\n<meta property=\"og:title\" content=\"Foradori Morei Teroldego 2020, 1500ml\" \/>\n<meta property=\"og:description\" content=\"Kaufe Foradori Morei Teroldego 2020 (Teroldego, trocken aus Trentin, Italien) bei Wein Werte, Ihrem nachhaltigen Onlineshop.\" \/>\n<meta property=\"og:url\" content=\"https:\/\/wein-werte.com\/de\/produkt\/foradori-morei-teroldego-2020-1500ml\/\" \/>\n<meta property=\"og:site_name\" content=\"Wein Werte\" \/>\n<meta property=\"og:image\" content=\"https:\/\/wein-werte.com\/wp-content\/uploads\/2026\/04\/Foradori-Morei-Teroldego-2020-1500ml.png\" \/>\n\t<meta property=\"og:image:width\" content=\"346\" \/>\n\t<meta property=\"og:image:height\" content=\"1200\" \/>\n\t<meta property=\"og:image:type\" content=\"image\/png\" \/>\n<meta name=\"twitter:card\" content=\"summary_large_image\" \/>\n<meta name=\"twitter:label1\" content=\"Gesch\u00e4tzte Lesezeit\" \/>\n\t<meta name=\"twitter:data1\" content=\"2\u00a0Minuten\" \/>\n<script type=\"application\/ld+json\" class=\"yoast-schema-graph\">{\"@context\":\"https:\\\/\\\/schema.org\",\"@graph\":[{\"@type\":\"WebPage\",\"@id\":\"https:\\\/\\\/wein-werte.com\\\/de\\\/produkt\\\/foradori-morei-teroldego-2020-1500ml\\\/\",\"url\":\"https:\\\/\\\/wein-werte.com\\\/de\\\/produkt\\\/foradori-morei-teroldego-2020-1500ml\\\/\",\"name\":\"Foradori Morei Teroldego 2020, 1500ml\",\"isPartOf\":{\"@id\":\"https:\\\/\\\/wein-werte.com\\\/de\\\/#website\"},\"primaryImageOfPage\":{\"@id\":\"https:\\\/\\\/wein-werte.com\\\/de\\\/produkt\\\/foradori-morei-teroldego-2020-1500ml\\\/#primaryimage\"},\"image\":{\"@id\":\"https:\\\/\\\/wein-werte.com\\\/de\\\/produkt\\\/foradori-morei-teroldego-2020-1500ml\\\/#primaryimage\"},\"thumbnailUrl\":\"https:\\\/\\\/wein-werte.com\\\/wp-content\\\/uploads\\\/2026\\\/04\\\/Foradori-Morei-Teroldego-2020-1500ml.png\",\"datePublished\":\"2026-05-08T18:00:42+00:00\",\"description\":\"Kaufe Foradori Morei Teroldego 2020 (Teroldego, trocken aus Trentin, Italien) bei Wein Werte, Ihrem nachhaltigen Onlineshop.\",\"breadcrumb\":{\"@id\":\"https:\\\/\\\/wein-werte.com\\\/de\\\/produkt\\\/foradori-morei-teroldego-2020-1500ml\\\/#breadcrumb\"},\"inLanguage\":\"de\",\"potentialAction\":[{\"@type\":\"ReadAction\",\"target\":[\"https:\\\/\\\/wein-werte.com\\\/de\\\/produkt\\\/foradori-morei-teroldego-2020-1500ml\\\/\"]}]},{\"@type\":\"ImageObject\",\"inLanguage\":\"de\",\"@id\":\"https:\\\/\\\/wein-werte.com\\\/de\\\/produkt\\\/foradori-morei-teroldego-2020-1500ml\\\/#primaryimage\",\"url\":\"https:\\\/\\\/wein-werte.com\\\/wp-content\\\/uploads\\\/2026\\\/04\\\/Foradori-Morei-Teroldego-2020-1500ml.png\",\"contentUrl\":\"https:\\\/\\\/wein-werte.com\\\/wp-content\\\/uploads\\\/2026\\\/04\\\/Foradori-Morei-Teroldego-2020-1500ml.png\",\"width\":346,\"height\":1200,\"caption\":\"Foradori Morei Teroldego Vigneti delle Dolomiti IGT 2020 1500ml\"},{\"@type\":\"BreadcrumbList\",\"@id\":\"https:\\\/\\\/wein-werte.com\\\/de\\\/produkt\\\/foradori-morei-teroldego-2020-1500ml\\\/#breadcrumb\",\"itemListElement\":[{\"@type\":\"ListItem\",\"position\":1,\"name\":\"Home\",\"item\":\"https:\\\/\\\/wein-werte.com\\\/de\\\/\"},{\"@type\":\"ListItem\",\"position\":2,\"name\":\"Shop\",\"item\":\"https:\\\/\\\/wein-werte.com\\\/de\\\/shop\\\/\"},{\"@type\":\"ListItem\",\"position\":3,\"name\":\"Foradori | Trentin | Morei Teroldego Vigneti delle Dolomiti IGT | 2020 | 1500ml | bio\"}]},{\"@type\":\"WebSite\",\"@id\":\"https:\\\/\\\/wein-werte.com\\\/de\\\/#website\",\"url\":\"https:\\\/\\\/wein-werte.com\\\/de\\\/\",\"name\":\"Wein Werte\",\"description\":\"\",\"publisher\":{\"@id\":\"https:\\\/\\\/wein-werte.com\\\/de\\\/#organization\"},\"potentialAction\":[{\"@type\":\"SearchAction\",\"target\":{\"@type\":\"EntryPoint\",\"urlTemplate\":\"https:\\\/\\\/wein-werte.com\\\/de\\\/?s={search_term_string}\"},\"query-input\":{\"@type\":\"PropertyValueSpecification\",\"valueRequired\":true,\"valueName\":\"search_term_string\"}}],\"inLanguage\":\"de\"},{\"@type\":\"Organization\",\"@id\":\"https:\\\/\\\/wein-werte.com\\\/de\\\/#organization\",\"name\":\"Vins Fins Thorrold\",\"url\":\"https:\\\/\\\/wein-werte.com\\\/de\\\/\",\"logo\":{\"@type\":\"ImageObject\",\"inLanguage\":\"de\",\"@id\":\"https:\\\/\\\/wein-werte.com\\\/de\\\/#\\\/schema\\\/logo\\\/image\\\/\",\"url\":\"https:\\\/\\\/wein-werte.com\\\/wp-content\\\/uploads\\\/2023\\\/07\\\/Wein_werte_Logo700-1.png\",\"contentUrl\":\"https:\\\/\\\/wein-werte.com\\\/wp-content\\\/uploads\\\/2023\\\/07\\\/Wein_werte_Logo700-1.png\",\"width\":700,\"height\":272,\"caption\":\"Vins Fins Thorrold\"},\"image\":{\"@id\":\"https:\\\/\\\/wein-werte.com\\\/de\\\/#\\\/schema\\\/logo\\\/image\\\/\"}}]}<\/script>\n<!-- \/ Yoast SEO plugin. -->","yoast_head_json":{"title":"Foradori Morei Teroldego 2020, 1500ml","description":"Kaufe Foradori Morei Teroldego 2020 (Teroldego, trocken aus Trentin, Italien) bei Wein Werte, Ihrem nachhaltigen Onlineshop.","robots":{"index":"index","follow":"follow","max-snippet":"max-snippet:-1","max-image-preview":"max-image-preview:large","max-video-preview":"max-video-preview:-1"},"canonical":"https:\/\/wein-werte.com\/de\/produkt\/foradori-morei-teroldego-2020-1500ml\/","og_locale":"de_DE","og_type":"article","og_title":"Foradori Morei Teroldego 2020, 1500ml","og_description":"Kaufe Foradori Morei Teroldego 2020 (Teroldego, trocken aus Trentin, Italien) bei Wein Werte, Ihrem nachhaltigen Onlineshop.","og_url":"https:\/\/wein-werte.com\/de\/produkt\/foradori-morei-teroldego-2020-1500ml\/","og_site_name":"Wein Werte","og_image":[{"width":346,"height":1200,"url":"https:\/\/wein-werte.com\/wp-content\/uploads\/2026\/04\/Foradori-Morei-Teroldego-2020-1500ml.png","type":"image\/png"}],"twitter_card":"summary_large_image","twitter_misc":{"Gesch\u00e4tzte Lesezeit":"2\u00a0Minuten"},"schema":{"@context":"https:\/\/schema.org","@graph":[{"@type":"WebPage","@id":"https:\/\/wein-werte.com\/de\/produkt\/foradori-morei-teroldego-2020-1500ml\/","url":"https:\/\/wein-werte.com\/de\/produkt\/foradori-morei-teroldego-2020-1500ml\/","name":"Foradori Morei Teroldego 2020, 1500ml","isPartOf":{"@id":"https:\/\/wein-werte.com\/de\/#website"},"primaryImageOfPage":{"@id":"https:\/\/wein-werte.com\/de\/produkt\/foradori-morei-teroldego-2020-1500ml\/#primaryimage"},"image":{"@id":"https:\/\/wein-werte.com\/de\/produkt\/foradori-morei-teroldego-2020-1500ml\/#primaryimage"},"thumbnailUrl":"https:\/\/wein-werte.com\/wp-content\/uploads\/2026\/04\/Foradori-Morei-Teroldego-2020-1500ml.png","datePublished":"2026-05-08T18:00:42+00:00","description":"Kaufe Foradori Morei Teroldego 2020 (Teroldego, trocken aus Trentin, Italien) bei Wein Werte, Ihrem nachhaltigen Onlineshop.","breadcrumb":{"@id":"https:\/\/wein-werte.com\/de\/produkt\/foradori-morei-teroldego-2020-1500ml\/#breadcrumb"},"inLanguage":"de","potentialAction":[{"@type":"ReadAction","target":["https:\/\/wein-werte.com\/de\/produkt\/foradori-morei-teroldego-2020-1500ml\/"]}]},{"@type":"ImageObject","inLanguage":"de","@id":"https:\/\/wein-werte.com\/de\/produkt\/foradori-morei-teroldego-2020-1500ml\/#primaryimage","url":"https:\/\/wein-werte.com\/wp-content\/uploads\/2026\/04\/Foradori-Morei-Teroldego-2020-1500ml.png","contentUrl":"https:\/\/wein-werte.com\/wp-content\/uploads\/2026\/04\/Foradori-Morei-Teroldego-2020-1500ml.png","width":346,"height":1200,"caption":"Foradori Morei Teroldego Vigneti delle Dolomiti IGT 2020 1500ml"},{"@type":"BreadcrumbList","@id":"https:\/\/wein-werte.com\/de\/produkt\/foradori-morei-teroldego-2020-1500ml\/#breadcrumb","itemListElement":[{"@type":"ListItem","position":1,"name":"Home","item":"https:\/\/wein-werte.com\/de\/"},{"@type":"ListItem","position":2,"name":"Shop","item":"https:\/\/wein-werte.com\/de\/shop\/"},{"@type":"ListItem","position":3,"name":"Foradori | Trentin | Morei Teroldego Vigneti delle Dolomiti IGT | 2020 | 1500ml | bio"}]},{"@type":"WebSite","@id":"https:\/\/wein-werte.com\/de\/#website","url":"https:\/\/wein-werte.com\/de\/","name":"Wein Werte","description":"","publisher":{"@id":"https:\/\/wein-werte.com\/de\/#organization"},"potentialAction":[{"@type":"SearchAction","target":{"@type":"EntryPoint","urlTemplate":"https:\/\/wein-werte.com\/de\/?s={search_term_string}"},"query-input":{"@type":"PropertyValueSpecification","valueRequired":true,"valueName":"search_term_string"}}],"inLanguage":"de"},{"@type":"Organization","@id":"https:\/\/wein-werte.com\/de\/#organization","name":"Vins Fins Thorrold","url":"https:\/\/wein-werte.com\/de\/","logo":{"@type":"ImageObject","inLanguage":"de","@id":"https:\/\/wein-werte.com\/de\/#\/schema\/logo\/image\/","url":"https:\/\/wein-werte.com\/wp-content\/uploads\/2023\/07\/Wein_werte_Logo700-1.png","contentUrl":"https:\/\/wein-werte.com\/wp-content\/uploads\/2023\/07\/Wein_werte_Logo700-1.png","width":700,"height":272,"caption":"Vins Fins Thorrold"},"image":{"@id":"https:\/\/wein-werte.com\/de\/#\/schema\/logo\/image\/"}}]}},"_links":{"self":[{"href":"https:\/\/wein-werte.com\/de\/wp-json\/wp\/v2\/product\/1129346","targetHints":{"allow":["GET"]}}],"collection":[{"href":"https:\/\/wein-werte.com\/de\/wp-json\/wp\/v2\/product"}],"about":[{"href":"https:\/\/wein-werte.com\/de\/wp-json\/wp\/v2\/types\/product"}],"wp:featuredmedia":[{"embeddable":true,"href":"https:\/\/wein-werte.com\/de\/wp-json\/wp\/v2\/media\/1140766"}],"wp:attachment":[{"href":"https:\/\/wein-werte.com\/de\/wp-json\/wp\/v2\/media?parent=1129346"}],"wp:term":[{"taxonomy":"product_brand","embeddable":true,"href":"https:\/\/wein-werte.com\/de\/wp-json\/wp\/v2\/product_brand?post=1129346"},{"taxonomy":"product_cat","embeddable":true,"href":"https:\/\/wein-werte.com\/de\/wp-json\/wp\/v2\/product_cat?post=1129346"},{"taxonomy":"product_tag","embeddable":true,"href":"https:\/\/wein-werte.com\/de\/wp-json\/wp\/v2\/product_tag?post=1129346"}],"curies":[{"name":"wp","href":"https:\/\/api.w.org\/{rel}","templated":true}]}}