{"id":1129320,"date":"2026-05-08T20:00:41","date_gmt":"2026-05-08T18:00:41","guid":{"rendered":"https:\/\/wein-werte.com\/product\/foradori-morei-teroldego-2018-1500ml\/"},"modified":"2026-04-27T11:44:06","modified_gmt":"2026-04-27T09:44:06","slug":"foradori-morei-teroldego-2018-1500ml","status":"publish","type":"product","link":"https:\/\/wein-werte.com\/de\/produkt\/foradori-morei-teroldego-2018-1500ml\/","title":{"rendered":"Foradori | Trentin | Morei Teroldego Vigneti delle Dolomiti IGT | 2018 | 1500ml | bio"},"content":{"rendered":"<p>Produktbeschreibung f\u00fcr Foradori Morei Teroldego Vigneti delle Dolomiti IGT 2018 (bio) <\/p>\n<h5>Farbe<\/h5>\n<p> Dunkles Rubinrot mit violetten Reflexen. <\/p>\n<h5>Nase<\/h5>\n<p> Veilchen und Blaubeeren, Holunder, Malve und Maulbeeren weben das dunkelfruchtige Samtgewand des 2018 Morei Teroldego von Vigeti delle delle Dolomiti von Foradori. Mit Teroldego typischer floraler Kopfnote wirkt er in der Nase stets etwas opulenter, als er sich letztlich am Gaumen pr\u00e4sentiert. <\/p>\n<h5>Mund<\/h5>\n<p> Mit seidig feinem Tannin dass an feink\u00f6rnigstes Schmirgelpapier erinnert, ist der Morei am Gaumen erfrischend, animierend und klar. Die dunkle Frucht der Nase l\u00f6st sich auf in ein Erlebnis von transparenter Frucht, vibrierender S\u00e4ure und pulsierender Frische. Mit \u00e4therisch k\u00fchlem Nachhall fliesst er ins fruchtig klare Finale mit animierend herbem Nachhall. Ein quicker Trunk mit klarem Herkunftscharakter.<\/p>\n<p>Copyright Vinaturel 2025<\/p>\n<p>Keywords: <a href=\"https:\/\/wein-werte.com\/de\/shop\/?swoof=1&#038;pa_producer=Foradori\">Foradori<\/a> <a href=\"https:\/\/wein-werte.com\/de\/shop\/?swoof=1&#038;woof_text=Morei Teroldego Vigneti delle Dolomiti IGT\">Morei Teroldego Vigneti delle Dolomiti IGT<\/a> 2018 bio <a href=\"https:\/\/wein-werte.com\/de\/shop\/?swoof=1&#038;pa_region=Trentin\">Trentin<\/a> <a href=\"https:\/\/wein-werte.com\/de\/shop\/?swoof=1&#038;pa_country=Italien\">Italien<\/a><\/p>\n<h3>Wine Advocate<\/h3>\n<p>Punkte: 94<\/p>\n<p>Der Teroldego Morei 2018 (abgef\u00fcllt in einer wachsversiegelten Flasche) wird in Amphoren auf der Maische vergoren. Die Trauben stammen vom 2,5 Hektar gro\u00dfen Morei-Weinberg des Weinguts mit Schwemmlandb\u00f6den und viel Gestein. Er ist der Schwesterwein zu Foradoris anderem Einzellagenwein aus Sgarzon und bietet von beiden etwas mehr Kraft und Volumen. Er offenbart Aromen von dunklen Beeren und getrockneten Kirschen, und man schmeckt die Tannine der Schalen. Die dunklen Fr\u00fcchte weichen Noten von Lakritz, Blumenerde und getrockneten Rosen.<br \/>Monica Larner<\/p>\n<h3>Vinous<\/h3>\n<p>Punkte: 92<\/p>\n<p>Der Teroldego Morei 2018 von Foradori ist einfach umwerfend. Aromen von frischen Erdbeeren, Veilchen, Wildkr\u00e4utern, gew\u00fcrzten Orangenschalen und nassem Stein entfalten sich im Glas und ergeben ein fesselndes Schauspiel. Er ist weich, mit einer inneren S\u00fc\u00dfe, die einen perfekten Kontrast zu seiner kaskadierenden Mineralit\u00e4t und saftigen S\u00e4ure bildet. Ein herber Beigeschmack von s\u00e4uerlichen roten Beeren und floralen Noten h\u00e4lt lange an. Was f\u00fcr ein wundersch\u00f6ner Wein. Nachdem die Familie Foradori ihre Weinberge jahrelang biodynamisch bewirtschaftet hatte, beschloss sie, zwei Parzellen separat zu reifen und abzuf\u00fcllen, beide in Amphoren. Der Morei wirkt etwas sch\u00f6ner, gehaltvoller und salziger als sein Pendant, der Sgarzon. \u2013 Eric Guido<br \/>Trinkfenster: 2020\u20132026<br \/>Bewertungsdatum: November 2020<\/p>\n<p>Internetseite des Weinguts: <a href=\"https:\/\/www.agricolaforadori.com\/en\/\" target=\"_blank\">https:\/\/www.agricolaforadori.com\/en\/<\/a><\/p>\n","protected":false},"excerpt":{"rendered":"<p>Lieferzeit: 1 bis 2 Arbeitstage (DE), 2 bis 5 Arbeitstage (EU and CH)<\/p>\n","protected":false},"featured_media":1140748,"template":"","meta":[],"product_brand":[],"product_cat":[19],"product_tag":[],"class_list":{"0":"post-1129320","1":"product","2":"type-product","3":"status-publish","4":"has-post-thumbnail","6":"product_cat-unkategorisiert","7":"pa_alcohol-for-filter-12-5","8":"pa_certified-biodynamic-nein-de","9":"pa_certified-organic-ja-de","10":"pa_colour-rot","11":"pa_country-italien","12":"pa_grape-teroldego","13":"pa_parker-points-for-filter-94-de-2","14":"pa_price-for-filter-10625","15":"pa_producer-foradori","16":"pa_region-trentin","17":"pa_size-ml-6657","18":"pa_sweetness-trocken-de","19":"pa_type-2-still-de","20":"pa_vinous-points-for-filter-20029","21":"pa_vintage-2018-de","22":"entry","23":"has-media","25":"first","26":"instock","27":"taxable","28":"shipping-taxable","29":"purchasable","30":"product-type-simple"},"yoast_head":"<!-- This site is optimized with the Yoast SEO plugin v27.5 - https:\/\/yoast.com\/product\/yoast-seo-wordpress\/ -->\n<title>Foradori Morei Teroldego 2018, 1500ml<\/title>\n<meta name=\"description\" content=\"Kaufe Foradori Morei Teroldego 2018 (Teroldego, trocken aus Trentin, Italien) bei Wein Werte, Ihrem nachhaltigen Onlineshop.\" \/>\n<meta name=\"robots\" content=\"index, follow, max-snippet:-1, max-image-preview:large, max-video-preview:-1\" \/>\n<link rel=\"canonical\" href=\"https:\/\/wein-werte.com\/de\/produkt\/foradori-morei-teroldego-2018-1500ml\/\" \/>\n<meta property=\"og:locale\" content=\"de_DE\" \/>\n<meta property=\"og:type\" content=\"article\" \/>\n<meta property=\"og:title\" content=\"Foradori Morei Teroldego 2018, 1500ml\" \/>\n<meta property=\"og:description\" content=\"Kaufe Foradori Morei Teroldego 2018 (Teroldego, trocken aus Trentin, Italien) bei Wein Werte, Ihrem nachhaltigen Onlineshop.\" \/>\n<meta property=\"og:url\" content=\"https:\/\/wein-werte.com\/de\/produkt\/foradori-morei-teroldego-2018-1500ml\/\" \/>\n<meta property=\"og:site_name\" content=\"Wein Werte\" \/>\n<meta property=\"og:image\" content=\"https:\/\/wein-werte.com\/wp-content\/uploads\/2026\/04\/Foradori-Morei-Teroldego-2018-1500ml.png\" \/>\n\t<meta property=\"og:image:width\" content=\"347\" \/>\n\t<meta property=\"og:image:height\" content=\"1200\" \/>\n\t<meta property=\"og:image:type\" content=\"image\/png\" \/>\n<meta name=\"twitter:card\" content=\"summary_large_image\" \/>\n<meta name=\"twitter:label1\" content=\"Gesch\u00e4tzte Lesezeit\" \/>\n\t<meta name=\"twitter:data1\" content=\"2\u00a0Minuten\" \/>\n<script type=\"application\/ld+json\" class=\"yoast-schema-graph\">{\"@context\":\"https:\\\/\\\/schema.org\",\"@graph\":[{\"@type\":\"WebPage\",\"@id\":\"https:\\\/\\\/wein-werte.com\\\/de\\\/produkt\\\/foradori-morei-teroldego-2018-1500ml\\\/\",\"url\":\"https:\\\/\\\/wein-werte.com\\\/de\\\/produkt\\\/foradori-morei-teroldego-2018-1500ml\\\/\",\"name\":\"Foradori Morei Teroldego 2018, 1500ml\",\"isPartOf\":{\"@id\":\"https:\\\/\\\/wein-werte.com\\\/de\\\/#website\"},\"primaryImageOfPage\":{\"@id\":\"https:\\\/\\\/wein-werte.com\\\/de\\\/produkt\\\/foradori-morei-teroldego-2018-1500ml\\\/#primaryimage\"},\"image\":{\"@id\":\"https:\\\/\\\/wein-werte.com\\\/de\\\/produkt\\\/foradori-morei-teroldego-2018-1500ml\\\/#primaryimage\"},\"thumbnailUrl\":\"https:\\\/\\\/wein-werte.com\\\/wp-content\\\/uploads\\\/2026\\\/04\\\/Foradori-Morei-Teroldego-2018-1500ml.png\",\"datePublished\":\"2026-05-08T18:00:41+00:00\",\"description\":\"Kaufe Foradori Morei Teroldego 2018 (Teroldego, trocken aus Trentin, Italien) bei Wein Werte, Ihrem nachhaltigen Onlineshop.\",\"breadcrumb\":{\"@id\":\"https:\\\/\\\/wein-werte.com\\\/de\\\/produkt\\\/foradori-morei-teroldego-2018-1500ml\\\/#breadcrumb\"},\"inLanguage\":\"de\",\"potentialAction\":[{\"@type\":\"ReadAction\",\"target\":[\"https:\\\/\\\/wein-werte.com\\\/de\\\/produkt\\\/foradori-morei-teroldego-2018-1500ml\\\/\"]}]},{\"@type\":\"ImageObject\",\"inLanguage\":\"de\",\"@id\":\"https:\\\/\\\/wein-werte.com\\\/de\\\/produkt\\\/foradori-morei-teroldego-2018-1500ml\\\/#primaryimage\",\"url\":\"https:\\\/\\\/wein-werte.com\\\/wp-content\\\/uploads\\\/2026\\\/04\\\/Foradori-Morei-Teroldego-2018-1500ml.png\",\"contentUrl\":\"https:\\\/\\\/wein-werte.com\\\/wp-content\\\/uploads\\\/2026\\\/04\\\/Foradori-Morei-Teroldego-2018-1500ml.png\",\"width\":347,\"height\":1200,\"caption\":\"Foradori Morei Teroldego Vigneti delle Dolomiti IGT 2018 1500ml\"},{\"@type\":\"BreadcrumbList\",\"@id\":\"https:\\\/\\\/wein-werte.com\\\/de\\\/produkt\\\/foradori-morei-teroldego-2018-1500ml\\\/#breadcrumb\",\"itemListElement\":[{\"@type\":\"ListItem\",\"position\":1,\"name\":\"Home\",\"item\":\"https:\\\/\\\/wein-werte.com\\\/de\\\/\"},{\"@type\":\"ListItem\",\"position\":2,\"name\":\"Shop\",\"item\":\"https:\\\/\\\/wein-werte.com\\\/de\\\/shop\\\/\"},{\"@type\":\"ListItem\",\"position\":3,\"name\":\"Foradori | Trentin | Morei Teroldego Vigneti delle Dolomiti IGT | 2018 | 1500ml | bio\"}]},{\"@type\":\"WebSite\",\"@id\":\"https:\\\/\\\/wein-werte.com\\\/de\\\/#website\",\"url\":\"https:\\\/\\\/wein-werte.com\\\/de\\\/\",\"name\":\"Wein Werte\",\"description\":\"\",\"publisher\":{\"@id\":\"https:\\\/\\\/wein-werte.com\\\/de\\\/#organization\"},\"potentialAction\":[{\"@type\":\"SearchAction\",\"target\":{\"@type\":\"EntryPoint\",\"urlTemplate\":\"https:\\\/\\\/wein-werte.com\\\/de\\\/?s={search_term_string}\"},\"query-input\":{\"@type\":\"PropertyValueSpecification\",\"valueRequired\":true,\"valueName\":\"search_term_string\"}}],\"inLanguage\":\"de\"},{\"@type\":\"Organization\",\"@id\":\"https:\\\/\\\/wein-werte.com\\\/de\\\/#organization\",\"name\":\"Vins Fins Thorrold\",\"url\":\"https:\\\/\\\/wein-werte.com\\\/de\\\/\",\"logo\":{\"@type\":\"ImageObject\",\"inLanguage\":\"de\",\"@id\":\"https:\\\/\\\/wein-werte.com\\\/de\\\/#\\\/schema\\\/logo\\\/image\\\/\",\"url\":\"https:\\\/\\\/wein-werte.com\\\/wp-content\\\/uploads\\\/2023\\\/07\\\/Wein_werte_Logo700-1.png\",\"contentUrl\":\"https:\\\/\\\/wein-werte.com\\\/wp-content\\\/uploads\\\/2023\\\/07\\\/Wein_werte_Logo700-1.png\",\"width\":700,\"height\":272,\"caption\":\"Vins Fins Thorrold\"},\"image\":{\"@id\":\"https:\\\/\\\/wein-werte.com\\\/de\\\/#\\\/schema\\\/logo\\\/image\\\/\"}}]}<\/script>\n<!-- \/ Yoast SEO plugin. -->","yoast_head_json":{"title":"Foradori Morei Teroldego 2018, 1500ml","description":"Kaufe Foradori Morei Teroldego 2018 (Teroldego, trocken aus Trentin, Italien) bei Wein Werte, Ihrem nachhaltigen Onlineshop.","robots":{"index":"index","follow":"follow","max-snippet":"max-snippet:-1","max-image-preview":"max-image-preview:large","max-video-preview":"max-video-preview:-1"},"canonical":"https:\/\/wein-werte.com\/de\/produkt\/foradori-morei-teroldego-2018-1500ml\/","og_locale":"de_DE","og_type":"article","og_title":"Foradori Morei Teroldego 2018, 1500ml","og_description":"Kaufe Foradori Morei Teroldego 2018 (Teroldego, trocken aus Trentin, Italien) bei Wein Werte, Ihrem nachhaltigen Onlineshop.","og_url":"https:\/\/wein-werte.com\/de\/produkt\/foradori-morei-teroldego-2018-1500ml\/","og_site_name":"Wein Werte","og_image":[{"width":347,"height":1200,"url":"https:\/\/wein-werte.com\/wp-content\/uploads\/2026\/04\/Foradori-Morei-Teroldego-2018-1500ml.png","type":"image\/png"}],"twitter_card":"summary_large_image","twitter_misc":{"Gesch\u00e4tzte Lesezeit":"2\u00a0Minuten"},"schema":{"@context":"https:\/\/schema.org","@graph":[{"@type":"WebPage","@id":"https:\/\/wein-werte.com\/de\/produkt\/foradori-morei-teroldego-2018-1500ml\/","url":"https:\/\/wein-werte.com\/de\/produkt\/foradori-morei-teroldego-2018-1500ml\/","name":"Foradori Morei Teroldego 2018, 1500ml","isPartOf":{"@id":"https:\/\/wein-werte.com\/de\/#website"},"primaryImageOfPage":{"@id":"https:\/\/wein-werte.com\/de\/produkt\/foradori-morei-teroldego-2018-1500ml\/#primaryimage"},"image":{"@id":"https:\/\/wein-werte.com\/de\/produkt\/foradori-morei-teroldego-2018-1500ml\/#primaryimage"},"thumbnailUrl":"https:\/\/wein-werte.com\/wp-content\/uploads\/2026\/04\/Foradori-Morei-Teroldego-2018-1500ml.png","datePublished":"2026-05-08T18:00:41+00:00","description":"Kaufe Foradori Morei Teroldego 2018 (Teroldego, trocken aus Trentin, Italien) bei Wein Werte, Ihrem nachhaltigen Onlineshop.","breadcrumb":{"@id":"https:\/\/wein-werte.com\/de\/produkt\/foradori-morei-teroldego-2018-1500ml\/#breadcrumb"},"inLanguage":"de","potentialAction":[{"@type":"ReadAction","target":["https:\/\/wein-werte.com\/de\/produkt\/foradori-morei-teroldego-2018-1500ml\/"]}]},{"@type":"ImageObject","inLanguage":"de","@id":"https:\/\/wein-werte.com\/de\/produkt\/foradori-morei-teroldego-2018-1500ml\/#primaryimage","url":"https:\/\/wein-werte.com\/wp-content\/uploads\/2026\/04\/Foradori-Morei-Teroldego-2018-1500ml.png","contentUrl":"https:\/\/wein-werte.com\/wp-content\/uploads\/2026\/04\/Foradori-Morei-Teroldego-2018-1500ml.png","width":347,"height":1200,"caption":"Foradori Morei Teroldego Vigneti delle Dolomiti IGT 2018 1500ml"},{"@type":"BreadcrumbList","@id":"https:\/\/wein-werte.com\/de\/produkt\/foradori-morei-teroldego-2018-1500ml\/#breadcrumb","itemListElement":[{"@type":"ListItem","position":1,"name":"Home","item":"https:\/\/wein-werte.com\/de\/"},{"@type":"ListItem","position":2,"name":"Shop","item":"https:\/\/wein-werte.com\/de\/shop\/"},{"@type":"ListItem","position":3,"name":"Foradori | Trentin | Morei Teroldego Vigneti delle Dolomiti IGT | 2018 | 1500ml | bio"}]},{"@type":"WebSite","@id":"https:\/\/wein-werte.com\/de\/#website","url":"https:\/\/wein-werte.com\/de\/","name":"Wein Werte","description":"","publisher":{"@id":"https:\/\/wein-werte.com\/de\/#organization"},"potentialAction":[{"@type":"SearchAction","target":{"@type":"EntryPoint","urlTemplate":"https:\/\/wein-werte.com\/de\/?s={search_term_string}"},"query-input":{"@type":"PropertyValueSpecification","valueRequired":true,"valueName":"search_term_string"}}],"inLanguage":"de"},{"@type":"Organization","@id":"https:\/\/wein-werte.com\/de\/#organization","name":"Vins Fins Thorrold","url":"https:\/\/wein-werte.com\/de\/","logo":{"@type":"ImageObject","inLanguage":"de","@id":"https:\/\/wein-werte.com\/de\/#\/schema\/logo\/image\/","url":"https:\/\/wein-werte.com\/wp-content\/uploads\/2023\/07\/Wein_werte_Logo700-1.png","contentUrl":"https:\/\/wein-werte.com\/wp-content\/uploads\/2023\/07\/Wein_werte_Logo700-1.png","width":700,"height":272,"caption":"Vins Fins Thorrold"},"image":{"@id":"https:\/\/wein-werte.com\/de\/#\/schema\/logo\/image\/"}}]}},"_links":{"self":[{"href":"https:\/\/wein-werte.com\/de\/wp-json\/wp\/v2\/product\/1129320","targetHints":{"allow":["GET"]}}],"collection":[{"href":"https:\/\/wein-werte.com\/de\/wp-json\/wp\/v2\/product"}],"about":[{"href":"https:\/\/wein-werte.com\/de\/wp-json\/wp\/v2\/types\/product"}],"wp:featuredmedia":[{"embeddable":true,"href":"https:\/\/wein-werte.com\/de\/wp-json\/wp\/v2\/media\/1140748"}],"wp:attachment":[{"href":"https:\/\/wein-werte.com\/de\/wp-json\/wp\/v2\/media?parent=1129320"}],"wp:term":[{"taxonomy":"product_brand","embeddable":true,"href":"https:\/\/wein-werte.com\/de\/wp-json\/wp\/v2\/product_brand?post=1129320"},{"taxonomy":"product_cat","embeddable":true,"href":"https:\/\/wein-werte.com\/de\/wp-json\/wp\/v2\/product_cat?post=1129320"},{"taxonomy":"product_tag","embeddable":true,"href":"https:\/\/wein-werte.com\/de\/wp-json\/wp\/v2\/product_tag?post=1129320"}],"curies":[{"name":"wp","href":"https:\/\/api.w.org\/{rel}","templated":true}]}}